{"id":1000,"date":"2014-12-30T16:08:13","date_gmt":"2014-12-30T15:08:13","guid":{"rendered":"http:\/\/kruste.selfhost.me\/wordpress\/?page_id=1000"},"modified":"2016-04-22T12:55:41","modified_gmt":"2016-04-22T10:55:41","slug":"pulisan-jungle-beach-resort-region-sulawesi","status":"publish","type":"page","link":"http:\/\/kruste.selfhost.me\/wordpress\/?page_id=1000","title":{"rendered":"Pulisan Jungle Beach Resort  (Region Sulawesi)"},"content":{"rendered":"<div id=\"pl-1000\"  class=\"panel-layout\" ><div id=\"pg-1000-0\"  class=\"panel-grid panel-no-style\" ><div id=\"pgc-1000-0-0\"  class=\"panel-grid-cell\" ><div id=\"panel-1000-0-0-0\" class=\"so-panel widget widget_black-studio-tinymce widget_black_studio_tinymce panel-first-child panel-last-child\" data-index=\"0\" ><div class=\"textwidget\"><div class=\"style_SkipStroke_2 shape-with-text flowDefining\">\n<div class=\"text-content style_External_485_494\">\n<div class=\"style\">\u00a0<\/div>\n<div class=\"style\">\n<div class=\"style\">\n<p>Die Anlage ist ca. 90 Auto-Minuten von Manado entfernt und die letzen Meter\u00a0m\u00fcssen per Fussmarsch durch den Dschungel absolviert\u00a0werden (Dauer gut 20 Minuten). Die Koffer werden aber zum Gl\u00fcck von den freundlichen Dorfbewohner getragen, wof\u00fcr nur wenige Cent (0,70 \u20ac) zu bezahlen sind. Ein Koffer \u00fcber 20 kg kostet umgerechnet 1,40 \u20ac.\u00a0<\/p>\n<p>Der Weg durch den dichten Busch verspricht Abenteuerfeeling und wir waren gespannt auf unsere kleine Unterkunft. Leider entsprach diese aber\u00a0nicht unseren Vorstellungen. Das wir keine Dusche haben werden und nur eingeschr\u00e4nkt Strom verf\u00fcgbar\u00a0ist, war uns bekannt. Das es kaum m\u00f6glich war vom Strand ins Meer zu gelangen oder gar zu schnorcheln entt\u00e4uschte mich schon sehr. Das Hausriff wurde im Jahr 2008 durch eine Springflut zerst\u00f6rt und die Auswirkungen waren\u00a0deutlich sichtbar. Eine Information bei der Buchung h\u00e4tte unsere Urlaubspl\u00e4ne sicher ver\u00e4ndert, w\u00e4re aber fair gewesen.<\/p>\n<p>Der Strand vor der Resort\u00a0war\u00a0zudem sehr dreckig und ob dies nur an der Sturmflut lag, wage ich zu bezweifeln. Leider ist Katrin, die Managerin der Anlage, zurzeit nicht vor Ort und die Verst\u00e4ndigung mit dem Personal ist sehr schwierig. Ich glaube, es ist notwendig ein paar Worte indonesisch zu lernen.<\/p>\n<p>Sollte sich das Riff von der Zerst\u00f6rung erholen und die Umgebung etwas vom Unrat\u00a0befreit werden, sodass ein Bad im Meer nicht durch gro\u00dfe Baumst\u00e4mme zum Risiko wird, k\u00f6nnte die Anlage einen neuen Versuch Wert sein. Die Str\u00e4nde und Tauchpl\u00e4tze in der Umgebung sind die sch\u00f6nsten, die ich kenne.<\/p>\n<p>Das die\u00a0Zimmer nicht gut auf Taucher abgestimmt sind und\u00a0zum Beispiel nur eine Steckdose und wenig Ablagem\u00f6glichkeiten bieten,\u00a0ist dabei sicher zu verkraften.<\/p>\n<\/div>\n<p>Wir wagten im Juli 2015 einen weiteren\u00a0Anlauf und besuchten das Pulisan Jungle Resort erneut. Der Strand vor den Bungalows war gepflegt und wurde t\u00e4glich ges\u00e4ubert und wer wollte konnte \u00fcber das Riff zum Schnorcheln. Leider haben auch die Menschen aus Mando den\u00a0traumhaften Turtle Beach am Ende der Pulisan Bucht entdeckt und nun gibt es dort laute Musik und viele, viele Badeg\u00e4ste.<\/p>\n<div class=\"style\">\n<p>\u00a0<\/p>\n<p>\u00a0<\/p>\n<\/div>\n<\/div>\n<\/div>\n<\/div>\n<\/div><\/div><\/div><div id=\"pgc-1000-0-1\"  class=\"panel-grid-cell\" ><div id=\"panel-1000-0-1-0\" class=\"so-panel widget widget_black-studio-tinymce widget_black_studio_tinymce panel-first-child panel-last-child\" data-index=\"1\" ><div class=\"textwidget\"><p><a href=\"http:\/\/kruste.selfhost.me\/wordpress\/wp-content\/uploads\/2014\/12\/IND_3907_p-e1419951839327.jpg\"><img loading=\"lazy\" decoding=\"async\" class=\"alignnone size-full wp-image-1005\" src=\"http:\/\/kruste.selfhost.me\/wordpress\/wp-content\/uploads\/2014\/12\/IND_3907_p-e1419951839327.jpg\" alt=\"IND_3907_p\" width=\"809\" height=\"1218\" srcset=\"http:\/\/kruste.selfhost.me\/wordpress\/wp-content\/uploads\/2014\/12\/IND_3907_p-e1419951839327.jpg 809w, http:\/\/kruste.selfhost.me\/wordpress\/wp-content\/uploads\/2014\/12\/IND_3907_p-e1419951839327-99x150.jpg 99w, http:\/\/kruste.selfhost.me\/wordpress\/wp-content\/uploads\/2014\/12\/IND_3907_p-e1419951839327-199x300.jpg 199w, http:\/\/kruste.selfhost.me\/wordpress\/wp-content\/uploads\/2014\/12\/IND_3907_p-e1419951839327-680x1024.jpg 680w, http:\/\/kruste.selfhost.me\/wordpress\/wp-content\/uploads\/2014\/12\/IND_3907_p-e1419951839327-700x1053.jpg 700w\" sizes=\"auto, (max-width: 809px) 100vw, 809px\" \/><\/a><\/p>\n<\/div><\/div><\/div><\/div><div id=\"pg-1000-1\"  class=\"panel-grid panel-no-style\" ><div id=\"pgc-1000-1-0\"  class=\"panel-grid-cell\" ><div id=\"panel-1000-1-0-0\" class=\"so-panel widget widget_black-studio-tinymce widget_black_studio_tinymce panel-first-child\" data-index=\"2\" ><h3 class=\"widget-title\">Preise:<\/h3><div class=\"textwidget\"><hr \/>\n<ul>\n<li>1 Nacht in Bungalow 60 \u20ac (3 Personen inkl. VP)<br \/>- 2015 kostete der Familienbungalow 90 \u20ac bei einer Belegung mit drei Personen.<\/li>\n<li>Air Asia Flug KL - Manado 170 \u20ac f\u00fcr 3 Personen\u00a0( 4 \u20ac \u00dcbergep\u00e4ck pro Kilo )<br \/>- Air Asia hat die Flugverbindung eingestellt. Silk Air bedient die Strecke Singapur - Manado ab 300 \u20ac return.<\/li>\n<li>Bier gro\u00df 26.000 IDR , klein 15.500 IDR<br \/>- in 2015 lag der Preis f\u00fcr ein gro\u00dfes Bier bei 40.000 IDR. Das kleine Bier wurde mit 28.000 IDR berechnet<\/li>\n<li>Softdrink 5.000 IDR<br \/>- lag 2015 bei 10.000 IDR<\/li>\n<li>Wasser 5.000 IDR<br \/>- 2015 wurden 7.000 IDR auf die Rechnung geschrieben<\/li>\n<li>frische S\u00e4fte 7.500 IDR<\/li>\n<li>Tauchen ca. 27 \u20ac ( ab 10 Dives 26 \u20ac )<\/li>\n<li>Island Hopping 35 \u20ac<\/li>\n<li>Delfintour 40 \u20ac<\/li>\n<li>Dschungeltour 60 \u20ac<\/li>\n<li>Einheimischer Fremdenf\u00fchrer 5\u20ac pro Tour<\/li>\n<li>Angelausflug mit lokalem Fischer von 04:00 Uhr - 10:00 Uhr circa 15,00 \u20ac<\/li>\n<\/ul>\n<\/div><\/div><div id=\"panel-1000-1-0-1\" class=\"so-panel widget widget_black-studio-tinymce widget_black_studio_tinymce\" data-index=\"3\" ><h3 class=\"widget-title\">Kommunikation:<\/h3><div class=\"textwidget\"><div id=\"id4\" class=\"style_SkipStroke_4 shape-with-text\">\n<div class=\"text-content graphic_textbox_layout_style_default_External_138_130\">\n<div class=\"graphic_textbox_layout_style_default\">\n<hr \/>\n<p>Internet und Telefon gab\u00a0es nicht, was uns sehr freute. Ein W\u00f6rterbuch ist n\u00fctzlich und sehr hilfreich. Obwohl sich beide Seiten viel M\u00fche gegeben haben brauchte es doch viel Zeit um zum Fr\u00fchst\u00fcck etwas mehr Butter zu bekommen. Eigentlich hat es richtig Spa\u00df gemacht aber wir brauchten jeden Tag etwas Butter zum Fr\u00fchst\u00fcck.<\/p>\n<p>Im Juli 2015 hat sich nicht viel ge\u00e4ndert. Beide Seiten haben ihre Sprachkenntnisse verbessert und ich kenne jetzt die \u00dcbersetzung von Butter (\u00a0mentega ). Geht doch \ud83d\ude09<\/p>\n<p>\u00a0<\/p>\n<p>\u00a0<\/p>\n<\/div>\n<\/div>\n<\/div>\n<\/div><\/div><div id=\"panel-1000-1-0-2\" class=\"so-panel widget widget_black-studio-tinymce widget_black_studio_tinymce\" data-index=\"4\" ><div class=\"textwidget\"><p><a href=\"http:\/\/kruste.selfhost.me\/wordpress\/wp-content\/uploads\/2014\/12\/IND_3690_p-e1419952006644.jpg\"><img loading=\"lazy\" decoding=\"async\" class=\"alignnone size-full wp-image-1004\" src=\"http:\/\/kruste.selfhost.me\/wordpress\/wp-content\/uploads\/2014\/12\/IND_3690_p-e1419952006644.jpg\" alt=\"IND_3690_p\" width=\"2275\" height=\"437\" srcset=\"http:\/\/kruste.selfhost.me\/wordpress\/wp-content\/uploads\/2014\/12\/IND_3690_p-e1419952006644.jpg 2275w, http:\/\/kruste.selfhost.me\/wordpress\/wp-content\/uploads\/2014\/12\/IND_3690_p-e1419952006644-150x28.jpg 150w, http:\/\/kruste.selfhost.me\/wordpress\/wp-content\/uploads\/2014\/12\/IND_3690_p-e1419952006644-300x57.jpg 300w, http:\/\/kruste.selfhost.me\/wordpress\/wp-content\/uploads\/2014\/12\/IND_3690_p-e1419952006644-1024x196.jpg 1024w, http:\/\/kruste.selfhost.me\/wordpress\/wp-content\/uploads\/2014\/12\/IND_3690_p-e1419952006644-700x134.jpg 700w\" sizes=\"auto, (max-width: 2275px) 100vw, 2275px\" \/><\/a><\/p>\n<\/div><\/div><div id=\"panel-1000-1-0-3\" class=\"so-panel widget widget_black-studio-tinymce widget_black_studio_tinymce\" data-index=\"5\" ><h3 class=\"widget-title\">Anreise:<\/h3><div class=\"textwidget\"><hr \/>\n<p>Hannover - Frankfurt - Kuala Lumpur - Manado - Pulisan<\/p>\n<p>Leider wird die Flugverbindung von Kuala Lumpur nach Manado nicht mehr von der Air Asia angeboten. Silk Air ist die teure aber sichere Alternative. Dann aber ab Singapur.<\/p>\n<p>Im Jahr 2015 erfolgte unsere Anreise per Boot ab Bangka und es ging mit dem Auto zur\u00fcck nach Manado.<\/p>\n<\/div><\/div><div id=\"panel-1000-1-0-4\" class=\"so-panel widget widget_black-studio-tinymce widget_black_studio_tinymce\" data-index=\"6\" ><h3 class=\"widget-title\">Meine Reisezeiten:<\/h3><div class=\"textwidget\"><hr \/>\n<ul>\n<li>M\u00e4rz 2009<\/li>\n<li>Juli 2015<\/li>\n<\/ul>\n<\/div><\/div><div id=\"panel-1000-1-0-5\" class=\"so-panel widget widget_black-studio-tinymce widget_black_studio_tinymce\" data-index=\"7\" ><h3 class=\"widget-title\">Das Wetter:<\/h3><div class=\"textwidget\"><hr \/>\n<p class=\"paragraph_style\">M\u00e4rz\u00a02009<\/p>\n<ul>\n<li>\n<p>Sonnenschein und leichte Bew\u00f6lkung bei 32\u00b0 Tagestemperatur. Nachts gab es kr\u00e4ftigen Regen.<\/p>\n<\/li>\n<\/ul>\n<p>Juli 2015<\/p>\n<ul>\n<li>Wohlf\u00fchltemperaturen um die 30\u00b0C. Kein Regen, kein Wind aber dichte Wolken beim Besuch des Tangkoko\u00a0National Park.<\/li>\n<\/ul>\n<\/div><\/div><div id=\"panel-1000-1-0-6\" class=\"so-panel widget widget_black-studio-tinymce widget_black_studio_tinymce\" data-index=\"8\" ><h3 class=\"widget-title\">Zimmer:<\/h3><div class=\"textwidget\"><hr \/>\n<p>Bungalow mit Mandi (\u00a0Sch\u00f6pf Dusche ). Es ist kein Waschbecken vorhanden und es gibt kein warmes Wasser. Hier helfen Plastikflaschen mit Wasser gef\u00fcllt, die wir in die Sonne gelegt haben. Die Zimmer sind einfach aber sauber und mit Moskitonetz ausgestattet.<\/p>\n<\/div><\/div><div id=\"panel-1000-1-0-7\" class=\"so-panel widget widget_black-studio-tinymce widget_black_studio_tinymce\" data-index=\"9\" ><div class=\"textwidget\"><p><a href=\"http:\/\/kruste.selfhost.me\/wordpress\/wp-content\/uploads\/2014\/12\/IND_4301-e1419951954526.jpg\"><img loading=\"lazy\" decoding=\"async\" class=\"alignnone size-full wp-image-1001\" src=\"http:\/\/kruste.selfhost.me\/wordpress\/wp-content\/uploads\/2014\/12\/IND_4301-e1419951954526.jpg\" alt=\"IND_4301\" width=\"2609\" height=\"361\" srcset=\"http:\/\/kruste.selfhost.me\/wordpress\/wp-content\/uploads\/2014\/12\/IND_4301-e1419951954526.jpg 2609w, http:\/\/kruste.selfhost.me\/wordpress\/wp-content\/uploads\/2014\/12\/IND_4301-e1419951954526-150x20.jpg 150w, http:\/\/kruste.selfhost.me\/wordpress\/wp-content\/uploads\/2014\/12\/IND_4301-e1419951954526-300x41.jpg 300w, http:\/\/kruste.selfhost.me\/wordpress\/wp-content\/uploads\/2014\/12\/IND_4301-e1419951954526-1024x141.jpg 1024w, http:\/\/kruste.selfhost.me\/wordpress\/wp-content\/uploads\/2014\/12\/IND_4301-e1419951954526-700x96.jpg 700w\" sizes=\"auto, (max-width: 2609px) 100vw, 2609px\" \/><\/a><\/p>\n<\/div><\/div><div id=\"panel-1000-1-0-8\" class=\"so-panel widget widget_black-studio-tinymce widget_black_studio_tinymce\" data-index=\"10\" ><h3 class=\"widget-title\">K\u00fcche \/ Restaurant:<\/h3><div class=\"textwidget\"><hr \/>\n<p>Einfache aber sehr sehr leckere K\u00fcche. Das Fr\u00fchst\u00fcck ist recht\u00a0\u00fcbersichtlich und die t\u00e4gliche Frage nach etwas mehr Butter ist kompliziert . Es gibt aber selbst gemachte Marmelade.<\/p>\n<p>Alles ist frisch, da es keinen K\u00fchlschrank gibt.<\/p>\n<\/div><\/div><div id=\"panel-1000-1-0-9\" class=\"so-panel widget widget_black-studio-tinymce widget_black_studio_tinymce\" data-index=\"11\" ><h3 class=\"widget-title\">Personal:<\/h3><div class=\"textwidget\"><hr \/><p>Freundlich aber ohne weitere Sprachkenntnisse. Die Verst\u00e4ndigung ist teilweise sehr schwierig und nur auf indonesisch m\u00f6glich. Alle geben sich gr\u00f6\u00dfte M\u00fche und zum Schluss bekommen wir alles was wir brauchen oder warten halt etwas ab. Vieles kl\u00e4rt sich von selbst.<\/p><p>\u00a0<\/p><p>\u00a0<\/p><\/div><\/div><div id=\"panel-1000-1-0-10\" class=\"so-panel widget widget_black-studio-tinymce widget_black_studio_tinymce\" data-index=\"12\" ><h3 class=\"widget-title\">Aktivit\u00e4ten:<\/h3><div class=\"textwidget\"><hr \/>\n<p>Tauchen, Ausfl\u00fcge in den Dschungel oder eine Angeltour mit dem lokalen Fischer.<\/p>\n<p>Die Str\u00e4nde in der Umgebung sind perfekt und k\u00f6nnen es zum Teil gut mit denen der Seychellen aufnehmen ( Soweit nicht durch Tagesausfl\u00fcgler \u00fcberflutet wie am Turtle Beach ).<br \/>Das war einmal \"mein\" Traumstrand.<\/p>\n<\/div><\/div><div id=\"panel-1000-1-0-11\" class=\"so-panel widget widget_black-studio-tinymce widget_black_studio_tinymce\" data-index=\"13\" ><div class=\"textwidget\"><p><a href=\"http:\/\/kruste.selfhost.me\/wordpress\/wp-content\/uploads\/2014\/12\/IND_4829-e1419951902403.jpg\"><img loading=\"lazy\" decoding=\"async\" class=\"alignnone size-full wp-image-1002\" src=\"http:\/\/kruste.selfhost.me\/wordpress\/wp-content\/uploads\/2014\/12\/IND_4829-e1419951902403.jpg\" alt=\"IND_4829\" width=\"2904\" height=\"341\" srcset=\"http:\/\/kruste.selfhost.me\/wordpress\/wp-content\/uploads\/2014\/12\/IND_4829-e1419951902403.jpg 2904w, http:\/\/kruste.selfhost.me\/wordpress\/wp-content\/uploads\/2014\/12\/IND_4829-e1419951902403-150x17.jpg 150w, http:\/\/kruste.selfhost.me\/wordpress\/wp-content\/uploads\/2014\/12\/IND_4829-e1419951902403-300x35.jpg 300w, http:\/\/kruste.selfhost.me\/wordpress\/wp-content\/uploads\/2014\/12\/IND_4829-e1419951902403-1024x120.jpg 1024w, http:\/\/kruste.selfhost.me\/wordpress\/wp-content\/uploads\/2014\/12\/IND_4829-e1419951902403-700x82.jpg 700w\" sizes=\"auto, (max-width: 2904px) 100vw, 2904px\" \/><\/a><\/p>\n<\/div><\/div><div id=\"panel-1000-1-0-12\" class=\"so-panel widget widget_black-studio-tinymce widget_black_studio_tinymce panel-last-child\" data-index=\"14\" ><h3 class=\"widget-title\">Tipps:<\/h3><div class=\"textwidget\"><hr \/>\n<ul>\n<li>Taschenlampe nicht vergessen<\/li>\n<li>Nur Bargeld wird akzeptiert\u00a0( Katrin l\u00e4sst sich aber zum Gl\u00fcck auf eine \u00dcberweisung ein )<br \/>- 2015 gab es ein Kreditkartenterminal an der ersten Palme vor dem Resort ( netter Platz zum Bezahlen )<\/li>\n<li>Wer einmal morgens um 04:00 Uhr mit dem Fischemann einen Kaffee getrunken hat bevor die Fahrt zum Angeln startet kann erahnen, wie das Leben fr\u00fcher einmal war. Die kleine H\u00fctte f\u00fcr die ganze Familie, das Licht der Petroleumlampe und der kleine Shop f\u00fcr die Bonbons beeindrucken mich sehr. Wir besuchten diesen Platz sp\u00e4ter erneut\u00a0um unseren Angelk\u00f6der aus Plastik zu verschenken, trafen den Fischersmann aber nicht an. So legten wir das Geschenk unter den Kinderwagen und hofften, dass er den richtigen Besitzer finden w\u00fcrden. Bei unserer Abreise stand der Fischermann vor uns und bedankte sich mit einem breiten Lachen auf den Lippen. Wie gerne habe ich Ihm diesen Haken geschenkt !<\/li>\n<\/ul>\n<\/div><\/div><\/div><\/div><div id=\"pg-1000-2\"  class=\"panel-grid panel-no-style\" ><div id=\"pgc-1000-2-0\"  class=\"panel-grid-cell\" ><div id=\"panel-1000-2-0-0\" class=\"so-panel widget widget_black-studio-tinymce widget_black_studio_tinymce panel-first-child\" data-index=\"15\" ><h3 class=\"widget-title\">Klartext:<\/h3><div class=\"textwidget\"><hr \/>\n<ul>\n<li>Durch eine\u00a0Springflut waren Hausriff und Strand v\u00f6llig zerst\u00f6rt. Leider wurden wir bei unserer Buchung nicht auf diesen Umstand hingewiesen. Ich habe versucht vor dem Resort zu baden, musste dies aber wegen der vielen im Meer treibenden Baumst\u00e4mme abbrechen. Es war zu gef\u00e4hrlich, denn die Wellen machten jeden gro\u00dfen Ast zu einem Risiko.<\/li>\n<li>Es gab im ganzen Resort nur eine einzige Liege. Ob dieses \"Ding\" als Liege bezeichnet werden konnte bleibt jedem selbst \u00fcberlassen.<br \/>- Hier gab es Zuwachs. Mehr Liegen, die aber schwer zu bewegen sind und bequem geht anders.<\/li>\n<li>Der M\u00fcll am Strand \u00a0ist ein Problem. Mehr f\u00fcr mich, denn die Bewohner nutzen ihn um zum Beispiel \"neue\" Badeschuhe zu bekommen.<br \/>- Die Sch\u00e4den der Springflut wurden beseitigt und der Strand wird jetzt t\u00e4glich ges\u00e4ubert.<\/li>\n<li>Auf Grund der beschriebenen Umst\u00e4nde verk\u00fcrzten wir unseren Aufenthalt im Pulisan Resort. Unser\u00a0Dank geht\u00a0dabei an Katrin, die sich sehr kulant zeigte und an die Tauchschule, dank der wir alle Hotels in der Region besuchen konnten ( die besten Deko Stopps ever )<\/li>\n<li>Leider wurde das gro\u00dfe und bequeme Tauchboot aus Holz durch ein kleines Boot aus Fieberglas ersetzt. F\u00fcr uns ein Grund keine Tauchfahrten in die entfernte Lembeh Strait zu unternehmen. Schade, ich hatte mich sehr darauf gefreut.<\/li>\n<\/ul>\n<p>\u00a0<\/p>\n<\/div><\/div><div id=\"panel-1000-2-0-1\" class=\"so-panel widget widget_black-studio-tinymce widget_black_studio_tinymce panel-last-child\" data-index=\"16\" ><div class=\"textwidget\"><p><a href=\"http:\/\/kruste.selfhost.me\/wordpress\/wp-content\/uploads\/2014\/12\/IND_3573_p-e1419952050440.jpg\"><img loading=\"lazy\" decoding=\"async\" class=\"alignnone size-full wp-image-1003\" src=\"http:\/\/kruste.selfhost.me\/wordpress\/wp-content\/uploads\/2014\/12\/IND_3573_p-e1419952050440.jpg\" alt=\"IND_3573_p\" width=\"2464\" height=\"401\" srcset=\"http:\/\/kruste.selfhost.me\/wordpress\/wp-content\/uploads\/2014\/12\/IND_3573_p-e1419952050440.jpg 2464w, http:\/\/kruste.selfhost.me\/wordpress\/wp-content\/uploads\/2014\/12\/IND_3573_p-e1419952050440-150x24.jpg 150w, http:\/\/kruste.selfhost.me\/wordpress\/wp-content\/uploads\/2014\/12\/IND_3573_p-e1419952050440-300x48.jpg 300w, http:\/\/kruste.selfhost.me\/wordpress\/wp-content\/uploads\/2014\/12\/IND_3573_p-e1419952050440-1024x166.jpg 1024w, http:\/\/kruste.selfhost.me\/wordpress\/wp-content\/uploads\/2014\/12\/IND_3573_p-e1419952050440-700x113.jpg 700w\" sizes=\"auto, (max-width: 2464px) 100vw, 2464px\" \/><\/a><\/p>\n<\/div><\/div><\/div><\/div><\/div>","protected":false},"excerpt":{"rendered":"<p>\u00a0Die Anlage ist ca. 90 Auto-Minuten von Manado entfernt und die letzen Meter\u00a0m\u00fcssen per Fussmarsch durch den Dschungel absolviert\u00a0werden (Dauer gut 20 Minuten). Die Koffer<\/p>\n","protected":false},"author":1,"featured_media":0,"parent":977,"menu_order":0,"comment_status":"closed","ping_status":"closed","template":"","meta":{"footnotes":""},"class_list":["post-1000","page","type-page","status-publish","hentry"],"_links":{"self":[{"href":"http:\/\/kruste.selfhost.me\/wordpress\/index.php?rest_route=\/wp\/v2\/pages\/1000","targetHints":{"allow":["GET"]}}],"collection":[{"href":"http:\/\/kruste.selfhost.me\/wordpress\/index.php?rest_route=\/wp\/v2\/pages"}],"about":[{"href":"http:\/\/kruste.selfhost.me\/wordpress\/index.php?rest_route=\/wp\/v2\/types\/page"}],"author":[{"embeddable":true,"href":"http:\/\/kruste.selfhost.me\/wordpress\/index.php?rest_route=\/wp\/v2\/users\/1"}],"replies":[{"embeddable":true,"href":"http:\/\/kruste.selfhost.me\/wordpress\/index.php?rest_route=%2Fwp%2Fv2%2Fcomments&post=1000"}],"version-history":[{"count":1,"href":"http:\/\/kruste.selfhost.me\/wordpress\/index.php?rest_route=\/wp\/v2\/pages\/1000\/revisions"}],"predecessor-version":[{"id":2164,"href":"http:\/\/kruste.selfhost.me\/wordpress\/index.php?rest_route=\/wp\/v2\/pages\/1000\/revisions\/2164"}],"up":[{"embeddable":true,"href":"http:\/\/kruste.selfhost.me\/wordpress\/index.php?rest_route=\/wp\/v2\/pages\/977"}],"wp:attachment":[{"href":"http:\/\/kruste.selfhost.me\/wordpress\/index.php?rest_route=%2Fwp%2Fv2%2Fmedia&parent=1000"}],"curies":[{"name":"wp","href":"https:\/\/api.w.org\/{rel}","templated":true}]}}