{"id":1049,"date":"2014-12-31T11:17:18","date_gmt":"2014-12-31T10:17:18","guid":{"rendered":"http:\/\/kruste.selfhost.me\/wordpress\/?page_id=1049"},"modified":"2016-04-22T12:51:45","modified_gmt":"2016-04-22T10:51:45","slug":"black-sand-beach-resort-region-sulawesi","status":"publish","type":"page","link":"http:\/\/kruste.selfhost.me\/wordpress\/?page_id=1049","title":{"rendered":"Black Sand Beach Resort  (Region Sulawesi)"},"content":{"rendered":"<div id=\"pl-1049\"  class=\"panel-layout\" ><div id=\"pg-1049-0\"  class=\"panel-grid panel-no-style\" ><div id=\"pgc-1049-0-0\"  class=\"panel-grid-cell\" ><div id=\"panel-1049-0-0-0\" class=\"so-panel widget widget_black-studio-tinymce widget_black_studio_tinymce panel-first-child panel-last-child\" data-index=\"0\" ><div class=\"textwidget\"><div class=\"style_SkipStroke_2 shape-with-text flowDefining\">\n<div class=\"text-content style_External_485_494\">\n<div class=\"style\">\u00a0<\/div>\n<div class=\"style\">\n<div class=\"style\">\n<p>Die Bungalows des Black Sand Beach Resort liegen wundersch\u00f6n an einem kleinen Hang und bieten einen tollen Blick auf den alten Baumbestand und einen\u00a0Strand mit wirklich pechschwarzen Sand. Wir sind zuf\u00e4llig auf diese Unterkunft gesto\u00dfen, da wir das Pulisan Resort vorzeitig verlassen hatten.<\/p>\n<p>Dank der Tauchschule des Pulisan konnten wir w\u00e4hrend unserer\u00a0Deko Pausen viele Hotels in dieser Region besuchen und das Black Sand gefiel mir auf anhieb. Die kleine Bucht bot sich f\u00fcr entspannte Tauchg\u00e4nge an und die f\u00fcr mich besten Tauchpl\u00e4tze der Lembeh Street liegen direkt vor der T\u00fcr. Ein richtiger Gl\u00fccksgriff.<\/p>\n<p>Wie sich herausstellte waren wir zu diesem Zeitpunkt die einzigen G\u00e4ste im \"Black Sand\" und so erhielten wir einen\u00a0Bungalow mit riesigem Doppelbett von dem aus der Blick zum Meer m\u00f6glich war. Die Terrassent\u00fcr hatte eine unbeschreibliche Gr\u00f6\u00dfe und wenn diese zur Seite geklappt wurde f\u00fchlte man sich wie im Garten Eden.<\/p>\n<p>So konnte jeder Tag starten, der Blick vom Bett auf das Meer, ein Tauchgang mit vielen Critters und das warme Wasser beim Duschen im nach oben offenen Badezimmer. Wer die etwas speziellen Tauchpl\u00e4tze der Lembeh Street mag findet im Black Sand Beach Resort eine wundersch\u00f6ne Bleibe f\u00fcr entspannte Tage.<\/p>\n<\/div>\n<\/div>\n<\/div>\n<\/div>\n<\/div><\/div><\/div><div id=\"pgc-1049-0-1\"  class=\"panel-grid-cell\" ><div id=\"panel-1049-0-1-0\" class=\"so-panel widget widget_black-studio-tinymce widget_black_studio_tinymce panel-first-child panel-last-child\" data-index=\"1\" ><div class=\"textwidget\"><p><a href=\"http:\/\/kruste.selfhost.me\/wordpress\/wp-content\/uploads\/2014\/12\/IND_3692_p-e1420020874587.jpg\"><img loading=\"lazy\" decoding=\"async\" class=\"alignnone size-full wp-image-1050\" src=\"http:\/\/kruste.selfhost.me\/wordpress\/wp-content\/uploads\/2014\/12\/IND_3692_p-e1420020874587.jpg\" alt=\"IND_3692_p\" width=\"946\" height=\"1055\" srcset=\"http:\/\/kruste.selfhost.me\/wordpress\/wp-content\/uploads\/2014\/12\/IND_3692_p-e1420020874587.jpg 946w, http:\/\/kruste.selfhost.me\/wordpress\/wp-content\/uploads\/2014\/12\/IND_3692_p-e1420020874587-134x150.jpg 134w, http:\/\/kruste.selfhost.me\/wordpress\/wp-content\/uploads\/2014\/12\/IND_3692_p-e1420020874587-269x300.jpg 269w, http:\/\/kruste.selfhost.me\/wordpress\/wp-content\/uploads\/2014\/12\/IND_3692_p-e1420020874587-918x1024.jpg 918w, http:\/\/kruste.selfhost.me\/wordpress\/wp-content\/uploads\/2014\/12\/IND_3692_p-e1420020874587-700x780.jpg 700w\" sizes=\"auto, (max-width: 946px) 100vw, 946px\" \/><\/a><\/p>\n<\/div><\/div><\/div><\/div><div id=\"pg-1049-1\"  class=\"panel-grid panel-no-style\" ><div id=\"pgc-1049-1-0\"  class=\"panel-grid-cell\" ><div id=\"panel-1049-1-0-0\" class=\"so-panel widget widget_black-studio-tinymce widget_black_studio_tinymce panel-first-child\" data-index=\"2\" ><div class=\"textwidget\"><p>Ach ja, da war doch noch etwas mit den entspannten Tagen. In der n\u00e4heren Umgebung gibt es ein kleines Dorf, welches man unbedingt einmal besuchen muss. Die Einwohner sind sehr freundlich und lassen einen Blick in Ihr\u00a0t\u00e4gliches Leben zu. Auch wer kein so gro\u00dfes Interesse am Leben der Dorfbewohner hat wird sich die riesigen Musikboxen einmal anschauen wollen, die am Morgen den Wecker ersetzten.<\/p>\n<\/div><\/div><div id=\"panel-1049-1-0-1\" class=\"so-panel widget widget_black-studio-tinymce widget_black_studio_tinymce\" data-index=\"3\" ><h3 class=\"widget-title\">Preise:<\/h3><div class=\"textwidget\"><hr \/>\n<ul>\n<li>1 Nacht in Bungalow 100 US$ p.P. \u20ac (inkl. VP)<\/li>\n<li>Einzelbelegung 140 US$<\/li>\n<li>bei mehr als 8 \u00dcbernachtungen 90 US$ bzw. 130 US$<\/li>\n<li>Zustellbett 60 US$<\/li>\n<li>Bier gro\u00df 35.000 IDR *<\/li>\n<li>Softdrink 15.000 IDR *<\/li>\n<\/ul>\n<p>* Getr\u00e4nke m\u00fcssen noch mit 21 % besteuert werden.<\/p>\n<p>( Es gibt g\u00fcnstigere Pl\u00e4tze in dieser Region doch der Preis war f\u00fcr das Gebotene angemessen )<\/p>\n<\/div><\/div><div id=\"panel-1049-1-0-2\" class=\"so-panel widget widget_black-studio-tinymce widget_black_studio_tinymce\" data-index=\"4\" ><h3 class=\"widget-title\">Kommunikation:<\/h3><div class=\"textwidget\"><div id=\"id4\" class=\"style_SkipStroke_4 shape-with-text\">\n<div class=\"text-content graphic_textbox_layout_style_default_External_138_130\">\n<div class=\"graphic_textbox_layout_style_default\">\n<hr \/>\n<p>Wir haben nicht nach einem Telefon gefragt. Einen Zugang zum Internet gab es f\u00fcr G\u00e4ste nicht.<\/p>\n<\/div>\n<\/div>\n<\/div>\n<\/div><\/div><div id=\"panel-1049-1-0-3\" class=\"so-panel widget widget_black-studio-tinymce widget_black_studio_tinymce\" data-index=\"5\" ><div class=\"textwidget\"><p><a href=\"http:\/\/kruste.selfhost.me\/wordpress\/wp-content\/uploads\/2014\/12\/IND_5959-e1420020920987.jpg\"><img loading=\"lazy\" decoding=\"async\" class=\"alignnone size-full wp-image-1053\" src=\"http:\/\/kruste.selfhost.me\/wordpress\/wp-content\/uploads\/2014\/12\/IND_5959-e1420020920987.jpg\" alt=\"IND_5959\" width=\"2910\" height=\"341\" srcset=\"http:\/\/kruste.selfhost.me\/wordpress\/wp-content\/uploads\/2014\/12\/IND_5959-e1420020920987.jpg 2910w, http:\/\/kruste.selfhost.me\/wordpress\/wp-content\/uploads\/2014\/12\/IND_5959-e1420020920987-150x17.jpg 150w, http:\/\/kruste.selfhost.me\/wordpress\/wp-content\/uploads\/2014\/12\/IND_5959-e1420020920987-300x35.jpg 300w, http:\/\/kruste.selfhost.me\/wordpress\/wp-content\/uploads\/2014\/12\/IND_5959-e1420020920987-1024x119.jpg 1024w, http:\/\/kruste.selfhost.me\/wordpress\/wp-content\/uploads\/2014\/12\/IND_5959-e1420020920987-700x82.jpg 700w\" sizes=\"auto, (max-width: 2910px) 100vw, 2910px\" \/><\/a><\/p>\n<\/div><\/div><div id=\"panel-1049-1-0-4\" class=\"so-panel widget widget_black-studio-tinymce widget_black_studio_tinymce\" data-index=\"6\" ><h3 class=\"widget-title\">Anreise:<\/h3><div class=\"textwidget\"><hr \/>\n<p>Wir erreichten das Black Sand Beach Resort per Boot vom Pulisa Jungle Beach Resort aus. Eine gute Alternative zum Auto. So konnten wir noch zwei sch\u00f6ne Tauchg\u00e4nge durchf\u00fchren und verschenkten keinen Urlaubstag.<\/p>\n<\/div><\/div><div id=\"panel-1049-1-0-5\" class=\"so-panel widget widget_black-studio-tinymce widget_black_studio_tinymce\" data-index=\"7\" ><h3 class=\"widget-title\">Meine Reisezeiten:<\/h3><div class=\"textwidget\"><hr \/>\n<ul>\n<li>April\u00a02009<\/li>\n<\/ul>\n<\/div><\/div><div id=\"panel-1049-1-0-6\" class=\"so-panel widget widget_black-studio-tinymce widget_black_studio_tinymce\" data-index=\"8\" ><h3 class=\"widget-title\">Das Wetter:<\/h3><div class=\"textwidget\"><hr \/>\n<p class=\"paragraph_style\">April\u00a02009<\/p>\n<ul>\n<li>\n<p>Sonnenschein und leichte Bew\u00f6lkung bei circa 32\u00b0 Tagestemperatur. Es war windstill und schw\u00fcl an den letzten Tagen.<\/p>\n<p>\u00a0<\/p>\n<\/li>\n<\/ul>\n<\/div><\/div><div id=\"panel-1049-1-0-7\" class=\"so-panel widget widget_black-studio-tinymce widget_black_studio_tinymce\" data-index=\"9\" ><h3 class=\"widget-title\">Zimmer:<\/h3><div class=\"textwidget\"><hr \/>\n<p>Ein Bungalow mit sehr sch\u00f6nem Blick auf die Bucht und den Wald. Ein gelungenes Bad, eine Veranda mit gro\u00dfer Schiebet\u00fcr zum Zimmer. Geschmackvoll eingerichtet. Nach den Tagen im Pulisan wirklicher Luxus doch der Vergleich z\u00e4hlt nicht. Das Pulisan ist um ein Vielfaches g\u00fcnstiger.<\/p>\n<\/div><\/div><div id=\"panel-1049-1-0-8\" class=\"so-panel widget widget_black-studio-tinymce widget_black_studio_tinymce\" data-index=\"10\" ><div class=\"textwidget\"><p><a href=\"http:\/\/kruste.selfhost.me\/wordpress\/wp-content\/uploads\/2014\/12\/IND_4099_p-e1420023697215.jpg\"><img loading=\"lazy\" decoding=\"async\" class=\"alignnone wp-image-1057 size-full\" src=\"http:\/\/kruste.selfhost.me\/wordpress\/wp-content\/uploads\/2014\/12\/IND_4099_p-e1420023697215.jpg\" alt=\"\" width=\"2828\" height=\"353\" srcset=\"http:\/\/kruste.selfhost.me\/wordpress\/wp-content\/uploads\/2014\/12\/IND_4099_p-e1420023697215.jpg 2828w, http:\/\/kruste.selfhost.me\/wordpress\/wp-content\/uploads\/2014\/12\/IND_4099_p-e1420023697215-150x18.jpg 150w, http:\/\/kruste.selfhost.me\/wordpress\/wp-content\/uploads\/2014\/12\/IND_4099_p-e1420023697215-300x37.jpg 300w, http:\/\/kruste.selfhost.me\/wordpress\/wp-content\/uploads\/2014\/12\/IND_4099_p-e1420023697215-1024x127.jpg 1024w, http:\/\/kruste.selfhost.me\/wordpress\/wp-content\/uploads\/2014\/12\/IND_4099_p-e1420023697215-700x87.jpg 700w\" sizes=\"auto, (max-width: 2828px) 100vw, 2828px\" \/><\/a><\/p>\n<\/div><\/div><div id=\"panel-1049-1-0-9\" class=\"so-panel widget widget_black-studio-tinymce widget_black_studio_tinymce\" data-index=\"11\" ><h3 class=\"widget-title\">K\u00fcche \/ Restaurant:<\/h3><div class=\"textwidget\"><hr \/>\n<p>Die Wahl des Essen erfolgt am Vortag. Fisch, Huhn, Fleisch und Pasta stehen auf dem Programm. Es werden drei G\u00e4nge serviert, die alle sehr k\u00f6stlich sind und auch f\u00fcr das Auge hergerichtet wurden. Wasser, Kaffee und Tee sind inklusive.<\/p>\n<\/div><\/div><div id=\"panel-1049-1-0-10\" class=\"so-panel widget widget_black-studio-tinymce widget_black_studio_tinymce\" data-index=\"12\" ><h3 class=\"widget-title\">Personal:<\/h3><div class=\"textwidget\"><hr \/><p>Es sind alle sehr freundlich und nach dem Pulisan Resort freut man sich, wenn englisch gesprochen wird. Auch sonst gibt es keinen Grund zur Klage. Bei Bummel durch das<i>\u00a0Dorf wurden wir begleitet.\u00a0<\/i><i>Getr\u00e4nke und Kerzen werden auf das Zimmer gebracht. Moskitokeulen werden zum Abend angez\u00fcndet.<\/i><\/p><p>Sehr sch\u00f6n.\u00a0<\/p><p>\u00a0<\/p><\/div><\/div><div id=\"panel-1049-1-0-11\" class=\"so-panel widget widget_black-studio-tinymce widget_black_studio_tinymce\" data-index=\"13\" ><h3 class=\"widget-title\">Aktivit\u00e4ten:<\/h3><div class=\"textwidget\"><hr \/>\n<p>Es ist ein Resort, bei dem die Tauchg\u00e4nge im Vordergrund stehen. Die Anlage ist sehr gut auf die Bed\u00fcrfnisse der Taucher abgestimmt. Kleinere Ausfl\u00fcge k\u00f6nnen aber trotzdem unternommen werden.<\/p>\n<\/div><\/div><div id=\"panel-1049-1-0-12\" class=\"so-panel widget widget_black-studio-tinymce widget_black_studio_tinymce panel-last-child\" data-index=\"14\" ><h3 class=\"widget-title\">Tipps:<\/h3><div class=\"textwidget\"><hr \/>\n<ul>\n<li>Der Kaffee am Morgen auf der Veranda\u00a0<\/li>\n<li>Tauchg\u00e4nge mit viel Zeit f\u00fcr sch\u00f6ne Fotos<\/li>\n<li>Es wird nur Bargeld akzeptiert<\/li>\n<li>21 % Steuer beachten<\/li>\n<\/ul>\n<\/div><\/div><\/div><\/div><div id=\"pg-1049-2\"  class=\"panel-grid panel-no-style\" ><div id=\"pgc-1049-2-0\"  class=\"panel-grid-cell\" ><div id=\"panel-1049-2-0-0\" class=\"so-panel widget widget_black-studio-tinymce widget_black_studio_tinymce panel-first-child\" data-index=\"15\" ><h3 class=\"widget-title\">Klartext:<\/h3><div class=\"textwidget\"><hr \/>\n<ul>\n<li>\n<p>Das Essen ist sehr gut aber leider fehlt es dem Restaurant an Gem\u00fctlichkeit. Man hat das Gef\u00fchl als s\u00e4\u00dfe man in einer Vorhalle.<\/p>\n<\/li>\n<li>Es gibt keinen \"Treffpunkt\" in dieser Anlage. Eine Bar oder die gem\u00fctliche Sitzecke fehlen g\u00e4nzlich.<\/li>\n<li>Zum Teil fehlen bestimmte Getr\u00e4nke oder sind warm. Das ist aber alles verschmerzbar.<\/li>\n<\/ul>\n<p>\u00a0<\/p>\n<\/div><\/div><div id=\"panel-1049-2-0-1\" class=\"so-panel widget widget_black-studio-tinymce widget_black_studio_tinymce panel-last-child\" data-index=\"16\" ><div class=\"textwidget\"><p><a href=\"http:\/\/kruste.selfhost.me\/wordpress\/wp-content\/uploads\/2014\/12\/IND_4472_p-e1420023973334.jpg\"><img loading=\"lazy\" decoding=\"async\" class=\"alignnone size-full wp-image-1059\" src=\"http:\/\/kruste.selfhost.me\/wordpress\/wp-content\/uploads\/2014\/12\/IND_4472_p-e1420023973334.jpg\" alt=\"IND_4472_p\" width=\"2604\" height=\"365\" srcset=\"http:\/\/kruste.selfhost.me\/wordpress\/wp-content\/uploads\/2014\/12\/IND_4472_p-e1420023973334.jpg 2604w, http:\/\/kruste.selfhost.me\/wordpress\/wp-content\/uploads\/2014\/12\/IND_4472_p-e1420023973334-150x21.jpg 150w, http:\/\/kruste.selfhost.me\/wordpress\/wp-content\/uploads\/2014\/12\/IND_4472_p-e1420023973334-300x42.jpg 300w, http:\/\/kruste.selfhost.me\/wordpress\/wp-content\/uploads\/2014\/12\/IND_4472_p-e1420023973334-1024x143.jpg 1024w, http:\/\/kruste.selfhost.me\/wordpress\/wp-content\/uploads\/2014\/12\/IND_4472_p-e1420023973334-700x98.jpg 700w\" sizes=\"auto, (max-width: 2604px) 100vw, 2604px\" \/><\/a><\/p>\n<\/div><\/div><\/div><\/div><\/div>","protected":false},"excerpt":{"rendered":"<p>\u00a0Die Bungalows des Black Sand Beach Resort liegen wundersch\u00f6n an einem kleinen Hang und bieten einen tollen Blick auf den alten Baumbestand und einen\u00a0Strand mit<\/p>\n","protected":false},"author":1,"featured_media":0,"parent":977,"menu_order":0,"comment_status":"closed","ping_status":"closed","template":"","meta":{"footnotes":""},"class_list":["post-1049","page","type-page","status-publish","hentry"],"_links":{"self":[{"href":"http:\/\/kruste.selfhost.me\/wordpress\/index.php?rest_route=\/wp\/v2\/pages\/1049","targetHints":{"allow":["GET"]}}],"collection":[{"href":"http:\/\/kruste.selfhost.me\/wordpress\/index.php?rest_route=\/wp\/v2\/pages"}],"about":[{"href":"http:\/\/kruste.selfhost.me\/wordpress\/index.php?rest_route=\/wp\/v2\/types\/page"}],"author":[{"embeddable":true,"href":"http:\/\/kruste.selfhost.me\/wordpress\/index.php?rest_route=\/wp\/v2\/users\/1"}],"replies":[{"embeddable":true,"href":"http:\/\/kruste.selfhost.me\/wordpress\/index.php?rest_route=%2Fwp%2Fv2%2Fcomments&post=1049"}],"version-history":[{"count":1,"href":"http:\/\/kruste.selfhost.me\/wordpress\/index.php?rest_route=\/wp\/v2\/pages\/1049\/revisions"}],"predecessor-version":[{"id":2162,"href":"http:\/\/kruste.selfhost.me\/wordpress\/index.php?rest_route=\/wp\/v2\/pages\/1049\/revisions\/2162"}],"up":[{"embeddable":true,"href":"http:\/\/kruste.selfhost.me\/wordpress\/index.php?rest_route=\/wp\/v2\/pages\/977"}],"wp:attachment":[{"href":"http:\/\/kruste.selfhost.me\/wordpress\/index.php?rest_route=%2Fwp%2Fv2%2Fmedia&parent=1049"}],"curies":[{"name":"wp","href":"https:\/\/api.w.org\/{rel}","templated":true}]}}