{"id":108,"date":"2014-10-26T09:25:47","date_gmt":"2014-10-26T07:25:47","guid":{"rendered":"http:\/\/192.168.1.106\/wordpress\/?page_id=108"},"modified":"2025-12-19T18:40:10","modified_gmt":"2025-12-19T16:40:10","slug":"suedafrika_2","status":"publish","type":"page","link":"http:\/\/kruste.selfhost.me\/wordpress\/?page_id=108","title":{"rendered":"S\u00fcdafrika"},"content":{"rendered":"<div id=\"pl-108\"  class=\"panel-layout\" ><div id=\"pg-108-0\"  class=\"panel-grid panel-no-style\" ><div id=\"pgc-108-0-0\"  class=\"panel-grid-cell\" ><div id=\"panel-108-0-0-1\" class=\"so-panel widget widget_black-studio-tinymce widget_black_studio_tinymce\" data-index=\"1\" ><div class=\"textwidget\"><div class=\"style\">\n<p class=\"paragraph_style\"><span class=\"style_1\"><strong>L\u00e4ndername:<\/strong><br \/>\n<\/span><\/p>\n<p class=\"paragraph_style\">Republik S\u00fcdafrika (Republic of South Africa)<\/p>\n<p class=\"paragraph_style\"><strong><span class=\"style_3\">Flagge:<\/span><\/strong><\/p>\n<p class=\"paragraph_style\"><a href=\"http:\/\/kruste.selfhost.me\/wordpress\/wp-content\/uploads\/2014\/11\/suedafrika.jpg\"><img loading=\"lazy\" decoding=\"async\" class=\"alignnone size-full wp-image-608\" src=\"http:\/\/kruste.selfhost.me\/wordpress\/wp-content\/uploads\/2014\/11\/suedafrika.jpg\" alt=\"suedafrika\" width=\"70\" height=\"47\" \/><\/a><\/p>\n<p>&nbsp;<\/p><\/div>\n<\/div><\/div><div id=\"panel-108-0-0-2\" class=\"so-panel widget widget_text\" data-index=\"2\" >\t\t\t<div class=\"textwidget\"><\/div>\n\t\t<\/div><div id=\"panel-108-0-0-3\" class=\"so-panel widget widget_text\" data-index=\"3\" >\t\t\t<div class=\"textwidget\"><section class=\"parallax-section\">\n<div class=\"parallax-window\" data-z-index=\"1\" data-position-x=\"left\" data-parallax=\"scroll\" data-speed=\".3\" data-image-src=\"http:\/\/kruste.selfhost.me\/wordpress\/wp-content\/uploads\/2017\/12\/KZK_4330_web-1.jpg\" style=\"align-items: flex-start;min-height: 550px;\">\n<div class=\"parallax-container parallax-content\">\n<\/div>\n<\/div>\n<\/section>\n<\/div>\n\t\t<\/div><div id=\"panel-108-0-0-4\" class=\"so-panel widget widget_black-studio-tinymce widget_black_studio_tinymce\" data-index=\"4\" ><div class=\"panel-widget-style panel-widget-style-for-108-0-0-4\" ><div class=\"textwidget\"><hr \/>\n<p><span style=\"color: #003399; font-size: xx-large;\">Fl\u00e4che <\/span> <span style=\"color: #003399; font-size: small;\">1.219.912 qm\u00b2 <\/span><span style=\"color: #003399;\">Einwohner <\/span> <span style=\"color: #003399; font-size: large;\">54.400.000 <\/span><span style=\"color: #003399; font-size: small;\">Hauptstadt <\/span> <span style=\"color: #003399; font-size: x-large;\">Pretoria <\/span><span style=\"color: #003399; font-size: small;\">Kennzeichen <\/span> <span style=\"color: #003399;\">ZA <\/span><span style=\"color: #003399; font-size: x-large;\">RAND <\/span><span style=\"color: #003399; font-size: small;\">Vorwahl <\/span> <span style=\"color: #003399;\">0027 <\/span><span style=\"color: #003399; font-size: medium;\">Hannover - Johannesburg 8.916 km <\/span><\/p>\n<hr \/>\n<\/div><\/div><\/div><div id=\"panel-108-0-0-5\" class=\"so-panel widget widget_black-studio-tinymce widget_black_studio_tinymce panel-last-child\" data-index=\"5\" ><div class=\"textwidget\"><div class=\"style\">\n<p class=\"paragraph_style\"><strong>Klima:<\/strong><\/p>\n<p class=\"paragraph_style\">subtropisch bis mediterran<\/p>\n<p class=\"paragraph_style\"><strong>Lage:<\/strong><\/p>\n<p class=\"paragraph_style\">22 bis 35 Grad s\u00fcdliche Breite, 17 bis 33 Grad \u00f6stliche L\u00e4nge<\/p>\n<p>Angrenzende L\u00e4nder: Namibia, Simbabwe, Mosambik, Botswana, Lesotho, Swasiland (<em>Eswatini)<\/em><\/p>\n<p class=\"paragraph_style\"><strong>Fl\u00e4che: \u00a0<\/strong><\/p>\n<p class=\"paragraph_style\">1.219.912 qkm (= 3,4 mal Deutschland)<\/p>\n<p class=\"paragraph_style\"><strong>Provinzen:<\/strong><\/p>\n<p class=\"paragraph_style\">Eastern Cape, Free State, Gauteng, KwaZulu-Natal, Mpumalanga, Northern Cape, Limpopo, North-West-Province, Western Cape<\/p>\n<p class=\"paragraph_style\"><strong>Hauptstadt:<\/strong><\/p>\n<p class=\"paragraph_style\">Pretoria; ca. 1 Mio. Einwohner (Gro\u00dfraum \u00fcber 2 Mio. Einwohner)<\/p>\n<p class=\"paragraph_style\"><strong>Bev\u00f6lkerung:<\/strong><\/p>\n<p class=\"paragraph_style\">51,4 Mio. (2011), j\u00e4hrliche Zuwachsrate: 1,06% Bev\u00f6lkerungsdichte: 36,4 Einwohner pro qkm<\/p>\n<p class=\"paragraph_style\"><strong>Landessprachen:<\/strong><\/p>\n<p class=\"paragraph_style\">Alle 11 Landessprachen sind offizielle Sprachen:<\/p>\n<p class=\"paragraph_style_1\"><span class=\"style_3\">isi Zulu (23,8%), isi Xhosa (17,6%), Afrikaans (13,3%), sePedi (9,4%), English (8,2%), setswana (8,2%), seSotho (7,9%), xiTsonga (4,4%), siSwati (2,7%), tshiVenda (2,3%), isiNdebele (1,6%), andere Sprachen (0,6%). Deutsch geh\u00f6rt zu den von der Verfassung gef\u00f6rderten 14 anderen Sprachen<br \/>\n<\/span><\/p>\n<p class=\"paragraph_style\"><strong>Religionen \/ Kirchen:<\/strong><\/p>\n<p class=\"paragraph_style\">Christen, Hindus, Moslems, Juden<\/p>\n<p class=\"paragraph_style\"><span class=\"style_4\"><strong>Nationaltag:<\/strong><\/span><span class=\"style_3\"><br \/>\n<\/span><\/p>\n<p class=\"paragraph_style_1\">27. April (\"Freedom Day\"; Tag der ersten freien Wahlen 1994)<\/p>\n<p class=\"paragraph_style_1\"><strong>Regierungsform:<\/strong><\/p>\n<p class=\"paragraph_style\">Parlamentarische Demokratie mit f\u00f6derativen Elementen.<\/p>\n<p class=\"paragraph_style\"><strong>internationale Vorwahl S\u00fcdafrika:<\/strong><\/p>\n<p class=\"paragraph_style\">0027<\/p>\n<p class=\"paragraph_style\"><span class=\"style_3\"><strong>Wechselkurs:<\/strong><\/span><\/p>\n<p class=\"paragraph_style\"><span class=\"style_3\"> 1 Rand = 100 Cent:<br \/>\n<\/span><\/p>\n<p style=\"color: #ffffff;\"><span style=\"font-weight: 600;\"><span style=\"color: #000000;\">Aktueller Wechselkurs (ohne Gew\u00e4hr):<\/span><\/span><\/p>\n<p style=\"color: #323333;\">F\u00fcr 1,00&nbsp;EUR erh\u00e4lt man zurzeit 19,33&nbsp;ZAR<\/p>\n<p style=\"color: #323333;\"><strong>Die Wechselkurse w\u00e4hrend meiner Reisen ( Kurs f\u00fcr 1\u20ac ):<\/strong><\/p>\n<\/div>\n<table style=\"height: 420px;\" border=\"0\" width=\"864\" cellspacing=\"0\" cellpadding=\"0\">\n<colgroup>\n<col width=\"135\" \/>\n<col span=\"2\" width=\"87\" \/>\n<col width=\"135\" \/>\n<col span=\"2\" width=\"87\" \/>\n<col width=\"145\" \/>\n<col width=\"87\" \/><\/colgroup>\n<tbody>\n<tr>\n<td class=\"xl64\" align=\"right\" width=\"135\" height=\"21\">Oktober 2009<\/td>\n<td class=\"xl65\" align=\"right\" width=\"87\">11,00<\/td>\n<td class=\"xl66\" width=\"87\"><\/td>\n<td class=\"xl67\" align=\"right\" width=\"135\">April 2015<\/td>\n<td class=\"xl65\" align=\"right\" width=\"87\">12,90<\/td>\n<td class=\"xl66\" width=\"87\"><\/td>\n<td class=\"xl67\" align=\"right\" width=\"145\">November 2017<\/td>\n<td class=\"xl68\" align=\"right\" width=\"87\">16,70<\/td>\n<\/tr>\n<tr>\n<td class=\"xl69\" align=\"right\" height=\"21\">Oktober 2010<\/td>\n<td class=\"xl70\" align=\"right\">9,50<\/td>\n<td><\/td>\n<td class=\"xl71\" align=\"right\">Oktober 2015<\/td>\n<td class=\"xl70\" align=\"right\">15,03<\/td>\n<td><\/td>\n<td class=\"xl71\" align=\"right\">Oktober 2018<\/td>\n<td class=\"xl72\" align=\"right\">16,40<\/td>\n<\/tr>\n<tr>\n<td class=\"xl69\" align=\"right\" height=\"21\">Mai 2011<\/td>\n<td class=\"xl70\" align=\"right\">9,85<\/td>\n<td><\/td>\n<td class=\"xl71\" align=\"right\">Januar 2016<\/td>\n<td class=\"xl70\" align=\"right\">17,50<\/td>\n<td><\/td>\n<td class=\"xl71\" align=\"right\">September 2019<\/td>\n<td class=\"xl72\" align=\"right\">16,30<\/td>\n<\/tr>\n<tr>\n<td class=\"xl69\" align=\"right\" height=\"21\">August 2012<\/td>\n<td class=\"xl70\" align=\"right\">10,00<\/td>\n<td><\/td>\n<td class=\"xl71\" align=\"right\">M\u00e4rz 2016<\/td>\n<td class=\"xl70\" align=\"right\">17,20<\/td>\n<td><\/td>\n<td class=\"xl71\" style=\"text-align: left;\">M\u00e4rz 2020<\/td>\n<td class=\"xl73\" style=\"text-align: left;\">19,20<\/td>\n<\/tr>\n<tr>\n<td class=\"xl69\" align=\"right\" height=\"21\">Oktober 2012<\/td>\n<td class=\"xl70\" align=\"right\">11,40<\/td>\n<td><\/td>\n<td class=\"xl71\" align=\"right\">Juli 2016<\/td>\n<td class=\"xl70\" align=\"right\">15,89<\/td>\n<td><\/td>\n<td class=\"xl71\">Mai 2021<\/td>\n<td class=\"xl73\">17,20<\/td>\n<\/tr>\n<tr>\n<td class=\"xl69\" align=\"right\" height=\"21\">M\u00e4rz 2013<\/td>\n<td class=\"xl70\" align=\"right\">13,50<\/td>\n<td><\/td>\n<td class=\"xl71\" align=\"right\">September 2016<\/td>\n<td class=\"xl70\" align=\"right\">16,11<\/td>\n<td><\/td>\n<td class=\"xl71\">September 2022<\/td>\n<td class=\"xl73\">17,40<\/td>\n<\/tr>\n<tr>\n<td class=\"xl69\" align=\"right\" height=\"21\">September 2013<\/td>\n<td class=\"xl70\" align=\"right\">13,50<\/td>\n<td><\/td>\n<td class=\"xl71\" align=\"right\">Januar 2017<\/td>\n<td class=\"xl70\" align=\"right\">14,50<\/td>\n<td><\/td>\n<td class=\"xl71\">September 2023<\/td>\n<td class=\"xl73\">20,35<\/td>\n<\/tr>\n<tr>\n<td class=\"xl69\" align=\"right\" height=\"21\">Januar 2014<\/td>\n<td class=\"xl70\" align=\"right\">14,50<\/td>\n<td><\/td>\n<td class=\"xl71\" align=\"right\">Juli 2017<\/td>\n<td class=\"xl70\" align=\"right\">15,10<\/td>\n<td><\/td>\n<td class=\"xl71\">Februar 2025<\/td>\n<td class=\"xl73\">19,38<\/td>\n<\/tr>\n<tr>\n<td class=\"xl74\" align=\"right\" height=\"23\">September 2014<\/td>\n<td class=\"xl75\" align=\"right\">14,30<\/td>\n<td class=\"xl76\"><\/td>\n<td class=\"xl77\" align=\"right\">September 2017<\/td>\n<td class=\"xl75\" align=\"right\">15,50<\/td>\n<td class=\"xl76\"><\/td>\n<td class=\"xl77\"><\/td>\n<td class=\"xl78\"><\/td>\n<\/tr>\n<\/tbody>\n<\/table>\n<div class=\"style\">\n<p class=\"paragraph_style\"><strong>Kommunikation:<\/strong><\/p>\n<p class=\"paragraph_style\">Eine Prepaid Karte kann am Flughafen Johannesburg erworben werden. Die Kosten betragen circa 100 Rand inklusive 20 Freiminuten. In den letzten Jahren waren die Systeme der Provider jedoch immer offline. Ich glaube mit Prepaid Karten l\u00e4sst sich kein Geld verdienen.<\/p>\n<p class=\"paragraph_style_1\"><span class=\"style_3\">Ein Reisepass ist erforderlich ( Stand 2011 ).<br \/>\n<\/span><\/p>\n<p>Wer eine Handy mit eSim Funktion besitzt, kann schon in Deutschland eine eSim installieren und hat so vor Ort Zugriff auf das Internet. Praktisch und spart spart sich Zeit und \u00c4rger. Ich nutze die eSim von Redbull und zahlte in 2025 2,00 \u20ac f\u00fcr 1 GB Datenvolumen.<\/p>\n<p class=\"paragraph_style\"><strong><span class=\"style_2\">Hinweis:<\/span><\/strong><\/p>\n<p class=\"paragraph_style\">Seit Mai 2015 gelten neue Einreisebestimmungen. Eine besondere Beachtung bei Einreise mit Kindern unter 18 Jahren ist notwendig. Sollten Unterlagen, zum Beispiel die Geburtsurkunde, fehlen wird die Einreise verweigert.<\/p>\n<p class=\"paragraph_style\"><strong>Entfernung:<\/strong><\/p>\n<p class=\"paragraph_style\"><span style=\"color: #000000;\">Hannover - Johannesburg\u00a08.916 km<\/span><\/p>\n<p class=\"paragraph_style\">Hannover - Kapstadt 9.632 km<\/p>\n<p class=\"paragraph_style\">Hannover - Durban\u00a09.384 km<\/p>\n<\/div>\n<\/div><\/div><\/div><\/div><div id=\"pg-108-1\"  class=\"panel-grid panel-no-style\" ><div id=\"pgc-108-1-0\"  class=\"panel-grid-cell\" ><div id=\"panel-108-1-0-0\" class=\"so-panel widget widget_black-studio-tinymce widget_black_studio_tinymce panel-first-child panel-last-child\" data-index=\"6\" ><h3 class=\"widget-title\">Karte:<\/h3><div class=\"textwidget\"><hr \/>\n<p>\u00a0<\/p>\n<\/div><\/div><\/div><\/div><div id=\"pg-108-2\"  class=\"panel-grid panel-no-style\" ><div id=\"pgc-108-2-0\"  class=\"panel-grid-cell\" ><div id=\"panel-108-2-0-0\" class=\"so-panel widget panel-first-child\" data-index=\"7\" ><\/div><div id=\"panel-108-2-0-1\" class=\"so-panel widget widget_origin_button panel-last-child\" data-index=\"8\" ><div class=\"origin-widget origin-widget-button origin-widget-button-simple-black align-left\"><a href=\"https:\/\/kruste.selfhost.me\/wordpress\/?page_id=7025\" \ntarget=\"_blank\" rel=\"noopener noreferrer\">\n\tBilder<\/a>\n<\/div><\/div><\/div><\/div><\/div>","protected":false},"excerpt":{"rendered":"<p>L\u00e4ndername: Republik S\u00fcdafrika (Republic of South Africa) Flagge: &nbsp; Fl\u00e4che 1.219.912 qm\u00b2 Einwohner 54.400.000 Hauptstadt Pretoria Kennzeichen ZA RAND Vorwahl 0027 Hannover &#8211; Johannesburg 8.916<\/p>\n","protected":false},"author":1,"featured_media":0,"parent":30,"menu_order":0,"comment_status":"closed","ping_status":"open","template":"","meta":{"footnotes":""},"class_list":["post-108","page","type-page","status-publish","hentry"],"_links":{"self":[{"href":"http:\/\/kruste.selfhost.me\/wordpress\/index.php?rest_route=\/wp\/v2\/pages\/108","targetHints":{"allow":["GET"]}}],"collection":[{"href":"http:\/\/kruste.selfhost.me\/wordpress\/index.php?rest_route=\/wp\/v2\/pages"}],"about":[{"href":"http:\/\/kruste.selfhost.me\/wordpress\/index.php?rest_route=\/wp\/v2\/types\/page"}],"author":[{"embeddable":true,"href":"http:\/\/kruste.selfhost.me\/wordpress\/index.php?rest_route=\/wp\/v2\/users\/1"}],"replies":[{"embeddable":true,"href":"http:\/\/kruste.selfhost.me\/wordpress\/index.php?rest_route=%2Fwp%2Fv2%2Fcomments&post=108"}],"version-history":[{"count":3,"href":"http:\/\/kruste.selfhost.me\/wordpress\/index.php?rest_route=\/wp\/v2\/pages\/108\/revisions"}],"predecessor-version":[{"id":6627,"href":"http:\/\/kruste.selfhost.me\/wordpress\/index.php?rest_route=\/wp\/v2\/pages\/108\/revisions\/6627"}],"up":[{"embeddable":true,"href":"http:\/\/kruste.selfhost.me\/wordpress\/index.php?rest_route=\/wp\/v2\/pages\/30"}],"wp:attachment":[{"href":"http:\/\/kruste.selfhost.me\/wordpress\/index.php?rest_route=%2Fwp%2Fv2%2Fmedia&parent=108"}],"curies":[{"name":"wp","href":"https:\/\/api.w.org\/{rel}","templated":true}]}}