{"id":1094,"date":"2015-02-05T13:33:17","date_gmt":"2015-02-05T12:33:17","guid":{"rendered":"http:\/\/kruste.selfhost.me\/wordpress\/?page_id=1094"},"modified":"2016-06-14T08:51:51","modified_gmt":"2016-06-14T06:51:51","slug":"murex-bangka-resort-region-sulawesi","status":"publish","type":"page","link":"http:\/\/kruste.selfhost.me\/wordpress\/?page_id=1094","title":{"rendered":"Murex Bangka Resort  (Region Sulawesi)"},"content":{"rendered":"<div id=\"pl-1094\"  class=\"panel-layout\" ><div id=\"pg-1094-0\"  class=\"panel-grid panel-no-style\" ><div id=\"pgc-1094-0-0\"  class=\"panel-grid-cell\" ><div id=\"panel-1094-0-0-0\" class=\"so-panel widget widget_black-studio-tinymce widget_black_studio_tinymce panel-first-child panel-last-child\" data-index=\"0\" ><div class=\"textwidget\"><div class=\"style_SkipStroke_2 shape-with-text flowDefining\">\n<div class=\"text-content style_External_485_494\">\n<div class=\"style\">\n<p>Die kleine Anlage liegt im Norden von Sulawesi auf der Insel Bangka und ist vom Festland in circa 30 Minuten mit dem Boot erreichbar. Die Zimmer sind einfach und die Anlage ist\u00a0nicht gerade luxuri\u00f6s ausgestattet. Der wahre Reichtum liegt hier vor der T\u00fcr. Ein traumhafter Sandstrand und ein atemberaubendes Hausriff sind die wirklichen H\u00f6hepunkte des Resort.<\/p>\n<p>Auf Bangka geht es um Ruhe und Korallen. Der Ablauf ist dabei nicht immer perfekt und es muss oft improvisiert werden. Luxus, Nightlife oder gar Discotheken sind hier unbekannt, wer aber\u00a0den Kontakt zur Dorfbev\u00f6lkerung sucht wird herzlich empfangen\u00a0und ist gerne gesehen.<\/p>\n<p>Wir hatten Gl\u00fcck und w\u00e4hrend unseres Aufenthaltes war Paul, der Besitzer der Anlage, vor Ort. Wir verstanden uns pr\u00e4chtig und so wurde kurzerhand auch mal eine Tour zum Angeln oder ein Lagerfeuer am Strand organisiert. Rustikal und genau unser Ding.<\/p>\n<p>Leider gibt es aber Ver\u00e4nderungen auf Bangka. Die Insel ist reich an Bodensch\u00e4tzen und da z\u00e4hlen Korallenriffe, Strand und Einheimische wenig. Korrupte Menschen planen, entgegen der indonesischen Gesetzte, den Abbau von Zinn und werden auf die Natur keine R\u00fccksicht nehmen. Es gibt jedoch etwas Hoffnung. Lokale Organisationen, B\u00fcrgerwehren, Greenpeace und\u00a0WWF machen auf die Situation aufmerksam und versuchen die Arbeiten zu stoppen. Ich hoffe es gelingt\u00a0diese Perle der Natur zu erhalten.<\/p>\n<\/div>\n<div class=\"style\"><span style=\"text-decoration: underline;\">Update 2015:<\/span><\/div>\n<div class=\"style\">\u00a0<\/div>\n<div class=\"style\">Paul ist nicht mehr der Eigent\u00fcmer der Anlage und seine Schwester leitet jetzt das Resort. Der neu Einfluss ist deutlich sp\u00fcrbar und es werden amerikanische Einfl\u00fcsse sichtbar. Es gibt einen Kameraraum f\u00fcr die Taucherausr\u00fcstung, neue Bungalows sowie Modernisierungen der\u00a0\u00e4lteren Unterk\u00fcnfte. Diese \u00c4nderungen sind zum Teil angenehm sprechen aber auch ein neues Publikum an. Der alte Charme des Murex geht etwas verloren und die Preise steigen auf ein f\u00fcr Indonesien hohes Niveau, schade.<\/div>\n<\/div>\n<\/div>\n<\/div><\/div><\/div><div id=\"pgc-1094-0-1\"  class=\"panel-grid-cell\" ><div id=\"panel-1094-0-1-0\" class=\"so-panel widget widget_black-studio-tinymce widget_black_studio_tinymce panel-first-child panel-last-child\" data-index=\"1\" ><div class=\"textwidget\"><p><a href=\"http:\/\/kruste.selfhost.me\/wordpress\/wp-content\/uploads\/2015\/02\/IND_1864-e1423139347572.jpg\"><img loading=\"lazy\" decoding=\"async\" class=\"alignnone wp-image-1099 size-full\" src=\"http:\/\/kruste.selfhost.me\/wordpress\/wp-content\/uploads\/2015\/02\/IND_1864-e1465798308953.jpg\" alt=\"IND_1864\" width=\"741\" height=\"1000\" srcset=\"http:\/\/kruste.selfhost.me\/wordpress\/wp-content\/uploads\/2015\/02\/IND_1864-e1465798308953.jpg 741w, http:\/\/kruste.selfhost.me\/wordpress\/wp-content\/uploads\/2015\/02\/IND_1864-e1465798308953-111x150.jpg 111w, http:\/\/kruste.selfhost.me\/wordpress\/wp-content\/uploads\/2015\/02\/IND_1864-e1465798308953-222x300.jpg 222w, http:\/\/kruste.selfhost.me\/wordpress\/wp-content\/uploads\/2015\/02\/IND_1864-e1465798308953-700x945.jpg 700w, http:\/\/kruste.selfhost.me\/wordpress\/wp-content\/uploads\/2015\/02\/IND_1864-e1465798308953-569x768.jpg 569w\" sizes=\"auto, (max-width: 741px) 100vw, 741px\" \/><\/a><\/p>\n<\/div><\/div><\/div><\/div><div id=\"pg-1094-1\"  class=\"panel-grid panel-no-style\" ><div id=\"pgc-1094-1-0\"  class=\"panel-grid-cell\" ><div id=\"panel-1094-1-0-0\" class=\"so-panel widget widget_black-studio-tinymce widget_black_studio_tinymce panel-first-child\" data-index=\"2\" ><h3 class=\"widget-title\">Preise:<\/h3><div class=\"textwidget\"><hr \/>\n<ul>\n<li>1 \u00dcbernachtung 78 \u20ac inklusive Verpflegung. Preis galt f\u00fcr 2 Erwachsene und ein Kind bis 12 Jahre. <br \/>- In 2015 wurde der Preis auf 80 US$ pro Person angehoben.<\/li>\n<li>Bier gro\u00df 30.000 IDR. <br \/>- 5.00 US$ in 2015<\/li>\n<li>Softdrinks\u00a0 20.000 IDR ( Brause gab es aber nicht immer\u00a0). <br \/>- 2.50 -3.00 US$ in 2015<\/li>\n<li>Wein 350.000 IDR<\/li>\n<li>Tauchen ca. 40 \u20ac, Hausriff ohne Guide kostenfrei !<\/li>\n<li>Tauchpakete ab 65 \u20ac f\u00fcr den Tag. <br \/>- Seit 2015 werden 91 US$ f\u00fcr 2 Tauchg\u00e4nge berechnet<\/li>\n<li>Frische S\u00e4fte 2.50 US$ ( nicht immer verf\u00fcgbar )<\/li>\n<li>Murex Cocktail mit lokalem Schnaps ( Cap Tikus ) 1.50 US$ ( Schmeckt wie\u00a0Caipirinha )<\/li>\n<\/ul>\n<p>3% Aufschlag bei Zahlung mit Kreditkarte<\/p>\n<\/div><\/div><div id=\"panel-1094-1-0-1\" class=\"so-panel widget widget_black-studio-tinymce widget_black_studio_tinymce\" data-index=\"3\" ><h3 class=\"widget-title\">Kommunikation:<\/h3><div class=\"textwidget\"><div id=\"id4\" class=\"style_SkipStroke_4 shape-with-text\">\n<div class=\"text-content graphic_textbox_layout_style_default_External_138_130\">\n<div class=\"graphic_textbox_layout_style_default\">\n<hr \/>\n<p>Einen Zugang zum Internet gab es nicht. Ein Handy h\u00e4tte sicher funktioniert, wir hatten keins.<br \/>- Bei unserem Besuch im Jahr 2015 gab es einen schnellen, kostenfreien und sehr stabilen Zugang zum Internet.<\/p>\n<\/div>\n<\/div>\n<\/div>\n<\/div><\/div><div id=\"panel-1094-1-0-2\" class=\"so-panel widget widget_black-studio-tinymce widget_black_studio_tinymce\" data-index=\"4\" ><div class=\"textwidget\"><p><img loading=\"lazy\" decoding=\"async\" class=\"alignnone size-full wp-image-1100\" src=\"http:\/\/kruste.selfhost.me\/wordpress\/wp-content\/uploads\/2015\/02\/P1000732-e1465887071377.jpg\" alt=\"P1000732\" width=\"900\" height=\"186\" \/><\/p>\n<\/div><\/div><div id=\"panel-1094-1-0-3\" class=\"so-panel widget widget_black-studio-tinymce widget_black_studio_tinymce\" data-index=\"5\" ><h3 class=\"widget-title\">Anreise:<\/h3><div class=\"textwidget\"><hr \/>\n<p>In der Regel wird der Transfer vom Festland aus \u00fcber des Murex Resort in Manado organisiert. \u00a0Wir hatten die M\u00f6glichkeit einen Hotelwechsel w\u00e4hrend eines Tauchausflug durchzuf\u00fchren. Wir sparten so einen Reisetag und hatten viel Spa\u00df. Danke an die Diver Lodge Lembeh\u00a0f\u00fcr diesen Service.<\/p>\n<\/div><\/div><div id=\"panel-1094-1-0-4\" class=\"so-panel widget widget_black-studio-tinymce widget_black_studio_tinymce\" data-index=\"6\" ><h3 class=\"widget-title\">Meine Reisezeiten:<\/h3><div class=\"textwidget\"><hr \/>\n<ul>\n<li>Juni 2010<\/li>\n<li>Juli 2015<\/li>\n<\/ul>\n<\/div><\/div><div id=\"panel-1094-1-0-5\" class=\"so-panel widget widget_black-studio-tinymce widget_black_studio_tinymce\" data-index=\"7\" ><h3 class=\"widget-title\">Das Wetter:<\/h3><div class=\"textwidget\"><hr \/>\n<p class=\"paragraph_style\">Juni 2010<\/p>\n<ul>\n<li>\n<p>\u00a0Morgens Sonnenschein , ab 15:00 Uhr gab es zeitweise st\u00e4rkere Bew\u00f6lkung und Nachts auch mal Regen. Am Tag hatten wir circa 32\u00b0C und einen leichten Wind.<\/p>\n<p>Sonnenaufgang 05:00 Uhr<\/p>\n<p>Sonnenuntergang 18:30 Uhr.<\/p>\n<p>Meist ruhige See, perfekt zum Tauchen.<\/p>\n<\/li>\n<\/ul>\n<p>July 2015<\/p>\n<ul>\n<li>Wir hatten Gl\u00fcck. Das Wetter war optimal mit viel Sonne, Temperaturen um die 30\u00b0C \u00a0und einer leichten Brise. Zeitweise wehte der Wind etwas st\u00e4rker aber es gab keine Einschr\u00e4nkungen. Uns wurde berichtet, dass der Wind noch kurz vor unserer Anreise sehr stark wehte und Tauchpl\u00e4tze um Bangka nicht angefahren werden konnte. Zeitweise war es fast nicht m\u00f6glich mit dem Boot anzulegen. Wir hatten wirklich Gl\u00fcck ! Im Regelfall treten\u00a0die starken Winde im\u00a0August \/ September auf. Dies sollte bei der Planung auf jeden Fall ber\u00fccksichtigt werden.<\/li>\n<\/ul>\n<\/div><\/div><div id=\"panel-1094-1-0-6\" class=\"so-panel widget widget_black-studio-tinymce widget_black_studio_tinymce\" data-index=\"8\" ><h3 class=\"widget-title\">Zimmer:<\/h3><div class=\"textwidget\"><hr \/>\n<p>Einfache kleine Bungalows, die schon bessere Tage gesehen haben. Offenes Badezimmer mit \"Dusche\". Die Einrichtung ist teilweise defekt und die Klimaanlage arbeitet nur schwach. Auch etwas Schimmel machte sich breit. Der Blick von der Veranda machte diese Punkte aber wieder wett.<\/p>\n<p>Bei unserem Besuch im Jahr 2015 wurden uns die neuen Bungalows angeboten. Der geflieste Boden, das anst\u00e4ndiges Bad und die\u00a0kleine Veranda haben uns aber nicht recht \u00fcberzeugt. Wir \u00a0w\u00e4hlten lieber einen alten Holzbungalow mit knarrendem Boden und altem Bad. Das war \"unser\" Murex mit einem phantastischem Blick auf Strand und Meer.<\/p>\n<p>\u00a0<\/p>\n<\/div><\/div><div id=\"panel-1094-1-0-7\" class=\"so-panel widget widget_black-studio-tinymce widget_black_studio_tinymce\" data-index=\"9\" ><div class=\"textwidget\"><p><a href=\"http:\/\/kruste.selfhost.me\/wordpress\/wp-content\/uploads\/2015\/02\/STG_8604_p-e1423139460506.jpg\"><img loading=\"lazy\" decoding=\"async\" class=\"alignnone size-full wp-image-1102\" src=\"http:\/\/kruste.selfhost.me\/wordpress\/wp-content\/uploads\/2015\/02\/STG_8604_p-e1423139460506.jpg\" alt=\"STG_8604_p\" width=\"2736\" height=\"581\" srcset=\"http:\/\/kruste.selfhost.me\/wordpress\/wp-content\/uploads\/2015\/02\/STG_8604_p-e1423139460506.jpg 2736w, http:\/\/kruste.selfhost.me\/wordpress\/wp-content\/uploads\/2015\/02\/STG_8604_p-e1423139460506-150x31.jpg 150w, http:\/\/kruste.selfhost.me\/wordpress\/wp-content\/uploads\/2015\/02\/STG_8604_p-e1423139460506-300x63.jpg 300w, http:\/\/kruste.selfhost.me\/wordpress\/wp-content\/uploads\/2015\/02\/STG_8604_p-e1423139460506-1024x217.jpg 1024w, http:\/\/kruste.selfhost.me\/wordpress\/wp-content\/uploads\/2015\/02\/STG_8604_p-e1423139460506-700x148.jpg 700w\" sizes=\"auto, (max-width: 2736px) 100vw, 2736px\" \/><\/a><\/p>\n<\/div><\/div><div id=\"panel-1094-1-0-8\" class=\"so-panel widget widget_black-studio-tinymce widget_black_studio_tinymce\" data-index=\"10\" ><h3 class=\"widget-title\">K\u00fcche \/ Restaurant:<\/h3><div class=\"textwidget\"><hr \/>\n<p>Einfach aber lecker. Spiegelei und Toast zum Fr\u00fchst\u00fcck. Huhn, Fisch und Schwein zum Abendessen. An die Qualit\u00e4t des Pulisan Resort kamen die Speisen aber nicht.<\/p>\n<p>Auch dies \u00e4nderte sich im Jahr 2015. Das Essen auf Bangka wurde besser und die Fr\u00fchst\u00fcckszeiten waren jetzt flexibel. Fr\u00fchst\u00fcck um 09:00 Uhr war kein Problem mehr.<\/p>\n<\/div><\/div><div id=\"panel-1094-1-0-9\" class=\"so-panel widget widget_black-studio-tinymce widget_black_studio_tinymce\" data-index=\"11\" ><h3 class=\"widget-title\">Personal:<\/h3><div class=\"textwidget\"><hr \/><p>Nach dem ersten Kontakt zweifelte ich doch sehr. Die Blicke versprachen nichts Gutes und ich f\u00fchlte mich fehl am Platz. Dieser Zustand dauert aber nicht lange an und wir hatten viel Spa\u00df. So gab es zum Beispiel oft stimmungsvolle Musik auf der Gitarre. Nur beim schauen der Fu\u00dfball WM hatten wir unterschiedlichen Meinungen \ud83d\ude09 <br \/><br \/>Es wird kaum englisch gesprochen, man ist aber bem\u00fcht.<\/p><p>Die Stimmung bei unsere Reise in 2015 war sehr herzlich. Einige Mitarbeiter kannten uns noch \u00a0und wir waren scheinbar in guter Erinnerung geblieben. Auch die kleine Party am vorletzten Abend hat sehr viel Spa\u00df gemacht. Cap Tikus und lokale Musik waren eine tolle Kombination.<\/p><p>\u00a0<\/p><\/div><\/div><div id=\"panel-1094-1-0-10\" class=\"so-panel widget widget_black-studio-tinymce widget_black_studio_tinymce\" data-index=\"12\" ><h3 class=\"widget-title\">Aktivit\u00e4ten:<\/h3><div class=\"textwidget\"><hr \/>\n<p>Tauchen,\u00a0Angeln und mit Gl\u00fcck geht es auch einmal zum Fischen. Ausfl\u00fcge ins Dorf k\u00f6nnen organisiert werden.<\/p>\n<\/div><\/div><div id=\"panel-1094-1-0-11\" class=\"so-panel widget widget_black-studio-tinymce widget_black_studio_tinymce\" data-index=\"13\" ><div class=\"textwidget\"><p><a href=\"http:\/\/kruste.selfhost.me\/wordpress\/wp-content\/uploads\/2015\/02\/STG_8070_p-e1423139523381.jpg\"><img loading=\"lazy\" decoding=\"async\" class=\"alignnone size-full wp-image-1101\" src=\"http:\/\/kruste.selfhost.me\/wordpress\/wp-content\/uploads\/2015\/02\/STG_8070_p-e1423139523381.jpg\" alt=\"STG_8070_p\" width=\"3872\" height=\"919\" srcset=\"http:\/\/kruste.selfhost.me\/wordpress\/wp-content\/uploads\/2015\/02\/STG_8070_p-e1423139523381.jpg 3872w, http:\/\/kruste.selfhost.me\/wordpress\/wp-content\/uploads\/2015\/02\/STG_8070_p-e1423139523381-150x35.jpg 150w, http:\/\/kruste.selfhost.me\/wordpress\/wp-content\/uploads\/2015\/02\/STG_8070_p-e1423139523381-300x71.jpg 300w, http:\/\/kruste.selfhost.me\/wordpress\/wp-content\/uploads\/2015\/02\/STG_8070_p-e1423139523381-1024x243.jpg 1024w, http:\/\/kruste.selfhost.me\/wordpress\/wp-content\/uploads\/2015\/02\/STG_8070_p-e1423139523381-700x166.jpg 700w\" sizes=\"auto, (max-width: 3872px) 100vw, 3872px\" \/><\/a><\/p>\n<\/div><\/div><div id=\"panel-1094-1-0-12\" class=\"so-panel widget widget_black-studio-tinymce widget_black_studio_tinymce panel-last-child\" data-index=\"14\" ><h3 class=\"widget-title\">Tipps:<\/h3><div class=\"textwidget\"><hr \/>\n<ul>\n<li>H\u00e4ngematte am Strand mit Blick auf\u2018s Meer nutzen ( und nicht vor der kleinen Schlange erschrecken )<\/li>\n<li>Sonnenuntergang am Strand geniessen.<\/li>\n<li>Fischen mit den Angestellten<\/li>\n<li>Tauchgang am Hausriff ( auf die Str\u00f6mung achten )<\/li>\n<li>Kerzen sollte man besser mitbringen.<\/li>\n<\/ul>\n<\/div><\/div><\/div><\/div><div id=\"pg-1094-2\"  class=\"panel-grid panel-no-style\" ><div id=\"pgc-1094-2-0\"  class=\"panel-grid-cell\" ><div id=\"panel-1094-2-0-0\" class=\"so-panel widget widget_black-studio-tinymce widget_black_studio_tinymce panel-first-child\" data-index=\"15\" ><h3 class=\"widget-title\">Klartext:<\/h3><div class=\"textwidget\"><hr \/>\n<ul>\n<li>Strom gibt es nur vom 17:00 Uhr bis 09:00 Uhr.<\/li>\n<li>Die Qualit\u00e4t der Zimmer l\u00e4sst sehr zu w\u00fcnschen \u00fcbrig<br \/>- Es wurden neue Bungalows gebaut und wer m\u00f6chte findet hier einen h\u00f6heren Standard<\/li>\n<li>Restaurant und Tauchschule verdienen den Namen nicht wirklich<br \/>- Ein sauberer und ordentlicher Kameraraum steht seit 2015 zur Verf\u00fcgung.<\/li>\n<li>Fr\u00fchst\u00fcck gibt es immer um 07:00 Uhr. Um 08:00 Uhr geht es zum Tauchen<br \/>- Die Zeiten sind bei unserem letzten Besuch neu geregelt. Ein Fr\u00fchst\u00fcck um 09:00 Uhr ist t\u00e4glich m\u00f6glich.<\/li>\n<li>Ein Management gibt es nicht. Ein Mitarbeiter, der etwas Englisch konnte, nahm sich der Probleme an und teilte die Angestellten ein um das Problem zu beseitigen.\u00a0 Das klappte meist schnell aber nicht immer zuverl\u00e4ssig. Ben\u00f6tigte man ein zweites Handtuch und dieser Mitarbeiter war nicht zu gegen, wurde es schon schwierig. Ich konnte mir nur helfen, indem ich ein Handtuch vom Zimmer holte und zwei Finger zeigte. Das ging dann. Ein W\u00f6rterbuch ist sicher sehr hilfreich.\u00a0\u00a0<br \/>- Auch beim Besuch in 2015 konnten wir den \u00dcbersetzter gut gebrauchen obwohl immer 2 \u00a0englisch sprechende Angestellte vor Ort waren, die sich um alles k\u00fcmmerten.\u00a0<\/li>\n<li>Die Preis\u00e4nderung zu unserem ersten Aufenthalt ist\u00a0schon enorm. 2 Tauchg\u00e4nge f\u00fcr \u00fcber 90 US$ sind grenzwertig und ein Bier f\u00fcr 5 US$ ist schon frech. Der Zimmerpreis von 80 US$ trifft uns bei einem Dollarkurs von 1 \u20ac = 1,10 US$ doch schon. Gut, dass die Vollpension inkludiert ist.<\/li>\n<\/ul>\n<\/div><\/div><div id=\"panel-1094-2-0-1\" class=\"so-panel widget widget_black-studio-tinymce widget_black_studio_tinymce panel-last-child\" data-index=\"16\" ><div class=\"textwidget\"><p><a href=\"http:\/\/kruste.selfhost.me\/wordpress\/wp-content\/uploads\/2015\/02\/STG_8854_p-e1423139573633.jpg\"><img loading=\"lazy\" decoding=\"async\" class=\"alignnone size-full wp-image-1103\" src=\"http:\/\/kruste.selfhost.me\/wordpress\/wp-content\/uploads\/2015\/02\/STG_8854_p-e1423139573633.jpg\" alt=\"STG_8854_p\" width=\"3872\" height=\"667\" \/><\/a><\/p>\n<\/div><\/div><\/div><\/div><\/div>","protected":false},"excerpt":{"rendered":"<p>Die kleine Anlage liegt im Norden von Sulawesi auf der Insel Bangka und ist vom Festland in circa 30 Minuten mit dem Boot erreichbar. Die<\/p>\n","protected":false},"author":1,"featured_media":0,"parent":977,"menu_order":0,"comment_status":"closed","ping_status":"closed","template":"","meta":{"footnotes":""},"class_list":["post-1094","page","type-page","status-publish","hentry"],"_links":{"self":[{"href":"http:\/\/kruste.selfhost.me\/wordpress\/index.php?rest_route=\/wp\/v2\/pages\/1094","targetHints":{"allow":["GET"]}}],"collection":[{"href":"http:\/\/kruste.selfhost.me\/wordpress\/index.php?rest_route=\/wp\/v2\/pages"}],"about":[{"href":"http:\/\/kruste.selfhost.me\/wordpress\/index.php?rest_route=\/wp\/v2\/types\/page"}],"author":[{"embeddable":true,"href":"http:\/\/kruste.selfhost.me\/wordpress\/index.php?rest_route=\/wp\/v2\/users\/1"}],"replies":[{"embeddable":true,"href":"http:\/\/kruste.selfhost.me\/wordpress\/index.php?rest_route=%2Fwp%2Fv2%2Fcomments&post=1094"}],"version-history":[{"count":2,"href":"http:\/\/kruste.selfhost.me\/wordpress\/index.php?rest_route=\/wp\/v2\/pages\/1094\/revisions"}],"predecessor-version":[{"id":2289,"href":"http:\/\/kruste.selfhost.me\/wordpress\/index.php?rest_route=\/wp\/v2\/pages\/1094\/revisions\/2289"}],"up":[{"embeddable":true,"href":"http:\/\/kruste.selfhost.me\/wordpress\/index.php?rest_route=\/wp\/v2\/pages\/977"}],"wp:attachment":[{"href":"http:\/\/kruste.selfhost.me\/wordpress\/index.php?rest_route=%2Fwp%2Fv2%2Fmedia&parent=1094"}],"curies":[{"name":"wp","href":"https:\/\/api.w.org\/{rel}","templated":true}]}}