{"id":1168,"date":"2015-03-09T20:30:51","date_gmt":"2015-03-09T19:30:51","guid":{"rendered":"http:\/\/kruste.selfhost.me\/wordpress\/?page_id=1168"},"modified":"2020-06-10T20:41:15","modified_gmt":"2020-06-10T18:41:15","slug":"australien","status":"publish","type":"page","link":"http:\/\/kruste.selfhost.me\/wordpress\/?page_id=1168","title":{"rendered":"Australien"},"content":{"rendered":"<div id=\"pl-1168\"  class=\"panel-layout\" ><div id=\"pg-1168-0\"  class=\"panel-grid panel-no-style\" ><div id=\"pgc-1168-0-0\"  class=\"panel-grid-cell\" ><div id=\"panel-1168-0-0-0\" class=\"so-panel widget widget_black-studio-tinymce widget_black_studio_tinymce panel-first-child\" data-index=\"0\" ><div class=\"textwidget\"><p class=\"paragraph_style\" style=\"color: #ffffff;\"><span style=\"color: #000000;\"><strong><span class=\"style_1\">L\u00e4ndername:\u00a0<\/span><\/strong><\/span><\/p>\n<p style=\"color: #919191;\"><span style=\"color: #000000;\">Australien<\/span><\/p>\n<p class=\"paragraph_style\" style=\"color: #ffffff;\"><span style=\"color: #000000;\"><strong>Flagge:<\/strong><\/span><\/p>\n<p><a href=\"http:\/\/kruste.selfhost.me\/wordpress\/wp-content\/uploads\/2015\/03\/australien.jpg\"><img loading=\"lazy\" decoding=\"async\" class=\"alignnone size-full wp-image-1172\" src=\"http:\/\/kruste.selfhost.me\/wordpress\/wp-content\/uploads\/2015\/03\/australien.jpg\" alt=\"australien\" width=\"138\" height=\"69\" \/><\/a><\/p>\n<\/div><\/div><div id=\"panel-1168-0-0-1\" class=\"so-panel widget widget_black-studio-tinymce widget_black_studio_tinymce\" data-index=\"1\" ><div class=\"panel-widget-style panel-widget-style-for-1168-0-0-1\" ><div class=\"textwidget\"><hr \/>\n<p><span style=\"color: #003399; font-size: 300%;\">Fl\u00e4che <\/span> <span style=\"color: #003399; font-size: xx-large;\">7.700.000 qm\u00b2 <\/span><span style=\"color: #003399;\">Einwohner <\/span> <span style=\"color: #003399; font-size: large;\">22.000.000 <\/span><span style=\"color: #003399; font-size: small;\">Hauptstadt <\/span> <span style=\"color: #003399; font-size: x-large;\">Canberra <\/span><span style=\"color: #003399; font-size: small;\">Kennzeichen <\/span> <span style=\"color: #003399;\">AUS <\/span><span style=\"color: #003399; font-size: x-large;\">Australischer Dollar <\/span><span style=\"color: #003399; font-size: small;\">Vorwahl <\/span> <span style=\"color: #003399;\">0061 <\/span><span style=\"color: #003399; font-size: medium;\">Hannover - Canberra 16.311 km <\/span><\/p>\n<hr \/>\n<\/div><\/div><\/div><div id=\"panel-1168-0-0-2\" class=\"so-panel widget widget_black-studio-tinymce widget_black_studio_tinymce panel-last-child\" data-index=\"2\" ><div class=\"textwidget\"><p class=\"paragraph_style\" style=\"color: #ffffff;\"><span style=\"color: #000000;\"><strong><span class=\"style_4\">Klima:<\/span><\/strong><\/span><\/p>\n<p>im Norden tropisch, gem\u00e4\u00dfigt im S\u00fcden und Osten, w\u00fcstenhaft im Zentrum.<\/p>\n<p class=\"paragraph_style\" style=\"color: #ffffff;\"><span style=\"color: #000000;\"><strong><span class=\"style_4\">Lage:\u00a0<\/span><\/strong><\/span><\/p>\n<p style=\"color: #919191;\"><span style=\"color: #000000;\">auf der s\u00fcdlichen Erdhalbkugel zwischen Neuseeland und Indonesien ( sehr grob gesehen ).<\/span><\/p>\n<p>Angrenzende L\u00e4nder: Ost-Timor, Neuseeland, Neukaledonien, Indonesien, Salomonen, Papua-Neuguinea<\/p>\n<p class=\"paragraph_style\" style=\"color: #ffffff;\"><span style=\"color: #000000;\"><strong><span class=\"style_4\">Fl\u00e4che: \u00a0<\/span><\/strong><\/span><\/p>\n<p>circa 7,7 Millionen qkm und somit die 22 fache Gr\u00f6\u00dfe Deutschlands.<\/p>\n<p class=\"paragraph_style\" style=\"color: #ffffff;\"><span style=\"color: #000000;\"><strong><span class=\"style_4\">Hauptstadt:<\/span><\/strong><\/span><\/p>\n<p style=\"color: #919191;\"><span style=\"color: #000000;\">Canberra mit gut 350.000 Einwohnern.<\/span><\/p>\n<p class=\"paragraph_style\" style=\"color: #ffffff;\"><span style=\"color: #000000;\"><strong><span class=\"style_4\">Bev\u00f6lkerung: \u00a0<\/span><\/strong><\/span><\/p>\n<p>circa 22 Millionen.<\/p>\n<p class=\"paragraph_style\" style=\"color: #ffffff;\"><span style=\"color: #000000;\"><strong><span class=\"style_4\">Landessprachen:<\/span><\/strong><\/span><\/p>\n<p style=\"color: #919191;\"><span style=\"color: #000000;\">Englisch<\/span><\/p>\n<p class=\"paragraph_style\" style=\"color: #ffffff;\"><span style=\"color: #000000;\"><strong><span class=\"style_4\">Religionen \/ Kirchen:<\/span><\/strong><\/span><\/p>\n<p style=\"color: #919191;\"><span style=\"color: #000000;\">Christen mit mehr als 63%,\u00a0Buddhisten 2 %, Muslime 2 %, Andere 2%, ohne Angabe 11% und ohne Religionszugeh\u00f6rigkeit mehr als 18%.<\/span><\/p>\n<p class=\"paragraph_style\" style=\"color: #ffffff;\"><span class=\"style_4\" style=\"color: #000000;\"><strong>Nationaltag: \u00a0<\/strong> \u00a0<\/span><\/p>\n<p style=\"color: #919191;\">\u00a0<span style=\"color: #000000;\">26. Januar (<span lang=\"en-gb\" xml:lang=\"en-gb\">Australia Day)<\/span><\/span><\/p>\n<p class=\"paragraph_style\" style=\"color: #ffffff;\"><span style=\"color: #000000;\"><strong><span class=\"style_4\">internationale Vorwahl Australien:<\/span><\/strong><\/span><\/p>\n<p class=\"paragraph_style\" style=\"color: #ffffff;\"><span class=\"style_2\" style=\"color: #000000;\">0061<\/span><\/p>\n<p class=\"paragraph_style\" style=\"color: #ffffff;\"><span style=\"color: #000000;\"><strong><span class=\"style_4\">Wechselkurs:<\/span><\/strong><\/span><\/p>\n<p style=\"color: #ffffff;\"><span style=\"color: #000000;\">1 Australischer Dollar (AUD)\u00a0\u00a0= 100 Cent<\/span><\/p>\n<p style=\"color: #ffffff;\"><strong><span style=\"color: #000000;\">Aktueller Wechselkurs (ohne Gew\u00e4hr):<\/span><\/strong><\/p>\n<p style=\"color: #323333;\">F\u00fcr 1,00&nbsp;EUR erh\u00e4lt man zurzeit 1.63&nbsp;AUD.<\/p>\n<p style=\"color: #323333;\"><strong>Der\u00a0Wechselkurs w\u00e4hrend meiner Reise:<\/strong><\/p>\n<ul>\n<li>SEPTEMBER 2003, 1\u20ac = 1.60 AUD<\/li>\n<\/ul>\n<p>&nbsp;<\/p>\n<p><span style=\"color: #000000;\"><strong>Hinweise:<\/strong><\/span><\/p>\n<p>Die Einreisekontrollen Australiens sind sehr streng. Vor Reisebeginn sollten die Bestimmungen \u00fcber die Einfuhr von Lebensmittel genau gepr\u00fcft werden.<\/p>\n<p>F\u00fcr die Einreise nach Australien ben\u00f6tigt man weiter ein Visum. Aktuelle Informationen gibt es zum Beispiel auf der Seite des Ausw\u00e4rtigen Amts.<\/p>\n<p><strong>Entfernung:<\/strong><\/p>\n<p><span style=\"color: #000000;\">Hannover - Perth\u00a013.816 km<\/span><\/p>\n<h3>Karte:<\/h3>\n<p>( Christmas Island und Cocos Keeling befinden sich nordwestlich\u00a0von Australien und s\u00fcdlich von Jakarta. Bitte in die Karte zoomen ).<\/p>\n<hr \/>\n<\/div><\/div><\/div><\/div><div id=\"pg-1168-1\"  class=\"panel-grid panel-no-style\" ><div id=\"pgc-1168-1-0\"  class=\"panel-grid-cell\" ><div id=\"panel-1168-1-0-0\" class=\"so-panel widget panel-first-child panel-last-child\" data-index=\"3\" ><\/div><\/div><\/div><\/div>","protected":false},"excerpt":{"rendered":"<p>L\u00e4ndername:\u00a0AustralienFlagge: Fl\u00e4che 7.700.000 qm\u00b2 Einwohner 22.000.000 Hauptstadt Canberra Kennzeichen AUS Australischer Dollar Vorwahl 0061 Hannover &#8211; Canberra 16.311 km Klima: im Norden tropisch, gem\u00e4\u00dfigt im<\/p>\n","protected":false},"author":1,"featured_media":0,"parent":30,"menu_order":0,"comment_status":"closed","ping_status":"closed","template":"","meta":{"footnotes":""},"class_list":["post-1168","page","type-page","status-publish","hentry"],"_links":{"self":[{"href":"http:\/\/kruste.selfhost.me\/wordpress\/index.php?rest_route=\/wp\/v2\/pages\/1168","targetHints":{"allow":["GET"]}}],"collection":[{"href":"http:\/\/kruste.selfhost.me\/wordpress\/index.php?rest_route=\/wp\/v2\/pages"}],"about":[{"href":"http:\/\/kruste.selfhost.me\/wordpress\/index.php?rest_route=\/wp\/v2\/types\/page"}],"author":[{"embeddable":true,"href":"http:\/\/kruste.selfhost.me\/wordpress\/index.php?rest_route=\/wp\/v2\/users\/1"}],"replies":[{"embeddable":true,"href":"http:\/\/kruste.selfhost.me\/wordpress\/index.php?rest_route=%2Fwp%2Fv2%2Fcomments&post=1168"}],"version-history":[{"count":2,"href":"http:\/\/kruste.selfhost.me\/wordpress\/index.php?rest_route=\/wp\/v2\/pages\/1168\/revisions"}],"predecessor-version":[{"id":6631,"href":"http:\/\/kruste.selfhost.me\/wordpress\/index.php?rest_route=\/wp\/v2\/pages\/1168\/revisions\/6631"}],"up":[{"embeddable":true,"href":"http:\/\/kruste.selfhost.me\/wordpress\/index.php?rest_route=\/wp\/v2\/pages\/30"}],"wp:attachment":[{"href":"http:\/\/kruste.selfhost.me\/wordpress\/index.php?rest_route=%2Fwp%2Fv2%2Fmedia&parent=1168"}],"curies":[{"name":"wp","href":"https:\/\/api.w.org\/{rel}","templated":true}]}}