{"id":1325,"date":"2015-06-15T21:14:58","date_gmt":"2015-06-15T19:14:58","guid":{"rendered":"http:\/\/kruste.selfhost.me\/wordpress\/?page_id=1325"},"modified":"2020-06-11T07:24:39","modified_gmt":"2020-06-11T05:24:39","slug":"region-christmas-island","status":"publish","type":"page","link":"http:\/\/kruste.selfhost.me\/wordpress\/?page_id=1325","title":{"rendered":"Region Christmas Island"},"content":{"rendered":"<div id=\"pl-1325\"  class=\"panel-layout\" ><div id=\"pg-1325-0\"  class=\"panel-grid panel-no-style\" ><div id=\"pgc-1325-0-0\"  class=\"panel-grid-cell\" ><div id=\"panel-1325-0-0-0\" class=\"so-panel widget widget_black-studio-tinymce widget_black_studio_tinymce panel-first-child\" data-index=\"0\" ><div class=\"textwidget\"><hr \/>\n<p>\u00a0<\/p>\n<\/div><\/div><div id=\"panel-1325-0-0-1\" class=\"so-panel widget widget_text panel-last-child\" data-index=\"1\" >\t\t\t<div class=\"textwidget\"><p>\nAktuelle Zeit auf Christmas Island:  12:05 Uhr<br \/>\nZeitzone:  +07<br \/>\nDie Wettervorhersage f\u00fcr die n\u00e4chsten drei Tage: <\/p>\n<\/div>\n\t\t<\/div><\/div><div id=\"pgc-1325-0-1\"  class=\"panel-grid-cell\" ><div id=\"panel-1325-0-1-0\" class=\"so-panel widget widget_black-studio-tinymce widget_black_studio_tinymce panel-first-child panel-last-child\" data-index=\"2\" ><div class=\"textwidget\"><p><i><\/i><\/p>\n<div class='weather-atlas-wrapper' style='background:#FF5000;border:1px solid #ee3f00;color:#fff;'>\n<div class='weather-atlas-header' style='border-bottom:1px solid #ee3f00'>Flying Fish Cove, CX<\/div>\n<div class='weather-atlas-body'>\n<div class='current_horizontal'>\n<div class='current_temp'><i class='wi wi-fw wi-weather-26'><\/i><span class='temp'>28\u00b0<\/span>\n<div class='current_text'>Wolkig<\/div>\n<div class='sunrise_sunset'>06:04<i class='wi wi-fw wi-weather-32'><\/i>17:42 +07<\/div>\n<\/div>\n<p><span class='current_text_2'>Gef\u00fchlt: 35<small>\u00b0C<\/small><br \/>Wind: 21<small>km\/h<\/small> ESE<br \/>Feuchtigkeit: 86<small>%<\/small><br \/>Druck: 1010.5<small>mbar<\/small><br \/>UV-Index: 6<\/span><\/p><\/div>\n<div class='hourly hours' style='border-bottom:1px solid #ee3f00'><span class='extended_hour extended_hour_1'>13<small>h<\/small><\/span><span class='extended_hour extended_hour_2'>14<small>h<\/small><\/span><span class='extended_hour extended_hour_3'>15<small>h<\/small><\/span><span class='extended_hour extended_hour_4'>16<small>h<\/small><\/span><span class='extended_hour extended_hour_5'>17<small>h<\/small><\/span><\/div>\n<div class='hourly'><span class='extended_hour extended_hour_1' title='Wolkig'>29<small>\u00b0C<\/small><br \/><i class='wi wi-fw wi-weather-26'><\/i><\/span><span class='extended_hour extended_hour_2' title='Stark Bew\u00f6lkt'>29<small>\u00b0C<\/small><br \/><i class='wi wi-fw wi-weather-28'><\/i><\/span><span class='extended_hour extended_hour_3' title='Stark Bew\u00f6lkt'>28<small>\u00b0C<\/small><br \/><i class='wi wi-fw wi-weather-28'><\/i><\/span><span class='extended_hour extended_hour_4' title='Stark Bew\u00f6lkt'>28<small>\u00b0C<\/small><br \/><i class='wi wi-fw wi-weather-28'><\/i><\/span><span class='extended_hour extended_hour_5' title='Stark Bew\u00f6lkt'>28<small>\u00b0C<\/small><br \/><i class='wi wi-fw wi-weather-28'><\/i><\/span><\/div>\n<div class='daily days' style='border-bottom:1px solid #ee3f00'><span class='extended_day extended_day_1'>So.<\/span><span class='extended_day extended_day_2'>Mo.<\/span><span class='extended_day extended_day_3'>Di.<\/span><\/div>\n<div class='daily'><span class='extended_day extended_day_1' title='Nachm. Schauer'>29<small>\u00b0C<\/small> \/ 26<small>\u00b0C<\/small><br \/><i class='wi wi-fw wi-weather-39'><\/i><\/span><span class='extended_day extended_day_2' title='Vorm. Schauer'>28<small>\u00b0C<\/small> \/ 25<small>\u00b0C<\/small><br \/><i class='wi wi-fw wi-weather-39'><\/i><\/span><span class='extended_day extended_day_3' title='Schauer'>28<small>\u00b0C<\/small> \/ 25<small>\u00b0C<\/small><br \/><i class='wi wi-fw wi-weather-11'><\/i><\/span><\/div>\n<\/div>\n<div class='weather-atlas-footer' style='border-top:1px solid #ee3f00'><a href='https:\/\/www.weather-atlas.com\/en\/christmas-island\/flying-fish-cove-weather-tomorrow' title='Flying Fish Cove, CX - Weather forecast for tomorrow' style='color:#fff'><span class='weather-atlas-footer-block'>Flying Fish Cove, CX<\/span> weather forecast for tomorrow &#9656;<\/a><\/div>\n<\/div>\n<p><\/p>\n<\/div><\/div><\/div><\/div><div id=\"pg-1325-1\"  class=\"panel-grid panel-no-style\" ><div id=\"pgc-1325-1-0\"  class=\"panel-grid-cell\" ><div id=\"panel-1325-1-0-0\" class=\"so-panel widget widget_black-studio-tinymce widget_black_studio_tinymce panel-first-child panel-last-child\" data-index=\"3\" ><div class=\"textwidget\"><hr \/>\n<p>Die Christmas Island ( Weihnachtsinsel ) liegt im Indischen Ozean und hat eine Fl\u00e4che von circa 135\u00a0km\u00b2. Sie befindet sich ca. 350 km s\u00fcdlich von Java und 2.600 km nordwestlich von Perth, verwaltet wird sie vom australischen Ministerium. Str\u00e4nde gibt es hier leider kaum und die beiden vorhandenen Str\u00e4nde bestehen aus groben Muschelgeh\u00e4usen und sind besser nur mit Schuhen zu begehen. Baden ist, aufgrund der starken Brandung,\u00a0kaum\u00a0m\u00f6glich; eventuell im Hafenbecken, sonst fast nur vom Boot aus.<\/p>\n<p>Die Insel wird, neben der tollen Steilk\u00fcste, vom Bild des Phosphatabbau gepr\u00e4gt und es sieht zum Teil recht trostlos aus.\u00a0Der auf den ersten Eindruck\u00a0recht ern\u00fcchternde Blick auf die gro\u00dfen Frachtschiffe im Hafen zeigte sp\u00e4ter noch ein anderes Bild. Tolle Tauchg\u00e4nge waren hier m\u00f6glich und ich suchte dort\u00a0meinen ersten Fetzenfisch.<\/p>\n<p>Die Weihnachtsinsel ist den meisten bekannt durch die Krabbenwanderung, bei der Millionen Tier aus dem Regenwald zum Meer wandern um\u00a0dort ihre Eier abzulegen. Sicherlich ein sehr beeindruckenden Schauspiel welches wir leider nicht erleben durften. Oktober ist hierzu die falsche Reisezeit ! Man sollte sich daf\u00fcr mehr auf den Dezember konzentrieren aber sicher ist dies durch den Klimawechsel nicht mehr.<\/p>\n<p>Aber auch ohne diese Krabbenwanderung gibt es einiges zu bewundern. Die Felsenk\u00fcste ist beeindruckend und mit Gl\u00fcck gibt es beim\u00a0zum Fr\u00fchst\u00fcck schon vorbeiziehende Delfine zu bestaunen. Die gro\u00dfen Palmendiebe ( eine Krabbenart ), Fregattv\u00f6gel die anderen V\u00f6geln die Beute abjagen oder tolle ( wenn auch kalte ) Tauchgebiete gestalten\u00a0den Tag auf Christmas Island abwechslungsreich.<\/p>\n<p>Eine Urlaubsparadies f\u00fcr einen exklusiven Sommerurlaub ist die Insel aber nicht. Naturburschen mit dem Sinn f\u00fcr das Praktische sind hier besser aufgehoben.<\/p>\n<p>Noch etwas Statistik:<\/p>\n<p>Entdeckt am 25. Dezember 1643 vom britischen Kapit\u00e4n William Mynors ( Wo kommt wohl der Name her \ud83d\ude42 )<br \/>\nFl\u00e4che: 135\u00a0km\u00b2<br \/>\nEinwohner: circa 2200<br \/>\nZentrum: Flying Fish Cove<br \/>\nHotels: maximal 4, wir wohnten im \"The Sunset Hotel\"<br \/>\nWirtschaft: Phosphatabbau von \u00fcber 150.000 Tonnen im Jahr 2112<br \/>\nChristmas Island Airport (XCH) wird aus Perth, Singapur und Kuala Lumpur angeflogen<br \/>\nViele endemische Pflanzen und Tier ( zum Beispiel der\u00a0Wei\u00dfbauch-Fregattvogel )<\/p>\n<p>Zu den Weihnachtsinseln\u00a0geh\u00f6rt auch :<\/p>\n<p>Fl\u00fcchtlinge aus Asien, Afrika und dem mittlerem Osten versuchen die Insel aufgrund\u00a0der abgeschiedenen Lage als Zufluchtsort zu nutzen, um so illegal einzuwandern.<\/p>\n<p>Scheinbar gibt es steuerliche Schlupfl\u00f6cher, die den Autohandel lukrativ machen. Wir wurden zum Beispiel mit einer Mercedes S Klasse vom Flughafen abgeholt. Damit hatten wir nicht gerechnet.<\/p>\n<\/div><\/div><\/div><\/div><\/div>","protected":false},"excerpt":{"rendered":"<p>\u00a0 Die Christmas Island ( Weihnachtsinsel ) liegt im Indischen Ozean und hat eine Fl\u00e4che von circa 135\u00a0km\u00b2. Sie befindet sich ca. 350 km s\u00fcdlich<\/p>\n","protected":false},"author":1,"featured_media":0,"parent":1168,"menu_order":0,"comment_status":"closed","ping_status":"closed","template":"","meta":{"footnotes":""},"class_list":["post-1325","page","type-page","status-publish","hentry"],"_links":{"self":[{"href":"http:\/\/kruste.selfhost.me\/wordpress\/index.php?rest_route=\/wp\/v2\/pages\/1325","targetHints":{"allow":["GET"]}}],"collection":[{"href":"http:\/\/kruste.selfhost.me\/wordpress\/index.php?rest_route=\/wp\/v2\/pages"}],"about":[{"href":"http:\/\/kruste.selfhost.me\/wordpress\/index.php?rest_route=\/wp\/v2\/types\/page"}],"author":[{"embeddable":true,"href":"http:\/\/kruste.selfhost.me\/wordpress\/index.php?rest_route=\/wp\/v2\/users\/1"}],"replies":[{"embeddable":true,"href":"http:\/\/kruste.selfhost.me\/wordpress\/index.php?rest_route=%2Fwp%2Fv2%2Fcomments&post=1325"}],"version-history":[{"count":7,"href":"http:\/\/kruste.selfhost.me\/wordpress\/index.php?rest_route=\/wp\/v2\/pages\/1325\/revisions"}],"predecessor-version":[{"id":7422,"href":"http:\/\/kruste.selfhost.me\/wordpress\/index.php?rest_route=\/wp\/v2\/pages\/1325\/revisions\/7422"}],"up":[{"embeddable":true,"href":"http:\/\/kruste.selfhost.me\/wordpress\/index.php?rest_route=\/wp\/v2\/pages\/1168"}],"wp:attachment":[{"href":"http:\/\/kruste.selfhost.me\/wordpress\/index.php?rest_route=%2Fwp%2Fv2%2Fmedia&parent=1325"}],"curies":[{"name":"wp","href":"https:\/\/api.w.org\/{rel}","templated":true}]}}