{"id":1359,"date":"2015-06-22T12:08:07","date_gmt":"2015-06-22T10:08:07","guid":{"rendered":"http:\/\/kruste.selfhost.me\/wordpress\/?page_id=1359"},"modified":"2016-06-15T15:14:09","modified_gmt":"2016-06-15T13:14:09","slug":"the-castle-region-cocos-keeling-island","status":"publish","type":"page","link":"http:\/\/kruste.selfhost.me\/wordpress\/?page_id=1359","title":{"rendered":"The Castle ( Region Cocos Keeling Island )"},"content":{"rendered":"<div id=\"pl-1359\"  class=\"panel-layout\" ><div id=\"pg-1359-0\"  class=\"panel-grid panel-no-style\" ><div id=\"pgc-1359-0-0\"  class=\"panel-grid-cell\" ><div id=\"panel-1359-0-0-0\" class=\"so-panel widget widget_black-studio-tinymce widget_black_studio_tinymce panel-first-child panel-last-child\" data-index=\"0\" ><div class=\"textwidget\"><div class=\"style_SkipStroke_2 shape-with-text flowDefining\">\n<div class=\"text-content style_External_485_494\">Eigentlich ist es ziemlich egal, wo man auf Cocos Keeling wohnt, die Lage ist immer gut. Wir hatten uns f\u00fcr das \" The Castle \" entschieden, welches fast direkt auf der Landebahn des kleinen Flughafen ( ist ja auch der Golfplatz ) liegt. Die Zimmer waren sauber und das Drumherum war OK. Die Bilder der WebSite zeigen, dass sich dort nach 12 Jahren doch etwas ver\u00e4ndert hat und somit sind meine Aussagen \u00fcber die Unterkunft hier nicht mehr aktuell.<\/div>\n<\/div>\n<div class=\"text-content style_External_485_494\">\u00a0<\/div>\n<div class=\"text-content style_External_485_494\">Zu unserer Reisezeit im Jahr 2003 gab es sicher sch\u00f6nere Unterk\u00fcnfte auf Cocos und beim Besuch des Cocos Seaview h\u00e4tte ich mir auch gut vorstellen k\u00f6nnen, beim n\u00e4chsten Besuch in diesem\u00a0Hotel\u00a0zu \u00fcbernachten.\u00a0<\/div>\n<div class=\"text-content style_External_485_494\">\u00a0<\/div>\n<div class=\"text-content style_External_485_494\">\u00a0<\/div>\n<\/div><\/div><\/div><\/div><div id=\"pg-1359-1\"  class=\"panel-grid panel-no-style\" ><div id=\"pgc-1359-1-0\"  class=\"panel-grid-cell\" ><div id=\"panel-1359-1-0-0\" class=\"so-panel widget widget_black-studio-tinymce widget_black_studio_tinymce panel-first-child panel-last-child\" data-index=\"1\" ><div class=\"textwidget\"><p><a href=\"http:\/\/kruste.selfhost.me\/wordpress\/wp-content\/uploads\/2015\/06\/cocos_01_003.jpg\"><img loading=\"lazy\" decoding=\"async\" class=\"alignnone size-large wp-image-1360 aligncenter\" src=\"http:\/\/kruste.selfhost.me\/wordpress\/wp-content\/uploads\/2015\/06\/cocos_01_003-1024x656.jpg\" alt=\"cocos_01_003\" width=\"660\" height=\"423\" srcset=\"http:\/\/kruste.selfhost.me\/wordpress\/wp-content\/uploads\/2015\/06\/cocos_01_003-1024x656.jpg 1024w, http:\/\/kruste.selfhost.me\/wordpress\/wp-content\/uploads\/2015\/06\/cocos_01_003-150x96.jpg 150w, http:\/\/kruste.selfhost.me\/wordpress\/wp-content\/uploads\/2015\/06\/cocos_01_003-300x192.jpg 300w, http:\/\/kruste.selfhost.me\/wordpress\/wp-content\/uploads\/2015\/06\/cocos_01_003-700x448.jpg 700w\" sizes=\"auto, (max-width: 660px) 100vw, 660px\" \/><\/a><\/p>\n<\/div><\/div><\/div><\/div><div id=\"pg-1359-2\"  class=\"panel-grid panel-no-style\" ><div id=\"pgc-1359-2-0\"  class=\"panel-grid-cell\" ><div id=\"panel-1359-2-0-0\" class=\"so-panel widget widget_black-studio-tinymce widget_black_studio_tinymce panel-first-child panel-last-child\" data-index=\"2\" ><div class=\"textwidget\"><div class=\"style_SkipStroke_2 shape-with-text flowDefining\">\n<div class=\"text-content style_External_485_494\">\u00a0<\/div>\n<\/div>\n<div class=\"text-content style_External_485_494\">\u00a0<\/div>\n<div class=\"text-content style_External_485_494\">Aber zur\u00fcck zu unserer Unterkunft.<\/div>\n<div class=\"text-content style_External_485_494\">Vom \" The Castle \" waren beide sch\u00f6nen Str\u00e4nde von Cocos ( Nord wie S\u00fcd ) gleich weit entfernt und wir freuten uns \u00fcber den sehe sehr sehr guten Taxi-Service von Ray und Jane.<\/div>\n<div class=\"text-content style_External_485_494\">Wir brauchten nur sagen, wann wir welchen Strand besuchen wollten und das Taxi stand bereit. Es war einfach unbeschreiblich, wie sich sich die Beiden um uns gek\u00fcmmert haben und so bleibt Cocos Keeling f\u00fcr uns in bester Erinnerung. Die Str\u00e4nde auf Cocos ( West Island ) sind nicht wirklich zum Baden geeignet. Am Trannies Beach im Norden, kann man sch\u00f6n liegen und die gro\u00dfen Wellenbrecher bewundern aber zum Schwimmen ist es hier zu gef\u00e4hrlich. Der S\u00fcden zeigt sich da von einer anderen Seite. Eine traumhaft gro\u00dfe und wei\u00dfe Lagune. Es bieten sich aber nur kleine Wasserl\u00f6cher zum Planschen oder kurze Passagen mit starker Str\u00f6mung. Hier galt, kurz rein und schnell wieder raus. Spa\u00df hat es aber gemacht.<\/div>\n<div class=\"text-content style_External_485_494\">Was man auf keine Fall vergessen darf, ist eine Sonnenbrille. Ich hatte keine aber was soll ich sagen, Ray hat mir seine geschenkt.<\/div>\n<div class=\"text-content style_External_485_494\">\u00a0<\/div>\n<div class=\"text-content style_External_485_494\">Sonst bietet Cocos sich f\u00fcr's \"Lagunen Angeln\" an. Es macht sehr viel Spa\u00df die Angel kurz auszuwerfen und sofort wieder einzuholen. Doch Vorsicht ist angesagt. Holt man die Angel mit der falschen Geschwindigkeit ein, ist der Fisch vom Haken. Nicht wie Ihr jetzt denkt, nein. Ein abgebissener Teil h\u00e4ngt ja noch dran, den Rest haben die Haie verspeist \ud83d\ude42<\/div>\n<div class=\"text-content style_External_485_494\">\u00a0<\/div>\n<div class=\"text-content style_External_485_494\">Cocos ist etwas f\u00fcr relaxte Tage. Sonnenbaden, Angeln, Freitags mit den M\u00e4nnern ein Bier trinken ( Samstag ist dann Ruhetag ) und der t\u00e4gliche Einkauf mit den Bestellungen f\u00fcr die W\u00f6chentliche Lieferung ( sonst gibt es nichts Frisches wie Obst oder Gem\u00fcse! ).<\/div>\n<div class=\"text-content style_External_485_494\">\u00a0<\/div>\n<div class=\"text-content style_External_485_494\">Wer mit den Bewohner\u00a0von South Island in Kontakt kommen m\u00f6chte, kann an einem w\u00f6chentlich stattfindendem Ausflug mit Abendessen teilnehmen. Dieter ( der Besitzer der Tauchschule ) organisiert dieses Treffen und es ist eine sch\u00f6ne Abwechslung. Sonst kann ich nur die Fahrt\u00a0zur Direction Island empfehlen. Ein Bilderbuch Strand, wie er sch\u00f6ner nicht sein kann und die Passage zu Pulu Pasier bietet sich perfekt zum Schnorcheln an. Angst vor der Str\u00f6mung sollte man aber nicht haben. Bitte nur darauf achten, dass das Wasser in die Lagune flie\u00dft.<\/div>\n<div class=\"text-content style_External_485_494\">\u00a0<\/div>\n<div class=\"text-content style_External_485_494\">\u00a0<\/div>\n<div class=\"text-content style_External_485_494\">\u00a0<\/div>\n<div class=\"text-content style_External_485_494\">\u00a0<\/div>\n<div class=\"text-content style_External_485_494\">\u00a0<\/div>\n<div class=\"text-content style_External_485_494\">\u00a0<\/div>\n<\/div><\/div><\/div><\/div><div id=\"pg-1359-3\"  class=\"panel-grid panel-no-style\" ><div id=\"pgc-1359-3-0\"  class=\"panel-grid-cell\" ><div id=\"panel-1359-3-0-0\" class=\"so-panel widget widget_black-studio-tinymce widget_black_studio_tinymce panel-first-child\" data-index=\"3\" ><h3 class=\"widget-title\">Preise:<\/h3><div class=\"textwidget\"><hr \/>\n<ul>\n<li>Leider habe ich die Preise der Unterkunft von 2003 nicht mehr notiert. In 2015 steht ein Betrag von 340 australischen Dollar pro Nacht auf der Website. Dies h\u00e4tte ich im Jahr 2003 nicht bezahlt.<\/li>\n<\/ul>\n<\/div><\/div><div id=\"panel-1359-3-0-1\" class=\"so-panel widget widget_black-studio-tinymce widget_black_studio_tinymce\" data-index=\"4\" ><div class=\"textwidget\"><p><img loading=\"lazy\" decoding=\"async\" class=\"size-full wp-image-1361 aligncenter\" src=\"http:\/\/kruste.selfhost.me\/wordpress\/wp-content\/uploads\/2015\/06\/cocos_01_004-e1443792676635.jpg\" alt=\"cocos_01_004\" width=\"1024\" height=\"664\" \/><\/p>\n<\/div><\/div><div id=\"panel-1359-3-0-2\" class=\"so-panel widget widget_black-studio-tinymce widget_black_studio_tinymce\" data-index=\"5\" ><h3 class=\"widget-title\">Anreise:<\/h3><div class=\"textwidget\"><hr \/>\n<p>Unsere Anreise erfolgt von Christmas Island. Ein kurzer, angenehmer und bequemer Flug.<\/p>\n<\/div><\/div><div id=\"panel-1359-3-0-3\" class=\"so-panel widget widget_black-studio-tinymce widget_black_studio_tinymce\" data-index=\"6\" ><h3 class=\"widget-title\">Meine Reisezeiten:<\/h3><div class=\"textwidget\"><hr \/>\n<ul>\n<li>Oktober 2003<\/li>\n<\/ul>\n<p class=\"paragraph_style\">\u00a0<\/p>\n<\/div><\/div><div id=\"panel-1359-3-0-4\" class=\"so-panel widget widget_black-studio-tinymce widget_black_studio_tinymce\" data-index=\"7\" ><h3 class=\"widget-title\">Das Wetter:<\/h3><div class=\"textwidget\"><hr \/>\n<p class=\"paragraph_style\">Oktober 2003<\/p>\n<ul>\n<li>Viel Sonnenschein und starker\u00a0Wind. Auch mal ein kleiner, kurzer Schauer.<\/li>\n<\/ul>\n<\/div><\/div><div id=\"panel-1359-3-0-5\" class=\"so-panel widget widget_black-studio-tinymce widget_black_studio_tinymce\" data-index=\"8\" ><h3 class=\"widget-title\">Zimmer:<\/h3><div class=\"textwidget\"><hr \/>\n<p>Viel kann ich zur Unterkunft nicht sagen. Es war alles dort aber sch\u00f6n geht anders und es war eher\u00a0praktisch als geschmackvoll.\u00a0<\/p>\n<p style=\"color: #919191;\">\u00a0<\/p>\n<\/div><\/div><div id=\"panel-1359-3-0-6\" class=\"so-panel widget widget_black-studio-tinymce widget_black_studio_tinymce\" data-index=\"9\" ><div class=\"textwidget\"><p><a href=\"http:\/\/kruste.selfhost.me\/wordpress\/wp-content\/uploads\/2015\/06\/cocos_01_005.jpg\"><img loading=\"lazy\" decoding=\"async\" class=\"  wp-image-1362 aligncenter\" src=\"http:\/\/kruste.selfhost.me\/wordpress\/wp-content\/uploads\/2015\/06\/cocos_01_005-660x1024.jpg\" alt=\"cocos_01_005\" width=\"547\" height=\"844\" \/><\/a><\/p>\n<\/div><\/div><div id=\"panel-1359-3-0-7\" class=\"so-panel widget widget_black-studio-tinymce widget_black_studio_tinymce\" data-index=\"10\" ><h3 class=\"widget-title\">K\u00fcche \/ Restaurant:<\/h3><div class=\"textwidget\"><hr \/>\n<p>Wir hatte das Gl\u00fcck Ray und Jane getroffen zu haben. Kochen, Restaurant usw. waren f\u00fcr uns Fremdworte. Kurz zum Angeln und schon war der Fisch auf dem Teller. Von Zeit zu Zeit kochten wir\u00a0mal ein paar Nudeln. Ein Restaurant gab es 2003 noch nicht wirklich auf Cocos. Wir hatten nur am ersten Abend das Vergn\u00fcgen, als Dieter uns die einzige M\u00f6glichkeit auf Cocos zeigt; das Inseleigene Restaurant ( die Kantine ). Ein Besuch hatte aber auch gereicht.<\/p>\n<\/div><\/div><div id=\"panel-1359-3-0-8\" class=\"so-panel widget widget_black-studio-tinymce widget_black_studio_tinymce\" data-index=\"11\" ><h3 class=\"widget-title\">Personal:<\/h3><div class=\"textwidget\"><hr \/><p>Auf Cocos sind alle sehr hilfsbereit. Bestellungen im Supermarkt werden gerne angenommen und Dieter vom Tauchcenter hilft wo er kann. Wir hatte Ray und Jane und besser kann es nicht sein. Babysitten, Kochen, Fahrdienst, Ausfl\u00fcge, Einkauf, Angeltouren...... es war einfach alles M\u00f6glich und wurde auf Wunsch durchgef\u00fchrt.\u00a0<\/p><\/div><\/div><div id=\"panel-1359-3-0-9\" class=\"so-panel widget widget_black-studio-tinymce widget_black_studio_tinymce\" data-index=\"12\" ><h3 class=\"widget-title\">Aktivit\u00e4ten:<\/h3><div class=\"textwidget\"><hr \/>\n<p>Tauchg\u00e4nge, Angeltouren, Ausfl\u00fcge zum Baden, Sonnenbaden, eine Runde Golf.<\/p>\n<p>Es ist alles recht einfach und praktisch. Luxus gibt es hier nicht.<\/p>\n<p>Der Blick von Steg ist auch immer lohnenswert. Mantas und Schildkr\u00f6ten konnte ich oft sehen und mit Gl\u00fcck kommt auch der Tigerhai einmal vorbei.<\/p>\n<p>Unvergesslich ist auch die Ausfahrt zum Tauchen. Das kleine Boot schoss durch die Brandung und wir h\u00f6rten laut Dire Straits (\u00a0Money For Nothing ).\u00a0<\/p>\n<\/div><\/div><div id=\"panel-1359-3-0-10\" class=\"so-panel widget widget_black-studio-tinymce widget_black_studio_tinymce panel-last-child\" data-index=\"13\" ><h3 class=\"widget-title\">Tipps:<\/h3><div class=\"textwidget\"><hr \/>\n<ul>\n<li>Der Tagesausflug zur\u00a0Direction Island sollte auf jeden Fall gebucht werden und die Sonnencreme geh\u00f6rt ins Handgep\u00e4ck.<\/li>\n<li>Freitag ist M\u00e4nnerabend. F\u00fcr 10 AUS$ so viel Bier trinken wie m\u00f6glich.\u00a0<\/li>\n<\/ul>\n<\/div><\/div><\/div><\/div><div id=\"pg-1359-4\"  class=\"panel-grid panel-no-style\" ><div id=\"pgc-1359-4-0\"  class=\"panel-grid-cell\" ><div id=\"panel-1359-4-0-0\" class=\"so-panel widget widget_black-studio-tinymce widget_black_studio_tinymce panel-first-child\" data-index=\"14\" ><h3 class=\"widget-title\">Sicherheit:<\/h3><div class=\"textwidget\"><hr \/>\n<p class=\"paragraph_style\">Man hat berichtet, dass vor langer Zeit einmal ein paar Jugendliche vom Festland eine Motorschraube geklaut haben,\u00a0sicher ist\u00a0das aber nicht. W\u00fcrde der Fall der Wahrheit entsprechen, liegt die Kriminalit\u00e4t somit bei einem Fall in den letzten 100 Jahren.<\/p>\n<p class=\"paragraph_style\">Was soll ich sagen, ich hab mich noch nie so sicher gef\u00fchlt obwohl keine\u00a0T\u00fcr verschlossen und \u00a0kein Fahrzeug gesichert war.<\/p>\n<\/div><\/div><div id=\"panel-1359-4-0-1\" class=\"so-panel widget widget_black-studio-tinymce widget_black_studio_tinymce\" data-index=\"15\" ><h3 class=\"widget-title\">Klartext:<\/h3><div class=\"textwidget\"><hr \/>\n<p>Auf Dauer kann es schon etwas langweilig werden. Es gibt eigentlich nur Wasser, Sand und Wind. Der Ausflug zur Direction Island oder der Besuch von South Island waren , neben den Tauchg\u00e4ngen, schon wichtige gebuchte Termin. Restaurants gab es nicht und alle freuten sich auf den M\u00e4nnerabend am Freitag, wo man sich sicher immer wieder die gleichen Geschichten erz\u00e4hlte. Ich wurde als Neuling gerne in die Runde aufgenommen uns so gab es ein neues Gespr\u00e4chsthema. Sicher wird am kommenden Freitag wieder vom Touristen aus Deutschland erz\u00e4hlt, der sich hierher verirrt hatte.<\/p>\n<\/div><\/div><div id=\"panel-1359-4-0-2\" class=\"so-panel widget widget_black-studio-tinymce widget_black_studio_tinymce panel-last-child\" data-index=\"16\" ><div class=\"textwidget\"><p style=\"text-align: center;\"><a href=\"http:\/\/kruste.selfhost.me\/wordpress\/wp-content\/uploads\/2015\/06\/cocos_01_010.jpg\"><img loading=\"lazy\" decoding=\"async\" class=\"alignnone size-large wp-image-1363\" src=\"http:\/\/kruste.selfhost.me\/wordpress\/wp-content\/uploads\/2015\/06\/cocos_01_010-1024x654.jpg\" alt=\"cocos_01_010\" width=\"660\" height=\"422\" \/><\/a><\/p>\n<\/div><\/div><\/div><\/div><\/div>","protected":false},"excerpt":{"rendered":"<p>Eigentlich ist es ziemlich egal, wo man auf Cocos Keeling wohnt, die Lage ist immer gut. Wir hatten uns f\u00fcr das &#8220; The Castle &#8222;<\/p>\n","protected":false},"author":1,"featured_media":0,"parent":1329,"menu_order":0,"comment_status":"closed","ping_status":"closed","template":"","meta":{"footnotes":""},"class_list":["post-1359","page","type-page","status-publish","hentry"],"_links":{"self":[{"href":"http:\/\/kruste.selfhost.me\/wordpress\/index.php?rest_route=\/wp\/v2\/pages\/1359","targetHints":{"allow":["GET"]}}],"collection":[{"href":"http:\/\/kruste.selfhost.me\/wordpress\/index.php?rest_route=\/wp\/v2\/pages"}],"about":[{"href":"http:\/\/kruste.selfhost.me\/wordpress\/index.php?rest_route=\/wp\/v2\/types\/page"}],"author":[{"embeddable":true,"href":"http:\/\/kruste.selfhost.me\/wordpress\/index.php?rest_route=\/wp\/v2\/users\/1"}],"replies":[{"embeddable":true,"href":"http:\/\/kruste.selfhost.me\/wordpress\/index.php?rest_route=%2Fwp%2Fv2%2Fcomments&post=1359"}],"version-history":[{"count":4,"href":"http:\/\/kruste.selfhost.me\/wordpress\/index.php?rest_route=\/wp\/v2\/pages\/1359\/revisions"}],"predecessor-version":[{"id":2305,"href":"http:\/\/kruste.selfhost.me\/wordpress\/index.php?rest_route=\/wp\/v2\/pages\/1359\/revisions\/2305"}],"up":[{"embeddable":true,"href":"http:\/\/kruste.selfhost.me\/wordpress\/index.php?rest_route=\/wp\/v2\/pages\/1329"}],"wp:attachment":[{"href":"http:\/\/kruste.selfhost.me\/wordpress\/index.php?rest_route=%2Fwp%2Fv2%2Fmedia&parent=1359"}],"curies":[{"name":"wp","href":"https:\/\/api.w.org\/{rel}","templated":true}]}}