{"id":1372,"date":"2015-06-22T14:54:00","date_gmt":"2015-06-22T12:54:00","guid":{"rendered":"http:\/\/kruste.selfhost.me\/wordpress\/?page_id=1372"},"modified":"2024-03-24T12:00:53","modified_gmt":"2024-03-24T10:00:53","slug":"singapur","status":"publish","type":"page","link":"http:\/\/kruste.selfhost.me\/wordpress\/?page_id=1372","title":{"rendered":"Singapur"},"content":{"rendered":"<div id=\"pl-1372\"  class=\"panel-layout\" ><div id=\"pg-1372-0\"  class=\"panel-grid panel-no-style\" ><div id=\"pgc-1372-0-0\"  class=\"panel-grid-cell\" ><div id=\"panel-1372-0-0-1\" class=\"so-panel widget widget_black-studio-tinymce widget_black_studio_tinymce\" data-index=\"1\" ><div class=\"textwidget\"><div class=\"style\">\n<p class=\"paragraph_style\"><span class=\"style_1\"><strong>L\u00e4ndername:<\/strong><br \/>\n<\/span><\/p>\n<p>Republik Singapur \/ Republic of Singapore<\/p>\n<p class=\"paragraph_style\"><strong><span class=\"style_3\">Flagge:<\/span><\/strong><\/p>\n<p><a href=\"http:\/\/kruste.selfhost.me\/wordpress\/wp-content\/uploads\/2015\/06\/singapore.jpg\"><img loading=\"lazy\" decoding=\"async\" class=\"alignnone wp-image-1373\" src=\"http:\/\/kruste.selfhost.me\/wordpress\/wp-content\/uploads\/2015\/06\/singapore.jpg\" alt=\"singapore\" width=\"136\" height=\"94\" \/><\/a><\/p>\n<p>&nbsp;<\/p><\/div>\n<\/div><\/div><div id=\"panel-1372-0-0-2\" class=\"so-panel widget widget_text\" data-index=\"2\" >\t\t\t<div class=\"textwidget\"><\/div>\n\t\t<\/div><div id=\"panel-1372-0-0-3\" class=\"so-panel widget widget_text\" data-index=\"3\" >\t\t\t<div class=\"textwidget\"><section class=\"parallax-section\">\n<div class=\"parallax-window\" data-z-index=\"1\" data-position-x=\"left\" data-parallax=\"scroll\" data-speed=\".3\" data-image-src=\"http:\/\/kruste.selfhost.me\/wordpress\/wp-content\/uploads\/2020\/06\/SAF_1424.jpg\" style=\"align-items: flex-start;min-height: 550px;\">\n<div class=\"parallax-container parallax-content\">\n<\/div>\n<\/div>\n<\/section>\n<\/div>\n\t\t<\/div><div id=\"panel-1372-0-0-4\" class=\"so-panel widget widget_black-studio-tinymce widget_black_studio_tinymce\" data-index=\"4\" ><div class=\"panel-widget-style panel-widget-style-for-1372-0-0-4\" ><div class=\"textwidget\"><hr \/>\n<p><span style=\"color: #003399; font-size: 300%;\">Fl\u00e4che <\/span> <span style=\"color: #003399; font-size: xx-large;\">704 qm\u00b2 <\/span><span style=\"color: #003399;\">Einwohner <\/span> <span style=\"color: #003399; font-size: large;\">5.470.000 <\/span><span style=\"color: #003399; font-size: small;\">Hauptstadt <\/span> <span style=\"color: #003399; font-size: x-large;\">Singapur <\/span><span style=\"color: #003399; font-size: small;\">Kennzeichen <\/span> <span style=\"color: #003399;\">SGP <\/span><span style=\"color: #003399; font-size: x-large;\">Singapur Dollar <\/span><span style=\"color: #003399; font-size: small;\">Vorwahl <\/span> <span style=\"color: #003399;\">0065 <\/span><span style=\"color: #003399; font-size: medium;\">Hannover - Singapur 10.164 km <\/span><\/p>\n<hr \/>\n<\/div><\/div><\/div><div id=\"panel-1372-0-0-5\" class=\"so-panel widget widget_black-studio-tinymce widget_black_studio_tinymce panel-last-child\" data-index=\"5\" ><div class=\"textwidget\"><div class=\"style\">\n<p class=\"paragraph_style\"><span class=\"style_4\"><strong>Klima:<\/strong><br \/>\n<\/span><\/p>\n<p>Feuchthei\u00dfes Tropenklima ohne jahreszeitliche Schwankungen;<br \/>\ndurchschnittliche Tagestemperatur 27,5 \u00b0C; Luftfeuchtigkeit meist um 85%<\/p>\n<p class=\"paragraph_style\"><strong>Lage:<\/strong><\/p>\n<p>Singapur besteht aus einer der Halbinsel Malaysia s\u00fcdlich vorgelagerten Insel, die mit dem malaysischen Festland durch einen Damm und eine Br\u00fccke verbunden ist, sowie\u00a054 weiteren kleinen Inseln.<\/p>\n<p>Angrenzende L\u00e4nder: Malaysia, Indonesien<\/p>\n<p class=\"paragraph_style\"><strong>Fl\u00e4che: \u00a0<\/strong><\/p>\n<p>704 qkm ( durch Landgewinnungsma\u00dfnahmen konnte\u00a0die Landfl\u00e4che um mehr als 20% vergr\u00f6ssert werden )<\/p>\n<p class=\"paragraph_style\"><strong>Hauptstadt:<\/strong><\/p>\n<p class=\"paragraph_style\">Singapur ist ein Stadtstaat<\/p>\n<p class=\"paragraph_style\"><strong>Bev\u00f6lkerung:<\/strong><\/p>\n<p>5,47 Mio., davon circa 2,13 Mio. Ausl\u00e4nder (einschlie\u00dflich 0,53 Mio. \"Permanent Residents\")<\/p>\n<p class=\"paragraph_style\"><strong>Landessprachen:<\/strong><\/p>\n<p class=\"paragraph_style\">Englisch (Verkehrs-, Handels- und Verwaltungssprache), Chinesisch, Malaiisch und Tamilisch<\/p>\n<p class=\"paragraph_style\"><strong>Religionen \/ Kirchen:<\/strong><\/p>\n<p class=\"paragraph_style\">Buddhismus, Christen, Hindus, Moslems ( Ein freundliches und respektvolles \u00a0Miteinander ist m\u00f6glich )<\/p>\n<\/div>\n<div class=\"style\">\n<p class=\"paragraph_style\"><span class=\"style_4\"><strong>Nationaltag:<\/strong>\u00a0\u00a0\u00a0 <\/span><span class=\"style_3\"><br \/>\n<\/span><\/p>\n<p class=\"paragraph_style_1\">9. August (\u00a0Singapur schied am 09.08.1965 aus der Malaysischen F\u00f6deration aus und erhielt seine Unabh\u00e4ngigkeit )<\/p>\n<p class=\"paragraph_style_1\"><strong>Regierungsform:<\/strong><\/p>\n<p class=\"paragraph_style\">Parlamentarische Demokratie, Einkammersystem<\/p>\n<p class=\"paragraph_style\"><strong>Internationale Vorwahl Singapur:<\/strong><\/p>\n<p class=\"paragraph_style\">0065<\/p>\n<p class=\"paragraph_style\"><span class=\"style_3\"><strong>Wechselkurs:<\/strong><\/span><\/p>\n<p class=\"paragraph_style\"><span class=\"style_3\"> 1 Singapur Dollar\u00a0= 100 Cent:<br \/>\n<\/span><\/p>\n<p style=\"color: #ffffff;\"><span style=\"font-weight: 600;\"><span style=\"color: #000000;\">Aktueller Wechselkurs (ohne Gew\u00e4hr):<\/span><\/span><\/p>\n<p style=\"color: #323333;\">F\u00fcr 1,00&nbsp;EUR erh\u00e4lt man zurzeit 1.50&nbsp;SGD<\/p>\n<p style=\"color: #323333;\"><strong>Die Wechselkurse w\u00e4hrend meiner Reisen:<\/strong><\/p>\n<ul>\n<li><span style=\"color: #000000;\">Juni 2010, 1\u20ac = 1.65 SIN$<br \/>\n<\/span><\/li>\n<li>August 2015, 1\u20ac = 1.51 SIN$<\/li>\n<\/ul>\n<p>&nbsp;<\/p>\n<p><span style=\"color: #000000;\"><strong>Kommunikation:<\/strong><br \/>\n<\/span><\/p>\n<p class=\"paragraph_style\">In Singapur ist alles machbar. Dieser kleine Stadtstadt ist in der Entwicklung sehr weit und was bei uns m\u00f6glich ist, geht dort schon lange.<\/p>\n<p class=\"paragraph_style\"><strong><span class=\"style_2\">Hinweis:<\/span><\/strong><\/p>\n<p class=\"paragraph_style\">Singapur ist sehr sauber ! Das ist angenehm kommt aber nicht von ungef\u00e4hr. Hohe Strafen ( 500 SIN$ f\u00fcr Essen in der U-Bahn , Verbot von Kaugummi oder das Putzen von Gehwegen bei mehrmaligen Geschwindigkeits\u00fcbertretungen ) sind die Ursache f\u00fcr die Reinheit. Ist es das Wert ?<\/p>\n<p class=\"paragraph_style\"><strong>Entfernung:<\/strong><\/p>\n<p class=\"paragraph_style\"><span style=\"color: #000000;\">Hannover - Singapur\u00a0<strong>10.164\u00a0km<\/strong><\/span><\/p>\n<h3 class=\"paragraph_style\">Karte:<\/h3>\n<hr \/>\n<h3 class=\"paragraph_style\"><\/h3>\n<\/div>\n<\/div><\/div><\/div><\/div><div id=\"pg-1372-1\"  class=\"panel-grid panel-no-style\" ><div id=\"pgc-1372-1-0\"  class=\"panel-grid-cell\" ><div id=\"panel-1372-1-0-0\" class=\"so-panel widget panel-first-child panel-last-child\" data-index=\"6\" ><\/div><\/div><\/div><\/div>","protected":false},"excerpt":{"rendered":"<p>L\u00e4ndername: Republik Singapur \/ Republic of Singapore Flagge: &nbsp; Fl\u00e4che 704 qm\u00b2 Einwohner 5.470.000 Hauptstadt Singapur Kennzeichen SGP Singapur Dollar Vorwahl 0065 Hannover &#8211; Singapur<\/p>\n","protected":false},"author":1,"featured_media":0,"parent":30,"menu_order":0,"comment_status":"closed","ping_status":"open","template":"","meta":{"footnotes":""},"class_list":["post-1372","page","type-page","status-publish","hentry"],"_links":{"self":[{"href":"http:\/\/kruste.selfhost.me\/wordpress\/index.php?rest_route=\/wp\/v2\/pages\/1372","targetHints":{"allow":["GET"]}}],"collection":[{"href":"http:\/\/kruste.selfhost.me\/wordpress\/index.php?rest_route=\/wp\/v2\/pages"}],"about":[{"href":"http:\/\/kruste.selfhost.me\/wordpress\/index.php?rest_route=\/wp\/v2\/types\/page"}],"author":[{"embeddable":true,"href":"http:\/\/kruste.selfhost.me\/wordpress\/index.php?rest_route=\/wp\/v2\/users\/1"}],"replies":[{"embeddable":true,"href":"http:\/\/kruste.selfhost.me\/wordpress\/index.php?rest_route=%2Fwp%2Fv2%2Fcomments&post=1372"}],"version-history":[{"count":5,"href":"http:\/\/kruste.selfhost.me\/wordpress\/index.php?rest_route=\/wp\/v2\/pages\/1372\/revisions"}],"predecessor-version":[{"id":6632,"href":"http:\/\/kruste.selfhost.me\/wordpress\/index.php?rest_route=\/wp\/v2\/pages\/1372\/revisions\/6632"}],"up":[{"embeddable":true,"href":"http:\/\/kruste.selfhost.me\/wordpress\/index.php?rest_route=\/wp\/v2\/pages\/30"}],"wp:attachment":[{"href":"http:\/\/kruste.selfhost.me\/wordpress\/index.php?rest_route=%2Fwp%2Fv2%2Fmedia&parent=1372"}],"curies":[{"name":"wp","href":"https:\/\/api.w.org\/{rel}","templated":true}]}}