{"id":1396,"date":"2015-06-24T11:32:43","date_gmt":"2015-06-24T09:32:43","guid":{"rendered":"http:\/\/kruste.selfhost.me\/wordpress\/?page_id=1396"},"modified":"2016-04-22T13:15:13","modified_gmt":"2016-04-22T11:15:13","slug":"swissotel-singapur","status":"publish","type":"page","link":"http:\/\/kruste.selfhost.me\/wordpress\/?page_id=1396","title":{"rendered":"Swissotel (Singapur)"},"content":{"rendered":"<div id=\"pl-1396\"  class=\"panel-layout\" ><div id=\"pg-1396-0\"  class=\"panel-grid panel-no-style\" ><div id=\"pgc-1396-0-0\"  class=\"panel-grid-cell\" ><div id=\"panel-1396-0-0-0\" class=\"so-panel widget widget_black-studio-tinymce widget_black_studio_tinymce panel-first-child panel-last-child\" data-index=\"0\" ><div class=\"textwidget\"><div class=\"style_SkipStroke_2 shape-with-text flowDefining\">\n<div class=\"text-content style_External_485_494\">\n<div class=\"style\">\u00a0<\/div>\n<div class=\"style\">\n<div class=\"style\">\n<p>Das Swissotel hat eine ausgezeichnete Lage und befindet sich direkt am Singapur River in der Nachbarschaft zum Central Shopping Center. Sehensw\u00fcrdigkeiten wie das Wahrzeichen Singapurs, der Merlion, Chinatown, Little India oder das Raffles Hotel liegen um die Ecke und sind gut zu erreichen.<\/p>\n<p>Eine\u00a0Fahrt mit dem Bus zur Orchard Road (die Einkaufsmeile Singapurs) kostet nur 1 SGD und die Fahrt mit dem Taxi zum Zoo ( f\u00fcr mich ist der Zoo ein muss ) liegt bei 18 SGD. Beim Besuch des Zoo sollte man \u00fcberlegen, ob der Aufwand mit Bus und Bahn lohnt und die R\u00fcckfahrt in der Nacht ( der Zoo bietet einen Nachtrundgang an ) sollte schon per Taxi erfolgen.<\/p>\n<p>Das Swissotel ist vom Prinzip ein solides und anst\u00e4ndiges Hotel, welches\u00a0man ohne Probleme buchen kann. Die Zimmer sind sauber, gut eingerichtet und ein Safe, Minibar, Fernseher und bequeme Betten geh\u00f6ren zur Ausstattung.\u00a0<\/p>\n<p>Ein paar kleine Eigenheiten hat das Swissotel jedoch schon. Zum Beispiel ist das\u00a0Baden im Hotelpool bei Regen nicht gestattet und soll gef\u00e4hrlich sein ( was ich bei Gewitter ja verstehen kann ), doch leider hat es am Morgen oft geregnet und wir konnten den Pool so kaum nutzen.<\/p>\n<\/div>\n<\/div>\n<\/div>\n<\/div>\n<\/div><\/div><\/div><div id=\"pgc-1396-0-1\"  class=\"panel-grid-cell\" ><div id=\"panel-1396-0-1-0\" class=\"so-panel widget widget_black-studio-tinymce widget_black_studio_tinymce panel-first-child panel-last-child\" data-index=\"1\" ><div class=\"textwidget\"><p><a href=\"http:\/\/kruste.selfhost.me\/wordpress\/wp-content\/uploads\/2015\/06\/STG_6754.jpg\"><img loading=\"lazy\" decoding=\"async\" class=\"alignnone size-large wp-image-1407\" src=\"http:\/\/kruste.selfhost.me\/wordpress\/wp-content\/uploads\/2015\/06\/STG_6754-1015x1024.jpg\" alt=\"STG_6754\" width=\"660\" height=\"666\" srcset=\"http:\/\/kruste.selfhost.me\/wordpress\/wp-content\/uploads\/2015\/06\/STG_6754-1015x1024.jpg 1015w, http:\/\/kruste.selfhost.me\/wordpress\/wp-content\/uploads\/2015\/06\/STG_6754-150x150.jpg 150w, http:\/\/kruste.selfhost.me\/wordpress\/wp-content\/uploads\/2015\/06\/STG_6754-297x300.jpg 297w, http:\/\/kruste.selfhost.me\/wordpress\/wp-content\/uploads\/2015\/06\/STG_6754-700x706.jpg 700w\" sizes=\"auto, (max-width: 660px) 100vw, 660px\" \/><\/a><\/p>\n<\/div><\/div><\/div><\/div><div id=\"pg-1396-1\"  class=\"panel-grid panel-no-style\" ><div id=\"pgc-1396-1-0\"  class=\"panel-grid-cell\" ><div id=\"panel-1396-1-0-0\" class=\"so-panel widget widget_black-studio-tinymce widget_black_studio_tinymce panel-first-child\" data-index=\"2\" ><h3 class=\"widget-title\">Preise:<\/h3><div class=\"textwidget\"><hr \/>\n<p class=\"Caption\"><i>Spezielles \u00dcbernachtungspaket 464 \u20ac\u00a0f\u00fcr 4 N\u00e4chte inklusive Fr\u00fchst\u00fcck\u00a0bei 2 Erwachsenen und einem Kind.<\/i><\/p>\n<p><i style=\"font-family: sans-serif; font-variant: normal; line-height: normal;\">Latte Macchiato\u00a09 SGD<\/i><br \/><i style=\"font-family: sans-serif; font-variant: normal; line-height: normal;\">Tasse Kakao 8 SGD<\/i><br \/><i style=\"font-family: sans-serif; font-variant: normal; line-height: normal;\">Transfer Flughafen - Hotel ( selbst gebuchtes Taxi ) 20 SGD pro Weg<\/i><\/p>\n<ul>\n<li>Alle Preise in Hotel Plus 10 % Tax und 7 % Bedienung<\/li>\n<\/ul>\n<\/div><\/div><div id=\"panel-1396-1-0-1\" class=\"so-panel widget widget_black-studio-tinymce widget_black_studio_tinymce\" data-index=\"3\" ><h3 class=\"widget-title\">Kommunikation:<\/h3><div class=\"textwidget\"><div id=\"id4\" class=\"style_SkipStroke_4 shape-with-text\">\n<div class=\"text-content graphic_textbox_layout_style_default_External_138_130\">\n<div class=\"graphic_textbox_layout_style_default\">\n<hr \/>\n<p class=\"Caption\">Per Mobilfunk ist man erreichbar. Internetzugang per WLAN kostet 30 SGD pro Tag oder 16 SGD die Stunde ( wow, das in Singapur ).<\/p>\n<\/div>\n<\/div>\n<\/div>\n<\/div><\/div><div id=\"panel-1396-1-0-2\" class=\"so-panel widget widget_black-studio-tinymce widget_black_studio_tinymce\" data-index=\"4\" ><div class=\"textwidget\"><p><a href=\"http:\/\/kruste.selfhost.me\/wordpress\/wp-content\/uploads\/2015\/06\/STG_7338.jpg\"><img loading=\"lazy\" decoding=\"async\" class=\" size-large wp-image-1405 aligncenter\" src=\"http:\/\/kruste.selfhost.me\/wordpress\/wp-content\/uploads\/2015\/06\/STG_7338-1024x381.jpg\" alt=\"STG_7338\" width=\"660\" height=\"246\" srcset=\"http:\/\/kruste.selfhost.me\/wordpress\/wp-content\/uploads\/2015\/06\/STG_7338-1024x381.jpg 1024w, http:\/\/kruste.selfhost.me\/wordpress\/wp-content\/uploads\/2015\/06\/STG_7338-150x56.jpg 150w, http:\/\/kruste.selfhost.me\/wordpress\/wp-content\/uploads\/2015\/06\/STG_7338-300x112.jpg 300w, http:\/\/kruste.selfhost.me\/wordpress\/wp-content\/uploads\/2015\/06\/STG_7338-700x261.jpg 700w\" sizes=\"auto, (max-width: 660px) 100vw, 660px\" \/><\/a><\/p>\n<\/div><\/div><div id=\"panel-1396-1-0-3\" class=\"so-panel widget widget_black-studio-tinymce widget_black_studio_tinymce\" data-index=\"5\" ><h3 class=\"widget-title\">Anreise:<\/h3><div class=\"textwidget\"><hr \/>\n<p style=\"color: #919191;\"><span style=\"color: #000000;\">Wir buchten\u00a0Singapur als kurzen Stopp auf unserer Reise nach Indonesien ( Mandao ) und haben dies als sehr angenehm empfunden. Die N\u00e4chste Reise planen wir erneut so.<\/span><\/p>\n<\/div><\/div><div id=\"panel-1396-1-0-4\" class=\"so-panel widget widget_black-studio-tinymce widget_black_studio_tinymce\" data-index=\"6\" ><h3 class=\"widget-title\">Meine Reisezeiten:<\/h3><div class=\"textwidget\"><hr \/>\n<ul>\n<li>Juni 2010<\/li>\n<\/ul>\n<p class=\"paragraph_style\">\u00a0<\/p>\n<\/div><\/div><div id=\"panel-1396-1-0-5\" class=\"so-panel widget widget_black-studio-tinymce widget_black_studio_tinymce\" data-index=\"7\" ><h3 class=\"widget-title\">Das Wetter:<\/h3><div class=\"textwidget\"><hr \/>\n<p class=\"paragraph_style\">Juni 2010<\/p>\n<ul>\n<li>33\u00b0C und leichte Bew\u00f6lkung mit sonnigen Momenten. In den Morgenstunden gab es oft Regen und zum Teil auch Gewitter<\/li>\n<\/ul>\n<\/div><\/div><div id=\"panel-1396-1-0-6\" class=\"so-panel widget widget_black-studio-tinymce widget_black_studio_tinymce\" data-index=\"8\" ><h3 class=\"widget-title\">Zimmer:<\/h3><div class=\"textwidget\"><hr \/>\n<p style=\"color: #919191;\"><span style=\"color: #000000;\">Sauber und gut eingerichtet mit Safe, Minibar, Fernseher und bequemen Betten.<br \/>Angemessen f\u00fcr ein **** Hotel aber auch nichts spektakul\u00e4res.\u00a0<\/span><\/p>\n<\/div><\/div><div id=\"panel-1396-1-0-7\" class=\"so-panel widget widget_black-studio-tinymce widget_black_studio_tinymce\" data-index=\"9\" ><div class=\"textwidget\"><p style=\"text-align: center;\"><a href=\"http:\/\/kruste.selfhost.me\/wordpress\/wp-content\/uploads\/2015\/06\/STG_6780.jpg\"><img loading=\"lazy\" decoding=\"async\" class=\"alignnone size-large wp-image-1406\" src=\"http:\/\/kruste.selfhost.me\/wordpress\/wp-content\/uploads\/2015\/06\/STG_6780-1024x805.jpg\" alt=\"STG_6780\" width=\"660\" height=\"519\" srcset=\"http:\/\/kruste.selfhost.me\/wordpress\/wp-content\/uploads\/2015\/06\/STG_6780-1024x805.jpg 1024w, http:\/\/kruste.selfhost.me\/wordpress\/wp-content\/uploads\/2015\/06\/STG_6780-150x118.jpg 150w, http:\/\/kruste.selfhost.me\/wordpress\/wp-content\/uploads\/2015\/06\/STG_6780-300x236.jpg 300w, http:\/\/kruste.selfhost.me\/wordpress\/wp-content\/uploads\/2015\/06\/STG_6780-700x551.jpg 700w\" sizes=\"auto, (max-width: 660px) 100vw, 660px\" \/><\/a><\/p>\n<\/div><\/div><div id=\"panel-1396-1-0-8\" class=\"so-panel widget widget_black-studio-tinymce widget_black_studio_tinymce\" data-index=\"10\" ><h3 class=\"widget-title\">K\u00fcche \/ Restaurant:<\/h3><div class=\"textwidget\"><hr \/>\n<p><span style=\"color: #000000;\">Reichhaltiges Fr\u00fchst\u00fccksbuffet mit frischen Fr\u00fcchten, Ei, Joghurt, Wurst, frischen S\u00e4ften, s\u00fc\u00dfen Sachen und warmer K\u00fcche. Alles\u00a0ist reichlich vorhanden.<\/span><\/p>\n<p>Leider ist es etwas eng im Restaurant und das Fr\u00fchst\u00fcck gibt es nur bis 10:30 Uhr, nichts f\u00fcr Langschl\u00e4fer. Zus\u00e4tzlich sollten die Preise im Auge behalten werden. Ist das Fr\u00fchst\u00fcck nicht im Zimmerpreis inkludiert, wird es leider ein sehr teures Vergn\u00fcgen und ist so nicht zu empfehlen. \u00a0<\/p>\n<\/div><\/div><div id=\"panel-1396-1-0-9\" class=\"so-panel widget widget_black-studio-tinymce widget_black_studio_tinymce\" data-index=\"11\" ><h3 class=\"widget-title\">Personal:<\/h3><div class=\"textwidget\"><hr \/><p style=\"color: #919191;\"><span style=\"color: #000000;\">Sehr freundlich und auf Nachfrage wurde uns das\u00a0Zimmer schon gegen 10:30 Uhr zur Verf\u00fcgung gestellt.\u00a0Check Out ist um 12:00 Uhr.\u00a0<\/span><\/p><\/div><\/div><div id=\"panel-1396-1-0-10\" class=\"so-panel widget widget_black-studio-tinymce widget_black_studio_tinymce\" data-index=\"12\" ><h3 class=\"widget-title\">Aktivit\u00e4ten:<\/h3><div class=\"textwidget\"><hr \/>\n<p class=\"Caption\">Im Hotel gibt es ein Pool ( bei Regen nicht benutzbar ) sowie ein Fitnessbereich. Nach den vielen Einkaufstouren ben\u00f6tigte ich jedoch kein Laufband mehr\u00a0und kann die Qualit\u00e4t nicht beurteilen.<\/p>\n<\/div><\/div><div id=\"panel-1396-1-0-11\" class=\"so-panel widget widget_black-studio-tinymce widget_black_studio_tinymce panel-last-child\" data-index=\"13\" ><h3 class=\"widget-title\">Tipps:<\/h3><div class=\"textwidget\"><hr \/>\n<ul>\n<li>\n<p>Die Regeln in Singapur sind nicht mehr so scharf wie noch vor 5 Jahren. Man darf auch ruhig mal ein Bier am Fluss trinken und so den Abend\u00a0genie\u00dfen.<\/p>\n<\/li>\n<li>\n<p>Missachtung der Gesetze kann jedoch teuer oder unangenehm werden. Das Wegwerfen von M\u00fcll kann zum Arbeitseinsatz auf der Orchad Road (M\u00fcllsammeln)\u00a0f\u00fchren.<\/p>\n<\/li>\n<\/ul>\n<\/div><\/div><\/div><\/div><div id=\"pg-1396-2\"  class=\"panel-grid panel-no-style\" ><div id=\"pgc-1396-2-0\"  class=\"panel-grid-cell\" ><div id=\"panel-1396-2-0-0\" class=\"so-panel widget widget_black-studio-tinymce widget_black_studio_tinymce panel-first-child\" data-index=\"14\" ><h3 class=\"widget-title\">Sicherheit:<\/h3><div class=\"textwidget\"><hr \/>\n<p class=\"paragraph_style\">\u00dcberhaupt kein Problem ! Wir hatten zum Beispiel unsere Reisetasche mit Geld, Laptop, Tickets ... im Taxi vergessen. Da auf Grund eines Feiertag in der Stadt alles sehr hektisch und voller Verkehr war, entschuldigte sich der Taxifahrer f\u00fcr die Berechnung der zus\u00e4tzlichen Anfahrt, die er ben\u00f6tigte um uns die Tasche zur\u00fcck zu bringen. Das wir diese vollst\u00e4ndig und unversehrt erhalten haben ist in Singapur Ehrensache und bedarf keiner weiteren Erkl\u00e4rung. Wir waren auf jeden Fall sehr, sehr Gl\u00fccklich.<\/p>\n<\/div><\/div><div id=\"panel-1396-2-0-1\" class=\"so-panel widget widget_black-studio-tinymce widget_black_studio_tinymce\" data-index=\"15\" ><h3 class=\"widget-title\">Klartext:<\/h3><div class=\"textwidget\"><hr \/>\n<p style=\"color: #919191;\"><span style=\"color: #000000;\">Es waren nur Kleinigkeiten, die zu erw\u00e4hnen sind. Zum einen der hohe Preis f\u00fcr das Fr\u00fchst\u00fcck, die Regelung bei Regen den Pool nicht betreten zu d\u00fcrfen oder der Internetzugang f\u00fcr 30 SGD pro Tag. Alles nicht tragisch, doch zum Teil \u00e4rgerlich.<\/span><\/p>\n<\/div><\/div><div id=\"panel-1396-2-0-2\" class=\"so-panel widget widget_black-studio-tinymce widget_black_studio_tinymce panel-last-child\" data-index=\"16\" ><div class=\"textwidget\"><p style=\"text-align: center;\"><a href=\"http:\/\/kruste.selfhost.me\/wordpress\/wp-content\/uploads\/2015\/06\/STG_7556-e1435142388962.jpg\"><img loading=\"lazy\" decoding=\"async\" class=\"alignnone  wp-image-1413\" src=\"http:\/\/kruste.selfhost.me\/wordpress\/wp-content\/uploads\/2015\/06\/STG_7556-e1435142388962.jpg\" alt=\"STG_7556\" width=\"507\" height=\"342\" \/><\/a><\/p>\n<\/div><\/div><\/div><\/div><\/div>","protected":false},"excerpt":{"rendered":"<p>\u00a0Das Swissotel hat eine ausgezeichnete Lage und befindet sich direkt am Singapur River in der Nachbarschaft zum Central Shopping Center. Sehensw\u00fcrdigkeiten wie das Wahrzeichen Singapurs,<\/p>\n","protected":false},"author":1,"featured_media":0,"parent":1397,"menu_order":0,"comment_status":"closed","ping_status":"closed","template":"","meta":{"footnotes":""},"class_list":["post-1396","page","type-page","status-publish","hentry"],"_links":{"self":[{"href":"http:\/\/kruste.selfhost.me\/wordpress\/index.php?rest_route=\/wp\/v2\/pages\/1396","targetHints":{"allow":["GET"]}}],"collection":[{"href":"http:\/\/kruste.selfhost.me\/wordpress\/index.php?rest_route=\/wp\/v2\/pages"}],"about":[{"href":"http:\/\/kruste.selfhost.me\/wordpress\/index.php?rest_route=\/wp\/v2\/types\/page"}],"author":[{"embeddable":true,"href":"http:\/\/kruste.selfhost.me\/wordpress\/index.php?rest_route=\/wp\/v2\/users\/1"}],"replies":[{"embeddable":true,"href":"http:\/\/kruste.selfhost.me\/wordpress\/index.php?rest_route=%2Fwp%2Fv2%2Fcomments&post=1396"}],"version-history":[{"count":1,"href":"http:\/\/kruste.selfhost.me\/wordpress\/index.php?rest_route=\/wp\/v2\/pages\/1396\/revisions"}],"predecessor-version":[{"id":2169,"href":"http:\/\/kruste.selfhost.me\/wordpress\/index.php?rest_route=\/wp\/v2\/pages\/1396\/revisions\/2169"}],"up":[{"embeddable":true,"href":"http:\/\/kruste.selfhost.me\/wordpress\/index.php?rest_route=\/wp\/v2\/pages\/1397"}],"wp:attachment":[{"href":"http:\/\/kruste.selfhost.me\/wordpress\/index.php?rest_route=%2Fwp%2Fv2%2Fmedia&parent=1396"}],"curies":[{"name":"wp","href":"https:\/\/api.w.org\/{rel}","templated":true}]}}