{"id":1397,"date":"2015-06-24T09:47:25","date_gmt":"2015-06-24T07:47:25","guid":{"rendered":"http:\/\/kruste.selfhost.me\/wordpress\/?page_id=1397"},"modified":"2020-06-11T07:17:37","modified_gmt":"2020-06-11T05:17:37","slug":"region-singapur","status":"publish","type":"page","link":"http:\/\/kruste.selfhost.me\/wordpress\/?page_id=1397","title":{"rendered":"Region Singapur"},"content":{"rendered":"<div id=\"pl-1397\"  class=\"panel-layout\" ><div id=\"pg-1397-0\"  class=\"panel-grid panel-no-style\" ><div id=\"pgc-1397-0-0\"  class=\"panel-grid-cell\" ><div id=\"panel-1397-0-0-0\" class=\"so-panel widget widget_black-studio-tinymce widget_black_studio_tinymce panel-first-child\" data-index=\"0\" ><div class=\"textwidget\"><hr \/>\n<p>\u00a0<\/p>\n<\/div><\/div><div id=\"panel-1397-0-0-1\" class=\"so-panel widget widget_text panel-last-child\" data-index=\"1\" >\t\t\t<div class=\"textwidget\"><p>\nAktuelle Zeit in Singapur:  21:32 Uhr<br \/>\nZeitzone:  +08<br \/>\nDie Wettervorhersage f\u00fcr die n\u00e4chsten drei Tage: <\/p>\n<\/div>\n\t\t<\/div><\/div><div id=\"pgc-1397-0-1\"  class=\"panel-grid-cell\" ><div id=\"panel-1397-0-1-0\" class=\"so-panel widget widget_black-studio-tinymce widget_black_studio_tinymce panel-first-child panel-last-child\" data-index=\"2\" ><div class=\"textwidget\"><p><i><\/i><\/p>\n<div class='weather-atlas-wrapper' style='background:#FF5000;border:1px solid #ee3f00;color:#fff;'>\n<div class='weather-atlas-header' style='border-bottom:1px solid #ee3f00'>Singapore, SG<\/div>\n<div class='weather-atlas-body'>\n<div class='current_horizontal'>\n<div class='current_temp'><i class='wi wi-fw wi-weather-11'><\/i><span class='temp'>28\u00b0<\/span>\n<div class='current_text'>Leichter Regen<\/div>\n<div class='sunrise_sunset'>06:59<i class='wi wi-fw wi-weather-32'><\/i>19:08 +08<\/div>\n<\/div>\n<p><span class='current_text_2'>Gef\u00fchlt: 32<small>\u00b0C<\/small><br \/>Wind: 3<small>km\/h<\/small> N<br \/>Feuchtigkeit: 84<small>%<\/small><br \/>Druck: 1008.13<small>mbar<\/small><br \/>UV-Index: 0<\/span><\/p><\/div>\n<div class='hourly hours' style='border-bottom:1px solid #ee3f00'><span class='extended_hour extended_hour_1'>21<small>h<\/small><\/span><span class='extended_hour extended_hour_2'>22<small>h<\/small><\/span><span class='extended_hour extended_hour_3'>23<small>h<\/small><\/span><span class='extended_hour extended_hour_4'>0<small>h<\/small><\/span><span class='extended_hour extended_hour_5'>1<small>h<\/small><\/span><\/div>\n<div class='hourly'><span class='extended_hour extended_hour_1' title='Wolkig'>27<small>\u00b0C<\/small><br \/><i class='wi wi-fw wi-weather-26'><\/i><\/span><span class='extended_hour extended_hour_2' title='Wolkig'>27<small>\u00b0C<\/small><br \/><i class='wi wi-fw wi-weather-26'><\/i><\/span><span class='extended_hour extended_hour_3' title='Wolkig'>27<small>\u00b0C<\/small><br \/><i class='wi wi-fw wi-weather-26'><\/i><\/span><span class='extended_hour extended_hour_4' title='Wolkig'>27<small>\u00b0C<\/small><br \/><i class='wi wi-fw wi-weather-26'><\/i><\/span><span class='extended_hour extended_hour_5' title='Wolkig'>27<small>\u00b0C<\/small><br \/><i class='wi wi-fw wi-weather-26'><\/i><\/span><\/div>\n<div class='daily days' style='border-bottom:1px solid #ee3f00'><span class='extended_day extended_day_1'>Mo.<\/span><span class='extended_day extended_day_2'>Di.<\/span><span class='extended_day extended_day_3'>Mi.<\/span><\/div>\n<div class='daily'><span class='extended_day extended_day_1' title='Gewitter'>32<small>\u00b0C<\/small> \/ 26<small>\u00b0C<\/small><br \/><i class='wi wi-fw wi-weather-4'><\/i><\/span><span class='extended_day extended_day_2' title='Vereinzelte Gewitter'>31<small>\u00b0C<\/small> \/ 26<small>\u00b0C<\/small><br \/><i class='wi wi-fw wi-weather-38'><\/i><\/span><span class='extended_day extended_day_3' title='Nachm. Gewitter'>33<small>\u00b0C<\/small> \/ 26<small>\u00b0C<\/small><br \/><i class='wi wi-fw wi-weather-38'><\/i><\/span><\/div>\n<\/div>\n<div class='weather-atlas-footer' style='border-top:1px solid #ee3f00'><a href='https:\/\/www.weather-atlas.com\/en\/singapore\/singapore-weather-tomorrow' title='Singapore, SG - Weather forecast for tomorrow' style='color:#fff'><span class='weather-atlas-footer-block'>Singapore, SG<\/span> weather forecast for tomorrow &#9656;<\/a><\/div>\n<\/div>\n<p><\/p>\n<\/div><\/div><\/div><\/div><div id=\"pg-1397-1\"  class=\"panel-grid panel-no-style\" ><div id=\"pgc-1397-1-0\"  class=\"panel-grid-cell\" ><div id=\"panel-1397-1-0-0\" class=\"so-panel widget widget_black-studio-tinymce widget_black_studio_tinymce panel-first-child panel-last-child\" data-index=\"3\" ><div class=\"textwidget\"><hr \/>\n<p>Mit seinen gut 5 Millionen Einwohner auf 700\u00a0km\u00b2 Fl\u00e4che und \u00fcber 6 Millionen Besucher pro Jahr ist klar, dass es recht bewegt in dieser Stadt zugeht. Ich empfand Singapur aber bei Weitem nicht so quirlig wie zum Beispiel Hong Kong. Das Netz der \u00f6ffentlichen Verkehrsmittel ist gut ausgebaut und wer lieber ein Taxi nehmen m\u00f6chte, kann dies zu g\u00fcnstigen Preisen buchen. Es gibt zwar auch hier eine Rushhour aber so katastrophal wie in Kuala Lumpur oder Taipeh ist es in Singapur\u00a0nicht.<\/p>\n<p>Singapur eignet sich gut f\u00fcr einen Besuch \u00fcber mehrere Tage und wir haben hier immer mindestens 4 N\u00e4chte verbracht, langweilig wurde es dabei nie. Wer Einkaufen m\u00f6chte kann dies in einer Vielzahl von Malls und Gesch\u00e4ften tun ( z.B. auf der Orchard Road ), obwohl die Preise im Einkaufsparadies Singapur keine wirklichen Schn\u00e4ppchen mehr sind\u00a0( Ich kann aber nur \u00fcber technische Artikel Berichten ). Die super Angebote aus\u00a0fr\u00fcheren Jahren ( in spreche hier von 2006 ) geh\u00f6ren leider der Vergangenheit an und 50 % Preisunterschied bei Kameras oder Objektiven lassen mich in alten Zeiten schwelgen.<\/p>\n<p>Auch mein Highlight \"Bossini\" mit seinen g\u00fcnstigen und guten Textilwaren ist f\u00fcr mich nicht mehr das, was es einmal war und so wird der n\u00e4chste Besuch in Singapur nicht mehr zum Einkaufen genutzt. Ob ich das durchhalte steht aber noch auf einem anderen Blatt.<\/p>\n<p>Sehensw\u00fcrdigkeiten gibt es aber genug. Den Zoo sollte man gesehen haben ( auch bei Nacht ) und die kleine Altstadt mit den sch\u00f6nen Geb\u00e4uden geh\u00f6rt genauso so in's\u00a0Programm, wie der der Besuch des \"Lion Head\" dem Symbol Singapurs. Durch die vielen Bauma\u00dfnahmen in dieser Stadt f\u00e4llt es aber immer schwer aktuelle Tipps zu geben. In Jahr 2010 war auf jeden Fall das gerade er\u00f6ffnet Marina Bay Sands Hotel die Attraktion. Ein Pool in fast 200 Meter H\u00f6he und dazu noch dieser Blick auf die Stadt, traumhaft.<\/p>\n<p>Hier einmal ein paar Daten zu diesem Bauwerk:<\/p>\n<p>55 Etagen ( 191 Meter hoch )<br \/>\n2561 Zimmer<br \/>\n4,6 Milliarden Euro Baukosten<br \/>\nDer Pool befindet sich auf dem Dach und beinhaltet 1424 m\u00b3 Wasser.<\/p>\n<p>Aber das n\u00e4chste Projekt steht schon wieder an. Der Hafen soll verlegt werden und da sind 4 Milliarden Euro sicher nur ein kleiner Teil der Baukosten. Singapur, da wird schon etwas bewegt.<\/p>\n<p>Doch nicht nur die gewaltigen neuen Bauwerke sind bewundernswert sondern gerade die alten Teile der Stadt sollten besucht werden. Little India, Chinatown und Riverside bieten sich f\u00fcr einen interessanten Ausflug an und nicht selten l\u00e4sst sich dort auch ein sch\u00f6nes Mitbringsel erstehen.<\/p>\n<p>Wer gerne in Sachen \"Essen\" etwas experimentiert, wird sich in Chinatown oder in der Arad Street wohlf\u00fchlen. Hier gibt es f\u00fcr kleines Geld viele Gark\u00fcchen oder kleine L\u00e4den, in denen es ungew\u00f6hnliche Kost zum Probieren gibt. Ich wusste nicht genau was ich bestellte und\u00a0die H\u00fchnerf\u00fcsse erkannte ich erst auf den zweiten Blick, nicht mein Ding \ud83d\ude42<\/p>\n<p>Es gibt aber viele sehr gute Restaurants in Singapur und auf der Preisskala geht es dort ganz nach oben.<\/p>\n<p>Update 2015:<\/p>\n<p>Die Preise haben sich in Singapur leider weiter nach oben entwickelt und der schwache Euro macht Singapur mittlerweile zu einem recht teuren Pflaster. Der Besuch der Aussichtsplattform des Marina Bay Sands kostet circa 15 Euro, der Eintritt in den Zoo 32 SIN$ und eine Pizza im Botanischem Garten 23 SIN$. Zum Gl\u00fcck sind der Besuch des Gardens by the Bay , des Botanischem Garten oder der Walk im \"The Southern Ridges\" kostenfrei. Alle drei kann ich wirklich empfehlen.<\/p>\n<p>Auch die Taxipreise h\u00f6ren sich am Anfang sehr verlockend g\u00fcnstig an, doch nachdem ich am\u00a02 Tag einen kleinen Kassensturz gemacht hatte, kamen schon fast 100 \u20ac zusammen. Sp\u00e4ter haben wir Bus und MRT genommen und waren oft schneller am Ziel. Kleiner Tipp, die Preise f\u00fcr Taxen unterscheiden sich nach Klassen und zur Rush Hour wird es noch einmal teurer.<\/p>\n<\/div><\/div><\/div><\/div><\/div>","protected":false},"excerpt":{"rendered":"<p>\u00a0 Mit seinen gut 5 Millionen Einwohner auf 700\u00a0km\u00b2 Fl\u00e4che und \u00fcber 6 Millionen Besucher pro Jahr ist klar, dass es recht bewegt in dieser<\/p>\n","protected":false},"author":1,"featured_media":0,"parent":1372,"menu_order":0,"comment_status":"closed","ping_status":"closed","template":"","meta":{"footnotes":""},"class_list":["post-1397","page","type-page","status-publish","hentry"],"_links":{"self":[{"href":"http:\/\/kruste.selfhost.me\/wordpress\/index.php?rest_route=\/wp\/v2\/pages\/1397","targetHints":{"allow":["GET"]}}],"collection":[{"href":"http:\/\/kruste.selfhost.me\/wordpress\/index.php?rest_route=\/wp\/v2\/pages"}],"about":[{"href":"http:\/\/kruste.selfhost.me\/wordpress\/index.php?rest_route=\/wp\/v2\/types\/page"}],"author":[{"embeddable":true,"href":"http:\/\/kruste.selfhost.me\/wordpress\/index.php?rest_route=\/wp\/v2\/users\/1"}],"replies":[{"embeddable":true,"href":"http:\/\/kruste.selfhost.me\/wordpress\/index.php?rest_route=%2Fwp%2Fv2%2Fcomments&post=1397"}],"version-history":[{"count":6,"href":"http:\/\/kruste.selfhost.me\/wordpress\/index.php?rest_route=\/wp\/v2\/pages\/1397\/revisions"}],"predecessor-version":[{"id":7417,"href":"http:\/\/kruste.selfhost.me\/wordpress\/index.php?rest_route=\/wp\/v2\/pages\/1397\/revisions\/7417"}],"up":[{"embeddable":true,"href":"http:\/\/kruste.selfhost.me\/wordpress\/index.php?rest_route=\/wp\/v2\/pages\/1372"}],"wp:attachment":[{"href":"http:\/\/kruste.selfhost.me\/wordpress\/index.php?rest_route=%2Fwp%2Fv2%2Fmedia&parent=1397"}],"curies":[{"name":"wp","href":"https:\/\/api.w.org\/{rel}","templated":true}]}}