{"id":141,"date":"2014-10-26T11:21:36","date_gmt":"2014-10-26T09:21:36","guid":{"rendered":"http:\/\/192.168.1.106\/wordpress\/?page_id=141"},"modified":"2025-12-19T18:21:29","modified_gmt":"2025-12-19T16:21:29","slug":"indonesien","status":"publish","type":"page","link":"http:\/\/kruste.selfhost.me\/wordpress\/?page_id=141","title":{"rendered":"Indonesien"},"content":{"rendered":"<div id=\"pl-141\"  class=\"panel-layout\" ><div id=\"pg-141-0\"  class=\"panel-grid panel-no-style\" ><div id=\"pgc-141-0-0\"  class=\"panel-grid-cell\" ><div id=\"panel-141-0-0-1\" class=\"so-panel widget widget_black-studio-tinymce widget_black_studio_tinymce\" data-index=\"1\" ><div class=\"textwidget\"><p class=\"paragraph_style\" style=\"color: #ffffff;\"><span style=\"color: #000000;\"><strong><span class=\"style_1\">L\u00e4ndername:\u00a0<\/span><\/strong><\/span><\/p>\n<p style=\"color: #919191;\"><span style=\"color: #000000;\">Republik Indonesien\/ Republic Indonesia<\/span><\/p>\n<p class=\"paragraph_style\" style=\"color: #ffffff;\"><span style=\"color: #000000;\"><strong>Flagge:<\/strong><\/span><\/p>\n<p><span style=\"color: #000000;\"><span style=\"color: #000000;\"><a href=\"http:\/\/kruste.selfhost.me\/wordpress\/wp-content\/uploads\/2014\/11\/indonesien.jpg\"><img loading=\"lazy\" decoding=\"async\" class=\"alignnone size-full wp-image-609\" src=\"http:\/\/kruste.selfhost.me\/wordpress\/wp-content\/uploads\/2014\/11\/indonesien.jpg\" alt=\"indonesien\" width=\"98\" height=\"65\" \/><\/a><\/span><\/span><\/p>\n<\/div><\/div><div id=\"panel-141-0-0-2\" class=\"so-panel widget widget_text\" data-index=\"2\" >\t\t\t<div class=\"textwidget\"><\/div>\n\t\t<\/div><div id=\"panel-141-0-0-3\" class=\"so-panel widget widget_text\" data-index=\"3\" >\t\t\t<div class=\"textwidget\"><section class=\"parallax-section\">\n<div class=\"parallax-window\" data-z-index=\"1\" data-position-x=\"left\" data-parallax=\"scroll\" data-speed=\".3\" data-image-src=\"http:\/\/kruste.selfhost.me\/wordpress\/wp-content\/uploads\/2020\/06\/IND_2844.jpg\" style=\"align-items: flex-start;min-height: 550px;\">\n<div class=\"parallax-container parallax-content\">\n<\/div>\n<\/div>\n<\/section>\n<\/div>\n\t\t<\/div><div id=\"panel-141-0-0-4\" class=\"so-panel widget widget_black-studio-tinymce widget_black_studio_tinymce\" data-index=\"4\" ><div class=\"panel-widget-style panel-widget-style-for-141-0-0-4\" ><div class=\"textwidget\"><hr \/>\n<p><span style=\"color: #003399; font-size: 300%;\">Fl\u00e4che <\/span> <span style=\"color: #003399; font-size: xx-large;\">2.200.000 qm\u00b2 <\/span><span style=\"color: #003399;\">Einwohner <\/span> <span style=\"color: #003399; font-size: large;\">230.000.000 <\/span><span style=\"color: #003399; font-size: small;\">Hauptstadt <\/span> <span style=\"color: #003399; font-size: x-large;\">Jakarta <\/span><span style=\"color: #003399; font-size: small;\">Kennzeichen <\/span> <span style=\"color: #003399;\">RI <\/span><span style=\"color: #003399; font-size: x-large;\">Indonesische Rupiah <\/span><span style=\"color: #003399; font-size: small;\">Vorwahl <\/span> <span style=\"color: #003399;\">0062 <\/span><span style=\"color: #003399; font-size: medium;\">Hannover - Jakarta 11.036 km <\/span><\/p>\n<hr \/>\n<\/div><\/div><\/div><div id=\"panel-141-0-0-5\" class=\"so-panel widget widget_black-studio-tinymce widget_black_studio_tinymce panel-last-child\" data-index=\"5\" ><div class=\"textwidget\"><p class=\"paragraph_style\" style=\"color: #ffffff;\"><span style=\"color: #000000;\"><strong><span class=\"style_4\">Klima:<\/span><\/strong><\/span><\/p>\n<p style=\"color: #919191;\"><span style=\"color: #000000;\">tropisch, feucht-hei\u00df, durch die Gr\u00f6\u00dfe Indonesiens bitte vor der Reise genau \u00fcber die Region informieren. Ich habe auf meinen Seiten die\u00a0Wetterinformation meiner Reisen zugef\u00fcgt. Eventuell ein kleiner Anhaltspunkt.<\/span><\/p>\n<p class=\"paragraph_style\" style=\"color: #ffffff;\"><span style=\"color: #000000;\"><strong><span class=\"style_4\">Lage:\u00a0<\/span><\/strong><\/span><\/p>\n<p style=\"color: #919191;\"><span style=\"color: #000000;\">S\u00fcdostasien, gr\u00f6\u00dfter Archipel der Welt<\/span><\/p>\n<p>Angrenzende L\u00e4nder: Malaysia, Ost Timor, Papua-Neuguinea, Australien, Singapur<\/p>\n<p class=\"paragraph_style\" style=\"color: #ffffff;\"><span style=\"color: #000000;\"><strong><span class=\"style_4\">Fl\u00e4che: \u00a0<\/span><\/strong><\/span><\/p>\n<p style=\"color: #919191;\"><span style=\"color: #000000;\">Landfl\u00e4che 2,02 Millionen qkm,\u00a0 Gesamtl\u00e4nge der K\u00fcsten 81.350 km\u00a0\u00a0( zum Vergleich Deutschland mit\u00a0 357.050 qkm und einer K\u00fcstenl\u00e4nge von gut 2.000 km )<\/span><\/p>\n<p class=\"paragraph_style\" style=\"color: #ffffff;\"><span style=\"color: #000000;\"><strong><span class=\"style_4\">Hauptstadt:<\/span><\/strong><\/span><\/p>\n<p style=\"color: #919191;\"><span style=\"color: #000000;\">Jakarta (circa 12 Millionen, Gro\u00dfraum Jabotabek circa 23 Millionen Einwohner)<\/span><\/p>\n<p class=\"paragraph_style\" style=\"color: #ffffff;\"><span style=\"color: #000000;\"><strong><span class=\"style_4\">Bev\u00f6lkerung: \u00a0<\/span><\/strong><\/span><\/p>\n<p style=\"color: #919191;\"><span style=\"color: #000000;\">Mit circa 230 Millionen Einwohnern das viertbev\u00f6lkerungsreichste Land der Welt.<\/span><\/p>\n<p class=\"paragraph_style\" style=\"color: #ffffff;\"><span style=\"color: #000000;\"><strong><span class=\"style_4\">Deutsche in Indonesien:\u00a0<\/span><\/strong><\/span><\/p>\n<p style=\"color: #919191;\"><span style=\"color: #000000;\">circa 1.400 Haushalte mit circa 2.000 Personen, insbesondere Gesch\u00e4ftsleute, Firmenrepr\u00e4sentanten, Ingenieure und Entwicklungsexperten.<\/span><\/p>\n<p class=\"paragraph_style\" style=\"color: #ffffff;\"><span style=\"color: #000000;\"><strong><span class=\"style_4\">Landessprachen:<\/span><\/strong><\/span><\/p>\n<p style=\"color: #919191;\"><span style=\"color: #000000;\">Indonesisch (Bahasa Indonesia)<\/span><\/p>\n<p class=\"paragraph_style\" style=\"color: #ffffff;\"><span style=\"color: #000000;\"><strong><span class=\"style_4\">Religionen \/ Kirchen:<\/span><\/strong><\/span><\/p>\n<p style=\"color: #919191;\"><span style=\"color: #000000;\">Islam (88% Moslems), evangelische und katholische Kirche (etwa 8% Christen), Buddhismus (Buddhisten und Taoisten 1%); Hinduismus (2% Hindus, vornehmlich auf Bali und Ostjava)<\/span><\/p>\n<p class=\"paragraph_style\" style=\"color: #ffffff;\"><span class=\"style_4\" style=\"color: #000000;\"><strong>Nationaltag: \u00a0<\/strong> \u00a0<\/span><\/p>\n<p style=\"color: #919191;\"><span style=\"color: #000000;\">17. August (Ausrufung der Unabh\u00e4ngigkeit 1945)<\/span><\/p>\n<p class=\"paragraph_style\" style=\"color: #ffffff;\"><span style=\"color: #000000;\"><strong><span class=\"style_4\">internationale Vorwahl Indonesien:<\/span><\/strong><\/span><\/p>\n<p class=\"paragraph_style\" style=\"color: #ffffff;\"><span class=\"style_2\" style=\"color: #000000;\">0062<\/span><\/p>\n<p class=\"paragraph_style\" style=\"color: #ffffff;\"><span style=\"color: #000000;\"><strong><span class=\"style_4\">Wechselkurs:<\/span><\/strong><\/span><\/p>\n<p style=\"color: #ffffff;\"><span style=\"color: #000000;\">1 Indonesische Rupiah = 100 Sen<\/span><\/p>\n<p style=\"color: #ffffff;\"><strong><span style=\"color: #000000;\">Aktueller Wechselkurs (ohne Gew\u00e4hr):<\/span><\/strong><\/p>\n<p style=\"color: #323333;\">F\u00fcr 1&nbsp;EUR erh\u00e4lt man zurzeit 20.452&nbsp;IDR<\/p>\n<p style=\"color: #323333;\"><strong>Die Wechselkurse w\u00e4hrend meiner Reisen:<\/strong><\/p>\n<ul>\n<li>M\u00e4rz 2008, 1\u20ac = 13.500 IDR<\/li>\n<li>M\u00e4rz 2009, 1\u20ac = 14.500 IDR<\/li>\n<li>Dezember 2009, 1\u20ac = 13.700 IDR<\/li>\n<li>M\u00e4rz 2010, 1\u20ac = 12.500 IDR<\/li>\n<li>Juni 2010, 1\u20ac = 11.400 IDR<\/li>\n<li>Juli 2011, 1\u20ac = 12.250 IDR<\/li>\n<li>August 2015, 1\u20ac = 14.800 IDR<\/li>\n<li>Februar 2024, 1\u20ac = 16.900 IDR<\/li>\n<\/ul>\n<p>&nbsp;<\/p>\n<p style=\"color: #ffffff;\"><strong><span style=\"color: #000000;\">Zus\u00e4tzliche Kosten:<\/span><\/strong><\/p>\n<p style=\"color: #ffffff;\"><span style=\"color: #000000;\">VISA 35 US$ f\u00fcr 30 Tage, Flughafengeb\u00fchr circa 200.000 IDR (eventuell im Flugticket enthalten und je Flughafen unterschiedlich). VISA Geb\u00fchren sollen bei Einreise \u00fcber Jakarta, Denpasar, Medan,\u00a0Surabaya und Batam entfallen.<\/span><\/p>\n<p><span style=\"color: #000000;\"><strong>Hinweise:<\/strong><\/span><\/p>\n<p>Travelercheques sind in Sulawesi nicht gerne gesehen und kaum einl\u00f6sbar. Dollarnoten sollten neu und nicht bemalt sein. Ist dies der Fall, muss mit einem schlechteren Wechselkurs gerechnet werden. Kreditkarten sind nicht sehr verbreitet und ich habe von einigen Manipulationen geh\u00f6rt. Bei der Ausreise m\u00fcssen alle Leistungen ( \u00dcbergep\u00e4ck, Ausreisegeb\u00fchr ) in Bar mit Indonesischer Rupiah bezahlt werden.<\/p>\n<p>Update 2015: Es gibt, zumindest in Manado (Sulawesi), Geldautomaten an jeder Ecke und ich konnte zum ersten Mal am ATM 2.000.000 IDR abheben. Man muss nur bei den vielen Nullen aufpassen.<\/p>\n<p>Update 2024: Auch am Flughafen in Jakarta sowie in Sorong, war es kein Problem Bargeld am ATM zu erhalten.<\/p>\n<p><strong>Entfernung:<\/strong><\/p>\n<p><span style=\"color: #000000;\">Hannover - Jakarta\u00a011.036 km<\/span><\/p>\n<h3>Karte:<\/h3>\n<hr \/>\n<\/div><\/div><\/div><\/div><div id=\"pg-141-1\"  class=\"panel-grid panel-no-style\" ><div id=\"pgc-141-1-0\"  class=\"panel-grid-cell\" ><div id=\"panel-141-1-0-0\" class=\"so-panel widget panel-first-child\" data-index=\"6\" ><\/div><div id=\"panel-141-1-0-1\" class=\"so-panel widget widget_origin_button panel-last-child\" data-index=\"7\" ><div class=\"origin-widget origin-widget-button origin-widget-button-simple-black align-left\"><a href=\"https:\/\/kruste.selfhost.me\/wordpress\/?page_id=3170\" \ntarget=\"_blank\" rel=\"noopener noreferrer\">\n\tBilder<\/a>\n<\/div><\/div><\/div><\/div><\/div>","protected":false},"excerpt":{"rendered":"<p>L\u00e4ndername:\u00a0Republik Indonesien\/ Republic IndonesiaFlagge: Fl\u00e4che 2.200.000 qm\u00b2 Einwohner 230.000.000 Hauptstadt Jakarta Kennzeichen RI Indonesische Rupiah Vorwahl 0062 Hannover &#8211; Jakarta 11.036 km Klima: tropisch, feucht-hei\u00df,<\/p>\n","protected":false},"author":1,"featured_media":306,"parent":30,"menu_order":0,"comment_status":"closed","ping_status":"closed","template":"","meta":{"footnotes":""},"class_list":["post-141","page","type-page","status-publish","has-post-thumbnail","hentry"],"_links":{"self":[{"href":"http:\/\/kruste.selfhost.me\/wordpress\/index.php?rest_route=\/wp\/v2\/pages\/141","targetHints":{"allow":["GET"]}}],"collection":[{"href":"http:\/\/kruste.selfhost.me\/wordpress\/index.php?rest_route=\/wp\/v2\/pages"}],"about":[{"href":"http:\/\/kruste.selfhost.me\/wordpress\/index.php?rest_route=\/wp\/v2\/types\/page"}],"author":[{"embeddable":true,"href":"http:\/\/kruste.selfhost.me\/wordpress\/index.php?rest_route=\/wp\/v2\/users\/1"}],"replies":[{"embeddable":true,"href":"http:\/\/kruste.selfhost.me\/wordpress\/index.php?rest_route=%2Fwp%2Fv2%2Fcomments&post=141"}],"version-history":[{"count":4,"href":"http:\/\/kruste.selfhost.me\/wordpress\/index.php?rest_route=\/wp\/v2\/pages\/141\/revisions"}],"predecessor-version":[{"id":6630,"href":"http:\/\/kruste.selfhost.me\/wordpress\/index.php?rest_route=\/wp\/v2\/pages\/141\/revisions\/6630"}],"up":[{"embeddable":true,"href":"http:\/\/kruste.selfhost.me\/wordpress\/index.php?rest_route=\/wp\/v2\/pages\/30"}],"wp:featuredmedia":[{"embeddable":true,"href":"http:\/\/kruste.selfhost.me\/wordpress\/index.php?rest_route=\/wp\/v2\/media\/306"}],"wp:attachment":[{"href":"http:\/\/kruste.selfhost.me\/wordpress\/index.php?rest_route=%2Fwp%2Fv2%2Fmedia&parent=141"}],"curies":[{"name":"wp","href":"https:\/\/api.w.org\/{rel}","templated":true}]}}