{"id":151,"date":"2014-10-26T11:41:40","date_gmt":"2014-10-26T09:41:40","guid":{"rendered":"http:\/\/192.168.1.106\/wordpress\/?page_id=151"},"modified":"2020-11-06T08:30:06","modified_gmt":"2020-11-06T06:30:06","slug":"kruger-park","status":"publish","type":"page","link":"http:\/\/kruste.selfhost.me\/wordpress\/?page_id=151","title":{"rendered":"Eingangstore zum Kruger Park"},"content":{"rendered":"<div id=\"pl-151\"  class=\"panel-layout\" ><div id=\"pg-151-0\"  class=\"panel-grid panel-no-style\" ><div id=\"pgc-151-0-0\"  class=\"panel-grid-cell\" ><div id=\"panel-151-0-0-0\" class=\"so-panel widget widget_black-studio-tinymce widget_black_studio_tinymce panel-first-child\" data-index=\"0\" ><div class=\"textwidget\"><hr \/>\n<p>Es ist wichtig sich bei der Suche nach Unterk\u00fcnften au\u00dferhalb des Parks, Gedanken \u00fcber die Anfahrtswege bzw. die Reisezeit zu machen. Zum Sonnenaufgang gibt es im Park meist die besten Sichtungen und der Sonnenuntergang zum Toreschlu\u00df ist immer Traumhaft. Der Nachteil an diesen Gegebenheiten ist leider, dass der Park bei Dunkelheit Angefahren bzw. Verlassen werden muss. Lange Fahrzeiten in der Dunkelheit sollten aus Sicherheitsgr\u00fcnden unbedingt vermieden werden. Bitte sucht Euch eine Unterkunft, die nicht weiter als 30 Minuten entfern vom Gate liegt.<\/p>\n<p>Die Zufahrten (Gates), an denen man in den Kruger National Park f\u00e4hrt von Nord nach S\u00fcd aufgef\u00fchrt.<\/p>\n<ul>\n<li>Pafuri<\/li>\n<\/ul>\n<p style=\"padding-left: 30px;\">Hier gibt es ausser dem Gate nicht viel. Eine kleine Unterkunft mit Namen Pafuri River Camp und das war es auch schon ( diese war aber sehr nett und abenteuerlich ). Die n\u00e4chste Ortschaft ist noch gut 25 km entfernt und selbst diese ist recht klein. Eine Tankstelle ist weit und breit nicht in Sicht und auch einen Supermarkt wie in Malelane oder Phalaborwa sucht man hier vergebens. Bei meinem Besuch im Jahr 2014 habe ich in der Singo Lodge \u00fcbernachtet. Diese ist mit dem Auto circa 45 Minuten vom Gate entfernt und auch hier habe ich keine weiteren Tankstellen bzw. Superm\u00e4rkte gesehen. Wer sich also f\u00fcr Pafuri entscheidet, sollte gut vorsorgen oder den Shop in Punda Maria nutzen. Weiter ist auf der Fahrt vom Gate bis zu Crooks Corner ( der ersten guten Station im Park ) nicht viel los. Tiersichtungen sind wirklich sehr sehr mau. Mein Tipp f\u00fcr den, der sich mehr im Park aufhalten m\u00f6chte ist das n\u00e4chste Gate, Punda Maria.<\/p>\n<\/div><\/div><div id=\"panel-151-0-0-1\" class=\"so-panel widget widget_black-studio-tinymce widget_black_studio_tinymce\" data-index=\"1\" ><div class=\"panel-widget-style panel-widget-style-for-151-0-0-1\" ><div class=\"textwidget\"><ul>\n<li>Punda Maria<\/li>\n<\/ul>\n<p style=\"padding-left: 30px;\">Sehr ruhiges Gate mit wenig Verkehr und in der N\u00e4he des Punda Maria Rest Camp. Der Shop im Camp ist gut sortiert und die Anlage selbst finde ich sehr sch\u00f6n. Man sollte bei der Wahl der Zimmer aufpassen um nicht direkt an der Stra\u00dfe wohnen zu m\u00fcssen aber die Zelte waren f\u00fcr mich ein kleines Highlight. Das Camp besitzt ein gut besuchtes Wasserloch ( ich meine nicht den Pool ) an dem sich Elefanten, B\u00fcffel, Antilopen und Leoparden beobachten lassen. Auch die Umgebung ist sehr sch\u00f6n und die S99 eine tolle Tour am fr\u00fchen Morgen. Nach diesem Gate kommt lange Zeit kein weiterer Eingang zum Park. Der n\u00e4chste Zugang ist dann erst in Phalaborwa, gut 200 Kilometer entfernt.<\/p>\n<\/div><\/div><\/div><div id=\"panel-151-0-0-2\" class=\"so-panel widget widget_black-studio-tinymce widget_black_studio_tinymce\" data-index=\"2\" ><div class=\"textwidget\"><ul>\n<li>Phalaborwa<\/li>\n<\/ul>\n<p style=\"padding-left: 30px;\">Von hier ist es nur ein Katzensprung zum n\u00e4chsten SPAR Markt und nach Phalaborwa. Es gibt Unterk\u00fcnfte, Tankstellen, Geldautomaten und alles was man so braucht. Ein kleiner Flughafen ist in der N\u00e4he und f\u00fcr Tagesausfl\u00fcge in den Park kann man das Gate gut nutzen. Es ist hier nicht so \u00fcberf\u00fcllt wie zum Beispiel in Hazyview und die Stra\u00dfen im Park bieten ein paar H\u00f6hepunkte. Sch\u00f6n ist der Sable Damm, an dem man auch \u00fcbernachten kann. Mit vielen Raubkatzen sollte man besser nicht rechnen aber von Zeit zu Zeit h\u00f6rt man doch \u00fcber\u00a0Sichtungen von L\u00f6wen und Leoparden.<\/p>\n<\/div><\/div><div id=\"panel-151-0-0-3\" class=\"so-panel widget widget_black-studio-tinymce widget_black_studio_tinymce\" data-index=\"3\" ><div class=\"textwidget\"><p><code><\/code><\/p>\n<section class=\"parallax-section\">\n<div class=\"parallax-window\" data-z-index=\"0\" data-position-x=\"left\" data-parallax=\"scroll\" data-speed=\".3\" data-image-src=\"http:\/\/kruste.selfhost.me\/wordpress\/wp-content\/uploads\/2017\/10\/SAF_5366.jpg\" style=\"align-items: flex-start;min-height: 550px;\">\n<div class=\"parallax-container parallax-content\">\n<\/div>\n<\/div>\n<\/section>\n<p><\/p>\n<\/div><\/div><div id=\"panel-151-0-0-4\" class=\"so-panel widget widget_black-studio-tinymce widget_black_studio_tinymce\" data-index=\"4\" ><div class=\"panel-widget-style panel-widget-style-for-151-0-0-4\" ><div class=\"textwidget\"><ul>\n<li>Orpen<\/li>\n<\/ul>\n<p style=\"text-align: left; padding-left: 30px;\">Die Zufahrt zum Orpen Gate ab der Kreuzung R40 ( Landstra\u00dfe ) ist circa 50 Kilometer lang, f\u00fchrt an einigen privaten Lodges vorbei und ist nicht sehr abwechslungsreich. Eventuell trifft man auf einen ausgebrochenen Elefanten aber das war es dann auch schon. Einkaufsm\u00f6glichkeiten um das Gate selbst herum gibt es kein, jedoch findet man alles Notwendige im Shop am Gate.<\/p>\n<\/div><\/div><\/div><div id=\"panel-151-0-0-5\" class=\"so-panel widget widget_black-studio-tinymce widget_black_studio_tinymce\" data-index=\"5\" ><div class=\"textwidget\"><ul>\n<li>Paul Kruger<\/li>\n<\/ul>\n<p style=\"padding-left: 30px;\">Das Gate nutze ich stets um das Gebiet von Sabi Sand ( Umkumbe ) zu erreichen. Es gibt ein gr\u00f6\u00dferes Hotel direkt am Gate und weitere Anlagen, die sicher etwas h\u00f6her im Preis liegen. Das Gebiet im Park ist sehr interessant und L\u00f6wen sowie Leoparden werden oft gesehen. Auch einer meiner Lieblingspl\u00e4tze, der Lake Panic, liegen in der N\u00e4he. Wer gerne in dieser Region den Park durchst\u00f6bern m\u00f6chte wird sicher viele interessante Dinge zu Gesicht bekommen aber auch viele Autos.<\/p>\n<\/div><\/div><div id=\"panel-151-0-0-6\" class=\"so-panel widget widget_black-studio-tinymce widget_black_studio_tinymce\" data-index=\"6\" ><div class=\"panel-widget-style panel-widget-style-for-151-0-0-6\" ><div class=\"textwidget\"><ul>\n<li>Phabeni<\/li>\n<\/ul>\n<p style=\"padding-left: 30px;\">Eine sehr gute Station und f\u00fcr mich mit der beste Ausgangspunkt. Der Ort Hazyview liegt in direkte N\u00e4he und hier gibt es alles was man braucht. Gute Restaurants wie Summerfields oder das f\u00fcr mich beste Steakhaus der Welt \"Pioneers\". Gute Unterk\u00fcnfte mit kurzen Anfahrtswegen wie Dreamfield liegen in der N\u00e4he und ein kleines Einkaufscenter mit Geldautomaten ist auch vorhanden. F\u00fcr einen richtigen Einkaufsbummel ist Hazyview nicht geeignet aber kleine Souvenirl\u00e4den sowie Golfplatz und weitere Sehensw\u00fcrdigkeiten sind schnell erreicht. Der einzig Nachteil am Phabeni Gate sind die vielen Fahrzeuge, die morgens in den Park fahren. Auch 30 Minuten vor \u00d6ffnung der Tore ist man nicht der Erste am Gate.<\/p>\n<\/div><\/div><\/div><div id=\"panel-151-0-0-7\" class=\"so-panel widget widget_black-studio-tinymce widget_black_studio_tinymce\" data-index=\"7\" ><div class=\"textwidget\"><ul>\n<li>Numbi<\/li>\n<\/ul>\n<p style=\"padding-left: 30px;\">Das Gate habe ich noch nie benutzt. Es liegt in der N\u00e4he von Nelspruit (circa 40 km ) und White River. Bei Nelspruit handelt es sich um eine Stadt mit 60.000 Einwohnern und Einkaufcenter, Tankstellen, Autoh\u00e4user gibt es in gro\u00dfer Anzahl. Im Vergleich zu Pafuri eine andere Welt.<\/p>\n<\/div><\/div><div id=\"panel-151-0-0-8\" class=\"so-panel widget widget_black-studio-tinymce widget_black_studio_tinymce\" data-index=\"8\" ><div class=\"panel-widget-style panel-widget-style-for-151-0-0-8\" ><div class=\"textwidget\"><ul>\n<li>Malelane<\/li>\n<\/ul>\n<p style=\"padding-left: 30px;\">F\u00fcr mich einer der besten Pl\u00e4tze um den Park zu besuchen. Die Stadt ist nicht weit entfernt und Unterk\u00fcnfte gibt es reichlich. Der Vorteil hier ist die Trennung Stadt\/Park durch den Crocodile River. Es gibt traumhafte Unterk\u00fcnfte direkt am Flu\u00df mit Blick auf den Park. Hier kann ich die <a href=\"http:\/\/kruste.selfhost.me\/wordpress\/?page_id=543\" target=\"_blank\" rel=\"noopener\">Khandizwe Lodge<\/a> empfehlen. Die Elefanten durchqueren den Flu\u00df und kommen fast bis an den Pool (bis auf circa 3 Meter Entfernung ). Auf der anderen Seite ist der riesige SPAR Markt nur 5 Minuten entfernt und hier gibt es von K\u00e4se \u00fcber Fleisch bis zum Wein alles was das Herz begehrt ( nur Wein nicht am Sonntag ! ). Was m\u00f6chte man mehr. Zum Fr\u00fchst\u00fcck hatten wir den Leoparden am Flu\u00df und kurze Zeit sp\u00e4ter die K\u00fchltheke mit K\u00e4se beim Einkauf. Krasser geht es kaum.<\/p>\n<\/div><\/div><\/div><div id=\"panel-151-0-0-9\" class=\"so-panel widget widget_black-studio-tinymce widget_black_studio_tinymce panel-last-child\" data-index=\"9\" ><div class=\"textwidget\"><ul>\n<li><i style=\"font-family: sans-serif; font-variant: normal; line-height: normal;\">Crocodile Bridge<\/i><\/li>\n<\/ul>\n<p style=\"padding-left: 30px;\">Hier gibt es den gleichen Vorteil wie in Malelane. Der Crocodile River ist die Grenze zum Park. Wundersch\u00f6ne Unterk\u00fcnfte bieten einen traumhaften Blick auf Flu\u00df und Park. Der gro\u00dfe SPAR Markt fehlt aber das Gate ist schnell erreicht und die Tiersichtungen in dieser Region sind klasse. Mein Tipp sind die Unterk\u00fcnfte im Marloth Park.<\/p>\n<p>&nbsp;<\/p>\n<p>Bei der Planung der Unterk\u00fcnfte sind die \u00d6ffnungszeiten interessant:<\/p>\n<table class=\"borders\" style=\"padding-left: 60px; height: 230px;\" width=\"1061\">\n<tbody>\n<tr>\n<td><strong>Eingangs-Tore \u00d6ffnen <\/strong><\/td>\n<td>\n<div align=\"center\">\n<p>Jan<\/p>\n<p style=\"text-align: left;\">05:30<\/p>\n<\/div>\n<\/td>\n<td>Feb\n<p>05:30<\/p><\/td>\n<td>Mrz\n<p>05:30<\/p><\/td>\n<td>\n<div align=\"center\">\n<p>Apr<\/p>\n<p style=\"text-align: left;\">06:00<\/p>\n<\/div>\n<\/td>\n<td>\n<div align=\"right\">\n<p>Mai<\/p>\n<p style=\"text-align: left;\">06:00<\/p>\n<\/div>\n<\/td>\n<td>Jun\n<p>06:00<\/p><\/td>\n<td>Jul\n<p>06:00<\/p><\/td>\n<td>Aug\n<p>06:00<\/p><\/td>\n<td>Sep\n<p>06:00<\/p><\/td>\n<td>Okt\n<p>05:30<\/p><\/td>\n<td>Nov\n<p>05:30<\/p><\/td>\n<td>Dez\n<p>05:30<\/p><\/td>\n<\/tr>\n<tr>\n<td><strong>Camp-Tore \u00d6ffnen <\/strong><\/td>\n<td>\n<div align=\"center\">\n<p style=\"text-align: left;\">04:30<\/p>\n<\/div>\n<\/td>\n<td>05:30<\/td>\n<td>05:30<\/td>\n<td>\n<div align=\"center\">\n<p style=\"text-align: left;\">06:00<\/p>\n<\/div>\n<\/td>\n<td>\n<div align=\"right\">\n<p style=\"text-align: left;\">06:00<\/p>\n<\/div>\n<\/td>\n<td>06:00<\/td>\n<td>06:00<\/td>\n<td>06:00<\/td>\n<td>06:00<\/td>\n<td>05:30<\/td>\n<td>04:30<\/td>\n<td>04:30<\/td>\n<\/tr>\n<tr>\n<td><strong>Alle Tore schliessen <\/strong><\/td>\n<td>\n<div align=\"center\">\n<p style=\"text-align: left;\">18:30<\/p>\n<\/div>\n<\/td>\n<td>18:30<\/td>\n<td>18:00<\/td>\n<td>\n<div align=\"center\">\n<p>18:00<\/p><\/div>\n<\/td>\n<td>\n<div align=\"right\">\n<p style=\"text-align: left;\">17:30<\/p>\n<\/div>\n<\/td>\n<td>17:30<\/td>\n<td>17:30<\/td>\n<td>18:00<\/td>\n<td>18:00<\/td>\n<td>18:00<\/td>\n<td>18:30<\/td>\n<td>18:30<\/td>\n<\/tr>\n<\/tbody>\n<\/table>\n<p>Wer fr\u00fch auf Pirsch gehen m\u00f6chte kommt zum Teil um eine \u00dcbernachtung im Park nicht herum. Zurzeit\u00a0w\u00fcrde ich pers\u00f6nlich \u00dcbernachtungen im Kruger vorziehen, zumal die Unterk\u00fcnfte preislich interessant sind.<\/p>\n<\/div><\/div><\/div><\/div><\/div>","protected":false},"excerpt":{"rendered":"<p>Es ist wichtig sich bei der Suche nach Unterk\u00fcnften au\u00dferhalb des Parks, Gedanken \u00fcber die Anfahrtswege bzw. die Reisezeit zu machen. Zum Sonnenaufgang gibt es<\/p>\n","protected":false},"author":1,"featured_media":0,"parent":7638,"menu_order":0,"comment_status":"closed","ping_status":"closed","template":"","meta":{"footnotes":""},"class_list":["post-151","page","type-page","status-publish","hentry"],"_links":{"self":[{"href":"http:\/\/kruste.selfhost.me\/wordpress\/index.php?rest_route=\/wp\/v2\/pages\/151","targetHints":{"allow":["GET"]}}],"collection":[{"href":"http:\/\/kruste.selfhost.me\/wordpress\/index.php?rest_route=\/wp\/v2\/pages"}],"about":[{"href":"http:\/\/kruste.selfhost.me\/wordpress\/index.php?rest_route=\/wp\/v2\/types\/page"}],"author":[{"embeddable":true,"href":"http:\/\/kruste.selfhost.me\/wordpress\/index.php?rest_route=\/wp\/v2\/users\/1"}],"replies":[{"embeddable":true,"href":"http:\/\/kruste.selfhost.me\/wordpress\/index.php?rest_route=%2Fwp%2Fv2%2Fcomments&post=151"}],"version-history":[{"count":4,"href":"http:\/\/kruste.selfhost.me\/wordpress\/index.php?rest_route=\/wp\/v2\/pages\/151\/revisions"}],"predecessor-version":[{"id":7652,"href":"http:\/\/kruste.selfhost.me\/wordpress\/index.php?rest_route=\/wp\/v2\/pages\/151\/revisions\/7652"}],"up":[{"embeddable":true,"href":"http:\/\/kruste.selfhost.me\/wordpress\/index.php?rest_route=\/wp\/v2\/pages\/7638"}],"wp:attachment":[{"href":"http:\/\/kruste.selfhost.me\/wordpress\/index.php?rest_route=%2Fwp%2Fv2%2Fmedia&parent=151"}],"curies":[{"name":"wp","href":"https:\/\/api.w.org\/{rel}","templated":true}]}}