{"id":1594,"date":"2015-09-06T20:07:39","date_gmt":"2015-09-06T18:07:39","guid":{"rendered":"http:\/\/kruste.selfhost.me\/wordpress\/?page_id=1594"},"modified":"2016-04-22T13:16:21","modified_gmt":"2016-04-22T11:16:21","slug":"the-foresta-add-mount-faber-singapur","status":"publish","type":"page","link":"http:\/\/kruste.selfhost.me\/wordpress\/?page_id=1594","title":{"rendered":"The Foresta add Mount Faber (Singapur)"},"content":{"rendered":"<div id=\"pl-1594\"  class=\"panel-layout\" ><div id=\"pg-1594-0\"  class=\"panel-grid panel-no-style\" ><div id=\"pgc-1594-0-0\"  class=\"panel-grid-cell\" ><div id=\"panel-1594-0-0-0\" class=\"so-panel widget widget_black-studio-tinymce widget_black_studio_tinymce panel-first-child panel-last-child\" data-index=\"0\" ><div class=\"textwidget\"><div class=\"style_SkipStroke_2 shape-with-text flowDefining\">\n<div class=\"text-content style_External_485_494\">\n<div class=\"style\">Aufgrund der recht hohen Hotelpreise\u00a0in Singapur hatte wir nach einer Alternative gesucht und was lag\u00a0da n\u00e4her als Airbnb. Wir vermieten Zimmer \u00fcber diese Plattform und warum nicht auch mal selber hier buchen ?<br \/>Die ** Sterne Hotels in Singapur\u00a0entsprechen nicht so unseren Vorstellungen und f\u00fcr den Preis eines *** Sterne Haus bekommen wir hier eine komplette Wohnung.<\/div>\n<div class=\"style\">Die \"The Foresta @\u00a0Mount Faber\" Apartmentanlage \u00fcberzeugte uns mit Ihrer Lage, dem gro\u00dfen 50m Pool und dem recht jungen Alter. Alles sah sehr neuwertig und gepflegt aus und der Vermieter sicherte uns noch einen sp\u00e4ten Check Out zu, sodass wir eine \u00dcbernachtung sparen konnten, somit wurde gebucht.<\/div>\n<\/div>\n<\/div>\n<div class=\"style\">\u00a0<\/div>\n<div class=\"style\">Die\u00a0Wohnung lag im hinteren der vier 4-st\u00f6ckigen \"Wohnbl\u00f6cke\" in der ersten Etage und gliederte sich in 2 Schlafzimmer, 1 Wohnraum, 2 B\u00e4der, 2 Balkone und eine kleine K\u00fcche wobei das eine Schlafzimmer nicht durch uns genutzt werden durfte. Die kleine K\u00fcche zeigt das Wohnraum in Singapur gut geplant und verdammt teuer sein muss und so googelte ich mal nach dem Kaufpreis f\u00fcr den circa 60 qm Wohnraum. Oh, mit 1.500.000 SIN$ wurden die Wohnungen gehandelt, was circa 1.100.000 \u20ac entsprach. Alle Achtung, was f\u00fcr eine Zahl.<\/div>\n<div class=\"style\">\u00a0<\/div>\n<div class=\"style\">\u00a0<\/div>\n<div class=\"style\">Sicher ergab sich der Preis auch durch die gute Lage welche wir erst auf den zweiten Blick richtig erkannten. Zum einen bestand eine sehr gute Anbindung an den \u00f6ffentlichen Nahverkehr mit Bus und MRT und zum anderen war es nicht weit in die n\u00e4chste Mall ( Vivo City ) bzw. in den gr\u00fcnen Mount Farber Park mit seinen tollen Wegen und der erstaunlichen Vogelwelt. Rundum ein sch\u00f6ner Platz mit viel Komfort auf kleinem Raum.<\/div>\n<\/div><\/div><\/div><div id=\"pgc-1594-0-1\"  class=\"panel-grid-cell\" ><div id=\"panel-1594-0-1-0\" class=\"so-panel widget widget_black-studio-tinymce widget_black_studio_tinymce panel-first-child panel-last-child\" data-index=\"1\" ><div class=\"textwidget\"><p><a href=\"http:\/\/kruste.selfhost.me\/wordpress\/wp-content\/uploads\/2015\/09\/SAF_7523_1.jpg\"><img loading=\"lazy\" decoding=\"async\" class=\"size-full wp-image-1601 aligncenter\" src=\"http:\/\/kruste.selfhost.me\/wordpress\/wp-content\/uploads\/2015\/09\/SAF_7523_1.jpg\" alt=\"SAF_7523_1\" width=\"817\" height=\"1224\" srcset=\"http:\/\/kruste.selfhost.me\/wordpress\/wp-content\/uploads\/2015\/09\/SAF_7523_1.jpg 817w, http:\/\/kruste.selfhost.me\/wordpress\/wp-content\/uploads\/2015\/09\/SAF_7523_1-100x150.jpg 100w, http:\/\/kruste.selfhost.me\/wordpress\/wp-content\/uploads\/2015\/09\/SAF_7523_1-200x300.jpg 200w, http:\/\/kruste.selfhost.me\/wordpress\/wp-content\/uploads\/2015\/09\/SAF_7523_1-684x1024.jpg 684w, http:\/\/kruste.selfhost.me\/wordpress\/wp-content\/uploads\/2015\/09\/SAF_7523_1-700x1049.jpg 700w\" sizes=\"auto, (max-width: 817px) 100vw, 817px\" \/><\/a><\/p>\n<\/div><\/div><\/div><\/div><div id=\"pg-1594-1\"  class=\"panel-grid panel-no-style\" ><div id=\"pgc-1594-1-0\"  class=\"panel-grid-cell\" ><div id=\"panel-1594-1-0-0\" class=\"so-panel widget widget_black-studio-tinymce widget_black_studio_tinymce panel-first-child\" data-index=\"2\" ><h3 class=\"widget-title\">Preise:<\/h3><div class=\"textwidget\"><hr \/>\n<p>F\u00fcr drei N\u00e4chte\u00a0wurden uns<\/p>\n<ul>\n<li>309 \u20ac \u00dcbernachtungskosten<\/li>\n<li>31 \u20ac Reinigunggeb\u00fchr<\/li>\n<li>51 \u20ac Airbnb Servicegeb\u00fchr<\/li>\n<\/ul>\n<p>berechnet. Nicht g\u00fcnstig aber in Angesicht des Kaufpreis durchaus angemessen.<\/p>\n<\/div><\/div><div id=\"panel-1594-1-0-1\" class=\"so-panel widget widget_black-studio-tinymce widget_black_studio_tinymce\" data-index=\"3\" ><h3 class=\"widget-title\">Kommunikation:<\/h3><div class=\"textwidget\"><div id=\"id4\" class=\"style_SkipStroke_4 shape-with-text\">\n<div class=\"text-content graphic_textbox_layout_style_default_External_138_130\">\n<div class=\"graphic_textbox_layout_style_default\">\n<hr \/>\n<p class=\"Caption\">Schnelles Internet gab es kostenfrei<\/p>\n<\/div>\n<\/div>\n<\/div>\n<\/div><\/div><div id=\"panel-1594-1-0-2\" class=\"so-panel widget widget_black-studio-tinymce widget_black_studio_tinymce\" data-index=\"4\" ><div class=\"textwidget\"><p><a href=\"http:\/\/kruste.selfhost.me\/wordpress\/wp-content\/uploads\/2015\/09\/SAF_7795_1.jpg\"><img loading=\"lazy\" decoding=\"async\" class=\"size-full wp-image-1598 aligncenter\" src=\"http:\/\/kruste.selfhost.me\/wordpress\/wp-content\/uploads\/2015\/09\/SAF_7795_1.jpg\" alt=\"SAF_7795_1\" width=\"1372\" height=\"728\" srcset=\"http:\/\/kruste.selfhost.me\/wordpress\/wp-content\/uploads\/2015\/09\/SAF_7795_1.jpg 1372w, http:\/\/kruste.selfhost.me\/wordpress\/wp-content\/uploads\/2015\/09\/SAF_7795_1-150x80.jpg 150w, http:\/\/kruste.selfhost.me\/wordpress\/wp-content\/uploads\/2015\/09\/SAF_7795_1-300x159.jpg 300w, http:\/\/kruste.selfhost.me\/wordpress\/wp-content\/uploads\/2015\/09\/SAF_7795_1-1024x543.jpg 1024w, http:\/\/kruste.selfhost.me\/wordpress\/wp-content\/uploads\/2015\/09\/SAF_7795_1-700x371.jpg 700w\" sizes=\"auto, (max-width: 1372px) 100vw, 1372px\" \/><\/a><\/p>\n<\/div><\/div><div id=\"panel-1594-1-0-3\" class=\"so-panel widget widget_black-studio-tinymce widget_black_studio_tinymce\" data-index=\"5\" ><h3 class=\"widget-title\">Anreise:<\/h3><div class=\"textwidget\"><hr \/>\n<p style=\"color: #919191;\"><span style=\"color: #000000;\">Wie immer in Singapur mit dem Taxi. Es geht nur so in dieser Stadt.<\/span><\/p>\n<\/div><\/div><div id=\"panel-1594-1-0-4\" class=\"so-panel widget widget_black-studio-tinymce widget_black_studio_tinymce\" data-index=\"6\" ><h3 class=\"widget-title\">Meine Reisezeiten:<\/h3><div class=\"textwidget\"><hr \/>\n<ul>\n<li>August 2015<\/li>\n<\/ul>\n<p class=\"paragraph_style\">\u00a0<\/p>\n<\/div><\/div><div id=\"panel-1594-1-0-5\" class=\"so-panel widget widget_black-studio-tinymce widget_black_studio_tinymce\" data-index=\"7\" ><h3 class=\"widget-title\">Das Wetter:<\/h3><div class=\"textwidget\"><hr \/>\n<p class=\"paragraph_style\">August 2015<\/p>\n<ul>\n<li>Hohe Temperaturen um die 30\u00b0C und auch mal ein paar kleine Schauer.<br \/>Am letzte Tag prasselte der Regen aber richtig auf uns herab und wir mussten den Besuch des Botanischen Garten abbrechen.<\/li>\n<\/ul>\n<\/div><\/div><div id=\"panel-1594-1-0-6\" class=\"so-panel widget widget_black-studio-tinymce widget_black_studio_tinymce\" data-index=\"8\" ><h3 class=\"widget-title\">Zimmer:<\/h3><div class=\"textwidget\"><hr \/>\n<p style=\"color: #919191;\"><span style=\"color: #000000;\">Es geht alles recht eng zu in Singapur und man wundert sich, was alles in die Wohnung passte. Waschmaschine, Trockner, Herd und Mikrowelle standen in der winzigen K\u00fcche und im\u00a0Hightech Land Singapur gab es f\u00fcr jedes Ger\u00e4t einen eigenen \"Licht\"- Schalter. Auch Gas, Klimaanlage und Stadtgas hatten ihre eigenen Schalter und da brauchte man schon eine kleine Einweisung. <br \/>Sonst h\u00e4tten wir noch 2 LED TV's, WII oder einen Stepper nutzen k\u00f6nnen hatten daf\u00fcr aber keinen Bedarf.<br \/>Der gesamten Wohnanlage standen weiter ein 50m Pool, Whirlpool, BBQ Ecke oder GYM zur Verf\u00fcgung. Alles in sehr gutem Zustand und ohne Bedenken nutzbar.<\/span><\/p>\n<\/div><\/div><div id=\"panel-1594-1-0-7\" class=\"so-panel widget widget_black-studio-tinymce widget_black_studio_tinymce\" data-index=\"9\" ><div class=\"textwidget\"><p style=\"text-align: center;\"><a href=\"http:\/\/kruste.selfhost.me\/wordpress\/wp-content\/uploads\/2015\/09\/SAF_8960_1.jpg\"><img loading=\"lazy\" decoding=\"async\" class=\"alignnone size-full wp-image-1602\" src=\"http:\/\/kruste.selfhost.me\/wordpress\/wp-content\/uploads\/2015\/09\/SAF_8960_1.jpg\" alt=\"SAF_8960_1\" width=\"1224\" height=\"817\" srcset=\"http:\/\/kruste.selfhost.me\/wordpress\/wp-content\/uploads\/2015\/09\/SAF_8960_1.jpg 1224w, http:\/\/kruste.selfhost.me\/wordpress\/wp-content\/uploads\/2015\/09\/SAF_8960_1-150x100.jpg 150w, http:\/\/kruste.selfhost.me\/wordpress\/wp-content\/uploads\/2015\/09\/SAF_8960_1-300x200.jpg 300w, http:\/\/kruste.selfhost.me\/wordpress\/wp-content\/uploads\/2015\/09\/SAF_8960_1-1024x684.jpg 1024w, http:\/\/kruste.selfhost.me\/wordpress\/wp-content\/uploads\/2015\/09\/SAF_8960_1-700x467.jpg 700w, http:\/\/kruste.selfhost.me\/wordpress\/wp-content\/uploads\/2015\/09\/SAF_8960_1-272x182.jpg 272w\" sizes=\"auto, (max-width: 1224px) 100vw, 1224px\" \/><\/a><\/p>\n<\/div><\/div><div id=\"panel-1594-1-0-8\" class=\"so-panel widget widget_black-studio-tinymce widget_black_studio_tinymce\" data-index=\"10\" ><h3 class=\"widget-title\">K\u00fcche \/ Restaurant:<\/h3><div class=\"textwidget\"><hr \/>\n<p>Selbstverpflegung oder Gark\u00fcche, je nach Vorlieb oder Geldbeutel.<\/p>\n<\/div><\/div><div id=\"panel-1594-1-0-9\" class=\"so-panel widget widget_black-studio-tinymce widget_black_studio_tinymce\" data-index=\"11\" ><h3 class=\"widget-title\">Personal:<\/h3><div class=\"textwidget\"><hr \/><p style=\"color: #919191;\"><span style=\"color: #000000;\">Unseren Vermieter haben wir nicht getroffen, da er in Europa auf Urlaub war. Sahra brachte uns den Schl\u00fcssel und 2 Nachbar nahmen diesen bei der Abreise entgegen. Alle waren sehr freundlich und hilfsbereit.<\/span><\/p><\/div><\/div><div id=\"panel-1594-1-0-10\" class=\"so-panel widget widget_black-studio-tinymce widget_black_studio_tinymce\" data-index=\"12\" ><h3 class=\"widget-title\">Aktivit\u00e4ten:<\/h3><div class=\"textwidget\"><hr \/>\n<p class=\"Caption\">Der 50m Pool l\u00e4dt zum schwimmen ein und der Mount Farber Park begr\u00fc\u00dft die Fr\u00fchaufsteher mit einer bunten Vogelwelt oder animiert zum Schattenboxen. GYM oder Whirlpool runden die Sache ab.\u00a0<\/p>\n<\/div><\/div><div id=\"panel-1594-1-0-11\" class=\"so-panel widget widget_black-studio-tinymce widget_black_studio_tinymce panel-last-child\" data-index=\"13\" ><h3 class=\"widget-title\">Tipps:<\/h3><div class=\"textwidget\"><hr \/>\n<p>Es gibt jedes Jahr neue Attraktionen in Singapur und in diesem Jahr ( 2015 ) kann ich folgende empfehlen.<\/p>\n<ul>\n<li>Mount Faber Park f\u00fcr einen Spaziergang<\/li>\n<li>Gardens by the Bay<\/li>\n<li>Singapur Zoo<\/li>\n<li>Orchard Road zum Shopping<\/li>\n<li>Botanischer Garten ( Orchideen Park )<\/li>\n<li>1-Altitude Bar in der 64 Etage<\/li>\n<li>Lasershow des Marina Bay Sands vor der Skyline Singapurs<\/li>\n<\/ul>\n<\/div><\/div><\/div><\/div><div id=\"pg-1594-2\"  class=\"panel-grid panel-no-style\" ><div id=\"pgc-1594-2-0\"  class=\"panel-grid-cell\" ><div id=\"panel-1594-2-0-0\" class=\"so-panel widget widget_black-studio-tinymce widget_black_studio_tinymce panel-first-child\" data-index=\"14\" ><h3 class=\"widget-title\">Sicherheit:<\/h3><div class=\"textwidget\"><hr \/>\n<p class=\"paragraph_style\">Ich sch\u00e4tze Singapur ist das sicherste Land der Welt.<\/p>\n<\/div><\/div><div id=\"panel-1594-2-0-1\" class=\"so-panel widget widget_black-studio-tinymce widget_black_studio_tinymce\" data-index=\"15\" ><h3 class=\"widget-title\">Klartext:<\/h3><div class=\"textwidget\"><hr \/>\n<p style=\"color: #919191;\"><span style=\"color: #000000;\">Kein billiges Pflaster diese Stadt. Vom Zimmerpreis \u00fcber Restaurants bis zum Alkohol hat alles seinen Preis aber es lohnt sich.<\/span><\/p>\n<\/div><\/div><div id=\"panel-1594-2-0-2\" class=\"so-panel widget widget_black-studio-tinymce widget_black_studio_tinymce panel-last-child\" data-index=\"16\" ><div class=\"textwidget\"><p style=\"text-align: center;\"><a href=\"http:\/\/kruste.selfhost.me\/wordpress\/wp-content\/uploads\/2015\/09\/SAF_8977_1.jpg\"><img loading=\"lazy\" decoding=\"async\" class=\"alignnone size-full wp-image-1603\" src=\"http:\/\/kruste.selfhost.me\/wordpress\/wp-content\/uploads\/2015\/09\/SAF_8977_1.jpg\" alt=\"SAF_8977_1\" width=\"1870\" height=\"534\" srcset=\"http:\/\/kruste.selfhost.me\/wordpress\/wp-content\/uploads\/2015\/09\/SAF_8977_1.jpg 1870w, http:\/\/kruste.selfhost.me\/wordpress\/wp-content\/uploads\/2015\/09\/SAF_8977_1-150x43.jpg 150w, http:\/\/kruste.selfhost.me\/wordpress\/wp-content\/uploads\/2015\/09\/SAF_8977_1-300x86.jpg 300w, http:\/\/kruste.selfhost.me\/wordpress\/wp-content\/uploads\/2015\/09\/SAF_8977_1-1024x292.jpg 1024w, http:\/\/kruste.selfhost.me\/wordpress\/wp-content\/uploads\/2015\/09\/SAF_8977_1-700x200.jpg 700w\" sizes=\"auto, (max-width: 1870px) 100vw, 1870px\" \/><\/a><\/p>\n<\/div><\/div><\/div><\/div><\/div>","protected":false},"excerpt":{"rendered":"<p>Aufgrund der recht hohen Hotelpreise\u00a0in Singapur hatte wir nach einer Alternative gesucht und was lag\u00a0da n\u00e4her als Airbnb. Wir vermieten Zimmer \u00fcber diese Plattform und<\/p>\n","protected":false},"author":1,"featured_media":0,"parent":1397,"menu_order":0,"comment_status":"closed","ping_status":"closed","template":"","meta":{"footnotes":""},"class_list":["post-1594","page","type-page","status-publish","hentry"],"_links":{"self":[{"href":"http:\/\/kruste.selfhost.me\/wordpress\/index.php?rest_route=\/wp\/v2\/pages\/1594","targetHints":{"allow":["GET"]}}],"collection":[{"href":"http:\/\/kruste.selfhost.me\/wordpress\/index.php?rest_route=\/wp\/v2\/pages"}],"about":[{"href":"http:\/\/kruste.selfhost.me\/wordpress\/index.php?rest_route=\/wp\/v2\/types\/page"}],"author":[{"embeddable":true,"href":"http:\/\/kruste.selfhost.me\/wordpress\/index.php?rest_route=\/wp\/v2\/users\/1"}],"replies":[{"embeddable":true,"href":"http:\/\/kruste.selfhost.me\/wordpress\/index.php?rest_route=%2Fwp%2Fv2%2Fcomments&post=1594"}],"version-history":[{"count":1,"href":"http:\/\/kruste.selfhost.me\/wordpress\/index.php?rest_route=\/wp\/v2\/pages\/1594\/revisions"}],"predecessor-version":[{"id":2170,"href":"http:\/\/kruste.selfhost.me\/wordpress\/index.php?rest_route=\/wp\/v2\/pages\/1594\/revisions\/2170"}],"up":[{"embeddable":true,"href":"http:\/\/kruste.selfhost.me\/wordpress\/index.php?rest_route=\/wp\/v2\/pages\/1397"}],"wp:attachment":[{"href":"http:\/\/kruste.selfhost.me\/wordpress\/index.php?rest_route=%2Fwp%2Fv2%2Fmedia&parent=1594"}],"curies":[{"name":"wp","href":"https:\/\/api.w.org\/{rel}","templated":true}]}}