{"id":1690,"date":"2015-09-10T14:08:32","date_gmt":"2015-09-10T12:08:32","guid":{"rendered":"http:\/\/kruste.selfhost.me\/wordpress\/?page_id=1690"},"modified":"2016-04-25T22:04:39","modified_gmt":"2016-04-25T20:04:39","slug":"carp-island-region-babelthuap-carp","status":"publish","type":"page","link":"http:\/\/kruste.selfhost.me\/wordpress\/?page_id=1690","title":{"rendered":"Carp Island (Region Babelthuap \/ Carp)"},"content":{"rendered":"<div id=\"pl-1690\"  class=\"panel-layout\" ><div id=\"pg-1690-0\"  class=\"panel-grid panel-no-style\" ><div id=\"pgc-1690-0-0\"  class=\"panel-grid-cell\" ><div id=\"panel-1690-0-0-0\" class=\"so-panel widget widget_black-studio-tinymce widget_black_studio_tinymce panel-first-child panel-last-child\" data-index=\"0\" ><div class=\"textwidget\"><div class=\"style_SkipStroke_2 shape-with-text flowDefining\">\n<div class=\"text-content style_External_485_494\">\n<div class=\"style\">Eine kleine Perle im Pazifischen Ozean mit Einschr\u00e4nkungen beim Komfort. So w\u00fcrde ich Carp Island ( original Name Ngercheu<b> )\u00a0<\/b>beschreiben. Die Insel ist wundersch\u00f6n und man kann hier richtig die Seele baumeln lassen.<\/div>\n<\/div>\n<\/div>\n<div class=\"style\">\u00a0<\/div>\n<div class=\"style\">Der Tag beginnt mit einem recht \u00fcbersichtlichem Fr\u00fchst\u00fcck und dann geht es auch schon zum Tauchen. Super tolle Tauchpl\u00e4tze werde da angefahren und oft fragt man sich, ob das \u00fcberhaupt wahr sein kann. Der Blick von Bord auf den Meeresboden am German Channel ist schon einmalig und wer bei der Anfahrt zum Tauchplatz den Sailfish springen sieht ist von diesem Platz gefangen. Die Deko Pause am Traumstrand rundet die Tauchg\u00e4nge ab und man freut sich schon auf den n\u00e4chsten Tauchtag.<\/div>\n<div class=\"style\">\u00a0<\/div>\n<div class=\"style\">Am Nachmittag wirft man(n) die Angel in den Kanal vor der Insel und mit Gl\u00fcck hat man auch mal eine sch\u00f6ne Makrele am Haken, perfekt. Auch wenn das nicht funktionieren sollte ist das kleine Bier zum Sonnenuntergang, welches man auf dem Steg sitzend geniesst, der sch\u00f6nste Tagesabschluss den man sich vorstellen kann.<\/div>\n<div class=\"style\">Einzig uns alleine der durchdringende Schlag gegen die\u00a0alten Pressluftflasche , der zum Abendessen l\u00e4dt, st\u00f6rt da etwas aber man hat ja Hunger.\n<p>Gegessen wird wird an einem gro\u00dfen Tisch und mit \"vielen\" japanischen G\u00e4sten. Viel ist nat\u00fcrlich relativ, da es auf Carp nur 10 Bungalows und ein paar Zimmer zu mieten gibt.<\/p><\/div>\n<div class=\"style\">Die Zimmer sind wirklich nur f\u00fcr Leute ohne Anspruch mit Gemeinschaftsduschen und wenigen Toiletten f\u00fcr alle. Nicht unser Ding.<\/div>\n<div class=\"style\">\u00a0<\/div>\n<div class=\"style\">Wer Gl\u00fcck hat kann am Abend noch bei wolkenlosen Himmel die Sterne bewundern, die zum greifen nah erscheinen und von den letzten Tauchg\u00e4ngen tr\u00e4umen bevor er tot ins Bett f\u00e4llt.<\/div>\n<div class=\"style\">\u00a0<\/div>\n<div class=\"style\">\u00a0<\/div>\n<div class=\"style\">So haben uns die Tage auf Carp Island immer am besten gefallen.<\/div>\n<\/div><\/div><\/div><div id=\"pgc-1690-0-1\"  class=\"panel-grid-cell\" ><div id=\"panel-1690-0-1-0\" class=\"so-panel widget widget_black-studio-tinymce widget_black_studio_tinymce panel-first-child panel-last-child\" data-index=\"1\" ><div class=\"textwidget\"><p><a href=\"http:\/\/kruste.selfhost.me\/wordpress\/wp-content\/uploads\/2015\/09\/f1000004.jpg\"><img loading=\"lazy\" decoding=\"async\" class=\"alignnone size-full wp-image-1696\" src=\"http:\/\/kruste.selfhost.me\/wordpress\/wp-content\/uploads\/2015\/09\/f1000004.jpg\" alt=\"f1000004\" width=\"1232\" height=\"1840\" srcset=\"http:\/\/kruste.selfhost.me\/wordpress\/wp-content\/uploads\/2015\/09\/f1000004.jpg 1232w, http:\/\/kruste.selfhost.me\/wordpress\/wp-content\/uploads\/2015\/09\/f1000004-100x150.jpg 100w, http:\/\/kruste.selfhost.me\/wordpress\/wp-content\/uploads\/2015\/09\/f1000004-201x300.jpg 201w, http:\/\/kruste.selfhost.me\/wordpress\/wp-content\/uploads\/2015\/09\/f1000004-686x1024.jpg 686w, http:\/\/kruste.selfhost.me\/wordpress\/wp-content\/uploads\/2015\/09\/f1000004-700x1045.jpg 700w\" sizes=\"auto, (max-width: 1232px) 100vw, 1232px\" \/><\/a><\/p>\n<\/div><\/div><\/div><\/div><div id=\"pg-1690-1\"  class=\"panel-grid panel-no-style\" ><div id=\"pgc-1690-1-0\"  class=\"panel-grid-cell\" ><div id=\"panel-1690-1-0-0\" class=\"so-panel widget widget_black-studio-tinymce widget_black_studio_tinymce panel-first-child\" data-index=\"2\" ><h3 class=\"widget-title\">Preise:<\/h3><div class=\"textwidget\"><hr \/>\n<ul>\n<li>1 Nacht im Bungalow ohne Verpflegung 95 US$<\/li>\n<li>Transfer 20 US$ pro Person ( Koror \/ Carp )<\/li>\n<li>Bier\u00a02 US$<\/li>\n<li>Softdrink\u00a01 US$<\/li>\n<li>gro\u00dfes Wasser 3,50 US$<\/li>\n<li>Kaffee \/ Tee frei<\/li>\n<li>2 Tauchg\u00e4nge\u00a0115 US$<\/li>\n<li>Ausflug zur Insel Peleliu 60 US$<\/li>\n<li>Cocktail's gab es nicht \ud83d\ude42<\/li>\n<\/ul>\n<p>\u00a0<\/p>\n<\/div><\/div><div id=\"panel-1690-1-0-1\" class=\"so-panel widget widget_black-studio-tinymce widget_black_studio_tinymce\" data-index=\"3\" ><h3 class=\"widget-title\">Kommunikation:<\/h3><div class=\"textwidget\"><div id=\"id4\" class=\"style_SkipStroke_4 shape-with-text\">\n<div class=\"text-content graphic_textbox_layout_style_default_External_138_130\">\n<div class=\"graphic_textbox_layout_style_default\">\n<hr \/>\n<p><i>Kein Handy, kein Internet<\/i><\/p>\n<\/div>\n<\/div>\n<\/div>\n<\/div><\/div><div id=\"panel-1690-1-0-2\" class=\"so-panel widget widget_black-studio-tinymce widget_black_studio_tinymce\" data-index=\"4\" ><div class=\"textwidget\"><p><a href=\"http:\/\/kruste.selfhost.me\/wordpress\/wp-content\/uploads\/2015\/09\/10_02_11_1-e1441890798850.jpg\"><img loading=\"lazy\" decoding=\"async\" class=\"size-full wp-image-1654 aligncenter\" src=\"http:\/\/kruste.selfhost.me\/wordpress\/wp-content\/uploads\/2015\/09\/10_02_11_1-e1441890798850.jpg\" alt=\"10_02_11_1\" width=\"1266\" height=\"424\" srcset=\"http:\/\/kruste.selfhost.me\/wordpress\/wp-content\/uploads\/2015\/09\/10_02_11_1-e1441890798850.jpg 1266w, http:\/\/kruste.selfhost.me\/wordpress\/wp-content\/uploads\/2015\/09\/10_02_11_1-e1441890798850-150x50.jpg 150w, http:\/\/kruste.selfhost.me\/wordpress\/wp-content\/uploads\/2015\/09\/10_02_11_1-e1441890798850-300x100.jpg 300w, http:\/\/kruste.selfhost.me\/wordpress\/wp-content\/uploads\/2015\/09\/10_02_11_1-e1441890798850-1024x343.jpg 1024w, http:\/\/kruste.selfhost.me\/wordpress\/wp-content\/uploads\/2015\/09\/10_02_11_1-e1441890798850-700x234.jpg 700w\" sizes=\"auto, (max-width: 1266px) 100vw, 1266px\" \/><\/a><\/p>\n<\/div><\/div><div id=\"panel-1690-1-0-3\" class=\"so-panel widget widget_black-studio-tinymce widget_black_studio_tinymce\" data-index=\"5\" ><h3 class=\"widget-title\">Anreise:<\/h3><div class=\"textwidget\"><hr \/>\n<p>Es geht nur mit dem Boot ab Koror. Die Fahrt durch die Rock Islands macht bei sch\u00f6nem Wetter viel Spa\u00df und der Anblick zieht einen in den Bann.<\/p>\n<p>Leider gibt es feste Transferzeiten, die bedingt durch die Internationalen Flugzeiten, zu einem Aufenthalt auf der Hauptinsel Koror f\u00fchren. Bei guter Planung l\u00e4sst sich eine\u00a0\u00dcbernachtung auf der Hin bzw. R\u00fcckreise einsparen aber ohne geht es glaube ich nicht. Doch, ein privater Transfer wird angeboten aber die Kosten sind nicht ohne.<\/p>\n<\/div><\/div><div id=\"panel-1690-1-0-4\" class=\"so-panel widget widget_black-studio-tinymce widget_black_studio_tinymce\" data-index=\"6\" ><h3 class=\"widget-title\">Meine Reisezeiten:<\/h3><div class=\"textwidget\"><hr \/>\n<ul>\n<li>April\u00a02004<\/li>\n<li>M\u00e4rz 2005<\/li>\n<\/ul>\n<\/div><\/div><div id=\"panel-1690-1-0-5\" class=\"so-panel widget widget_black-studio-tinymce widget_black_studio_tinymce\" data-index=\"7\" ><h3 class=\"widget-title\">Das Wetter:<\/h3><div class=\"textwidget\"><hr \/>\n<p class=\"paragraph_style\">Bei beiden Reisen zeigten sich die gleichen Bedingungen. Es war meist sonnig gab aber auch einmal einen Schauer. Das Wasser war ruhig und fast ohne Wellen und somit perfekt zum Tauchen. Das ist es, was man hier m\u00f6chte.<\/p>\n<\/div><\/div><div id=\"panel-1690-1-0-6\" class=\"so-panel widget widget_black-studio-tinymce widget_black_studio_tinymce\" data-index=\"8\" ><h3 class=\"widget-title\">Zimmer:<\/h3><div class=\"textwidget\"><hr \/>\n<p>Viel kann man hier nicht sagen. Die Ausstattung ist einfach und eine Klimaanlage gibt es nicht. Alles ist funktionell aber die Richtung ist klar. Taucher sind nicht sehr anspruchsvoll doch die Schlafr\u00e4ume wollten wir dann doch nicht buchen.<\/p>\n<\/div><\/div><div id=\"panel-1690-1-0-7\" class=\"so-panel widget widget_black-studio-tinymce widget_black_studio_tinymce\" data-index=\"9\" ><div class=\"textwidget\"><p style=\"text-align: center;\"><a href=\"http:\/\/kruste.selfhost.me\/wordpress\/wp-content\/uploads\/2015\/09\/f1000006.jpg\"><img loading=\"lazy\" decoding=\"async\" class=\"size-full wp-image-1698 aligncenter\" src=\"http:\/\/kruste.selfhost.me\/wordpress\/wp-content\/uploads\/2015\/09\/f1000006.jpg\" alt=\"f1000006\" width=\"1840\" height=\"1232\" srcset=\"http:\/\/kruste.selfhost.me\/wordpress\/wp-content\/uploads\/2015\/09\/f1000006.jpg 1840w, http:\/\/kruste.selfhost.me\/wordpress\/wp-content\/uploads\/2015\/09\/f1000006-150x100.jpg 150w, http:\/\/kruste.selfhost.me\/wordpress\/wp-content\/uploads\/2015\/09\/f1000006-300x201.jpg 300w, http:\/\/kruste.selfhost.me\/wordpress\/wp-content\/uploads\/2015\/09\/f1000006-1024x686.jpg 1024w, http:\/\/kruste.selfhost.me\/wordpress\/wp-content\/uploads\/2015\/09\/f1000006-700x469.jpg 700w, http:\/\/kruste.selfhost.me\/wordpress\/wp-content\/uploads\/2015\/09\/f1000006-272x182.jpg 272w\" sizes=\"auto, (max-width: 1840px) 100vw, 1840px\" \/><\/a><\/p>\n<\/div><\/div><div id=\"panel-1690-1-0-8\" class=\"so-panel widget widget_black-studio-tinymce widget_black_studio_tinymce\" data-index=\"10\" ><h3 class=\"widget-title\">K\u00fcche \/ Restaurant:<\/h3><div class=\"textwidget\"><hr \/>\n<p>Einfache Verpflegung \u00a0mit starken japanischem Einfluss. Es gab viel Fisch und auch der eigene Fang wurde ohne zu murren zubereitet.<\/p>\n<\/div><\/div><div id=\"panel-1690-1-0-9\" class=\"so-panel widget widget_black-studio-tinymce widget_black_studio_tinymce\" data-index=\"11\" ><h3 class=\"widget-title\">Personal:<\/h3><div class=\"textwidget\"><hr \/><p>Die Angestellten sind sehr freundlich und es geht freundschaftlich zu. Wir hatten einen sehr guten Kontakt zu den Bootsm\u00e4nnern und Tauchlehrer. Es wurde viel gelacht und die Angel konnten wir auch immer auswerfen.<\/p><\/div><\/div><div id=\"panel-1690-1-0-10\" class=\"so-panel widget widget_black-studio-tinymce widget_black_studio_tinymce\" data-index=\"12\" ><h3 class=\"widget-title\">Aktivit\u00e4ten:<\/h3><div class=\"textwidget\"><hr \/>\n<p>Tauchen,\u00a0tauchen, tauchen und auch mal angeln. Kleine Exkursionen \u00fcber die Insel oder einen Ausflug zur Nachbarinsel Peleliu k\u00f6nnen unternommen werden. Wenn m\u00f6glich sollte man den Besuch des Quallensees mit der R\u00fcckfahrt kombinieren.<\/p>\n<\/div><\/div><div id=\"panel-1690-1-0-11\" class=\"so-panel widget widget_black-studio-tinymce widget_black_studio_tinymce panel-last-child\" data-index=\"13\" ><h3 class=\"widget-title\">Tipps:<\/h3><div class=\"textwidget\"><hr \/>\n<ul>\n<li>Ein kleiner Einkauf in Koror kann die Reisekasse schon entlasten.<\/li>\n<li>Ausflug zur Nachbarinsel Peleliu<\/li>\n<li>Besuch des \"Quallensees\" auf der R\u00fcckfahrt<\/li>\n<li>Kerzen, Taschenlampe und Feuerzeug geh\u00f6ren ins Gep\u00e4ck<\/li>\n<li>Taucherausr\u00fcstung vorab gut \u00fcberpr\u00fcfen, hier gibt es keinen Ersatz ( auch kein Finimeter wie wir feststellen mussten, ohne geht aber auch )<\/li>\n<li>Sonnenschutz nicht vergessen<\/li>\n<li>Angeln im Kanal vor der Insel<\/li>\n<\/ul>\n<p>Meine sch\u00f6nsten Erlebnisse waren der Sonnenuntergang, den man vom Steg aus beobachten kann und der Sternenhimmel in der Nacht. F\u00fcr mich h\u00e4tte eine H\u00e4ngematte auf dem Steg gereicht.<\/p>\n<p>Weiter ist die Fahrt durch den German Channel immer ein Erlebnis und der Blick bis auf den Meeresgrund l\u00e4d zum Tauchen nur so ein.<\/p>\n<\/div><\/div><\/div><\/div><div id=\"pg-1690-2\"  class=\"panel-grid panel-no-style\" ><div id=\"pgc-1690-2-0\"  class=\"panel-grid-cell\" ><div id=\"panel-1690-2-0-0\" class=\"so-panel widget widget_black-studio-tinymce widget_black_studio_tinymce panel-first-child\" data-index=\"14\" ><h3 class=\"widget-title\">Klartext:<\/h3><div class=\"textwidget\"><hr \/>\n<p>Die Richtung ist vorgegeben. Es geht um tolle Tauchg\u00e4nge und wer Luxus sucht ist hier v\u00f6llig fehl am Platz. Die Zimmer und das Essen sind einfach aber auch der Rest der Anlage ist eher etwas f\u00fcr Individualisten.\u00a0Bei den G\u00e4sten handelt es sich fast ausschliesslich um Japaner und so ist auch die Ausrichtung des Management.<\/p>\n<p>So sch\u00f6n wie der Strand und die Tauchg\u00e4nge auch sind, gibt es doch Einschr\u00e4nkungen. Baden oder Schnorcheln\u00a0ist auf Carp nicht m\u00f6glich, hierzu muss man aufs Boot. Und auch die Tauchg\u00e4nge haben es zum Teil in Sich. Starke Str\u00f6mungen treten auf und an der Blue Corner werden zum Teil Riffhaken genutzt um dem Treiben der Haie zusehen zu k\u00f6nnen. Steht man in der Brandung ein ganz sch\u00f6nes hin und her und zum Teil recht unbequem.<\/p>\n<p>In den Jahren 2004 und 2005 waren wir oft die einzigen Taucher an den Tauchpl\u00e4tzen oder haben nur wenig andere Boot gesehen. Das kann an der perfekten Lage von Carp direkt an den Tauchpl\u00e4tzen liegen und der Vergangenheit angeh\u00f6ren. Weiter sollten man sich an dem Anblick von leuchtenden Menschen in Gummiringen gew\u00f6hnen, die an einer Schnur am Riff entlang gezogen werden. Viele G\u00e4ste aus Taiwan ( aber auch Taucher aus Japan ?!?! ) k\u00f6nnen nicht schwimmen und die leuchtenden Schwimmwesten sind auch in weiter Entfernung noch zu sehen.<\/p>\n<p>Im Blick sollte\u00a0jeder, in welchem Fall auch immer, die Kosten haben. Carp ist nicht g\u00fcnstig !<\/p>\n<\/div><\/div><div id=\"panel-1690-2-0-1\" class=\"so-panel widget widget_black-studio-tinymce widget_black_studio_tinymce panel-last-child\" data-index=\"15\" ><div class=\"textwidget\"><p><a href=\"http:\/\/kruste.selfhost.me\/wordpress\/wp-content\/uploads\/2015\/09\/img_0932.jpg\"><img loading=\"lazy\" decoding=\"async\" class=\"alignnone size-full wp-image-1697\" src=\"http:\/\/kruste.selfhost.me\/wordpress\/wp-content\/uploads\/2015\/09\/img_0932.jpg\" alt=\"img_0932\" width=\"1600\" height=\"686\" srcset=\"http:\/\/kruste.selfhost.me\/wordpress\/wp-content\/uploads\/2015\/09\/img_0932.jpg 1600w, http:\/\/kruste.selfhost.me\/wordpress\/wp-content\/uploads\/2015\/09\/img_0932-150x64.jpg 150w, http:\/\/kruste.selfhost.me\/wordpress\/wp-content\/uploads\/2015\/09\/img_0932-300x129.jpg 300w, http:\/\/kruste.selfhost.me\/wordpress\/wp-content\/uploads\/2015\/09\/img_0932-1024x439.jpg 1024w, http:\/\/kruste.selfhost.me\/wordpress\/wp-content\/uploads\/2015\/09\/img_0932-700x300.jpg 700w\" sizes=\"auto, (max-width: 1600px) 100vw, 1600px\" \/><\/a><\/p>\n<\/div><\/div><\/div><\/div><\/div>","protected":false},"excerpt":{"rendered":"<p>Eine kleine Perle im Pazifischen Ozean mit Einschr\u00e4nkungen beim Komfort. So w\u00fcrde ich Carp Island ( original Name Ngercheu )\u00a0beschreiben. Die Insel ist wundersch\u00f6n und<\/p>\n","protected":false},"author":1,"featured_media":0,"parent":1679,"menu_order":0,"comment_status":"closed","ping_status":"closed","template":"","meta":{"footnotes":""},"class_list":["post-1690","page","type-page","status-publish","hentry"],"_links":{"self":[{"href":"http:\/\/kruste.selfhost.me\/wordpress\/index.php?rest_route=\/wp\/v2\/pages\/1690","targetHints":{"allow":["GET"]}}],"collection":[{"href":"http:\/\/kruste.selfhost.me\/wordpress\/index.php?rest_route=\/wp\/v2\/pages"}],"about":[{"href":"http:\/\/kruste.selfhost.me\/wordpress\/index.php?rest_route=\/wp\/v2\/types\/page"}],"author":[{"embeddable":true,"href":"http:\/\/kruste.selfhost.me\/wordpress\/index.php?rest_route=\/wp\/v2\/users\/1"}],"replies":[{"embeddable":true,"href":"http:\/\/kruste.selfhost.me\/wordpress\/index.php?rest_route=%2Fwp%2Fv2%2Fcomments&post=1690"}],"version-history":[{"count":1,"href":"http:\/\/kruste.selfhost.me\/wordpress\/index.php?rest_route=\/wp\/v2\/pages\/1690\/revisions"}],"predecessor-version":[{"id":2171,"href":"http:\/\/kruste.selfhost.me\/wordpress\/index.php?rest_route=\/wp\/v2\/pages\/1690\/revisions\/2171"}],"up":[{"embeddable":true,"href":"http:\/\/kruste.selfhost.me\/wordpress\/index.php?rest_route=\/wp\/v2\/pages\/1679"}],"wp:attachment":[{"href":"http:\/\/kruste.selfhost.me\/wordpress\/index.php?rest_route=%2Fwp%2Fv2%2Fmedia&parent=1690"}],"curies":[{"name":"wp","href":"https:\/\/api.w.org\/{rel}","templated":true}]}}