{"id":1718,"date":"2015-09-27T16:37:40","date_gmt":"2015-09-27T14:37:40","guid":{"rendered":"http:\/\/kruste.selfhost.me\/wordpress\/?page_id=1718"},"modified":"2025-12-19T18:20:14","modified_gmt":"2025-12-19T16:20:14","slug":"island","status":"publish","type":"page","link":"http:\/\/kruste.selfhost.me\/wordpress\/?page_id=1718","title":{"rendered":"Island"},"content":{"rendered":"<div id=\"pl-1718\"  class=\"panel-layout\" ><div id=\"pg-1718-0\"  class=\"panel-grid panel-no-style\" ><div id=\"pgc-1718-0-0\"  class=\"panel-grid-cell\" ><div id=\"panel-1718-0-0-1\" class=\"so-panel widget widget_black-studio-tinymce widget_black_studio_tinymce\" data-index=\"1\" ><div class=\"textwidget\"><p class=\"paragraph_style\" style=\"color: #ffffff;\"><span style=\"color: #000000;\"><strong><span class=\"style_1\">L\u00e4ndername:\u00a0<\/span><\/strong><\/span><\/p>\n<p style=\"color: #919191;\"><span style=\"color: #000000;\">Island - \u00cdsland<\/span><\/p>\n<p class=\"paragraph_style\" style=\"color: #ffffff;\"><span style=\"color: #000000;\"><strong>Flagge:<\/strong><\/span><\/p>\n<p><a href=\"http:\/\/kruste.selfhost.me\/wordpress\/wp-content\/uploads\/2015\/09\/Island_1.jpg\"><img loading=\"lazy\" decoding=\"async\" class=\"alignnone size-full wp-image-1726\" src=\"http:\/\/kruste.selfhost.me\/wordpress\/wp-content\/uploads\/2015\/09\/Island_1.jpg\" alt=\"Island_1\" width=\"72\" height=\"53\" \/><\/a><\/p>\n<p>&nbsp;<\/p>\n<\/div><\/div><div id=\"panel-1718-0-0-2\" class=\"so-panel widget widget_text\" data-index=\"2\" >\t\t\t<div class=\"textwidget\"><\/div>\n\t\t<\/div><div id=\"panel-1718-0-0-3\" class=\"so-panel widget widget_text\" data-index=\"3\" >\t\t\t<div class=\"textwidget\"><section class=\"parallax-section\">\n<div class=\"parallax-window\" data-z-index=\"1\" data-position-x=\"left\" data-parallax=\"scroll\" data-speed=\".3\" data-image-src=\"http:\/\/kruste.selfhost.me\/wordpress\/wp-content\/uploads\/2019\/04\/SAF_6280_web.jpg\" style=\"align-items: flex-start;min-height: 550px;\">\n<div class=\"parallax-container parallax-content\">\n<\/div>\n<\/div>\n<\/section>\n<\/div>\n\t\t<\/div><div id=\"panel-1718-0-0-4\" class=\"so-panel widget widget_black-studio-tinymce widget_black_studio_tinymce\" data-index=\"4\" ><div class=\"panel-widget-style panel-widget-style-for-1718-0-0-4\" ><div class=\"textwidget\"><hr \/>\n<p><span style=\"color: #003399; font-size: 300%;\">Fl\u00e4che <\/span> <span style=\"color: #003399; font-size: xx-large;\">103.000 qm\u00b2 <\/span><span style=\"color: #003399;\">Einwohner <\/span> <span style=\"color: #003399; font-size: large;\">330.000 <\/span><span style=\"color: #003399; font-size: small;\">Hauptstadt <\/span> <span style=\"color: #003399; font-size: x-large;\">Reykjavik <\/span><span style=\"color: #003399; font-size: small;\">Kennzeichen <\/span> <span style=\"color: #003399;\">IS <\/span><span style=\"color: #003399; font-size: x-large;\">Isl\u00e4ndische Krone <\/span><span style=\"color: #003399; font-size: small;\">Vorwahl <\/span> <span style=\"color: #003399;\">00354 <\/span><span style=\"color: #003399; font-size: medium;\">Hannover - Reykjavik 2.230 km <\/span><\/p>\n<hr \/>\n<\/div><\/div><\/div><div id=\"panel-1718-0-0-5\" class=\"so-panel widget widget_black-studio-tinymce widget_black_studio_tinymce panel-last-child\" data-index=\"5\" ><div class=\"textwidget\"><p class=\"paragraph_style\" style=\"color: #ffffff;\"><span style=\"color: #000000;\"><strong><span class=\"style_4\">Klima:<\/span><\/strong><\/span><\/p>\n<p><span style=\"color: #000000;\">Subarktisches Meeresklima mit Niederschl\u00e4gen im S\u00fcden von bis zu 2.000 mm im Jahr. Die mittlere Jahrestemperatur betr\u00e4gt in Reykjav\u00edk \u00a06\u00b0C ( Januar\u00a03\u00b0C , Juli 12\u00b0C ). Die Hauptstadt hat im Schnitt 9 Regentage im Monat und Temperaturen von \u00fcber 20\u00b0C gleichen einer Hitzewelle.<\/span><\/p>\n<p class=\"paragraph_style\" style=\"color: #ffffff;\"><span style=\"color: #000000;\"><strong><span class=\"style_4\">Lage:\u00a0<\/span><\/strong><\/span><\/p>\n<p><span style=\"color: #000000;\">geographisch<b>:\u00a0<\/b>13 - 25 \u00b0 westliche L\u00e4nge<\/span>,\u00a0<span style=\"color: #000000;\">63 - 66 \u00b0 n\u00f6rdliche Breitet.<\/span><\/p>\n<p><span style=\"color: #000000;\">Circa 1400 km nordwestlich\u00a0von England und 300 km bis zur K\u00fcste Gr\u00f6nlands<\/span><\/p>\n<p><span style=\"color: #000000;\"><strong><span class=\"style_4\">Fl\u00e4che: \u00a0<\/span><\/strong><\/span><\/p>\n<p style=\"color: #919191;\"><span style=\"color: #000000;\">Landfl\u00e4che 103.000\u00a0qkm<\/span><\/p>\n<p style=\"color: #919191;\"><span style=\"color: #000000;\"><strong><span class=\"style_4\">Hauptstadt:<\/span><\/strong><\/span><\/p>\n<p style=\"color: #919191;\"><span style=\"color: #000000;\">Reykjavik\u00a0( circa 120.000 Einwohner )<\/span><\/p>\n<p class=\"paragraph_style\" style=\"color: #ffffff;\"><span style=\"color: #000000;\"><strong><span class=\"style_4\">Bev\u00f6lkerung: \u00a0<\/span><\/strong><\/span><\/p>\n<p style=\"color: #919191;\"><span style=\"color: #000000;\">Auf Island leben nur circa 330.000 Menschen<\/span><\/p>\n<p class=\"paragraph_style\" style=\"color: #ffffff;\"><span style=\"color: #000000;\"><strong><span class=\"style_4\">Landessprachen:<\/span><\/strong><\/span><\/p>\n<p style=\"color: #919191;\"><span style=\"color: #000000;\">Isl\u00e4ndisch ( Englisch und D\u00e4nisch sind Pflichtsprachen )<\/span><\/p>\n<p class=\"paragraph_style\" style=\"color: #ffffff;\"><span style=\"color: #000000;\"><strong><span class=\"style_4\">Religionen \/ Kirchen:<\/span><\/strong><\/span><\/p>\n<p style=\"color: #919191;\"><span style=\"color: #000000;\">80% der Bev\u00f6lkerung geh\u00f6ren der Evangelisch-Lutherischen Kirche an.<\/span><\/p>\n<p class=\"paragraph_style\" style=\"color: #ffffff;\"><span class=\"style_4\" style=\"color: #000000;\"><strong>Nationaltag: \u00a0<\/strong> \u00a0<\/span><\/p>\n<p style=\"color: #919191;\"><span style=\"color: #000000;\">17. Juni\u00a0( Gr\u00fcndungstag der Republik Island im Jahr 1944 )<\/span><\/p>\n<p class=\"paragraph_style\" style=\"color: #ffffff;\"><span style=\"color: #000000;\"><strong><span class=\"style_4\">Internationale Vorwahl Islands:<\/span><\/strong><\/span><\/p>\n<p class=\"paragraph_style\" style=\"color: #ffffff;\"><span class=\"style_2\" style=\"color: #000000;\">00354<\/span><\/p>\n<p class=\"paragraph_style\" style=\"color: #ffffff;\"><span style=\"color: #000000;\"><strong><span class=\"style_4\">Wechselkurs:<\/span><\/strong><\/span><\/p>\n<p style=\"color: #ffffff;\"><span style=\"color: #000000;\">1 Isl\u00e4ndische Krone = 100 Aurar<\/span><\/p>\n<p style=\"color: #ffffff;\"><span style=\"color: #000000;\"><strong>Der\u00a0Wechselkurs w\u00e4hrend meiner Reise:<\/strong><\/span><\/p>\n<ul>\n<li>September 2015, 1\u20ac = 143\u00a0ISK<\/li>\n<\/ul>\n<p style=\"color: #ffffff;\">\n<\/p><p style=\"color: #ffffff;\"><span style=\"color: #000000;\"><strong>Hinweis:<\/strong><\/span><\/p>\n<p>Auf Island ist das Bezahlen mit der Kreditkarte gang und g\u00e4be. Ob beim Tanken oder auch f\u00fcr kleine Eink\u00e4ufe, das Plastikgeld wird \u00fcberall akzeptiert oder es geht zum Teil gar nicht ohne.<\/p>\n<p><strong>Entfernung:<\/strong><\/p>\n<p><span style=\"color: #000000;\">Hannover - Reykjavik\u00a02.230 km<\/span><\/p>\n<h3>Karte:<\/h3>\n<hr \/>\n<\/div><\/div><\/div><\/div><div id=\"pg-1718-1\"  class=\"panel-grid panel-no-style\" ><div id=\"pgc-1718-1-0\"  class=\"panel-grid-cell\" ><div id=\"panel-1718-1-0-0\" class=\"so-panel widget panel-first-child\" data-index=\"6\" ><\/div><div id=\"panel-1718-1-0-1\" class=\"so-panel widget widget_origin_button panel-last-child\" data-index=\"7\" ><div class=\"origin-widget origin-widget-button origin-widget-button-simple-black align-left\"><a href=\"https:\/\/kruste.selfhost.me\/wordpress\/?page_id=3066\" \ntarget=\"_blank\" rel=\"noopener noreferrer\">\n\tBilder<\/a>\n<\/div><\/div><\/div><\/div><\/div>","protected":false},"excerpt":{"rendered":"<p>L\u00e4ndername:\u00a0 Island &#8211; \u00cdsland Flagge: &nbsp; Fl\u00e4che 103.000 qm\u00b2 Einwohner 330.000 Hauptstadt Reykjavik Kennzeichen IS Isl\u00e4ndische Krone Vorwahl 00354 Hannover &#8211; Reykjavik 2.230 km Klima:<\/p>\n","protected":false},"author":1,"featured_media":0,"parent":30,"menu_order":0,"comment_status":"closed","ping_status":"closed","template":"","meta":{"footnotes":""},"class_list":["post-1718","page","type-page","status-publish","hentry"],"_links":{"self":[{"href":"http:\/\/kruste.selfhost.me\/wordpress\/index.php?rest_route=\/wp\/v2\/pages\/1718","targetHints":{"allow":["GET"]}}],"collection":[{"href":"http:\/\/kruste.selfhost.me\/wordpress\/index.php?rest_route=\/wp\/v2\/pages"}],"about":[{"href":"http:\/\/kruste.selfhost.me\/wordpress\/index.php?rest_route=\/wp\/v2\/types\/page"}],"author":[{"embeddable":true,"href":"http:\/\/kruste.selfhost.me\/wordpress\/index.php?rest_route=\/wp\/v2\/users\/1"}],"replies":[{"embeddable":true,"href":"http:\/\/kruste.selfhost.me\/wordpress\/index.php?rest_route=%2Fwp%2Fv2%2Fcomments&post=1718"}],"version-history":[{"count":7,"href":"http:\/\/kruste.selfhost.me\/wordpress\/index.php?rest_route=\/wp\/v2\/pages\/1718\/revisions"}],"predecessor-version":[{"id":6634,"href":"http:\/\/kruste.selfhost.me\/wordpress\/index.php?rest_route=\/wp\/v2\/pages\/1718\/revisions\/6634"}],"up":[{"embeddable":true,"href":"http:\/\/kruste.selfhost.me\/wordpress\/index.php?rest_route=\/wp\/v2\/pages\/30"}],"wp:attachment":[{"href":"http:\/\/kruste.selfhost.me\/wordpress\/index.php?rest_route=%2Fwp%2Fv2%2Fmedia&parent=1718"}],"curies":[{"name":"wp","href":"https:\/\/api.w.org\/{rel}","templated":true}]}}