{"id":1739,"date":"2015-09-27T20:26:32","date_gmt":"2015-09-27T18:26:32","guid":{"rendered":"http:\/\/kruste.selfhost.me\/wordpress\/?page_id=1739"},"modified":"2021-03-14T10:21:31","modified_gmt":"2021-03-14T08:21:31","slug":"region-suedkueste-reykjavik","status":"publish","type":"page","link":"http:\/\/kruste.selfhost.me\/wordpress\/?page_id=1739","title":{"rendered":"Region S\u00fcdk\u00fcste \/ Reykjavik"},"content":{"rendered":"<div id=\"pl-1739\"  class=\"panel-layout\" ><div id=\"pg-1739-0\"  class=\"panel-grid panel-no-style\" ><div id=\"pgc-1739-0-0\"  class=\"panel-grid-cell\" ><div id=\"panel-1739-0-0-0\" class=\"so-panel widget widget_black-studio-tinymce widget_black_studio_tinymce panel-first-child\" data-index=\"0\" ><div class=\"textwidget\"><hr \/>\n<p>\u00a0<\/p>\n<\/div><\/div><div id=\"panel-1739-0-0-1\" class=\"so-panel widget widget_text panel-last-child\" data-index=\"1\" >\t\t\t<div class=\"textwidget\"><p>\nAktuelle Zeit in Reykjavik:  13:37 Uhr<br \/>\nZeitzone:  UTC<br \/>\nDie Wettervorhersage f\u00fcr die n\u00e4chsten drei Tage: <\/p>\n<\/div>\n\t\t<\/div><\/div><div id=\"pgc-1739-0-1\"  class=\"panel-grid-cell\" ><div id=\"panel-1739-0-1-0\" class=\"so-panel widget widget_black-studio-tinymce widget_black_studio_tinymce panel-first-child panel-last-child\" data-index=\"2\" ><div class=\"textwidget\"><p><i><\/i><\/p>\n<div class='weather-atlas-wrapper' style='background:#00BBFF;border:1px solid #00aaee;color:#fff;'>\n<div class='weather-atlas-header' style='border-bottom:1px solid #00aaee'>Reykjav\u00edk, IS<\/div>\n<div class='weather-atlas-body'>\n<div class='current_horizontal'>\n<div class='current_temp'><i class='wi wi-fw wi-weather-32'><\/i><span class='temp'>3\u00b0<\/span>\n<div class='current_text'>Sonnig<\/div>\n<div class='sunrise_sunset'>06:30<i class='wi wi-fw wi-weather-32'><\/i>20:29 GMT<\/div>\n<\/div>\n<p><span class='current_text_2'>Gef\u00fchlt: -1<small>\u00b0C<\/small><br \/>Wind: 16<small>km\/h<\/small> ENE<br \/>Feuchtigkeit: 50<small>%<\/small><br \/>Druck: 1003.39<small>mbar<\/small><br \/>UV-Index: 2<\/span><\/p><\/div>\n<div class='hourly hours' style='border-bottom:1px solid #00aaee'><span class='extended_hour extended_hour_1'>15<small>h<\/small><\/span><span class='extended_hour extended_hour_2'>16<small>h<\/small><\/span><span class='extended_hour extended_hour_3'>17<small>h<\/small><\/span><span class='extended_hour extended_hour_4'>18<small>h<\/small><\/span><span class='extended_hour extended_hour_5'>19<small>h<\/small><\/span><\/div>\n<div class='hourly'><span class='extended_hour extended_hour_1' title='Sonnig'>3<small>\u00b0C<\/small><br \/><i class='wi wi-fw wi-weather-32'><\/i><\/span><span class='extended_hour extended_hour_2' title='Teilweise Bew\u00f6lkt'>4<small>\u00b0C<\/small><br \/><i class='wi wi-fw wi-weather-30'><\/i><\/span><span class='extended_hour extended_hour_3' title='Teilweise Bew\u00f6lkt'>3<small>\u00b0C<\/small><br \/><i class='wi wi-fw wi-weather-30'><\/i><\/span><span class='extended_hour extended_hour_4' title='Teilweise Bew\u00f6lkt'>3<small>\u00b0C<\/small><br \/><i class='wi wi-fw wi-weather-30'><\/i><\/span><span class='extended_hour extended_hour_5' title='Teilweise Bew\u00f6lkt'>2<small>\u00b0C<\/small><br \/><i class='wi wi-fw wi-weather-30'><\/i><\/span><\/div>\n<div class='daily days' style='border-bottom:1px solid #00aaee'><span class='extended_day extended_day_1'>Mo.<\/span><span class='extended_day extended_day_2'>Di.<\/span><span class='extended_day extended_day_3'>Mi.<\/span><\/div>\n<div class='daily'><span class='extended_day extended_day_1' title='Regen \/ Schneefall \/ Wind'>4<small>\u00b0C<\/small> \/ 3<small>\u00b0C<\/small><br \/><i class='wi wi-fw wi-weather-5'><\/i><\/span><span class='extended_day extended_day_2' title='Regen \/ Wind'>7<small>\u00b0C<\/small> \/ 3<small>\u00b0C<\/small><br \/><i class='wi wi-fw wi-weather-12'><\/i><\/span><span class='extended_day extended_day_3' title='Regen'>6<small>\u00b0C<\/small> \/ 2<small>\u00b0C<\/small><br \/><i class='wi wi-fw wi-weather-12'><\/i><\/span><\/div>\n<\/div>\n<div class='weather-atlas-footer' style='border-top:1px solid #00aaee'><a href='https:\/\/www.weather-atlas.com\/en\/iceland\/reykjavik-weather-tomorrow' title='Reykjav\u00edk, IS - Weather forecast for tomorrow' style='color:#fff'><span class='weather-atlas-footer-block'>Reykjav\u00edk, IS<\/span> weather forecast for tomorrow &#9656;<\/a><\/div>\n<\/div>\n<p><\/p>\n<\/div><\/div><\/div><\/div><div id=\"pg-1739-1\"  class=\"panel-grid panel-no-style\" ><div id=\"pgc-1739-1-0\"  class=\"panel-grid-cell\" ><div id=\"panel-1739-1-0-0\" class=\"so-panel widget widget_black-studio-tinymce widget_black_studio_tinymce panel-first-child\" data-index=\"3\" ><div class=\"textwidget\"><hr \/>\n<p>W\u00e4hrend meiner ersten Islandreise musste ich mich auf die Erkundung der S\u00fcdk\u00fcste Islands beschr\u00e4nken. Mein\u00a0Reisezeitraum betrug nur 7 Tage und dies\u00a0war f\u00fcr eine\u00a0zus\u00e4tzliche Tour zum\u00a0Snaefellsjoekull National Park im Westen Islands, wie ich es geplant hatte, einfach zu wenig. Der S\u00fcden Islands hat mit Vik, Skaftafell und der Gletscherlagune\u00a0J\u00f6kuls\u00e1rl\u00f3n ( um nur einige Stationen meiner Reise zu nennen ) schon gen\u00fcgend Sehensw\u00fcrdigkeiten f\u00fcr eine Woche zu bieten und vom alleinigen \"Abklappern\" der in den Reisef\u00fchrer genannten Stationen raten ich eigentlich auch ab. Was nicht bedeuten soll, dass Punkte wie Gullfoss,\u00a0Dyrh\u00f3laey,\u00a0Sk\u00f3gafoss oder auch der\u00a0Thingvellir National Park auf der Route fehlen d\u00fcrfen. Nein, im Gegenteil diese Stationen sollten auf jeden Fall besichtigt werden aber man ben\u00f6tigt\u00a0Zeit um den Touristenstr\u00f6men zu entgehen und\u00a0muss den Plan wetterbedingt auch mal \u00e4ndern. Optimal w\u00e4re sicher ein Wohnmobil mit hohem Radstand um alle Stra\u00dfen befahren zu k\u00f6nnen und um\u00a0so zur goldenen Stunde immer am richtigen Standort \u00fcbernachten bzw. aufwachen zu k\u00f6nnen. Leider hatte ich dieses Fahrzeug nicht gemietet.<\/p>\n<p>Doch auch so hatte ich eine gute Wahl mit meinen vorab gebuchten Unterk\u00fcnften getroffen obwohl ich gerne noch eine Nacht l\u00e4nger in Vik geblieben w\u00e4re. Dieser Ort hat mir einfach gut gefallen, was eventuell auch an der gem\u00fctlichen und kleinen Unterkunft gelegen hat.<\/p>\n<p>Die Orte selbst waren oft\u00a0recht \u00fcberschaubar und das Leben\u00a0spielt sich hier wohl meist im Bereich der Tankstellen ab. Oft gibt es dort etwas warmes zum Essen, einen kleine Shop mit\u00a0Lebensmitteln bis hin zur\u00a0Bergsteigerausr\u00fcstung oder sogar\u00a0ein Reiseb\u00fcro. Gem\u00fctlich fand ich\u00a0es hier aber nicht obwohl einige Isl\u00e4nder das sicher anders sehen.<\/p>\n<\/div><\/div><div id=\"panel-1739-1-0-1\" class=\"so-panel widget widget_text\" data-index=\"4\" >\t\t\t<div class=\"textwidget\"><p><code><\/p>\n<section class=\"parallax-section\">\n<div class=\"parallax-window\" data-z-index=\"0\" data-position-x=\"left\" data-parallax=\"scroll\" data-speed=\".3\" data-image-src=\"http:\/\/kruste.selfhost.me\/wordpress\/wp-content\/uploads\/2021\/03\/SAF_4749.jpg\" style=\"align-items: flex-start;min-height: 650px;\">\n<div class=\"parallax-container parallax-content\">\n<\/div>\n<\/div>\n<\/section>\n<p><\/code><\/p>\n<\/div>\n\t\t<\/div><div id=\"panel-1739-1-0-2\" class=\"so-panel widget widget_black-studio-tinymce widget_black_studio_tinymce panel-last-child\" data-index=\"5\" ><div class=\"textwidget\"><p>Wer den s\u00fcdlichen Teil Islands bereisen m\u00f6chte sollte sich mit den Orten Selfoss und Vik vertraut machen. Bis H\u00f6fen habe ich es leider nicht geschafft aber von hier w\u00fcrde ich bei der n\u00e4chsten Reise die Gletscherlagune J\u00f6kuls\u00e1rl\u00f3n in Angriff nehmen. Mein Hotel, das Fosshotel Nupar, lag landschaftlich zwar sehr sch\u00f6n doch circa 100 km vom Gletschersee entfernt. Eine Entfernung, die ich zwar recht schnell bew\u00e4ltigte aber bis zum Ende der \u00d6ffnungszeit des Restaurants ( 21:00 Uhr ) schaffte ich\u00a0das dann doch nicht.<\/p>\n<p>Bei Vik und Selfoss sah das ganze schon besser aus. Selfoss bietet sich sehr gut f\u00fcr die Erkundung des \"Golden Circle\"\u00a0( Gullfoss, Geysir und Thingvellir ) an und f\u00fcr\u00a0Dyrh\u00f3laey,\u00a0Sk\u00f3gafoss und\u00a0Seljalandsfoss ist die Lage von\u00a0Vik optimal. Aber auch Unterk\u00fcnfte ab vom Weg, wie das Hotel\u00a0Eyjafjallajokull,\u00a0bieten so mache \u00dcberraschungen, die ich sonst\u00a0sicher nicht gefunden h\u00e4tte. Hier war es der Wasserfall\u00a0Gluggafoss oder das Flussbett entlang der F261.<\/p>\n<p>Irgendwie darf bei der Planung auch eine Wanderung im Skaftafell Nationalpark nicht fehlen. Ich hatte diesen nicht so recht auf meinem Plan wanderte aber schliesslich doch gut 3 Stunden \u00fcber Stock und Stein um den Blick auf das gro\u00dfe Eisfeld des Gletschers \"<span class=\" widget-titlecard-label-solo\">Vatnaj\u00f6kuls\u00fej\u00f3\u00f0gar\u00f0u\"\u00a0<\/span>geniessen\u00a0zu d\u00fcrfen. Bei traumhaftem Wetter ein H\u00f6hepunkt meiner Reise.<\/p>\n<p>Auf der R\u00fcckreise zum Flughafen verbrachte\u00a0ich noch ein paar Stunden meiner Zeit in Reykjavik. Bei schlechtem Wetter und mit viel Gep\u00e4ck ein anstrengender und nicht sehr gelungener Halt. Ich hatte die Hauptstadt Islands vorab leider wirklich verkannt. Bei meinem kurzen Besuch, leider auf einem Sonntag, stellte ich fest, dass Reykjavik richtig sch\u00f6n sein kann und mein 3 Stunden Aufenthalt viel zu kurz zur Erkundung der kleinen Gassen war, schade.<\/p>\n<\/div><\/div><\/div><\/div><\/div>","protected":false},"excerpt":{"rendered":"<p>\u00a0 W\u00e4hrend meiner ersten Islandreise musste ich mich auf die Erkundung der S\u00fcdk\u00fcste Islands beschr\u00e4nken. Mein\u00a0Reisezeitraum betrug nur 7 Tage und dies\u00a0war f\u00fcr eine\u00a0zus\u00e4tzliche Tour<\/p>\n","protected":false},"author":1,"featured_media":0,"parent":1718,"menu_order":0,"comment_status":"closed","ping_status":"closed","template":"","meta":{"footnotes":""},"class_list":["post-1739","page","type-page","status-publish","hentry"],"_links":{"self":[{"href":"http:\/\/kruste.selfhost.me\/wordpress\/index.php?rest_route=\/wp\/v2\/pages\/1739","targetHints":{"allow":["GET"]}}],"collection":[{"href":"http:\/\/kruste.selfhost.me\/wordpress\/index.php?rest_route=\/wp\/v2\/pages"}],"about":[{"href":"http:\/\/kruste.selfhost.me\/wordpress\/index.php?rest_route=\/wp\/v2\/types\/page"}],"author":[{"embeddable":true,"href":"http:\/\/kruste.selfhost.me\/wordpress\/index.php?rest_route=\/wp\/v2\/users\/1"}],"replies":[{"embeddable":true,"href":"http:\/\/kruste.selfhost.me\/wordpress\/index.php?rest_route=%2Fwp%2Fv2%2Fcomments&post=1739"}],"version-history":[{"count":5,"href":"http:\/\/kruste.selfhost.me\/wordpress\/index.php?rest_route=\/wp\/v2\/pages\/1739\/revisions"}],"predecessor-version":[{"id":7414,"href":"http:\/\/kruste.selfhost.me\/wordpress\/index.php?rest_route=\/wp\/v2\/pages\/1739\/revisions\/7414"}],"up":[{"embeddable":true,"href":"http:\/\/kruste.selfhost.me\/wordpress\/index.php?rest_route=\/wp\/v2\/pages\/1718"}],"wp:attachment":[{"href":"http:\/\/kruste.selfhost.me\/wordpress\/index.php?rest_route=%2Fwp%2Fv2%2Fmedia&parent=1739"}],"curies":[{"name":"wp","href":"https:\/\/api.w.org\/{rel}","templated":true}]}}