{"id":1764,"date":"2015-09-29T21:22:42","date_gmt":"2015-09-29T19:22:42","guid":{"rendered":"http:\/\/kruste.selfhost.me\/wordpress\/?page_id=1764"},"modified":"2021-03-14T14:46:36","modified_gmt":"2021-03-14T12:46:36","slug":"cozy-cottage-vik-region-suedkueste-reykjavik","status":"publish","type":"page","link":"http:\/\/kruste.selfhost.me\/wordpress\/?page_id=1764","title":{"rendered":"Cozy Cottage Vik ( Region S\u00fcdk\u00fcste \/ Reykjavik )"},"content":{"rendered":"<div id=\"pl-1764\"  class=\"panel-layout\" ><div id=\"pg-1764-0\"  class=\"panel-grid panel-no-style\" ><div id=\"pgc-1764-0-0\"  class=\"panel-grid-cell\" ><div id=\"panel-1764-0-0-0\" class=\"so-panel widget widget_black-studio-tinymce widget_black_studio_tinymce panel-first-child panel-last-child\" data-index=\"0\" ><div class=\"textwidget\"><div class=\"text-content style_External_485_494\">\n<hr \/>\n<p>&nbsp;<\/p>\n<p>Wie die passende Beschreibung aussagt, handelt es sich hier um eine cozy ( gem\u00fctliche ) <a href=\"https:\/\/www.booking.com\/hotel\/is\/vik-cottages.de.html\" target=\"_blank\" rel=\"noopener\">H\u00fctte in Vik<\/a>. Eine wirklich tolle Unterkunft in der ich mich sofort wohlgef\u00fchlt habe. Die kleinen Blockh\u00e4user liegen vor einer Klippe auf dem Gel\u00e4nde des Campingplatz von Vik, einer Kleinstadt an der S\u00fcdk\u00fcste Islands. Ausgestattet mit allem was man f\u00fcr ein paar erholsame Tage braucht und urig f\u00fcr sch\u00f6ne Abende auch wenn das Wetter einmal nicht mitspielen sollte. Ich hatte Gl\u00fcck und konnte bei Sonnenschein auf der kleinen Terrasse fr\u00fchst\u00fccken, doch auch sonst h\u00e4tte ich mich hier richtig wohl gef\u00fchlt. Die kleine Kochzeile ist ausreichend um auch ein Abendessen zu zaubern und f\u00fcr den Einkauf ist der Supermarkt um die Ecke. Leider war ich nur eine Nacht an diesem Platz und konnte so die zugeh\u00f6rige Gastst\u00e4tte nicht besuchen aber beim n\u00e4chsten Islandaufenthalt werde ich hier 2 \u00dcbernachtungen buchen. Diesmal ging das leider nicht.<\/p><\/div>\n<div class=\"text-content style_External_485_494\"><\/div>\n<div class=\"text-content style_External_485_494\">Vik selbst liegt g\u00fcnstig und Punkte wie\u00a0Dyrh\u00f3laey,\u00a0Sk\u00f3gafoss oder das alte Wrack einer DC-3 sind schnell erreicht. Die Lage macht es weiterhin m\u00f6glich die genannten Punkt auch zu g\u00fcnstigen Tageszeiten anzusteuern\u00a0um\u00a0so das beste Licht auszunutzen zu k\u00f6nnen. Als Tipp,\u00a0Dyrh\u00f3laey zum Sonnenuntergang anfahren,\u00a0Sk\u00f3gafoss nicht zu fr\u00fch oder zu sp\u00e4t besuchen da sich sonst Schatten auf den Wasserfall legt\u00a0und die alte DC-3 zum Sonnenaufgang fotografieren.<\/div>\n<div class=\"text-content style_External_485_494\"><\/div>\n<div class=\"text-content style_External_485_494\">Ein perfekter Tag.<\/div>\n<div class=\"text-content style_External_485_494\"><\/div>\n<\/div><\/div><\/div><div id=\"pgc-1764-0-1\"  class=\"panel-grid-cell\" ><div id=\"panel-1764-0-1-0\" class=\"so-panel widget widget_text panel-first-child panel-last-child\" data-index=\"1\" >\t\t\t<div class=\"textwidget\"><p><img loading=\"lazy\" decoding=\"async\" class=\"size-full wp-image-7756 alignright\" src=\"http:\/\/kruste.selfhost.me\/wordpress\/wp-content\/uploads\/2021\/03\/SAF_2962.jpg\" alt=\"\" width=\"1294\" height=\"900\" srcset=\"http:\/\/kruste.selfhost.me\/wordpress\/wp-content\/uploads\/2021\/03\/SAF_2962.jpg 1294w, http:\/\/kruste.selfhost.me\/wordpress\/wp-content\/uploads\/2021\/03\/SAF_2962-300x209.jpg 300w, http:\/\/kruste.selfhost.me\/wordpress\/wp-content\/uploads\/2021\/03\/SAF_2962-1024x712.jpg 1024w, http:\/\/kruste.selfhost.me\/wordpress\/wp-content\/uploads\/2021\/03\/SAF_2962-150x104.jpg 150w, http:\/\/kruste.selfhost.me\/wordpress\/wp-content\/uploads\/2021\/03\/SAF_2962-768x534.jpg 768w\" sizes=\"auto, (max-width: 1294px) 100vw, 1294px\" \/><\/p>\n<\/div>\n\t\t<\/div><\/div><\/div><div id=\"pg-1764-1\"  class=\"panel-grid panel-no-style\" ><div id=\"pgc-1764-1-0\"  class=\"panel-grid-cell\" ><div id=\"panel-1764-1-0-0\" class=\"so-panel widget widget_black-studio-tinymce widget_black_studio_tinymce panel-first-child\" data-index=\"2\" ><h3 class=\"widget-title\">Preise:<\/h3><div class=\"textwidget\"><hr \/>\n<ul>\n<li>Gebucht \u00fcber Airbnb f\u00fcr 109 Euro die Nacht. Die Unterkunft ist f\u00fcr diesen Preis mit drei Personen belegbar.<\/li>\n<\/ul>\n<\/div><\/div><div id=\"panel-1764-1-0-1\" class=\"so-panel widget widget_black-studio-tinymce widget_black_studio_tinymce\" data-index=\"3\" ><h3 class=\"widget-title\">Anreise:<\/h3><div class=\"textwidget\"><hr \/>\n<p>Mit dem Mietwagen aus Richtung Selfoss. Bei der Anreise ist gut ein Stopp am Strand von\u00a0Dyrh\u00f3laey m\u00f6glich. Zu meiner Reisezeit\u00a0ein in lila getauchtes Meer am schwarzen Sandstrand.<\/p>\n<\/div><\/div><div id=\"panel-1764-1-0-2\" class=\"so-panel widget widget_text\" data-index=\"4\" >\t\t\t<div class=\"textwidget\"><p><code><\/p>\n<section class=\"parallax-section\">\n<div class=\"parallax-window\" data-z-index=\"0\" data-position-x=\"left\" data-parallax=\"scroll\" data-speed=\".3\" data-image-src=\"http:\/\/kruste.selfhost.me\/wordpress\/wp-content\/uploads\/2021\/03\/SAF_2330.jpg\" style=\"align-items: flex-start;min-height: 650px;\">\n<div class=\"parallax-container parallax-content\">\n<\/div>\n<\/div>\n<\/section>\n<p><\/code><\/p>\n<\/div>\n\t\t<\/div><div id=\"panel-1764-1-0-3\" class=\"so-panel widget widget_black-studio-tinymce widget_black_studio_tinymce\" data-index=\"5\" ><h3 class=\"widget-title\">Meine Reisezeiten:<\/h3><div class=\"textwidget\"><hr \/>\n<ul>\n<li>September 2015<\/li>\n<\/ul>\n<p class=\"paragraph_style\">\u00a0<\/p>\n<\/div><\/div><div id=\"panel-1764-1-0-4\" class=\"so-panel widget widget_black-studio-tinymce widget_black_studio_tinymce\" data-index=\"6\" ><h3 class=\"widget-title\">Das Wetter:<\/h3><div class=\"textwidget\"><hr \/>\n<p class=\"paragraph_style\">September\u00a02015<\/p>\n<ul>\n<li>Viel Sonnenschein und\u00a0richtig gut f\u00fcr Island bei Temperaturen um 14\u00b0C.<\/li>\n<\/ul>\n<\/div><\/div><div id=\"panel-1764-1-0-5\" class=\"so-panel widget widget_black-studio-tinymce widget_black_studio_tinymce\" data-index=\"7\" ><h3 class=\"widget-title\">Zimmer:<\/h3><div class=\"textwidget\"><hr \/>\n<p>Eine kleine und gut ausgestattete\u00a0Blockh\u00fctte in welcher 2 Betten und ein Sofa als Schlafplatz zur Verf\u00fcgung stehen. Weiter gibt es eine kleine K\u00fcchenzeile mit Geschirr, einen Essplatz und sogar Kerzen waren vorhanden. Alles was ich brauchte und ein eigenes Badezimmer war auch dabei. F\u00fcr Island nicht selbstverst\u00e4ndlich.<\/p>\n<p style=\"color: #919191;\">\u00a0<\/p>\n<\/div><\/div><div id=\"panel-1764-1-0-6\" class=\"so-panel widget widget_black-studio-tinymce widget_black_studio_tinymce\" data-index=\"8\" ><div class=\"textwidget\"><p><a href=\"http:\/\/kruste.selfhost.me\/wordpress\/wp-content\/uploads\/2015\/09\/SAF_2462.jpg\"><img loading=\"lazy\" decoding=\"async\" class=\"aligncenter wp-image-1773 size-large\" src=\"http:\/\/kruste.selfhost.me\/wordpress\/wp-content\/uploads\/2015\/09\/SAF_2462-683x1024.jpg\" alt=\"SAF_2462\" width=\"660\" height=\"990\" \/><\/a><\/p>\n<\/div><\/div><div id=\"panel-1764-1-0-7\" class=\"so-panel widget widget_black-studio-tinymce widget_black_studio_tinymce\" data-index=\"9\" ><h3 class=\"widget-title\">K\u00fcche \/ Restaurant:<\/h3><div class=\"textwidget\"><hr \/>\n<p>Gebucht als Selbstversorger musste ich mir hier keine Sorgen um die hohen Preise in den Isl\u00e4ndischen Restaurants machen. Der Supermarkt ist um die Ecke.<\/p>\n<\/div><\/div><div id=\"panel-1764-1-0-8\" class=\"so-panel widget widget_black-studio-tinymce widget_black_studio_tinymce\" data-index=\"10\" ><h3 class=\"widget-title\">Personal:<\/h3><div class=\"textwidget\"><hr \/><p>Sehr freundlich und ein sp\u00e4ter Check In sowie Check Out um 13:00 Uhr waren \u00fcberhaupt kein Problem.\u00a0<\/p><\/div><\/div><div id=\"panel-1764-1-0-9\" class=\"so-panel widget widget_black-studio-tinymce widget_black_studio_tinymce\" data-index=\"11\" ><h3 class=\"widget-title\">Kommunikation:<\/h3><div class=\"textwidget\"><hr \/><p>Der Zugang zum Internet ist nur im Bereich des Restaurants m\u00f6glich. Hier , wie fast \u00fcberall in Island, schnell und kostenfrei.<\/p><\/div><\/div><div id=\"panel-1764-1-0-10\" class=\"so-panel widget widget_black-studio-tinymce widget_black_studio_tinymce\" data-index=\"12\" ><h3 class=\"widget-title\">Aktivit\u00e4ten:<\/h3><div class=\"textwidget\"><hr \/>\n<p>Ausflugsziele gibt es in der Umgebung genug. Ob\u00a0Dyrh\u00f3laey,\u00a0Sk\u00f3gafoss oder\u00a0Seljalandsfoss, alle sind \u00fcber die Ringstrasse gut erreichbar.\u00a0<\/p>\n<\/div><\/div><div id=\"panel-1764-1-0-11\" class=\"so-panel widget widget_black-studio-tinymce widget_black_studio_tinymce panel-last-child\" data-index=\"13\" ><h3 class=\"widget-title\">Tipps:<\/h3><div class=\"textwidget\"><hr \/>\n<ul>\n<li>Dyrh\u00f3laey zum Sonnenuntergang besuchen<\/li>\n<li>Sk\u00f3gafoss nicht bei Sonnenauf- oder Untergang ansteuern. Hier liegt der Wasserfall im Schatten.<\/li>\n<li>Seljalandsfoss, dieser\u00a0Wasserfall kann von der R\u00fcckseite aus und gegen die untergehende Sonne fotografiert werden. Tolle Aufnahmen sind m\u00f6glich, wenn da nicht so viele andere Reisende w\u00e4ren.<\/li>\n<\/ul>\n<\/div><\/div><\/div><\/div><div id=\"pg-1764-2\"  class=\"panel-grid panel-no-style\" ><div id=\"pgc-1764-2-0\"  class=\"panel-grid-cell\" ><div id=\"panel-1764-2-0-0\" class=\"so-panel widget widget_black-studio-tinymce widget_black_studio_tinymce panel-first-child\" data-index=\"14\" ><h3 class=\"widget-title\">Sicherheit:<\/h3><div class=\"textwidget\"><hr \/>\n<p class=\"paragraph_style\">\u00a0Im sichersten Reiseland Europas nicht wirklich ein Thema. Auf Island gibt es gerade einmal 600 Polizisten, die mehr mit Verkehrsunf\u00e4llen oder Geschwindigkeits\u00fcberschreitungen zu tun haben.<\/p>\n<\/div><\/div><div id=\"panel-1764-2-0-1\" class=\"so-panel widget widget_black-studio-tinymce widget_black_studio_tinymce\" data-index=\"15\" ><h3 class=\"widget-title\">Klartext:<\/h3><div class=\"textwidget\"><hr \/>\n<p>2 oder auch 3 N\u00e4chte w\u00fcrde ich hier gerne bleiben, l\u00e4nger wird sicher etwas langweilig und daf\u00fcr gibt es zu viel sch\u00f6ne Ecken auf Island.<\/p>\n<\/div><\/div><div id=\"panel-1764-2-0-2\" class=\"so-panel widget widget_black-studio-tinymce widget_black_studio_tinymce panel-last-child\" data-index=\"16\" ><div class=\"textwidget\"><p style=\"text-align: center;\"><img loading=\"lazy\" decoding=\"async\" class=\"size-full wp-image-1768 aligncenter\" src=\"http:\/\/kruste.selfhost.me\/wordpress\/wp-content\/uploads\/2015\/09\/SAF_2949-e1465896298747.jpg\" alt=\"SAF_2949\" width=\"900\" height=\"395\" \/><\/p>\n<\/div><\/div><\/div><\/div><\/div>","protected":false},"excerpt":{"rendered":"<p>&nbsp; Wie die passende Beschreibung aussagt, handelt es sich hier um eine cozy ( gem\u00fctliche ) H\u00fctte in Vik. Eine wirklich tolle Unterkunft in der<\/p>\n","protected":false},"author":1,"featured_media":0,"parent":1739,"menu_order":0,"comment_status":"closed","ping_status":"closed","template":"","meta":{"footnotes":""},"class_list":["post-1764","page","type-page","status-publish","hentry"],"_links":{"self":[{"href":"http:\/\/kruste.selfhost.me\/wordpress\/index.php?rest_route=\/wp\/v2\/pages\/1764","targetHints":{"allow":["GET"]}}],"collection":[{"href":"http:\/\/kruste.selfhost.me\/wordpress\/index.php?rest_route=\/wp\/v2\/pages"}],"about":[{"href":"http:\/\/kruste.selfhost.me\/wordpress\/index.php?rest_route=\/wp\/v2\/types\/page"}],"author":[{"embeddable":true,"href":"http:\/\/kruste.selfhost.me\/wordpress\/index.php?rest_route=\/wp\/v2\/users\/1"}],"replies":[{"embeddable":true,"href":"http:\/\/kruste.selfhost.me\/wordpress\/index.php?rest_route=%2Fwp%2Fv2%2Fcomments&post=1764"}],"version-history":[{"count":4,"href":"http:\/\/kruste.selfhost.me\/wordpress\/index.php?rest_route=\/wp\/v2\/pages\/1764\/revisions"}],"predecessor-version":[{"id":2332,"href":"http:\/\/kruste.selfhost.me\/wordpress\/index.php?rest_route=\/wp\/v2\/pages\/1764\/revisions\/2332"}],"up":[{"embeddable":true,"href":"http:\/\/kruste.selfhost.me\/wordpress\/index.php?rest_route=\/wp\/v2\/pages\/1739"}],"wp:attachment":[{"href":"http:\/\/kruste.selfhost.me\/wordpress\/index.php?rest_route=%2Fwp%2Fv2%2Fmedia&parent=1764"}],"curies":[{"name":"wp","href":"https:\/\/api.w.org\/{rel}","templated":true}]}}