{"id":2073,"date":"2016-04-01T15:26:50","date_gmt":"2016-04-01T13:26:50","guid":{"rendered":"http:\/\/kruste.selfhost.me\/wordpress\/?page_id=2073"},"modified":"2021-03-15T13:07:26","modified_gmt":"2021-03-15T11:07:26","slug":"region-upington-kgalagadi-transfrontier-park-2","status":"publish","type":"page","link":"http:\/\/kruste.selfhost.me\/wordpress\/?page_id=2073","title":{"rendered":"Teil Auob (Kgalagadi Transfrontier Park)"},"content":{"rendered":"<div id=\"pl-2073\"  class=\"panel-layout\" ><div id=\"pg-2073-0\"  class=\"panel-grid panel-no-style\" ><div id=\"pgc-2073-0-0\"  class=\"panel-grid-cell\" ><div id=\"panel-2073-0-0-0\" class=\"so-panel widget widget_black-studio-tinymce widget_black_studio_tinymce panel-first-child\" data-index=\"0\" ><div class=\"textwidget\"><hr \/>\n<p>\u00a0<\/p>\n<\/div><\/div><div id=\"panel-2073-0-0-1\" class=\"so-panel widget widget_text panel-last-child\" data-index=\"1\" >\t\t\t<div class=\"textwidget\"><p>\nAktuelle Zeit in Upington:  21:44 Uhr<br \/>\nZeitzone:  SAST<br \/>\nDie Wettervorhersage f\u00fcr die n\u00e4chsten drei Tage: <\/p>\n<\/div>\n\t\t<\/div><\/div><div id=\"pgc-2073-0-1\"  class=\"panel-grid-cell\" ><div id=\"panel-2073-0-1-0\" class=\"so-panel widget widget_black-studio-tinymce widget_black_studio_tinymce panel-first-child panel-last-child\" data-index=\"2\" ><div class=\"textwidget\"><p><i><\/i><\/p>\n<div class='weather-atlas-wrapper' style='background:#FFA700;border:1px solid #ee9600;color:#fff;'>\n<div class='weather-atlas-header' style='border-bottom:1px solid #ee9600'>Upington, ZA<\/div>\n<div class='weather-atlas-body'>\n<div class='current_horizontal'>\n<div class='current_temp'><i class='wi wi-fw wi-weather-29'><\/i><span class='temp'>16\u00b0<\/span>\n<div class='current_text'>Teilweise Bew\u00f6lkt<\/div>\n<div class='sunrise_sunset'>06:57<i class='wi wi-fw wi-weather-32'><\/i>18:09 SAST<\/div>\n<\/div>\n<p><span class='current_text_2'>Gef\u00fchlt: 14<small>\u00b0C<\/small><br \/>Wind: 19<small>km\/h<\/small> E<br \/>Feuchtigkeit: 92<small>%<\/small><br \/>Druck: 1016.59<small>mbar<\/small><br \/>UV-Index: 0<\/span><\/p><\/div>\n<div class='hourly hours' style='border-bottom:1px solid #ee9600'><span class='extended_hour extended_hour_1'>23<small>h<\/small><\/span><span class='extended_hour extended_hour_2'>0<small>h<\/small><\/span><span class='extended_hour extended_hour_3'>1<small>h<\/small><\/span><span class='extended_hour extended_hour_4'>2<small>h<\/small><\/span><span class='extended_hour extended_hour_5'>3<small>h<\/small><\/span><\/div>\n<div class='hourly'><span class='extended_hour extended_hour_1' title='Klar'>16<small>\u00b0C<\/small><br \/><i class='wi wi-fw wi-weather-31'><\/i><\/span><span class='extended_hour extended_hour_2' title='Klar'>16<small>\u00b0C<\/small><br \/><i class='wi wi-fw wi-weather-31'><\/i><\/span><span class='extended_hour extended_hour_3' title='Meist Klar'>16<small>\u00b0C<\/small><br \/><i class='wi wi-fw wi-weather-33'><\/i><\/span><span class='extended_hour extended_hour_4' title='Meist Klar'>16<small>\u00b0C<\/small><br \/><i class='wi wi-fw wi-weather-33'><\/i><\/span><span class='extended_hour extended_hour_5' title='Teilweise Bew\u00f6lkt'>16<small>\u00b0C<\/small><br \/><i class='wi wi-fw wi-weather-29'><\/i><\/span><\/div>\n<div class='daily days' style='border-bottom:1px solid #ee9600'><span class='extended_day extended_day_1'>Fr.<\/span><span class='extended_day extended_day_2'>Sa.<\/span><span class='extended_day extended_day_3'>So.<\/span><\/div>\n<div class='daily'><span class='extended_day extended_day_1' title='Teilweise Bew\u00f6lkt'>26<small>\u00b0C<\/small> \/ 16<small>\u00b0C<\/small><br \/><i class='wi wi-fw wi-weather-30'><\/i><\/span><span class='extended_day extended_day_2' title='Teilweise Bew\u00f6lkt'>28<small>\u00b0C<\/small> \/ 17<small>\u00b0C<\/small><br \/><i class='wi wi-fw wi-weather-30'><\/i><\/span><span class='extended_day extended_day_3' title='Meist Sonnig'>29<small>\u00b0C<\/small> \/ 9<small>\u00b0C<\/small><br \/><i class='wi wi-fw wi-weather-34'><\/i><\/span><\/div>\n<\/div>\n<div class='weather-atlas-footer' style='border-top:1px solid #ee9600'><a href='https:\/\/www.weather-atlas.com\/en\/south-africa\/upington-weather-tomorrow' title='Upington, ZA - Weather forecast for tomorrow' style='color:#fff'><span class='weather-atlas-footer-block'>Upington, ZA<\/span> weather forecast for tomorrow &#9656;<\/a><\/div>\n<\/div>\n<p><\/p>\n<\/div><\/div><\/div><\/div><div id=\"pg-2073-1\"  class=\"panel-grid panel-no-style\" ><div id=\"pgc-2073-1-0\"  class=\"panel-grid-cell\" ><div id=\"panel-2073-1-0-0\" class=\"so-panel widget widget_black-studio-tinymce widget_black_studio_tinymce panel-first-child\" data-index=\"3\" ><div class=\"textwidget\"><hr \/>\n<p>&nbsp;<\/p>\n<\/div><\/div><div id=\"panel-2073-1-0-1\" class=\"so-panel widget widget_black-studio-tinymce widget_black_studio_tinymce\" data-index=\"4\" ><div class=\"textwidget\"><p>Der Auob River entspringt gut 150 Kilometer s\u00fcd\u00f6stlich von Windhuk und m\u00fcndet nach circa 400 km bei Twee Rivieren ( \u00dcbersetzt zwei Fl\u00fcsse ) in den Nossob.<\/p>\n<p>Der Kgalagadi Transfrontier Park ( KTP ) gliedert sich auf der s\u00fcdafrikanischen Seite, im Prinzip in zwei Teile auf. \u00a0Den Flusslauf des Auob und den des Nossob, wobei sich die beiden Landschaftsbilder schon merklich voneinander unterscheiden. Was beide Fl\u00fcsse jedoch gemeinsam haben ist der Umstand, das sie nur sehr selten Wasser f\u00fchren. Beim Auob war dies im Jahr 1973\/74 das letzte mal der Fall ( Quelle SANPARKS ).<\/p>\n<p>Man sollte sich somit von der Bezeichnung \"River View\" bei einigen Bungalows nicht zu viel versprechen, wenn man wirklich Wasser im Flu\u00df erwartet.<\/p>\n<p>F\u00fcr einen Besuch des KTP w\u00e4re ein gef\u00fcllter Auob River auch keine guten Wahl, da die einzige \"Stra\u00dfe\" in diesem Teil des Parks das Flussbett oft durchquert oder dieses sogar als Fahrweg nutzt. Der westliche Teil des KTP, durch den der Auob f\u00fchrt, eignet sich sehr gut f\u00fcr die Sichtung von Raubkatzen. Die ersten 20 Kilometer nach dem Camp Twee Rivieren sind dabei noch nicht so Erfolgsversprechen aber das \u00e4ndert sich sp\u00e4testens ab dem Wasserloch Houmed.<br \/>\nAb hier gilt es Augen auf und mit Gl\u00fcck l\u00e4uft auch mal ein Gepard auf der Suche nach einem Springbock durch das Flussbett.<\/p>\n<p>Die ersten Wasserstellen auf diesem Weg bieten oft auch Raubv\u00f6gel wie den Bateleur und Tawny Eagle oder auch Oryx Antilopen, welche im Park sehr h\u00e4ufig anzutreffen sind. Nach circa 40 Kilometer f\u00fchrt der erste Abzweig Richtung Camp Kiliekrankie. Wer Gl\u00fcck hatte sich hier eine Nacht Einbuchen zu k\u00f6nnen wird sicher lange vom traumhaften Sonnenuntergang schw\u00e4rmen.<\/p>\n<p>F\u00e4hrt man jedoch den Auob weiter in Richtung Norden folgen die Wasserl\u00f6cher Gemsbokplein, Batulama, Montrose und Rooibrak. Auf dieser Strecke bieten sich sehr gute Gelegenheiten die drolligen Erdm\u00e4nnchen zu entdecken. Ich konnte in diesem Gebiet zwei Kolonien ausmachen und die Fotos sind f\u00fcr mich einmalig sch\u00f6n. Wer jedoch nur wegen der Katzen den Besuch des KTP geplant hat, sollte etwas Zeit an den Wasserl\u00f6chern Montrose ( hier liegen die L\u00f6wen meist hinter dem toten Baumstamm rechts vom Wasserloch ) und Rooibrak verbringen. Bei letzteren schleich gerne ein Leopard um den Wassertank an Rand der Stra\u00dfe, viel Gl\u00fcck.<\/p>\n<p>Nach dem Rastplatz Kamqua f\u00fchrt der Auob weiter zu den Camps Urikaruus, Kalahari Tented Camp ( KTC ) und letzt endlich zum Camp Mata Mata. Die Wasserl\u00f6cher des 13'ten und 14'ten Bohrloch sind dabei einige der H\u00f6hepunkte des KTP. Wer einen Leoparden sehen m\u00f6chte sollte hier die meiste Zeit seines Aufenthalts verbringen und aus diesem Grund ist das Camp Urikaruus auch meist ausgebucht. Hier gibt es mit gro\u00dfer Sicherheit Raubkatzen am Camp eigenen Wasserloch zu sehen.<\/p>\n<p>Auf den letzten Kilometern vor dem KTC bieten die hohen D\u00fcnen links und rechts vom Auob den hier ans\u00e4ssigen Geparden beste M\u00f6glichkeiten der Jagd. In den fr\u00fchen Morgenstunden liegen die Katzen auf dem D\u00fcnenkamm und beobachten die Springb\u00f6cke. Eine perfekte Lage um sich das Fr\u00fchst\u00fcck zu organisieren und im Januar \/ Februar \u00fcben die jungen Geparden hier oft das Jagen mit den frisch geborenen K\u00e4lbern der Springb\u00f6cke.<\/p>\n<p>&nbsp;<\/p>\n<p>Der Auob River ist wirklich perfekt f\u00fcr Tiersichtungen und ich bin auch nach den 10'ten Besuch immer wieder froh hier sein zu d\u00fcrfen.<\/p>\n<p>&nbsp;<\/p>\n<p>&nbsp;<\/p>\n<\/div><\/div><div id=\"panel-2073-1-0-2\" class=\"so-panel widget widget_text\" data-index=\"5\" >\t\t\t<div class=\"textwidget\"><p><code><\/p>\n<section class=\"parallax-section\">\n<div class=\"parallax-window\" data-z-index=\"0\" data-position-x=\"left\" data-parallax=\"scroll\" data-speed=\".3\" data-image-src=\"http:\/\/kruste.selfhost.me\/wordpress\/wp-content\/uploads\/2021\/03\/KZK_4605.jpg\" style=\"align-items: flex-start;min-height: 550px;\">\n<div class=\"parallax-container parallax-content\">\n<\/div>\n<\/div>\n<\/section>\n<p><\/code><\/p>\n<\/div>\n\t\t<\/div><div id=\"panel-2073-1-0-3\" class=\"so-panel widget widget_text panel-last-child\" data-index=\"6\" >\t\t\t<div class=\"textwidget\"><p>Viel Spa\u00df auf Eurer Reise in diesen Teil der Welt.<\/p>\n<p>&nbsp;<\/p>\n<p><img loading=\"lazy\" decoding=\"async\" class=\"wp-image-7052 alignleft\" src=\"http:\/\/kruste.selfhost.me\/wordpress\/wp-content\/uploads\/2019\/12\/unterschrift_grau-e1580541964981.jpg\" alt=\"\" width=\"207\" height=\"114\" srcset=\"http:\/\/kruste.selfhost.me\/wordpress\/wp-content\/uploads\/2019\/12\/unterschrift_grau-e1580541964981.jpg 464w, http:\/\/kruste.selfhost.me\/wordpress\/wp-content\/uploads\/2019\/12\/unterschrift_grau-e1580541964981-150x82.jpg 150w, http:\/\/kruste.selfhost.me\/wordpress\/wp-content\/uploads\/2019\/12\/unterschrift_grau-e1580541964981-300x165.jpg 300w\" sizes=\"auto, (max-width: 207px) 100vw, 207px\" \/><\/p>\n<\/div>\n\t\t<\/div><\/div><\/div><\/div>","protected":false},"excerpt":{"rendered":"<p>\u00a0 &nbsp; Der Auob River entspringt gut 150 Kilometer s\u00fcd\u00f6stlich von Windhuk und m\u00fcndet nach circa 400 km bei Twee Rivieren ( \u00dcbersetzt zwei Fl\u00fcsse<\/p>\n","protected":false},"author":1,"featured_media":0,"parent":7663,"menu_order":0,"comment_status":"closed","ping_status":"closed","template":"","meta":{"footnotes":""},"class_list":["post-2073","page","type-page","status-publish","hentry"],"_links":{"self":[{"href":"http:\/\/kruste.selfhost.me\/wordpress\/index.php?rest_route=\/wp\/v2\/pages\/2073","targetHints":{"allow":["GET"]}}],"collection":[{"href":"http:\/\/kruste.selfhost.me\/wordpress\/index.php?rest_route=\/wp\/v2\/pages"}],"about":[{"href":"http:\/\/kruste.selfhost.me\/wordpress\/index.php?rest_route=\/wp\/v2\/types\/page"}],"author":[{"embeddable":true,"href":"http:\/\/kruste.selfhost.me\/wordpress\/index.php?rest_route=\/wp\/v2\/users\/1"}],"replies":[{"embeddable":true,"href":"http:\/\/kruste.selfhost.me\/wordpress\/index.php?rest_route=%2Fwp%2Fv2%2Fcomments&post=2073"}],"version-history":[{"count":3,"href":"http:\/\/kruste.selfhost.me\/wordpress\/index.php?rest_route=\/wp\/v2\/pages\/2073\/revisions"}],"predecessor-version":[{"id":7771,"href":"http:\/\/kruste.selfhost.me\/wordpress\/index.php?rest_route=\/wp\/v2\/pages\/2073\/revisions\/7771"}],"up":[{"embeddable":true,"href":"http:\/\/kruste.selfhost.me\/wordpress\/index.php?rest_route=\/wp\/v2\/pages\/7663"}],"wp:attachment":[{"href":"http:\/\/kruste.selfhost.me\/wordpress\/index.php?rest_route=%2Fwp%2Fv2%2Fmedia&parent=2073"}],"curies":[{"name":"wp","href":"https:\/\/api.w.org\/{rel}","templated":true}]}}