{"id":2093,"date":"2016-04-06T18:23:11","date_gmt":"2016-04-06T16:23:11","guid":{"rendered":"http:\/\/kruste.selfhost.me\/wordpress\/?page_id=2093"},"modified":"2021-03-16T19:58:58","modified_gmt":"2021-03-16T17:58:58","slug":"the-overlook-upington","status":"publish","type":"page","link":"http:\/\/kruste.selfhost.me\/wordpress\/?page_id=2093","title":{"rendered":"The Overlook (Upington)"},"content":{"rendered":"<div id=\"pl-2093\"  class=\"panel-layout\" ><div id=\"pg-2093-0\"  class=\"panel-grid panel-no-style\" ><div id=\"pgc-2093-0-0\"  class=\"panel-grid-cell\" ><div id=\"panel-2093-0-0-0\" class=\"so-panel widget widget_black-studio-tinymce widget_black_studio_tinymce panel-first-child panel-last-child\" data-index=\"0\" ><div class=\"textwidget\"><hr \/>\n<p>Das \"<a href=\"https:\/\/www.overlook.co.za\/\" target=\"_blank\" rel=\"noopener\">The Overlook<\/a>\" liegt circa 30 Autominuten von Upington entfernt und dient mir bei meinen Reisen oft als Zwischenstopp,\u00a0bevor es weiter in den\u00a0Kgalagadi Transfrontier Park geht. Die kleine Anlage eignet sich hervorragend um erst einmal in der Region anzukommen. Es gibt einen kleinen Pool, der durch die erh\u00f6hte Lage des The Oberlook, eine tolle Sicht auf die Umgebung bietet. Man glaubt es kaum, wie gr\u00fcn diese\u00a0Region ist und es wundert mich immer wieder, was der Orange River\u00a0doch f\u00fcr eine Lebensgrundlage bietet. Weinreben soweit das Auge reicht und sogar Palmen wachsen vor der T\u00fcr. So hatte ich mir den Eintritt in die Kalahari W\u00fcste nicht vorgestellt.<\/p>\n<p>Eric, der Besitzer und K\u00fcchenchef des The Overlook, hat hier einen sehr sch\u00f6nen Platz geschaffen, an dem man es sich richtig gutgehen lassen kann. Die ganze Sache wird durch ein vorz\u00fcgliches Dinner abgerundet welches zu fairen Preise abgerechnet wird. Ich komme immer gerne wieder, danke Eric.<\/p>\n<div class=\"style_SkipStroke_2 shape-with-text flowDefining\">\n<hr \/>\n<\/div>\n<\/div><\/div><\/div><div id=\"pgc-2093-0-1\"  class=\"panel-grid-cell\" ><div id=\"panel-2093-0-1-0\" class=\"so-panel widget widget_black-studio-tinymce widget_black_studio_tinymce panel-first-child panel-last-child\" data-index=\"1\" ><div class=\"textwidget\"><p><img loading=\"lazy\" decoding=\"async\" class=\"alignnone size-full wp-image-2094\" src=\"http:\/\/kruste.selfhost.me\/wordpress\/wp-content\/uploads\/2016\/04\/SAF_6654-e1466068359196.jpg\" alt=\"SAF_6654\" width=\"900\" height=\"591\" \/><\/p>\n<\/div><\/div><\/div><\/div><div id=\"pg-2093-1\"  class=\"panel-grid panel-no-style\" ><div id=\"pgc-2093-1-0\"  class=\"panel-grid-cell\" ><div id=\"panel-2093-1-0-0\" class=\"so-panel widget widget_black-studio-tinymce widget_black_studio_tinymce panel-first-child\" data-index=\"2\" ><h3 class=\"widget-title\">Preise:<\/h3><div class=\"textwidget\"><hr \/>\n<ul>\n<li>Der Bungalow schl\u00e4gt mit 550 Rand f\u00fcr zwei Personen zu Buche. Eine Person zahlt 385 Rand. Ein guter\u00a0Preis und ich konnte bei meinem zweiten Aufenthalt auch kurzfristig eine \u00dcbernachtung stornieren.<\/li>\n<li>Dinner 175 Rand<\/li>\n<li>Fr\u00fchst\u00fcck 75 Rand<\/li>\n<\/ul>\n<\/div><\/div><div id=\"panel-2093-1-0-1\" class=\"so-panel widget widget_black-studio-tinymce widget_black_studio_tinymce\" data-index=\"3\" ><h3 class=\"widget-title\">Kommunikation:<\/h3><div class=\"textwidget\"><div id=\"id4\" class=\"style_SkipStroke_4 shape-with-text\">\n<div class=\"text-content graphic_textbox_layout_style_default_External_138_130\">\n<div class=\"graphic_textbox_layout_style_default\">\n<hr \/>\n<p class=\"Caption\">Handyempfang ist gegeben. WLAN ist kostenfrei verf\u00fcgbar ( nur beim letzten Bungalow in der Reihe ist das Signal etwas schwach).<\/p>\n<\/div>\n<\/div>\n<\/div>\n<\/div><\/div><div id=\"panel-2093-1-0-2\" class=\"so-panel widget widget_text\" data-index=\"4\" >\t\t\t<div class=\"textwidget\"><section class=\"parallax-section\">\n<div class=\"parallax-window\" data-z-index=\"1\" data-position-x=\"left\" data-parallax=\"scroll\" data-speed=\".3\" data-image-src=\"http:\/\/kruste.selfhost.me\/wordpress\/wp-content\/uploads\/2016\/04\/DSC_0934.jpg\" style=\"align-items: flex-start;min-height: 550px;\">\n<div class=\"parallax-container parallax-content\">\n<\/div>\n<\/div>\n<\/section>\n<\/div>\n\t\t<\/div><div id=\"panel-2093-1-0-3\" class=\"so-panel widget widget_black-studio-tinymce widget_black_studio_tinymce\" data-index=\"5\" ><h3 class=\"widget-title\">Anreise:<\/h3><div class=\"textwidget\"><hr \/>\n<p><span class=\"style_1\">Eigentlich geht es nur mit dem Mietwagen. Die Fahrt von Upington aus dauert circa 30 Minuten und die Stra\u00dfen sind gut ausgebaut.<\/span><\/p>\n<\/div><\/div><div id=\"panel-2093-1-0-4\" class=\"so-panel widget widget_black-studio-tinymce widget_black_studio_tinymce\" data-index=\"6\" ><h3 class=\"widget-title\">Meine Reisezeiten:<\/h3><div class=\"textwidget\"><hr \/>\n<ul>\n<li>Oktober 2015<\/li>\n<li>Januar 2016<\/li>\n<\/ul>\n<\/div><\/div><div id=\"panel-2093-1-0-5\" class=\"so-panel widget widget_black-studio-tinymce widget_black_studio_tinymce\" data-index=\"7\" ><h3 class=\"widget-title\">Das Wetter:<\/h3><div class=\"textwidget\"><hr \/>\n<ul>\n<li>Oktober\u00a02015<\/li>\n<\/ul>\n<p style=\"padding-left: 30px;\"><span class=\"style_1\">Es war warm, sehr warm und das Thermometer zeigt auch mal 40 \u00b0C an. Am Abend zogen dunkle Wolken auf aber der Regen meinte es nicht gut mit der Region und blieb aus. Es war alles sehr trocken aber das Jahr 2015 z\u00e4hlt mit zu den Trockensten \u00fcberhaupt.<\/span><\/p>\n<ul>\n<li>Januar 2016\u00a0<\/li>\n<\/ul>\n<p style=\"padding-left: 30px;\">Kurz vor meiner Ankunft regnete es. Ich freute mich schon auf eine gr\u00fcne Kalahari. Die Temperaturen lagen mit 35\u00b0C\u00a0hoch waren aber ertr\u00e4glich.\u00a0<\/p>\n<\/div><\/div><div id=\"panel-2093-1-0-6\" class=\"so-panel widget widget_black-studio-tinymce widget_black_studio_tinymce\" data-index=\"8\" ><h3 class=\"widget-title\">Zimmer:<\/h3><div class=\"textwidget\"><hr \/>\n<p class=\"paragraph_style\">\u00a0Die Anlage besteht aus drei kleinen Bungalows, die recht\u00a0komfortabel ausgestattet sind.<br \/>Es gibt eine K\u00fcchenzeile mit Wasserkocher, K\u00fchlschrank und Sp\u00fclbecken sowie ein Badezimmer mit Dusche. Das Doppelbett ist bequem und der Blick von der Terrasse auf die Weinfelder entspannt.<\/p>\n<\/div><\/div><div id=\"panel-2093-1-0-7\" class=\"so-panel widget widget_black-studio-tinymce widget_black_studio_tinymce\" data-index=\"9\" ><div class=\"textwidget\"><p><img loading=\"lazy\" decoding=\"async\" class=\"size-full wp-image-2099 aligncenter\" src=\"http:\/\/kruste.selfhost.me\/wordpress\/wp-content\/uploads\/2016\/04\/DSC_9003.jpg\" alt=\"DSC_9003\" width=\"1400\" height=\"439\" srcset=\"http:\/\/kruste.selfhost.me\/wordpress\/wp-content\/uploads\/2016\/04\/DSC_9003.jpg 1400w, http:\/\/kruste.selfhost.me\/wordpress\/wp-content\/uploads\/2016\/04\/DSC_9003-150x47.jpg 150w, http:\/\/kruste.selfhost.me\/wordpress\/wp-content\/uploads\/2016\/04\/DSC_9003-300x94.jpg 300w, http:\/\/kruste.selfhost.me\/wordpress\/wp-content\/uploads\/2016\/04\/DSC_9003-768x241.jpg 768w, http:\/\/kruste.selfhost.me\/wordpress\/wp-content\/uploads\/2016\/04\/DSC_9003-1024x321.jpg 1024w, http:\/\/kruste.selfhost.me\/wordpress\/wp-content\/uploads\/2016\/04\/DSC_9003-700x220.jpg 700w\" sizes=\"auto, (max-width: 1400px) 100vw, 1400px\" \/><\/p>\n<\/div><\/div><div id=\"panel-2093-1-0-8\" class=\"so-panel widget widget_black-studio-tinymce widget_black_studio_tinymce\" data-index=\"10\" ><h3 class=\"widget-title\">K\u00fcche \/ Restaurant:<\/h3><div class=\"textwidget\"><hr \/>\n<p>Was soll ich da sagen ? Eric bereitet Fr\u00fchst\u00fcck und Abendessen individuell zu und richtet es auf der eigenen Terrasse vor dem Bungalow an. Frische Br\u00f6tchen, Garnelen mit knackigem Salat und Vanilleeis runden das sehr schmackhafte Hauptgericht ab. Aber Achtung ! Das Abendessen muss \u00a0vorab bestellt werden und das sollte man auf keinen Fall vergessen.<\/p>\n<p>Feste Zeiten gibt es hingegen nicht und auch das Fr\u00fchst\u00fcck wird auf\u00a0Wunsch schon mal gegen 06:00 Uhr serviert.<\/p>\n<\/div><\/div><div id=\"panel-2093-1-0-9\" class=\"so-panel widget widget_black-studio-tinymce widget_black_studio_tinymce\" data-index=\"11\" ><h3 class=\"widget-title\">Personal:<\/h3><div class=\"textwidget\"><hr \/><p>Eric und seine Frau Anna k\u00fcmmern sich, wo sie nur k\u00f6nnen. Das Essen kann zu jeder Zeit eingenommen werden und individuelle An- und Abreisen sind kein Problem.<\/p><p>Die Beiden helfen auch bei Problemen, die sie eigentlich nicht betreffen. So hat Eric bis in die Nacht mit der Fluggesellschaft telefoniert und versucht unserer Koffer nach Keimoes zu bekommen. Hat leider nicht geklappt aber trotzdem danke \ud83d\ude09 \u00a0<\/p><\/div><\/div><div id=\"panel-2093-1-0-10\" class=\"so-panel widget widget_black-studio-tinymce widget_black_studio_tinymce\" data-index=\"12\" ><h3 class=\"widget-title\">Aktivit\u00e4ten:<\/h3><div class=\"textwidget\"><hr \/>\n<p class=\"Caption\">Die Lage dient zum Entspannen aber einen Ausflug zu den Augrabies Falls sollte man auf jeden Fall unternehmen. Es ist zwar noch eine gutes St\u00fcck bis dort ( 1 Stunde Fahrzeit ) aber der Blick in die Schlucht loht sich.<\/p>\n<\/div><\/div><div id=\"panel-2093-1-0-11\" class=\"so-panel widget widget_black-studio-tinymce widget_black_studio_tinymce panel-last-child\" data-index=\"13\" ><h3 class=\"widget-title\">Tipps:<\/h3><div class=\"textwidget\"><hr \/>\n<ul>\n<li>Wie geschrieben sollte man das Abendessen nicht vers\u00e4umen. Aufpassen muss man hier eigentlich nur auf sein Gewicht. Wer alkoholische Getr\u00e4nke zum Essen w\u00fcnscht muss sich diese bitte selbst besorgen. Eric hat keine Lizenz f\u00fcr den Verkauf von\u00a0Wein oder Bier.<span class=\"style_1\"><br \/><\/span><\/li>\n<li>Mit Gl\u00fcck gibt es um Keimoes noch einige Testfahrzeuge deutscher Automobilfirmen zu bewundern. Die Augen sollte man besonders auf der Landstra\u00dfe in Richtung KTP aufmachen. Diese Streck dient f\u00fcr Hochgeschwindigkeitsfahrten und ist auch so ausgeschildert.<\/li>\n<li>Ein kurzer Stopp auf der Landstra\u00dfe um den riesigen Solarturm zu bewundern.\u00a0<\/li>\n<\/ul>\n<\/div><\/div><\/div><\/div><div id=\"pg-2093-2\"  class=\"panel-grid panel-no-style\" ><div id=\"pgc-2093-2-0\"  class=\"panel-grid-cell\" ><div id=\"panel-2093-2-0-0\" class=\"so-panel widget widget_black-studio-tinymce widget_black_studio_tinymce panel-first-child panel-last-child\" data-index=\"14\" ><div class=\"textwidget\"><p><img loading=\"lazy\" decoding=\"async\" class=\"aligncenter size-full wp-image-7789\" src=\"http:\/\/kruste.selfhost.me\/wordpress\/wp-content\/uploads\/2021\/03\/DSC_0746.jpg\" alt=\"\" width=\"1600\" height=\"757\" srcset=\"http:\/\/kruste.selfhost.me\/wordpress\/wp-content\/uploads\/2021\/03\/DSC_0746.jpg 1600w, http:\/\/kruste.selfhost.me\/wordpress\/wp-content\/uploads\/2021\/03\/DSC_0746-300x142.jpg 300w, http:\/\/kruste.selfhost.me\/wordpress\/wp-content\/uploads\/2021\/03\/DSC_0746-1024x484.jpg 1024w, http:\/\/kruste.selfhost.me\/wordpress\/wp-content\/uploads\/2021\/03\/DSC_0746-150x71.jpg 150w, http:\/\/kruste.selfhost.me\/wordpress\/wp-content\/uploads\/2021\/03\/DSC_0746-768x363.jpg 768w, http:\/\/kruste.selfhost.me\/wordpress\/wp-content\/uploads\/2021\/03\/DSC_0746-1536x727.jpg 1536w\" sizes=\"auto, (max-width: 1600px) 100vw, 1600px\" \/><\/p>\n<\/div><\/div><\/div><\/div><\/div>","protected":false},"excerpt":{"rendered":"<p>Das &#8222;The Overlook&#8220; liegt circa 30 Autominuten von Upington entfernt und dient mir bei meinen Reisen oft als Zwischenstopp,\u00a0bevor es weiter in den\u00a0Kgalagadi Transfrontier Park<\/p>\n","protected":false},"author":1,"featured_media":0,"parent":7769,"menu_order":0,"comment_status":"closed","ping_status":"closed","template":"","meta":{"footnotes":""},"class_list":["post-2093","page","type-page","status-publish","hentry"],"_links":{"self":[{"href":"http:\/\/kruste.selfhost.me\/wordpress\/index.php?rest_route=\/wp\/v2\/pages\/2093","targetHints":{"allow":["GET"]}}],"collection":[{"href":"http:\/\/kruste.selfhost.me\/wordpress\/index.php?rest_route=\/wp\/v2\/pages"}],"about":[{"href":"http:\/\/kruste.selfhost.me\/wordpress\/index.php?rest_route=\/wp\/v2\/types\/page"}],"author":[{"embeddable":true,"href":"http:\/\/kruste.selfhost.me\/wordpress\/index.php?rest_route=\/wp\/v2\/users\/1"}],"replies":[{"embeddable":true,"href":"http:\/\/kruste.selfhost.me\/wordpress\/index.php?rest_route=%2Fwp%2Fv2%2Fcomments&post=2093"}],"version-history":[{"count":1,"href":"http:\/\/kruste.selfhost.me\/wordpress\/index.php?rest_route=\/wp\/v2\/pages\/2093\/revisions"}],"predecessor-version":[{"id":2097,"href":"http:\/\/kruste.selfhost.me\/wordpress\/index.php?rest_route=\/wp\/v2\/pages\/2093\/revisions\/2097"}],"up":[{"embeddable":true,"href":"http:\/\/kruste.selfhost.me\/wordpress\/index.php?rest_route=\/wp\/v2\/pages\/7769"}],"wp:attachment":[{"href":"http:\/\/kruste.selfhost.me\/wordpress\/index.php?rest_route=%2Fwp%2Fv2%2Fmedia&parent=2093"}],"curies":[{"name":"wp","href":"https:\/\/api.w.org\/{rel}","templated":true}]}}