{"id":2132,"date":"2016-04-20T20:14:42","date_gmt":"2016-04-20T18:14:42","guid":{"rendered":"http:\/\/kruste.selfhost.me\/wordpress\/?page_id=2132"},"modified":"2021-03-14T20:14:56","modified_gmt":"2021-03-14T18:14:56","slug":"grootkolk-upingtonktp","status":"publish","type":"page","link":"http:\/\/kruste.selfhost.me\/wordpress\/?page_id=2132","title":{"rendered":"Grootkolk (Upington\/KTP)"},"content":{"rendered":"<div id=\"pl-2132\"  class=\"panel-layout\" ><div id=\"pg-2132-0\"  class=\"panel-grid panel-no-style\" ><div id=\"pgc-2132-0-0\"  class=\"panel-grid-cell\" ><div id=\"panel-2132-0-0-0\" class=\"so-panel widget widget_black-studio-tinymce widget_black_studio_tinymce panel-first-child panel-last-child\" data-index=\"0\" ><div class=\"textwidget\"><div class=\"style_SkipStroke_2 shape-with-text flowDefining\">\n<hr \/>\n<\/div>\n<p>Ein Sechser im Lotto ist sicher nicht viel schwieriger zu tippen wie die erfolgreiche Buchung eines\u00a0Bungalows in Grootkolk. Wie auch immer es meine Nachbarn geschafft haben 3 N\u00e4chte zu ergattern, ich h\u00e4tte gerne mit ihnen getauscht. Die Lage des Camp ist weit ab vom Schuss und hierher verirrt sich kaum ein Gast. Bei der 100Kilometer weiten Anreise von\u00a0Nossob aus hatte ich sch\u00f6ne Tiersichtungen und oft war es auch nur die Landschaft oder\u00a0das Flussbett, welche sich f\u00fcr eine Pause anboten ( z.B. Lijersdraai Picknick Stop )<\/p>\n<p>Grootkolk selbst besteht, wie fast alle Wilderness Camps, nur aus 4 Bungalows und die eigene kleine Terrasse mit der aussenliegenden K\u00fcche hat schon was besonderes. Leider hatte ich im Jahr 2016 nur eine \u00dcbernachtung buchen k\u00f6nnen und das Wetter verhinderte gute Tierbeobachtungen in der Nacht.<\/p>\n<p>Alles nicht so tragisch, denn ich komme sicher wieder. Vorausgesetzt ich habe erneut einen Sechser im Lotto.<\/p>\n<hr \/>\n<p>&nbsp;<\/p>\n<\/div><\/div><\/div><div id=\"pgc-2132-0-1\"  class=\"panel-grid-cell\" ><div id=\"panel-2132-0-1-0\" class=\"so-panel widget widget_black-studio-tinymce widget_black_studio_tinymce panel-first-child panel-last-child\" data-index=\"1\" ><div class=\"textwidget\"><p><img loading=\"lazy\" decoding=\"async\" class=\"size-full wp-image-2134 alignright\" src=\"http:\/\/kruste.selfhost.me\/wordpress\/wp-content\/uploads\/2016\/04\/DSC_4081-e1461175372913.jpg\" alt=\"DSC_4081\" width=\"1024\" height=\"568\" srcset=\"http:\/\/kruste.selfhost.me\/wordpress\/wp-content\/uploads\/2016\/04\/DSC_4081-e1461175372913.jpg 1024w, http:\/\/kruste.selfhost.me\/wordpress\/wp-content\/uploads\/2016\/04\/DSC_4081-e1461175372913-150x83.jpg 150w, http:\/\/kruste.selfhost.me\/wordpress\/wp-content\/uploads\/2016\/04\/DSC_4081-e1461175372913-300x166.jpg 300w, http:\/\/kruste.selfhost.me\/wordpress\/wp-content\/uploads\/2016\/04\/DSC_4081-e1461175372913-768x426.jpg 768w, http:\/\/kruste.selfhost.me\/wordpress\/wp-content\/uploads\/2016\/04\/DSC_4081-e1461175372913-700x388.jpg 700w\" sizes=\"auto, (max-width: 1024px) 100vw, 1024px\" \/><\/p>\n<\/div><\/div><\/div><\/div><div id=\"pg-2132-1\"  class=\"panel-grid panel-no-style\" ><div id=\"pgc-2132-1-0\"  class=\"panel-grid-cell\" ><div id=\"panel-2132-1-0-0\" class=\"so-panel widget widget_black-studio-tinymce widget_black_studio_tinymce panel-first-child\" data-index=\"2\" ><h3 class=\"widget-title\">Preise:<\/h3><div class=\"textwidget\"><hr \/>\n<ul>\n<li>1510 Rand kostete der Bungalow im Jahr 2016 und ist mit max. 2 Personen nutzbar.<\/li>\n<li>1990 Rand werden 2019 f\u00fcr den Bungalow berechnet. Das ist schon eine ordentlichen Preissteigerung.<\/li>\n<\/ul>\n<\/div><\/div><div id=\"panel-2132-1-0-1\" class=\"so-panel widget widget_black-studio-tinymce widget_black_studio_tinymce\" data-index=\"3\" ><h3 class=\"widget-title\">Kommunikation:<\/h3><div class=\"textwidget\"><div id=\"id4\" class=\"style_SkipStroke_4 shape-with-text\">\n<div class=\"text-content graphic_textbox_layout_style_default_External_138_130\">\n<div class=\"graphic_textbox_layout_style_default\">\n<hr \/>\n<p class=\"Caption\">Kein Mobilfunk und kein Internet.<\/p>\n<\/div>\n<\/div>\n<\/div>\n<\/div><\/div><div id=\"panel-2132-1-0-2\" class=\"so-panel widget widget_text\" data-index=\"4\" >\t\t\t<div class=\"textwidget\"><section class=\"parallax-section\">\n<div class=\"parallax-window\" data-z-index=\"1\" data-position-x=\"left\" data-parallax=\"scroll\" data-speed=\".3\" data-image-src=\"http:\/\/kruste.selfhost.me\/wordpress\/wp-content\/uploads\/2020\/08\/BOT3253.jpg\" style=\"align-items: flex-start;min-height: 550px;\">\n<div class=\"parallax-container parallax-content\">\n<\/div>\n<\/div>\n<\/section>\n<\/div>\n\t\t<\/div><div id=\"panel-2132-1-0-3\" class=\"so-panel widget widget_black-studio-tinymce widget_black_studio_tinymce\" data-index=\"5\" ><h3 class=\"widget-title\">Anreise:<\/h3><div class=\"textwidget\"><hr \/>\n<p>Es ist schon recht weit bis Grootkolk und ein Stopp im Camp Nossob ist sicher kein Fehler, denn es kann zum letzten Mal getankt bzw. eingekauft werden. \u00a0Die Anreise ab Parkeingang Twee Rivieren dauert gut\u00a06 Stunden und dabei sind 270 Kilometer zu fahren. Kein Spa\u00df wenn es schnell gehen muss und die vielen sch\u00f6nen Stopps sollte man eigentlich genie\u00dfen. Ich empfehle die Streck nicht in einer Etappe zu bew\u00e4ltigen.<\/p>\n<\/div><\/div><div id=\"panel-2132-1-0-4\" class=\"so-panel widget widget_black-studio-tinymce widget_black_studio_tinymce\" data-index=\"6\" ><h3 class=\"widget-title\">Meine Reisezeiten:<\/h3><div class=\"textwidget\"><hr \/>\n<ul>\n<li>Januar\u00a02016<\/li>\n<li>Januar 2017<\/li>\n<li>Oktober 2019<\/li>\n<li>M\u00e4rz 2020<\/li>\n<\/ul>\n<\/div><\/div><div id=\"panel-2132-1-0-5\" class=\"so-panel widget widget_black-studio-tinymce widget_black_studio_tinymce\" data-index=\"7\" ><h3 class=\"widget-title\">Das Wetter:<\/h3><div class=\"textwidget\"><hr \/>\n<ul>\n<li>Januar\u00a02016<br \/>\nBlauer Himmel und sehr warm. Am Abend zog ein richtiger Sturm auf und ich konnte den sch\u00f6nen Blick auf das Wasserloch nicht genie\u00dfen. Es war so windig, dass ich in den Bungalow gehen musste.<\/li>\n<\/ul>\n<ul>\n<li>Januar 2017<br \/>\nBlauer Himmel und am Abend sch\u00f6ne Wolkenformationen. Tolle Tiersichtungen mit L\u00f6wen und Leoparden.<\/li>\n<\/ul>\n<ul>\n<li>Oktober 2019<br \/>\nSehr trocken und es muss dringend regnen.<\/li>\n<li>M\u00e4rz 2020<br \/>\nEs hatte viel geregnet und das Gras war hoch, alles keine guten Bedingungen zum Fotografieren. Ich freute mich aber \u00fcber die vielen bunten Schmetterlinge und das Gl\u00fcck drei Tage lang einen Leoparden an seinem Ri\u00df bewundern zu d\u00fcrfen. Am Himmel Sch\u00e4fchen Wolken und viel Sonne.<\/li>\n<\/ul>\n<\/div><\/div><div id=\"panel-2132-1-0-6\" class=\"so-panel widget widget_black-studio-tinymce widget_black_studio_tinymce\" data-index=\"8\" ><h3 class=\"widget-title\">Zimmer:<\/h3><div class=\"textwidget\"><hr \/>\n<p class=\"paragraph_style\">Ein outdoor K\u00fcche, die kleine Terrasse davor und das sch\u00f6ne Zelt machen diesen Platz zu einem Erlebnis. Alles ist sauber und die aus Plastik erstelle Vogeltr\u00e4nke auf dem Zaun erf\u00fcllt seinen Zweck. Bei schlechtem Wetter kann eine Gemeinschaftsk\u00fcche genutzt werden. Ich ben\u00f6tigte\u00a0nur den K\u00fchlschrank der Gemeinschaftsk\u00fcche, da das Ger\u00e4t auf meinem\u00a0Zimmer bei den hohen Temperaturen nicht mehr mithalten konnte.<\/p>\n<p>Die K\u00fchlschr\u00e4nke wurden nach meinem Besuch 2016 von Gas- auf Elektrobetrieb umgestellt. Jetzt arbeitet das Gefrierfach wie es soll.<\/p>\n<\/div><\/div><div id=\"panel-2132-1-0-7\" class=\"so-panel widget widget_black-studio-tinymce widget_black_studio_tinymce\" data-index=\"9\" ><div class=\"textwidget\"><p><img loading=\"lazy\" decoding=\"async\" class=\"aligncenter size-full wp-image-7545\" src=\"http:\/\/kruste.selfhost.me\/wordpress\/wp-content\/uploads\/2020\/08\/DSC_4675-scaled.jpg\" alt=\"\" width=\"2560\" height=\"825\" srcset=\"http:\/\/kruste.selfhost.me\/wordpress\/wp-content\/uploads\/2020\/08\/DSC_4675-scaled.jpg 2560w, http:\/\/kruste.selfhost.me\/wordpress\/wp-content\/uploads\/2020\/08\/DSC_4675-300x97.jpg 300w, http:\/\/kruste.selfhost.me\/wordpress\/wp-content\/uploads\/2020\/08\/DSC_4675-1024x330.jpg 1024w, http:\/\/kruste.selfhost.me\/wordpress\/wp-content\/uploads\/2020\/08\/DSC_4675-150x48.jpg 150w, http:\/\/kruste.selfhost.me\/wordpress\/wp-content\/uploads\/2020\/08\/DSC_4675-768x248.jpg 768w, http:\/\/kruste.selfhost.me\/wordpress\/wp-content\/uploads\/2020\/08\/DSC_4675-1536x495.jpg 1536w, http:\/\/kruste.selfhost.me\/wordpress\/wp-content\/uploads\/2020\/08\/DSC_4675-2048x660.jpg 2048w\" sizes=\"auto, (max-width: 2560px) 100vw, 2560px\" \/><\/p>\n<\/div><\/div><div id=\"panel-2132-1-0-8\" class=\"so-panel widget widget_black-studio-tinymce widget_black_studio_tinymce\" data-index=\"10\" ><h3 class=\"widget-title\">K\u00fcche \/ Restaurant:<\/h3><div class=\"textwidget\"><hr \/>\n<p>Wir befinden uns hier fast am Ende der Welt \ud83d\ude42 Wer etwas vergessen hat, h\u00e4tte dies nur in Nossob noch kaufen k\u00f6nnen. Was nicht hier ist, kommt auch nicht mehr her.<\/p>\n<\/div><\/div><div id=\"panel-2132-1-0-9\" class=\"so-panel widget widget_black-studio-tinymce widget_black_studio_tinymce\" data-index=\"11\" ><h3 class=\"widget-title\">Personal:<\/h3><div class=\"textwidget\"><hr \/>\n\nAuch in Grootkolk gibt es eine gute Seele, die sich um alles k\u00fcmmert. Es wird t\u00e4glich gefragt ob etwas defekt ist oder ob es Probleme gibt. Am Abend werden die Auto sogar noch per Hasendrahtzaun vor den L\u00f6wen gesichert, dass gibt es nur hier.\n\nIch f\u00fchlte mich hier sehr wohl !\n\n&nbsp;<\/div><\/div><div id=\"panel-2132-1-0-10\" class=\"so-panel widget widget_black-studio-tinymce widget_black_studio_tinymce\" data-index=\"12\" ><h3 class=\"widget-title\">Aktivit\u00e4ten:<\/h3><div class=\"textwidget\"><hr \/>\n<p class=\"Caption\">Man muss nicht gro\u00df in der Gegen umherfahren, das Wasserloch ist nah und der Platz l\u00e4dt zum Entspannen ein. Wer m\u00f6chte kann zum Unions End fahren um die Grenze des KTP zu besichtigen. Ich habe diesen Platz nicht besuch und mir so die Illusion der endlosen Weite des Parks erhalten. Das ist aber sicher nur meine Sichtweise.<\/p>\n<\/div><\/div><div id=\"panel-2132-1-0-11\" class=\"so-panel widget widget_black-studio-tinymce widget_black_studio_tinymce panel-last-child\" data-index=\"13\" ><h3 class=\"widget-title\">Tipps:<\/h3><div class=\"textwidget\"><hr \/>\n<ul>\n<li>Auf dem Weg von Nossob in Richtung Grootkolk ist der Stopp am Polentswa Wasserloch ein must do. Ein Paradies f\u00fcr Ornithologen mit guten Aussichten auf Falken und\u00a0Gaukler. Ich konnte hier St\u00f6rche beobachten und fragte mich, ob genau diese Tiere im Sommer bei mir in der Leinemasch die Fr\u00f6sche jagen.<\/li>\n<li>Eine Bande junger L\u00f6wen liebt es an den Autoreifen zu knabbern. Die Fahrzeuge werden jetzt abends durch einen kleinen Zaun gesichert.<\/li>\n<\/ul>\n<\/div><\/div><\/div><\/div><div id=\"pg-2132-2\"  class=\"panel-grid panel-no-style\" ><div id=\"pgc-2132-2-0\"  class=\"panel-grid-cell\" ><div id=\"panel-2132-2-0-0\" class=\"so-panel widget widget_black-studio-tinymce widget_black_studio_tinymce panel-first-child panel-last-child\" data-index=\"14\" ><div class=\"textwidget\"><p><img loading=\"lazy\" decoding=\"async\" class=\"aligncenter size-full wp-image-7546\" src=\"http:\/\/kruste.selfhost.me\/wordpress\/wp-content\/uploads\/2020\/08\/DSC_4717-scaled.jpg\" alt=\"\" width=\"2560\" height=\"1480\" srcset=\"http:\/\/kruste.selfhost.me\/wordpress\/wp-content\/uploads\/2020\/08\/DSC_4717-scaled.jpg 2560w, http:\/\/kruste.selfhost.me\/wordpress\/wp-content\/uploads\/2020\/08\/DSC_4717-300x173.jpg 300w, http:\/\/kruste.selfhost.me\/wordpress\/wp-content\/uploads\/2020\/08\/DSC_4717-1024x592.jpg 1024w, http:\/\/kruste.selfhost.me\/wordpress\/wp-content\/uploads\/2020\/08\/DSC_4717-150x87.jpg 150w, http:\/\/kruste.selfhost.me\/wordpress\/wp-content\/uploads\/2020\/08\/DSC_4717-768x444.jpg 768w, http:\/\/kruste.selfhost.me\/wordpress\/wp-content\/uploads\/2020\/08\/DSC_4717-1536x888.jpg 1536w, http:\/\/kruste.selfhost.me\/wordpress\/wp-content\/uploads\/2020\/08\/DSC_4717-2048x1184.jpg 2048w\" sizes=\"auto, (max-width: 2560px) 100vw, 2560px\" \/><\/p>\n<\/div><\/div><\/div><\/div><\/div>","protected":false},"excerpt":{"rendered":"<p>Ein Sechser im Lotto ist sicher nicht viel schwieriger zu tippen wie die erfolgreiche Buchung eines\u00a0Bungalows in Grootkolk. Wie auch immer es meine Nachbarn geschafft<\/p>\n","protected":false},"author":1,"featured_media":0,"parent":7773,"menu_order":0,"comment_status":"closed","ping_status":"closed","template":"","meta":{"footnotes":""},"class_list":["post-2132","page","type-page","status-publish","hentry"],"_links":{"self":[{"href":"http:\/\/kruste.selfhost.me\/wordpress\/index.php?rest_route=\/wp\/v2\/pages\/2132","targetHints":{"allow":["GET"]}}],"collection":[{"href":"http:\/\/kruste.selfhost.me\/wordpress\/index.php?rest_route=\/wp\/v2\/pages"}],"about":[{"href":"http:\/\/kruste.selfhost.me\/wordpress\/index.php?rest_route=\/wp\/v2\/types\/page"}],"author":[{"embeddable":true,"href":"http:\/\/kruste.selfhost.me\/wordpress\/index.php?rest_route=\/wp\/v2\/users\/1"}],"replies":[{"embeddable":true,"href":"http:\/\/kruste.selfhost.me\/wordpress\/index.php?rest_route=%2Fwp%2Fv2%2Fcomments&post=2132"}],"version-history":[{"count":1,"href":"http:\/\/kruste.selfhost.me\/wordpress\/index.php?rest_route=\/wp\/v2\/pages\/2132\/revisions"}],"predecessor-version":[{"id":2133,"href":"http:\/\/kruste.selfhost.me\/wordpress\/index.php?rest_route=\/wp\/v2\/pages\/2132\/revisions\/2133"}],"up":[{"embeddable":true,"href":"http:\/\/kruste.selfhost.me\/wordpress\/index.php?rest_route=\/wp\/v2\/pages\/7773"}],"wp:attachment":[{"href":"http:\/\/kruste.selfhost.me\/wordpress\/index.php?rest_route=%2Fwp%2Fv2%2Fmedia&parent=2132"}],"curies":[{"name":"wp","href":"https:\/\/api.w.org\/{rel}","templated":true}]}}