{"id":2174,"date":"2016-04-22T15:11:31","date_gmt":"2016-04-22T13:11:31","guid":{"rendered":"http:\/\/kruste.selfhost.me\/wordpress\/?page_id=2174"},"modified":"2021-03-14T08:43:42","modified_gmt":"2021-03-14T06:43:42","slug":"romantic-getaway-misty-cliffs-kapstadt","status":"publish","type":"page","link":"http:\/\/kruste.selfhost.me\/wordpress\/?page_id=2174","title":{"rendered":"Romantic Getaway Misty Cliffs (Kapstadt)"},"content":{"rendered":"<div id=\"pl-2174\"  class=\"panel-layout\" ><div id=\"pg-2174-0\"  class=\"panel-grid panel-no-style\" ><div id=\"pgc-2174-0-0\"  class=\"panel-grid-cell\" ><div id=\"panel-2174-0-0-0\" class=\"so-panel widget widget_black-studio-tinymce widget_black_studio_tinymce panel-first-child panel-last-child\" data-index=\"0\" ><div class=\"textwidget\"><div class=\"style_SkipStroke_2 shape-with-text flowDefining\">\n<div class=\"text-content style_External_485_494\">\n<div class=\"style\"><\/div>\n<div class=\"style\">\n<hr \/>\n<\/div>\n<div class=\"style\"><\/div>\n<\/div>\n<\/div>\n<div class=\"style\"><\/div>\n<div><\/div>\n<div class=\"style_SkipStroke_2 shape-with-text flowDefining\">\n<div class=\"text-content style_External_485_494\">\n<div class=\"style\">Dieses <a href=\"https:\/\/www.airbnb.de\/rooms\/4067393?source_impression_id=p3_1615663488_e05wqtDOUizN5q51&amp;guests=1&amp;adults=1\" target=\"_blank\" rel=\"noopener\">kleine H\u00e4uschen<\/a> liegt einfach traumhaft. Der Strand ist direkt vor der T\u00fcr und die Aussicht ist grandios. Zum Kap sind es 30 Minuten und der Boulders Beach ist fast um die Ecke. Ich hatte mir bei unserem letzte Besuch in Kapstadt schon gew\u00fcnscht, einmal in dieser Ecke zu wohnen und dies\u00a0habe ich mir jetzt erf\u00fcllt. Es ist sicher keine Luxusausstattung aber, f\u00fcr mich, ein luxus Pl\u00e4tzchen.<br \/>\nNaturgewalten wie Wind oder\u00a0Welle sind greifbar und die Menschen in der Gegend naturverbunden und freundlich. Ein Platz an dem ich gerne leben w\u00fcrde und in den ich mich verliebt habe.\u00a0( Ach ja, das Licht, wie sch\u00f6\u00f6\u00f6n. Ein Traum zum Fotografieren oder einfach nur zum genie\u00dfen )<\/div>\n<\/div>\n<\/div>\n<\/div><\/div><\/div><div id=\"pgc-2174-0-1\"  class=\"panel-grid-cell\" ><div id=\"panel-2174-0-1-0\" class=\"so-panel widget widget_black-studio-tinymce widget_black_studio_tinymce panel-first-child panel-last-child\" data-index=\"1\" ><div class=\"textwidget\"><p><img loading=\"lazy\" decoding=\"async\" class=\"size-full wp-image-2177 alignright\" src=\"http:\/\/kruste.selfhost.me\/wordpress\/wp-content\/uploads\/2016\/04\/DSC_0357.jpg\" alt=\"DSC_0357\" width=\"473\" height=\"768\" srcset=\"http:\/\/kruste.selfhost.me\/wordpress\/wp-content\/uploads\/2016\/04\/DSC_0357.jpg 473w, http:\/\/kruste.selfhost.me\/wordpress\/wp-content\/uploads\/2016\/04\/DSC_0357-92x150.jpg 92w, http:\/\/kruste.selfhost.me\/wordpress\/wp-content\/uploads\/2016\/04\/DSC_0357-185x300.jpg 185w\" sizes=\"auto, (max-width: 473px) 100vw, 473px\" \/><\/p>\n<\/div><\/div><\/div><\/div><div id=\"pg-2174-1\"  class=\"panel-grid panel-no-style\" ><div id=\"pgc-2174-1-0\"  class=\"panel-grid-cell\" ><div id=\"panel-2174-1-0-0\" class=\"so-panel widget widget_black-studio-tinymce widget_black_studio_tinymce panel-first-child\" data-index=\"2\" ><h3 class=\"widget-title\">Preise:<\/h3><div class=\"textwidget\"><hr \/>\n<ul>\n<li>Circa 80,00 \u20ac pro Nacht haben wir f\u00fcr das Haus bezahlt ( abh\u00e4ngig vom Wechselkurs und den Service-Geb\u00fchren ).<\/li>\n<\/ul>\n<\/div><\/div><div id=\"panel-2174-1-0-1\" class=\"so-panel widget widget_black-studio-tinymce widget_black_studio_tinymce\" data-index=\"3\" ><h3 class=\"widget-title\">Kommunikation:<\/h3><div class=\"textwidget\"><div id=\"id4\" class=\"style_SkipStroke_4 shape-with-text\">\n<div class=\"text-content graphic_textbox_layout_style_default_External_138_130\">\n<div class=\"graphic_textbox_layout_style_default\">\n<hr \/>\n<p class=\"Caption\">Leider bietet Karen keinen Zugang zum Internet an und so war es etwas schwierig sie vor Ort zu erreichen. Wir hatten kein Handy zur Verf\u00fcgung und konnten uns nur an den Schl\u00fcsselverwalter wenden um Karen zu erreichen.<\/p>\n<\/div>\n<\/div>\n<\/div>\n<\/div><\/div><div id=\"panel-2174-1-0-2\" class=\"so-panel widget widget_text\" data-index=\"4\" >\t\t\t<div class=\"textwidget\"><p><code><\/p>\n<section class=\"parallax-section\">\n<div class=\"parallax-window\" data-z-index=\"0\" data-position-x=\"left\" data-parallax=\"scroll\" data-speed=\".3\" data-image-src=\"http:\/\/kruste.selfhost.me\/wordpress\/wp-content\/uploads\/2021\/03\/DSC_9504.jpg\" style=\"align-items: flex-start;min-height: 550px;\">\n<div class=\"parallax-container parallax-content\">\n<\/div>\n<\/div>\n<\/section>\n<p><\/code><\/p>\n<\/div>\n\t\t<\/div><div id=\"panel-2174-1-0-3\" class=\"so-panel widget widget_black-studio-tinymce widget_black_studio_tinymce\" data-index=\"5\" ><h3 class=\"widget-title\">Anreise:<\/h3><div class=\"textwidget\"><hr \/>\n<p>Ab Flughafen Kapstadt ist die Unterkunft in circa 60 Minuten mit dem Auto erreichbar, wenn es keine Baustellen gibt und nicht gerade Ferien sind. Wir haben gut 1 Stunde l\u00e4nger gebraucht.<\/p>\n<\/div><\/div><div id=\"panel-2174-1-0-4\" class=\"so-panel widget widget_black-studio-tinymce widget_black_studio_tinymce\" data-index=\"6\" ><h3 class=\"widget-title\">Meine Reisezeiten:<\/h3><div class=\"textwidget\"><hr \/>\n<ul>\n<li>M\u00e4rz 2016<\/li>\n<\/ul>\n<\/div><\/div><div id=\"panel-2174-1-0-5\" class=\"so-panel widget widget_black-studio-tinymce widget_black_studio_tinymce\" data-index=\"7\" ><h3 class=\"widget-title\">Das Wetter:<\/h3><div class=\"textwidget\"><hr \/>\n<ul>\n<li>M\u00e4rz\u00a02016<\/li>\n<\/ul>\n<p>&nbsp;<\/p>\n<p>Sonne, Wind und auch mal etwas Regen bei wechselnden Temperaturen. Von 15\u00b0C bis 25\u00b0C war alles dabei und ein windgesch\u00fctztes\u00a0Pl\u00e4tzchen hatte eindeutig seine Vorteile. <\/p>\n<\/div><\/div><div id=\"panel-2174-1-0-6\" class=\"so-panel widget widget_black-studio-tinymce widget_black_studio_tinymce\" data-index=\"8\" ><h3 class=\"widget-title\">Zimmer:<\/h3><div class=\"textwidget\"><hr \/>\n<p class=\"paragraph_style\">Die Zimmer sind \u00fcber zwei Etagen verteil, wobei Wohnraum und K\u00fcche im unteren und 2 Schlafr\u00e4ume und Bad im oberen Bereich anzufinden sind. Der Wohnbereich ist zur K\u00fcche offen und bietet einen direkten Zugang zur Terrasse, vor der man einen traumhaften Blick auf das Meer hat. Den Kaminofen haben wir zum Gl\u00fcck nicht ben\u00f6tigt aber an kalten Tagen ist er sicherlich hilfreich.<br \/>Die Schlafzimmer und auch die Dusche, bieten ebenfalls den Blick zum Ozean und ein Kaffee im Bett bei diesem Ausblick ist schon die halbe Miete.<\/p>\n<\/div><\/div><div id=\"panel-2174-1-0-7\" class=\"so-panel widget widget_black-studio-tinymce widget_black_studio_tinymce\" data-index=\"9\" ><div class=\"textwidget\"><p><img loading=\"lazy\" decoding=\"async\" class=\"alignnone size-full wp-image-2179\" src=\"http:\/\/kruste.selfhost.me\/wordpress\/wp-content\/uploads\/2016\/04\/DSC_0589.jpg\" alt=\"DSC_0589\" width=\"1024\" height=\"609\" srcset=\"http:\/\/kruste.selfhost.me\/wordpress\/wp-content\/uploads\/2016\/04\/DSC_0589.jpg 1024w, http:\/\/kruste.selfhost.me\/wordpress\/wp-content\/uploads\/2016\/04\/DSC_0589-150x89.jpg 150w, http:\/\/kruste.selfhost.me\/wordpress\/wp-content\/uploads\/2016\/04\/DSC_0589-300x178.jpg 300w, http:\/\/kruste.selfhost.me\/wordpress\/wp-content\/uploads\/2016\/04\/DSC_0589-768x457.jpg 768w, http:\/\/kruste.selfhost.me\/wordpress\/wp-content\/uploads\/2016\/04\/DSC_0589-700x416.jpg 700w\" sizes=\"auto, (max-width: 1024px) 100vw, 1024px\" \/><\/p>\n<\/div><\/div><div id=\"panel-2174-1-0-8\" class=\"so-panel widget widget_black-studio-tinymce widget_black_studio_tinymce\" data-index=\"10\" ><h3 class=\"widget-title\">K\u00fcche \/ Restaurant:<\/h3><div class=\"textwidget\"><hr \/>\n<p>Das Haus ist gut ausgestattet und uns hat es an nichts gefehlt. Terrassenm\u00f6bel und Grill haben wir leider nicht ben\u00f6tigt, daf\u00fcr war es zu ungem\u00fctlich und auch etwas zu kalt.<\/p>\n<\/div><\/div><div id=\"panel-2174-1-0-9\" class=\"so-panel widget widget_black-studio-tinymce widget_black_studio_tinymce\" data-index=\"11\" ><h3 class=\"widget-title\">Personal:<\/h3><div class=\"textwidget\"><hr \/><p>Die Vermieterin haben wir selbst nicht angetroffen aber im Vorfeld wurden wir gut informiert. Den Schl\u00fcssel gab es in einem B\u00fcro in Scarborough ( circa 2 Kilometer entfernt ) und hier wurde auch kurz die Alarmanlage erkl\u00e4rt. Der Hinweiszettel zum Umgang mit Pavianen lag gut sichtbar in der K\u00fcche.<\/p><\/div><\/div><div id=\"panel-2174-1-0-10\" class=\"so-panel widget widget_black-studio-tinymce widget_black_studio_tinymce\" data-index=\"12\" ><h3 class=\"widget-title\">Aktivit\u00e4ten:<\/h3><div class=\"textwidget\"><hr \/>\n<p><span style=\"color: #000000;\">Misty Cliffs lag f\u00fcr uns optimal. Zum Kap der guten Hoffnung ist\u00a0es nicht weit und der\u00a0Weg\u00a0nach Simons Town ist kurz. Die Sehensw\u00fcrdigkeiten unterhalb von Kapstadt sind gut erreichbar und die Fahrt nach Kapstadt selbst f\u00fchrt \u00fcber den Chapman's Peak, was will man mehr. F\u00fcr einen Spaziergang am Strand, die Beobachtung der Kitesurfer von der Terrasse aus oder die morgendliche Fototour zum Leuchtturm in Kommetjie sollte man sich aber trotzdem viel Zeit nehmen. Es ist ein toller Platz hier !<\/span><\/p>\n<\/div><\/div><div id=\"panel-2174-1-0-11\" class=\"so-panel widget widget_black-studio-tinymce widget_black_studio_tinymce\" data-index=\"13\" ><h3 class=\"widget-title\">Tipps:<\/h3><div class=\"textwidget\"><hr \/>\n<ul>\n<li>den Blick aufs Meer genie\u00dfen<\/li>\n<li>morgendliche Fototour zum Leuchtturm in Kommetje<\/li>\n<li>Spaziergang am Strand<\/li>\n<li>Fr\u00fchst\u00fcck im Hub Caf\u00e9<\/li>\n<li>t\u00e4gliche Fahrt auf dem Chapman's Peak \ud83d\ude09 um neue BMW, Mercedes, Jaguar, Bentley ........ Modelle zu erwischen<\/li>\n<\/ul>\n<\/div><\/div><div id=\"panel-2174-1-0-12\" class=\"so-panel widget widget_black-studio-tinymce widget_black_studio_tinymce panel-last-child\" data-index=\"14\" ><h3 class=\"widget-title\">Klartext:<\/h3><div class=\"textwidget\"><hr \/>\n<p>Ohne Auto geht hier nichts. Ob Fr\u00fchst\u00fcck oder Abendbrot, wer nicht selber kocht, muss fahren.<\/p>\n<p>Zu beachten gilt auch, dass der Zugang zum Haus nicht barrierefrei ist. Es sind doch ein paar Stufen zu bew\u00e4ltigen und die Beleuchtung ist recht sp\u00e4rlich. Zum Gl\u00fcck kommen die Paviane wohl nur am Tag. Wie haben keine Affen gesehen aber einige M\u00fclltonnen lagen offen auf der Stra\u00dfe und Warnschilder gibt es genug.<\/p>\n<\/div><\/div><\/div><\/div><div id=\"pg-2174-2\"  class=\"panel-grid panel-no-style\" ><div id=\"pgc-2174-2-0\"  class=\"panel-grid-cell\" ><div id=\"panel-2174-2-0-0\" class=\"so-panel widget widget_black-studio-tinymce widget_black_studio_tinymce panel-first-child panel-last-child\" data-index=\"15\" ><div class=\"textwidget\"><p><img loading=\"lazy\" decoding=\"async\" class=\"size-full wp-image-2183 aligncenter\" src=\"http:\/\/kruste.selfhost.me\/wordpress\/wp-content\/uploads\/2016\/04\/DSC_1143.jpg\" alt=\"DSC_1143\" width=\"1024\" height=\"518\" srcset=\"http:\/\/kruste.selfhost.me\/wordpress\/wp-content\/uploads\/2016\/04\/DSC_1143.jpg 1024w, http:\/\/kruste.selfhost.me\/wordpress\/wp-content\/uploads\/2016\/04\/DSC_1143-150x76.jpg 150w, http:\/\/kruste.selfhost.me\/wordpress\/wp-content\/uploads\/2016\/04\/DSC_1143-300x152.jpg 300w, http:\/\/kruste.selfhost.me\/wordpress\/wp-content\/uploads\/2016\/04\/DSC_1143-768x389.jpg 768w, http:\/\/kruste.selfhost.me\/wordpress\/wp-content\/uploads\/2016\/04\/DSC_1143-700x354.jpg 700w\" sizes=\"auto, (max-width: 1024px) 100vw, 1024px\" \/><\/p>\n<\/div><\/div><\/div><\/div><\/div>","protected":false},"excerpt":{"rendered":"<p>Dieses kleine H\u00e4uschen liegt einfach traumhaft. Der Strand ist direkt vor der T\u00fcr und die Aussicht ist grandios. Zum Kap sind es 30 Minuten und<\/p>\n","protected":false},"author":1,"featured_media":0,"parent":532,"menu_order":0,"comment_status":"closed","ping_status":"closed","template":"","meta":{"footnotes":""},"class_list":["post-2174","page","type-page","status-publish","hentry"],"_links":{"self":[{"href":"http:\/\/kruste.selfhost.me\/wordpress\/index.php?rest_route=\/wp\/v2\/pages\/2174","targetHints":{"allow":["GET"]}}],"collection":[{"href":"http:\/\/kruste.selfhost.me\/wordpress\/index.php?rest_route=\/wp\/v2\/pages"}],"about":[{"href":"http:\/\/kruste.selfhost.me\/wordpress\/index.php?rest_route=\/wp\/v2\/types\/page"}],"author":[{"embeddable":true,"href":"http:\/\/kruste.selfhost.me\/wordpress\/index.php?rest_route=\/wp\/v2\/users\/1"}],"replies":[{"embeddable":true,"href":"http:\/\/kruste.selfhost.me\/wordpress\/index.php?rest_route=%2Fwp%2Fv2%2Fcomments&post=2174"}],"version-history":[{"count":1,"href":"http:\/\/kruste.selfhost.me\/wordpress\/index.php?rest_route=\/wp\/v2\/pages\/2174\/revisions"}],"predecessor-version":[{"id":2175,"href":"http:\/\/kruste.selfhost.me\/wordpress\/index.php?rest_route=\/wp\/v2\/pages\/2174\/revisions\/2175"}],"up":[{"embeddable":true,"href":"http:\/\/kruste.selfhost.me\/wordpress\/index.php?rest_route=\/wp\/v2\/pages\/532"}],"wp:attachment":[{"href":"http:\/\/kruste.selfhost.me\/wordpress\/index.php?rest_route=%2Fwp%2Fv2%2Fmedia&parent=2174"}],"curies":[{"name":"wp","href":"https:\/\/api.w.org\/{rel}","templated":true}]}}