{"id":2244,"date":"2016-05-30T19:07:06","date_gmt":"2016-05-30T17:07:06","guid":{"rendered":"http:\/\/kruste.selfhost.me\/wordpress\/?page_id=2244"},"modified":"2020-06-11T07:20:57","modified_gmt":"2020-06-11T05:20:57","slug":"region-ostkueste-malaysia","status":"publish","type":"page","link":"http:\/\/kruste.selfhost.me\/wordpress\/?page_id=2244","title":{"rendered":"Region Ostk\u00fcste Malaysia"},"content":{"rendered":"<div id=\"pl-2244\"  class=\"panel-layout\" ><div id=\"pg-2244-0\"  class=\"panel-grid panel-no-style\" ><div id=\"pgc-2244-0-0\"  class=\"panel-grid-cell\" ><div id=\"panel-2244-0-0-0\" class=\"so-panel widget widget_black-studio-tinymce widget_black_studio_tinymce panel-first-child\" data-index=\"0\" ><div class=\"textwidget\"><hr \/>\n<p>&nbsp;<\/p>\n<\/div><\/div><div id=\"panel-2244-0-0-1\" class=\"so-panel widget widget_text panel-last-child\" data-index=\"1\" >\t\t\t<div class=\"textwidget\"><p>\nAktuelle Zeit auf Lang Tengah:  19:53 Uhr<br \/>\nZeitzone:  +08<br \/>\nDie Wettervorhersage f\u00fcr die n\u00e4chsten drei Tage: <\/p>\n<\/div>\n\t\t<\/div><\/div><div id=\"pgc-2244-0-1\"  class=\"panel-grid-cell\" ><div id=\"panel-2244-0-1-0\" class=\"so-panel widget widget_black-studio-tinymce widget_black_studio_tinymce panel-first-child panel-last-child\" data-index=\"2\" ><div class=\"textwidget\"><p><i><\/i><\/p>\n<\/div><\/div><\/div><\/div><div id=\"pg-2244-1\"  class=\"panel-grid panel-no-style\" ><div id=\"pgc-2244-1-0\"  class=\"panel-grid-cell\" ><div id=\"panel-2244-1-0-0\" class=\"so-panel widget widget_black-studio-tinymce widget_black_studio_tinymce panel-first-child panel-last-child\" data-index=\"3\" ><div class=\"textwidget\"><hr \/>\n<p>Die\u00a0Ostk\u00fcste Malaysias zieht sich vom S\u00fcden Thailands bis runter zum Zipfel der Malaiischen Halbinsel und grenzt hier an den Stadtstaat Singapur. Sie hat\u00a0sch\u00f6ne Korallenriffe und traumhafte\u00a0Sandstr\u00e4nde\u00a0zu bieten, an die jedes Jahr viele Schildkr\u00f6ten ( auch die Lederschildkr\u00f6te ) zu Eiablage kommen.<\/p>\n<p>Unser Besuch in dieser Region begrenzte sich auf Pulau ( auf deutsch Insel ) Lang Tengah und wir haben die Zeit hier sehr genossen. Die Str\u00e4nde sind einfach grandios, das Wasser glasklar und die Menschen offen und freundlich. Ein toller Urlaub zur richtigen Reisezeit doch\u00a0da gilt es aufzupassen. Wer zwischen Oktober und M\u00e4rz auf die Inseln an der malaiischen Ostk\u00fcste ( Redang, Lang Tengah oder Perhentian Island )\u00a0reisen m\u00f6chte wird entt\u00e4uscht werden. Viel Resorts sind zu diesen Zeiten geschlossen, da der Monsun recht ungem\u00fctliches Wetter bringt. Starke Winde und viel Regen machen die \u00dcberfahrt unm\u00f6glich und gef\u00e4hrlich.<\/p>\n<p>Da die verf\u00fcgbaren Unterk\u00fcnfte begrenz und die Reisemonate eingeschr\u00e4nkt sind empfiehlt es sich in der Hochsaison seine Unterk\u00fcnfte vorab zu reservieren. Es k\u00f6nnte sonst passieren, dass eine \u00dcbernachtung am Strand notwendig wird.<\/p>\n<p>So sch\u00f6n die Str\u00e4nde hier auch sind und so klar das Wasser\u00a0ist, wer spektakul\u00e4re Tauchg\u00e4nge erwartet sollte in eine andere Region reisen. Vergleichbar mit den Riffen um Sipadan ist die Region an der Ostl\u00fcste der\u00a0Malaiischen Halbinsel sicher nicht.<\/p>\n<p>Auch sollte R\u00fccksicht auf die Sitten und Gebr\u00e4uche der hier lebenden Menschen genommen werden. Der Genuss von Alkohol in der \u00d6ffentlichkeit oder allzu freiz\u00fcgige Kleidung sind nicht \u00fcberall gerne gesehen und als Gast sollte man sich an die Regeln halten.<\/p>\n<\/div><\/div><\/div><\/div><\/div>","protected":false},"excerpt":{"rendered":"<p>&nbsp; Die\u00a0Ostk\u00fcste Malaysias zieht sich vom S\u00fcden Thailands bis runter zum Zipfel der Malaiischen Halbinsel und grenzt hier an den Stadtstaat Singapur. Sie hat\u00a0sch\u00f6ne Korallenriffe<\/p>\n","protected":false},"author":1,"featured_media":0,"parent":2223,"menu_order":0,"comment_status":"closed","ping_status":"closed","template":"","meta":{"footnotes":""},"class_list":["post-2244","page","type-page","status-publish","hentry"],"_links":{"self":[{"href":"http:\/\/kruste.selfhost.me\/wordpress\/index.php?rest_route=\/wp\/v2\/pages\/2244","targetHints":{"allow":["GET"]}}],"collection":[{"href":"http:\/\/kruste.selfhost.me\/wordpress\/index.php?rest_route=\/wp\/v2\/pages"}],"about":[{"href":"http:\/\/kruste.selfhost.me\/wordpress\/index.php?rest_route=\/wp\/v2\/types\/page"}],"author":[{"embeddable":true,"href":"http:\/\/kruste.selfhost.me\/wordpress\/index.php?rest_route=\/wp\/v2\/users\/1"}],"replies":[{"embeddable":true,"href":"http:\/\/kruste.selfhost.me\/wordpress\/index.php?rest_route=%2Fwp%2Fv2%2Fcomments&post=2244"}],"version-history":[{"count":6,"href":"http:\/\/kruste.selfhost.me\/wordpress\/index.php?rest_route=\/wp\/v2\/pages\/2244\/revisions"}],"predecessor-version":[{"id":7419,"href":"http:\/\/kruste.selfhost.me\/wordpress\/index.php?rest_route=\/wp\/v2\/pages\/2244\/revisions\/7419"}],"up":[{"embeddable":true,"href":"http:\/\/kruste.selfhost.me\/wordpress\/index.php?rest_route=\/wp\/v2\/pages\/2223"}],"wp:attachment":[{"href":"http:\/\/kruste.selfhost.me\/wordpress\/index.php?rest_route=%2Fwp%2Fv2%2Fmedia&parent=2244"}],"curies":[{"name":"wp","href":"https:\/\/api.w.org\/{rel}","templated":true}]}}