{"id":2247,"date":"2016-05-31T22:23:59","date_gmt":"2016-05-31T20:23:59","guid":{"rendered":"http:\/\/kruste.selfhost.me\/wordpress\/?page_id=2247"},"modified":"2016-06-01T13:28:57","modified_gmt":"2016-06-01T11:28:57","slug":"dcoconut-island-resort-ostkueste-malaysia","status":"publish","type":"page","link":"http:\/\/kruste.selfhost.me\/wordpress\/?page_id=2247","title":{"rendered":"D&#8217;coconut Island Resort (Ostk\u00fcste Malaysia)"},"content":{"rendered":"<div id=\"pl-2247\"  class=\"panel-layout\" ><div id=\"pg-2247-0\"  class=\"panel-grid panel-no-style\" ><div id=\"pgc-2247-0-0\"  class=\"panel-grid-cell\" ><div id=\"panel-2247-0-0-0\" class=\"so-panel widget widget_black-studio-tinymce widget_black_studio_tinymce panel-first-child panel-last-child\" data-index=\"0\" ><div class=\"textwidget\"><div class=\"style_SkipStroke_2 shape-with-text flowDefining\">\n<div class=\"text-content style_External_485_494\">\n<div class=\"style\">\n<p>\u00a0<\/p>\n<p>Das D'coconut Island Resort liegt etwas abgeschieden in einer kleinen und sehr sch\u00f6nen Bucht im S\u00fcden von Lang Tengah. Das Hotel selbst gliedert sich in 2 H\u00e4user mit je einem Pool. Den etwas belebteren Teil der Insel erreicht man nur bei Ebbe durch einen kleine Strandspaziergang. Durch diese abgeschiedene Lage begrenzt sich das abendliche Ausflugsprogramm alleine auf den Bereich des Hotels.<\/p>\n<p>Am Tag k\u00f6nnen jedoch Inseltouren, Schnorchelausfl\u00fcge, Kanufahrten und Tauchg\u00e4nge unternommen werden. Ein Fu\u00dfmarsch zu den weiteren Hotels ( es gibt noch drei auf Lang Tengah ) ist auch m\u00f6glich und bietet etwas Abwechslung.<\/p>\n<p>Empfehlung f\u00fcr diese Insel bzw. das \u00a0D'coconut Island Resort\u00a0 kann ich nur Wassersportlern geben.<\/p>\n<p>Aber das sind wir ja.<\/p>\n<\/div>\n<\/div>\n<\/div>\n<p>\u00a0<\/p>\n<div class=\"style_SkipStroke_2 shape-with-text flowDefining\">\n<blockquote>\n<h3>Tauchen, Schnorcheln oder Kanufahrten sind angesagt<\/h3>\n<\/blockquote>\n<\/div>\n<\/div><\/div><\/div><div id=\"pgc-2247-0-1\"  class=\"panel-grid-cell\" ><div id=\"panel-2247-0-1-0\" class=\"so-panel widget widget_black-studio-tinymce widget_black_studio_tinymce panel-first-child panel-last-child\" data-index=\"1\" ><div class=\"textwidget\"><p><img loading=\"lazy\" decoding=\"async\" class=\"size-full wp-image-2249 aligncenter\" src=\"http:\/\/kruste.selfhost.me\/wordpress\/wp-content\/uploads\/2016\/05\/mal_0011.jpg\" alt=\"mal_0011\" width=\"501\" height=\"768\" srcset=\"http:\/\/kruste.selfhost.me\/wordpress\/wp-content\/uploads\/2016\/05\/mal_0011.jpg 501w, http:\/\/kruste.selfhost.me\/wordpress\/wp-content\/uploads\/2016\/05\/mal_0011-98x150.jpg 98w, http:\/\/kruste.selfhost.me\/wordpress\/wp-content\/uploads\/2016\/05\/mal_0011-196x300.jpg 196w\" sizes=\"auto, (max-width: 501px) 100vw, 501px\" \/><\/p>\n<\/div><\/div><\/div><\/div><div id=\"pg-2247-1\"  class=\"panel-grid panel-no-style\" ><div id=\"pgc-2247-1-0\"  class=\"panel-grid-cell\" ><div id=\"panel-2247-1-0-0\" class=\"so-panel widget widget_black-studio-tinymce widget_black_studio_tinymce panel-first-child\" data-index=\"2\" ><h3 class=\"widget-title\">Preise:<\/h3><div class=\"textwidget\"><hr \/>\n<ul>\n<li>F\u00fcr 2 Erwachsene und ein Kind wurden uns 1050\u20ac berechnet. Dieser Preis galt f\u00fcr 16 N\u00e4chte und das Fr\u00fchst\u00fcck war inkludiert.<\/li>\n<li>Softdrink 5 MYR<\/li>\n<li>Bier 11 MYR<\/li>\n<li>Lunch 10 - 20 MYR<\/li>\n<li>Dinner 10 - 30 MYR<\/li>\n<li>Tauchgang 80 MYR<\/li>\n<\/ul>\n<\/div><\/div><div id=\"panel-2247-1-0-1\" class=\"so-panel widget widget_black-studio-tinymce widget_black_studio_tinymce\" data-index=\"3\" ><div class=\"textwidget\"><p><img loading=\"lazy\" decoding=\"async\" class=\"alignnone size-full wp-image-2251\" src=\"http:\/\/kruste.selfhost.me\/wordpress\/wp-content\/uploads\/2016\/05\/may_0002.jpg\" alt=\"may_0002\" width=\"1024\" height=\"496\" srcset=\"http:\/\/kruste.selfhost.me\/wordpress\/wp-content\/uploads\/2016\/05\/may_0002.jpg 1024w, http:\/\/kruste.selfhost.me\/wordpress\/wp-content\/uploads\/2016\/05\/may_0002-150x73.jpg 150w, http:\/\/kruste.selfhost.me\/wordpress\/wp-content\/uploads\/2016\/05\/may_0002-300x145.jpg 300w, http:\/\/kruste.selfhost.me\/wordpress\/wp-content\/uploads\/2016\/05\/may_0002-768x372.jpg 768w, http:\/\/kruste.selfhost.me\/wordpress\/wp-content\/uploads\/2016\/05\/may_0002-700x339.jpg 700w\" sizes=\"auto, (max-width: 1024px) 100vw, 1024px\" \/><\/p>\n<\/div><\/div><div id=\"panel-2247-1-0-2\" class=\"so-panel widget widget_black-studio-tinymce widget_black_studio_tinymce\" data-index=\"4\" ><h3 class=\"widget-title\">Anreise:<\/h3><div class=\"textwidget\"><hr \/>\n<p>Mit dem Bus von Singapur nach\u00a0Kuala Terengganu (Merang).<br \/>Von hier geht es weiter mit dem Boot nach Lang Tengah. Die \u00dcberfahrt dauert ca. 45 Minuten.<\/p>\n<\/div><\/div><div id=\"panel-2247-1-0-3\" class=\"so-panel widget widget_black-studio-tinymce widget_black_studio_tinymce\" data-index=\"5\" ><h3 class=\"widget-title\">Meine Reisezeiten:<\/h3><div class=\"textwidget\"><hr \/>\n<ul>\n<li>August 2006<\/li>\n<\/ul>\n<p class=\"paragraph_style\">\u00a0<\/p>\n<\/div><\/div><div id=\"panel-2247-1-0-4\" class=\"so-panel widget widget_black-studio-tinymce widget_black_studio_tinymce\" data-index=\"6\" ><h3 class=\"widget-title\">Das Wetter:<\/h3><div class=\"textwidget\"><hr \/>\n<p class=\"paragraph_style\">August 2006<\/p>\n<ul>\n<li>Angenehme\u00a0Temperaturen\u00a0zwischen 28\u00b0C und 35\u00b0C. Viel Sonne und\u00a0kaum Regen, der sich auf 2 N\u00e4chte verteilte.<\/li>\n<\/ul>\n<\/div><\/div><div id=\"panel-2247-1-0-5\" class=\"so-panel widget widget_black-studio-tinymce widget_black_studio_tinymce\" data-index=\"7\" ><h3 class=\"widget-title\">Zimmer:<\/h3><div class=\"textwidget\"><hr \/>\n<p style=\"color: #919191;\"><span style=\"color: #000000;\">Kurz nach der Ankunft wollte man uns in ein kleines Zimmer im Haupthaus unter dem Dach unterbringen aber das akzeptierten wir nicht. Wir wechselten in einen Bungalow mit besserer Ausstattung und wesentlich mehr Platz.<\/span><\/p>\n<\/div><\/div><div id=\"panel-2247-1-0-6\" class=\"so-panel widget widget_black-studio-tinymce widget_black_studio_tinymce\" data-index=\"8\" ><div class=\"textwidget\"><p style=\"text-align: center;\"><img loading=\"lazy\" decoding=\"async\" class=\"size-full wp-image-2250 aligncenter\" src=\"http:\/\/kruste.selfhost.me\/wordpress\/wp-content\/uploads\/2016\/05\/maly0043.jpg\" alt=\"maly0043\" width=\"1024\" height=\"349\" srcset=\"http:\/\/kruste.selfhost.me\/wordpress\/wp-content\/uploads\/2016\/05\/maly0043.jpg 1024w, http:\/\/kruste.selfhost.me\/wordpress\/wp-content\/uploads\/2016\/05\/maly0043-150x51.jpg 150w, http:\/\/kruste.selfhost.me\/wordpress\/wp-content\/uploads\/2016\/05\/maly0043-300x102.jpg 300w, http:\/\/kruste.selfhost.me\/wordpress\/wp-content\/uploads\/2016\/05\/maly0043-768x262.jpg 768w, http:\/\/kruste.selfhost.me\/wordpress\/wp-content\/uploads\/2016\/05\/maly0043-700x239.jpg 700w\" sizes=\"auto, (max-width: 1024px) 100vw, 1024px\" \/><\/p>\n<\/div><\/div><div id=\"panel-2247-1-0-7\" class=\"so-panel widget widget_black-studio-tinymce widget_black_studio_tinymce\" data-index=\"9\" ><h3 class=\"widget-title\">K\u00fcche \/ Restaurant:<\/h3><div class=\"textwidget\"><hr \/>\n<p>Recht einfach gehalten und nicht besonders Anspruchsvoll.<\/p>\n<\/div><\/div><div id=\"panel-2247-1-0-8\" class=\"so-panel widget widget_black-studio-tinymce widget_black_studio_tinymce\" data-index=\"10\" ><h3 class=\"widget-title\">Personal:<\/h3><div class=\"textwidget\"><hr \/><p style=\"color: #919191;\"><span style=\"color: #000000;\">Freundlich jedoch\u00a0zur\u00fcckhaltend. Auf Nachfrage wird aber alles irgendwie erm\u00f6glicht\u00a0und auf Wunsch gibt es sogar ein Mars Schokoriegel vom Festland.<\/span><\/p><\/div><\/div><div id=\"panel-2247-1-0-9\" class=\"so-panel widget widget_black-studio-tinymce widget_black_studio_tinymce\" data-index=\"11\" ><h3 class=\"widget-title\">Aktivit\u00e4ten:<\/h3><div class=\"textwidget\"><hr \/>\n<p class=\"Caption\">Entspannung ist angesagt und ein gutes\u00a0Buch ist ratsam. Schnorcheltouren, Tauchg\u00e4nge, Kanufahrten und Strandspazierg\u00e4nge runden das Programm ab. Wer seine Zeit gerne in Einkaufszentren oder modernen Diskotheken verbring wird auf Lang Tengah nicht gl\u00fccklich.<\/p>\n<\/div><\/div><div id=\"panel-2247-1-0-10\" class=\"so-panel widget widget_black-studio-tinymce widget_black_studio_tinymce panel-last-child\" data-index=\"12\" ><h3 class=\"widget-title\">Tipps:<\/h3><div class=\"textwidget\"><hr \/>\n<p>Mit Gl\u00fcck k\u00f6nnen in der Nacht Schildkr\u00f6ten bei der Eiablage beobachtet werden. Wir konnten dieses Schauspiel leider nicht bewundern freuten uns aber \u00fcber die kleinen Schildkr\u00f6ten, welche in den Aufzuchtstationen auf den Weg in die Freiheit warteten.<\/p>\n<\/div><\/div><\/div><\/div><div id=\"pg-2247-2\"  class=\"panel-grid panel-no-style\" ><div id=\"pgc-2247-2-0\"  class=\"panel-grid-cell\" ><div id=\"panel-2247-2-0-0\" class=\"so-panel widget widget_black-studio-tinymce widget_black_studio_tinymce panel-first-child\" data-index=\"13\" ><h3 class=\"widget-title\">Sicherheit:<\/h3><div class=\"textwidget\"><hr \/>\n<p class=\"paragraph_style\">Wir hatten keine Bedenken und bei der abgeschiedenen Lage gibt es sicher auch keinen Grund sich Sorgen zu machen.<\/p>\n<\/div><\/div><div id=\"panel-2247-2-0-1\" class=\"so-panel widget widget_black-studio-tinymce widget_black_studio_tinymce\" data-index=\"14\" ><h3 class=\"widget-title\">Klartext:<\/h3><div class=\"textwidget\"><hr \/>\n<p style=\"color: #919191;\"><span style=\"color: #000000;\">Lang Tengah ist ein Platz zum entspannen und wer Aktion sucht ist hier fehl am Platz. Die Tauchg\u00e4nge sind sch\u00f6n aber nicht spektakul\u00e4r und Gro\u00dffisch haben wir nicht angetroffen. Das \u00a0D'coconut Island Resort ist sauber aber nicht von hohem Standard und von Zeit zu Zeit muss man schon mal ein Auge zudr\u00fccken.<\/span><\/p>\n<p style=\"color: #919191;\"><span style=\"color: #000000;\">St\u00f6rend war der schmutzige Bachlauf hintern den Bungalows und der M\u00fcllplatz in der N\u00e4he des Strand ( Das M\u00fcllboot holte jeden zweiten Tag den M\u00fcll ab ).\u00a0<\/span><\/p>\n<\/div><\/div><div id=\"panel-2247-2-0-2\" class=\"so-panel widget widget_black-studio-tinymce widget_black_studio_tinymce panel-last-child\" data-index=\"15\" ><div class=\"textwidget\"><p style=\"text-align: center;\"><img loading=\"lazy\" decoding=\"async\" class=\"size-full wp-image-2252 aligncenter\" src=\"http:\/\/kruste.selfhost.me\/wordpress\/wp-content\/uploads\/2016\/05\/ma__0004.jpg\" alt=\"ma__0004\" width=\"1024\" height=\"476\" srcset=\"http:\/\/kruste.selfhost.me\/wordpress\/wp-content\/uploads\/2016\/05\/ma__0004.jpg 1024w, http:\/\/kruste.selfhost.me\/wordpress\/wp-content\/uploads\/2016\/05\/ma__0004-150x70.jpg 150w, http:\/\/kruste.selfhost.me\/wordpress\/wp-content\/uploads\/2016\/05\/ma__0004-300x139.jpg 300w, http:\/\/kruste.selfhost.me\/wordpress\/wp-content\/uploads\/2016\/05\/ma__0004-768x357.jpg 768w, http:\/\/kruste.selfhost.me\/wordpress\/wp-content\/uploads\/2016\/05\/ma__0004-700x325.jpg 700w\" sizes=\"auto, (max-width: 1024px) 100vw, 1024px\" \/><\/p>\n<\/div><\/div><\/div><\/div><\/div>","protected":false},"excerpt":{"rendered":"<p>\u00a0Das D&#8217;coconut Island Resort liegt etwas abgeschieden in einer kleinen und sehr sch\u00f6nen Bucht im S\u00fcden von Lang Tengah. Das Hotel selbst gliedert sich in<\/p>\n","protected":false},"author":1,"featured_media":0,"parent":2244,"menu_order":0,"comment_status":"closed","ping_status":"closed","template":"","meta":{"footnotes":""},"class_list":["post-2247","page","type-page","status-publish","hentry"],"_links":{"self":[{"href":"http:\/\/kruste.selfhost.me\/wordpress\/index.php?rest_route=\/wp\/v2\/pages\/2247","targetHints":{"allow":["GET"]}}],"collection":[{"href":"http:\/\/kruste.selfhost.me\/wordpress\/index.php?rest_route=\/wp\/v2\/pages"}],"about":[{"href":"http:\/\/kruste.selfhost.me\/wordpress\/index.php?rest_route=\/wp\/v2\/types\/page"}],"author":[{"embeddable":true,"href":"http:\/\/kruste.selfhost.me\/wordpress\/index.php?rest_route=\/wp\/v2\/users\/1"}],"replies":[{"embeddable":true,"href":"http:\/\/kruste.selfhost.me\/wordpress\/index.php?rest_route=%2Fwp%2Fv2%2Fcomments&post=2247"}],"version-history":[{"count":1,"href":"http:\/\/kruste.selfhost.me\/wordpress\/index.php?rest_route=\/wp\/v2\/pages\/2247\/revisions"}],"predecessor-version":[{"id":2248,"href":"http:\/\/kruste.selfhost.me\/wordpress\/index.php?rest_route=\/wp\/v2\/pages\/2247\/revisions\/2248"}],"up":[{"embeddable":true,"href":"http:\/\/kruste.selfhost.me\/wordpress\/index.php?rest_route=\/wp\/v2\/pages\/2244"}],"wp:attachment":[{"href":"http:\/\/kruste.selfhost.me\/wordpress\/index.php?rest_route=%2Fwp%2Fv2%2Fmedia&parent=2247"}],"curies":[{"name":"wp","href":"https:\/\/api.w.org\/{rel}","templated":true}]}}