{"id":2359,"date":"2016-08-08T14:34:54","date_gmt":"2016-08-08T12:34:54","guid":{"rendered":"http:\/\/kruste.selfhost.me\/wordpress\/?page_id=2359"},"modified":"2023-07-25T10:15:42","modified_gmt":"2023-07-25T08:15:42","slug":"blog-2016-namibia","status":"publish","type":"page","link":"http:\/\/kruste.selfhost.me\/wordpress\/?page_id=2359","title":{"rendered":"BLOG 2016 (Namibia, vom Etosha Nationalpark bis in den KTP)"},"content":{"rendered":"<div id=\"pl-2359\"  class=\"panel-layout\" ><div id=\"pg-2359-0\"  class=\"panel-grid panel-no-style\" ><div id=\"pgc-2359-0-0\"  class=\"panel-grid-cell\" ><div id=\"panel-2359-0-0-0\" class=\"so-panel widget panel-first-child\" data-index=\"0\" ><\/div><div id=\"panel-2359-0-0-1\" class=\"so-panel widget widget_black-studio-tinymce widget_black_studio_tinymce panel-last-child\" data-index=\"1\" ><h3 class=\"widget-title\">Juli 2016<\/h3><div class=\"textwidget\"><div class=\"article-main-content\">\n<div class=\"article-content\">\n<div class=\"article-main-content\">\n<div class=\"article-content\">\n<p>\u00a0<\/p>\n<p><span style=\"text-decoration: underline;\"><strong>Die Reisedaten\u00a0<\/strong><\/span><\/p>\n<p>09.07.2016<\/p>\n<ul>\n<li>Fahrt mit dem Zug Hannover\/Frankfurt<\/li>\n<li>Flug nach Windhoek <span style=\"color: #ff0000;\">(I)<\/span><\/li>\n<\/ul>\n<p>10.07.2016 - 13.07.2016<\/p>\n<ul>\n<li>Old Traders Lodge ( Erindi Private Game Reserve ) <span style=\"color: #99cc00;\">(B)<\/span><\/li>\n<\/ul>\n<p>13.07.2016 - 15.07.2016<\/p>\n<ul>\n<li>Vingerklip Lodge <span style=\"color: #99cc00;\">(C)<\/span><\/li>\n<\/ul>\n<p>15.07.2016 - 17.07.2016<\/p>\n<ul>\n<li>Namutoni Camp ( Etosha National Park ) <span style=\"color: #99cc00;\">(D)<\/span><\/li>\n<\/ul>\n<p>17.07.2016 - 20.07.2016<\/p>\n<ul>\n<li>Onguma, The Fort <span style=\"color: #99cc00;\">(E)<\/span><\/li>\n<\/ul>\n<p>20.07.2016 - 21.07.2016<\/p>\n<ul>\n<li>Immanuel Wilderness Lodge <span style=\"color: #99cc00;\">(F)<\/span><\/li>\n<\/ul>\n<p>21.07.2016 - 24.07.2016<\/p>\n<ul>\n<li>Kalahari Game Lodge <span style=\"color: #99cc00;\">(G)<\/span><\/li>\n<\/ul>\n<p>24.07.2016 - 27.07.2016<\/p>\n<ul>\n<li>Kalahari Tented Camp (\u00a0Kgalagadi Transfrontier National Park ) <span style=\"color: #99cc00;\">(H)<\/span><\/li>\n<\/ul>\n<p>27.07.2016 - 30.07.2016<\/p>\n<ul>\n<li>Mata Mata\u00a0(\u00a0Kgalagadi Transfrontier National Park ) <span style=\"color: #99cc00;\">(H)<\/span><\/li>\n<\/ul>\n<p>30.07.2016<\/p>\n<ul>\n<li>R\u00fcckfahrt aus dem Kgalagadi Transfrontier National Park nach Windhoek. Flug Windhoek - Frankfurt<\/li>\n<\/ul>\n<p>31.07.2016<\/p>\n<ul>\n<li>Banhfahrt Frankfurt - Hannover<\/li>\n<\/ul>\n<\/div>\n<\/div>\n<\/div>\n<\/div>\n<\/div><\/div><\/div><\/div><div id=\"pg-2359-1\"  class=\"panel-grid panel-no-style\" ><div id=\"pgc-2359-1-0\"  class=\"panel-grid-cell\" ><div id=\"panel-2359-1-0-0\" class=\"so-panel widget widget_black-studio-tinymce widget_black_studio_tinymce panel-first-child\" data-index=\"2\" ><h3 class=\"widget-title\">02.07.2016<\/h3><div class=\"textwidget\"><div class=\"article-main-content\">\n<div class=\"article-content\">\n<p class=\"paragraph_style\"><span style=\"text-decoration: underline;\"><strong>Die Vorbereitungen<\/strong><\/span><\/p>\n<\/div>\n<\/div>\n<p>Etwas kurzfristig und dadurch sicher auch nicht ganz einfach, startete ich mit der Planung und Organisation dieser Reise. Die Zielsetzung war klar: 4 Erwachsene und 2 Kinder wollten 3 sch\u00f6ne Wochen in Namibia verbringen. Etwas Abenteuer kann\u00a0schon dabei sein aber auch Zeiten zum Relaxen darf\u00a0nicht fehlen. Als Zeitraum dienten die Sommerferien in zwei unterschiedlichen Bundesl\u00e4ndern.<\/p>\n<p>Schnell stellte sich heraus, dass die Region um den Caprivi Streifen von unserer Reiseroute gestrichen werden musste. Das Risiko einer Malaria Erkrankung erschien mir als zu hoch und da wir unsere Kinder mit dabei hatte, wurde kein Risiko eingegangen.<\/p>\n<p>Auch die Victoria Falls erwiesen sich als schwieriges Unterfangen. Es war mir nicht m\u00f6glich eine Mietwagenfirma zu finden, bei der die Anmietung in Namibia und R\u00fcckgabe in Zimbabwe genehmigt wurde. Ohne diese Option\u00a0h\u00e4tten wir gut 1400 Kilometer zur\u00fcck nach Windhoek fahren m\u00fcssen und das war eindeutig zu weit.<\/p>\n<p>Zum Schluss plante ich die Reise ohne diese beiden Stationen und entschloss mich meinen Freunden die Kalahari zu zeigen. Es durfte jetzt nur der Hinweis auf winterliche Temperaturen nicht fehlen und bei der Ank\u00fcndigung von bis zu -5\u00b0 C hatte ich nicht \u00fcbertrieben.<\/p>\n<p>\u00a0<\/p>\n<\/div><\/div><div id=\"panel-2359-1-0-1\" class=\"so-panel widget widget_black-studio-tinymce widget_black_studio_tinymce\" data-index=\"3\" ><h3 class=\"widget-title\">10.07.2016<\/h3><div class=\"textwidget\"><div class=\"article-main-content\">\n<div class=\"article-content\">\n<p class=\"paragraph_style\"><b><u>Ankunft \/ Erindi<\/u><\/b><\/p>\n<\/div>\n<p>Die Flugzeiten der Air Namibia waren sehr angenehm und so hatten wir genug Zeit um mit der Deutschen Bahn nach Frankfurt zu fahren. Abflug um 20:30 Uhr und nach 10 Stunden Flugzeit landeten wir P\u00fcnktlich in Windhoek. Durch die anstehenden Zeitverschiebung von 1 Stunde war es jedoch noch recht fr\u00fch, \u00a0doch zum Gl\u00fcck hatten sich die Mietwagenfirmen auf die Situation eingestellt und das Personal stand ab 05:00 Uhr zur Verf\u00fcgung um\u00a0uns die Unterlagen und Fahrzeuge zu \u00fcbergeben.\u00a0Neu f\u00fcr mich, der Mietwagen konnte nur nach Vorf\u00fchrung eines kurzen Video \u00fcbernommen werden. Am Anfang etwas nervig aber im R\u00fcckblick eine gute Sache, denn die Schotterstra\u00dfen fordern Fahrer und Material in Namibia viel ab und Unf\u00e4lle sowie Sch\u00e4den an Scheiben und Reifen sind an der Tagesordnung. Wenn dies durch den kurzen Film verhindert werden kann, gerne.<\/p>\n<p>Zeitgleich wurden wir auch dar\u00fcber informiert, dass unser Hyundai Tucson nachtr\u00e4glich mit einem GPS System ausger\u00fcstet wurde. Avis bzw. Budget war so stets \u00fcber unsere Fahrstrecke informiert und ab einer Geschwindigkeit von 140 km\/h ert\u00f6nte zus\u00e4tzlich ein nerviger Warnton im Fahrzeug. Das hat mir nicht gefallen und wenn man z\u00fcgig die langen LKW's \u00fcberholte, klingel der Hyundai doch schon das ein oder andere mal.<\/p>\n<\/div>\n<p>So, nach den vielen neuen Informationen wollten wir uns langsam auf den Weg zu unserer ersten Lodge ( Erindi ) machen und da passte es recht gut, dass die Sonne schon h\u00f6her am Himmel stand. Die Kontrolle des Mietwagen fiel bei Tageslicht doch leichter und das Eis auf dem Fahrzeug\u00a0taute auch langsam :-O<\/p>\n<p><img loading=\"lazy\" decoding=\"async\" class=\"size-full wp-image-2399 aligncenter\" src=\"http:\/\/kruste.selfhost.me\/wordpress\/wp-content\/uploads\/2016\/08\/NAM7649-e1476608890415.jpg\" alt=\"_nam7649\" width=\"1100\" height=\"380\" \/><\/p>\n<p>Die Fahrt auf der gut ausgebauten B6 bzw. B1 ging z\u00fcgig voran und wir hatten noch reichlich Zeit f\u00fcr ein gutes Fr\u00fchst\u00fcck,\u00a0auf\u00a0welches wir uns nach der doch recht \u00fcbersichtlichen Verpflegung der Air Namibia freuten. \u00a0Doch zu fr\u00fch gefreut; entweder hatten die Lokale am Sonntag nicht ge\u00f6ffnet oder bedienten nur Hotelg\u00e4ste. So mussten wir mit einem Kaffee im Bauch und Bilton vom Shop an der Tankstelle unsere Reise nach Erindi fortsetzen und erreichten unser Ziel p\u00fcnktlich zum Check In um 14:00 Uhr.\u00a0<\/p>\n<p>\u00a0<\/p>\n<p>\u00a0<\/p>\n<\/div><\/div><div id=\"panel-2359-1-0-2\" class=\"so-panel widget widget_black-studio-tinymce widget_black_studio_tinymce\" data-index=\"4\" ><h3 class=\"widget-title\">11.07.2016<\/h3><div class=\"textwidget\"><div class=\"article-main-content\">\n<div class=\"article-content\">\n<p class=\"paragraph_style\"><b><u>Die Tage auf\u00a0Erindi<\/u><\/b><\/p>\n<\/div>\n<p>Schon der erste Blick von unserer Veranda versprach viel. Das kleine Wasserloch lag direkt vor unserem Zimmer, kleine V\u00f6gel zwitscherten aus dem Geb\u00fcsch und ich freute mich sehr auf die n\u00e4chsten drei Tage. Unser Plan, das ganze erst einmal ruhig angehen zu lassen, klappte nat\u00fcrlich nicht. Durch die gl\u00fcckliche Situation, dass wir 6 Personen waren bot sich die M\u00f6glichkeit eine private Safari zu buchen. Einmalig sch\u00f6n und so ging es auch gleich los um L\u00f6we und Co zu suchen.<\/p>\n<p>Wie auf Erindi \u00fcblich sollte das erste Highlight auch nicht lange auf sich warten lassen. Direkt hinter der Lodge und in der N\u00e4he des gro\u00dfen Wasserloch, hatten Wildhunde ihren Bau. Zu meiner Freude st\u00f6rte sich der\u00a0sehr junge Nachwuchs\u00a0nicht an uns und die kleinen Hunde tobten ausgelassen im Sand, es war ein Vergn\u00fcgen dies zu beobachten.\u00a0<\/p>\n<p><img loading=\"lazy\" decoding=\"async\" class=\"size-full wp-image-2400 aligncenter\" src=\"http:\/\/kruste.selfhost.me\/wordpress\/wp-content\/uploads\/2016\/08\/NAM7696-e1476610300697.jpg\" alt=\"_nam7696\" width=\"1100\" height=\"394\" \/><\/p>\n<\/div>\n<p>\u00a0<\/p>\n<p>Da die Wildhunde einen ausgesprochen guten Platz f\u00fcr ihren Nachwuchs gefunden hatten ( Wasser in der N\u00e4he, Wild zum jagen und Schutz vor R\u00e4ubern ) konnten wir hier\u00a0t\u00e4glich\u00a0viel Zeit verbringen. Danke an unseren geduldigen Guide \ud83d\ude42<\/p>\n<p>Aber auch die weiteren Safaris boten viel. Wie sahen L\u00f6wen bei der Paarung, Nash\u00f6rner und nicht zu vergessen ein Pangolin. Die Reisezeit (Winter) war ja auch nicht ganz zuf\u00e4llig gew\u00e4hlt und wenn das Aardvark sich ( noch ) nicht zeigen wollte, war das Pangolin schon ein wirklich guter \"Ersatz\".\u00a0<\/p>\n<p>Wenn wir nicht auf Safari waren erkundete ich gerne die Umgebung. Das gro\u00dfe Wasserloch am Restaurant, der Garten mit vielen V\u00f6geln und das kleine Wasserloch hinter dem Zimmer waren immer gut f\u00fcr ein paar Bilder oder spannende Moment. Da gab es zum Beispiel Gnus, die sich im Sand w\u00e4lzten oder Wildhunde die den Hy\u00e4nen einen Riss abrangen. War das spannend und die\u00a0Ger\u00e4usche der Hy\u00e4nen werde ich hoffentlich noch lange in meinem Ged\u00e4chtnis behalten.<\/p>\n<p>Die Tage auf Erindi gingen leider viel zu schnell dem Ende entgegen jedoch verabschiedete sich am letzten Abend noch das Erdferkel von mir. Da war es !! Auf den letzten Metern der letzten Safari konnte ich es endlich sehen. Es verschwand\u00a0zwar sehr, sehr schnell nach dem es uns bemerkt hatte aber ich war total happy.<\/p>\n<p>So fiel der Abschied nicht schwer und es war sicher auch nicht mein letzter Besuch auf dieser Lodge.<\/p>\n<p><span style=\"text-decoration: underline;\">Fazit der letzten Tage:<\/span><\/p>\n<p>Tolle Sichtungen von Wildhunden, L\u00f6wen, Pangolin und Aardvark. Spannende Situationen wie der Kampf zwischen Wildhunden und Hy\u00e4nen sowie L\u00f6wen nach einem Streit um das rollige Weibchen. Gutes Essen in der Lodge und Entspannung bei einem Glas Ros\u00e9 auf der Terrasse. Etwas st\u00f6rend war der kalte Wind aber der geh\u00f6rt in dieser Region zum Winter.<\/p>\n<p><img loading=\"lazy\" decoding=\"async\" class=\"size-full wp-image-2401 aligncenter\" src=\"http:\/\/kruste.selfhost.me\/wordpress\/wp-content\/uploads\/2016\/08\/NAM9741-e1476612152318.jpg\" alt=\"_nam9741\" width=\"870\" height=\"1100\" \/><\/p>\n<p>\u00a0<\/p>\n<\/div><\/div><div id=\"panel-2359-1-0-3\" class=\"so-panel widget widget_black-studio-tinymce widget_black_studio_tinymce\" data-index=\"5\" ><h3 class=\"widget-title\">14.07.2016<\/h3><div class=\"textwidget\"><div class=\"article-main-content\">\n<div class=\"article-content\">\n<p class=\"paragraph_style\"><b><u>Vingerklip Lodge<\/u><\/b><\/p>\n<\/div>\n<p>Die Fahrt zur Vingerklip Lodge f\u00fchrte uns \u00fcber den n\u00f6rdlichen Ausgang Erindi's, vorbei an den Dinosaurierspuren von Otjihaenamaparero und sp\u00e4ter nach Outjo. Die Spuren der Dinosaurier waren dabei guter Stopp um wieder etwas Leben in die eigenen Knochen zu bekommen aber extra hierher zu fahren, lohnt sich aus meiner Sicht nicht.<\/p>\n<p><img loading=\"lazy\" decoding=\"async\" class=\"size-full wp-image-2402 aligncenter\" src=\"http:\/\/kruste.selfhost.me\/wordpress\/wp-content\/uploads\/2016\/08\/NAM0587-e1476613667523.jpg\" alt=\"_nam0587\" width=\"1100\" height=\"734\" \/><\/p>\n<p>Imposanter war da schon der Blick auf die Vingerklip und f\u00fcr mich die zweite Sichtung eines\u00a0Aardvark in meinem Leben. Jaaaaaaa, was f\u00fcr ein Gl\u00fcck !<\/p>\n<p><img loading=\"lazy\" decoding=\"async\" class=\"size-full wp-image-2403 aligncenter\" src=\"http:\/\/kruste.selfhost.me\/wordpress\/wp-content\/uploads\/2016\/08\/NAM0620-e1476614034999.jpg\" alt=\"_nam0620\" width=\"1100\" height=\"541\" \/><\/p>\n<\/div>\n<p><img loading=\"lazy\" decoding=\"async\" class=\"size-full wp-image-2393 aligncenter\" src=\"http:\/\/kruste.selfhost.me\/wordpress\/wp-content\/uploads\/2016\/08\/NAM0611.jpg\" alt=\"_nam0611\" width=\"4559\" height=\"2286\" \/><\/p>\n<p>\u00a0<\/p>\n<p>Kurz nach der Ankunft in der Lodge wurde es zeitlich wieder etwas eng . Das gebuchte Abendessen im Eagles Nest war schon f\u00fcr heute vorgesehen und lies sich nicht verschieben. Somit nur kurz zur\u00fcck zum Auto, Foto eingepackt und rauf auf den Berg.<\/p>\n<p><img loading=\"lazy\" decoding=\"async\" class=\"size-full wp-image-2404 aligncenter\" src=\"http:\/\/kruste.selfhost.me\/wordpress\/wp-content\/uploads\/2016\/08\/NAM0886-e1476614627112.jpg\" alt=\"_nam0886\" width=\"734\" height=\"1100\" \/><\/p>\n<p>\u00a0<\/p>\n<p>Die Anstrengung lohnt sich und der Blick ist einfach phantastisch.<\/p>\n<p><img loading=\"lazy\" decoding=\"async\" class=\"size-full wp-image-2405 aligncenter\" src=\"http:\/\/kruste.selfhost.me\/wordpress\/wp-content\/uploads\/2016\/08\/NAM0825-e1476614713401.jpg\" alt=\"_nam0825\" width=\"1100\" height=\"617\" \/><\/p>\n<p>\u00a0<\/p>\n<p>Der Berg und die Landschaft waren auch der Grund f\u00fcr die Wahl\u00a0dieser Lodge. Kleine Spazierg\u00e4nge in der Umgebung, entspannte Stunden am (kalten) Pool sowie\u00a0der abendliche Sonnenuntergang machten Spa\u00df und zwei \u00dcbernachtungen\u00a0waren von der Dauer genau richtig. Im guten Ged\u00e4chtnis werden mir die fr\u00fchen Morgenstunden an der Vingerklip bleiben und wer in Namibia ist sollte hier auch \u00dcbernachten. Bei meiner n\u00e4chsten Reise werde ich jedoch neue\u00a0Ziele ins Auge fassen.<\/p>\n<\/div><\/div><div id=\"panel-2359-1-0-4\" class=\"so-panel widget widget_black-studio-tinymce widget_black_studio_tinymce\" data-index=\"6\" ><h3 class=\"widget-title\">16.07.2016<\/h3><div class=\"textwidget\"><div class=\"article-main-content\">\n<div class=\"article-content\">\n<p class=\"paragraph_style\"><b><u>Namutoni<\/u><\/b><\/p>\n<p>Die Reise f\u00fchrte jetzt von der Vingerklip durch den Etosha Nationalpark zum Namutoni Fort im Etosha Park selbst. Ich hatte mich gegen eine Zwischen\u00fcbernachtung in Halali oder Okauhuejo ( beides Unterk\u00fcnfte im Park ) entschieden, da eine Entfernung von\u00a0350 km f\u00fcr Namibia ja nicht wirklich weit ist und ich die Anzahl der Zimmerwechsel etwas geringer halten wollte.<\/p>\n<p>Trotz unserer Planung machten wir in\u00a0Okauhuejo und\u00a0Halali einen Stopp und stellten dabei fest, dass beide Hotels nicht unseren Vorstellungen entsprachen. Hoffentlich t\u00e4uschte ich mich nicht bei meiner Wahl des Namutoni Fort.<\/p>\n<p>Die Fahrt durch den Etosha Park verlief recht entspannt und von Zeit zu Zeit gab es ein paar interessante Tierbegegnungen wobei das recht angriffslustig Spitzmaulnashorn am aufregendsten war. Das gute Tier wusste nicht so recht, ob es sich hinter dem Termitenh\u00fcgel verstecken konnte oder doch lieber weglaufen sollte. Ein kurzer Scheinangriff steigerte jedoch schnell unseren Adrenalinspiegel und im Notfall h\u00e4tten wir uns sicher aus dem Staub gemacht \ud83d\ude42<\/p>\n<p><img loading=\"lazy\" decoding=\"async\" class=\"size-full wp-image-2406 aligncenter\" src=\"http:\/\/kruste.selfhost.me\/wordpress\/wp-content\/uploads\/2016\/08\/NAM1401-e1476639421582.jpg\" alt=\"_nam1401\" width=\"1100\" height=\"589\" \/><\/p>\n<p>Gegen sp\u00e4ten Nachmittag erreichten wir Namutoni und mussten uns beeilen, um den Sonnenuntergang noch geniessen zu k\u00f6nnen. Es zeigte sich wieder wie lange man doch f\u00fcr die \u00a0recht kurze Strecke von 350 km ben\u00f6tigt.<\/p>\n<p><img loading=\"lazy\" decoding=\"async\" class=\"size-full wp-image-2407 aligncenter\" src=\"http:\/\/kruste.selfhost.me\/wordpress\/wp-content\/uploads\/2016\/08\/NAM1938-e1476639826845.jpg\" alt=\"_nam1938\" width=\"1100\" height=\"734\" \/><\/p>\n<p>Die Tage in diesem Camp haben mir gut gefallen. Den Sonnenauf \/ untergang haben jeweils vom Dach des letzten noch zug\u00e4nglichem Turm des Forts bewundert und es war immer traumhaft.\u00a0<br \/>Etwas verbesserungsw\u00fcrdig war das Restaurant und leider konnten die Shops im Fort selber nicht \u00f6ffnen. Die Anlage ist leider bauf\u00e4llig was wirklich schade war, denn der Innenhof ist mit das sch\u00f6nste an diesem Platz.<\/p>\n<\/div>\n<\/div>\n<\/div><\/div><div id=\"panel-2359-1-0-5\" class=\"so-panel widget widget_black-studio-tinymce widget_black_studio_tinymce panel-last-child\" data-index=\"7\" ><h3 class=\"widget-title\">17.07.2016<\/h3><div class=\"textwidget\"><div class=\"article-main-content\">\n<div class=\"article-content\">\n<p class=\"paragraph_style\"><b><u>Onguma The Fort<\/u><\/b><\/p>\n<p>Die Anfahrt war kurz und wir freuten uns auf die Tage in der Lodge. Chillen und die Unterkunft genie\u00dfen stand auf dem Programm doch meine Anspr\u00fcche waren, nach unserem letzten Stopp im Jahr 2014, hier sehr hoch. Zum Gl\u00fcck brauchte ich mir nicht lange Gedanken mach. Der sehr herzliche Empfang und die perfekten Zimmer lie\u00dfen alle Bedenken sofort verfliegen.<\/p>\n<p><img loading=\"lazy\" decoding=\"async\" class=\"size-full wp-image-2384 aligncenter\" src=\"http:\/\/kruste.selfhost.me\/wordpress\/wp-content\/uploads\/2016\/08\/NAM2200.jpg\" alt=\"\" width=\"1024\" height=\"261\" srcset=\"http:\/\/kruste.selfhost.me\/wordpress\/wp-content\/uploads\/2016\/08\/NAM2200.jpg 1024w, http:\/\/kruste.selfhost.me\/wordpress\/wp-content\/uploads\/2016\/08\/NAM2200-150x38.jpg 150w, http:\/\/kruste.selfhost.me\/wordpress\/wp-content\/uploads\/2016\/08\/NAM2200-300x76.jpg 300w, http:\/\/kruste.selfhost.me\/wordpress\/wp-content\/uploads\/2016\/08\/NAM2200-768x196.jpg 768w, http:\/\/kruste.selfhost.me\/wordpress\/wp-content\/uploads\/2016\/08\/NAM2200-700x178.jpg 700w\" sizes=\"auto, (max-width: 1024px) 100vw, 1024px\" \/>\u00a0<br \/>Nachdem wir unseren Bungalow ( es sind ja eigentlich Villen ) inspiziert und s\u00e4mtliche kleinen Details begutachtet\u00a0hatten g\u00f6nnten wir uns einen kleinen Sherry, der nat\u00fcrlich schon vorbereitet auf dem Zimmer stand. Bei dem Blick von der Terrasse auf den Etosha Park freuten wir uns \u00fcber die Buchung und die n\u00e4chsten Tage.<\/p>\n<p>Wir hatten Gl\u00fcck mit dem Wetter ! Es standen T\u00e4glich nur kleine Wolken am Himmel und die Temperaturen gingen kaum unter 10\u00b0 C. \u00a0Am Abend wurde es etwas frisch aber das Kaminfeuer w\u00e4rmte den R\u00fccken und brachte stimmungsvolle Moment. Was gibt es sch\u00f6neres, ich m\u00f6chte keinen dieser Tage hier missen.<\/p>\n<p>Besonderst bleiben mir der Weinkeller in der \"W\u00fcste\", die sehr liebevolle gestalteten Geb\u00e4ude und nat\u00fcrlich die wirklich freundlichen Mitarbeiter in Erinnerung.<\/p>\n<p>Etwas Nervenkitzel gab es nat\u00fcrlich auch noch. Die Villen durften nur mit einem Auto oder dem Golfcar verlassen werden, ohne Fahrzeug war ein NO GO und die beiden jungen L\u00f6wen zeigten uns auch warum. Am Anfang lagen die prachtvollen Tier noch am kleine T\u00fcmpel vor der Terrasse aber dort wollten sie nicht bleiben und es zog sie zu den Villen. Sie stromerten umher und verschwanden sp\u00e4ter im Busch.<br \/>Auf meiner Fahrt in den Etosha Park entdeckte ich die L\u00f6wen nicht weit von unserer Lodge auf der Sandstra\u00dfe. Eigentlich entdeckte Sie aber mich ! Es war noch nicht sp\u00e4t und die Temperaturen somit noch angenehm und das weckte den Jagdtrieb der L\u00f6wen. Mein Auto war zu interessant und es wurde eine packende Szene. Der erste Versuch mein Auto zu erwischen schlug fehl und nachdem ich die L\u00f6wen bemerkt hatte konnte ich etwas mit einem der beiden \"spielen\". N\u00e4herte ich mich bis auf weniger als 50 Meter dem Tier griff es an. Spannend, zum Gl\u00fcck sa\u00df ich im Auto.<\/p>\n<\/div>\n<\/div>\n<\/div><\/div><\/div><\/div><\/div>","protected":false},"excerpt":{"rendered":"<p>\u00a0Die Reisedaten\u00a009.07.2016Fahrt mit dem Zug Hannover\/FrankfurtFlug nach Windhoek (I)10.07.2016 &#8211; 13.07.2016Old Traders Lodge ( Erindi Private Game Reserve ) (B)13.07.2016 &#8211; 15.07.2016Vingerklip Lodge (C)15.07.2016 &#8211;<\/p>\n","protected":false},"author":1,"featured_media":0,"parent":6671,"menu_order":0,"comment_status":"closed","ping_status":"closed","template":"","meta":{"footnotes":""},"class_list":["post-2359","page","type-page","status-publish","hentry"],"_links":{"self":[{"href":"http:\/\/kruste.selfhost.me\/wordpress\/index.php?rest_route=\/wp\/v2\/pages\/2359","targetHints":{"allow":["GET"]}}],"collection":[{"href":"http:\/\/kruste.selfhost.me\/wordpress\/index.php?rest_route=\/wp\/v2\/pages"}],"about":[{"href":"http:\/\/kruste.selfhost.me\/wordpress\/index.php?rest_route=\/wp\/v2\/types\/page"}],"author":[{"embeddable":true,"href":"http:\/\/kruste.selfhost.me\/wordpress\/index.php?rest_route=\/wp\/v2\/users\/1"}],"replies":[{"embeddable":true,"href":"http:\/\/kruste.selfhost.me\/wordpress\/index.php?rest_route=%2Fwp%2Fv2%2Fcomments&post=2359"}],"version-history":[{"count":3,"href":"http:\/\/kruste.selfhost.me\/wordpress\/index.php?rest_route=\/wp\/v2\/pages\/2359\/revisions"}],"predecessor-version":[{"id":2796,"href":"http:\/\/kruste.selfhost.me\/wordpress\/index.php?rest_route=\/wp\/v2\/pages\/2359\/revisions\/2796"}],"up":[{"embeddable":true,"href":"http:\/\/kruste.selfhost.me\/wordpress\/index.php?rest_route=\/wp\/v2\/pages\/6671"}],"wp:attachment":[{"href":"http:\/\/kruste.selfhost.me\/wordpress\/index.php?rest_route=%2Fwp%2Fv2%2Fmedia&parent=2359"}],"curies":[{"name":"wp","href":"https:\/\/api.w.org\/{rel}","templated":true}]}}