{"id":2441,"date":"2016-12-29T16:09:18","date_gmt":"2016-12-29T14:09:18","guid":{"rendered":"http:\/\/kruste.selfhost.me\/wordpress\/?page_id=2441"},"modified":"2021-01-31T17:19:57","modified_gmt":"2021-01-31T15:19:57","slug":"region-twee-rivier-kgalagadi-transfrontier-park","status":"publish","type":"page","link":"http:\/\/kruste.selfhost.me\/wordpress\/?page_id=2441","title":{"rendered":"Region Mata Mata (KTP)"},"content":{"rendered":"<div id=\"pl-2441\"  class=\"panel-layout\" ><div id=\"pg-2441-0\"  class=\"panel-grid panel-no-style\" ><div id=\"pgc-2441-0-0\"  class=\"panel-grid-cell\" ><div id=\"panel-2441-0-0-0\" class=\"so-panel widget widget_black-studio-tinymce widget_black_studio_tinymce panel-first-child\" data-index=\"0\" ><div class=\"textwidget\"><hr \/>\n<p>\u00a0<\/p>\n<\/div><\/div><div id=\"panel-2441-0-0-1\" class=\"so-panel widget widget_text panel-last-child\" data-index=\"1\" >\t\t\t<div class=\"textwidget\"><p>\nAktuelle Zeit in Mariental:  13:53 Uhr<br \/>\nZeitzone:  CAT<br \/>\nDie Wettervorhersage f\u00fcr die n\u00e4chsten drei Tage: <\/p>\n<\/div>\n\t\t<\/div><\/div><div id=\"pgc-2441-0-1\"  class=\"panel-grid-cell\" ><div id=\"panel-2441-0-1-0\" class=\"so-panel widget widget_black-studio-tinymce widget_black_studio_tinymce panel-first-child panel-last-child\" data-index=\"2\" ><div class=\"textwidget\"><p><i><\/i><\/p>\n<div class='weather-atlas-wrapper' style='background:#FF6D00;border:1px solid #ee5c00;color:#fff;'>\n<div class='weather-atlas-header' style='border-bottom:1px solid #ee5c00'>Mariental, NA<\/div>\n<div class='weather-atlas-body'>\n<div class='current_horizontal'>\n<div class='current_temp'><i class='wi wi-fw wi-weather-32'><\/i><span class='temp'>24\u00b0<\/span>\n<div class='current_text'>Sonnig<\/div>\n<div class='sunrise_sunset'>07:04<i class='wi wi-fw wi-weather-32'><\/i>18:31 CAT<\/div>\n<\/div>\n<p><span class='current_text_2'>Gef\u00fchlt: 24<small>\u00b0C<\/small><br \/>Wind: 14<small>km\/h<\/small> NNE<br \/>Feuchtigkeit: 28<small>%<\/small><br \/>Druck: 1008.13<small>mbar<\/small><br \/>UV-Index: 8<\/span><\/p><\/div>\n<div class='hourly hours' style='border-bottom:1px solid #ee5c00'><span class='extended_hour extended_hour_1'>15<small>h<\/small><\/span><span class='extended_hour extended_hour_2'>16<small>h<\/small><\/span><span class='extended_hour extended_hour_3'>17<small>h<\/small><\/span><span class='extended_hour extended_hour_4'>18<small>h<\/small><\/span><span class='extended_hour extended_hour_5'>19<small>h<\/small><\/span><\/div>\n<div class='hourly'><span class='extended_hour extended_hour_1' title='Sonnig'>27<small>\u00b0C<\/small><br \/><i class='wi wi-fw wi-weather-32'><\/i><\/span><span class='extended_hour extended_hour_2' title='Meist Sonnig'>28<small>\u00b0C<\/small><br \/><i class='wi wi-fw wi-weather-34'><\/i><\/span><span class='extended_hour extended_hour_3' title='Teilweise Bew\u00f6lkt'>28<small>\u00b0C<\/small><br \/><i class='wi wi-fw wi-weather-30'><\/i><\/span><span class='extended_hour extended_hour_4' title='Meist Sonnig'>26<small>\u00b0C<\/small><br \/><i class='wi wi-fw wi-weather-34'><\/i><\/span><span class='extended_hour extended_hour_5' title='Teilweise Bew\u00f6lkt'>23<small>\u00b0C<\/small><br \/><i class='wi wi-fw wi-weather-29'><\/i><\/span><\/div>\n<div class='daily days' style='border-bottom:1px solid #ee5c00'><span class='extended_day extended_day_1'>So.<\/span><span class='extended_day extended_day_2'>Mo.<\/span><span class='extended_day extended_day_3'>Di.<\/span><\/div>\n<div class='daily'><span class='extended_day extended_day_1' title='Sonnig'>28<small>\u00b0C<\/small> \/ 5<small>\u00b0C<\/small><br \/><i class='wi wi-fw wi-weather-32'><\/i><\/span><span class='extended_day extended_day_2' title='Teilweise Bew\u00f6lkt'>25<small>\u00b0C<\/small> \/ 7<small>\u00b0C<\/small><br \/><i class='wi wi-fw wi-weather-30'><\/i><\/span><span class='extended_day extended_day_3' title='Sonnig'>30<small>\u00b0C<\/small> \/ 8<small>\u00b0C<\/small><br \/><i class='wi wi-fw wi-weather-32'><\/i><\/span><\/div>\n<\/div>\n<div class='weather-atlas-footer' style='border-top:1px solid #ee5c00'><a href='https:\/\/www.weather-atlas.com\/en\/namibia\/mariental-climate' title='Mariental, NA - Klima' style='color:#fff'><span class='weather-atlas-footer-block'>Mariental, NA<\/span> klima &#9656;<\/a><\/div>\n<\/div>\n<p><\/p>\n<\/div><\/div><\/div><\/div><div id=\"pg-2441-1\"  class=\"panel-grid panel-no-style\" ><div id=\"pgc-2441-1-0\"  class=\"panel-grid-cell\" ><div id=\"panel-2441-1-0-0\" class=\"so-panel widget widget_black-studio-tinymce widget_black_studio_tinymce panel-first-child\" data-index=\"3\" ><h3 class=\"widget-title\">Mata Mata (Kgalagadi Transfrontier Park)<\/h3><div class=\"textwidget\"><hr \/>\n<p>Die Reise in den Kgalagadi Transfrontier Park ( KTP ) hatte ich aus S\u00fcdafrika bereits mehrfach ausprobiert und dabei die Grenzstation in Mata Mata ( Namibia \/ S\u00fcdafrika ) \u00a0schon begutachten k\u00f6nnen. Nicht aufregend und sehr einfach ist glaube ich eine gute Beschreibung.<\/p>\n<p>Die Anfahrt zum KTP aus Namibia f\u00fchrt entlang des Flussbett vom Auob River durch eine recht einsame Region. Wir sind von\u00a0Windhoek \u00fcber die B1 bis nach Mariental, weiter die C20 nach Stampriet und von hier auf der C15 ( Gothas, Twee Rivier ) gefahren um unser Ziel zu erreichen. Ich w\u00fcrde sagen, je weiter wir Windhoek hinter uns gelassen hatten, je einsamer wurde es. Ist die B1 noch asphaltiert bewegt man sich sp\u00e4ter auf der C15 nur noch auf Schotter. Die Stra\u00dfe ist zwar gut ausgebaut und ohne wirkliche Schlagl\u00f6cher aber konzentrieren\u00a0sollte man sich hier doppelt auch wenn der Weg lang und anstrengend ist. Steinschlag ist dabei nur das kleinere \u00dcbel, ich fand die schnell fahrenden LKW's und die damit erzeugten Staubwolken viel gef\u00e4hrlicher. Aber zum Gl\u00fcck gab es ja eine Einweisung bei der \u00dcbergabe des Mietfahrzeug.<\/p>\n<\/div><\/div><div id=\"panel-2441-1-0-1\" class=\"so-panel widget widget_text\" data-index=\"4\" >\t\t\t<div class=\"textwidget\"><p><code><\/p>\n<section class=\"parallax-section\">\n<div class=\"parallax-window\" data-z-index=\"0\" data-position-x=\"left\" data-parallax=\"scroll\" data-speed=\".3\" data-image-src=\"http:\/\/kruste.selfhost.me\/wordpress\/wp-content\/uploads\/2021\/01\/NAM3612.jpg\" style=\"align-items: flex-start;min-height: 550px;\">\n<div class=\"parallax-container parallax-content\">\n<\/div>\n<\/div>\n<\/section>\n<p><\/code><\/p>\n<\/div>\n\t\t<\/div><div id=\"panel-2441-1-0-2\" class=\"so-panel widget widget_black-studio-tinymce widget_black_studio_tinymce panel-last-child\" data-index=\"5\" ><h3 class=\"widget-title\">Mata Mata (Kgalagadi Transfrontier Park)<\/h3><div class=\"textwidget\"><p>Wer von Windhoek aus in den KTP fahren m\u00f6chte sollte sein Auto noch einmal in Mariental betanken und \u00a0gleich noch notwendige Lebensmittel\u00a0f\u00fcr die n\u00e4chsten Tage \/ Wochen einkaufen. Nach Mariental wird es schwierig und einen gro\u00dfen Supermarkt ( SPAR ) gibt es bis Mata Mata nicht mehr. Bitte beachtet aber, dass es nicht erlaubt ist Feuerholz \u00fcber die Grenze nach S\u00fcdafrika einzuf\u00fchren. Verpacktes Fleisch stellte kein Problem dar aber die Einfuhr von frischem Obst bzw. Gem\u00fcse ist wohl Ermessenssache des diensthabenden Grenzbeamten. Wir hatten Gl\u00fcck aber eventuell halfen ja auch die S\u00fcssigkeiten weiter.<\/p>\n<p>Bevor jedoch unser kaltes Abenteuer in Nationalpark begann, g\u00f6nnten wir uns ein paar Tage in der KALAHARI GAME LODGE. Ein sch\u00f6ner und erholsamer Stopp.<\/p>\n<p>Erg\u00e4nzung aus September 2019:<\/p>\n<p>Die Ausreise aus dem KTP in Richtung Namibia verlief z\u00fcgig und ohne gro\u00dfe Probleme. Das Personal an der Grenzstation war erneut nicht sehr motiviert und man schickte mich von Schalter zu Schalter und zur\u00fcck. Oft kommt hier wohl kein Gast vorbei war dabei mein Gedanke. Fleisch durfte ich aufgrund der in S\u00fcdafrika ausgebrochenen Maul und Klauenseuche nicht nach Namibia einf\u00fchren was aber kein Problem darstellte. Das gebuchte Red Dune Camp bot beste\u00a0Oryx Steaks zu unschlagbar g\u00fcnstigen Preisen. Eine Unterkunft, welche ich Campern w\u00e4rmstens empfehlen kann.<\/p>\n<p><img loading=\"lazy\" decoding=\"async\" class=\"size-full wp-image-7065 aligncenter\" src=\"http:\/\/kruste.selfhost.me\/wordpress\/wp-content\/uploads\/2020\/02\/20190930_183523.jpg\" alt=\"\" width=\"1280\" height=\"589\" srcset=\"http:\/\/kruste.selfhost.me\/wordpress\/wp-content\/uploads\/2020\/02\/20190930_183523.jpg 1280w, http:\/\/kruste.selfhost.me\/wordpress\/wp-content\/uploads\/2020\/02\/20190930_183523-150x69.jpg 150w, http:\/\/kruste.selfhost.me\/wordpress\/wp-content\/uploads\/2020\/02\/20190930_183523-300x138.jpg 300w, http:\/\/kruste.selfhost.me\/wordpress\/wp-content\/uploads\/2020\/02\/20190930_183523-768x353.jpg 768w, http:\/\/kruste.selfhost.me\/wordpress\/wp-content\/uploads\/2020\/02\/20190930_183523-1024x471.jpg 1024w, http:\/\/kruste.selfhost.me\/wordpress\/wp-content\/uploads\/2020\/02\/20190930_183523-700x322.jpg 700w\" sizes=\"auto, (max-width: 1280px) 100vw, 1280px\" \/><\/p>\n<p>&nbsp;<\/p>\n<\/div><\/div><\/div><\/div><\/div>","protected":false},"excerpt":{"rendered":"<p>\u00a0 Die Reise in den Kgalagadi Transfrontier Park ( KTP ) hatte ich aus S\u00fcdafrika bereits mehrfach ausprobiert und dabei die Grenzstation in Mata Mata<\/p>\n","protected":false},"author":1,"featured_media":0,"parent":126,"menu_order":0,"comment_status":"closed","ping_status":"closed","template":"","meta":{"footnotes":""},"class_list":["post-2441","page","type-page","status-publish","hentry"],"_links":{"self":[{"href":"http:\/\/kruste.selfhost.me\/wordpress\/index.php?rest_route=\/wp\/v2\/pages\/2441","targetHints":{"allow":["GET"]}}],"collection":[{"href":"http:\/\/kruste.selfhost.me\/wordpress\/index.php?rest_route=\/wp\/v2\/pages"}],"about":[{"href":"http:\/\/kruste.selfhost.me\/wordpress\/index.php?rest_route=\/wp\/v2\/types\/page"}],"author":[{"embeddable":true,"href":"http:\/\/kruste.selfhost.me\/wordpress\/index.php?rest_route=\/wp\/v2\/users\/1"}],"replies":[{"embeddable":true,"href":"http:\/\/kruste.selfhost.me\/wordpress\/index.php?rest_route=%2Fwp%2Fv2%2Fcomments&post=2441"}],"version-history":[{"count":6,"href":"http:\/\/kruste.selfhost.me\/wordpress\/index.php?rest_route=\/wp\/v2\/pages\/2441\/revisions"}],"predecessor-version":[{"id":7378,"href":"http:\/\/kruste.selfhost.me\/wordpress\/index.php?rest_route=\/wp\/v2\/pages\/2441\/revisions\/7378"}],"up":[{"embeddable":true,"href":"http:\/\/kruste.selfhost.me\/wordpress\/index.php?rest_route=\/wp\/v2\/pages\/126"}],"wp:attachment":[{"href":"http:\/\/kruste.selfhost.me\/wordpress\/index.php?rest_route=%2Fwp%2Fv2%2Fmedia&parent=2441"}],"curies":[{"name":"wp","href":"https:\/\/api.w.org\/{rel}","templated":true}]}}