{"id":2451,"date":"2017-02-24T11:01:58","date_gmt":"2017-02-24T09:01:58","guid":{"rendered":"http:\/\/kruste.selfhost.me\/wordpress\/?page_id=2451"},"modified":"2021-03-13T21:10:19","modified_gmt":"2021-03-13T19:10:19","slug":"savannah-suntours-vryburg","status":"publish","type":"page","link":"http:\/\/kruste.selfhost.me\/wordpress\/?page_id=2451","title":{"rendered":"Savannah-Suntours (Vryburg)"},"content":{"rendered":"<div id=\"pl-2451\"  class=\"panel-layout\" ><div id=\"pg-2451-0\"  class=\"panel-grid panel-no-style\" ><div id=\"pgc-2451-0-0\"  class=\"panel-grid-cell\" ><div id=\"panel-2451-0-0-0\" class=\"so-panel widget widget_black-studio-tinymce widget_black_studio_tinymce panel-first-child panel-last-child\" data-index=\"0\" ><div class=\"textwidget\"><div class=\"style_SkipStroke_2 shape-with-text flowDefining\">\n<div class=\"text-content style_External_485_494\">\n<div class=\"style\">\n<hr \/>\n<p>&nbsp;<\/p>\n<p>Auf diese kleine und sehr <a href=\"https:\/\/www.savannah-suntours.com\/\" target=\"_blank\" rel=\"noopener\">rustikale Unterkunft<\/a> bin ich bei der Suche nach einem Stopp auf dem Weg in die Kalahari gesto\u00dfen. Die Lage ist f\u00fcr mich perfekt, da die Unterkunft in 5 Fahrstunden vom Flughafen O.R.Tambo erreichbar ist. Viele internationale Fl\u00fcge landen am Vormittag in Johannesburg und bis die Koffer vom Laufband, der Mietwagen \u00fcberpr\u00fcft und das Navi aktiviert wurde ist es oft schon Mittag. Das Fahren in der Dunkelheit vermeide ich wenn m\u00f6glich und so komme ich vor 18:00 Uhr bei Hottie an.<\/p><\/div>\n<\/div>\n<\/div>\n<div class=\"style\"><\/div>\n<div class=\"style\">Meist gibt es nach der Ankunft gleich ein Steak vom Grill und ein kaltes Bier. Das schmeck nach der langen Reise besonders gut und ich f\u00fchle mich gleich wieder richtig wohl in \"meinem Afrika\".<\/div>\n<div class=\"style\"><\/div>\n<div class=\"style\">Savannah-Suntours sein dank \ud83d\ude42<\/div>\n<div class=\"style\"><\/div>\n<div class=\"style\">Hohe Anspr\u00fcche sollte man bei der Buchung dieser Unterkunft jedoch nicht haben. Es geht mir\u00a0viel mehr um die Gastfreundschaft von Hottie und Sarah, die sehr interessanten Gespr\u00e4ch und tollen Reisetipps. Nicht zu vergessen das\u00a0perfekte Rindfleisch, welches ich immer vorab bestelle um die 2 Wochen im Kgalagadi Transportier Park gut \u00fcberleben zu k\u00f6nnen. Ein wahrer Genuss und dies ist schon den Stopp wert.<\/div>\n<\/div><\/div><\/div><div id=\"pgc-2451-0-1\"  class=\"panel-grid-cell\" ><div id=\"panel-2451-0-1-0\" class=\"so-panel widget widget_black-studio-tinymce widget_black_studio_tinymce panel-first-child panel-last-child\" data-index=\"1\" ><div class=\"textwidget\"><p><img loading=\"lazy\" decoding=\"async\" class=\"size-full wp-image-2454 alignright\" src=\"http:\/\/kruste.selfhost.me\/wordpress\/wp-content\/uploads\/2017\/02\/SAF_3916-e1487926388763.jpg\" alt=\"\" width=\"504\" height=\"739\" srcset=\"http:\/\/kruste.selfhost.me\/wordpress\/wp-content\/uploads\/2017\/02\/SAF_3916-e1487926388763.jpg 504w, http:\/\/kruste.selfhost.me\/wordpress\/wp-content\/uploads\/2017\/02\/SAF_3916-e1487926388763-102x150.jpg 102w, http:\/\/kruste.selfhost.me\/wordpress\/wp-content\/uploads\/2017\/02\/SAF_3916-e1487926388763-205x300.jpg 205w\" sizes=\"auto, (max-width: 504px) 100vw, 504px\" \/><\/p>\n<\/div><\/div><\/div><\/div><div id=\"pg-2451-1\"  class=\"panel-grid panel-no-style\" ><div id=\"pgc-2451-1-0\"  class=\"panel-grid-cell\" ><div id=\"panel-2451-1-0-0\" class=\"so-panel widget widget_black-studio-tinymce widget_black_studio_tinymce panel-first-child\" data-index=\"2\" ><h3 class=\"widget-title\">Preise:<\/h3><div class=\"textwidget\"><hr \/>\n<ul>\n<li>Den Bungalow gab es ab 500 ZAR inklusive Fr\u00fchst\u00fcck. Die Bezahlung erfolgt\u00a0vor Ort oder per \u00dcberweisung.<\/li>\n<\/ul>\n<\/div><\/div><div id=\"panel-2451-1-0-1\" class=\"so-panel widget widget_black-studio-tinymce widget_black_studio_tinymce\" data-index=\"3\" ><h3 class=\"widget-title\">Kommunikation:<\/h3><div class=\"textwidget\"><div id=\"id4\" class=\"style_SkipStroke_4 shape-with-text\">\n<div class=\"text-content graphic_textbox_layout_style_default_External_138_130\">\n<div class=\"graphic_textbox_layout_style_default\">\n<hr \/>\n<p class=\"Caption\">Handyempfang ist gegeben. WLAN ist verf\u00fcgbar.<\/p>\n<\/div>\n<\/div>\n<\/div>\n<\/div><\/div><div id=\"panel-2451-1-0-2\" class=\"so-panel widget widget_text\" data-index=\"4\" >\t\t\t<div class=\"textwidget\"><p><code><\/p>\n<section class=\"parallax-section\">\n<div class=\"parallax-window\" data-z-index=\"0\" data-position-x=\"left\" data-parallax=\"scroll\" data-speed=\".3\" data-image-src=\"http:\/\/kruste.selfhost.me\/wordpress\/wp-content\/uploads\/2021\/03\/SAF_3923.jpg\" style=\"align-items: flex-start;min-height: 650px;\">\n<div class=\"parallax-container parallax-content\">\n<\/div>\n<\/div>\n<\/section>\n<p><\/code><\/p>\n<\/div>\n\t\t<\/div><div id=\"panel-2451-1-0-3\" class=\"so-panel widget widget_black-studio-tinymce widget_black_studio_tinymce\" data-index=\"5\" ><h3 class=\"widget-title\">Anreise:<\/h3><div class=\"textwidget\"><hr \/>\n<p>Die Anreise erfolgte ab Johannesburg mit dem Mietwagen \u00fcber die N14. Ich w\u00fcrde versuchen die Lodge bei Tageslicht zu erreichen, denn es gibt viele V\u00f6gel bzw. Perlh\u00fchner\u00a0welche\u00a0pl\u00f6tzlich im Scheinwerferlicht auftauchen k\u00f6nnen. Nicht ohne Grund wird das Perlhuhn auch 1000 Dollar Vogel genannt. Das ist der Preis f\u00fcr eine neue Windschutzscheibe.<\/p>\n<p>Die N14 ist sonst aber gut zu befahren und so braucht man von Johannesburg circa 5 Stunden bis zu Hottie und Upington ist nach weiteren 6 Stunden erreicht.<\/p>\n<\/div><\/div><div id=\"panel-2451-1-0-4\" class=\"so-panel widget widget_black-studio-tinymce widget_black_studio_tinymce\" data-index=\"6\" ><h3 class=\"widget-title\">Meine Reisezeiten:<\/h3><div class=\"textwidget\"><hr \/>\n<ul>\n<li>Oktober 2015<\/li>\n<li>Januar\u00a02017<\/li>\n<\/ul>\n<\/div><\/div><div id=\"panel-2451-1-0-5\" class=\"so-panel widget widget_black-studio-tinymce widget_black_studio_tinymce\" data-index=\"7\" ><h3 class=\"widget-title\">Das Wetter:<\/h3><div class=\"textwidget\"><hr \/>\n<ul>\n<li>Oktober\u00a02015\n<p>Es warm und trocken. Noch wusste keiner, dass es sehr lange nicht regnen sollte. Der n\u00e4chste richtige Regen fiel bei meinem Besuch im Januar 2017. Es war dringend notwendig.<\/p><\/li>\n<\/ul>\n<ul>\n<li>Januar\u00a02017<br \/>Viele Wolken zogen am Himmel auf und es donnerte und blitze die ganze Nacht. Mit dem Regen hielt es sich in Grenzen aber die Landschaft war sehr gr\u00fcn vom kr\u00e4ftigen Regen der letzen 2 Wochen. Die Temperatur lag am Abend bei 25 \u00b0C.<\/li>\n<\/ul>\n<\/div><\/div><div id=\"panel-2451-1-0-6\" class=\"so-panel widget widget_black-studio-tinymce widget_black_studio_tinymce\" data-index=\"8\" ><h3 class=\"widget-title\">Zimmer:<\/h3><div class=\"textwidget\"><hr \/>\n<p class=\"paragraph_style\">Die Zimmer sind sauber und es ist alles vorhanden, was f\u00fcr eine \u00dcbernachtung notwendig ist. Handt\u00fccher oder Bettzeug braucht nicht mitgebracht werden. Sonst gilt aber die Devise Rustikal vor Luxus !<\/p>\n<\/div><\/div><div id=\"panel-2451-1-0-7\" class=\"so-panel widget widget_black-studio-tinymce widget_black_studio_tinymce\" data-index=\"9\" ><div class=\"textwidget\"><p><img loading=\"lazy\" decoding=\"async\" class=\"alignright wp-image-2452 size-full\" src=\"http:\/\/kruste.selfhost.me\/wordpress\/wp-content\/uploads\/2017\/02\/NAM_6329-e1487926502505.jpg\" width=\"1016\" height=\"586\" srcset=\"http:\/\/kruste.selfhost.me\/wordpress\/wp-content\/uploads\/2017\/02\/NAM_6329-e1487926502505.jpg 1016w, http:\/\/kruste.selfhost.me\/wordpress\/wp-content\/uploads\/2017\/02\/NAM_6329-e1487926502505-150x87.jpg 150w, http:\/\/kruste.selfhost.me\/wordpress\/wp-content\/uploads\/2017\/02\/NAM_6329-e1487926502505-300x173.jpg 300w, http:\/\/kruste.selfhost.me\/wordpress\/wp-content\/uploads\/2017\/02\/NAM_6329-e1487926502505-768x443.jpg 768w, http:\/\/kruste.selfhost.me\/wordpress\/wp-content\/uploads\/2017\/02\/NAM_6329-e1487926502505-700x404.jpg 700w\" sizes=\"auto, (max-width: 1016px) 100vw, 1016px\" \/><\/p>\n<\/div><\/div><div id=\"panel-2451-1-0-8\" class=\"so-panel widget widget_black-studio-tinymce widget_black_studio_tinymce\" data-index=\"10\" ><h3 class=\"widget-title\">K\u00fcche \/ Restaurant:<\/h3><div class=\"textwidget\"><hr \/>\n<p>Wir befinden uns hier auf einer Rinderfarm und somit ist selbstredend was es zum Essen gibt. Der Grill l\u00e4uft immer\u00a0und die Salate, das Brot und Wurst sowie Steak sind lecker. Leider gibt es immer keinen richtigen Tisch und so muss der Teller halt auf die Schenkel. Wie gesagt, es ist rustikal hier.<\/p>\n<\/div><\/div><div id=\"panel-2451-1-0-9\" class=\"so-panel widget widget_black-studio-tinymce widget_black_studio_tinymce\" data-index=\"11\" ><h3 class=\"widget-title\">Personal:<\/h3><div class=\"textwidget\"><hr \/><p>Hottie und Sarah sind f\u00fcr alles zust\u00e4ndig. Ob Zimmer, Reservierung, Essen oder Reisetipps, die Beiden erledigen alles was in Ihrer Macht steht. Auch wenn es um die K\u00fchlbox f\u00fcr die n\u00e4chsten zwei Wochen geht, alles kein Problem.<\/p><\/div><\/div><div id=\"panel-2451-1-0-10\" class=\"so-panel widget widget_black-studio-tinymce widget_black_studio_tinymce\" data-index=\"12\" ><h3 class=\"widget-title\">Aktivit\u00e4ten:<\/h3><div class=\"textwidget\"><hr \/>\n<p class=\"Caption\">Ich nutze diese Station leider immer nur f\u00fcr einen Stopp auf dem Weg in die Kalahari aber dieser Platz bietet sich im Winter zur Beobachtung von Himmelsk\u00f6rpern an. Bei unserem ersten Besuch baute Hottie sogar ein Teleskop f\u00fcr uns auf ( man kann diese Ger\u00e4te hier auch mieten ) aber leider gab es noch viel Streulicht und der Mond war zu hell f\u00fcr\u00a0den perfekten Sternenhimmel. Fotob\u00fcchern und Berichten zu Folge muss es aber atemberaubend sein die Magellansche\u00a0Wolke im Winter zu beobachten.\u00a0\u00a0<\/p>\n<\/div><\/div><div id=\"panel-2451-1-0-11\" class=\"so-panel widget widget_black-studio-tinymce widget_black_studio_tinymce panel-last-child\" data-index=\"13\" ><h3 class=\"widget-title\">Klartext:<\/h3><div class=\"textwidget\"><hr \/>\n<p>Es geht recht einfach bei Hottie und Sarah zu und die vielen Hunde begr\u00fc\u00dfen den Gast doch sehr intensiv. Nachts\u00a0kr\u00e4ht der Hahn und die Wellnessdusche sollte man nicht erwarten. Rustikal steht im Vordergrund und so freue ich mich auch mehr bei der Geburt eines Kalb dabei sein zu k\u00f6nnen als den Luxus im Bad zu genie\u00dfen.<\/p>\n<p>\u00a0<\/p>\n<p>\u00a0<\/p>\n<\/div><\/div><\/div><\/div><div id=\"pg-2451-2\"  class=\"panel-grid panel-no-style\" ><div id=\"pgc-2451-2-0\"  class=\"panel-grid-cell\" ><div id=\"panel-2451-2-0-0\" class=\"so-panel widget widget_black-studio-tinymce widget_black_studio_tinymce panel-first-child panel-last-child\" data-index=\"14\" ><div class=\"textwidget\"><p><img loading=\"lazy\" decoding=\"async\" class=\"size-full wp-image-2455 aligncenter\" src=\"http:\/\/kruste.selfhost.me\/wordpress\/wp-content\/uploads\/2017\/02\/SAF_3974-e1487926877213.jpg\" alt=\"\" width=\"1024\" height=\"599\" srcset=\"http:\/\/kruste.selfhost.me\/wordpress\/wp-content\/uploads\/2017\/02\/SAF_3974-e1487926877213.jpg 1024w, http:\/\/kruste.selfhost.me\/wordpress\/wp-content\/uploads\/2017\/02\/SAF_3974-e1487926877213-150x88.jpg 150w, http:\/\/kruste.selfhost.me\/wordpress\/wp-content\/uploads\/2017\/02\/SAF_3974-e1487926877213-300x175.jpg 300w, http:\/\/kruste.selfhost.me\/wordpress\/wp-content\/uploads\/2017\/02\/SAF_3974-e1487926877213-768x449.jpg 768w, http:\/\/kruste.selfhost.me\/wordpress\/wp-content\/uploads\/2017\/02\/SAF_3974-e1487926877213-700x409.jpg 700w\" sizes=\"auto, (max-width: 1024px) 100vw, 1024px\" \/><\/p>\n<\/div><\/div><\/div><\/div><\/div>","protected":false},"excerpt":{"rendered":"<p>&nbsp; Auf diese kleine und sehr rustikale Unterkunft bin ich bei der Suche nach einem Stopp auf dem Weg in die Kalahari gesto\u00dfen. Die Lage<\/p>\n","protected":false},"author":1,"featured_media":0,"parent":777,"menu_order":0,"comment_status":"closed","ping_status":"closed","template":"","meta":{"footnotes":""},"class_list":["post-2451","page","type-page","status-publish","hentry"],"_links":{"self":[{"href":"http:\/\/kruste.selfhost.me\/wordpress\/index.php?rest_route=\/wp\/v2\/pages\/2451","targetHints":{"allow":["GET"]}}],"collection":[{"href":"http:\/\/kruste.selfhost.me\/wordpress\/index.php?rest_route=\/wp\/v2\/pages"}],"about":[{"href":"http:\/\/kruste.selfhost.me\/wordpress\/index.php?rest_route=\/wp\/v2\/types\/page"}],"author":[{"embeddable":true,"href":"http:\/\/kruste.selfhost.me\/wordpress\/index.php?rest_route=\/wp\/v2\/users\/1"}],"replies":[{"embeddable":true,"href":"http:\/\/kruste.selfhost.me\/wordpress\/index.php?rest_route=%2Fwp%2Fv2%2Fcomments&post=2451"}],"version-history":[{"count":1,"href":"http:\/\/kruste.selfhost.me\/wordpress\/index.php?rest_route=\/wp\/v2\/pages\/2451\/revisions"}],"predecessor-version":[{"id":2453,"href":"http:\/\/kruste.selfhost.me\/wordpress\/index.php?rest_route=\/wp\/v2\/pages\/2451\/revisions\/2453"}],"up":[{"embeddable":true,"href":"http:\/\/kruste.selfhost.me\/wordpress\/index.php?rest_route=\/wp\/v2\/pages\/777"}],"wp:attachment":[{"href":"http:\/\/kruste.selfhost.me\/wordpress\/index.php?rest_route=%2Fwp%2Fv2%2Fmedia&parent=2451"}],"curies":[{"name":"wp","href":"https:\/\/api.w.org\/{rel}","templated":true}]}}