{"id":2516,"date":"2017-08-03T08:20:00","date_gmt":"2017-08-03T06:20:00","guid":{"rendered":"http:\/\/kruste.selfhost.me\/wordpress\/?page_id=2516"},"modified":"2024-03-24T12:04:08","modified_gmt":"2024-03-24T10:04:08","slug":"swasiland","status":"publish","type":"page","link":"http:\/\/kruste.selfhost.me\/wordpress\/?page_id=2516","title":{"rendered":"Swasiland \/ Eswatini"},"content":{"rendered":"<div id=\"pl-2516\"  class=\"panel-layout\" ><div id=\"pg-2516-0\"  class=\"panel-grid panel-no-style\" ><div id=\"pgc-2516-0-0\"  class=\"panel-grid-cell\" ><div id=\"panel-2516-0-0-1\" class=\"so-panel widget widget_black-studio-tinymce widget_black_studio_tinymce\" data-index=\"1\" ><div class=\"textwidget\"><p class=\"paragraph_style\" style=\"color: #ffffff;\"><span style=\"color: #000000;\"><strong><span class=\"style_1\">L\u00e4ndername:\u00a0<\/span><\/strong><\/span><\/p>\n<p style=\"color: #919191;\"><span style=\"color: #000000;\">K\u00f6nigreich Swasiland<\/span><\/p>\n<p class=\"paragraph_style\" style=\"color: #ffffff;\"><span style=\"color: #000000;\"><strong>Flagge:<\/strong><\/span><\/p>\n<p><img loading=\"lazy\" decoding=\"async\" class=\"alignnone wp-image-2531\" src=\"http:\/\/kruste.selfhost.me\/wordpress\/wp-content\/uploads\/2017\/08\/Swasiland_1-e1501699960348.jpg\" alt=\"\" width=\"143\" height=\"95\" \/><\/p>\n<p>&nbsp;<\/p>\n<\/div><\/div><div id=\"panel-2516-0-0-2\" class=\"so-panel widget widget_text\" data-index=\"2\" >\t\t\t<div class=\"textwidget\"><section class=\"parallax-section\">\n<div class=\"parallax-window\" data-z-index=\"1\" data-position-x=\"left\" data-parallax=\"scroll\" data-speed=\".3\" data-image-src=\"http:\/\/kruste.selfhost.me\/wordpress\/wp-content\/uploads\/2020\/06\/DSC_1436.jpg\" style=\"align-items: flex-start;min-height: 550px;\">\n<div class=\"parallax-container parallax-content\">\n<\/div>\n<\/div>\n<\/section>\n<\/div>\n\t\t<\/div><div id=\"panel-2516-0-0-3\" class=\"so-panel widget widget_text\" data-index=\"3\" >\t\t\t<div class=\"textwidget\"><\/div>\n\t\t<\/div><div id=\"panel-2516-0-0-4\" class=\"so-panel widget widget_black-studio-tinymce widget_black_studio_tinymce\" data-index=\"4\" ><div class=\"panel-widget-style panel-widget-style-for-2516-0-0-4\" ><div class=\"textwidget\"><hr \/>\n<p><span style=\"color: #003399; font-size: 300%;\">Fl\u00e4che <\/span><span style=\"color: #003399; font-size: xx-large;\">17.360 qm\u00b2 <\/span><span style=\"color: #003399;\">Einwohner <\/span><span style=\"color: #003399; font-size: large;\">1.550.000 <\/span><span style=\"color: #003399; font-size: small;\">Hauptstadt <\/span><span style=\"color: #003399; font-size: x-large;\">Mbabane\u00a0<\/span><span style=\"color: #003399; font-size: small;\">Kennzeichen<\/span><span style=\"color: #003399;\"> SD\u00a0<\/span><span style=\"color: #003399; font-size: x-large;\">Lilangeni SZL\u00a0<\/span><span style=\"color: #003399; font-size: small;\">Vorwahl <\/span> <span style=\"color: #003399;\">00268\u00a0<\/span><span style=\"color: #003399; font-size: medium;\">Hannover - Mbabane 8.998 km <\/span><\/p>\n<hr \/>\n<\/div><\/div><\/div><div id=\"panel-2516-0-0-5\" class=\"so-panel widget widget_black-studio-tinymce widget_black_studio_tinymce panel-last-child\" data-index=\"5\" ><div class=\"textwidget\"><p class=\"paragraph_style\" style=\"color: #ffffff;\"><span style=\"color: #000000;\"><strong><span class=\"style_4\">Klima:<\/span><\/strong><\/span><\/p>\n<p>Es gibt 4 Klimazonen im Swasiland:<\/p>\n<p>Das Highveld, hier fallen die meisten Niederschl\u00e4ge ( Okt - Mrz ) aber oft sind es nur kurze Schauer. Es herrscht eine relativ hohe Luftfeuchtigkeit.<\/p>\n<p>Im Middleveld ist es trockener bei durchschnittlich 20\u00b0 C und circa 800 mm Niederschlag im Jahr.<\/p>\n<p>Im Lowveld regnet es deutlich weniger und die Temperaturen sind etwas h\u00f6her.<br \/>\nZu unserer Reisezeit war es jedoch sehr trocken und der Regen blieb schon seit fast 2 Jahre so gut wie aus. Die Temperaturen lagen bei unserer Reise im Juli zwischen 10\u00b0C und 30\u00b0C.<br \/>\nEs wehte ein k\u00fchler Wind.<\/p>\n<p>Eine Durchschnittstemperatur von 19\u00b0 C und etwa 900 mm Niederschlag gibt es in den Luborbo Bergen ( ein H\u00f6henr\u00fccken mit einer H\u00f6he von 600 m ).<\/p>\n<p class=\"paragraph_style\" style=\"color: #ffffff;\"><span style=\"color: #000000;\"><strong><span class=\"style_4\">Lage:\u00a0<\/span><\/strong><\/span><\/p>\n<p>Zwischen Mosambik im Osten und S\u00fcdafrika im Westen. Die h\u00f6chste Erhebung ist der Emlembe mit gut 1800 Metern.<\/p>\n<p class=\"paragraph_style\" style=\"color: #ffffff;\"><span style=\"color: #000000;\"><strong><span class=\"style_4\">Fl\u00e4che: \u00a0<\/span><\/strong><\/span><\/p>\n<p style=\"color: #919191;\"><span style=\"color: #000000;\">17.363 km\u00b2 \u00a0( zum Vergleich Deutschland mit\u00a0 357.050 qkm )<\/span><\/p>\n<p class=\"paragraph_style\" style=\"color: #ffffff;\"><span style=\"color: #000000;\"><strong><span class=\"style_4\">Hauptstadt:<\/span><\/strong><\/span><\/p>\n<p style=\"color: #919191;\"><span style=\"color: #000000;\">Mbabane ( circa 80.000 Einwohner)<\/span><\/p>\n<p class=\"paragraph_style\" style=\"color: #ffffff;\"><span style=\"color: #000000;\"><strong><span class=\"style_4\">Bev\u00f6lkerung: \u00a0<\/span><\/strong><\/span><\/p>\n<p style=\"color: #919191;\"><span style=\"color: #000000;\">Circa 1,5 Millionen Einwohner.<\/span><\/p>\n<p class=\"paragraph_style\" style=\"color: #ffffff;\"><span style=\"color: #000000;\"><strong><span class=\"style_4\">Landessprachen:<\/span><\/strong><\/span><\/p>\n<p style=\"color: #919191;\"><span style=\"color: #000000;\">siSwati und Englisch<\/span><\/p>\n<p class=\"paragraph_style\" style=\"color: #ffffff;\"><span style=\"color: #000000;\"><strong><span class=\"style_4\">Religionen \/ Kirchen:<\/span><\/strong><\/span><\/p>\n<p style=\"color: #919191;\"><span style=\"color: #000000;\">70 % christlich orientierte afrikanische Religionen, 25 Prozent Protestanten und Katholiken<\/span><\/p>\n<p class=\"paragraph_style\" style=\"color: #ffffff;\"><span class=\"style_4\" style=\"color: #000000;\"><strong>Nationaltag: \u00a0<\/strong> \u00a0<\/span><\/p>\n<p style=\"color: #919191;\"><span style=\"color: #000000;\">06. September ( unabh\u00e4ngig seit 1968, davor britisches Protektorat )<\/span><\/p>\n<p class=\"paragraph_style\" style=\"color: #ffffff;\"><span style=\"color: #000000;\"><strong><span class=\"style_4\">Internationale Vorwahl Malaysias:<\/span><\/strong><\/span><\/p>\n<p class=\"paragraph_style\" style=\"color: #ffffff;\"><span class=\"style_2\" style=\"color: #000000;\">00268<\/span><\/p>\n<p class=\"paragraph_style\" style=\"color: #ffffff;\"><span style=\"color: #000000;\"><strong><span class=\"style_4\">Wechselkurs:<\/span><\/strong><\/span><\/p>\n<p style=\"color: #ffffff;\"><span style=\"color: #000000;\">1 Lilangeni = 100 Cent<\/span><\/p>\n<p style=\"color: #ffffff;\"><strong><span style=\"color: #000000;\">Aktueller Wechselkurs (ohne Gew\u00e4hr):<\/span><\/strong><\/p>\n<p>F\u00fcr 1,00&nbsp;EUR erh\u00e4lt man zurzeit 19,40&nbsp;ZAR<\/p>\n<p>Durch die W\u00e4hrungsunion mit S\u00fcdafrika sind SZL und der S\u00fcdafrikanische Rand 1:1 miteinander gekoppelt.<\/p>\n<p style=\"color: #323333;\"><strong>Die Wechselkurse w\u00e4hrend meiner Reisen:<\/strong><\/p>\n<ul>\n<li>Juli 2017, \u00a0 1\u20ac = 15.10 SZL<\/li>\n<\/ul>\n<p>&nbsp;<\/p>\n<p style=\"color: #ffffff;\"><strong><span style=\"color: #000000;\">Einreise:<\/span><\/strong><\/p>\n<p style=\"color: #ffffff;\"><span style=\"color: #333333;\">Die Einreise f\u00fcr bis zu 90 Tage ist problemlos m\u00f6glich. F\u00fcr einen l\u00e4ngeren Aufenthalt oder eine notwendige Arbeitserlaubnis muss ein Visum beantragt werden. Wir haben die Grenz\u00fcberg\u00e4nge in Lavumisa ( sehr modern ) und Jeppes Reef ( Schlagbaum, Gartenstuhl und Regenschutz ) genutzt. Ein- bzw. Ausreise haben je nur 30 Minuten gedauert.<\/span><\/p>\n<p><span style=\"color: #000000;\"><strong>Hinweise:<\/strong><\/span><\/p>\n<p>Die Einfuhr von Schusswaffen\u00a0jeder Art und Drogen ist verboten und wird teilweise mit hohen Strafen geahndet.<br \/>\nBei der Einreise mit einem Mietwagen bitte vorab die Regelungen des Vermieters beachten und dieses ggf. anmelden.<\/p>\n<p><strong>Entfernung:<\/strong><\/p>\n<p><span style=\"color: #000000;\">Hannover - Mbabane 8.998 km<\/span><\/p>\n<h3>Karte:<\/h3>\n<hr \/>\n<\/div><\/div><\/div><\/div><div id=\"pg-2516-1\"  class=\"panel-grid panel-no-style\" ><div id=\"pgc-2516-1-0\"  class=\"panel-grid-cell\" ><div id=\"panel-2516-1-0-0\" class=\"so-panel widget panel-first-child panel-last-child\" data-index=\"6\" ><\/div><\/div><\/div><\/div>","protected":false},"excerpt":{"rendered":"<p>L\u00e4ndername:\u00a0 K\u00f6nigreich Swasiland Flagge: &nbsp; Fl\u00e4che 17.360 qm\u00b2 Einwohner 1.550.000 Hauptstadt Mbabane\u00a0Kennzeichen SD\u00a0Lilangeni SZL\u00a0Vorwahl 00268\u00a0Hannover &#8211; Mbabane 8.998 km Klima: Es gibt 4 Klimazonen im<\/p>\n","protected":false},"author":1,"featured_media":0,"parent":30,"menu_order":0,"comment_status":"closed","ping_status":"closed","template":"","meta":{"footnotes":""},"class_list":["post-2516","page","type-page","status-publish","hentry"],"_links":{"self":[{"href":"http:\/\/kruste.selfhost.me\/wordpress\/index.php?rest_route=\/wp\/v2\/pages\/2516","targetHints":{"allow":["GET"]}}],"collection":[{"href":"http:\/\/kruste.selfhost.me\/wordpress\/index.php?rest_route=\/wp\/v2\/pages"}],"about":[{"href":"http:\/\/kruste.selfhost.me\/wordpress\/index.php?rest_route=\/wp\/v2\/types\/page"}],"author":[{"embeddable":true,"href":"http:\/\/kruste.selfhost.me\/wordpress\/index.php?rest_route=\/wp\/v2\/users\/1"}],"replies":[{"embeddable":true,"href":"http:\/\/kruste.selfhost.me\/wordpress\/index.php?rest_route=%2Fwp%2Fv2%2Fcomments&post=2516"}],"version-history":[{"count":4,"href":"http:\/\/kruste.selfhost.me\/wordpress\/index.php?rest_route=\/wp\/v2\/pages\/2516\/revisions"}],"predecessor-version":[{"id":6659,"href":"http:\/\/kruste.selfhost.me\/wordpress\/index.php?rest_route=\/wp\/v2\/pages\/2516\/revisions\/6659"}],"up":[{"embeddable":true,"href":"http:\/\/kruste.selfhost.me\/wordpress\/index.php?rest_route=\/wp\/v2\/pages\/30"}],"wp:attachment":[{"href":"http:\/\/kruste.selfhost.me\/wordpress\/index.php?rest_route=%2Fwp%2Fv2%2Fmedia&parent=2516"}],"curies":[{"name":"wp","href":"https:\/\/api.w.org\/{rel}","templated":true}]}}