{"id":2542,"date":"2017-08-10T19:13:56","date_gmt":"2017-08-10T17:13:56","guid":{"rendered":"http:\/\/kruste.selfhost.me\/wordpress\/?page_id=2542"},"modified":"2021-03-13T20:48:26","modified_gmt":"2021-03-13T18:48:26","slug":"yingwe-phalaborwa","status":"publish","type":"page","link":"http:\/\/kruste.selfhost.me\/wordpress\/?page_id=2542","title":{"rendered":"Yingwe (Phalaborwa)"},"content":{"rendered":"<div id=\"pl-2542\"  class=\"panel-layout\" ><div id=\"pg-2542-0\"  class=\"panel-grid panel-no-style\" ><div id=\"pgc-2542-0-0\"  class=\"panel-grid-cell\" ><div id=\"panel-2542-0-0-0\" class=\"so-panel widget widget_black-studio-tinymce widget_black_studio_tinymce panel-first-child panel-last-child\" data-index=\"0\" ><div class=\"textwidget\"><div class=\"style_SkipStroke_2 shape-with-text flowDefining\">\n<div class=\"text-content style_External_485_494\">\n<div class=\"style\">\n<hr \/>\n<\/div>\n<div class=\"style\">\n<p class=\"paragraph_style\"><a href=\"https:\/\/www.tripadvisor.de\/Hotel_Review-g679661-d12827573-Reviews-Yingwe-Phalaborwa_Limpopo_Province.html\" target=\"_blank\" rel=\"noopener\">Yingwe<\/a> ( \u00fcbersetzt bedeutet es Leopard ) liegt am Stadtrand von Phalaborwa auf dem Grundst\u00fcck der Silonque Bush Estate. Ein Gebiet, auf dem einzelne Parzellen an Interessenten verkauft werden, die sich hier einen Ruhesitz oder Feriendomizil bauen wollen. Die H\u00e4user liegen in Abst\u00e4nden von mindestens 40 Metern voneinander entfernt und so st\u00f6rt keiner den Anderen. W\u00e4hrend unseres Aufenthalt waren nicht sehr viele Grundst\u00fccke bebaut und wir hatten freie Sicht auf den ( sehr trockenen ) Busch, was wirklich angenehm war. Yingwe eignet sich f\u00fcr ein paar entspannte Tage mit der Familie ( 4 Personen k\u00f6nnen hier sehr gut \u00fcbernachten ) und diente uns als Sprungbrett in den Kruger Park ( genaueres weiter unten ).<\/p>\n<p>Der Vorteil dieser Unterkunft liegt in der guten Ausstattung, dem g\u00fcnstigen Preis und der liebevoll eingerichteten Zimmer\/Terrasse. Alles ist sauber, praktisch und bequem.<\/p>\n<blockquote>\n<h2><span style=\"font-family: 'comic sans ms', sans-serif;\"><em>Wir haben uns wohlgef\u00fchlt<\/em><\/span><\/h2>\n<hr \/>\n<p>&nbsp;<\/p><\/blockquote>\n<\/div>\n<\/div>\n<\/div>\n<\/div><\/div><\/div><div id=\"pgc-2542-0-1\"  class=\"panel-grid-cell\" ><div id=\"panel-2542-0-1-0\" class=\"so-panel widget widget_black-studio-tinymce widget_black_studio_tinymce panel-first-child panel-last-child\" data-index=\"1\" ><div class=\"textwidget\"><p><img loading=\"lazy\" decoding=\"async\" class=\"size-full wp-image-2547 aligncenter\" src=\"http:\/\/kruste.selfhost.me\/wordpress\/wp-content\/uploads\/2017\/08\/SAF_2323.jpg\" alt=\"\" width=\"449\" height=\"768\" srcset=\"http:\/\/kruste.selfhost.me\/wordpress\/wp-content\/uploads\/2017\/08\/SAF_2323.jpg 449w, http:\/\/kruste.selfhost.me\/wordpress\/wp-content\/uploads\/2017\/08\/SAF_2323-88x150.jpg 88w, http:\/\/kruste.selfhost.me\/wordpress\/wp-content\/uploads\/2017\/08\/SAF_2323-175x300.jpg 175w\" sizes=\"auto, (max-width: 449px) 100vw, 449px\" \/><\/p>\n<\/div><\/div><\/div><\/div><div id=\"pg-2542-1\"  class=\"panel-grid panel-no-style\" ><div id=\"pgc-2542-1-0\"  class=\"panel-grid-cell\" ><div id=\"panel-2542-1-0-0\" class=\"so-panel widget widget_black-studio-tinymce widget_black_studio_tinymce panel-first-child\" data-index=\"2\" ><h3 class=\"widget-title\">Preise:<\/h3><div class=\"textwidget\"><hr \/>\n<ul>\n<li>Die \u00dcbernachtung kostete circa 120 \u20ac ( Eine Geb\u00fchr f\u00fcr die Einfahrt in das Reservat wurde nicht berechnet ).<\/li>\n<\/ul>\n<\/div><\/div><div id=\"panel-2542-1-0-1\" class=\"so-panel widget widget_black-studio-tinymce widget_black_studio_tinymce\" data-index=\"3\" ><h3 class=\"widget-title\">Kommunikation:<\/h3><div class=\"textwidget\"><div id=\"id4\" class=\"style_SkipStroke_4 shape-with-text\">\n<div class=\"text-content graphic_textbox_layout_style_default_External_138_130\">\n<div class=\"graphic_textbox_layout_style_default\">\n<hr \/>\n<ul>\n<li class=\"Caption\">Handyempfang ist gegeben. WLAN ist kostenfrei verf\u00fcgbar und die Verbindung war stabil.<\/li>\n<\/ul>\n<\/div>\n<\/div>\n<\/div>\n<\/div><\/div><div id=\"panel-2542-1-0-2\" class=\"so-panel widget widget_text\" data-index=\"4\" >\t\t\t<div class=\"textwidget\"><section class=\"parallax-section\">\n<div class=\"parallax-window\" data-z-index=\"1\" data-position-x=\"left\" data-parallax=\"scroll\" data-speed=\".3\" data-image-src=\"http:\/\/kruste.selfhost.me\/wordpress\/wp-content\/uploads\/2017\/12\/SAF_0377_web.jpg\" style=\"align-items: flex-start;min-height: 550px;\">\n<div class=\"parallax-container parallax-content\">\n<\/div>\n<\/div>\n<\/section>\n<\/div>\n\t\t<\/div><div id=\"panel-2542-1-0-3\" class=\"so-panel widget widget_black-studio-tinymce widget_black_studio_tinymce\" data-index=\"5\" ><h3 class=\"widget-title\">Anreise:<\/h3><div class=\"textwidget\"><hr \/>\n<p class=\"paragraph_style_2\">Unsere Anfahrt erfolgte aus dem Kruger Park ( Gate Phalaborwa ) und dauerte von dort circa 30 Minuten. Die letzten 5 Kilometer, von der Hauptstra\u00dfe in Phalaborwa bis zum Eingangstor der\u00a0Silonque Bush Estate, sind dabei etwas schlechter zu fahren. Das Waschbrettmuster der Gravel Road sch\u00fcttelt einen schon etwas durch und ich war froh \u00fcber unseren gro\u00dfen Toyota Fortuner.<\/p>\n<\/div><\/div><div id=\"panel-2542-1-0-4\" class=\"so-panel widget widget_black-studio-tinymce widget_black_studio_tinymce\" data-index=\"6\" ><h3 class=\"widget-title\">Meine Reisezeiten:<\/h3><div class=\"textwidget\"><hr \/>\n<ul>\n<li>Juli 2017<\/li>\n<\/ul>\n<\/div><\/div><div id=\"panel-2542-1-0-5\" class=\"so-panel widget widget_black-studio-tinymce widget_black_studio_tinymce\" data-index=\"7\" ><h3 class=\"widget-title\">Das Wetter:<\/h3><div class=\"textwidget\"><hr \/>\n<p>\u00a0 \u00a0 Juli 2017<\/p>\n<ul>\n<li>Nachts um die 10 \u00b0C und am Tag angenehme 25\u00b0C. Teilweise leichte Bew\u00f6lkung aber oft etwas Wind.\u00a0<\/li>\n<\/ul>\n<p class=\"paragraph_style\"><span class=\"style_1\">\u00a0<\/span><\/p>\n<\/div><\/div><div id=\"panel-2542-1-0-6\" class=\"so-panel widget widget_black-studio-tinymce widget_black_studio_tinymce\" data-index=\"8\" ><h3 class=\"widget-title\">Unterkunft:<\/h3><div class=\"textwidget\"><hr \/>\n<p class=\"paragraph_style\"><span class=\"style_1\">Sehr sch\u00f6n und liebevoll eingerichtet. Es stehen viele kleine Accessoires in den Zimmern und wir haben uns richtig gut erholt.<br \/><\/span><\/p>\n<p class=\"paragraph_style\"><span class=\"style_1\">Im Innenbereich stehen 2 Schlafzimmer mit eigenem Bad, eine gut ausgestattete K\u00fcche und ein Wohn\/Essbereich zur Verf\u00fcgung.<br \/>Au\u00dfen gibt es einen Whirlpool, die sch\u00f6ne Au\u00dfendusche, eine Terrasse mit Grill und Sitzplatz sowie ein Carport.<\/span><\/p>\n<p>( Ein gro\u00dfer Pool kann am Eingangsbereich genutzt werden )<\/p>\n<p>F\u00fcr einen angenehmen Aufenthalt ist alles vorhanden.<\/p>\n<\/div><\/div><div id=\"panel-2542-1-0-7\" class=\"so-panel widget widget_black-studio-tinymce widget_black_studio_tinymce\" data-index=\"9\" ><div class=\"textwidget\"><p><img loading=\"lazy\" decoding=\"async\" class=\"size-full wp-image-2546 aligncenter\" src=\"http:\/\/kruste.selfhost.me\/wordpress\/wp-content\/uploads\/2017\/08\/SAF_2326.jpg\" alt=\"\" width=\"1024\" height=\"324\" srcset=\"http:\/\/kruste.selfhost.me\/wordpress\/wp-content\/uploads\/2017\/08\/SAF_2326.jpg 1024w, http:\/\/kruste.selfhost.me\/wordpress\/wp-content\/uploads\/2017\/08\/SAF_2326-150x47.jpg 150w, http:\/\/kruste.selfhost.me\/wordpress\/wp-content\/uploads\/2017\/08\/SAF_2326-300x95.jpg 300w, http:\/\/kruste.selfhost.me\/wordpress\/wp-content\/uploads\/2017\/08\/SAF_2326-768x243.jpg 768w, http:\/\/kruste.selfhost.me\/wordpress\/wp-content\/uploads\/2017\/08\/SAF_2326-700x221.jpg 700w\" sizes=\"auto, (max-width: 1024px) 100vw, 1024px\" \/><\/p>\n<\/div><\/div><div id=\"panel-2542-1-0-8\" class=\"so-panel widget widget_black-studio-tinymce widget_black_studio_tinymce\" data-index=\"10\" ><h3 class=\"widget-title\">K\u00fcche \/ Restaurant:<\/h3><div class=\"textwidget\"><hr \/>\n<p>Auf Wunsch und nach Absprache kann ein Fr\u00fchst\u00fcck bestellt werden. Wir haben dies, aufgrund der gut ausgestatteten K\u00fcche und den vielseitigen Einkaufsm\u00f6glichkeiten, nicht genutzt.<\/p>\n<p>Von Zeit zu Zeit organisieren die Mitarbeiter der \"Verwaltung\" einen Grillabend in der N\u00e4he des Hauptgeb\u00e4ude. F\u00fcr 250 Rand ein sch\u00f6ner Abend und eine gute M\u00f6glichkeit mit anderen G\u00e4sten ins Gespr\u00e4ch zu kommen.<\/p>\n<\/div><\/div><div id=\"panel-2542-1-0-9\" class=\"so-panel widget widget_black-studio-tinymce widget_black_studio_tinymce\" data-index=\"11\" ><h3 class=\"widget-title\">Personal:<\/h3><div class=\"textwidget\"><hr \/><p>Sollten Fragen aufkommen oder werden Tipps ben\u00f6tigt, kann man sich gerne an die Mitarbeiter im B\u00fcro wenden.<\/p><p><br \/>Angenehm sind die \"kleinen\" Helfer, die die t\u00e4gliche Arbeit erledigen. Der Grill ist am Abend sauber, das Geschirr abgewaschen und der Boden gewischt. Danke f\u00fcr diesen Service ! \u00a0<\/p><\/div><\/div><div id=\"panel-2542-1-0-10\" class=\"so-panel widget widget_black-studio-tinymce widget_black_studio_tinymce\" data-index=\"12\" ><h3 class=\"widget-title\">Aktivit\u00e4ten:<\/h3><div class=\"textwidget\"><hr \/>\n<p>Es ist kein Problem den Tag auf der Terrasse zu verbringen und die Sonne zu genie\u00dfen. Gerade wenn, wie im Jahr 2017, t\u00e4glich die Regenmeldungen aus Hannover eintreffen.<\/p>\n<p>Sonst bietet es sich an die N\u00e4he zum Kruger Park zu nutzen und am Sable Damm nach Raubkatzen zu suchen. Ich hatte Gl\u00fcck ( siehe Bild oben ).<\/p>\n<p>Phalaborwa selbst lohnt sich kaum f\u00fcr einen Ausflug. Es gibt zwar einige Gesch\u00e4fte und eine Mall aber mehr als Eink\u00e4ufe f\u00fcr den t\u00e4glichen Bedarf haben wir nicht get\u00e4tigt. Eventuell lohnt sich ein Ausflug zum \" Home of Amarula \". \u00a0<\/p>\n<\/div><\/div><div id=\"panel-2542-1-0-11\" class=\"so-panel widget widget_black-studio-tinymce widget_black_studio_tinymce\" data-index=\"13\" ><h3 class=\"widget-title\">Tipps:<\/h3><div class=\"textwidget\"><hr \/>\n<ul>\n<li><span class=\"style_1\">Mit etwas Gl\u00fcck gibt es das Aardvark in der Nachbarschaft zu sehen.<\/span><\/li>\n<li>Dinner mit anderen G\u00e4ste.<\/li>\n<li>Der Blick auf die kleine Wasserstelle vor dem Zimmer.<\/li>\n<li>Sonnenaufgang aus dem Bett genie\u00dfen.<\/li>\n<li>Beim abendlichen Grillen den Blick in den Busch nicht vergessen. Hy\u00e4nen m\u00f6gen gerne das Grillfleisch der G\u00e4ste.<\/li>\n<li>Etwas frisches Obst lockt die Stachelschwein an.<\/li>\n<li>Nachts die Ohren auf. L\u00f6wen und Hy\u00e4nen h\u00f6ren such einfach gut an.<\/li>\n<\/ul>\n<\/div><\/div><div id=\"panel-2542-1-0-12\" class=\"so-panel widget widget_black-studio-tinymce widget_black_studio_tinymce\" data-index=\"14\" ><h3 class=\"widget-title\">Gut zu wissen:<\/h3><div class=\"textwidget\"><hr \/>\n<p>Guido, der Eigent\u00fcmer, gibt gerne Tipps \u00fcber Orte im Kruger Park, die es lohnt zu besuchen. Weiter gibt es eine Gruppe auf Facebook, die sich mit der Sichtung von Raubkatzen in der Umgebung des Phalaborwa Gates des Kruger Park austauscht. Ihr k\u00f6nnt mich gerne hierzu anschreiben.<\/p>\n<\/div><\/div><div id=\"panel-2542-1-0-13\" class=\"so-panel widget widget_black-studio-tinymce widget_black_studio_tinymce panel-last-child\" data-index=\"15\" ><div class=\"textwidget\"><\/div><\/div><\/div><\/div><div id=\"pg-2542-2\"  class=\"panel-grid panel-no-style\" ><div id=\"pgc-2542-2-0\"  class=\"panel-grid-cell\" ><div id=\"panel-2542-2-0-0\" class=\"so-panel widget widget_black-studio-tinymce widget_black_studio_tinymce panel-first-child\" data-index=\"16\" ><h3 class=\"widget-title\">Klartext:<\/h3><div class=\"textwidget\"><hr \/>\n<p><span style=\"color: #000000;\">Das Grundst\u00fcck grenzt direkt an den circa 400 Meter entfernten Kruger Park, welcher aber leider durch einen Zaun getrennt ist ( man \u00fcberlegt zurzeit (Juli 2017) den Zaun zu entfernen ).<br \/><\/span><span style=\"color: #000000;\">Durch diese Trennung ist der Bestand an Tieren auf dem Grundst\u00fcck sehr gering und eine Safari lohnt sich nicht wirklich. Zwar zerst\u00f6ren Elefanten von Zeit zu Zeit die Z\u00e4une und L\u00f6wen und Co kommen auf das Grundst\u00fcck aber das scheint recht selten.<\/span><\/p>\n<p>Auf der einen Seite ist der Kruger Park nur 400m entfernt aber um diesen zu besuchen ben\u00f6tigt man doch gut 30 Minuten. Wie oben beschrieben, ist die Stra\u00dfe zum Park recht staubig und man wird gut durchgesch\u00fcttelt.<\/p>\n<\/div><\/div><div id=\"panel-2542-2-0-1\" class=\"so-panel widget widget_black-studio-tinymce widget_black_studio_tinymce panel-last-child\" data-index=\"17\" ><div class=\"textwidget\"><p><img loading=\"lazy\" decoding=\"async\" class=\"aligncenter size-full wp-image-7495\" src=\"http:\/\/kruste.selfhost.me\/wordpress\/wp-content\/uploads\/2020\/07\/SAF_2309-scaled.jpg\" alt=\"\" width=\"2560\" height=\"1435\" srcset=\"http:\/\/kruste.selfhost.me\/wordpress\/wp-content\/uploads\/2020\/07\/SAF_2309-scaled.jpg 2560w, http:\/\/kruste.selfhost.me\/wordpress\/wp-content\/uploads\/2020\/07\/SAF_2309-300x168.jpg 300w, http:\/\/kruste.selfhost.me\/wordpress\/wp-content\/uploads\/2020\/07\/SAF_2309-1024x574.jpg 1024w, http:\/\/kruste.selfhost.me\/wordpress\/wp-content\/uploads\/2020\/07\/SAF_2309-150x84.jpg 150w, http:\/\/kruste.selfhost.me\/wordpress\/wp-content\/uploads\/2020\/07\/SAF_2309-768x431.jpg 768w, http:\/\/kruste.selfhost.me\/wordpress\/wp-content\/uploads\/2020\/07\/SAF_2309-1536x861.jpg 1536w, http:\/\/kruste.selfhost.me\/wordpress\/wp-content\/uploads\/2020\/07\/SAF_2309-2048x1148.jpg 2048w\" sizes=\"auto, (max-width: 2560px) 100vw, 2560px\" \/><\/p>\n<\/div><\/div><\/div><\/div><\/div>","protected":false},"excerpt":{"rendered":"<p>Yingwe ( \u00fcbersetzt bedeutet es Leopard ) liegt am Stadtrand von Phalaborwa auf dem Grundst\u00fcck der Silonque Bush Estate. Ein Gebiet, auf dem einzelne Parzellen<\/p>\n","protected":false},"author":1,"featured_media":0,"parent":151,"menu_order":0,"comment_status":"closed","ping_status":"closed","template":"","meta":{"footnotes":""},"class_list":["post-2542","page","type-page","status-publish","hentry"],"_links":{"self":[{"href":"http:\/\/kruste.selfhost.me\/wordpress\/index.php?rest_route=\/wp\/v2\/pages\/2542","targetHints":{"allow":["GET"]}}],"collection":[{"href":"http:\/\/kruste.selfhost.me\/wordpress\/index.php?rest_route=\/wp\/v2\/pages"}],"about":[{"href":"http:\/\/kruste.selfhost.me\/wordpress\/index.php?rest_route=\/wp\/v2\/types\/page"}],"author":[{"embeddable":true,"href":"http:\/\/kruste.selfhost.me\/wordpress\/index.php?rest_route=\/wp\/v2\/users\/1"}],"replies":[{"embeddable":true,"href":"http:\/\/kruste.selfhost.me\/wordpress\/index.php?rest_route=%2Fwp%2Fv2%2Fcomments&post=2542"}],"version-history":[{"count":1,"href":"http:\/\/kruste.selfhost.me\/wordpress\/index.php?rest_route=\/wp\/v2\/pages\/2542\/revisions"}],"predecessor-version":[{"id":2543,"href":"http:\/\/kruste.selfhost.me\/wordpress\/index.php?rest_route=\/wp\/v2\/pages\/2542\/revisions\/2543"}],"up":[{"embeddable":true,"href":"http:\/\/kruste.selfhost.me\/wordpress\/index.php?rest_route=\/wp\/v2\/pages\/151"}],"wp:attachment":[{"href":"http:\/\/kruste.selfhost.me\/wordpress\/index.php?rest_route=%2Fwp%2Fv2%2Fmedia&parent=2542"}],"curies":[{"name":"wp","href":"https:\/\/api.w.org\/{rel}","templated":true}]}}