{"id":2551,"date":"2017-08-15T10:12:22","date_gmt":"2017-08-15T08:12:22","guid":{"rendered":"http:\/\/kruste.selfhost.me\/wordpress\/?page_id=2551"},"modified":"2017-08-15T10:26:40","modified_gmt":"2017-08-15T08:26:40","slug":"bushwillow-royal-jozini-lavumisa","status":"publish","type":"page","link":"http:\/\/kruste.selfhost.me\/wordpress\/?page_id=2551","title":{"rendered":"Bushwillow Royal Jozini (Lavumisa)"},"content":{"rendered":"<div id=\"pl-2551\"  class=\"panel-layout\" ><div id=\"pg-2551-0\"  class=\"panel-grid panel-no-style\" ><div id=\"pgc-2551-0-0\"  class=\"panel-grid-cell\" ><div id=\"panel-2551-0-0-0\" class=\"so-panel widget widget_black-studio-tinymce widget_black_studio_tinymce panel-first-child panel-last-child\" data-index=\"0\" ><div class=\"textwidget\"><div class=\"style_SkipStroke_2 shape-with-text flowDefining\">\n<div class=\"text-content style_External_485_494\">\n<div>\u00a0<\/div>\n<div class=\"style\">\u00a0<\/div>\n<div class=\"style\">\n<p class=\"paragraph_style\">Das Royal Jozini ist ein\u00a014.000 Hektar gro\u00dfes Gebiet, welches direkt an der Grenze zu S\u00fcdafrika liegt. Beworben wird die private Anlage als BIG 6 Reservat, welches so aber leider nicht der Wirklichkeit entspricht. L\u00f6wen sind auf dem Gel\u00e4nde keine zu finden und die Nash\u00f6rner wurden in einen anderen Park migriert. Da es auch keine Geparden oder Hy\u00e4nen gibt, h\u00e4lt sich der Bestand von Raubtieren in Grenzen. Mit viel Gl\u00fcck k\u00f6nnen Leoparden gesehen werden.<\/p>\n<p>Der Grund, warum man eine Unterkunft im Royal Jozini bucht liegt sicher an der direkten Lage am Jozini See, der sch\u00f6nen Landschaft mit den Bergen im Hintergrund und dem intakten Busch.<\/p>\n<p class=\"paragraph_style\">\u00a0<\/p>\n<\/div>\n<\/div>\n<\/div>\n<\/div><\/div><\/div><div id=\"pgc-2551-0-1\"  class=\"panel-grid-cell\" ><div id=\"panel-2551-0-1-0\" class=\"so-panel widget widget_black-studio-tinymce widget_black_studio_tinymce panel-first-child panel-last-child\" data-index=\"1\" ><div class=\"textwidget\"><p><img loading=\"lazy\" decoding=\"async\" class=\"size-full wp-image-2518 alignright\" src=\"http:\/\/kruste.selfhost.me\/wordpress\/wp-content\/uploads\/2017\/08\/SAF_0460.jpg\" alt=\"\" width=\"1024\" height=\"576\" srcset=\"http:\/\/kruste.selfhost.me\/wordpress\/wp-content\/uploads\/2017\/08\/SAF_0460.jpg 1024w, http:\/\/kruste.selfhost.me\/wordpress\/wp-content\/uploads\/2017\/08\/SAF_0460-150x84.jpg 150w, http:\/\/kruste.selfhost.me\/wordpress\/wp-content\/uploads\/2017\/08\/SAF_0460-300x169.jpg 300w, http:\/\/kruste.selfhost.me\/wordpress\/wp-content\/uploads\/2017\/08\/SAF_0460-768x432.jpg 768w, http:\/\/kruste.selfhost.me\/wordpress\/wp-content\/uploads\/2017\/08\/SAF_0460-700x393.jpg 700w\" sizes=\"auto, (max-width: 1024px) 100vw, 1024px\" \/><\/p>\n<\/div><\/div><\/div><\/div><div id=\"pg-2551-1\"  class=\"panel-grid panel-no-style\" ><div id=\"pgc-2551-1-0\"  class=\"panel-grid-cell\" ><div id=\"panel-2551-1-0-0\" class=\"so-panel widget widget_black-studio-tinymce widget_black_studio_tinymce panel-first-child\" data-index=\"2\" ><div class=\"textwidget\"><p>Beachtet werden muss jedoch der Wasserstand des Jozini See. Im Jahr 2017 lag der Pegelstand durch die anhaltende Trockenheit bei unter 40% und wer zum Angel oder f\u00fcr Bootsfahrt zum Sonnenuntergang anreiste, wurde entt\u00e4uscht. \u00a0Es war einfach nicht m\u00f6glich ein Boot ins Wasser zu lassen, denn es war fast kein Wasser mehr vorhanden !<br \/> Ich bin so mit dem Auto durch die Marina gefahren und konnte mir das letzte auf Grund gelaufene Boot von unten ansehen. Es war wirklich traurig und sollte es nicht bald richtig regnen, hat die Region ein wirklich gro\u00dfes Problem.\u00a0<\/p>\n<\/div><\/div><div id=\"panel-2551-1-0-1\" class=\"so-panel widget widget_black-studio-tinymce widget_black_studio_tinymce\" data-index=\"3\" ><h3 class=\"widget-title\">Preise:<\/h3><div class=\"textwidget\"><hr \/>\n<ul>\n<li>Die \u00dcbernachtung kostete offiziell 250 \u20ac, wobei f\u00fcr diesen Preis eine Belegung mit 8 Personen m\u00f6glich gewesen w\u00e4re. 50 Rand Parkgeb\u00fchr pro Person und Tag sind dabei inkludiert.<\/li>\n<\/ul>\n<\/div><\/div><div id=\"panel-2551-1-0-2\" class=\"so-panel widget widget_black-studio-tinymce widget_black_studio_tinymce\" data-index=\"4\" ><h3 class=\"widget-title\">Kommunikation:<\/h3><div class=\"textwidget\"><div id=\"id4\" class=\"style_SkipStroke_4 shape-with-text\">\n<div class=\"text-content graphic_textbox_layout_style_default_External_138_130\">\n<div class=\"graphic_textbox_layout_style_default\">\n<hr \/>\n<ul>\n<li class=\"Caption\">Handyempfang ist gegeben. WLAN leider nicht.<\/li>\n<\/ul>\n<\/div>\n<\/div>\n<\/div>\n<\/div><\/div><div id=\"panel-2551-1-0-3\" class=\"so-panel widget widget_black-studio-tinymce widget_black_studio_tinymce\" data-index=\"5\" ><div class=\"textwidget\"><p><img loading=\"lazy\" decoding=\"async\" class=\"size-full wp-image-2520 aligncenter\" src=\"http:\/\/kruste.selfhost.me\/wordpress\/wp-content\/uploads\/2017\/08\/SAF_0566-e1502781353453.jpg\" alt=\"\" width=\"1024\" height=\"501\" srcset=\"http:\/\/kruste.selfhost.me\/wordpress\/wp-content\/uploads\/2017\/08\/SAF_0566-e1502781353453.jpg 1024w, http:\/\/kruste.selfhost.me\/wordpress\/wp-content\/uploads\/2017\/08\/SAF_0566-e1502781353453-150x73.jpg 150w, http:\/\/kruste.selfhost.me\/wordpress\/wp-content\/uploads\/2017\/08\/SAF_0566-e1502781353453-300x147.jpg 300w, http:\/\/kruste.selfhost.me\/wordpress\/wp-content\/uploads\/2017\/08\/SAF_0566-e1502781353453-768x376.jpg 768w, http:\/\/kruste.selfhost.me\/wordpress\/wp-content\/uploads\/2017\/08\/SAF_0566-e1502781353453-700x342.jpg 700w\" sizes=\"auto, (max-width: 1024px) 100vw, 1024px\" \/><\/p>\n<\/div><\/div><div id=\"panel-2551-1-0-4\" class=\"so-panel widget widget_black-studio-tinymce widget_black_studio_tinymce\" data-index=\"6\" ><h3 class=\"widget-title\">Anreise:<\/h3><div class=\"textwidget\"><hr \/>\n<p class=\"paragraph_style_2\">Das Gebiet liegt in der N\u00e4he des Grenz\u00fcbergang Golela und die Anfahrt ist mit einen normalen PKW ohne Problem m\u00f6glich. Die Hauptstra\u00dfe (MR8) war ohne Schlagl\u00f6cher und die Wege auf dem Gel\u00e4nde selbst sind fast noch besser ( leicht \u00fcbertrieben ).<\/p>\n<p>Wir hatten f\u00fcr die Grenzkontrolle bei An\/Abreise je 1 Stunde eingeplant und waren \u00fcberrascht, wie schnell und unkompliziert alles ablief und dabei war es egal, ob der moderne Grenz\u00fcbergang in Golela oder der \u00fcbersichtliche bei Jeppes Reef genutzt wurde.<\/p>\n<\/div><\/div><div id=\"panel-2551-1-0-5\" class=\"so-panel widget widget_black-studio-tinymce widget_black_studio_tinymce\" data-index=\"7\" ><h3 class=\"widget-title\">Meine Reisezeiten:<\/h3><div class=\"textwidget\"><hr \/>\n<ul>\n<li>Juli 2017<\/li>\n<\/ul>\n<\/div><\/div><div id=\"panel-2551-1-0-6\" class=\"so-panel widget widget_black-studio-tinymce widget_black_studio_tinymce\" data-index=\"8\" ><h3 class=\"widget-title\">Das Wetter:<\/h3><div class=\"textwidget\"><hr \/>\n<p>\u00a0 \u00a0 Juli 2017<\/p>\n<ul>\n<li>Nachts um die 10 \u00b0C und am Tag angenehme 25\u00b0C. Teilweise leichte Bew\u00f6lkung aber oft etwas Wind. Eine Nacht war es jedoch so windig, dass St\u00fchle von der Terrasse in den Pool wehten und wir am Morgen froh waren, dass das Dach noch heile war.<\/li>\n<\/ul>\n<p class=\"paragraph_style\">\u00a0<\/p>\n<\/div><\/div><div id=\"panel-2551-1-0-7\" class=\"so-panel widget widget_black-studio-tinymce widget_black_studio_tinymce\" data-index=\"9\" ><h3 class=\"widget-title\">Unterkunft:<\/h3><div class=\"textwidget\"><hr \/>\n<p class=\"paragraph_style\">Wer die\u00a0Bushwillow Lodge mietet erh\u00e4lt gleich 2 H\u00e4user. Ein kleineres mit 2 Schlafzimmer und 2 B\u00e4dern ( je mit Dusche und Badewanne ausgestattet ) sowie das eigentliche Haupthaus.<\/p>\n<p class=\"paragraph_style\">Dieses besteht aus weiteren 2 Schlafzimmern ( jedes mit Bad, Dusche und Badewanne ), einer gro\u00dfen Terrasse mit (kaltem) Pool und einem Ess \/ Wohn -Kochbereich. Die K\u00fcche ist gut ausgestattet und neben K\u00fchlschrank und Gefriertruhe gibt es auch eine Waschmaschine.<\/p>\n<\/div><\/div><div id=\"panel-2551-1-0-8\" class=\"so-panel widget widget_black-studio-tinymce widget_black_studio_tinymce\" data-index=\"10\" ><div class=\"textwidget\"><p><img loading=\"lazy\" decoding=\"async\" class=\"aligncenter wp-image-2522 size-full\" src=\"http:\/\/kruste.selfhost.me\/wordpress\/wp-content\/uploads\/2017\/08\/SAF_0610-e1502781435259.jpg\" alt=\"\" width=\"1024\" height=\"430\" srcset=\"http:\/\/kruste.selfhost.me\/wordpress\/wp-content\/uploads\/2017\/08\/SAF_0610-e1502781435259.jpg 1024w, http:\/\/kruste.selfhost.me\/wordpress\/wp-content\/uploads\/2017\/08\/SAF_0610-e1502781435259-150x63.jpg 150w, http:\/\/kruste.selfhost.me\/wordpress\/wp-content\/uploads\/2017\/08\/SAF_0610-e1502781435259-300x126.jpg 300w, http:\/\/kruste.selfhost.me\/wordpress\/wp-content\/uploads\/2017\/08\/SAF_0610-e1502781435259-768x323.jpg 768w, http:\/\/kruste.selfhost.me\/wordpress\/wp-content\/uploads\/2017\/08\/SAF_0610-e1502781435259-700x294.jpg 700w\" sizes=\"auto, (max-width: 1024px) 100vw, 1024px\" \/><\/p>\n<\/div><\/div><div id=\"panel-2551-1-0-9\" class=\"so-panel widget widget_black-studio-tinymce widget_black_studio_tinymce\" data-index=\"11\" ><h3 class=\"widget-title\">K\u00fcche \/ Restaurant:<\/h3><div class=\"textwidget\"><hr \/>\n<p>Lebensmittel mussten selbst mitgebracht werden doch Feuerholz und Grillzange lagen bereit und f\u00fcr den entspannten Grillabend stand hinter dem Haus einen gro\u00dfer Grillplatz zur Verf\u00fcgung. <br \/>Wir hatten am ersten Abend ein Abendessen in einem benachbartem Hotel gebucht und kamen so mit den Eigent\u00fcmern ins Gespr\u00e4ch. Es gab gute Hintergrundinformationen sowie Berichte \u00fcber das Reservat und schon aus diesem Grund war es eine gute Entscheidung.<\/p>\n<\/div><\/div><div id=\"panel-2551-1-0-10\" class=\"so-panel widget widget_black-studio-tinymce widget_black_studio_tinymce\" data-index=\"12\" ><h3 class=\"widget-title\">Personal:<\/h3><div class=\"textwidget\"><hr \/><p>Schon vor der Anreise f\u00e4llt der freundliche Kontakt auf. Lynda gibt genaue Beschreibungen zur Anreise und hilft bei Fragen gerne weiter.<\/p><p>Vor Ort unterst\u00fctz eine sehr freundliche Angestellte und um den Abwasch braucht man sich nicht zu k\u00fcmmern. <br \/>Auch wenn die Gasflaschen ( Kochen \/ Warmwasser ) einmal leer waren wurde schnell Ersatz geliefert. Bei uns gab es zudem Probleme mit dem Gasherd doch auch hier wurde sogar nach Feierabend noch alles repariert.<\/p><p>\u00a0<\/p><\/div><\/div><div id=\"panel-2551-1-0-11\" class=\"so-panel widget widget_black-studio-tinymce widget_black_studio_tinymce\" data-index=\"13\" ><h3 class=\"widget-title\">Aktivit\u00e4ten:<\/h3><div class=\"textwidget\"><hr \/>\n<p>Kleine Safaris, einen Ausflug in die Umgebung oder der kalte Pool lassen die Zeit schnell verstreichen. Wer mehr als drei N\u00e4chte bleibt sollte aber gute B\u00fccher im Gep\u00e4ck haben.<\/p>\n<p>\u00a0<\/p>\n<\/div><\/div><div id=\"panel-2551-1-0-12\" class=\"so-panel widget widget_black-studio-tinymce widget_black_studio_tinymce\" data-index=\"14\" ><h3 class=\"widget-title\">Tipps:<\/h3><div class=\"textwidget\"><hr \/>\n<ul>\n<li>Mit einem SUV ist es m\u00f6glich den ausgetrockneten Bereich am See zu befahren und so Wasserb\u00f6cke, Giraffen, Elefanten und Zebras zu sehen. Die Tiere sind jedoch recht scheu und schnell verschwunden nur vor den Elefanten wurden wir gewarnt.\u00a0<\/li>\n<li>Der Sonnenuntergang ist einfach sch\u00f6n und l\u00e4sst sich gut von der eigenen Terrasse bewundern.<\/li>\n<\/ul>\n<\/div><\/div><div id=\"panel-2551-1-0-13\" class=\"so-panel widget widget_black-studio-tinymce widget_black_studio_tinymce panel-last-child\" data-index=\"15\" ><h3 class=\"widget-title\">Gut zu wissen:<\/h3><div class=\"textwidget\"><hr \/>\n<p>Wie Eingangs beschrieben ist der Wasserspiegel des Jozini See ein Punkt, dem man vor der Buchung Beachtung schenken sollte. Wir hatten leider Pech und konnten keinen Sonnenuntergang vom Boot aus betrachten und den viel beworbenen Tiger Fisch gibt es ohne Wasser auch nicht an den Haken.<br \/>Weiter verstehe ich die Werbung mit den BIG 6 nicht so richtig. Ohne L\u00f6wen und Nash\u00f6rnern ist dies schon sehr irref\u00fchrend und h\u00e4tte ich nicht vor unserer Anreise erfahren, dass es hier keine L\u00f6wen gibt, w\u00e4re ich sehr frustriert gewesen.<br \/>Weiter sollte vorab erw\u00e4hnt werden, dass durch neue Z\u00e4une Elefant von den H\u00e4usern ferngehalten werden. Dies dient zum Schutz der Geb\u00e4ude jedoch fehlt so das richtige Feeling wie es die Bilder im Netzt anpreisen.<\/p>\n<p>In der Nacht wird es jedoch schon spannend. Unter dem Wellblech herrscht ein reges Treiben und wir fragten uns, ob dies wirklich nur ein Waran sein konnte.<\/p>\n<p>Ein weitere Punkt vor dem gewarnt wird sind kleine Parasiten, die im See vorkommen. Schistosoma ( Umgangssprachlich Nilwurm ) sind P\u00e4rchenegel und die m\u00f6chte sicher keiner gerne im K\u00f6rper haben.<\/p>\n<p>\u00a0<\/p>\n<\/div><\/div><\/div><\/div><div id=\"pg-2551-2\"  class=\"panel-grid panel-no-style\" ><div id=\"pgc-2551-2-0\"  class=\"panel-grid-cell\" ><div id=\"panel-2551-2-0-0\" class=\"so-panel widget widget_black-studio-tinymce widget_black_studio_tinymce panel-first-child\" data-index=\"16\" ><h3 class=\"widget-title\">Klartext:<\/h3><div class=\"textwidget\"><hr \/>\n<p><span style=\"color: #000000;\">Die Zimmer sind sch\u00f6n und die Ausstattung l\u00e4sst nichts zu w\u00fcnschen \u00fcbrig. Wer jedoch gro\u00dfe Safaris plant, zum Angeln m\u00f6chte oder mit dem Boot auf den See will, wird ( zurzeit ) entt\u00e4uscht abreisen. Ich hatte die Lodge als Zwischenstopp auf unserem Weg von St Lucia in den Kruger Park gebucht w\u00fcrde dies aber bei der n\u00e4chsten Reise nicht mehr machen. Es sein denn, es wurden L\u00f6wen und Geparden ausgewildert und der See ist wieder voll mit Wasser.\u00a0<\/span><\/p>\n<p>Dann ist Royal Jozini ein traumhafter Platz f\u00fcr mehr als drei Tage.<\/p>\n<\/div><\/div><div id=\"panel-2551-2-0-1\" class=\"so-panel widget widget_black-studio-tinymce widget_black_studio_tinymce panel-last-child\" data-index=\"17\" ><div class=\"textwidget\"><p><img loading=\"lazy\" decoding=\"async\" class=\"size-full wp-image-2528 aligncenter\" src=\"http:\/\/kruste.selfhost.me\/wordpress\/wp-content\/uploads\/2017\/08\/SAF_0871.jpg\" alt=\"\" width=\"1024\" height=\"497\" srcset=\"http:\/\/kruste.selfhost.me\/wordpress\/wp-content\/uploads\/2017\/08\/SAF_0871.jpg 1024w, http:\/\/kruste.selfhost.me\/wordpress\/wp-content\/uploads\/2017\/08\/SAF_0871-150x73.jpg 150w, http:\/\/kruste.selfhost.me\/wordpress\/wp-content\/uploads\/2017\/08\/SAF_0871-300x146.jpg 300w, http:\/\/kruste.selfhost.me\/wordpress\/wp-content\/uploads\/2017\/08\/SAF_0871-768x373.jpg 768w, http:\/\/kruste.selfhost.me\/wordpress\/wp-content\/uploads\/2017\/08\/SAF_0871-700x340.jpg 700w\" sizes=\"auto, (max-width: 1024px) 100vw, 1024px\" \/><\/p>\n<\/div><\/div><\/div><\/div><\/div>","protected":false},"excerpt":{"rendered":"<p>\u00a0\u00a0Das Royal Jozini ist ein\u00a014.000 Hektar gro\u00dfes Gebiet, welches direkt an der Grenze zu S\u00fcdafrika liegt. Beworben wird die private Anlage als BIG 6 Reservat,<\/p>\n","protected":false},"author":1,"featured_media":0,"parent":2556,"menu_order":0,"comment_status":"closed","ping_status":"closed","template":"","meta":{"footnotes":""},"class_list":["post-2551","page","type-page","status-publish","hentry"],"_links":{"self":[{"href":"http:\/\/kruste.selfhost.me\/wordpress\/index.php?rest_route=\/wp\/v2\/pages\/2551","targetHints":{"allow":["GET"]}}],"collection":[{"href":"http:\/\/kruste.selfhost.me\/wordpress\/index.php?rest_route=\/wp\/v2\/pages"}],"about":[{"href":"http:\/\/kruste.selfhost.me\/wordpress\/index.php?rest_route=\/wp\/v2\/types\/page"}],"author":[{"embeddable":true,"href":"http:\/\/kruste.selfhost.me\/wordpress\/index.php?rest_route=\/wp\/v2\/users\/1"}],"replies":[{"embeddable":true,"href":"http:\/\/kruste.selfhost.me\/wordpress\/index.php?rest_route=%2Fwp%2Fv2%2Fcomments&post=2551"}],"version-history":[{"count":2,"href":"http:\/\/kruste.selfhost.me\/wordpress\/index.php?rest_route=\/wp\/v2\/pages\/2551\/revisions"}],"predecessor-version":[{"id":2553,"href":"http:\/\/kruste.selfhost.me\/wordpress\/index.php?rest_route=\/wp\/v2\/pages\/2551\/revisions\/2553"}],"up":[{"embeddable":true,"href":"http:\/\/kruste.selfhost.me\/wordpress\/index.php?rest_route=\/wp\/v2\/pages\/2556"}],"wp:attachment":[{"href":"http:\/\/kruste.selfhost.me\/wordpress\/index.php?rest_route=%2Fwp%2Fv2%2Fmedia&parent=2551"}],"curies":[{"name":"wp","href":"https:\/\/api.w.org\/{rel}","templated":true}]}}