{"id":2556,"date":"2017-08-14T20:19:23","date_gmt":"2017-08-14T18:19:23","guid":{"rendered":"http:\/\/kruste.selfhost.me\/wordpress\/?page_id=2556"},"modified":"2020-06-11T07:18:24","modified_gmt":"2020-06-11T05:18:24","slug":"region-lavumisa","status":"publish","type":"page","link":"http:\/\/kruste.selfhost.me\/wordpress\/?page_id=2556","title":{"rendered":"Region Lavumisa"},"content":{"rendered":"<div id=\"pl-2556\"  class=\"panel-layout\" ><div id=\"pg-2556-0\"  class=\"panel-grid panel-no-style\" ><div id=\"pgc-2556-0-0\"  class=\"panel-grid-cell\" ><div id=\"panel-2556-0-0-0\" class=\"so-panel widget widget_black-studio-tinymce widget_black_studio_tinymce panel-first-child\" data-index=\"0\" ><div class=\"textwidget\"><hr \/>\n<p>\u00a0<\/p>\n<\/div><\/div><div id=\"panel-2556-0-0-1\" class=\"so-panel widget widget_text panel-last-child\" data-index=\"1\" >\t\t\t<div class=\"textwidget\"><p>\nAktuelle Zeit in Lavumisa:  17:38 Uhr<br \/>\nZeitzone:  SAST<br \/>\nDie Wettervorhersage f\u00fcr die n\u00e4chsten drei Tage: <\/p>\n<\/div>\n\t\t<\/div><\/div><div id=\"pgc-2556-0-1\"  class=\"panel-grid-cell\" ><div id=\"panel-2556-0-1-0\" class=\"so-panel widget widget_black-studio-tinymce widget_black_studio_tinymce panel-first-child panel-last-child\" data-index=\"2\" ><div class=\"textwidget\"><p><i><\/i><\/p>\n<\/div><\/div><\/div><\/div><div id=\"pg-2556-1\"  class=\"panel-grid panel-no-style\" ><div id=\"pgc-2556-1-0\"  class=\"panel-grid-cell\" ><div id=\"panel-2556-1-0-0\" class=\"so-panel widget widget_black-studio-tinymce widget_black_studio_tinymce panel-first-child\" data-index=\"3\" ><div class=\"textwidget\"><hr \/>\n<p>\u00a0<\/p>\n<\/div><\/div><div id=\"panel-2556-1-0-1\" class=\"so-panel widget widget_black-studio-tinymce widget_black_studio_tinymce panel-last-child\" data-index=\"4\" ><div class=\"textwidget\"><p>Lavumisa liegt im S\u00fcden des K\u00f6nigreich Swasiland direkt an der Grenze zu S\u00fcdafrika. Der Grenz\u00fcbergang auf s\u00fcdafrikanischer Seite hei\u00dft Golela. Das Pongola Port Nature Reserve ( S\u00fcdafrika ) ist neben dem flach auslaufendem S\u00fcdende der Lebomboberge und den vielen Zuckerrohrfeldern der bestimmende Teil des Landschaftsbild dieser Region.<br \/>\nWie in vielen Teilen des Swasiland sind es auch hier die Zuckerrohrfelder und die dazugeh\u00f6rigen Fabriken, die f\u00fcr etwas Arbeit und Lohn sorgen. Wir haben uns jedoch mit Menschen unterhalten die in dieser Region arbeiten und wie so oft, hat die Medaille zwei Seiten. Die Firmen nutzen das Wasser der Fl\u00fcsse f\u00fcr die Zuckerrohrplantagen welches den Einwohner dann fehlt und von dem geringen Lohn ist es kaum m\u00f6glich den produzierten Zucker zu kaufen.<\/p>\n<p>Gewundert haben wir uns \u00fcber den sehr gut ausgebauten Grenz\u00fcbergang zu S\u00fcdafrika. Im Gegensatz zur Grenzstation Jeppes Reef gibt es hier Moderne Geb\u00e4ude und richtige Schalter, an denen man die Formalit\u00e4ten erledigt. F\u00fcr den kompletten Grenz\u00fcbertritt ben\u00f6tigten wir nicht viel mehr als 20 Minuten ( was aber in Jeppes Reef genauso schnell ging ).<\/p>\n<p>Lange Ausfl\u00fcge konnte ich, aufgrund unseres kurzen Aufenthaltes in dieser Region, nicht unternehmen h\u00e4tte aber sicher auch nicht viele interessante Punkte gefunden. Ein kleiner Ausflug zum Nisela Nature Reserve vermittelte uns sicherlich nur einen oberfl\u00e4chlichen Einblick.<\/p>\n<p>Erw\u00e4hnen sollte ich noch den guten Zustand der MR8 ( Hauptstrasse), welche wir ohne Schlagl\u00f6cher genie\u00dfen durften. Ich dachte schon, dies sein der normale Zustand der Stra\u00dfen im Swasiland konnte mich aber vom Gegenteil noch \u00fcberzeugen. Die Schlagl\u00f6cher, die auf der MR8 fehlten fanden wir alle auf der MR3. Es ging soweit, dass Menschen mit kleinen Spaten die L\u00f6cher flickten und so etwas Geld verdienten.<\/p>\n<p>Gerne h\u00e4tte ich einen Einblick in das Leben der Mensche hier erhalten, denn ich durfte bei kurzen Gespr\u00e4chen die Freundlichkeit der Einheimischen erfahren.<\/p>\n<\/div><\/div><\/div><\/div><\/div>","protected":false},"excerpt":{"rendered":"<p>\u00a0 \u00a0 Lavumisa liegt im S\u00fcden des K\u00f6nigreich Swasiland direkt an der Grenze zu S\u00fcdafrika. Der Grenz\u00fcbergang auf s\u00fcdafrikanischer Seite hei\u00dft Golela. Das Pongola Port<\/p>\n","protected":false},"author":1,"featured_media":0,"parent":2516,"menu_order":0,"comment_status":"closed","ping_status":"closed","template":"","meta":{"footnotes":""},"class_list":["post-2556","page","type-page","status-publish","hentry"],"_links":{"self":[{"href":"http:\/\/kruste.selfhost.me\/wordpress\/index.php?rest_route=\/wp\/v2\/pages\/2556","targetHints":{"allow":["GET"]}}],"collection":[{"href":"http:\/\/kruste.selfhost.me\/wordpress\/index.php?rest_route=\/wp\/v2\/pages"}],"about":[{"href":"http:\/\/kruste.selfhost.me\/wordpress\/index.php?rest_route=\/wp\/v2\/types\/page"}],"author":[{"embeddable":true,"href":"http:\/\/kruste.selfhost.me\/wordpress\/index.php?rest_route=\/wp\/v2\/users\/1"}],"replies":[{"embeddable":true,"href":"http:\/\/kruste.selfhost.me\/wordpress\/index.php?rest_route=%2Fwp%2Fv2%2Fcomments&post=2556"}],"version-history":[{"count":2,"href":"http:\/\/kruste.selfhost.me\/wordpress\/index.php?rest_route=\/wp\/v2\/pages\/2556\/revisions"}],"predecessor-version":[{"id":2594,"href":"http:\/\/kruste.selfhost.me\/wordpress\/index.php?rest_route=\/wp\/v2\/pages\/2556\/revisions\/2594"}],"up":[{"embeddable":true,"href":"http:\/\/kruste.selfhost.me\/wordpress\/index.php?rest_route=\/wp\/v2\/pages\/2516"}],"wp:attachment":[{"href":"http:\/\/kruste.selfhost.me\/wordpress\/index.php?rest_route=%2Fwp%2Fv2%2Fmedia&parent=2556"}],"curies":[{"name":"wp","href":"https:\/\/api.w.org\/{rel}","templated":true}]}}