{"id":3256,"date":"2018-02-22T12:20:34","date_gmt":"2018-02-22T10:20:34","guid":{"rendered":"http:\/\/kruste.selfhost.me\/wordpress\/?page_id=3256"},"modified":"2020-08-02T09:42:35","modified_gmt":"2020-08-02T07:42:35","slug":"erindi-old-traders-lodge-naehe-etosha-2","status":"publish","type":"page","link":"http:\/\/kruste.selfhost.me\/wordpress\/?page_id=3256","title":{"rendered":"Hobatere Lodge (westlich Etosha)"},"content":{"rendered":"<div id=\"pl-3256\"  class=\"panel-layout\" ><div id=\"pg-3256-0\"  class=\"panel-grid panel-no-style\" ><div id=\"pgc-3256-0-0\"  class=\"panel-grid-cell\" ><div id=\"panel-3256-0-0-0\" class=\"so-panel widget widget_black-studio-tinymce widget_black_studio_tinymce panel-first-child panel-last-child\" data-index=\"0\" ><div class=\"textwidget\"><div class=\"style_SkipStroke_2 shape-with-text flowDefining\">\n<div class=\"text-content style_External_485_494\">\n<div><\/div>\n<\/div>\n<\/div>\n<div><\/div>\n<div><\/div>\n<div>\n\n<hr \/>\n\n<\/div>\n<div class=\"style\"><\/div>\n<div><\/div>\n<div><\/div>\n<div class=\"style_SkipStroke_2 shape-with-text flowDefining\">\n<div class=\"text-content style_External_485_494\">\n<div class=\"style\">\n<div class=\"style\">\n<p style=\"color: #919191;\"><span style=\"color: #000000;\">Die\u00a0<a href=\"https:\/\/hobatere-lodge.com\/\">Hobatere Lodge<\/a> liegt g\u00fcnstig direkt neben dem westlichen Eingang ( Galton Gate ) des Etosha National Park. Die gute Lage war auch der Grund f\u00fcr meine Entscheidung ein paar Tage in dieser Lodge zu verbringen.\n<\/span>\n\n<\/p><p style=\"color: #919191;\"><span style=\"color: #000000;\">Das riesige Grundst\u00fcck ( mehr als 30.000 Hektar ) bietet schon bei der Anfahrt einen Blick auf den wundersch\u00f6nen alten Baumbestand, den ich hier nicht erwartet hatte. Es macht einfach Spa\u00df die Strecke vom Gate bis zur Lodge zu fahren und dabei den Blick in das ausgetrockneten Flussbett zu werfen. Tolle Felsformationen runden die Sache ab.<\/span><\/p>\n<p style=\"color: #919191;\"><span style=\"color: #000000;\">Nicht nur die Landschaft macht hier Freude auch die Mitarbeiter sind bei der Sache. Alle sind freundlich und ich denke gerne noch an den letzten Abend am Lagerfeuer zur\u00fcck.<\/span><\/p>\n<p style=\"color: #919191;\"><span style=\"color: #000000;\">Es gibt leider auch ein paar Punkte, die vom Management noch \u00fcberdacht werden sollten ( Klartext unten auf dieser Seite ).<\/span><\/p>\n<p style=\"color: #919191;\"><span style=\"color: #000000;\">Im R\u00fcckblick haben mir die drei Tage in der Lodge gut gefallen, jedoch werde ich bei meiner n\u00e4chsten Reise in diese Region andere Unterk\u00fcnfte w\u00e4hlen. Zum Beispiel hat mir das Dolomite Camp im Etosha sehr gut gefallen.<\/span><\/p>\n\n\n<hr \/>\n\n&nbsp;<\/div>\n<\/div>\n<\/div>\n<\/div><\/div><\/div><\/div><div id=\"pgc-3256-0-1\"  class=\"panel-grid-cell\" ><div id=\"panel-3256-0-1-0\" class=\"so-panel widget widget_black-studio-tinymce widget_black_studio_tinymce panel-first-child panel-last-child\" data-index=\"1\" ><div class=\"textwidget\"><p><img loading=\"lazy\" decoding=\"async\" class=\"size-full wp-image-3258 alignright\" src=\"http:\/\/kruste.selfhost.me\/wordpress\/wp-content\/uploads\/2018\/02\/KZK_0246_web.jpg\" alt=\"\" width=\"800\" height=\"1199\" srcset=\"http:\/\/kruste.selfhost.me\/wordpress\/wp-content\/uploads\/2018\/02\/KZK_0246_web.jpg 800w, http:\/\/kruste.selfhost.me\/wordpress\/wp-content\/uploads\/2018\/02\/KZK_0246_web-100x150.jpg 100w, http:\/\/kruste.selfhost.me\/wordpress\/wp-content\/uploads\/2018\/02\/KZK_0246_web-200x300.jpg 200w, http:\/\/kruste.selfhost.me\/wordpress\/wp-content\/uploads\/2018\/02\/KZK_0246_web-768x1151.jpg 768w, http:\/\/kruste.selfhost.me\/wordpress\/wp-content\/uploads\/2018\/02\/KZK_0246_web-683x1024.jpg 683w, http:\/\/kruste.selfhost.me\/wordpress\/wp-content\/uploads\/2018\/02\/KZK_0246_web-512x768.jpg 512w, http:\/\/kruste.selfhost.me\/wordpress\/wp-content\/uploads\/2018\/02\/KZK_0246_web-700x1049.jpg 700w\" sizes=\"auto, (max-width: 800px) 100vw, 800px\" \/><\/p>\n<\/div><\/div><\/div><\/div><div id=\"pg-3256-1\"  class=\"panel-grid panel-no-style\" ><div id=\"pgc-3256-1-0\"  class=\"panel-grid-cell\" ><div id=\"panel-3256-1-0-0\" class=\"so-panel widget widget_black-studio-tinymce widget_black_studio_tinymce panel-first-child\" data-index=\"2\" ><h3 class=\"widget-title\">Preise:<\/h3><div class=\"textwidget\"><hr \/>\n<p><span>3 \u00dcbernachtungen f\u00fcr\u00a02 Personen im Chalet mit Fr\u00fchst\u00fcck und Abendessen schlugen mit 500 \u20ac ins Budget\u00a0<\/span><span style=\"color: #000000;\">.\u00a0<\/span><\/p>\n<ul>\n<li><i style=\"font-family: sans-serif; font-variant: normal; line-height: normal;\">Safari &gt; 600 N$<\/i><\/li>\n<li><i style=\"font-family: sans-serif; font-variant: normal; line-height: normal;\">Sonder Safari 450 N$ pro Personen zum \"Blue Moon 2018\".<\/i><\/li>\n<\/ul>\n<\/div><\/div><div id=\"panel-3256-1-0-1\" class=\"so-panel widget widget_black-studio-tinymce widget_black_studio_tinymce\" data-index=\"3\" ><h3 class=\"widget-title\">Kommunikation:<\/h3><div class=\"textwidget\"><div id=\"id4\" class=\"style_SkipStroke_4 shape-with-text\">\n<div class=\"text-content graphic_textbox_layout_style_default_External_138_130\">\n<div class=\"graphic_textbox_layout_style_default\">\n<hr \/>\n<p class=\"Caption\">Internetzugang per WLAN ist in einigen Bereichen ( Rezeption ) kostenfrei m\u00f6glich.<\/p>\n<\/div>\n<\/div>\n<\/div>\n<\/div><\/div><div id=\"panel-3256-1-0-2\" class=\"so-panel widget widget_text\" data-index=\"4\" >\t\t\t<div class=\"textwidget\"><section class=\"parallax-section\">\n<div class=\"parallax-window\" data-z-index=\"1\" data-position-x=\"left\" data-parallax=\"scroll\" data-speed=\".3\" data-image-src=\"http:\/\/kruste.selfhost.me\/wordpress\/wp-content\/uploads\/2020\/08\/SAF_4915.jpg\" style=\"align-items: flex-start;min-height: 550px;\">\n<div class=\"parallax-container parallax-content\">\n<\/div>\n<\/div>\n<\/section>\n<\/div>\n\t\t<\/div><div id=\"panel-3256-1-0-3\" class=\"so-panel widget widget_black-studio-tinymce widget_black_studio_tinymce\" data-index=\"5\" ><h3 class=\"widget-title\">Anreise:<\/h3><div class=\"textwidget\"><hr \/>\n<p><span style=\"color: #000000;\">Wir sind mit dem Mietwagen aus Richtung\u00a0Outjo - Kamanjab angereist. Die C40 bzw. C35 sind gut ausgebaut und die Fahrt war sehr angenehm.<br \/>Vom Gate bis zur Lodge sind es noch weitere 16 Kilometer, die durch eine sehr sch\u00f6ne Landschaft mit altem Baumbestand und tollen Felsen f\u00fchren. Unser SUV hatte mit der Strecke keine Probleme und ein normaler PKW, zu unserer Reisezeit, sicher auch nicht.<\/span><\/p>\n<\/div><\/div><div id=\"panel-3256-1-0-4\" class=\"so-panel widget widget_black-studio-tinymce widget_black_studio_tinymce\" data-index=\"6\" ><h3 class=\"widget-title\">Meine Reisezeiten:<\/h3><div class=\"textwidget\"><hr \/>\n<ul>\n<li>Februar 2018<\/li>\n<\/ul>\n<\/div><\/div><div id=\"panel-3256-1-0-5\" class=\"so-panel widget widget_black-studio-tinymce widget_black_studio_tinymce\" data-index=\"7\" ><h3 class=\"widget-title\">Das Wetter:<\/h3><div class=\"textwidget\"><hr \/>\n<p class=\"paragraph_style\">Februar 2018<\/p>\n<ul>\n<li>Gute 30\u00b0C , leichte Bew\u00f6lkung und angenehmer Wind. \"Leider\" kein Regen in Sichtweite.<\/li>\n<\/ul>\n<\/div><\/div><div id=\"panel-3256-1-0-6\" class=\"so-panel widget widget_black-studio-tinymce widget_black_studio_tinymce\" data-index=\"8\" ><h3 class=\"widget-title\">Zimmer:<\/h3><div class=\"textwidget\"><hr \/>\n<ul>\n<li><i style=\"font-family: sans-serif; font-variant: normal; line-height: normal;\">Bequeme Betten, gro\u00dfes Zimmer und funktionelles Bad mit Dusche<\/i><\/li>\n<li><i style=\"font-family: sans-serif; font-variant: normal; line-height: normal;\">Terrasse mit Sitzgelegenheit ( leider sehr dicht neben den Nachbarn )<\/i><\/li>\n<li><span style=\"font-family: sans-serif;\">Blick in den Busch<\/span><\/li>\n<\/ul>\n<p>\u00a0<\/p>\n<\/div><\/div><div id=\"panel-3256-1-0-7\" class=\"so-panel widget widget_black-studio-tinymce widget_black_studio_tinymce\" data-index=\"9\" ><div class=\"textwidget\"><p><img loading=\"lazy\" decoding=\"async\" class=\"size-full wp-image-3261 aligncenter\" src=\"http:\/\/kruste.selfhost.me\/wordpress\/wp-content\/uploads\/2018\/02\/NAM_0776_web.jpg\" alt=\"\" width=\"1200\" height=\"439\" srcset=\"http:\/\/kruste.selfhost.me\/wordpress\/wp-content\/uploads\/2018\/02\/NAM_0776_web.jpg 1200w, http:\/\/kruste.selfhost.me\/wordpress\/wp-content\/uploads\/2018\/02\/NAM_0776_web-150x55.jpg 150w, http:\/\/kruste.selfhost.me\/wordpress\/wp-content\/uploads\/2018\/02\/NAM_0776_web-300x110.jpg 300w, http:\/\/kruste.selfhost.me\/wordpress\/wp-content\/uploads\/2018\/02\/NAM_0776_web-768x281.jpg 768w, http:\/\/kruste.selfhost.me\/wordpress\/wp-content\/uploads\/2018\/02\/NAM_0776_web-1024x375.jpg 1024w, http:\/\/kruste.selfhost.me\/wordpress\/wp-content\/uploads\/2018\/02\/NAM_0776_web-700x256.jpg 700w\" sizes=\"auto, (max-width: 1200px) 100vw, 1200px\" \/><\/p>\n<\/div><\/div><div id=\"panel-3256-1-0-8\" class=\"so-panel widget widget_black-studio-tinymce widget_black_studio_tinymce\" data-index=\"10\" ><h3 class=\"widget-title\">K\u00fcche \/ Restaurant:<\/h3><div class=\"textwidget\"><hr \/>\n<p>Gebucht hatten wir mit Halbpension und die Entscheidung war genau richtig. Was die K\u00fcche hier zum Abendessen zauberte war richtig lecker. Auf Wunsch gab es \"Game\" vom Grill. Was will man mehr.<\/p>\n<\/div><\/div><div id=\"panel-3256-1-0-9\" class=\"so-panel widget widget_black-studio-tinymce widget_black_studio_tinymce\" data-index=\"11\" ><h3 class=\"widget-title\">Personal:<\/h3><div class=\"textwidget\"><hr \/><p><span style=\"color: #000000;\">Sehr freundlich und hilfsbereit. Ob es die kurzfristige Anfrage f\u00fcr eine \"Blue Moon Safari\" war, der defekte Duschkopf oder das \"Game\" Steak zum Abendessen alles wurde organisiert bzw. repariert. Die Gespr\u00e4che mit Liberty gaben einen Einblick \u00fcber das Land sowie die Menschen in der Region. Interessant war weiterhin das Prinzip der Lodge. Die private Verwaltung erh\u00e4lt nur einen Teil der Eink\u00fcnfte und der Rest geht an die Menschen in der Region und die Mitarbeiter. Super, w\u00fcrde Liberty sagen.\u00a0<\/span><\/p><\/div><\/div><div id=\"panel-3256-1-0-10\" class=\"so-panel widget widget_black-studio-tinymce widget_black_studio_tinymce panel-last-child\" data-index=\"12\" ><h3 class=\"widget-title\">Aktivit\u00e4ten:<\/h3><div class=\"textwidget\"><hr \/>\n<ul>\n<li style=\"color: #919191;\"><span style=\"color: #000000;\">Safaris in den Etosha National Park ( leider ist es nicht einfach die \u00d6ffnungszeiten in Erfahrung zu bringen )<\/span><\/li>\n<li>Besuch des Wasserloch ( leider f\u00fcr mich nicht so interessant wie die Berichte im Internet vermuten lie\u00dfen )<\/li>\n<li>Unterhaltungen am Lagerfeuer<\/li>\n<li>Skorpione beobachten ( Es gab sehr viele im Bereich der Zimmer )<\/li>\n<\/ul>\n<\/div><\/div><\/div><\/div><div id=\"pg-3256-2\"  class=\"panel-grid panel-no-style\" ><div id=\"pgc-3256-2-0\"  class=\"panel-grid-cell\" ><div id=\"panel-3256-2-0-0\" class=\"so-panel widget widget_black-studio-tinymce widget_black_studio_tinymce panel-first-child\" data-index=\"13\" ><h3 class=\"widget-title\">Klartext:<\/h3><div class=\"textwidget\"><hr \/>\n<p style=\"color: #919191;\"><span style=\"color: #000000;\">Es gibt einige Punkte, welche ver\u00e4ndert werden sollten. Das die Zimmer sehr dicht aneinander gebaut sind, kann nicht mehr ge\u00e4ndert werden jedoch verstehe ich die Anordnung der R\u00e4ume bei einem Grundst\u00fcck mit \u00fcber 30.000 Hektar nicht wirklich. Ung\u00fcnstig empfand ich die Preisgestaltung. Die Zimmer sind schon recht teuer, was in Anbetracht des Verteilungsprinzip ( Verwaltung \/ Bev\u00f6lkerung ) v\u00f6llig verst\u00e4ndlich ist. Das Safaris aber \u00fcber 600 N$ pro Person kosten ist einfach nicht angemessen. Leider sind private Ausfahrten auf dem sehr sch\u00f6nen Gel\u00e4nde untersagt und so wird sicher versucht etwas mehr Geld in die Kasse zu bekommen.<\/span><\/p>\n<p>Freundlicherweise wurde uns statt Fr\u00fchst\u00fcck auch ein Lunch Paket f\u00fcr die Fahrt in den Etosha Park gepackt. Ja, ein Lunch Paket stand dann auch mit 7,00 \u20ac f\u00fcr zwei Toast und ein paar Chips auf der Rechnung. Zum Gl\u00fcck konnten wir das noch kl\u00e4ren.<\/p>\n<\/div><\/div><div id=\"panel-3256-2-0-1\" class=\"so-panel widget widget_black-studio-tinymce widget_black_studio_tinymce panel-last-child\" data-index=\"14\" ><div class=\"textwidget\"><p><img loading=\"lazy\" decoding=\"async\" class=\"size-full wp-image-3260 aligncenter\" src=\"http:\/\/kruste.selfhost.me\/wordpress\/wp-content\/uploads\/2018\/02\/KZK_0315_web.jpg\" alt=\"\" width=\"1200\" height=\"419\" srcset=\"http:\/\/kruste.selfhost.me\/wordpress\/wp-content\/uploads\/2018\/02\/KZK_0315_web.jpg 1200w, http:\/\/kruste.selfhost.me\/wordpress\/wp-content\/uploads\/2018\/02\/KZK_0315_web-150x52.jpg 150w, http:\/\/kruste.selfhost.me\/wordpress\/wp-content\/uploads\/2018\/02\/KZK_0315_web-300x105.jpg 300w, http:\/\/kruste.selfhost.me\/wordpress\/wp-content\/uploads\/2018\/02\/KZK_0315_web-768x268.jpg 768w, http:\/\/kruste.selfhost.me\/wordpress\/wp-content\/uploads\/2018\/02\/KZK_0315_web-1024x358.jpg 1024w, http:\/\/kruste.selfhost.me\/wordpress\/wp-content\/uploads\/2018\/02\/KZK_0315_web-700x244.jpg 700w\" sizes=\"auto, (max-width: 1200px) 100vw, 1200px\" \/><\/p>\n<\/div><\/div><\/div><\/div><\/div>","protected":false},"excerpt":{"rendered":"<p>Die\u00a0Hobatere Lodge liegt g\u00fcnstig direkt neben dem westlichen Eingang ( Galton Gate ) des Etosha National Park. Die gute Lage war auch der Grund f\u00fcr<\/p>\n","protected":false},"author":1,"featured_media":0,"parent":834,"menu_order":0,"comment_status":"closed","ping_status":"closed","template":"","meta":{"footnotes":""},"class_list":["post-3256","page","type-page","status-publish","hentry"],"_links":{"self":[{"href":"http:\/\/kruste.selfhost.me\/wordpress\/index.php?rest_route=\/wp\/v2\/pages\/3256","targetHints":{"allow":["GET"]}}],"collection":[{"href":"http:\/\/kruste.selfhost.me\/wordpress\/index.php?rest_route=\/wp\/v2\/pages"}],"about":[{"href":"http:\/\/kruste.selfhost.me\/wordpress\/index.php?rest_route=\/wp\/v2\/types\/page"}],"author":[{"embeddable":true,"href":"http:\/\/kruste.selfhost.me\/wordpress\/index.php?rest_route=\/wp\/v2\/users\/1"}],"replies":[{"embeddable":true,"href":"http:\/\/kruste.selfhost.me\/wordpress\/index.php?rest_route=%2Fwp%2Fv2%2Fcomments&post=3256"}],"version-history":[{"count":1,"href":"http:\/\/kruste.selfhost.me\/wordpress\/index.php?rest_route=\/wp\/v2\/pages\/3256\/revisions"}],"predecessor-version":[{"id":3257,"href":"http:\/\/kruste.selfhost.me\/wordpress\/index.php?rest_route=\/wp\/v2\/pages\/3256\/revisions\/3257"}],"up":[{"embeddable":true,"href":"http:\/\/kruste.selfhost.me\/wordpress\/index.php?rest_route=\/wp\/v2\/pages\/834"}],"wp:attachment":[{"href":"http:\/\/kruste.selfhost.me\/wordpress\/index.php?rest_route=%2Fwp%2Fv2%2Fmedia&parent=3256"}],"curies":[{"name":"wp","href":"https:\/\/api.w.org\/{rel}","templated":true}]}}