{"id":3285,"date":"2018-04-09T06:05:06","date_gmt":"2018-04-09T04:05:06","guid":{"rendered":"http:\/\/kruste.selfhost.me\/wordpress\/?page_id=3285"},"modified":"2026-02-11T10:28:28","modified_gmt":"2026-02-11T08:28:28","slug":"ausstellungen","status":"publish","type":"page","link":"http:\/\/kruste.selfhost.me\/wordpress\/?page_id=3285","title":{"rendered":"Ausstellungen"},"content":{"rendered":"<div id=\"pl-3285\"  class=\"panel-layout\" ><div id=\"pg-3285-0\"  class=\"panel-grid panel-no-style\" ><div id=\"pgc-3285-0-0\"  class=\"panel-grid-cell\" ><div id=\"panel-3285-0-0-0\" class=\"so-panel widget widget_black-studio-tinymce widget_black_studio_tinymce panel-first-child\" data-index=\"0\" ><div class=\"panel-widget-style panel-widget-style-for-3285-0-0-0\" ><div class=\"textwidget\"><hr \/>\n<p style=\"text-align: center;\"><span style=\"font-family: 'comic sans ms', sans-serif; font-size: 32px;\">Aktuell:<\/span><\/p>\n<\/div><\/div><\/div><div id=\"panel-3285-0-0-1\" class=\"so-panel widget widget_black-studio-tinymce widget_black_studio_tinymce\" data-index=\"1\" ><div class=\"textwidget\"><p>Wenn es das Wetter zul\u00e4sst, startet die Saison am 07 M\u00e4rz 2026 mit dem Kunstufer in Hannover.<\/p>\n<p>Ich freue mich auf Euch<\/p>\n<p>Stefan<\/p>\n<p>&nbsp;<\/p>\n<hr \/>\n<p>&nbsp;<\/p>\n<\/div><\/div><div id=\"panel-3285-0-0-2\" class=\"so-panel widget widget_text\" data-index=\"2\" >\t\t\t<div class=\"textwidget\"><p><code><\/p>\n<section class=\"parallax-section\">\n<div class=\"parallax-window\" data-z-index=\"0\" data-position-x=\"left\" data-parallax=\"scroll\" data-speed=\".3\" data-image-src=\"http:\/\/kruste.selfhost.me\/wordpress\/wp-content\/uploads\/2018\/02\/NAM_2113_web.jpg\" style=\"align-items: flex-start;min-height: 550px;\">\n<div class=\"parallax-container parallax-content\">\n<\/div>\n<\/div>\n<\/section>\n<p><\/code><\/p>\n<\/div>\n\t\t<\/div><div id=\"panel-3285-0-0-3\" class=\"so-panel widget widget_black-studio-tinymce widget_black_studio_tinymce\" data-index=\"3\" ><div class=\"panel-widget-style panel-widget-style-for-3285-0-0-3\" ><div class=\"textwidget\"><hr \/>\n<p style=\"text-align: center;\"><span style=\"font-family: 'comic sans ms', sans-serif; font-size: 32px;\">In Planung ( 2026 )<\/span><\/p>\n<\/div><\/div><\/div><div id=\"panel-3285-0-0-4\" class=\"so-panel widget widget_black-studio-tinymce widget_black_studio_tinymce\" data-index=\"4\" ><div class=\"textwidget\"><p><a href=\"https:\/\/de-de.facebook.com\/hannoverkunstufer\/\" target=\"_blank\" rel=\"noopener\"><br \/>\n<img loading=\"lazy\" decoding=\"async\" class=\"aligncenter size-large wp-image-8298\" src=\"http:\/\/kruste.selfhost.me\/wordpress\/wp-content\/uploads\/2024\/03\/kunstufer-1024x422.png\" alt=\"\" width=\"783\" height=\"323\" srcset=\"http:\/\/kruste.selfhost.me\/wordpress\/wp-content\/uploads\/2024\/03\/kunstufer-1024x422.png 1024w, http:\/\/kruste.selfhost.me\/wordpress\/wp-content\/uploads\/2024\/03\/kunstufer-300x124.png 300w, http:\/\/kruste.selfhost.me\/wordpress\/wp-content\/uploads\/2024\/03\/kunstufer-150x62.png 150w, http:\/\/kruste.selfhost.me\/wordpress\/wp-content\/uploads\/2024\/03\/kunstufer-768x317.png 768w, http:\/\/kruste.selfhost.me\/wordpress\/wp-content\/uploads\/2024\/03\/kunstufer.png 1493w\" sizes=\"auto, (max-width: 783px) 100vw, 783px\" \/><\/a><\/p>\n<p>Bei sch\u00f6nem Wetter \ud83d\ude09 von Anfang M\u00e4rz bis Ende Oktober 2026 jeden Samstag ( 10:00 - 18:00 Uhr )<\/p>\n<p>Ich freue mich auf Euch und werde ab Mitte Mai 2026 wieder am Kunstufer sein.<\/p>\n<p>&nbsp;<\/p>\n<hr \/>\n<p>&nbsp;<\/p>\n<\/div><\/div><div id=\"panel-3285-0-0-5\" class=\"so-panel widget widget_black-studio-tinymce widget_black_studio_tinymce\" data-index=\"5\" ><div class=\"textwidget\"><p>&nbsp;<\/p>\n<h1 class=\"fusion-responsive-typography-calculated\" style=\"padding-left: 120px;\" data-fontsize=\"90\" data-lineheight=\"108px\"><span data-fusion-font=\"true\" data-fusion-google-font=\"Raleway\" data-fusion-google-variant=\"400\"><a href=\"https:\/\/schloss-romantik.de\/wintertraeume-auf-schloss-eldingen\/\" target=\"_blank\" rel=\"noopener\">Wintertr\u00e4ume auf<\/a><br \/>\n<a href=\"https:\/\/schloss-romantik.de\/wintertraeume-auf-schloss-eldingen\/\" target=\"_blank\" rel=\"noopener\"><img decoding=\"async\" class=\"aligncenter wp-image-1026 lazyloaded\" src=\"https:\/\/schloss-eldingen.com\/wp-content\/uploads\/2023\/02\/schloss-eldingen-1.svg\" alt=\"\" width=\"500\" data-orig-src=\"https:\/\/schloss-eldingen.com\/wp-content\/uploads\/2023\/02\/schloss-eldingen-1.svg\" \/><\/a><\/span><\/h1>\n<p>&nbsp;<\/p>\n<p>29 Oktober bis 01 November 2026<\/p>\n<p>t\u00e4glich 10:00 - 18:00 Uhr<\/p>\n<p>Freitag und Samstag bis 20:00 Uhr Lichter-Shopping-Night<\/p>\n<hr \/>\n<p>&nbsp;<\/p>\n<\/div><\/div><div id=\"panel-3285-0-0-6\" class=\"so-panel widget widget_black-studio-tinymce widget_black_studio_tinymce\" data-index=\"6\" ><div class=\"textwidget\"><p>&nbsp;<\/p>\n<h1 class=\"fusion-responsive-typography-calculated\" style=\"padding-left: 120px;\" data-fontsize=\"90\" data-lineheight=\"108px\"><span data-fusion-font=\"true\" data-fusion-google-font=\"Raleway\" data-fusion-google-variant=\"400\"><a href=\"https:\/\/www.gut-thansen.de\/winterzauber\" target=\"_blank\" rel=\"noopener\">Winterzauber<\/a><br \/>\n<\/span><\/h1>\n<blockquote>\n<p style=\"padding-left: 360px;\"><span style=\"font-size: 48px; font-family: 'comic sans ms', sans-serif;\">Gut Thansen<\/span><\/p>\n<\/blockquote>\n<p>19 und 20 Dezember 2026<\/p>\n<p>Samstag 13:00 - 19:00 Uhr<\/p>\n<p>Sonntag 11:00 - 18:00 Uhr<\/p>\n<hr \/>\n<p>&nbsp;<\/p>\n<\/div><\/div><div id=\"panel-3285-0-0-7\" class=\"so-panel widget widget_black-studio-tinymce widget_black_studio_tinymce\" data-index=\"7\" ><div class=\"panel-widget-style panel-widget-style-for-3285-0-0-7\" ><div class=\"textwidget\"><p style=\"text-align: center;\"><span style=\"font-family: 'comic sans ms', sans-serif; font-size: 32px;\">Beendet<\/span><\/p>\n<\/div><\/div><\/div><div id=\"panel-3285-0-0-8\" class=\"so-panel widget widget_origin_button\" data-index=\"8\" ><div class=\"origin-widget origin-widget-button origin-widget-button-simple-black align-left\"><a href=\"https:\/\/www.gut-thansen.de\/jahresveranstaltungen-und-angebote\" \n>\n\tWinterzauber auf Gut Thansen (2025)<\/a>\n<\/div><\/div><div id=\"panel-3285-0-0-9\" class=\"so-panel widget widget_origin_button\" data-index=\"9\" ><div class=\"origin-widget origin-widget-button origin-widget-button-simple-black align-left\"><a href=\"https:\/\/schloss-romantik.de\/wintertraeume-auf-schloss-eldingen\/\" \n>\n\tWintertr\u00e4ume auf Schlo\u00df Eldingen<\/a>\n<\/div><\/div><div id=\"panel-3285-0-0-10\" class=\"so-panel widget widget_origin_button\" data-index=\"10\" ><div class=\"origin-widget origin-widget-button origin-widget-button-simple-black align-left\"><a href=\"https:\/\/landgestuetcelle.de\/de\/veranstaltungen\/sommervergnuegen-celler-hengstparade\/\" \ntarget=\"_blank\" rel=\"noopener noreferrer\">\n\tHengstparade im Landgest\u00fct Celle (2025)<\/a>\n<\/div><\/div><div id=\"panel-3285-0-0-11\" class=\"so-panel widget widget_origin_button\" data-index=\"11\" ><div class=\"origin-widget origin-widget-button origin-widget-button-simple-black align-left\"><a href=\"https:\/\/www.gut-thansen.de\/jahresveranstaltungen-und-angebote\" \n>\n\tWinterzauber auf Gut Thansen (2024)<\/a>\n<\/div><\/div><div id=\"panel-3285-0-0-12\" class=\"so-panel widget widget_origin_button\" data-index=\"12\" ><div class=\"origin-widget origin-widget-button origin-widget-button-simple-black align-left\"><a href=\"https:\/\/landgestuetcelle.de\/de\/veranstaltungen\/sommervergnuegen-celler-hengstparade\/\" \ntarget=\"_blank\" rel=\"noopener noreferrer\">\n\tSommerfest im Landgest\u00fct Celle (2024)<\/a>\n<\/div><\/div><div id=\"panel-3285-0-0-13\" class=\"so-panel widget widget_origin_button\" data-index=\"13\" ><div class=\"origin-widget origin-widget-button origin-widget-button-simple-black align-left\"><a href=\"https:\/\/www.cafe-mezzo.de\/\" \ntarget=\"_blank\" rel=\"noopener noreferrer\">\n\tCaf\u00e9 Mezzo (2024)<\/a>\n<\/div><\/div><div id=\"panel-3285-0-0-14\" class=\"so-panel widget widget_origin_button\" data-index=\"14\" ><div class=\"origin-widget origin-widget-button origin-widget-button-simple-black align-left\"><a href=\"https:\/\/kruste.selfhost.me\/wordpress\/?page_id=7030\" \ntarget=\"_blank\" rel=\"noopener noreferrer\">\n\tSalikum (2019-2024)<\/a>\n<\/div><\/div><div id=\"panel-3285-0-0-15\" class=\"so-panel widget widget_origin_button\" data-index=\"15\" ><div class=\"origin-widget origin-widget-button origin-widget-button-simple-black align-left\"><a href=\"https:\/\/www.gut-thansen.de\/jahresveranstaltungen-und-angebote\" \n>\n\tWinterzauber auf Gut Thansen (2023)<\/a>\n<\/div><\/div><div id=\"panel-3285-0-0-16\" class=\"so-panel widget widget_origin_button\" data-index=\"16\" ><div class=\"origin-widget origin-widget-button origin-widget-button-simple-black align-left\"><a href=\"https:\/\/de-de.facebook.com\/hannoverkunstufer\/\" \ntarget=\"_blank\" rel=\"noopener noreferrer\">\n\tKunstufer in Hannover<\/a>\n<\/div><\/div><div id=\"panel-3285-0-0-17\" class=\"so-panel widget widget_origin_button\" data-index=\"17\" ><div class=\"origin-widget origin-widget-button origin-widget-button-simple-black align-left\"><a href=\"https:\/\/lstn.niedersachsen.de\/steuer\/finanzaemter\/finanzamt-hannover-nord-67869.html\" \ntarget=\"_blank\" rel=\"noopener noreferrer\">\n\tFinanzamt Hannover-Nord<\/a>\n<\/div><\/div><div id=\"panel-3285-0-0-18\" class=\"so-panel widget widget_origin_button\" data-index=\"18\" ><div class=\"origin-widget origin-widget-button origin-widget-button-simple-black align-left\"><a href=\"https:\/\/landgestuetcelle.de\/de\/veranstaltungen\/advent-im-landgestuet\/\" \ntarget=\"_blank\" rel=\"noopener noreferrer\">\n\tAdvent im Landgest\u00fct Celle (2019)<\/a>\n<\/div><\/div><div id=\"panel-3285-0-0-19\" class=\"so-panel widget widget_origin_button\" data-index=\"19\" ><div class=\"origin-widget origin-widget-button origin-widget-button-simple-black align-left\"><a href=\"http:\/\/www.kunstundkulturtage.de\/\" \ntarget=\"_blank\" rel=\"noopener noreferrer\">\n\tKunst+Kulturtage in Brunkensen (2019)<\/a>\n<\/div><\/div><div id=\"panel-3285-0-0-20\" class=\"so-panel widget widget_origin_button\" data-index=\"20\" ><div class=\"origin-widget origin-widget-button origin-widget-button-simple-black align-left\"><a href=\"https:\/\/de-de.facebook.com\/Salon-SchnittStelle-Maren-Lohmann-Fiek-666287030131050\/\" \ntarget=\"_blank\" rel=\"noopener noreferrer\">\n\tSalon SchnittStelle<\/a>\n<\/div><\/div><div id=\"panel-3285-0-0-21\" class=\"so-panel widget widget_origin_button\" data-index=\"21\" ><div class=\"origin-widget origin-widget-button origin-widget-button-simple-black align-left\"><a href=\"https:\/\/www.gemeinschaftspraxis-knigge.de\/blog\/\" \ntarget=\"_blank\" rel=\"noopener noreferrer\">\n\tGemeinschaftspraxis Knigge, Dr. Baiduc und Dr. Seemann<\/a>\n<\/div><\/div><div id=\"panel-3285-0-0-22\" class=\"so-panel widget widget_origin_button\" data-index=\"22\" ><div class=\"origin-widget origin-widget-button origin-widget-button-simple-black align-left\"><a href=\"https:\/\/www.nlbv.niedersachsen.de\" \ntarget=\"_blank\" rel=\"noopener noreferrer\">\n\tNieders\u00e4chsisches Landesamt f\u00fcr Bez\u00fcge und Versorgung<\/a>\n<\/div><\/div><div id=\"panel-3285-0-0-23\" class=\"so-panel widget widget_origin_button\" data-index=\"23\" ><div class=\"origin-widget origin-widget-button origin-widget-button-simple-black align-left\"><a href=\"https:\/\/kruste.selfhost.me\/wordpress\/?page_id=3208\" \ntarget=\"_blank\" rel=\"noopener noreferrer\">\n\tOrthop\u00e4dische Gemeinschaftspraxis von Dr. Ulrich Balser<\/a>\n<\/div><\/div><div id=\"panel-3285-0-0-24\" class=\"so-panel widget widget_origin_button\" data-index=\"24\" ><div class=\"origin-widget origin-widget-button origin-widget-button-simple-black align-left\"><a href=\"https:\/\/www.lstn.niedersachsen.de\/steuer\/finanzaemter\/finanzamt-hannover-land-i-66908.html\" \ntarget=\"_blank\" rel=\"noopener noreferrer\">\n\tFinanzamt Hannover-Land I<\/a>\n<\/div><\/div><div id=\"panel-3285-0-0-25\" class=\"so-panel widget widget_origin_button\" data-index=\"25\" ><div class=\"origin-widget origin-widget-button origin-widget-button-simple-black align-left\"><a href=\"https:\/\/kruste.selfhost.me\/wordpress\/?page_id=3290\" \ntarget=\"_blank\" rel=\"noopener noreferrer\">\n\tLandesamt f\u00fcr Steuern Niedersachsen<\/a>\n<\/div><\/div><div id=\"panel-3285-0-0-26\" class=\"so-panel widget widget_origin_button\" data-index=\"26\" ><div class=\"origin-widget origin-widget-button origin-widget-button-simple-black align-left\"><a href=\"https:\/\/www.flotart.de\/home.html\" \ntarget=\"_blank\" rel=\"noopener noreferrer\">\n\tFlotART<\/a>\n<\/div><\/div><div id=\"panel-3285-0-0-27\" class=\"so-panel widget widget_origin_button panel-last-child\" data-index=\"27\" ><div class=\"origin-widget origin-widget-button origin-widget-button-simple-black align-left\"><a href=\"http:\/\/reha-team-hannover.de\/reha-peiner-str\/\" \ntarget=\"_blank\" rel=\"noopener noreferrer\">\n\tREHA Hannover, Peiner Str<\/a>\n<\/div><\/div><\/div><\/div><\/div>","protected":false},"excerpt":{"rendered":"<p>Aktuell: Wenn es das Wetter zul\u00e4sst, startet die Saison am 07 M\u00e4rz 2026 mit dem Kunstufer in Hannover. Ich freue mich auf Euch Stefan &nbsp;<\/p>\n","protected":false},"author":1,"featured_media":8375,"parent":1877,"menu_order":0,"comment_status":"open","ping_status":"closed","template":"","meta":{"footnotes":""},"class_list":["post-3285","page","type-page","status-publish","has-post-thumbnail","hentry"],"_links":{"self":[{"href":"http:\/\/kruste.selfhost.me\/wordpress\/index.php?rest_route=\/wp\/v2\/pages\/3285","targetHints":{"allow":["GET"]}}],"collection":[{"href":"http:\/\/kruste.selfhost.me\/wordpress\/index.php?rest_route=\/wp\/v2\/pages"}],"about":[{"href":"http:\/\/kruste.selfhost.me\/wordpress\/index.php?rest_route=\/wp\/v2\/types\/page"}],"author":[{"embeddable":true,"href":"http:\/\/kruste.selfhost.me\/wordpress\/index.php?rest_route=\/wp\/v2\/users\/1"}],"replies":[{"embeddable":true,"href":"http:\/\/kruste.selfhost.me\/wordpress\/index.php?rest_route=%2Fwp%2Fv2%2Fcomments&post=3285"}],"version-history":[{"count":4,"href":"http:\/\/kruste.selfhost.me\/wordpress\/index.php?rest_route=\/wp\/v2\/pages\/3285\/revisions"}],"predecessor-version":[{"id":8376,"href":"http:\/\/kruste.selfhost.me\/wordpress\/index.php?rest_route=\/wp\/v2\/pages\/3285\/revisions\/8376"}],"up":[{"embeddable":true,"href":"http:\/\/kruste.selfhost.me\/wordpress\/index.php?rest_route=\/wp\/v2\/pages\/1877"}],"wp:featuredmedia":[{"embeddable":true,"href":"http:\/\/kruste.selfhost.me\/wordpress\/index.php?rest_route=\/wp\/v2\/media\/8375"}],"wp:attachment":[{"href":"http:\/\/kruste.selfhost.me\/wordpress\/index.php?rest_route=%2Fwp%2Fv2%2Fmedia&parent=3285"}],"curies":[{"name":"wp","href":"https:\/\/api.w.org\/{rel}","templated":true}]}}