{"id":3654,"date":"2018-10-08T13:54:05","date_gmt":"2018-10-08T11:54:05","guid":{"rendered":"http:\/\/kruste.selfhost.me\/wordpress\/?page_id=3654"},"modified":"2021-03-14T09:49:38","modified_gmt":"2021-03-14T07:49:38","slug":"region-christmas-island-2","status":"publish","type":"page","link":"http:\/\/kruste.selfhost.me\/wordpress\/?page_id=3654","title":{"rendered":"Region Praslin Island"},"content":{"rendered":"<div id=\"pl-3654\"  class=\"panel-layout\" ><div id=\"pg-3654-0\"  class=\"panel-grid panel-no-style\" ><div id=\"pgc-3654-0-0\"  class=\"panel-grid-cell\" ><div id=\"panel-3654-0-0-0\" class=\"so-panel widget widget_black-studio-tinymce widget_black_studio_tinymce panel-first-child\" data-index=\"0\" ><div class=\"textwidget\"><hr \/>\n<p>\u00a0<\/p>\n<\/div><\/div><div id=\"panel-3654-0-0-1\" class=\"so-panel widget widget_text panel-last-child\" data-index=\"1\" >\t\t\t<div class=\"textwidget\"><p>\nAktuelle Zeit auf Praslin:  15:38 Uhr<br \/>\nZeitzone:  UTC<br \/>\nDie Wettervorhersage f\u00fcr die n\u00e4chsten drei Tage: <\/p>\n<\/div>\n\t\t<\/div><\/div><div id=\"pgc-3654-0-1\"  class=\"panel-grid-cell\" ><div id=\"panel-3654-0-1-0\" class=\"so-panel widget widget_black-studio-tinymce widget_black_studio_tinymce panel-first-child panel-last-child\" data-index=\"2\" ><div class=\"textwidget\"><p><i><\/i><\/p>\n<div class='weather-atlas-wrapper' style='background:#FF4800;border:1px solid #ee3700;color:#fff;'>\n<div class='weather-atlas-header' style='border-bottom:1px solid #ee3700'>Seychelles International Airport, SC<\/div>\n<div class='weather-atlas-body'>\n<div class='current_horizontal'>\n<div class='current_temp'><i class='wi wi-fw wi-weather-33'><\/i><span class='temp'>29\u00b0<\/span>\n<div class='current_text'>Leicht<\/div>\n<div class='sunrise_sunset'>06:17<i class='wi wi-fw wi-weather-32'><\/i>18:17 +04<\/div>\n<\/div>\n<p><span class='current_text_2'>Gef\u00fchlt: 36<small>\u00b0C<\/small><br \/>Wind: 3<small>km\/h<\/small> SE<br \/>Feuchtigkeit: 79<small>%<\/small><br \/>Druck: 1009.14<small>mbar<\/small><br \/>UV-Index: 0<\/span><\/p><\/div>\n<div class='hourly hours' style='border-bottom:1px solid #ee3700'><span class='extended_hour extended_hour_1'>21<small>h<\/small><\/span><span class='extended_hour extended_hour_2'>22<small>h<\/small><\/span><span class='extended_hour extended_hour_3'>23<small>h<\/small><\/span><span class='extended_hour extended_hour_4'>0<small>h<\/small><\/span><span class='extended_hour extended_hour_5'>1<small>h<\/small><\/span><\/div>\n<div class='hourly'><span class='extended_hour extended_hour_1' title='Teilweise Bew\u00f6lkt'>29<small>\u00b0C<\/small><br \/><i class='wi wi-fw wi-weather-29'><\/i><\/span><span class='extended_hour extended_hour_2' title='Teilweise Bew\u00f6lkt'>29<small>\u00b0C<\/small><br \/><i class='wi wi-fw wi-weather-29'><\/i><\/span><span class='extended_hour extended_hour_3' title='Wolkig'>28<small>\u00b0C<\/small><br \/><i class='wi wi-fw wi-weather-26'><\/i><\/span><span class='extended_hour extended_hour_4' title='Wolkig'>28<small>\u00b0C<\/small><br \/><i class='wi wi-fw wi-weather-26'><\/i><\/span><span class='extended_hour extended_hour_5' title='Stark Bew\u00f6lkt'>27<small>\u00b0C<\/small><br \/><i class='wi wi-fw wi-weather-27'><\/i><\/span><\/div>\n<div class='daily days' style='border-bottom:1px solid #ee3700'><span class='extended_day extended_day_1'>So.<\/span><span class='extended_day extended_day_2'>Mo.<\/span><span class='extended_day extended_day_3'>Di.<\/span><\/div>\n<div class='daily'><span class='extended_day extended_day_1' title='Nachm. Schauer'>31<small>\u00b0C<\/small> \/ 26<small>\u00b0C<\/small><br \/><i class='wi wi-fw wi-weather-39'><\/i><\/span><span class='extended_day extended_day_2' title='Vorm. Schauer'>30<small>\u00b0C<\/small> \/ 26<small>\u00b0C<\/small><br \/><i class='wi wi-fw wi-weather-39'><\/i><\/span><span class='extended_day extended_day_3' title='Schauer'>30<small>\u00b0C<\/small> \/ 27<small>\u00b0C<\/small><br \/><i class='wi wi-fw wi-weather-11'><\/i><\/span><\/div>\n<\/div>\n<div class='weather-atlas-footer' style='border-top:1px solid #ee3700'><a href='https:\/\/www.weather-atlas.com\/en\/seychelles\/seychelles-international-airport' title='Seychelles International Airport, SC - Die Wettervorhersage' style='color:#fff'><span class='weather-atlas-footer-block'>Seychelles International Airport, SC<\/span> die wettervorhersage &#9656;<\/a><\/div>\n<\/div>\n<p><\/p>\n<\/div><\/div><\/div><\/div><div id=\"pg-3654-1\"  class=\"panel-grid panel-no-style\" ><div id=\"pgc-3654-1-0\"  class=\"panel-grid-cell\" ><div id=\"panel-3654-1-0-0\" class=\"so-panel widget widget_black-studio-tinymce widget_black_studio_tinymce panel-first-child\" data-index=\"3\" ><div class=\"textwidget\"><hr \/>\n<p>&nbsp;<\/p>\n<p>Die Anse Lazio ist einer der Gr\u00fcnde Praslin Island zu besuchen. Dieser Traumstrand im Norden der Insel geh\u00f6rt zweifelsfrei zu den sch\u00f6nsten Str\u00e4nden, die ich besucht habe. Der wei\u00dfe Sand, die Granitfelsen und das klare Wasser sind einfach atemberaubend und wer diese Bucht nicht gesehen hat, war nicht auf Praslin. Die Anse Lazio ist einer der Str\u00e4nde, an denen das Baden ohne gef\u00e4hrliche Str\u00f6mungen oder starke Wellen m\u00f6glich ist. Einzig die beiden Haiangriffe im Jahr 2011 k\u00f6nnten das Vergn\u00fcgen etwas tr\u00fcben. Dies ist jedoch schon lange Zeit her und es ist seitdem verboten Essensreste im Meer zu entsorgen welches als Ursache f\u00fcr die t\u00f6dlichen Attacken galten.<\/p>\n<p>Ein weitere Strand auf Praslin, der sicher auch unter den weltweiten TOP 10 zu finden ist, ist die Anse Georgette. Sie befindet ebenfalls sich im Norden von Praslin, kann aber leider nur \u00fcber den Golfplatz des 5***** Hotels\u00a0Constance L\u00e9muria Resorts erreicht werden. Eine Genehmigung hierzu ist vorab einzuholen und wird zwar meist erteilt jedoch nicht immer. Ich hatte Gl\u00fcck und durfte den Strand besuchen doch empfand ich dieses Hickhack als ungl\u00fccklich.<\/p>\n<p>Wer nicht nur Str\u00e4nde auf Praslin besuchen m\u00f6chte kann ein paar Stunden im Valle de Mai verbringen. Hier erwartet den Besucher ein urspr\u00fcnglicher Palmenwald mit der sagenumwobenen \"Coco de Mer\", der\u00a0gr\u00f6\u00dften Nuss der Welt. F\u00fcr umgerechnet 300 - 600 \u20ac nicht gerade eine g\u00fcnstige Nuss aber dieser Preis muss f\u00fcr den Erwerb eines lizensierten Exemplars bezahlt werden.\u00a0Ich hatte diesen Park schon im Jahr 2003 gesehen und verzichtete auf einen weiteren Besuch. So spektakul\u00e4r empfand ich den Wald nicht.<\/p>\n<\/div><\/div><div id=\"panel-3654-1-0-1\" class=\"so-panel widget widget_text\" data-index=\"4\" >\t\t\t<div class=\"textwidget\"><p><code><\/p>\n<section class=\"parallax-section\">\n<div class=\"parallax-window\" data-z-index=\"0\" data-position-x=\"left\" data-parallax=\"scroll\" data-speed=\".3\" data-image-src=\"http:\/\/kruste.selfhost.me\/wordpress\/wp-content\/uploads\/2021\/03\/SEZ8003-2.jpg\" style=\"align-items: flex-start;min-height: 650px;\">\n<div class=\"parallax-container parallax-content\">\n<\/div>\n<\/div>\n<\/section>\n<p><\/code><\/p>\n<\/div>\n\t\t<\/div><div id=\"panel-3654-1-0-2\" class=\"so-panel widget widget_black-studio-tinymce widget_black_studio_tinymce panel-last-child\" data-index=\"5\" ><div class=\"textwidget\"><p>Meinen Besuch auf Praslin w\u00fcrde ich bei einer erneuten Reise auch \u00fcberdenken. Die Anse Kerlan eignetet sich zwar gut um sehr sch\u00f6nen Sonnenunterg\u00e4nge zu beobachten nur tr\u00fcbten k\u00fcnstliche Wellenbrecher aus Granitsteinen und hohe Berge von Seegras das Badevergn\u00fcgen. Der September ist wohl nicht der beste Monat f\u00fcr einen Besuch dieser K\u00fcste.<\/p>\n<p>Mein Tipp: Die schnelle F\u00e4hrverbindung von La Digue nach Praslin nutzen um die Insel in einem Tagesausflug zu erkunden. Die Busverbindungen auf der Insel sind einfach nutzbar und mit 12 x 5 Kilometern ist Praslin auch nicht zu gro\u00df. Wer m\u00f6chte kann sich f\u00fcr einen entspannten Tag auch ein Auto mieten.<\/p>\n<p>&nbsp;<\/p>\n<\/div><\/div><\/div><\/div><\/div>","protected":false},"excerpt":{"rendered":"<p>\u00a0 &nbsp; Die Anse Lazio ist einer der Gr\u00fcnde Praslin Island zu besuchen. Dieser Traumstrand im Norden der Insel geh\u00f6rt zweifelsfrei zu den sch\u00f6nsten Str\u00e4nden,<\/p>\n","protected":false},"author":1,"featured_media":0,"parent":3596,"menu_order":0,"comment_status":"closed","ping_status":"closed","template":"","meta":{"footnotes":""},"class_list":["post-3654","page","type-page","status-publish","hentry"],"_links":{"self":[{"href":"http:\/\/kruste.selfhost.me\/wordpress\/index.php?rest_route=\/wp\/v2\/pages\/3654","targetHints":{"allow":["GET"]}}],"collection":[{"href":"http:\/\/kruste.selfhost.me\/wordpress\/index.php?rest_route=\/wp\/v2\/pages"}],"about":[{"href":"http:\/\/kruste.selfhost.me\/wordpress\/index.php?rest_route=\/wp\/v2\/types\/page"}],"author":[{"embeddable":true,"href":"http:\/\/kruste.selfhost.me\/wordpress\/index.php?rest_route=\/wp\/v2\/users\/1"}],"replies":[{"embeddable":true,"href":"http:\/\/kruste.selfhost.me\/wordpress\/index.php?rest_route=%2Fwp%2Fv2%2Fcomments&post=3654"}],"version-history":[{"count":6,"href":"http:\/\/kruste.selfhost.me\/wordpress\/index.php?rest_route=\/wp\/v2\/pages\/3654\/revisions"}],"predecessor-version":[{"id":7412,"href":"http:\/\/kruste.selfhost.me\/wordpress\/index.php?rest_route=\/wp\/v2\/pages\/3654\/revisions\/7412"}],"up":[{"embeddable":true,"href":"http:\/\/kruste.selfhost.me\/wordpress\/index.php?rest_route=\/wp\/v2\/pages\/3596"}],"wp:attachment":[{"href":"http:\/\/kruste.selfhost.me\/wordpress\/index.php?rest_route=%2Fwp%2Fv2%2Fmedia&parent=3654"}],"curies":[{"name":"wp","href":"https:\/\/api.w.org\/{rel}","templated":true}]}}