{"id":3657,"date":"2018-10-10T08:36:10","date_gmt":"2018-10-10T06:36:10","guid":{"rendered":"http:\/\/kruste.selfhost.me\/wordpress\/?page_id=3657"},"modified":"2021-03-14T09:30:37","modified_gmt":"2021-03-14T07:30:37","slug":"region-christmas-island-3","status":"publish","type":"page","link":"http:\/\/kruste.selfhost.me\/wordpress\/?page_id=3657","title":{"rendered":"Region La Digue"},"content":{"rendered":"<div id=\"pl-3657\"  class=\"panel-layout\" ><div id=\"pg-3657-0\"  class=\"panel-grid panel-no-style\" ><div id=\"pgc-3657-0-0\"  class=\"panel-grid-cell\" ><div id=\"panel-3657-0-0-0\" class=\"so-panel widget widget_black-studio-tinymce widget_black_studio_tinymce panel-first-child\" data-index=\"0\" ><div class=\"textwidget\"><hr \/>\n<p>\u00a0<\/p>\n<\/div><\/div><div id=\"panel-3657-0-0-1\" class=\"so-panel widget widget_text panel-last-child\" data-index=\"1\" >\t\t\t<div class=\"textwidget\"><p>\nAktuelle Zeit auf La Digue:  19:48 Uhr<br \/>\nZeitzone:  UTC<br \/>\nDie Wettervorhersage f\u00fcr die n\u00e4chsten drei Tage: <\/p>\n<\/div>\n\t\t<\/div><\/div><div id=\"pgc-3657-0-1\"  class=\"panel-grid-cell\" ><div id=\"panel-3657-0-1-0\" class=\"so-panel widget widget_black-studio-tinymce widget_black_studio_tinymce panel-first-child panel-last-child\" data-index=\"2\" ><div class=\"textwidget\"><p><i><\/i><\/p>\n<div class='weather-atlas-wrapper' style='background:#FF5000;border:1px solid #ee3f00;color:#fff;'>\n<div class='weather-atlas-header' style='border-bottom:1px solid #ee3f00'>La R\u00e9union, SC<\/div>\n<div class='weather-atlas-body'>\n<div class='current_horizontal'>\n<div class='current_temp'><i class='wi wi-fw wi-weather-29'><\/i><span class='temp'>28\u00b0<\/span>\n<div class='current_text'>Teilweise Bew\u00f6lkt<\/div>\n<div class='sunrise_sunset'>06:15<i class='wi wi-fw wi-weather-32'><\/i>18:14 +04<\/div>\n<\/div>\n<p><span class='current_text_2'>Gef\u00fchlt: 33<small>\u00b0C<\/small><br \/>Wind: 5<small>km\/h<\/small> S<br \/>Feuchtigkeit: 84<small>%<\/small><br \/>Druck: 1008.47<small>mbar<\/small><br \/>UV-Index: 0<\/span><\/p><\/div>\n<div class='hourly hours' style='border-bottom:1px solid #ee3f00'><span class='extended_hour extended_hour_1'>1<small>h<\/small><\/span><span class='extended_hour extended_hour_2'>2<small>h<\/small><\/span><span class='extended_hour extended_hour_3'>3<small>h<\/small><\/span><span class='extended_hour extended_hour_4'>4<small>h<\/small><\/span><span class='extended_hour extended_hour_5'>5<small>h<\/small><\/span><\/div>\n<div class='hourly'><span class='extended_hour extended_hour_1' title='Stark Bew\u00f6lkt'>28<small>\u00b0C<\/small><br \/><i class='wi wi-fw wi-weather-27'><\/i><\/span><span class='extended_hour extended_hour_2' title='Teilweise Bew\u00f6lkt'>28<small>\u00b0C<\/small><br \/><i class='wi wi-fw wi-weather-29'><\/i><\/span><span class='extended_hour extended_hour_3' title='Teilweise Bew\u00f6lkt'>27<small>\u00b0C<\/small><br \/><i class='wi wi-fw wi-weather-29'><\/i><\/span><span class='extended_hour extended_hour_4' title='Schauer'>27<small>\u00b0C<\/small><br \/><i class='wi wi-fw wi-weather-11'><\/i><\/span><span class='extended_hour extended_hour_5' title='Einige Schauer'>27<small>\u00b0C<\/small><br \/><i class='wi wi-fw wi-weather-11'><\/i><\/span><\/div>\n<div class='daily days' style='border-bottom:1px solid #ee3f00'><span class='extended_day extended_day_1'>Fr.<\/span><span class='extended_day extended_day_2'>Sa.<\/span><span class='extended_day extended_day_3'>So.<\/span><\/div>\n<div class='daily'><span class='extended_day extended_day_1' title='Nachm. Schauer'>30<small>\u00b0C<\/small> \/ 27<small>\u00b0C<\/small><br \/><i class='wi wi-fw wi-weather-39'><\/i><\/span><span class='extended_day extended_day_2' title='Wolkig'>30<small>\u00b0C<\/small> \/ 27<small>\u00b0C<\/small><br \/><i class='wi wi-fw wi-weather-26'><\/i><\/span><span class='extended_day extended_day_3' title='Vorm. Schauer'>30<small>\u00b0C<\/small> \/ 27<small>\u00b0C<\/small><br \/><i class='wi wi-fw wi-weather-39'><\/i><\/span><\/div>\n<\/div>\n<div class='weather-atlas-footer' style='border-top:1px solid #ee3f00'><a href='https:\/\/www.weather-atlas.com\/en\/seychelles\/la-reunion-climate' title='La R\u00e9union, SC - Klima' style='color:#fff'><span class='weather-atlas-footer-block'>La R\u00e9union, SC<\/span> klima &#9656;<\/a><\/div>\n<\/div>\n<p><\/p>\n<\/div><\/div><\/div><\/div><div id=\"pg-3657-1\"  class=\"panel-grid panel-no-style\" ><div id=\"pgc-3657-1-0\"  class=\"panel-grid-cell\" ><div id=\"panel-3657-1-0-0\" class=\"so-panel widget widget_black-studio-tinymce widget_black_studio_tinymce panel-first-child\" data-index=\"3\" ><div class=\"textwidget\"><hr \/>\n<p>&nbsp;<\/p>\n<p>Auf La Digue habe ich mich bei meiner Reise besonders gefreut. Die kleine Insel ( 5 x 3 Kilometer ) hat einfach viel Charme, alles l\u00e4uft gem\u00fctlich vonstatten und die Str\u00e4nde sind einfach traumhaft.\u00a0Die circa 2200 Einwohner sind freundlich, relaxed und so stellt man sich einen Strandurlaub immer vor.<\/p>\n<p>Sicher, der traumhafte Strand im Hafen, den es im Jahr 1994 noch gab, musste schon 2004 einem Pier weichen jedoch konnten Ochsenkarren und die wartenden Fischerm\u00e4nner am Strand vor der Tarosa Bar dem Fortschritt standhalten. Meine Hoffnung, dass dies im Jahr 2018 auch noch so seinen wird war gro\u00df.<\/p>\n<p>Da sollte ich mich jedoch get\u00e4uscht haben. Auf Praslin erfuhr ich schon vom Verschwinden der Ochsenkarren. Dieses Fortbewegungsmittel, ohne das die Welt fr\u00fcher auf La Digue garnicht funktionierte, musste Elektro \/ und Benzinfahrzeugen weichen. Die holperigen Wege wurden durch betonierten Stra\u00dfen ersetzt, auf denen die Ochsen sowieso nicht mehr richtig h\u00e4tten laufen k\u00f6nnen. Schlechte Vorzeichen und das weitere Ver\u00e4nderungen auf der Insel stattgefunden haben, sah ich schon bei der Einfahrt in den Hafen.<\/p>\n<p>Wellenbrecher aus Granit sch\u00fctzten nicht mehr nur den Hafen sondern auch ein neues 5 ***** Resort in direkter Nachbarschaft. Wer hier wohl 2 Wochen Urlaub bucht, fragte ich mich. Ein reges Treiben am Hafen lies auch schon vermuten, dass sich die Anzahl der G\u00e4ste auf La Digue mehr als verdoppelt hatte. Taxen holten die Reisenden jetzt vom Pier ab und es gab leider wirklich nicht einen einzigen Ochsenkarren mehr. Ich ahnte schon, was aus \"meinem\" La Digue geworden war.<\/p>\n<p>Auf dem Weg zu unsere Unterkunft ( nat\u00fcrlich mit einem Taxi ) sah ich recht viele Menschen und wo diese wohnten wurde mir schnell klar. Statt circa 15 Gasth\u00e4usern auf der Insel gab es jetzt mehr als 100 Unterk\u00fcnfte und ich fragte mich<\/p>\n<blockquote><p><span style=\"font-size: 20px;\">Was soll ich hier blo\u00df eine Woche lang machen ?<\/span><\/p><\/blockquote>\n<p>&nbsp;<\/p>\n<\/div><\/div><div id=\"panel-3657-1-0-1\" class=\"so-panel widget widget_text\" data-index=\"4\" >\t\t\t<div class=\"textwidget\"><p><code><\/p>\n<section class=\"parallax-section\">\n<div class=\"parallax-window\" data-z-index=\"0\" data-position-x=\"left\" data-parallax=\"scroll\" data-speed=\".3\" data-image-src=\"http:\/\/kruste.selfhost.me\/wordpress\/wp-content\/uploads\/2021\/03\/8504871_1.jpg\" style=\"align-items: flex-start;min-height: 650px;\">\n<div class=\"parallax-container parallax-content\">\n<\/div>\n<\/div>\n<\/section>\n<p><\/code><\/p>\n<\/div>\n\t\t<\/div><div id=\"panel-3657-1-0-2\" class=\"so-panel widget widget_black-studio-tinymce widget_black_studio_tinymce panel-last-child\" data-index=\"5\" ><div class=\"textwidget\"><p>&nbsp;<\/p>\n<p>Der Schreck sa\u00df tief und Birgitt vom \"Bois d'Amour\" munterte mich einwenig auf und sagte mir, dass es mein altes La Digue noch g\u00e4ben w\u00fcrde ich m\u00fcsste nur ein wenig danach suchen.<\/p>\n<p>Jetzt aber noch ein paar Daten zur Insel:<\/p>\n<p>La Digue ist mit fast 10 qkm eine recht kleine Insel, auf der die Besucher alles mit dem Fahrrad erledigen k\u00f6nnen. Es gibt Geldautomaten, Superm\u00e4rkte und Restaurants. Da auch hier auf der Insel die Preise f\u00fcr ein Abendessen erst bei circa 30 \u20ac pro Person starten, steigt die Beliebtheit von Takeaways rasch an. Ich finde eine gute Alternative, wenn man nicht jeden Abend Lust zum Kochen hat. Empfehlen w\u00fcrde ich aber auf den Seychellen immer eine Unterkunft mit Kochm\u00f6glichkeit zu buchen.<\/p>\n<p>Der Grund f\u00fcr einen Besuch von La Digue sind sicherlich die fantastischen Str\u00e4nde. Auch wenn mein Lieblingsstrand, die Anse Patates, durch den Neubau eines Hotels jetzt gut besucht ist, gibt es noch sch\u00f6ne und fast einsame Str\u00e4nde. Die Grand Anse, Petit Anse und Anse Cocos haben weiterhin Bilderbuch Charakter und an der Anse Source d\u2019Argent sind immer noch traumhafte Fotos m\u00f6glich. Jetzt braucht es halt nur etwas mehr Geduld.<\/p>\n<p>Meine Woche auf La Digue wendetet sich zum Gl\u00fcck zum Guten und teilweise habe ich das alte La Digue auch noch gefunden.<\/p>\n<p>Tipp: Den Sonnenaufgang an der Ostseite ( Anse Banane ) und ein Abendessen im Belle Vue nicht verpassen.<\/p>\n<\/div><\/div><\/div><\/div><\/div>","protected":false},"excerpt":{"rendered":"<p>\u00a0 &nbsp; Auf La Digue habe ich mich bei meiner Reise besonders gefreut. Die kleine Insel ( 5 x 3 Kilometer ) hat einfach viel<\/p>\n","protected":false},"author":1,"featured_media":0,"parent":3596,"menu_order":0,"comment_status":"closed","ping_status":"closed","template":"","meta":{"footnotes":""},"class_list":["post-3657","page","type-page","status-publish","hentry"],"_links":{"self":[{"href":"http:\/\/kruste.selfhost.me\/wordpress\/index.php?rest_route=\/wp\/v2\/pages\/3657","targetHints":{"allow":["GET"]}}],"collection":[{"href":"http:\/\/kruste.selfhost.me\/wordpress\/index.php?rest_route=\/wp\/v2\/pages"}],"about":[{"href":"http:\/\/kruste.selfhost.me\/wordpress\/index.php?rest_route=\/wp\/v2\/types\/page"}],"author":[{"embeddable":true,"href":"http:\/\/kruste.selfhost.me\/wordpress\/index.php?rest_route=\/wp\/v2\/users\/1"}],"replies":[{"embeddable":true,"href":"http:\/\/kruste.selfhost.me\/wordpress\/index.php?rest_route=%2Fwp%2Fv2%2Fcomments&post=3657"}],"version-history":[{"count":6,"href":"http:\/\/kruste.selfhost.me\/wordpress\/index.php?rest_route=\/wp\/v2\/pages\/3657\/revisions"}],"predecessor-version":[{"id":7413,"href":"http:\/\/kruste.selfhost.me\/wordpress\/index.php?rest_route=\/wp\/v2\/pages\/3657\/revisions\/7413"}],"up":[{"embeddable":true,"href":"http:\/\/kruste.selfhost.me\/wordpress\/index.php?rest_route=\/wp\/v2\/pages\/3596"}],"wp:attachment":[{"href":"http:\/\/kruste.selfhost.me\/wordpress\/index.php?rest_route=%2Fwp%2Fv2%2Fmedia&parent=3657"}],"curies":[{"name":"wp","href":"https:\/\/api.w.org\/{rel}","templated":true}]}}