{"id":532,"date":"2014-10-29T15:17:31","date_gmt":"2014-10-29T14:17:31","guid":{"rendered":"http:\/\/192.168.1.106\/wordpress\/?page_id=532"},"modified":"2021-03-12T19:04:43","modified_gmt":"2021-03-12T17:04:43","slug":"region-kapstadt","status":"publish","type":"page","link":"http:\/\/kruste.selfhost.me\/wordpress\/?page_id=532","title":{"rendered":"Region Kapstadt"},"content":{"rendered":"<div id=\"pl-532\"  class=\"panel-layout\" ><div id=\"pg-532-0\"  class=\"panel-grid panel-no-style\" ><div id=\"pgc-532-0-0\"  class=\"panel-grid-cell\" ><div id=\"panel-532-0-0-0\" class=\"so-panel widget widget_black-studio-tinymce widget_black_studio_tinymce panel-first-child\" data-index=\"0\" ><div class=\"textwidget\"><hr \/>\n<p>&nbsp;<\/p>\n<\/div><\/div><div id=\"panel-532-0-0-1\" class=\"so-panel widget widget_black-studio-tinymce widget_black_studio_tinymce panel-last-child\" data-index=\"1\" ><div class=\"textwidget\"><p>Aktuelle Zeit in Kapstadt:  0:35 Uhr<br \/>\nZeitzone:  SAST<br \/>\nDie Wettervorhersage f\u00fcr die n\u00e4chsten drei Tage: <\/p>\n<\/div><\/div><\/div><div id=\"pgc-532-0-1\"  class=\"panel-grid-cell\" ><div id=\"panel-532-0-1-0\" class=\"so-panel widget widget_black-studio-tinymce widget_black_studio_tinymce panel-first-child panel-last-child\" data-index=\"2\" ><div class=\"textwidget\"><p><i><\/i><\/p>\n<div class='weather-atlas-wrapper' style='background:#FFB600;border:1px solid #eea500;color:#fff;'>\n<div class='weather-atlas-header' style='border-bottom:1px solid #eea500'>Cape Town, ZA<\/div>\n<div class='weather-atlas-body'>\n<div class='current_horizontal'>\n<div class='current_temp'><i class='wi wi-fw wi-weather-33'><\/i><span class='temp'>14\u00b0<\/span>\n<div class='current_text'>Leicht<\/div>\n<div class='sunrise_sunset'>07:13<i class='wi wi-fw wi-weather-32'><\/i>18:16 SAST<\/div>\n<\/div>\n<p><span class='current_text_2'>Gef\u00fchlt: 13<small>\u00b0C<\/small><br \/>Wind: 21<small>km\/h<\/small> N<br \/>Feuchtigkeit: 79<small>%<\/small><br \/>Druck: 1015.24<small>mbar<\/small><br \/>UV-Index: 0<\/span><\/p><\/div>\n<div class='hourly hours' style='border-bottom:1px solid #eea500'><span class='extended_hour extended_hour_1'>2<small>h<\/small><\/span><span class='extended_hour extended_hour_2'>3<small>h<\/small><\/span><span class='extended_hour extended_hour_3'>4<small>h<\/small><\/span><span class='extended_hour extended_hour_4'>5<small>h<\/small><\/span><span class='extended_hour extended_hour_5'>6<small>h<\/small><\/span><\/div>\n<div class='hourly'><span class='extended_hour extended_hour_1' title='Teilweise Bew\u00f6lkt'>14<small>\u00b0C<\/small><br \/><i class='wi wi-fw wi-weather-29'><\/i><\/span><span class='extended_hour extended_hour_2' title='Teilweise Bew\u00f6lkt'>14<small>\u00b0C<\/small><br \/><i class='wi wi-fw wi-weather-29'><\/i><\/span><span class='extended_hour extended_hour_3' title='Teilweise Bew\u00f6lkt'>14<small>\u00b0C<\/small><br \/><i class='wi wi-fw wi-weather-29'><\/i><\/span><span class='extended_hour extended_hour_4' title='Teilweise Bew\u00f6lkt'>13<small>\u00b0C<\/small><br \/><i class='wi wi-fw wi-weather-29'><\/i><\/span><span class='extended_hour extended_hour_5' title='Stark Bew\u00f6lkt'>13<small>\u00b0C<\/small><br \/><i class='wi wi-fw wi-weather-27'><\/i><\/span><\/div>\n<div class='daily days' style='border-bottom:1px solid #eea500'><span class='extended_day extended_day_1'>Mi.<\/span><span class='extended_day extended_day_2'>Do.<\/span><span class='extended_day extended_day_3'>Fr.<\/span><\/div>\n<div class='daily'><span class='extended_day extended_day_1' title='Teilweise Bew\u00f6lkt'>19<small>\u00b0C<\/small> \/ 10<small>\u00b0C<\/small><br \/><i class='wi wi-fw wi-weather-30'><\/i><\/span><span class='extended_day extended_day_2' title='Sonnig'>22<small>\u00b0C<\/small> \/ 13<small>\u00b0C<\/small><br \/><i class='wi wi-fw wi-weather-32'><\/i><\/span><span class='extended_day extended_day_3' title='Sonnig'>26<small>\u00b0C<\/small> \/ 15<small>\u00b0C<\/small><br \/><i class='wi wi-fw wi-weather-32'><\/i><\/span><\/div>\n<\/div>\n<div class='weather-atlas-footer' style='border-top:1px solid #eea500'><a href='https:\/\/www.weather-atlas.com\/en\/south-africa\/cape-town-weather-tomorrow' title='Cape Town, ZA - Weather forecast for tomorrow' style='color:#fff'><span class='weather-atlas-footer-block'>Cape Town, ZA<\/span> weather forecast for tomorrow &#9656;<\/a><\/div>\n<\/div>\n<p><\/p>\n<\/div><\/div><\/div><\/div><div id=\"pg-532-1\"  class=\"panel-grid panel-no-style\" ><div id=\"pgc-532-1-0\"  class=\"panel-grid-cell\" ><div id=\"panel-532-1-0-0\" class=\"so-panel widget widget_black-studio-tinymce widget_black_studio_tinymce panel-first-child\" data-index=\"3\" ><div class=\"textwidget\"><hr \/>\n<blockquote><p><span style=\"font-size: 24px; font-family: 'comic sans ms', sans-serif;\">Kapstadt ist die sch\u00f6nste Stadt der Welt<\/span><\/p><\/blockquote>\n<p>das habe ich schon oft geh\u00f6rt aber leider lag diese Stadt mit seinen Weing\u00fctern und sch\u00f6nen Str\u00e4nden nie auf meiner Reiseroute. Die Fl\u00fcge sind oft recht teuer und nur mal so ans Kap der Guten Hoffnung wollte ich nicht reisen. Zu meiner \u00dcberraschung bot Air Namibia f\u00fcr Januar 2014 einen interessanten Flugpreis nach Kapstadt an. Ein Stopp in Windhoek (Namibia) inklusive.<\/p>\n<p>Ich entschied mich f\u00fcr einen Aufenthalt von 5 Tagen in der Kap Region und was soll ich sagen, die Zeit war viel zu kurz. Stellenbosch mit seinen Weing\u00fctern haben wir nicht geschafft zu besuchen und f\u00fcr den Stadtkern von Kapstadt h\u00e4tte ich auch mehr Zeit gebraucht.<\/p>\n<p>Die K\u00fcstenstra\u00dfen ( der Chapman`s Peak Drive ) , das Kap, der Tafelberg, Camps Bay und die Tour zum Wei\u00dfen Hai in der Gansbaai haben unsere ganze Zeit in Anspruch genommen. Ich h\u00e4tte aber keinen dieser Pl\u00e4tze auslassen wollen und die Fahrt von unserer Unterkunft in der Gordon's Bay \u00fcber Muizenberg, Simon's Town bis zum Kap und weiter \u00fcber den Chapman`s Peak Drive bis zur Camps Bay ist eine meiner sch\u00f6nsten Urlaubserinnerungen \u00fcberhaupt.<\/p>\n<p>Somit bleibt nur eine weitere Reise nach Kapstadt um die noch ausstehenden Pl\u00e4tze zu besuchen, denn Stellenbosch, den Stadteil Woodstock und die n\u00f6rdliche K\u00fcste von Kapstadt m\u00f6chte ich sehr gerne noch bereisen.<\/p>\n<\/div><\/div><div id=\"panel-532-1-0-1\" class=\"so-panel widget widget_text\" data-index=\"4\" >\t\t\t<div class=\"textwidget\"><p><code><\/p>\n<section class=\"parallax-section\">\n<div class=\"parallax-window\" data-z-index=\"0\" data-position-x=\"left\" data-parallax=\"scroll\" data-speed=\".3\" data-image-src=\"http:\/\/kruste.selfhost.me\/wordpress\/wp-content\/uploads\/2021\/03\/DSC_1159_1.jpg\" style=\"align-items: flex-start;min-height: 550px;\">\n<div class=\"parallax-container parallax-content\">\n<\/div>\n<\/div>\n<\/section>\n<p><\/code><\/p>\n<\/div>\n\t\t<\/div><div id=\"panel-532-1-0-2\" class=\"so-panel widget widget_black-studio-tinymce widget_black_studio_tinymce panel-last-child\" data-index=\"5\" ><div class=\"textwidget\"><p>Nach gut 7 Jahren R\u00fcckblick auf die oben geschriebenen Zeilen gibt es ein keines Update. Ich habe Kapstadt jetzt 3 weitere Male besucht und es gef\u00e4llt mir immer noch sehr gut. Die Weing\u00fcter in Stellenbosch und der Neighbour Markt in Woodstock sind einen Besuch wert, wobei letzterer bei unserem Aufenthalt doch sehr \u00fcberlaufen war.<\/p>\n<p>Meine Reise im <a href=\"http:\/\/kruste.selfhost.me\/wordpress\/?page_id=2787\">November 2017<\/a> von Kapstadt \u00fcber die Kalahari bis nach Johannesburg z\u00e4hlt mit zu den interessantesten und ich hoffe es war nicht die letzte Tour in diese tolle Stadt.<\/p>\n<\/div><\/div><\/div><\/div><\/div>","protected":false},"excerpt":{"rendered":"<p>&nbsp; Kapstadt ist die sch\u00f6nste Stadt der Welt das habe ich schon oft geh\u00f6rt aber leider lag diese Stadt mit seinen Weing\u00fctern und sch\u00f6nen Str\u00e4nden<\/p>\n","protected":false},"author":1,"featured_media":0,"parent":108,"menu_order":0,"comment_status":"closed","ping_status":"closed","template":"","meta":{"footnotes":""},"class_list":["post-532","page","type-page","status-publish","hentry"],"_links":{"self":[{"href":"http:\/\/kruste.selfhost.me\/wordpress\/index.php?rest_route=\/wp\/v2\/pages\/532","targetHints":{"allow":["GET"]}}],"collection":[{"href":"http:\/\/kruste.selfhost.me\/wordpress\/index.php?rest_route=\/wp\/v2\/pages"}],"about":[{"href":"http:\/\/kruste.selfhost.me\/wordpress\/index.php?rest_route=\/wp\/v2\/types\/page"}],"author":[{"embeddable":true,"href":"http:\/\/kruste.selfhost.me\/wordpress\/index.php?rest_route=\/wp\/v2\/users\/1"}],"replies":[{"embeddable":true,"href":"http:\/\/kruste.selfhost.me\/wordpress\/index.php?rest_route=%2Fwp%2Fv2%2Fcomments&post=532"}],"version-history":[{"count":1,"href":"http:\/\/kruste.selfhost.me\/wordpress\/index.php?rest_route=\/wp\/v2\/pages\/532\/revisions"}],"predecessor-version":[{"id":2140,"href":"http:\/\/kruste.selfhost.me\/wordpress\/index.php?rest_route=\/wp\/v2\/pages\/532\/revisions\/2140"}],"up":[{"embeddable":true,"href":"http:\/\/kruste.selfhost.me\/wordpress\/index.php?rest_route=\/wp\/v2\/pages\/108"}],"wp:attachment":[{"href":"http:\/\/kruste.selfhost.me\/wordpress\/index.php?rest_route=%2Fwp%2Fv2%2Fmedia&parent=532"}],"curies":[{"name":"wp","href":"https:\/\/api.w.org\/{rel}","templated":true}]}}