{"id":543,"date":"2014-10-29T19:26:03","date_gmt":"2014-10-29T18:26:03","guid":{"rendered":"http:\/\/192.168.1.106\/wordpress\/?page_id=543"},"modified":"2020-08-04T11:04:31","modified_gmt":"2020-08-04T09:04:31","slug":"khandizwe-river-lodge-malelane","status":"publish","type":"page","link":"http:\/\/kruste.selfhost.me\/wordpress\/?page_id=543","title":{"rendered":"Khandizwe River Lodge (Malelane)"},"content":{"rendered":"<div id=\"pl-543\"  class=\"panel-layout\" ><div id=\"pg-543-0\"  class=\"panel-grid panel-no-style\" ><div id=\"pgc-543-0-0\"  class=\"panel-grid-cell\" ><div id=\"panel-543-0-0-0\" class=\"so-panel widget widget_black-studio-tinymce widget_black_studio_tinymce panel-first-child panel-last-child\" data-index=\"0\" ><div class=\"textwidget\"><div class=\"style_SkipStroke_2 shape-with-text flowDefining\">\n<div class=\"text-content style_External_485_494\">\n<div class=\"style\">\n<hr \/>\n<\/div>\n<div class=\"style\">\n<div class=\"style\">\n<p class=\"paragraph_style\"><span class=\"style_1\">Die <a href=\"https:\/\/www.tripadvisor.at\/Hotel_Feature-g312631-d1536818-zft6217-Khandizwe_River_Lodge.html\" target=\"_blank\" rel=\"noopener\">Khandizwe River Lodge<\/a>\u00a0liegt direkt am Crocodile River in einem gehobenen Wohnviertel von Malelane am s\u00fcdlichen Teil des Kruger Park. Das Malelane Gate ist in ca. 15 Minuten mit dem Auto erreichbar. Einkaufsm\u00f6glichkeiten, Banken und Restaurants gib es in der n\u00e4heren Umgebung jedoch ist auch hier ein eigenes Fahrzeug notwendig.<br \/>\n<\/span><\/p>\n<p class=\"paragraph_style\">Zur Lodge selbst. Das Haus ( Anwesen ) besteht aus einem Hauptgeb\u00e4ude mit \u00fcberdachter Terrasse, einem kleineren Grillplatz, Sonnendeck und Garten mit sch\u00f6nem Pool. Dem Gast stehen alle R\u00e4ume, Pool und Garten zur Nutzung bereit. Der Besitzer vermietet das Anwesen immer nur an eine Familie bzw. Reisegruppe, was sehr angenehm ist.<\/p>\n<p class=\"paragraph_style\">Wer keine Lust zum Kochen hat kann z.B. das Restaurant \u201eThe Deck\u201c besuchen, ein nettes Pl\u00e4tzchen mit Blick \u00fcber den Fluss. Die Preise sind angemessen und das Essen ist lecker ( Kudu Steak 120 Rand, H\u00fcftsteak 90 Rand und Springbock Carpaccio 45 Rand ) Man sollte aber etwas Zeit mitbringen.<\/p>\n<hr \/>\n<p>&nbsp;<\/p><\/div>\n<\/div>\n<\/div>\n<\/div>\n<\/div><\/div><\/div><div id=\"pgc-543-0-1\"  class=\"panel-grid-cell\" ><div id=\"panel-543-0-1-0\" class=\"so-panel widget widget_black-studio-tinymce widget_black_studio_tinymce panel-first-child panel-last-child\" data-index=\"1\" ><div class=\"textwidget\"><p><img loading=\"lazy\" decoding=\"async\" class=\"aligncenter size-full wp-image-6500\" src=\"http:\/\/kruste.selfhost.me\/wordpress\/wp-content\/uploads\/2019\/01\/SAF_6019_web.jpg\" alt=\"\" width=\"1067\" height=\"800\" srcset=\"http:\/\/kruste.selfhost.me\/wordpress\/wp-content\/uploads\/2019\/01\/SAF_6019_web.jpg 1067w, http:\/\/kruste.selfhost.me\/wordpress\/wp-content\/uploads\/2019\/01\/SAF_6019_web-150x112.jpg 150w, http:\/\/kruste.selfhost.me\/wordpress\/wp-content\/uploads\/2019\/01\/SAF_6019_web-300x225.jpg 300w, http:\/\/kruste.selfhost.me\/wordpress\/wp-content\/uploads\/2019\/01\/SAF_6019_web-768x576.jpg 768w, http:\/\/kruste.selfhost.me\/wordpress\/wp-content\/uploads\/2019\/01\/SAF_6019_web-1024x768.jpg 1024w, http:\/\/kruste.selfhost.me\/wordpress\/wp-content\/uploads\/2019\/01\/SAF_6019_web-700x525.jpg 700w\" sizes=\"auto, (max-width: 1067px) 100vw, 1067px\" \/><\/p>\n<\/div><\/div><\/div><\/div><div id=\"pg-543-1\"  class=\"panel-grid panel-no-style\" ><div id=\"pgc-543-1-0\"  class=\"panel-grid-cell\" ><div id=\"panel-543-1-0-0\" class=\"so-panel widget widget_black-studio-tinymce widget_black_studio_tinymce panel-first-child\" data-index=\"2\" ><h3 class=\"widget-title\">Preise:<\/h3><div class=\"textwidget\"><hr \/>\n<p>F\u00fcr die \u00dcbernachtung \u00a0werden 575 ZAR pro Person berechnet.<br \/>Seit\u00a02014 liegt\u00a0der Preis f\u00fcr die Nacht bei 675 ZAR\u00a0<br \/>Weiter stehen Getr\u00e4nke wie Bier und Wein im K\u00fchlschrank vor Ort zur Verf\u00fcgung. Die Preise sind sehr angemessen.<\/p>\n<\/div><\/div><div id=\"panel-543-1-0-1\" class=\"so-panel widget widget_black-studio-tinymce widget_black_studio_tinymce\" data-index=\"3\" ><h3 class=\"widget-title\">Kommunikation:<\/h3><div class=\"textwidget\"><div id=\"id4\" class=\"style_SkipStroke_4 shape-with-text\">\n<div class=\"text-content graphic_textbox_layout_style_default_External_138_130\">\n<div class=\"graphic_textbox_layout_style_default\">\n<hr \/>\n<p class=\"Caption\">Per Mobilfunk ist man im ganzen Haus gut erreichbar. F\u00fcr den Notfall gibt es aber auch einen Festnetzanschluss. Seit dem Jahr 2014 ist der Internetzugang per WLAN m\u00f6glich (kostenfrei).<\/p>\n<\/div>\n<\/div>\n<\/div>\n<\/div><\/div><div id=\"panel-543-1-0-2\" class=\"so-panel widget widget_text\" data-index=\"4\" >\t\t\t<div class=\"textwidget\"><section class=\"parallax-section\">\n<div class=\"parallax-window\" data-z-index=\"1\" data-position-x=\"left\" data-parallax=\"scroll\" data-speed=\".3\" data-image-src=\"http:\/\/kruste.selfhost.me\/wordpress\/wp-content\/uploads\/2020\/08\/SAF5336.jpg\" style=\"align-items: flex-start;min-height: 550px;\">\n<div class=\"parallax-container parallax-content\">\n<\/div>\n<\/div>\n<\/section>\n<\/div>\n\t\t<\/div><div id=\"panel-543-1-0-3\" class=\"so-panel widget widget_black-studio-tinymce widget_black_studio_tinymce\" data-index=\"5\" ><h3 class=\"widget-title\">Anreise:<\/h3><div class=\"textwidget\"><hr \/>\n<p class=\"paragraph_style_2\"><span class=\"style_1\">Ich bin bis jetzt immer mit dem Mietwagen aus Hazyview nach Malelane gefahren oder zum Teil direkt vom Airport in Johannesburg. Ein Mietwagen ist aber auch hier notwendig.<\/span><\/p>\n<\/div><\/div><div id=\"panel-543-1-0-4\" class=\"so-panel widget widget_black-studio-tinymce widget_black_studio_tinymce\" data-index=\"6\" ><h3 class=\"widget-title\">Meine Reisezeiten:<\/h3><div class=\"textwidget\"><hr \/>\n<ul>\n<li>August 2012<\/li>\n<li>M\u00e4rz 2013<\/li>\n<li>August 2014<\/li>\n<\/ul>\n<p class=\"paragraph_style\">\u00a0<\/p>\n<\/div><\/div><div id=\"panel-543-1-0-5\" class=\"so-panel widget widget_black-studio-tinymce widget_black_studio_tinymce\" data-index=\"7\" ><h3 class=\"widget-title\">Das Wetter:<\/h3><div class=\"textwidget\"><hr \/>\n<p class=\"paragraph_style\"><span class=\"style_1\"><strong>August 2012<\/strong><br \/><\/span><\/p>\n<ul>\n<li>Perfekt. Am Tag 25\u00b0C - 30\u00b0C. In der Nacht so um die 13\u00b0C. Kaum Wolken und kein Regen.<\/li>\n<\/ul>\n<p class=\"paragraph_style\"><strong>M\u00e4rz 2013<\/strong><\/p>\n<ul>\n<li>Sehr gut. Am Tag 30\u00b0C und in der Nacht 22\u00b0C. Die Temperatur stieg noch bis auf 37\u00b0C.<\/li>\n<\/ul>\n<p class=\"paragraph_style\"><strong>August 2014<\/strong><\/p>\n<ul>\n<li>So sch\u00f6n wie in 2012. Es gab an einem Tag einen kurzen Schauer.\u00a0<\/li>\n<\/ul>\n<\/div><\/div><div id=\"panel-543-1-0-6\" class=\"so-panel widget widget_black-studio-tinymce widget_black_studio_tinymce\" data-index=\"8\" ><h3 class=\"widget-title\">Zimmer:<\/h3><div class=\"textwidget\"><hr \/>\n<p><span class=\"style_1\">Es ist alles vorhanden, was man in einem guten Haushalt braucht. Geschirr, Besteck, Kaffeemaschine, K\u00fchltaschen ....<\/span><\/p>\n<p>Auch die Zimmer sind komfortabel. Klimaanlage, Safe geh\u00f6ren wie der K\u00fchlschrank zur Ausstattung. Leider ist der K\u00fchlschrank recht laut und ich schalte ihn immer gleich aus. Die Betten sind bequem und das Zimmer zum Fluss hat einen tollen Blick in den Garten. Hier f\u00fchle ich mich sehr wohl.<\/p>\n<\/div><\/div><div id=\"panel-543-1-0-7\" class=\"so-panel widget widget_black-studio-tinymce widget_black_studio_tinymce\" data-index=\"9\" ><div class=\"textwidget\"><p><img loading=\"lazy\" decoding=\"async\" class=\"aligncenter size-full wp-image-7523\" src=\"http:\/\/kruste.selfhost.me\/wordpress\/wp-content\/uploads\/2020\/08\/SAF_9352-scaled.jpg\" alt=\"\" width=\"2560\" height=\"1276\" srcset=\"http:\/\/kruste.selfhost.me\/wordpress\/wp-content\/uploads\/2020\/08\/SAF_9352-scaled.jpg 2560w, http:\/\/kruste.selfhost.me\/wordpress\/wp-content\/uploads\/2020\/08\/SAF_9352-300x150.jpg 300w, http:\/\/kruste.selfhost.me\/wordpress\/wp-content\/uploads\/2020\/08\/SAF_9352-1024x510.jpg 1024w, http:\/\/kruste.selfhost.me\/wordpress\/wp-content\/uploads\/2020\/08\/SAF_9352-150x75.jpg 150w, http:\/\/kruste.selfhost.me\/wordpress\/wp-content\/uploads\/2020\/08\/SAF_9352-768x383.jpg 768w, http:\/\/kruste.selfhost.me\/wordpress\/wp-content\/uploads\/2020\/08\/SAF_9352-1536x766.jpg 1536w, http:\/\/kruste.selfhost.me\/wordpress\/wp-content\/uploads\/2020\/08\/SAF_9352-2048x1021.jpg 2048w\" sizes=\"auto, (max-width: 2560px) 100vw, 2560px\" \/><\/p>\n<\/div><\/div><div id=\"panel-543-1-0-8\" class=\"so-panel widget widget_black-studio-tinymce widget_black_studio_tinymce\" data-index=\"10\" ><h3 class=\"widget-title\">K\u00fcche \/ Restaurant:<\/h3><div class=\"textwidget\"><hr \/>\n<p>In der\u00a0Lodge wird seit 2014 auch ein Fr\u00fchst\u00fcck angeboten. Wir haben diesen Service\u00a0nicht genutzt, da die K\u00fcche komplett ausgestattet ist und der SPAR Markt fast um die Ecke liegt. So gehen wir sicher, das Joghurt, K\u00e4se und frisches Obst nicht fehlen.<\/p>\n<\/div><\/div><div id=\"panel-543-1-0-9\" class=\"so-panel widget widget_black-studio-tinymce widget_black_studio_tinymce\" data-index=\"11\" ><h3 class=\"widget-title\">Personal:<\/h3><div class=\"textwidget\"><hr \/><p>Zur Unterst\u00fctzung steht eine Haushaltshilfe zur Verf\u00fcgung. Die nette Dame hilft beim Abwasch oder wo immer Hilfe ben\u00f6tigt wird. Man sollte aber beachten, dass hier afrikanische Zeiten gelten.<\/p><p class=\"paragraph_style\"><span class=\"style_1\">\u00a0Die 2 Sicherheitskr\u00e4fte, die Nachts das Grundst\u00fcck bewachten wurden 2012 durch eine Alarmanlage abgel\u00f6st. Aus Versehen haben wir diese auch einmal getestet. Sie funktioniert \ud83d\ude42<\/span><\/p><\/div><\/div><div id=\"panel-543-1-0-10\" class=\"so-panel widget widget_black-studio-tinymce widget_black_studio_tinymce\" data-index=\"12\" ><h3 class=\"widget-title\">Aktivit\u00e4ten:<\/h3><div class=\"textwidget\"><hr \/>\n<p class=\"Caption\">Sicher geh\u00f6rt die Fahrt in den Kr\u00fcger Park zu den t\u00e4glichen Aktivit\u00e4ten aber auch ein Tag am Pool sollte man sich g\u00f6nnen. Der Blick auf den Fluss ist wirklich sehr sch\u00f6n und auch hier kann man Antilopen, Giraffen und mit Gl\u00fcck auch Leoparden sehen. Oft kommen zum Nachmittag noch Elefanten zum Fluss oder mit Gl\u00fcck auch fast bis zum Pool.<\/p>\n<p class=\"Caption\">Sollte man den Tag doch lieber im Kruger Park verbringen w\u00fcrde ich aber den Sonnenuntergang von der Lodge aus beobachten. Traumhaft !<\/p>\n<\/div><\/div><div id=\"panel-543-1-0-11\" class=\"so-panel widget widget_black-studio-tinymce widget_black_studio_tinymce\" data-index=\"13\" ><h3 class=\"widget-title\">Tipps:<\/h3><div class=\"textwidget\"><hr \/>\n<p class=\"Caption\"><span class=\"style_4\">Bitte keinen Stress machen und lieber viel Zeit am Pool verbringen.<br \/>\n<\/span><\/p>\n<p class=\"Caption\">Ein perfekter Tag f\u00fcr mich:<\/p>\n<p class=\"Caption\"><span class=\"style_4\">Fr\u00fch in den Kruger Park. Zum Fr\u00fchst\u00fcck zur\u00fcck in die Lodge. Pause am Pool und wieder in den Park. Den Sonnenuntergang\u00a0<\/span><span class=\"style_1\">muss man am Pool geniessen und der Tagesabschluss wird durch ein Barbecue komplettiert.<\/span><\/p>\n<p class=\"Caption\">Zur\u00a0Mittagszeit ist oft sehr hei\u00df und es gibt wenig Tiere im Park zu sehen. Die Zeit am Pool ist hier gut verbracht.<\/p>\n<\/div><\/div><div id=\"panel-543-1-0-12\" class=\"so-panel widget widget_black-studio-tinymce widget_black_studio_tinymce\" data-index=\"14\" ><h3 class=\"widget-title\">Klartext:<\/h3><div class=\"textwidget\"><hr \/>\n<p>Was soll ich hier schreiben ? F\u00fcr mich gibt es keinen Grund zur Klage. Den K\u00fchlschrank im Zimmer stellt man in der Nacht einfach ab und das war es auch schon. Das die B\u00e4der nicht so sch\u00f6n sind wie die Lodge selbst ist gut verkraftbar.\u00a0<\/p>\n<\/div><\/div><div id=\"panel-543-1-0-13\" class=\"so-panel widget widget_black-studio-tinymce widget_black_studio_tinymce panel-last-child\" data-index=\"15\" ><div class=\"textwidget\"><p><img loading=\"lazy\" decoding=\"async\" class=\"aligncenter size-full wp-image-7524\" src=\"http:\/\/kruste.selfhost.me\/wordpress\/wp-content\/uploads\/2020\/08\/SAF_9483-scaled.jpg\" alt=\"\" width=\"2560\" height=\"1148\" srcset=\"http:\/\/kruste.selfhost.me\/wordpress\/wp-content\/uploads\/2020\/08\/SAF_9483-scaled.jpg 2560w, http:\/\/kruste.selfhost.me\/wordpress\/wp-content\/uploads\/2020\/08\/SAF_9483-300x135.jpg 300w, http:\/\/kruste.selfhost.me\/wordpress\/wp-content\/uploads\/2020\/08\/SAF_9483-1024x459.jpg 1024w, http:\/\/kruste.selfhost.me\/wordpress\/wp-content\/uploads\/2020\/08\/SAF_9483-150x67.jpg 150w, http:\/\/kruste.selfhost.me\/wordpress\/wp-content\/uploads\/2020\/08\/SAF_9483-768x344.jpg 768w, http:\/\/kruste.selfhost.me\/wordpress\/wp-content\/uploads\/2020\/08\/SAF_9483-1536x689.jpg 1536w, http:\/\/kruste.selfhost.me\/wordpress\/wp-content\/uploads\/2020\/08\/SAF_9483-2048x918.jpg 2048w, http:\/\/kruste.selfhost.me\/wordpress\/wp-content\/uploads\/2020\/08\/SAF_9483-319x142.jpg 319w\" sizes=\"auto, (max-width: 2560px) 100vw, 2560px\" \/><\/p>\n<\/div><\/div><\/div><\/div><\/div>","protected":false},"excerpt":{"rendered":"<p>Die Khandizwe River Lodge\u00a0liegt direkt am Crocodile River in einem gehobenen Wohnviertel von Malelane am s\u00fcdlichen Teil des Kruger Park. Das Malelane Gate ist in<\/p>\n","protected":false},"author":1,"featured_media":0,"parent":151,"menu_order":0,"comment_status":"closed","ping_status":"closed","template":"","meta":{"footnotes":""},"class_list":["post-543","page","type-page","status-publish","hentry"],"_links":{"self":[{"href":"http:\/\/kruste.selfhost.me\/wordpress\/index.php?rest_route=\/wp\/v2\/pages\/543","targetHints":{"allow":["GET"]}}],"collection":[{"href":"http:\/\/kruste.selfhost.me\/wordpress\/index.php?rest_route=\/wp\/v2\/pages"}],"about":[{"href":"http:\/\/kruste.selfhost.me\/wordpress\/index.php?rest_route=\/wp\/v2\/types\/page"}],"author":[{"embeddable":true,"href":"http:\/\/kruste.selfhost.me\/wordpress\/index.php?rest_route=\/wp\/v2\/users\/1"}],"replies":[{"embeddable":true,"href":"http:\/\/kruste.selfhost.me\/wordpress\/index.php?rest_route=%2Fwp%2Fv2%2Fcomments&post=543"}],"version-history":[{"count":7,"href":"http:\/\/kruste.selfhost.me\/wordpress\/index.php?rest_route=\/wp\/v2\/pages\/543\/revisions"}],"predecessor-version":[{"id":7554,"href":"http:\/\/kruste.selfhost.me\/wordpress\/index.php?rest_route=\/wp\/v2\/pages\/543\/revisions\/7554"}],"up":[{"embeddable":true,"href":"http:\/\/kruste.selfhost.me\/wordpress\/index.php?rest_route=\/wp\/v2\/pages\/151"}],"wp:attachment":[{"href":"http:\/\/kruste.selfhost.me\/wordpress\/index.php?rest_route=%2Fwp%2Fv2%2Fmedia&parent=543"}],"curies":[{"name":"wp","href":"https:\/\/api.w.org\/{rel}","templated":true}]}}