{"id":549,"date":"2014-10-29T22:52:48","date_gmt":"2014-10-29T21:52:48","guid":{"rendered":"http:\/\/192.168.1.106\/wordpress\/?page_id=549"},"modified":"2020-07-31T06:52:17","modified_gmt":"2020-07-31T04:52:17","slug":"dreamfields-hazyview","status":"publish","type":"page","link":"http:\/\/kruste.selfhost.me\/wordpress\/?page_id=549","title":{"rendered":"Dreamfields (Hazyview)"},"content":{"rendered":"<div id=\"pl-549\"  class=\"panel-layout\" ><div id=\"pg-549-0\"  class=\"panel-grid panel-no-style\" ><div id=\"pgc-549-0-0\"  class=\"panel-grid-cell\" ><div id=\"panel-549-0-0-0\" class=\"so-panel widget widget_black-studio-tinymce widget_black_studio_tinymce panel-first-child panel-last-child\" data-index=\"0\" ><div class=\"textwidget\"><div class=\"style_SkipStroke_2 shape-with-text flowDefining\">\n<div class=\"text-content style_External_485_494\">\n<div class=\"style\">\n<hr \/>\n<\/div>\n<div class=\"style\">\n<div class=\"style\">\n<p class=\"paragraph_style\"><span class=\"style_1\">Die kleine und sehr pers\u00f6nlich gef\u00fchrte Unterkunft ist ein guter Tipp f\u00fcr diese Gegend. Das <a href=\"https:\/\/dreamfieldsguesthouse.co.za\/\" target=\"_blank\" rel=\"noopener\">Dreamfields<\/a> liegt in einer kleiner Seitenstra\u00dfe fern ab vom Verkehr der Hauptstra\u00dfe. Trotzdem ist der Kruger Park schnell erreicht\u00a0und auf der \u201eEingangsstrecke im Park\u201c gibt es viele Tiersichtungen ( Hy\u00e4ne, Leopard, B\u00fcffel... ). F\u00fcr mich eine der besten Stra\u00dfen im Kruger Park. Durch die kurze Fahrzeit zum Phabeni\u00a0Gate (circa 10 Minuten ) ist\u00a0auch ein fr\u00fcher Start in den Park kein Problem. Auf Wunsch\u00a0wird dem Gast im Dreamfields das Fr\u00fchst\u00fcck als Paket in einer K\u00fchltasche \u00fcbergeben. Wir konnten das in vollen Z\u00fcgen geniessen und hatten so teilweise volle 12 Stunden im Park zur Verf\u00fcgung.<\/span><\/p>\n<p class=\"paragraph_style\">Aber nicht nur der Park ist schnell erreicht. Ein Restaurant, der Fleischer und ein kleiner Shop befinden sich in der N\u00e4he und der Weg nach Hazyview ist kurz. Ein Auto ist aber auch hier notwendig.<\/p>\n<hr \/>\n<p>&nbsp;<\/p><\/div>\n<\/div>\n<\/div>\n<\/div>\n<\/div><\/div><\/div><div id=\"pgc-549-0-1\"  class=\"panel-grid-cell\" ><div id=\"panel-549-0-1-0\" class=\"so-panel widget widget_black-studio-tinymce widget_black_studio_tinymce panel-first-child panel-last-child\" data-index=\"1\" ><div class=\"textwidget\"><p><a href=\"http:\/\/kruste.selfhost.me\/wordpress\/wp-content\/uploads\/2014\/10\/SAF_4896_p.jpg\"><img loading=\"lazy\" decoding=\"async\" class=\"alignnone size-large wp-image-551\" src=\"http:\/\/kruste.selfhost.me\/wordpress\/wp-content\/uploads\/2014\/10\/SAF_4896_p-685x1024.jpg\" alt=\"SAF_4896_p\" width=\"660\" height=\"986\" srcset=\"http:\/\/kruste.selfhost.me\/wordpress\/wp-content\/uploads\/2014\/10\/SAF_4896_p-685x1024.jpg 685w, http:\/\/kruste.selfhost.me\/wordpress\/wp-content\/uploads\/2014\/10\/SAF_4896_p-100x150.jpg 100w, http:\/\/kruste.selfhost.me\/wordpress\/wp-content\/uploads\/2014\/10\/SAF_4896_p-200x300.jpg 200w, http:\/\/kruste.selfhost.me\/wordpress\/wp-content\/uploads\/2014\/10\/SAF_4896_p-700x1045.jpg 700w, http:\/\/kruste.selfhost.me\/wordpress\/wp-content\/uploads\/2014\/10\/SAF_4896_p.jpg 818w\" sizes=\"auto, (max-width: 660px) 100vw, 660px\" \/><\/a><\/p>\n<\/div><\/div><\/div><\/div><div id=\"pg-549-1\"  class=\"panel-grid panel-no-style\" ><div id=\"pgc-549-1-0\"  class=\"panel-grid-cell\" ><div id=\"panel-549-1-0-0\" class=\"so-panel widget widget_black-studio-tinymce widget_black_studio_tinymce panel-first-child\" data-index=\"2\" ><h3 class=\"widget-title\">Preise:<\/h3><div class=\"textwidget\"><hr \/>\n<p class=\"Caption\">Im Jahr 2010 gab es das Doppelzimmer f\u00fcr 550 Rand pro Person inklusive Fr\u00fchst\u00fcck und f\u00fcr ein Einzelzimmer wurden 690 Rand inklusive Fr\u00fchst\u00fcck berechnet.<\/p>\n<p class=\"Caption\">Aktuell ( 2014 ) liegen die Preise bei 650 Rand bzw. 800 Rand. Sicher nicht die g\u00fcnstigste Unterkunft in Hazyview aber Lage und Leistung stimmen.\u00a0<\/p>\n<\/div><\/div><div id=\"panel-549-1-0-1\" class=\"so-panel widget widget_black-studio-tinymce widget_black_studio_tinymce\" data-index=\"3\" ><h3 class=\"widget-title\">Kommunikation:<\/h3><div class=\"textwidget\"><div id=\"id4\" class=\"style_SkipStroke_4 shape-with-text\">\n<div class=\"text-content graphic_textbox_layout_style_default_External_138_130\">\n<div class=\"graphic_textbox_layout_style_default\">\n<hr \/>\n<p class=\"Caption\">Per Mobilfunk ist man gut erreichbar. Seit dem Jahr 2014 ist der Internetzugang per WLAN m\u00f6glich (kostenfrei).<\/p>\n<\/div>\n<\/div>\n<\/div>\n<\/div><\/div><div id=\"panel-549-1-0-2\" class=\"so-panel widget widget_text\" data-index=\"4\" >\t\t\t<div class=\"textwidget\"><section class=\"parallax-section\">\n<div class=\"parallax-window\" data-z-index=\"1\" data-position-x=\"left\" data-parallax=\"scroll\" data-speed=\".3\" data-image-src=\"http:\/\/kruste.selfhost.me\/wordpress\/wp-content\/uploads\/2020\/07\/SAF_2757.jpg\" style=\"align-items: flex-start;min-height: 550px;\">\n<div class=\"parallax-container parallax-content\">\n<\/div>\n<\/div>\n<\/section>\n<\/div>\n\t\t<\/div><div id=\"panel-549-1-0-3\" class=\"so-panel widget widget_black-studio-tinymce widget_black_studio_tinymce\" data-index=\"5\" ><h3 class=\"widget-title\">Anreise:<\/h3><div class=\"textwidget\"><hr \/>\n<p>Hazyview ist gut per Mietwagen zu erreichen und den braucht man hier eh.\u00a0<\/p>\n<\/div><\/div><div id=\"panel-549-1-0-4\" class=\"so-panel widget widget_black-studio-tinymce widget_black_studio_tinymce\" data-index=\"6\" ><h3 class=\"widget-title\">Meine Reisezeiten:<\/h3><div class=\"textwidget\"><hr \/>\n<ul>\n<li>Oktober 2010<\/li>\n<li>August 2012<\/li>\n<li>September 2013<\/li>\n<li>September 2014<\/li>\n<\/ul>\n<p class=\"paragraph_style\">\u00a0<\/p>\n<\/div><\/div><div id=\"panel-549-1-0-5\" class=\"so-panel widget widget_black-studio-tinymce widget_black_studio_tinymce\" data-index=\"7\" ><h3 class=\"widget-title\">Das Wetter:<\/h3><div class=\"textwidget\"><hr \/>\n<p class=\"paragraph_style\"><strong><span class=\"style_1\">in<\/span> <span class=\"style_1\">2010 \/ 2012<\/span><\/strong><\/p>\n<ul>\n<li>25\u00b0C bis 30\u00b0C und keinen Regen<\/li>\n<\/ul>\n<p><strong>im September 2014<\/strong><\/p>\n<ul>\n<li>sehr gutes Wetter, leider gab es die Tage vor meiner Ankunft starke Br\u00e4nde im Kruger Park<\/li>\n<\/ul>\n<\/div><\/div><div id=\"panel-549-1-0-6\" class=\"so-panel widget widget_black-studio-tinymce widget_black_studio_tinymce\" data-index=\"8\" ><h3 class=\"widget-title\">Zimmer:<\/h3><div class=\"textwidget\"><hr \/>\n<p>Die Zimmer sind Ansprechend eingerichtet mit Liebe zum Detail. Es gibt einen Wasserkocher sowie Kaffee und Tee auch ein Safe kann kostenfrei genutzt werden. Weiter steht in jedem Zimmer ein kleiner LED Fernseher zur Verf\u00fcgung.<\/p>\n<p>Das Badezimmer ist h\u00fcbsch aber wie in S\u00fcdafrika \u00fcblich nach oben zum Zimmer hin offen. F\u00fcr mich gew\u00f6hnungsbed\u00fcrftig aber es l\u00e4sst sich ja nicht \u00e4ndern. Im Zimmer h\u00f6rt man somit jedes Ger\u00e4usch.<\/p>\n<\/div><\/div><div id=\"panel-549-1-0-7\" class=\"so-panel widget widget_black-studio-tinymce widget_black_studio_tinymce\" data-index=\"9\" ><div class=\"textwidget\"><p><a href=\"http:\/\/kruste.selfhost.me\/wordpress\/wp-content\/uploads\/2014\/10\/SAF_2548-e14146182287221.jpg\"><img loading=\"lazy\" decoding=\"async\" class=\"aligncenter wp-image-691 size-full\" src=\"http:\/\/kruste.selfhost.me\/wordpress\/wp-content\/uploads\/2014\/10\/SAF_2548-e1419967942768.jpg\" alt=\"SAF_2548-e1414618228722\" width=\"1215\" height=\"267\" srcset=\"http:\/\/kruste.selfhost.me\/wordpress\/wp-content\/uploads\/2014\/10\/SAF_2548-e1419967942768.jpg 1215w, http:\/\/kruste.selfhost.me\/wordpress\/wp-content\/uploads\/2014\/10\/SAF_2548-e1419967942768-150x32.jpg 150w, http:\/\/kruste.selfhost.me\/wordpress\/wp-content\/uploads\/2014\/10\/SAF_2548-e1419967942768-300x65.jpg 300w, http:\/\/kruste.selfhost.me\/wordpress\/wp-content\/uploads\/2014\/10\/SAF_2548-e1419967942768-1024x225.jpg 1024w, http:\/\/kruste.selfhost.me\/wordpress\/wp-content\/uploads\/2014\/10\/SAF_2548-e1419967942768-700x153.jpg 700w\" sizes=\"auto, (max-width: 1215px) 100vw, 1215px\" \/><\/a><\/p>\n<\/div><\/div><div id=\"panel-549-1-0-8\" class=\"so-panel widget widget_black-studio-tinymce widget_black_studio_tinymce\" data-index=\"10\" ><h3 class=\"widget-title\">K\u00fcche \/ Restaurant:<\/h3><div class=\"textwidget\"><hr \/>\n<p>Es gibt ein gutes Fr\u00fchst\u00fcck ( ab 07:30 Uhr ) mit frischen S\u00e4ften und Fr\u00fcchten. F\u00fcr die G\u00e4ste, die fr\u00fch in den Kruger Park wollen wird auf Wunsch ein Fr\u00fchst\u00fcckskorb gepackt. Schade nur, dass das Fr\u00fchst\u00fcck nach\u00a009:00 Uhr nicht mehr m\u00f6glich ist.<\/p>\n<p>Am Abend stehen gute Restaurants in Hazyview zur Verf\u00fcgung. Das Pioneers oder Summerfields kann ich nur empfehlen. Die Steaks sind einfach nur gut.<\/p>\n<\/div><\/div><div id=\"panel-549-1-0-9\" class=\"so-panel widget widget_black-studio-tinymce widget_black_studio_tinymce\" data-index=\"11\" ><h3 class=\"widget-title\">Personal:<\/h3><div class=\"textwidget\"><hr \/><p>Neil und seine Hilfe stehen immer f\u00fcr Fragen zur Verf\u00fcgung. Buchungen werden erledigt und Tipps kann man bei Neil immer erhalten. Leider ist Tina verstorben. Ich behalte Sie in guter Erinnerung.<\/p><\/div><\/div><div id=\"panel-549-1-0-10\" class=\"so-panel widget widget_black-studio-tinymce widget_black_studio_tinymce\" data-index=\"12\" ><h3 class=\"widget-title\">Aktivit\u00e4ten:<\/h3><div class=\"textwidget\"><hr \/>\n<p class=\"Caption\">Sicher geh\u00f6rt die Fahrt in den Kr\u00fcger Park zu den t\u00e4glichen Aktivit\u00e4ten aber auch\u00a0in Hazyview und Umgebung gibt es einiges zu sehen. M\u00f6chte\u00a0man einfach nur mal die Seele baumeln lassen ist das am Pool kein Problem und B\u00fccher kann man sich leihen.<\/p>\n<\/div><\/div><div id=\"panel-549-1-0-11\" class=\"so-panel widget widget_black-studio-tinymce widget_black_studio_tinymce panel-last-child\" data-index=\"13\" ><h3 class=\"widget-title\">Tipps:<\/h3><div class=\"textwidget\"><hr \/>\n<ul>\n<li class=\"full-width\">\n<p class=\"paragraph_style_4\"><span class=\"style_4\">Fr\u00fche Tour zum Kr\u00fcger Park ( 05:30 Uhr)<br \/><\/span><\/p>\n<\/li>\n<li class=\"full-width\">\n<p class=\"paragraph_style_4\"><span class=\"style_4\">Flug mit dem Microflight<br \/><\/span><\/p>\n<\/li>\n<li class=\"full-width\">\n<p class=\"paragraph_style_4\"><span class=\"style_4\">Essen im Sommerfields und Pioneers<\/span><span class=\"style_1\"><br \/><\/span><\/p>\n<\/li>\n<\/ul>\n<\/div><\/div><\/div><\/div><div id=\"pg-549-2\"  class=\"panel-grid panel-no-style\" ><div id=\"pgc-549-2-0\"  class=\"panel-grid-cell\" ><div id=\"panel-549-2-0-0\" class=\"so-panel widget widget_black-studio-tinymce widget_black_studio_tinymce panel-first-child\" data-index=\"14\" ><h3 class=\"widget-title\">Sicherheit:<\/h3><div class=\"textwidget\"><hr \/>\n<p class=\"paragraph_style\">Das Grundst\u00fcck ist gut gesichert und der Abstellplatz f\u00fcr den Mietwagen befindet sich direkt vor dem Haus. Auch \u00dcberf\u00e4lle auf Touristen soll es in dieser Gegend nicht geben. Es gelten die allgemeinen Hinweise wie\u00a0<\/p>\n<p class=\"paragraph_style\"><span class=\"style_1\">\u201eKeine Hilfe am Geldautomaten annehmen \u201e.\u00a0<\/span><\/p>\n<p class=\"paragraph_style\">hier wurde schon einmal ein Tourist erleichtert.<\/p>\n<\/div><\/div><div id=\"panel-549-2-0-1\" class=\"so-panel widget widget_black-studio-tinymce widget_black_studio_tinymce\" data-index=\"15\" ><h3 class=\"widget-title\">Klartext:<\/h3><div class=\"textwidget\"><hr \/>\n<p style=\"color: #919191;\"><span style=\"color: rgb(0, 0, 0);\">Die Anlage liegt etwas ausserhalb von Hazyview. Ohne Fahrzeug ( Auto ) ist man hier hilflos. Alle Aktivit\u00e4ten sind nur mit einem Fahrzeug durchf\u00fchrbar.<\/span><\/p>\n<p style=\"color: #919191;\"><span style=\"color: rgb(0, 0, 0);\">Das Dreamfields\u00a0selbst gibt keinen Grund zur Klage. Die zwei gro\u00dfen Hunde sind sicher Geschmacksache. Neil\u00a0versucht die beiden immer von den G\u00e4sten, die es nicht m\u00f6gen, fern zu halten aber das gelang nicht immer. Ich fand die beiden nicht st\u00f6rend, was ich aber von den Hinterlassenschaften im Garten nicht behaupten kann.<\/span><\/p>\n<p style=\"color: #919191;\"><span style=\"color: rgb(0, 0, 0);\">Der Ort Hazyview ist kein Ort f\u00fcr einen Stadtbummel. Es gibt zwar ein Einkaufszentrum aber lange haben wir uns dort nicht aufgehalten. Auch gibt es in der Umgebung der Unterkunft keine Unterhaltung am Abend. Es ist immer mit einer Fahrzeit von 10 Minuten zu rechnen.<\/span><\/p>\n<p style=\"color: #919191;\"><span style=\"color: rgb(0, 0, 0);\">Sch\u00f6n w\u00e4re auch ein K\u00fchlschrank im Zimmer.<\/span><\/p>\n<\/div><\/div><div id=\"panel-549-2-0-2\" class=\"so-panel widget widget_black-studio-tinymce widget_black_studio_tinymce panel-last-child\" data-index=\"16\" ><div class=\"textwidget\"><p><a href=\"http:\/\/kruste.selfhost.me\/wordpress\/wp-content\/uploads\/2014\/10\/SAF_6100-e1420010938678.jpg\"><img loading=\"lazy\" decoding=\"async\" class=\"alignnone size-full wp-image-1032\" src=\"http:\/\/kruste.selfhost.me\/wordpress\/wp-content\/uploads\/2014\/10\/SAF_6100-e1420010938678.jpg\" alt=\"SAF_6100\" width=\"2944\" height=\"338\" srcset=\"http:\/\/kruste.selfhost.me\/wordpress\/wp-content\/uploads\/2014\/10\/SAF_6100-e1420010938678.jpg 2944w, http:\/\/kruste.selfhost.me\/wordpress\/wp-content\/uploads\/2014\/10\/SAF_6100-e1420010938678-150x17.jpg 150w, http:\/\/kruste.selfhost.me\/wordpress\/wp-content\/uploads\/2014\/10\/SAF_6100-e1420010938678-300x34.jpg 300w, http:\/\/kruste.selfhost.me\/wordpress\/wp-content\/uploads\/2014\/10\/SAF_6100-e1420010938678-1024x117.jpg 1024w, http:\/\/kruste.selfhost.me\/wordpress\/wp-content\/uploads\/2014\/10\/SAF_6100-e1420010938678-700x80.jpg 700w\" sizes=\"auto, (max-width: 2944px) 100vw, 2944px\" \/><\/a><\/p>\n<\/div><\/div><\/div><\/div><\/div>","protected":false},"excerpt":{"rendered":"<p>Die kleine und sehr pers\u00f6nlich gef\u00fchrte Unterkunft ist ein guter Tipp f\u00fcr diese Gegend. Das Dreamfields liegt in einer kleiner Seitenstra\u00dfe fern ab vom Verkehr<\/p>\n","protected":false},"author":1,"featured_media":0,"parent":151,"menu_order":0,"comment_status":"closed","ping_status":"closed","template":"","meta":{"footnotes":""},"class_list":["post-549","page","type-page","status-publish","hentry"],"_links":{"self":[{"href":"http:\/\/kruste.selfhost.me\/wordpress\/index.php?rest_route=\/wp\/v2\/pages\/549","targetHints":{"allow":["GET"]}}],"collection":[{"href":"http:\/\/kruste.selfhost.me\/wordpress\/index.php?rest_route=\/wp\/v2\/pages"}],"about":[{"href":"http:\/\/kruste.selfhost.me\/wordpress\/index.php?rest_route=\/wp\/v2\/types\/page"}],"author":[{"embeddable":true,"href":"http:\/\/kruste.selfhost.me\/wordpress\/index.php?rest_route=\/wp\/v2\/users\/1"}],"replies":[{"embeddable":true,"href":"http:\/\/kruste.selfhost.me\/wordpress\/index.php?rest_route=%2Fwp%2Fv2%2Fcomments&post=549"}],"version-history":[{"count":3,"href":"http:\/\/kruste.selfhost.me\/wordpress\/index.php?rest_route=\/wp\/v2\/pages\/549\/revisions"}],"predecessor-version":[{"id":7498,"href":"http:\/\/kruste.selfhost.me\/wordpress\/index.php?rest_route=\/wp\/v2\/pages\/549\/revisions\/7498"}],"up":[{"embeddable":true,"href":"http:\/\/kruste.selfhost.me\/wordpress\/index.php?rest_route=\/wp\/v2\/pages\/151"}],"wp:attachment":[{"href":"http:\/\/kruste.selfhost.me\/wordpress\/index.php?rest_route=%2Fwp%2Fv2%2Fmedia&parent=549"}],"curies":[{"name":"wp","href":"https:\/\/api.w.org\/{rel}","templated":true}]}}