{"id":555,"date":"2014-10-30T22:33:11","date_gmt":"2014-10-30T21:33:11","guid":{"rendered":"http:\/\/192.168.1.106\/wordpress\/?page_id=555"},"modified":"2020-07-31T06:36:25","modified_gmt":"2020-07-31T04:36:25","slug":"muweti-lodge-phalaborwa","status":"publish","type":"page","link":"http:\/\/kruste.selfhost.me\/wordpress\/?page_id=555","title":{"rendered":"Muweti Bush Lodge (Phalaborwa)"},"content":{"rendered":"<div id=\"pl-555\"  class=\"panel-layout\" ><div id=\"pg-555-0\"  class=\"panel-grid panel-no-style\" ><div id=\"pgc-555-0-0\"  class=\"panel-grid-cell\" ><div id=\"panel-555-0-0-0\" class=\"so-panel widget widget_black-studio-tinymce widget_black_studio_tinymce panel-first-child panel-last-child\" data-index=\"0\" ><div class=\"textwidget\"><div class=\"style_SkipStroke_2 shape-with-text flowDefining\">\n<div class=\"text-content style_External_485_494\">\n<div class=\"style\">\n<hr \/>\n<\/div>\n<div class=\"style\">\n<p class=\"paragraph_style\"><span class=\"style_1\">Die <a href=\"http:\/\/www.muweti.co.za\" target=\"_blank\" rel=\"noopener\">Muweti Bush Lodge<\/a> (\u00a0<\/span>Grietjie Game Reserve )\u00a0<span class=\"style_1\">ist Teil des privaten\u00a0<span class=\"st\">Balule Nature Reserve welches direkt an den Kruger Park grenzt<\/span>.<\/span><span class=\"style_1\">\u00a0<\/span><\/p>\n<p class=\"paragraph_style\">Das Balule Nature Reserve entstand aus der Zusammenlegung mehrer Farmen deren Besitzer beschlossen haben, die Z\u00e4une zwischen ihren Grundst\u00fccken und dem Kruger Park zu entfernen. Inzwischen ist das Schutzgebiet etwa 35 000 Hektar gro\u00df und die Big 5 k\u00f6nnen gesichtet werden.<\/p>\n<p class=\"paragraph_style\">Das Verhalten der wilden Tiere unterscheidet sich jedoch noch etwas von denen im Kruger Park. Es findet zurzeit ein Prozess statt, in dem sich die Tiere anfangen an die Menschen zu gew\u00f6hnen.<\/p>\n<p class=\"paragraph_style\">Wie auf Muweti gibt es mehr und mehr Gemeinschaften in S\u00fcdafrika, die diese Art der\u00a0Nutzung Ihre Grundst\u00fccke w\u00e4hlen um Geld zu verdienen und so Tieren und Menschen eine gemeinsames Zusammensein erm\u00f6glichen\u00a0und das Konzept funktioniert. Im M\u00e4rz 2015 konnten wir im Grietjie Game Reserve fast t\u00e4glich L\u00f6wen bewundern, sahen B\u00fcffel oder\u00a0auch Stachelschweine.<\/p>\n<p class=\"paragraph_style\">Muweti selbst besteht aus 3 Chalets und einem Selbstversorger Bungalow. Die Eigent\u00fcmer, Laura und Mike, stehen jeder Zeit f\u00fcr Fragen und Serviceleistungen wie Safaris oder Ausfl\u00fcge bereit. Wenn m\u00f6glich wird jeder Wunsch erf\u00fcllt, man muss einfach nur fragen. Eine sehr individuell Unterkunft schon alleine durch die geringe Anzahl an G\u00e4sten.<\/p>\n<hr \/>\n<p>&nbsp;<\/p><\/div>\n<\/div>\n<\/div>\n<\/div><\/div><\/div><div id=\"pgc-555-0-1\"  class=\"panel-grid-cell\" ><div id=\"panel-555-0-1-0\" class=\"so-panel widget widget_black-studio-tinymce widget_black_studio_tinymce panel-first-child panel-last-child\" data-index=\"1\" ><div class=\"textwidget\"><p><a href=\"http:\/\/kruste.selfhost.me\/wordpress\/wp-content\/uploads\/2014\/10\/SAF_9563.jpg\"><img loading=\"lazy\" decoding=\"async\" class=\"alignnone size-large wp-image-557\" src=\"http:\/\/kruste.selfhost.me\/wordpress\/wp-content\/uploads\/2014\/10\/SAF_9563-683x1024.jpg\" alt=\"SAF_9563\" width=\"660\" height=\"989\" \/><\/a><\/p>\n<\/div><\/div><\/div><\/div><div id=\"pg-555-1\"  class=\"panel-grid panel-no-style\" ><div id=\"pgc-555-1-0\"  class=\"panel-grid-cell\" ><div id=\"panel-555-1-0-0\" class=\"so-panel widget widget_black-studio-tinymce widget_black_studio_tinymce panel-first-child\" data-index=\"2\" ><h3 class=\"widget-title\">Preise:<\/h3><div class=\"textwidget\"><hr \/>\n<ul>\n<li>Eine \u00dcbernachtung inklusive Vollpension und lokalen Safaris kostete im Jahr 2016<br \/> pro Person und Tag 1535\u00a0ZAR ( Belegung im Doppelzimmer ).<\/li>\n<li>10 Rand pro Person und Tag ( Parkgeb\u00fchr seit 2017 )<\/li>\n<li>Brause: 13,50 Rand<\/li>\n<li>Bier:\u00a0 16 Rand<\/li>\n<li>Wasser:\u00a0 10 Rand<\/li>\n<li>Wein:\u00a0 170 Rand die Flasche<\/li>\n<li>Whisky: 45 Rand (12 Jahre alt)<\/li>\n<\/ul>\n<\/div><\/div><div id=\"panel-555-1-0-1\" class=\"so-panel widget widget_black-studio-tinymce widget_black_studio_tinymce\" data-index=\"3\" ><h3 class=\"widget-title\">Kommunikation:<\/h3><div class=\"textwidget\"><div id=\"id4\" class=\"style_SkipStroke_4 shape-with-text\">\n<div class=\"text-content graphic_textbox_layout_style_default_External_138_130\">\n<div class=\"graphic_textbox_layout_style_default\">\n<hr \/>\n<p class=\"Caption\">Handyempfang ist gegeben. WLAN ist kostenfrei verf\u00fcgbar.<\/p>\n<\/div>\n<\/div>\n<\/div>\n<\/div><\/div><div id=\"panel-555-1-0-2\" class=\"so-panel widget widget_text\" data-index=\"4\" >\t\t\t<div class=\"textwidget\"><section class=\"parallax-section\">\n<div class=\"parallax-window\" data-z-index=\"1\" data-position-x=\"left\" data-parallax=\"scroll\" data-speed=\".3\" data-image-src=\"http:\/\/kruste.selfhost.me\/wordpress\/wp-content\/uploads\/2014\/10\/SAF_06921.jpg\" style=\"align-items: flex-start;min-height: 550px;\">\n<div class=\"parallax-container parallax-content\">\n<\/div>\n<\/div>\n<\/section>\n<\/div>\n\t\t<\/div><div id=\"panel-555-1-0-3\" class=\"so-panel widget widget_black-studio-tinymce widget_black_studio_tinymce\" data-index=\"5\" ><h3 class=\"widget-title\">Anreise:<\/h3><div class=\"textwidget\"><hr \/>\n<p class=\"paragraph_style_2\">Mit dem Mietwagen und daf\u00fcr bitte etwas Zeit einplanen. Der Weg vom Gate bis zur Lodge ist kurz aber sehr steinig. Man sollte\u00a0schon mit 30 - 45 Minuten Fahrzeit rechnen, sofern man keinen Gel\u00e4ndewagen nutzt und eventuell gibt es ja auch schon die ersten L\u00f6wen zu bestaunen oder Elefanten blockieren die Strasse.<\/p>\n<p class=\"paragraph_style_2\">Im August 2014 war aber nicht nur der Weg vom Tor zur Lodge holperig auch die Schlagl\u00f6cher auf der Landstra\u00dfe\u00a0waren katastrophal. Die Strecke\u00a0von Phalaborwa oder Hoedspruit zum Reservat konnte teilweise nur neben der Hauptstra\u00dfe\u00a0bew\u00e4ltigt\u00a0werden.<\/p>\n<p class=\"paragraph_style_2\">Update 2015: Die Landstra\u00dfe ( R40 ) wurde ausgebessert und die Fahrt nach Phalaborwa war kein Problem mehr. Mit unserem SUV brauchten wir circa 50 Minuten von der Lodge bis zum Kruger Gate.<\/p>\n<\/div><\/div><div id=\"panel-555-1-0-4\" class=\"so-panel widget\" data-index=\"6\" ><\/div><div id=\"panel-555-1-0-5\" class=\"so-panel widget\" data-index=\"7\" ><\/div><div id=\"panel-555-1-0-6\" class=\"so-panel widget widget_black-studio-tinymce widget_black_studio_tinymce\" data-index=\"8\" ><h3 class=\"widget-title\">Zimmer:<\/h3><div class=\"textwidget\"><hr \/>\n<p class=\"paragraph_style\"><span class=\"style_1\">Die Chalets stehen auf Pf\u00e4hlen, bestehen aus Zeltteilen und besitzen einen Holzboden. Eine gelungene Mischung, die sehr komfortabel ist. Das gro\u00dfe Zimmer\u00a0( ca. 60 qm ) unterteil sich in Schlafraum, Badezimmer und Terrasse. Die Dusche ist nach unten offen und eine Badewanne mit Blick auf den Busch stehen zur Nutzung bereit. Der freie Blick aus der Wanne in die Natur\u00a0ist sehr sch\u00f6n \ud83d\ude42\u00a0<br \/><\/span><\/p>\n<p class=\"paragraph_style\"><span class=\"style_1\">Die Betten sind bequem und werden durch ein gro\u00dfes Moskitonetz abgedeckt. Man f\u00fchlt sich einfach wohl auf Muweti.<\/span><\/p>\n<\/div><\/div><div id=\"panel-555-1-0-7\" class=\"so-panel widget widget_black-studio-tinymce widget_black_studio_tinymce\" data-index=\"9\" ><div class=\"textwidget\"><p><a href=\"http:\/\/kruste.selfhost.me\/wordpress\/wp-content\/uploads\/2014\/10\/SAF_96111-e1415086828566.jpg\"><img loading=\"lazy\" decoding=\"async\" class=\"aligncenter wp-image-688 size-full\" src=\"http:\/\/kruste.selfhost.me\/wordpress\/wp-content\/uploads\/2014\/10\/SAF_96111-e1419966638287.jpg\" alt=\"SAF_9611\" width=\"1224\" height=\"333\" srcset=\"http:\/\/kruste.selfhost.me\/wordpress\/wp-content\/uploads\/2014\/10\/SAF_96111-e1419966638287.jpg 1224w, http:\/\/kruste.selfhost.me\/wordpress\/wp-content\/uploads\/2014\/10\/SAF_96111-e1419966638287-150x40.jpg 150w, http:\/\/kruste.selfhost.me\/wordpress\/wp-content\/uploads\/2014\/10\/SAF_96111-e1419966638287-300x81.jpg 300w, http:\/\/kruste.selfhost.me\/wordpress\/wp-content\/uploads\/2014\/10\/SAF_96111-e1419966638287-1024x278.jpg 1024w, http:\/\/kruste.selfhost.me\/wordpress\/wp-content\/uploads\/2014\/10\/SAF_96111-e1419966638287-700x190.jpg 700w\" sizes=\"auto, (max-width: 1224px) 100vw, 1224px\" \/><\/a><\/p>\n<\/div><\/div><div id=\"panel-555-1-0-8\" class=\"so-panel widget widget_black-studio-tinymce widget_black_studio_tinymce\" data-index=\"10\" ><h3 class=\"widget-title\">K\u00fcche \/ Restaurant:<\/h3><div class=\"textwidget\"><hr \/>\n<p class=\"Caption\">Sehr gut. Die Verpflegung ist im Preis enthalten und es wird auf die W\u00fcnsche der G\u00e4ste eingegangen. Alles ist sehr individuell und wirklich lecker.<\/p>\n<p class=\"Caption\">Ob es die Salate zum Mittag, das Obst zum Fr\u00fchst\u00fcck oder das Steak am Abend ist, alles schmeckt. Ein kleines Highlight waren die Frikadellen (Impala).<\/p>\n<blockquote>\n<p class=\"Caption\">Laura, ich habe sicher 3 kg mehr Speck auf den Rippen. \u00a0<\/p>\n<\/blockquote>\n<\/div><\/div><div id=\"panel-555-1-0-9\" class=\"so-panel widget widget_black-studio-tinymce widget_black_studio_tinymce\" data-index=\"11\" ><h3 class=\"widget-title\">Personal:<\/h3><div class=\"textwidget\"><hr \/><p>Mike und Laura sind die Inhaber und k\u00fcmmern sich um alles. Alle Fragen werden beantwortet, Ausfl\u00fcge k\u00f6nnen gebucht oder organisiert werden.\u00a0Die kleinen Helfer in der K\u00fcche oder im Garten machen Ihre Arbeit gut und alles ist sauber und gepflegt.<\/p><\/div><\/div><div id=\"panel-555-1-0-10\" class=\"so-panel widget widget_black-studio-tinymce widget_black_studio_tinymce\" data-index=\"12\" ><h3 class=\"widget-title\">Aktivit\u00e4ten:<\/h3><div class=\"textwidget\"><hr \/>\n<p>Safaris, Buschwalk, der Besuch von Phalaborwa oder\u00a0Hoedspruit, ein Gepardenwalk in der Tshukudu Game Lodge \u00a0(300 ZAR), die Zeit vergeht wie im Flug.<\/p>\n<p>Jeder Tag macht Spa\u00df und die Pause\u00a0am Pool wird oft durch Sichtungen von Elefanten unterbrochen. Da vergisst man schon einmal die Zeit !<span class=\"style_1\"><br \/><\/span><\/p>\n<\/div><\/div><div id=\"panel-555-1-0-11\" class=\"so-panel widget widget_black-studio-tinymce widget_black_studio_tinymce\" data-index=\"13\" ><h3 class=\"widget-title\">Tipps:<\/h3><div class=\"textwidget\"><hr \/>\n<ul>\n<li><span class=\"style_4\">Einfach das machen, was man machen m\u00f6chte. Den Blick von der Terrasse genie\u00dfen, baden im Pool, Sundowner am Fluss, Gespr\u00e4che am Lagerfeuer oder Safari mit Mike.<\/span><span class=\"style_1\"><br \/><\/span><\/li>\n<\/ul>\n<\/div><\/div><div id=\"panel-555-1-0-12\" class=\"so-panel widget widget_black-studio-tinymce widget_black_studio_tinymce\" data-index=\"14\" ><h3 class=\"widget-title\">Gut zu wissen:<\/h3><div class=\"textwidget\"><hr \/>\n<p><span class=\"style_1\">Muweti befindet sich direkt im Busch. Schlangen, Spinnen und Skorpione geh\u00f6ren dazu. Es ist eine perfekte Verbindung von gutem Service und freier Natur. Mike hat eine Ausbildung und kennt sich im\u00a0Umgang mit Schlange aus. Wir konnten uns \u00fcberzeugen.<\/span><\/p>\n<\/div><\/div><div id=\"panel-555-1-0-13\" class=\"so-panel widget widget_black-studio-tinymce widget_black_studio_tinymce panel-last-child\" data-index=\"15\" ><div class=\"textwidget\"><\/div><\/div><\/div><\/div><div id=\"pg-555-2\"  class=\"panel-grid panel-no-style\" ><div id=\"pgc-555-2-0\"  class=\"panel-grid-cell\" ><div id=\"panel-555-2-0-0\" class=\"so-panel widget widget_black-studio-tinymce widget_black_studio_tinymce panel-first-child\" data-index=\"16\" ><h3 class=\"widget-title\">Klartext:<\/h3><div class=\"textwidget\"><hr \/>\n<p style=\"color: #919191;\"><span style=\"color: #000000;\">Lebensmittel geh\u00f6ren nicht auf\u2018s Zimmer und das Licht sollte beim Verlassen gel\u00f6scht werden.\u00a0Die Zeltw\u00e4nde m\u00fcssen geschlossen werden. Dies\u00a0alles dient um Tiere vom Chalet fern zu halten. Affen m\u00f6chte man nicht wirklich im Zimmer haben.<\/span><\/p>\n<p style=\"color: #919191;\"><span style=\"color: #000000;\">Die Safaris auf dem Gel\u00e4nde sind nicht mit denen auf Makutsi oder Umkumbe vergleichbar. Man f\u00e4hrt mehr oder wenige zwischen den Grundst\u00fccken der Anwohner hin und her. Tiersichtungen gibt es trotzdem genug und\u00a0wir hatten das Gl\u00fcck am ersten Abend Elefanten, Zebras, Impalas, Wasserb\u00f6cke, Warzenschweine, Perlh\u00fchner und sogar einen L\u00f6wen zu sehen. Die Warnungen am Gate, dass Auto nicht zu verlassen, haben ihre Berechtigung.<\/span><\/p>\n<p style=\"color: #919191;\"><span style=\"color: #000000;\">Die Anreise zur Muweti Lodge ist aufgrund der schlechten Wege nicht ganz einfach. Ein 4x4 Fahrzeug ist nicht notwendig aber gen\u00fcgend Bodenfreiheit des eigenen Fahrzeugs sollte vorhanden sein.<\/span><\/p>\n<p style=\"color: #919191;\"><span style=\"color: #000000;\">Bei Temperaturen von ca. 30\u00b0C ist es angenehm und der Pool bietet eine angenehme Erfrischung. Wie es sich im Sommer bei &gt; 40\u00b0C oder im Winter bei 5\u00b0C verh\u00e4lt, kann ich aktuell nicht einsch\u00e4tzen. Ich werde es aber sich ausprobieren ( kleines Update: der Pool ist immer frisch \ud83d\ude42 ).\u00a0<\/span><\/p>\n<\/div><\/div><div id=\"panel-555-2-0-1\" class=\"so-panel widget widget_black-studio-tinymce widget_black_studio_tinymce panel-last-child\" data-index=\"17\" ><div class=\"textwidget\"><p><a href=\"http:\/\/kruste.selfhost.me\/wordpress\/wp-content\/uploads\/2014\/10\/SAF_1451-e14147047623821.jpg\"><img loading=\"lazy\" decoding=\"async\" class=\"aligncenter wp-image-687 size-full\" src=\"http:\/\/kruste.selfhost.me\/wordpress\/wp-content\/uploads\/2014\/10\/SAF_1451-e1419966578924.jpg\" alt=\"SAF_1451-e1414704762382\" width=\"1204\" height=\"253\" srcset=\"http:\/\/kruste.selfhost.me\/wordpress\/wp-content\/uploads\/2014\/10\/SAF_1451-e1419966578924.jpg 1204w, http:\/\/kruste.selfhost.me\/wordpress\/wp-content\/uploads\/2014\/10\/SAF_1451-e1419966578924-150x31.jpg 150w, http:\/\/kruste.selfhost.me\/wordpress\/wp-content\/uploads\/2014\/10\/SAF_1451-e1419966578924-300x63.jpg 300w, http:\/\/kruste.selfhost.me\/wordpress\/wp-content\/uploads\/2014\/10\/SAF_1451-e1419966578924-1024x215.jpg 1024w, http:\/\/kruste.selfhost.me\/wordpress\/wp-content\/uploads\/2014\/10\/SAF_1451-e1419966578924-700x147.jpg 700w\" sizes=\"auto, (max-width: 1204px) 100vw, 1204px\" \/><\/a><\/p>\n<\/div><\/div><\/div><\/div><\/div>","protected":false},"excerpt":{"rendered":"<p>Die Muweti Bush Lodge (\u00a0Grietjie Game Reserve )\u00a0ist Teil des privaten\u00a0Balule Nature Reserve welches direkt an den Kruger Park grenzt.\u00a0 Das Balule Nature Reserve entstand<\/p>\n","protected":false},"author":1,"featured_media":0,"parent":151,"menu_order":0,"comment_status":"closed","ping_status":"closed","template":"","meta":{"footnotes":""},"class_list":["post-555","page","type-page","status-publish","hentry"],"_links":{"self":[{"href":"http:\/\/kruste.selfhost.me\/wordpress\/index.php?rest_route=\/wp\/v2\/pages\/555","targetHints":{"allow":["GET"]}}],"collection":[{"href":"http:\/\/kruste.selfhost.me\/wordpress\/index.php?rest_route=\/wp\/v2\/pages"}],"about":[{"href":"http:\/\/kruste.selfhost.me\/wordpress\/index.php?rest_route=\/wp\/v2\/types\/page"}],"author":[{"embeddable":true,"href":"http:\/\/kruste.selfhost.me\/wordpress\/index.php?rest_route=\/wp\/v2\/users\/1"}],"replies":[{"embeddable":true,"href":"http:\/\/kruste.selfhost.me\/wordpress\/index.php?rest_route=%2Fwp%2Fv2%2Fcomments&post=555"}],"version-history":[{"count":1,"href":"http:\/\/kruste.selfhost.me\/wordpress\/index.php?rest_route=\/wp\/v2\/pages\/555\/revisions"}],"predecessor-version":[{"id":2158,"href":"http:\/\/kruste.selfhost.me\/wordpress\/index.php?rest_route=\/wp\/v2\/pages\/555\/revisions\/2158"}],"up":[{"embeddable":true,"href":"http:\/\/kruste.selfhost.me\/wordpress\/index.php?rest_route=\/wp\/v2\/pages\/151"}],"wp:attachment":[{"href":"http:\/\/kruste.selfhost.me\/wordpress\/index.php?rest_route=%2Fwp%2Fv2%2Fmedia&parent=555"}],"curies":[{"name":"wp","href":"https:\/\/api.w.org\/{rel}","templated":true}]}}