{"id":578,"date":"2014-10-31T15:25:04","date_gmt":"2014-10-31T14:25:04","guid":{"rendered":"http:\/\/192.168.1.106\/wordpress\/?page_id=578"},"modified":"2021-03-14T08:41:43","modified_gmt":"2021-03-14T06:41:43","slug":"colourful-manor-kapstadt-2","status":"publish","type":"page","link":"http:\/\/kruste.selfhost.me\/wordpress\/?page_id=578","title":{"rendered":"Colourful Manor (Kapstadt)"},"content":{"rendered":"<div id=\"pl-578\"  class=\"panel-layout\" ><div id=\"pg-578-0\"  class=\"panel-grid panel-no-style\" ><div id=\"pgc-578-0-0\"  class=\"panel-grid-cell\" ><div id=\"panel-578-0-0-0\" class=\"so-panel widget widget_black-studio-tinymce widget_black_studio_tinymce panel-first-child panel-last-child\" data-index=\"0\" ><div class=\"textwidget\"><hr \/>\n<p>Das <a href=\"https:\/\/www.colourfulmanor.co.za\/\" target=\"_blank\" rel=\"noopener\">Colourful Manor<\/a> liegt ca. 30 Autominuten vom Flughafen Kapstadts entfern. Die Anreise ist, wenn das Navi die Adresse kennt, sehr einfach. Die Autobahn N2 f\u00fchrt fast bis zum Haus und die letzten Meter \u00fcber eine Schotterstrasse sind leicht zu fahren.<\/p>\n<p>Der Ausblick auf den Standtteil \u201eStrand\u201c ist sch\u00f6n und am Abend gef\u00e4llt der Blick von der Terrasse auf des Lichtermeer von Kapstadt. Es gibt einen Pool mit Liegen, Liegepl\u00e4tzen unter einem Baum sogar\u00a0H\u00e4ngematten stehen zur Verf\u00fcgung. Alles in allem ein sch\u00f6ner Platz. Kleinigkeiten w\u00fcrden uns bei der n\u00e4chsten Reise nach Kapstadt aber nach einer anderen Unterkunft suchen lassen.<br \/>\n(Direkt in der Nachbarschaft steht ein altes Landhaus. Es kann leider nicht gemietet werden w\u00e4re sonst aber eine gute Alternative ).<br \/>\nDie Gegen um das Colourful Manor ist sch\u00f6n und ein guter Startpunkt f\u00fcr unsere vielen Ausfl\u00fcge. Tolle\u00a0Restaurants gibt es in der Umgebung genug und nach Strand, Gordons Bay und Stellenbosch ist es nicht weit. Ein Auto ist aber zwingend erforderlich.<br \/>\nDas Colourful Manor ist modern eingerichtet. Die Lobby ist gem\u00fctlich und es besteht Anschluss an die sehr hilfsbereiten Besitzer. Ein K\u00fchlschrank mit Getr\u00e4nken (gegen Bezahlung) steht dem Gast in der Lobby zur Verf\u00fcgung und der italienische Kaffee am Morgen ist ein Genuss.<\/p>\n<\/div><\/div><\/div><div id=\"pgc-578-0-1\"  class=\"panel-grid-cell\" ><div id=\"panel-578-0-1-0\" class=\"so-panel widget widget_black-studio-tinymce widget_black_studio_tinymce panel-first-child panel-last-child\" data-index=\"1\" ><div class=\"textwidget\"><p><a href=\"http:\/\/kruste.selfhost.me\/wordpress\/wp-content\/uploads\/2014\/11\/SAF_7314-e1414941637110.jpg\"><img loading=\"lazy\" decoding=\"async\" class=\"alignnone size-full wp-image-587\" src=\"http:\/\/kruste.selfhost.me\/wordpress\/wp-content\/uploads\/2014\/11\/SAF_7314-e1414941637110.jpg\" alt=\"SAF_7314\" width=\"547\" height=\"712\" srcset=\"http:\/\/kruste.selfhost.me\/wordpress\/wp-content\/uploads\/2014\/11\/SAF_7314-e1414941637110.jpg 547w, http:\/\/kruste.selfhost.me\/wordpress\/wp-content\/uploads\/2014\/11\/SAF_7314-e1414941637110-115x150.jpg 115w, http:\/\/kruste.selfhost.me\/wordpress\/wp-content\/uploads\/2014\/11\/SAF_7314-e1414941637110-230x300.jpg 230w\" sizes=\"auto, (max-width: 547px) 100vw, 547px\" \/><\/a><\/p>\n<\/div><\/div><\/div><\/div><div id=\"pg-578-1\"  class=\"panel-grid panel-no-style\" ><div id=\"pgc-578-1-0\"  class=\"panel-grid-cell\" ><div id=\"panel-578-1-0-0\" class=\"so-panel widget widget_black-studio-tinymce widget_black_studio_tinymce panel-first-child\" data-index=\"2\" ><h3 class=\"widget-title\">Preise:<\/h3><div class=\"textwidget\"><hr \/>\n<ul>\n<li>Ein Zimmer f\u00fcr drei N\u00e4chte kosteten 4250 ZAR inklusive Fr\u00fchst\u00fcck ( f\u00fcr 2 Personen ). Hier handelte es nicht um die Kategorie Meerblick !<\/li>\n<li>Bier 20 ZAR<\/li>\n<li>der Italienische Kaffee am Morgen schl\u00e4gt mit fairen 25 ZAR in die Reisekasse<\/li>\n<\/ul>\n<\/div><\/div><div id=\"panel-578-1-0-1\" class=\"so-panel widget widget_black-studio-tinymce widget_black_studio_tinymce\" data-index=\"3\" ><h3 class=\"widget-title\">Kommunikation:<\/h3><div class=\"textwidget\"><div id=\"id4\" class=\"style_SkipStroke_4 shape-with-text\">\n<div class=\"text-content graphic_textbox_layout_style_default_External_138_130\">\n<div class=\"graphic_textbox_layout_style_default\">\n<hr \/>\n<p class=\"Caption\">Handyempfang ist gegeben. WLAN ist kostenfrei verf\u00fcgbar.<\/p>\n<\/div>\n<\/div>\n<\/div>\n<\/div><\/div><div id=\"panel-578-1-0-2\" class=\"so-panel widget widget_text\" data-index=\"4\" >\t\t\t<div class=\"textwidget\"><p><code><\/p>\n<section class=\"parallax-section\">\n<div class=\"parallax-window\" data-z-index=\"0\" data-position-x=\"left\" data-parallax=\"scroll\" data-speed=\".3\" data-image-src=\"http:\/\/kruste.selfhost.me\/wordpress\/wp-content\/uploads\/2021\/03\/SAF_8221.jpg\" style=\"align-items: flex-start;min-height: 650px;\">\n<div class=\"parallax-container parallax-content\">\n<\/div>\n<\/div>\n<\/section>\n<p><\/code><\/p>\n<\/div>\n\t\t<\/div><div id=\"panel-578-1-0-3\" class=\"so-panel widget widget_black-studio-tinymce widget_black_studio_tinymce\" data-index=\"5\" ><h3 class=\"widget-title\">Anreise:<\/h3><div class=\"textwidget\"><hr \/>\n<p>F\u00fcr Kapstadt ist ein Leihwagen\u00a0unabdingbar und diesen kann\u00a0man bequem\u00a0am Flughafen in Empfang nehmen. \u00dcber gute Stra\u00dfen dauert die Fahrt zur Lodge circa 40 Minuten und wer es sich zutraut, kann auch gut am Abend oder in der Nacht anreisen. In anderen Regionen Afrikas w\u00fcrde ich das nicht wagen.<\/p>\n<\/div><\/div><div id=\"panel-578-1-0-4\" class=\"so-panel widget widget_black-studio-tinymce widget_black_studio_tinymce\" data-index=\"6\" ><h3 class=\"widget-title\">Meine Reisezeiten:<\/h3><div class=\"textwidget\"><hr \/>\n<ul>\n<li>Januar 2014<\/li>\n<\/ul>\n<\/div><\/div><div id=\"panel-578-1-0-5\" class=\"so-panel widget widget_black-studio-tinymce widget_black_studio_tinymce\" data-index=\"7\" ><h3 class=\"widget-title\">Das Wetter:<\/h3><div class=\"textwidget\"><hr \/>\n<ul>\n<li>Januar 2014<\/li>\n<\/ul>\n<p>&nbsp;<\/p>\n<p style=\"padding-left: 30px;\"><span style=\"color: #000000; font-size: 16px;\">23\u00b0C und blauer Himmel, zeitweise sehr windig. Perfekt und wir hatten Gl\u00fcck, dass der Tafelberg wolkenfrei zu bewundern war.<\/span><\/p>\n<\/div><\/div><div id=\"panel-578-1-0-6\" class=\"so-panel widget widget_black-studio-tinymce widget_black_studio_tinymce\" data-index=\"8\" ><h3 class=\"widget-title\">Zimmer:<\/h3><div class=\"textwidget\"><hr \/>\n<p class=\"paragraph_style\">Unser Zimmer ist\u00a0recht gro\u00df und besitzt ein bequemes Doppelbett. Alles ist sauber und recht gepflegt. Wasserkocher mit Tee und Kaffee sowie eine Flasche Wasser stehen bereit. Es gibt auch einen alten Fernseher ( passt nicht zu diesem modernen Stil ) sowie einen Stuhl und einen Sessel. Die Einrichtung wirk insgesamt modern wobei es ein paar Ausreisser gibt.\u00a0<\/p>\n<p class=\"paragraph_style\">Leider fehlte der sch\u00f6ne Ausblick und die Fenster konnten nicht ge\u00f6ffnet werden.<\/p>\n<\/div><\/div><div id=\"panel-578-1-0-7\" class=\"so-panel widget widget_black-studio-tinymce widget_black_studio_tinymce\" data-index=\"9\" ><div class=\"textwidget\"><p><a href=\"http:\/\/kruste.selfhost.me\/wordpress\/wp-content\/uploads\/2014\/11\/SAF_7263-e1414941682670.jpg\"><img loading=\"lazy\" decoding=\"async\" class=\"wp-image-586 size-large aligncenter\" src=\"http:\/\/kruste.selfhost.me\/wordpress\/wp-content\/uploads\/2014\/11\/SAF_7263-e1414941682670-1024x337.jpg\" alt=\"SAF_7263\" width=\"660\" height=\"217\" srcset=\"http:\/\/kruste.selfhost.me\/wordpress\/wp-content\/uploads\/2014\/11\/SAF_7263-e1414941682670-1024x337.jpg 1024w, http:\/\/kruste.selfhost.me\/wordpress\/wp-content\/uploads\/2014\/11\/SAF_7263-e1414941682670-150x49.jpg 150w, http:\/\/kruste.selfhost.me\/wordpress\/wp-content\/uploads\/2014\/11\/SAF_7263-e1414941682670-300x98.jpg 300w, http:\/\/kruste.selfhost.me\/wordpress\/wp-content\/uploads\/2014\/11\/SAF_7263-e1414941682670-700x230.jpg 700w, http:\/\/kruste.selfhost.me\/wordpress\/wp-content\/uploads\/2014\/11\/SAF_7263-e1414941682670.jpg 1224w\" sizes=\"auto, (max-width: 660px) 100vw, 660px\" \/><\/a><\/p>\n<\/div><\/div><div id=\"panel-578-1-0-8\" class=\"so-panel widget widget_black-studio-tinymce widget_black_studio_tinymce\" data-index=\"10\" ><h3 class=\"widget-title\">K\u00fcche \/ Restaurant:<\/h3><div class=\"textwidget\"><hr \/>\n<p>Zum Fr\u00fchst\u00fcck gab es\u00a0Obst, Wurst, K\u00e4se, M\u00fcsli und Ei. Leider waren die Zeiten recht eingeschr\u00e4nkt und lagen im Bereich\u00a008:00 Uhr bis 10:00 Uhr. Wir h\u00e4tten oft gerne fr\u00fcher gefr\u00fchst\u00fcckt um rechtzeitig\u00a0zu unseren Zeilen aufbrechen zu k\u00f6nnen.<\/p>\n<\/div><\/div><div id=\"panel-578-1-0-9\" class=\"so-panel widget widget_black-studio-tinymce widget_black_studio_tinymce\" data-index=\"11\" ><h3 class=\"widget-title\">Personal:<\/h3><div class=\"textwidget\"><hr \/>\n\nSehr hilfsbereit. Alle Aktivit\u00e4ten werden gebucht, Restaurants reserviert und Tipps gegeben.\nAuch als es,\u00a0bedingt durch\u00a0die starken Winde, Terminprobleme beim Haitauchen gab, wurden wir hilfreich unterst\u00fctz.<\/div><\/div><div id=\"panel-578-1-0-10\" class=\"so-panel widget widget_black-studio-tinymce widget_black_studio_tinymce\" data-index=\"12\" ><h3 class=\"widget-title\">Aktivit\u00e4ten:<\/h3><div class=\"textwidget\"><hr \/>\n<p>Ausfl\u00fcge in die Region und nach Kapstadt, es gibt unz\u00e4hlige M\u00f6glichkeiten.<\/p>\n<p>Stellenbosch ( Weinanbau ), Strand ( wie der Name schon vermuten l\u00e4sst, gibt es hier einen Strand ), Ausfahrten an der K\u00fcste entlang, Besuch des Tafelberg, Blick vom Kap der Guten Hoffnung in die Ozeane, Aquarium in Kapstadt ...... Langweilig wird es hier sicher nicht. Unsere 5 Tage waren definitiv zu eng kalkuliert.<\/p>\n<\/div><\/div><div id=\"panel-578-1-0-11\" class=\"so-panel widget widget_black-studio-tinymce widget_black_studio_tinymce\" data-index=\"13\" ><h3 class=\"widget-title\">Tipps:<\/h3><div class=\"textwidget\"><hr \/>\n<ul>\n<li><span class=\"style_1\" style=\"color: rgb(0, 0, 0);\">Sonnenuntergang von der K\u00fcstenstra\u00dfe ( Gordons Bay ) aus beobachten.<\/span><\/li>\n<li><span class=\"style_1\" style=\"color: rgb(0, 0, 0);\">Ausflug nach Kapstadt ( Den Tafelberg zum Sonnenuntergang besuchen )<\/span><\/li>\n<li><span class=\"style_1\" style=\"color: rgb(0, 0, 0);\">Stadtrundfahrt mit dem roten Bus in Kapstadt direkt<\/span><\/li>\n<li><span class=\"style_1\" style=\"color: rgb(0, 0, 0);\">Fahrt zum Kap<\/span><\/li>\n<li><span class=\"style_1\" style=\"color: rgb(0, 0, 0);\">Tauchen mit dem Wei\u00dfen Hai<\/span><\/li>\n<li><span class=\"style_1\" style=\"color: rgb(0, 0, 0);\">Einfach die K\u00fcstenstra\u00dfe entlang fahren und den Blick genie\u00dfen<\/span><\/li>\n<li><span class=\"style_1\" style=\"color: rgb(0, 0, 0);\">Fahrt nach Hermanus<\/span><\/li>\n<\/ul>\n<\/div><\/div><div id=\"panel-578-1-0-12\" class=\"so-panel widget widget_black-studio-tinymce widget_black_studio_tinymce panel-last-child\" data-index=\"14\" ><h3 class=\"widget-title\">Klartext:<\/h3><div class=\"textwidget\"><hr \/>\n<p><span style=\"color: #000000;\">Den sch\u00f6nen Ausblick, der auf der WebSite angek\u00fcndigt wird, hatten wir nicht. Das Mountain View Zimmer besitzt leider nur kleinere Fenster und eine gro\u00dfe Schiebet\u00fcr, die den Blick auf die Berge freigeben w\u00fcrden, wenn man die Vorh\u00e4nge nicht zuzieht. Ohne Vorh\u00e4nge ist aber der Blick ins Zimmer sehr offen und vom Weg aus k\u00f6nnte man direkt zur Toilette schauen, naja. Das ist auch ein weiterer Kritikpunkt. Das Bad hat, wie so oft in Afrika, keine T\u00fcr. Das entspricht nicht meiner Vorstellung (Bett und Toilette sind ca. 3 Meter auseinander). Es gibt zwar W\u00e4nde aber keine T\u00fcren. Alles Weitere bleibt f\u00fcr die eigenen Gedanken offen.<\/span><\/p>\n<p><span style=\"color: #000000;\">Weiter sind auch nur die Eingangst\u00fcr und das kleine Badezimmerfenster zu \u00f6ffnen.\u00a0<\/span>Richtig <span style=\"color: #000000;\">durchl\u00fcften kann man nicht.<\/span><\/p>\n<p><span style=\"color: #000000;\">In der Anlage gibt es drei zutrauliche Hunde, die Hinterlassenschaften auf dem Weg und im Garten verteilen. Einer der Hunde ist etwas \u00e4lter und Streicheln mochte ich diesen nicht mehr.<\/span><\/p>\n<p><span style=\"color: #000000;\">Die circa 10 Fliegen, welche uns bei der Ankunft begr\u00fcssten, waren nicht so st\u00f6rend wie gedacht. Einige begleiteten uns aber die ganze Zeit.<\/span><\/p>\n<p><span style=\"color: #000000;\">F\u00fcr uns ung\u00fcnstig war auch die Fr\u00fchst\u00fcckszeit. Ab 08:00 Uhr war einfach zu sp\u00e4t. Die Ausfl\u00fcge, welche wir geplant hatten, konnten so erst gegen 09:00 Uhr beginnen. Etwas sp\u00e4t. Das uns angebotene Lunchpaket bestand nur aus 2 \u00c4pfeln und 2 Pflaumen und war so keine Alternative. Sicher nur ein Versehen der Gastgeber denn das passte nicht zu Ihnen. <\/span><\/p>\n<\/div><\/div><\/div><\/div><div id=\"pg-578-2\"  class=\"panel-grid panel-no-style\" ><div id=\"pgc-578-2-0\"  class=\"panel-grid-cell\" ><div id=\"panel-578-2-0-0\" class=\"so-panel widget widget_black-studio-tinymce widget_black_studio_tinymce panel-first-child panel-last-child\" data-index=\"15\" ><div class=\"textwidget\"><p><a href=\"http:\/\/kruste.selfhost.me\/wordpress\/wp-content\/uploads\/2014\/11\/SAF_8630-e1414942551299.jpg\"><img loading=\"lazy\" decoding=\"async\" class=\"wp-image-591 size-large aligncenter\" src=\"http:\/\/kruste.selfhost.me\/wordpress\/wp-content\/uploads\/2014\/11\/SAF_8630-e1414942551299-1024x308.jpg\" alt=\"SAF_8630\" width=\"660\" height=\"199\" srcset=\"http:\/\/kruste.selfhost.me\/wordpress\/wp-content\/uploads\/2014\/11\/SAF_8630-e1414942551299-1024x308.jpg 1024w, http:\/\/kruste.selfhost.me\/wordpress\/wp-content\/uploads\/2014\/11\/SAF_8630-e1414942551299-150x45.jpg 150w, http:\/\/kruste.selfhost.me\/wordpress\/wp-content\/uploads\/2014\/11\/SAF_8630-e1414942551299-300x90.jpg 300w, http:\/\/kruste.selfhost.me\/wordpress\/wp-content\/uploads\/2014\/11\/SAF_8630-e1414942551299-700x210.jpg 700w, http:\/\/kruste.selfhost.me\/wordpress\/wp-content\/uploads\/2014\/11\/SAF_8630-e1414942551299.jpg 1220w\" sizes=\"auto, (max-width: 660px) 100vw, 660px\" \/><\/a><\/p>\n<\/div><\/div><\/div><\/div><\/div>","protected":false},"excerpt":{"rendered":"<p>Das Colourful Manor liegt ca. 30 Autominuten vom Flughafen Kapstadts entfern. Die Anreise ist, wenn das Navi die Adresse kennt, sehr einfach. Die Autobahn N2<\/p>\n","protected":false},"author":1,"featured_media":0,"parent":532,"menu_order":0,"comment_status":"closed","ping_status":"closed","template":"","meta":{"footnotes":""},"class_list":["post-578","page","type-page","status-publish","hentry"],"_links":{"self":[{"href":"http:\/\/kruste.selfhost.me\/wordpress\/index.php?rest_route=\/wp\/v2\/pages\/578","targetHints":{"allow":["GET"]}}],"collection":[{"href":"http:\/\/kruste.selfhost.me\/wordpress\/index.php?rest_route=\/wp\/v2\/pages"}],"about":[{"href":"http:\/\/kruste.selfhost.me\/wordpress\/index.php?rest_route=\/wp\/v2\/types\/page"}],"author":[{"embeddable":true,"href":"http:\/\/kruste.selfhost.me\/wordpress\/index.php?rest_route=\/wp\/v2\/users\/1"}],"replies":[{"embeddable":true,"href":"http:\/\/kruste.selfhost.me\/wordpress\/index.php?rest_route=%2Fwp%2Fv2%2Fcomments&post=578"}],"version-history":[{"count":1,"href":"http:\/\/kruste.selfhost.me\/wordpress\/index.php?rest_route=\/wp\/v2\/pages\/578\/revisions"}],"predecessor-version":[{"id":2173,"href":"http:\/\/kruste.selfhost.me\/wordpress\/index.php?rest_route=\/wp\/v2\/pages\/578\/revisions\/2173"}],"up":[{"embeddable":true,"href":"http:\/\/kruste.selfhost.me\/wordpress\/index.php?rest_route=\/wp\/v2\/pages\/532"}],"wp:attachment":[{"href":"http:\/\/kruste.selfhost.me\/wordpress\/index.php?rest_route=%2Fwp%2Fv2%2Fmedia&parent=578"}],"curies":[{"name":"wp","href":"https:\/\/api.w.org\/{rel}","templated":true}]}}