{"id":584,"date":"2014-11-02T16:09:22","date_gmt":"2014-11-02T15:09:22","guid":{"rendered":"http:\/\/192.168.1.106\/wordpress\/?page_id=584"},"modified":"2021-03-14T08:25:32","modified_gmt":"2021-03-14T06:25:32","slug":"wetlands-st-lucia","status":"publish","type":"page","link":"http:\/\/kruste.selfhost.me\/wordpress\/?page_id=584","title":{"rendered":"Wetlands Guest House (St.Lucia)"},"content":{"rendered":"<div id=\"pl-584\"  class=\"panel-layout\" ><div id=\"pg-584-0\"  class=\"panel-grid panel-no-style\" ><div id=\"pgc-584-0-0\"  class=\"panel-grid-cell\" ><div id=\"panel-584-0-0-0\" class=\"so-panel widget widget_black-studio-tinymce widget_black_studio_tinymce panel-first-child panel-last-child\" data-index=\"0\" ><div class=\"textwidget\"><div class=\"style_SkipStroke_2 shape-with-text flowDefining\">\n<div class=\"text-content style_External_485_494\">\n<div class=\"style\">\n<hr \/>\n<p>&nbsp;<\/p>\n<p>Das <a href=\"https:\/\/www.stluciawetlands.com\/\" target=\"_blank\" rel=\"noopener\">St. Lucia Wetlands Guest House<\/a>\u00a0ist ein guter Platz um Ausfl\u00fcge in die Umgebung zu starten. Man wohnt nicht direkt an der \"Hauptstra\u00dfe\" von St. Lucia und der Strand\u00a0 sowie der iSimangaliso Wetland Park sind schnell erreicht.<\/p>\n<p>Die Inhaber Hetti, Derrick und Collin k\u00fcmmern sich um alles und helfen wo Sie k\u00f6nnen. Ausfl\u00fcge werden gebucht, Telefonate erledigt und wenn der Mietwagen defekt ist wird gerne geholfen. Das ist der feine Unterschied zu anderen Unterk\u00fcnfte, die ich in St. Lucia schon besucht habe.<\/p>\n<p>Wenn ich einen Nachteil aufzuzeigen h\u00e4tte, w\u00e4re es die doch recht enge Bebauung. Das war auch schon beim Afrikhaya so und ich habe das des \u00f6fteren in St. Lucia gesehen.<\/p>\n<p>Beim\u00a0 St. Lucia Wetlands Guest House gibt es z.B. ein Zimmer, welches direkt neben dem Fr\u00fchst\u00fccksbereich liegt und mein Zimmer lag direkt an der Einfahrt. Ich konnte damit leben, andere eventuell nicht.<\/p><\/div>\n<\/div>\n<\/div>\n<\/div><\/div><\/div><div id=\"pgc-584-0-1\"  class=\"panel-grid-cell\" ><div id=\"panel-584-0-1-0\" class=\"so-panel widget widget_black-studio-tinymce widget_black_studio_tinymce panel-first-child panel-last-child\" data-index=\"1\" ><div class=\"textwidget\"><p><a href=\"http:\/\/kruste.selfhost.me\/wordpress\/wp-content\/uploads\/2014\/11\/SAF_2944-e1414943958249.jpg\"><img loading=\"lazy\" decoding=\"async\" class=\"alignnone size-full wp-image-597\" src=\"http:\/\/kruste.selfhost.me\/wordpress\/wp-content\/uploads\/2014\/11\/SAF_2944-e1414943958249.jpg\" alt=\"SAF_2944\" width=\"534\" height=\"778\" srcset=\"http:\/\/kruste.selfhost.me\/wordpress\/wp-content\/uploads\/2014\/11\/SAF_2944-e1414943958249.jpg 534w, http:\/\/kruste.selfhost.me\/wordpress\/wp-content\/uploads\/2014\/11\/SAF_2944-e1414943958249-102x150.jpg 102w, http:\/\/kruste.selfhost.me\/wordpress\/wp-content\/uploads\/2014\/11\/SAF_2944-e1414943958249-205x300.jpg 205w\" sizes=\"auto, (max-width: 534px) 100vw, 534px\" \/><\/a><\/p>\n<\/div><\/div><\/div><\/div><div id=\"pg-584-1\"  class=\"panel-grid panel-no-style\" ><div id=\"pgc-584-1-0\"  class=\"panel-grid-cell\" ><div id=\"panel-584-1-0-0\" class=\"so-panel widget widget_black-studio-tinymce widget_black_studio_tinymce panel-first-child\" data-index=\"2\" ><h3 class=\"widget-title\">Preise:<\/h3><div class=\"textwidget\"><ul>\n<li>Das Doppelzimmer gab es ab 550 ZAR. Gebucht habe ich \u00fcber Airbnb und war sehr zufrieden damit.<\/li>\n<\/ul>\n<\/div><\/div><div id=\"panel-584-1-0-1\" class=\"so-panel widget widget_black-studio-tinymce widget_black_studio_tinymce\" data-index=\"3\" ><h3 class=\"widget-title\">Kommunikation:<\/h3><div class=\"textwidget\"><div id=\"id4\" class=\"style_SkipStroke_4 shape-with-text\">\n<div class=\"text-content graphic_textbox_layout_style_default_External_138_130\">\n<div class=\"graphic_textbox_layout_style_default\">\n<hr \/>\n<p class=\"Caption\">Handyempfang ist gegeben. WLAN ist kostenfrei verf\u00fcgbar.<\/p>\n<\/div>\n<\/div>\n<\/div>\n<\/div><\/div><div id=\"panel-584-1-0-2\" class=\"so-panel widget widget_text\" data-index=\"4\" >\t\t\t<div class=\"textwidget\"><p><code><\/p>\n<section class=\"parallax-section\">\n<div class=\"parallax-window\" data-z-index=\"0\" data-position-x=\"left\" data-parallax=\"scroll\" data-speed=\".3\" data-image-src=\"http:\/\/kruste.selfhost.me\/wordpress\/wp-content\/uploads\/2021\/03\/SAF_3242.jpg\" style=\"align-items: flex-start;min-height: 650px;\">\n<div class=\"parallax-container parallax-content\">\n<\/div>\n<\/div>\n<\/section>\n<p><\/code><\/p>\n<\/div>\n\t\t<\/div><div id=\"panel-584-1-0-3\" class=\"so-panel widget widget_black-studio-tinymce widget_black_studio_tinymce\" data-index=\"5\" ><h3 class=\"widget-title\">Anreise:<\/h3><div class=\"textwidget\"><hr \/>\n<p><span class=\"style_1\">Ich bin mit dem Mietwagen von Johannesburg aus angereist. Die Fahrzeit betrug dabei 7 Stunden und das ohne Pause. Es zieht sich doch sehr bis man St.Lucia erreicht hat und die Anreise aus Johannesburg w\u00fcrde ich an einem Tag nur empfehlen, wenn die Ankunftszeit recht fr\u00fch ist.<\/span><\/p>\n<\/div><\/div><div id=\"panel-584-1-0-4\" class=\"so-panel widget widget_black-studio-tinymce widget_black_studio_tinymce\" data-index=\"6\" ><h3 class=\"widget-title\">Meine Reisezeiten:<\/h3><div class=\"textwidget\"><hr \/>\n<ul>\n<li>September 2013<\/li>\n<\/ul>\n<\/div><\/div><div id=\"panel-584-1-0-5\" class=\"so-panel widget widget_black-studio-tinymce widget_black_studio_tinymce\" data-index=\"7\" ><h3 class=\"widget-title\">Das Wetter:<\/h3><div class=\"textwidget\"><hr \/>\n<ul>\n<li>September\u00a02013<\/li>\n<\/ul>\n<p style=\"padding-left: 30px;\"><span class=\"style_1\">Sonnenschein und kaum Wolken aber etwas windig. Der Wind beeinflusst die Aktivit\u00e4ten und es ist m\u00f6glich, dass Fahrten auf's Meer abgesagt werden m\u00fcssen. August und September sollen die windigsten\u00a0Monate in St. Lucia sein.<\/span><\/p>\n<\/div><\/div><div id=\"panel-584-1-0-6\" class=\"so-panel widget widget_black-studio-tinymce widget_black_studio_tinymce\" data-index=\"8\" ><h3 class=\"widget-title\">Zimmer:<\/h3><div class=\"textwidget\"><hr \/>\n<p class=\"paragraph_style\"><span class=\"style_1\">Ich hatte ein gro\u00dfes Zimmer mit eigenem Bad und Terrasse.\u00a0<\/span><\/p>\n<p class=\"paragraph_style\"><span class=\"style_1\">Es gab einen K\u00fchlschrank, Wasserkocher mit Kaffee und Tee.<\/span><\/p>\n<\/div><\/div><div id=\"panel-584-1-0-7\" class=\"so-panel widget widget_black-studio-tinymce widget_black_studio_tinymce\" data-index=\"9\" ><div class=\"textwidget\"><p><a href=\"http:\/\/kruste.selfhost.me\/wordpress\/wp-content\/uploads\/2014\/11\/SAF_3318-e1414943999423.jpg\"><img loading=\"lazy\" decoding=\"async\" class=\"alignnone size-full wp-image-596\" src=\"http:\/\/kruste.selfhost.me\/wordpress\/wp-content\/uploads\/2014\/11\/SAF_3318-e1414943999423.jpg\" alt=\"SAF_3318\" width=\"1217\" height=\"321\" srcset=\"http:\/\/kruste.selfhost.me\/wordpress\/wp-content\/uploads\/2014\/11\/SAF_3318-e1414943999423.jpg 1217w, http:\/\/kruste.selfhost.me\/wordpress\/wp-content\/uploads\/2014\/11\/SAF_3318-e1414943999423-150x39.jpg 150w, http:\/\/kruste.selfhost.me\/wordpress\/wp-content\/uploads\/2014\/11\/SAF_3318-e1414943999423-300x79.jpg 300w, http:\/\/kruste.selfhost.me\/wordpress\/wp-content\/uploads\/2014\/11\/SAF_3318-e1414943999423-1024x270.jpg 1024w, http:\/\/kruste.selfhost.me\/wordpress\/wp-content\/uploads\/2014\/11\/SAF_3318-e1414943999423-700x184.jpg 700w\" sizes=\"auto, (max-width: 1217px) 100vw, 1217px\" \/><\/a><\/p>\n<\/div><\/div><div id=\"panel-584-1-0-8\" class=\"so-panel widget widget_black-studio-tinymce widget_black_studio_tinymce\" data-index=\"10\" ><h3 class=\"widget-title\">K\u00fcche \/ Restaurant:<\/h3><div class=\"textwidget\"><hr \/>\n<p>\u00a0<\/p>\n<p>Fr\u00fchst\u00fcck mit Obst und Joghurt. Auf Wunsch Ei in allen Variationen.<\/p>\n<\/div><\/div><div id=\"panel-584-1-0-9\" class=\"so-panel widget widget_black-studio-tinymce widget_black_studio_tinymce\" data-index=\"11\" ><h3 class=\"widget-title\">Personal:<\/h3><div class=\"textwidget\"><hr \/><p>Sehr freundlich und hilfsbereit.<\/p><p>Mein Mietwagen war defekt und Collin hat geholfen wo es nur ging. Die Vertr\u00e4ge sind doch etwas schwer verst\u00e4ndlich und wer schon einmal Mietwagenvertr\u00e4ge gelesen hat, kann sich vorstellen wovon ich rede. Ich war froh \u00fcber die Hilfe.<\/p><\/div><\/div><div id=\"panel-584-1-0-10\" class=\"so-panel widget widget_black-studio-tinymce widget_black_studio_tinymce\" data-index=\"12\" ><h3 class=\"widget-title\">Aktivit\u00e4ten:<\/h3><div class=\"textwidget\"><hr \/>\n<p class=\"Caption\">Fahrten in die Wetlands, Whalewatching, Birdwatching oder ein\u00a0Besuch der Krokodilfarm.<\/p>\n<p class=\"Caption\">Am Abend gibt es sch\u00f6ne Pl\u00e4tze um Sonnenunterg\u00e4nge zu bestaunen oder Kingfischer beim Fischfang zu beobachten.<\/p>\n<\/div><\/div><div id=\"panel-584-1-0-11\" class=\"so-panel widget widget_black-studio-tinymce widget_black_studio_tinymce panel-last-child\" data-index=\"13\" ><h3 class=\"widget-title\">Tipps:<\/h3><div class=\"textwidget\"><hr \/>\n<ul>\n<li>Mein Anliegen war es\u00a0Wale zu beobachten und es hat geklappt. Ein rechtzeitige Buchung der Tour ist notwendig, denn Wind und Wetter k\u00f6nnen die Pl\u00e4ne durchkreuzen. Ich hatte es, dass\u00a0der Wasserstand zu niedrig\u00a0war und konnte so nicht auf's Meer raus. Ein Punkt, den ich mir vorher nicht vorstellen konnte.\u00a0<span class=\"style_1\"><br \/><\/span><\/li>\n<\/ul>\n<\/div><\/div><\/div><\/div><div id=\"pg-584-2\"  class=\"panel-grid panel-no-style\" ><div id=\"pgc-584-2-0\"  class=\"panel-grid-cell\" ><div id=\"panel-584-2-0-0\" class=\"so-panel widget widget_black-studio-tinymce widget_black_studio_tinymce panel-first-child panel-last-child\" data-index=\"14\" ><div class=\"textwidget\"><p><img loading=\"lazy\" decoding=\"async\" class=\"size-full wp-image-6755 aligncenter\" src=\"http:\/\/kruste.selfhost.me\/wordpress\/wp-content\/uploads\/2019\/04\/SAF_2463_web.jpg\" alt=\"\" width=\"1280\" height=\"768\" srcset=\"http:\/\/kruste.selfhost.me\/wordpress\/wp-content\/uploads\/2019\/04\/SAF_2463_web.jpg 1280w, http:\/\/kruste.selfhost.me\/wordpress\/wp-content\/uploads\/2019\/04\/SAF_2463_web-150x90.jpg 150w, http:\/\/kruste.selfhost.me\/wordpress\/wp-content\/uploads\/2019\/04\/SAF_2463_web-300x180.jpg 300w, http:\/\/kruste.selfhost.me\/wordpress\/wp-content\/uploads\/2019\/04\/SAF_2463_web-768x461.jpg 768w, http:\/\/kruste.selfhost.me\/wordpress\/wp-content\/uploads\/2019\/04\/SAF_2463_web-1024x614.jpg 1024w, http:\/\/kruste.selfhost.me\/wordpress\/wp-content\/uploads\/2019\/04\/SAF_2463_web-700x420.jpg 700w\" sizes=\"auto, (max-width: 1280px) 100vw, 1280px\" \/><\/p>\n<\/div><\/div><\/div><\/div><\/div>","protected":false},"excerpt":{"rendered":"<p>&nbsp; Das St. Lucia Wetlands Guest House\u00a0ist ein guter Platz um Ausfl\u00fcge in die Umgebung zu starten. Man wohnt nicht direkt an der &#8222;Hauptstra\u00dfe&#8220; von<\/p>\n","protected":false},"author":1,"featured_media":0,"parent":154,"menu_order":0,"comment_status":"closed","ping_status":"closed","template":"","meta":{"footnotes":""},"class_list":["post-584","page","type-page","status-publish","hentry"],"_links":{"self":[{"href":"http:\/\/kruste.selfhost.me\/wordpress\/index.php?rest_route=\/wp\/v2\/pages\/584","targetHints":{"allow":["GET"]}}],"collection":[{"href":"http:\/\/kruste.selfhost.me\/wordpress\/index.php?rest_route=\/wp\/v2\/pages"}],"about":[{"href":"http:\/\/kruste.selfhost.me\/wordpress\/index.php?rest_route=\/wp\/v2\/types\/page"}],"author":[{"embeddable":true,"href":"http:\/\/kruste.selfhost.me\/wordpress\/index.php?rest_route=\/wp\/v2\/users\/1"}],"replies":[{"embeddable":true,"href":"http:\/\/kruste.selfhost.me\/wordpress\/index.php?rest_route=%2Fwp%2Fv2%2Fcomments&post=584"}],"version-history":[{"count":2,"href":"http:\/\/kruste.selfhost.me\/wordpress\/index.php?rest_route=\/wp\/v2\/pages\/584\/revisions"}],"predecessor-version":[{"id":7733,"href":"http:\/\/kruste.selfhost.me\/wordpress\/index.php?rest_route=\/wp\/v2\/pages\/584\/revisions\/7733"}],"up":[{"embeddable":true,"href":"http:\/\/kruste.selfhost.me\/wordpress\/index.php?rest_route=\/wp\/v2\/pages\/154"}],"wp:attachment":[{"href":"http:\/\/kruste.selfhost.me\/wordpress\/index.php?rest_route=%2Fwp%2Fv2%2Fmedia&parent=584"}],"curies":[{"name":"wp","href":"https:\/\/api.w.org\/{rel}","templated":true}]}}