{"id":600,"date":"2014-11-02T19:04:43","date_gmt":"2014-11-02T18:04:43","guid":{"rendered":"http:\/\/192.168.1.106\/wordpress\/?page_id=600"},"modified":"2021-03-13T11:13:32","modified_gmt":"2021-03-13T09:13:32","slug":"avalone-st-lucia","status":"publish","type":"page","link":"http:\/\/kruste.selfhost.me\/wordpress\/?page_id=600","title":{"rendered":"Avalone Guest House (St. Lucia)"},"content":{"rendered":"<div id=\"pl-600\"  class=\"panel-layout\" ><div id=\"pg-600-0\"  class=\"panel-grid panel-no-style\" ><div id=\"pgc-600-0-0\"  class=\"panel-grid-cell\" ><div id=\"panel-600-0-0-0\" class=\"so-panel widget widget_black-studio-tinymce widget_black_studio_tinymce panel-first-child panel-last-child\" data-index=\"0\" ><div class=\"textwidget\"><div class=\"style_SkipStroke_2 shape-with-text flowDefining\">\n<div class=\"text-content style_External_485_494\">\n<div class=\"style\">\n<hr \/>\n<p>&nbsp;<\/p>\n<p>Das <a href=\"https:\/\/www.avaloneguesthouse.co.za\/\" target=\"_blank\" rel=\"noopener\">Avalone Guest House<\/a> wird im Internet mit 4 Sternen bewertet. Diese Bewertung kann ich leider nicht teilen. Die Lage ist jedoch gut und der Garten mit Pool sch\u00f6n angelegt. Leider erhielten wir ein Zimmer, welches nicht unseren Vorstellungen entsprach. Uns stand mit 3 Personen ein gr\u00f6\u00dferer Bereich mit 2 Zimmern und einem Bad zur Verf\u00fcgung. Die \u201eWohnung\u201c hatte aber leider keine Terrasse und befand sich direkt am Abstellplatz der Fahrzeuge. Weiteres im Klartext.<\/p><\/div>\n<\/div>\n<\/div>\n<\/div><\/div><\/div><div id=\"pgc-600-0-1\"  class=\"panel-grid-cell\" ><div id=\"panel-600-0-1-0\" class=\"so-panel widget widget_black-studio-tinymce widget_black_studio_tinymce panel-first-child panel-last-child\" data-index=\"1\" ><div class=\"textwidget\"><p><a href=\"http:\/\/kruste.selfhost.me\/wordpress\/wp-content\/uploads\/2014\/11\/SAF_3345-e1414950990812.jpg\"><img loading=\"lazy\" decoding=\"async\" class=\"alignnone size-full wp-image-602\" src=\"http:\/\/kruste.selfhost.me\/wordpress\/wp-content\/uploads\/2014\/11\/SAF_3345-e1414950990812.jpg\" alt=\"SAF_3345\" width=\"662\" height=\"838\" srcset=\"http:\/\/kruste.selfhost.me\/wordpress\/wp-content\/uploads\/2014\/11\/SAF_3345-e1414950990812.jpg 662w, http:\/\/kruste.selfhost.me\/wordpress\/wp-content\/uploads\/2014\/11\/SAF_3345-e1414950990812-118x150.jpg 118w, http:\/\/kruste.selfhost.me\/wordpress\/wp-content\/uploads\/2014\/11\/SAF_3345-e1414950990812-236x300.jpg 236w\" sizes=\"auto, (max-width: 662px) 100vw, 662px\" \/><\/a><\/p>\n<\/div><\/div><\/div><\/div><div id=\"pg-600-1\"  class=\"panel-grid panel-no-style\" ><div id=\"pgc-600-1-0\"  class=\"panel-grid-cell\" ><div id=\"panel-600-1-0-0\" class=\"so-panel widget widget_black-studio-tinymce widget_black_studio_tinymce panel-first-child\" data-index=\"2\" ><h3 class=\"widget-title\">Preise:<\/h3><div class=\"textwidget\"><hr \/>\n<ul>\n<li>Die\u00a0\u00dcbernachtung kostete pro Person circa 450 Rand. Der Preis beinhaltet das Fr\u00fchst\u00fcck.<\/li>\n<\/ul>\n<\/div><\/div><div id=\"panel-600-1-0-1\" class=\"so-panel widget widget_black-studio-tinymce widget_black_studio_tinymce\" data-index=\"3\" ><h3 class=\"widget-title\">Kommunikation:<\/h3><div class=\"textwidget\"><div id=\"id4\" class=\"style_SkipStroke_4 shape-with-text\">\n<div class=\"text-content graphic_textbox_layout_style_default_External_138_130\">\n<div class=\"graphic_textbox_layout_style_default\">\n<hr \/>\n<p class=\"Caption\">Mobilfunknetze sind vorhanden. Internet nur auf Nachfrage und gegen eine Geb\u00fchr.<\/p>\n<\/div>\n<\/div>\n<\/div>\n<\/div><\/div><div id=\"panel-600-1-0-2\" class=\"so-panel widget widget_text\" data-index=\"4\" >\t\t\t<div class=\"textwidget\"><p><code><\/p>\n<section class=\"parallax-section\">\n<div class=\"parallax-window\" data-z-index=\"0\" data-position-x=\"left\" data-parallax=\"scroll\" data-speed=\".3\" data-image-src=\"http:\/\/kruste.selfhost.me\/wordpress\/wp-content\/uploads\/2021\/03\/SAF_7585.jpg\" style=\"align-items: flex-start;min-height: 650px;\">\n<div class=\"parallax-container parallax-content\">\n<\/div>\n<\/div>\n<\/section>\n<p><\/code><\/p>\n<\/div>\n\t\t<\/div><div id=\"panel-600-1-0-3\" class=\"so-panel widget widget_black-studio-tinymce widget_black_studio_tinymce\" data-index=\"5\" ><h3 class=\"widget-title\">Anreise:<\/h3><div class=\"textwidget\"><hr \/>\n<p>Ich bin mit dem Mietwagen von Ladysmith (Springbok Lodge) aus angereist. Die Dauer betrug circa 5 Stunden.<\/p>\n<\/div><\/div><div id=\"panel-600-1-0-4\" class=\"so-panel widget widget_black-studio-tinymce widget_black_studio_tinymce\" data-index=\"6\" ><h3 class=\"widget-title\">Meine Reisezeiten:<\/h3><div class=\"textwidget\"><hr \/>\n<ul>\n<li><span style=\"font-weight: 500; color: #000000;\">Oktober\u00a02013<\/span><\/li>\n<\/ul>\n<\/div><\/div><div id=\"panel-600-1-0-5\" class=\"so-panel widget widget_black-studio-tinymce widget_black_studio_tinymce\" data-index=\"7\" ><h3 class=\"widget-title\">Das Wetter:<\/h3><div class=\"textwidget\"><hr \/>\n<ul>\n<li>Oktober\u00a02013<\/li>\n<\/ul>\n<p style=\"padding-left: 30px;\"><span class=\"style_1\">Zum Teil etwas windig. Einen Tag hat es leider geregnet.<\/span><\/p>\n<\/div><\/div><div id=\"panel-600-1-0-6\" class=\"so-panel widget widget_black-studio-tinymce widget_black_studio_tinymce\" data-index=\"8\" ><h3 class=\"widget-title\">Zimmer:<\/h3><div class=\"textwidget\"><hr \/>\n<p>Wir konnten zwei 2 R\u00e4ume mit 4 Betten, TV , Mikrowelle und K\u00fchlschrank \u00a0benutzen.<br \/>Im Au\u00dfenbereich\u00a0stehen ein sch\u00f6ner Garten und 2 Schwimmbecken zur Verf\u00fcgung.<\/p>\n<\/div><\/div><div id=\"panel-600-1-0-7\" class=\"so-panel widget widget_black-studio-tinymce widget_black_studio_tinymce\" data-index=\"9\" ><div class=\"textwidget\"><p style=\"text-align: center;\"><a href=\"http:\/\/kruste.selfhost.me\/wordpress\/wp-content\/uploads\/2014\/11\/SAF_7364-e1414951039863.jpg\"><img loading=\"lazy\" decoding=\"async\" class=\"alignnone size-large wp-image-604\" src=\"http:\/\/kruste.selfhost.me\/wordpress\/wp-content\/uploads\/2014\/11\/SAF_7364-e1414951039863-1024x291.jpg\" alt=\"SAF_7364\" width=\"660\" height=\"187\" srcset=\"http:\/\/kruste.selfhost.me\/wordpress\/wp-content\/uploads\/2014\/11\/SAF_7364-e1414951039863-1024x291.jpg 1024w, http:\/\/kruste.selfhost.me\/wordpress\/wp-content\/uploads\/2014\/11\/SAF_7364-e1414951039863-150x42.jpg 150w, http:\/\/kruste.selfhost.me\/wordpress\/wp-content\/uploads\/2014\/11\/SAF_7364-e1414951039863-300x85.jpg 300w, http:\/\/kruste.selfhost.me\/wordpress\/wp-content\/uploads\/2014\/11\/SAF_7364-e1414951039863-700x199.jpg 700w, http:\/\/kruste.selfhost.me\/wordpress\/wp-content\/uploads\/2014\/11\/SAF_7364-e1414951039863.jpg 1224w\" sizes=\"auto, (max-width: 660px) 100vw, 660px\" \/><\/a><\/p>\n<\/div><\/div><div id=\"panel-600-1-0-8\" class=\"so-panel widget widget_black-studio-tinymce widget_black_studio_tinymce\" data-index=\"10\" ><h3 class=\"widget-title\">K\u00fcche \/ Restaurant:<\/h3><div class=\"textwidget\"><hr \/>\n<p>Das Fr\u00fchst\u00fcck war gut. Das Dinner haben wir in einem der Restaurants bevorzugt.<\/p>\n<\/div><\/div><div id=\"panel-600-1-0-9\" class=\"so-panel widget widget_black-studio-tinymce widget_black_studio_tinymce\" data-index=\"11\" ><h3 class=\"widget-title\">Personal:<\/h3><div class=\"textwidget\"><hr \/><p>Kurz und knapp.<br \/>Die Besitzerin ist recht freundlich, bei den Angestellten hatte ich das Gef\u00fchl, dass man st\u00f6rt.\u00a0<br \/>Ausfl\u00fcge wurden\u00a0gebucht, aber\u00a0bei uns hatte die Reservierung nicht geklappt. Wir nahmen die Sache besser selbst in die Hand.<\/p><\/div><\/div><div id=\"panel-600-1-0-10\" class=\"so-panel widget widget_black-studio-tinymce widget_black_studio_tinymce\" data-index=\"12\" ><h3 class=\"widget-title\">Aktivit\u00e4ten:<\/h3><div class=\"textwidget\"><hr \/>\n<p>Waltouren, Safari in die Wetlands, Besuch der Reptilienfarm und Bootsfahrten in die Wetlands.<br \/>Ein Aufenthalt von 4 Tagen ist\u00a0hier sicher nicht zu viel. Es gibt viele Ziele und langweilig ist uns nie geworden.\u00a0<\/p>\n<\/div><\/div><div id=\"panel-600-1-0-11\" class=\"so-panel widget widget_black-studio-tinymce widget_black_studio_tinymce\" data-index=\"13\" ><h3 class=\"widget-title\">Tipps:<\/h3><div class=\"textwidget\"><hr \/>\n<ul>\n<li><span class=\"style_1\">Die Beobachtung der Wale ist f\u00fcr mich der H\u00f6hepunkt in St. Lucia. Man sollte die Tour aber rechtzeitig buchen, da es nur einen Veranstalter gibt, der die Fahrten durchf\u00fchrt. Kurzfristige Stornierungen sind auf Grund unterschiedlicher Faktoren m\u00f6glich ( Wind, Wasserstand\u2026 )<\/span><\/li>\n<li><span class=\"style_1\">Entscheidet man sich f\u00fcr das Avalone Guest House sollte man bei der Wahl der Zimmer auf die Lage achten. Wir haben 3 Zimmer gesehen, die eine kleine Terrasse zum Garten hatten. Hier\u00a0ist der Aufenthalt sicher angenehmer.<\/span><\/li>\n<\/ul>\n<\/div><\/div><div id=\"panel-600-1-0-12\" class=\"so-panel widget widget_black-studio-tinymce widget_black_studio_tinymce panel-last-child\" data-index=\"14\" ><h3 class=\"widget-title\">Klartext:<\/h3><div class=\"textwidget\"><hr \/>\n<p>Unser Zimmer war lieblos eingerichtet. Die M\u00f6bel wirkten alt und zusammen gesucht. Die Dichtungen der Dusche sind eingerissen und die Teppichb\u00f6den sind alt und abgewohnt. Der Parkplatz befindet sich direkt vor der T\u00fcr ( mit direkt meine ich, dass wir am ersten Tag fast nicht aus dem Zimmer gekommen sind, da es zugeparkt war) und die 3 schweren Rollgitter machen einen enormen Krach.<\/p>\n<p>Das Fr\u00fchst\u00fcck gibt es von 07:30 Uhr bis 09:30 Uhr. Nur leider sind die Pfannkuchen schon um 08:10 Uhr vergriffen und neue gibt es nicht.<\/p>\n<p>Einige Zimmer haben sehr kleine Terrassen oder wie unser \u201eWohnung\u201c keine. Warum die Anlage 4 Sterne bei Bewertungen im Internet erhalten hat, ist mir nicht klar.<br \/>Der Geruch von Mottenkugeln liegt st\u00e4ndig in der Luft und die Gitter vor der T\u00fcr bzw. zwischen den Zimmern geben kein sch\u00f6nes Bild ab. Sehr nervig war das Ger\u00e4usch der Rolltore, die Nachts von jedem Gast ge\u00f6ffnet wurden.<br \/>Wie man hier schon erahnen kann, w\u00fcrde ich das Haus nicht empfehlen. Preis sowie der Garten sind gut, der Rest spielt in einer unteren Liga. Es kann sein, dass die Zimmer mit Blick in den Garten sch\u00f6ner sind.<\/p>\n<\/div><\/div><\/div><\/div><div id=\"pg-600-2\"  class=\"panel-grid panel-no-style\" ><div id=\"pgc-600-2-0\"  class=\"panel-grid-cell\" ><div id=\"panel-600-2-0-0\" class=\"so-panel widget widget_black-studio-tinymce widget_black_studio_tinymce panel-first-child panel-last-child\" data-index=\"15\" ><div class=\"textwidget\"><p><a href=\"http:\/\/kruste.selfhost.me\/wordpress\/wp-content\/uploads\/2014\/11\/SAF_5566.jpg\"><img loading=\"lazy\" decoding=\"async\" class=\"size-large wp-image-605 aligncenter\" src=\"http:\/\/kruste.selfhost.me\/wordpress\/wp-content\/uploads\/2014\/11\/SAF_5566-1024x237.jpg\" alt=\"SAF_5566\" width=\"660\" height=\"152\" srcset=\"http:\/\/kruste.selfhost.me\/wordpress\/wp-content\/uploads\/2014\/11\/SAF_5566-1024x237.jpg 1024w, http:\/\/kruste.selfhost.me\/wordpress\/wp-content\/uploads\/2014\/11\/SAF_5566-150x34.jpg 150w, http:\/\/kruste.selfhost.me\/wordpress\/wp-content\/uploads\/2014\/11\/SAF_5566-300x69.jpg 300w, http:\/\/kruste.selfhost.me\/wordpress\/wp-content\/uploads\/2014\/11\/SAF_5566-700x162.jpg 700w\" sizes=\"auto, (max-width: 660px) 100vw, 660px\" \/><\/a><\/p>\n<\/div><\/div><\/div><\/div><\/div>","protected":false},"excerpt":{"rendered":"<p>&nbsp; Das Avalone Guest House wird im Internet mit 4 Sternen bewertet. Diese Bewertung kann ich leider nicht teilen. Die Lage ist jedoch gut und<\/p>\n","protected":false},"author":1,"featured_media":0,"parent":154,"menu_order":0,"comment_status":"closed","ping_status":"closed","template":"","meta":{"footnotes":""},"class_list":["post-600","page","type-page","status-publish","hentry"],"_links":{"self":[{"href":"http:\/\/kruste.selfhost.me\/wordpress\/index.php?rest_route=\/wp\/v2\/pages\/600","targetHints":{"allow":["GET"]}}],"collection":[{"href":"http:\/\/kruste.selfhost.me\/wordpress\/index.php?rest_route=\/wp\/v2\/pages"}],"about":[{"href":"http:\/\/kruste.selfhost.me\/wordpress\/index.php?rest_route=\/wp\/v2\/types\/page"}],"author":[{"embeddable":true,"href":"http:\/\/kruste.selfhost.me\/wordpress\/index.php?rest_route=\/wp\/v2\/users\/1"}],"replies":[{"embeddable":true,"href":"http:\/\/kruste.selfhost.me\/wordpress\/index.php?rest_route=%2Fwp%2Fv2%2Fcomments&post=600"}],"version-history":[{"count":2,"href":"http:\/\/kruste.selfhost.me\/wordpress\/index.php?rest_route=\/wp\/v2\/pages\/600\/revisions"}],"predecessor-version":[{"id":7736,"href":"http:\/\/kruste.selfhost.me\/wordpress\/index.php?rest_route=\/wp\/v2\/pages\/600\/revisions\/7736"}],"up":[{"embeddable":true,"href":"http:\/\/kruste.selfhost.me\/wordpress\/index.php?rest_route=\/wp\/v2\/pages\/154"}],"wp:attachment":[{"href":"http:\/\/kruste.selfhost.me\/wordpress\/index.php?rest_route=%2Fwp%2Fv2%2Fmedia&parent=600"}],"curies":[{"name":"wp","href":"https:\/\/api.w.org\/{rel}","templated":true}]}}