{"id":6747,"date":"2019-04-13T20:48:49","date_gmt":"2019-04-13T18:48:49","guid":{"rendered":"http:\/\/kruste.selfhost.me\/wordpress\/?page_id=6747"},"modified":"2023-02-21T08:14:24","modified_gmt":"2023-02-21T06:14:24","slug":"onguma-the-fort-etosha-3","status":"publish","type":"page","link":"http:\/\/kruste.selfhost.me\/wordpress\/?page_id=6747","title":{"rendered":"Bois d&#8217;Amour (La Digue)"},"content":{"rendered":"<div id=\"pl-6747\"  class=\"panel-layout\" ><div id=\"pg-6747-0\"  class=\"panel-grid panel-no-style\" ><div id=\"pgc-6747-0-0\"  class=\"panel-grid-cell\" ><div id=\"panel-6747-0-0-0\" class=\"so-panel widget widget_black-studio-tinymce widget_black_studio_tinymce panel-first-child panel-last-child\" data-index=\"0\" ><div class=\"textwidget\"><div class=\"style\"><\/div>\n<div><\/div>\n<div class=\"style_SkipStroke_2 shape-with-text flowDefining\">\n<div class=\"text-content style_External_485_494\">\n<div class=\"style\"><\/div>\n<div class=\"style\">\n<div class=\"style\">\n<hr \/>\n<p>&nbsp;<\/p>\n<p>Das<a href=\"https:\/\/boisdamour.de\" target=\"_blank\" rel=\"noopener\">\u00a0Bois d'Amour<\/a> ist f\u00fcr mich eine kleine Oase auf der Insel. Birgitt und Alvis konnten den alten Charme von La Digue noch etwas erhalten und mit nur drei Chalets im gro\u00dfen Garten geht es ruhig und entspannt zu. Die gemieteten Fahrr\u00e4der stehen bei Ankunft schon am Bungalow bereit und wer m\u00f6chte, nutzt gleich noch den Fr\u00fchst\u00fccksdienst ( haben wir jedoch nicht ).<\/p>\n<p>Die Bungalows von Birgitt und Alvis liegen nicht direkt am Strand was ich als Vorteil ansehe. So \u00a0ist man etwas gesch\u00fctzt vor den Touristenmassen und mit dem Fahrrad sind die meisten Str\u00e4nde schnell erreicht. F\u00fcr den Einkauf gibt es in der N\u00e4he einen kleinen Shop und wer nicht gerne kocht, nutzt den Takeaway. Empfehlen kann ich auch den lokalen Bauern gegen\u00fcber, der sein Obst ohne Chemie anbaut. Die Sternfrucht sowie die Passionsfr\u00fcchte schmecken sensationell.<\/p><\/div>\n<\/div>\n<\/div>\n<\/div>\n<\/div><\/div><\/div><div id=\"pgc-6747-0-1\"  class=\"panel-grid-cell\" ><div id=\"panel-6747-0-1-0\" class=\"so-panel widget widget_black-studio-tinymce widget_black_studio_tinymce panel-first-child panel-last-child\" data-index=\"1\" ><div class=\"textwidget\"><p><img loading=\"lazy\" decoding=\"async\" class=\"size-full wp-image-6753 alignright\" src=\"http:\/\/kruste.selfhost.me\/wordpress\/wp-content\/uploads\/2019\/04\/SEZ7592_web.jpg\" alt=\"\" width=\"800\" height=\"1200\" srcset=\"http:\/\/kruste.selfhost.me\/wordpress\/wp-content\/uploads\/2019\/04\/SEZ7592_web.jpg 800w, http:\/\/kruste.selfhost.me\/wordpress\/wp-content\/uploads\/2019\/04\/SEZ7592_web-100x150.jpg 100w, http:\/\/kruste.selfhost.me\/wordpress\/wp-content\/uploads\/2019\/04\/SEZ7592_web-200x300.jpg 200w, http:\/\/kruste.selfhost.me\/wordpress\/wp-content\/uploads\/2019\/04\/SEZ7592_web-768x1152.jpg 768w, http:\/\/kruste.selfhost.me\/wordpress\/wp-content\/uploads\/2019\/04\/SEZ7592_web-683x1024.jpg 683w, http:\/\/kruste.selfhost.me\/wordpress\/wp-content\/uploads\/2019\/04\/SEZ7592_web-512x768.jpg 512w, http:\/\/kruste.selfhost.me\/wordpress\/wp-content\/uploads\/2019\/04\/SEZ7592_web-700x1050.jpg 700w\" sizes=\"auto, (max-width: 800px) 100vw, 800px\" \/><\/p>\n<\/div><\/div><\/div><\/div><div id=\"pg-6747-1\"  class=\"panel-grid panel-no-style\" ><div id=\"pgc-6747-1-0\"  class=\"panel-grid-cell\" ><div id=\"panel-6747-1-0-0\" class=\"so-panel widget widget_black-studio-tinymce widget_black_studio_tinymce panel-first-child\" data-index=\"2\" ><h3 class=\"widget-title\">Preise:<\/h3><div class=\"textwidget\"><hr \/>\n<p class=\"Caption\"><i>Es gibt 3\u00a0unterschiedliche Chalets von denen zwei (Kokorouz und Kokoleo) als\u00a0<\/i>Doppel<i>\u00a0Chalets\u00a0<\/i>aufgebaut<i>\u00a0sind und zur\u00a0<\/i>H\u00e4lfte<i>\u00a0vermietet werden.<br \/>\n<\/i>Das Kokover\u00a0ist ein freistehende Haus f\u00fcr 4 Personen<\/p>\n<p class=\"Caption\"><i>Die Preise liegen bei 110,00 \u20ac f\u00fcr eine\u00a0<\/i>H\u00e4lfte des <i>Kokorouz oder Kokoleo\u00a0<\/i>bzw. 160,00 \u20ac f\u00fcr das Kokover.<\/p>\n<\/div><\/div><div id=\"panel-6747-1-0-1\" class=\"so-panel widget widget_black-studio-tinymce widget_black_studio_tinymce\" data-index=\"3\" ><h3 class=\"widget-title\">Kommunikation:<\/h3><div class=\"textwidget\"><div id=\"id4\" class=\"style_SkipStroke_4 shape-with-text\">\n<div class=\"text-content graphic_textbox_layout_style_default_External_138_130\">\n<div class=\"graphic_textbox_layout_style_default\">\n<hr \/>\n<p class=\"Caption\">Prepaid Karten sind auf der Insel erh\u00e4ltlich und die Internetverbindung war stabil und relativ schnell. F\u00fcr den Vertragsabschluss ben\u00f6tigt Ihr einen Ausweis und etwas Geduld. Am Anfang funktionierte der Zugang nicht sofort aber auf Nachfrage wurde alles \u00fcberpr\u00fcft und siehe da, voil\u00e0.<\/p>\n<\/div>\n<\/div>\n<\/div>\n<\/div><\/div><div id=\"panel-6747-1-0-2\" class=\"so-panel widget widget_text\" data-index=\"4\" >\t\t\t<div class=\"textwidget\"><p><code><\/p>\n<section class=\"parallax-section\">\n<div class=\"parallax-window\" data-z-index=\"0\" data-position-x=\"left\" data-parallax=\"scroll\" data-speed=\".3\" data-image-src=\"http:\/\/kruste.selfhost.me\/wordpress\/wp-content\/uploads\/2018\/09\/SEZ7523_web-1.jpg\" style=\"align-items: flex-start;min-height: 650px;\">\n<div class=\"parallax-container parallax-content\">\n<\/div>\n<\/div>\n<\/section>\n<p><\/code><\/p>\n<\/div>\n\t\t<\/div><div id=\"panel-6747-1-0-3\" class=\"so-panel widget widget_black-studio-tinymce widget_black_studio_tinymce\" data-index=\"5\" ><h3 class=\"widget-title\">Anreise:<\/h3><div class=\"textwidget\"><hr \/>\n<p style=\"color: #919191;\"><span style=\"color: #000000;\">Einen Flughafen hat La Digue nicht und wer es eilig hat und \u00fcber das n\u00f6tige Kleingeld verf\u00fcgt, kann den Helikopter buchen. Im Regelfall erfolgt die Anreise per F\u00e4hre ab Praslin. Die \"alte\" Schifffahrtsroute Mahe - La Digue darf nicht mehr f\u00fcr die Personenbef\u00f6rderung genutzt werden. Schade, es war immer ein kleines Abenteuer f\u00fcr ein paar D-Mark \ud83d\ude42<\/span><\/p>\n<\/div><\/div><div id=\"panel-6747-1-0-4\" class=\"so-panel widget widget_black-studio-tinymce widget_black_studio_tinymce\" data-index=\"6\" ><h3 class=\"widget-title\">Meine Reisezeiten:<\/h3><div class=\"textwidget\"><hr \/>\n<ul>\n<li>Februar 2002<\/li>\n<li>September 2018<\/li>\n<\/ul>\n<p class=\"paragraph_style\">\n<\/p><\/div><\/div><div id=\"panel-6747-1-0-5\" class=\"so-panel widget widget_black-studio-tinymce widget_black_studio_tinymce\" data-index=\"7\" ><h3 class=\"widget-title\">Das Wetter:<\/h3><div class=\"textwidget\"><hr \/>\n<p class=\"paragraph_style\">September 2018<\/p>\n<ul>\n<li>Temperaturen um die 30\u00b0C und ein leichter Wind. Sch\u00f6ne Wolkenformationen und nur kurze Regenschauer.<\/li>\n<\/ul>\n<\/div><\/div><div id=\"panel-6747-1-0-6\" class=\"so-panel widget widget_black-studio-tinymce widget_black_studio_tinymce\" data-index=\"8\" ><h3 class=\"widget-title\">Zimmer:<\/h3><div class=\"textwidget\"><hr \/>\n<p style=\"color: #919191;\"><span style=\"color: #000000;\">Das Kokoleo bietet eine sch\u00f6ne Terrasse, K\u00fcche, Badezimmer mit Dusche und ein gro\u00dfes Schlafzimmer mit Doppelbett. Die Terrasse ist vom Schlafzimmer sowie von der K\u00fcche aus begehbar und der Dreh und Angelpunkt. Alle drei Unterk\u00fcnfte liegen in einem sch\u00f6nen und gepflegtem Garten in dem man sich gerne aufh\u00e4lt. Mit Gl\u00fcck gibt es sogar frisches Obst ( Mango, Sternfrucht, Guave ... ) direkt vom Baum, sehr lecker.<\/span><\/p>\n<p>In direkter Nachbarschaft liegen neuerdings die Unterk\u00fcnfte der Angestellten des neue 4**** Hotels Le Domaine de L'Orangeraie. Sollte es bei den Bediensteten einmal etwas lauter zugehen, kl\u00e4rt Alvis ( der Eigent\u00fcmer des Bois D'Amour ) dies umgehend.<\/p>\n<\/div><\/div><div id=\"panel-6747-1-0-7\" class=\"so-panel widget widget_black-studio-tinymce widget_black_studio_tinymce\" data-index=\"9\" ><div class=\"textwidget\"><p><img loading=\"lazy\" decoding=\"async\" class=\"size-full wp-image-6750 aligncenter\" src=\"http:\/\/kruste.selfhost.me\/wordpress\/wp-content\/uploads\/2019\/04\/SEZ8471_web.jpg\" alt=\"\" width=\"1280\" height=\"460\" srcset=\"http:\/\/kruste.selfhost.me\/wordpress\/wp-content\/uploads\/2019\/04\/SEZ8471_web.jpg 1280w, http:\/\/kruste.selfhost.me\/wordpress\/wp-content\/uploads\/2019\/04\/SEZ8471_web-150x54.jpg 150w, http:\/\/kruste.selfhost.me\/wordpress\/wp-content\/uploads\/2019\/04\/SEZ8471_web-300x108.jpg 300w, http:\/\/kruste.selfhost.me\/wordpress\/wp-content\/uploads\/2019\/04\/SEZ8471_web-768x276.jpg 768w, http:\/\/kruste.selfhost.me\/wordpress\/wp-content\/uploads\/2019\/04\/SEZ8471_web-1024x368.jpg 1024w, http:\/\/kruste.selfhost.me\/wordpress\/wp-content\/uploads\/2019\/04\/SEZ8471_web-700x252.jpg 700w\" sizes=\"auto, (max-width: 1280px) 100vw, 1280px\" \/><\/p>\n<\/div><\/div><div id=\"panel-6747-1-0-8\" class=\"so-panel widget widget_black-studio-tinymce widget_black_studio_tinymce\" data-index=\"10\" ><h3 class=\"widget-title\">K\u00fcche \/ Restaurant:<\/h3><div class=\"textwidget\"><hr \/>\n<p style=\"color: #919191;\"><span style=\"color: #000000;\">Die kleine K\u00fcche ist gut ausgestattet und eine perfekte Alternative zu den kleinen Take-Aways, welche auf La Digue \u00fcberall aus dem Boden schie\u00dfen. Leider war es auch hier relativ schwierig fangfrischen Fisch zu bekommen.<\/span><\/p>\n<p>Wer gerne einen tollen Ausblick beim Abendbrot genie\u00dfen m\u00f6chte, sollte ein Dinner im Snack Bellevue buchen. Gutes Essen zum fairen Preis mit traumhaften Sonnenuntergang.<\/p>\n<\/div><\/div><div id=\"panel-6747-1-0-9\" class=\"so-panel widget widget_black-studio-tinymce widget_black_studio_tinymce\" data-index=\"11\" ><h3 class=\"widget-title\">Personal:<\/h3><div class=\"textwidget\"><hr \/>\n<p style=\"color: #919191;\"><span style=\"color: #000000;\">Die Reinigung der Zimmer erfolgte t\u00e4gliche und das personal war wirklich freundlich. Sollte es einmal Problem mit dem Abfluss geben oder das Wasser nicht richtig warm werden ist Alvis der richtige Ansprechpartner. Er organisiert schnell einen Handwerker und das Problem wird kurzfristig beseitigt.<\/span><\/p><\/div><\/div><div id=\"panel-6747-1-0-10\" class=\"so-panel widget widget_black-studio-tinymce widget_black_studio_tinymce\" data-index=\"12\" ><h3 class=\"widget-title\">Aktivit\u00e4ten:<\/h3><div class=\"textwidget\"><hr \/>\n<p class=\"Caption\">Das Fahrrad ist das Transportmittel der Wahl und wird t\u00e4glich f\u00fcr die Fahrten zum Strand ben\u00f6tigt. Morgens zum Sonnenaufgang an die Anse Banane, danach ab zum Hafen f\u00fcr frisches Obst und mit etwas Gl\u00fcck auch mal ein frischer Fang aus dem Meer. Da ist der Morgen schon fast um und alle Zutaten f\u00fcr ein leckeres Fr\u00fchst\u00fcck sind im Fahrradkorb.<\/p>\n<p>Wer m\u00f6chte kann den Tag an der Anse Patates verbringen und die Schnorchelausr\u00fcstung testen. Leider ist im September das Meer recht aufgew\u00fchlt und die Sicht eher schlecht, besser hat mit da der Februar \/ M\u00e4rz gefallen.<br \/>\nAufpassen vor den gro\u00dfen Wellen beim Einstieg ist jedoch immer geboten !<\/p>\n<p>Wer es etwas entspannter haben m\u00f6chte nimmt seinen Drahtesel und f\u00e4hrt an die Anse Source d\u2019Argent. Ein schattiges Pl\u00e4tzchen gibt es fast immer und nach 17:00 Uhr wird es ruhiger, da die Tagesg\u00e4ste von Praslin die letzte F\u00e4hre bekommen m\u00fcssen. Jetzt ist auch Zeit f\u00fcr tolle Fotos ohne Menschenmassen.<\/p>\n<p>Etwas mehr Planung ben\u00f6tigt die Tour zur Grand Anse, Petit Anse und Anse Cocos. Mit dem Fahrrad geht es bis zur Grand Anse und auf dem Weg dorthin muss eventuell schon einmal das Rad geschoben werden. Der Anstieg ist zwar nicht so steil aber es reicht. \u00a0Angekommen gibt es noch ein kleine Erfrischung an der Strandbar und wer sich von dem atemberaubenden Ausblick trennen kann, geht zu Fu\u00df weiter bis an die Anse Petit. 40 Minuten sollte man jedoch schon einplanen.<\/p>\n<p>Nach einer kurzen Pause ( Vorsicht beim Baden, die Str\u00f6mung ist stark und t\u00fcckisch ) geht es weiter zur Anse Cocos. Auch hier ben\u00f6tigt man 45 Minuten und man geht teilweise etwas ins Inselinnere. Die Trampelpfade zeigen den Weg, keine Panik.<\/p>\n<p>Angekommen empf\u00e4ngt einen der Indische Ozean mit tollen Farben, Granitfelsen und einer beeindruckenden Brandung. Wer etwas im Wasser baden m\u00f6chte, sollte bis ans Ende der Bucht gehen und im Schutz der Steine sein Bad nehmen.<\/p>\n<p>Ein toller Ausflug und wer noch Lust und Zeit hat genie\u00dft den Sonnenuntergang am Hafen.<\/p>\n<p>&nbsp;<\/p>\n<\/div><\/div><div id=\"panel-6747-1-0-11\" class=\"so-panel widget widget_black-studio-tinymce widget_black_studio_tinymce\" data-index=\"13\" ><h3 class=\"widget-title\">Tipps:<\/h3><div class=\"textwidget\"><hr \/>\n<p>Ohne Fahrrad geht es kaum.<\/p>\n<ul>\n<li>Tagesausflug zur Grand Anse, Petit Anse und Anse Cocos<\/li>\n<li>Sonnenaufgang an der Anse Banane ( da sind noch keine Menschenmassen unterwegs )<\/li>\n<li>Sonnenuntergang an der Anse Source d\u2019Argent ( da sind die Menschenmassen schon wieder weg )<\/li>\n<li>Abendessen im Snack Bellevue ( Reservierung notwendig )<\/li>\n<li>Tagesausflug nach Praslin ( Anse Lazio )<\/li>\n<\/ul>\n<\/div><\/div><div id=\"panel-6747-1-0-12\" class=\"so-panel widget widget_black-studio-tinymce widget_black_studio_tinymce panel-last-child\" data-index=\"14\" ><div class=\"textwidget\"><p><img loading=\"lazy\" decoding=\"async\" class=\"size-full wp-image-6752 aligncenter\" src=\"http:\/\/kruste.selfhost.me\/wordpress\/wp-content\/uploads\/2019\/04\/8507161_web.jpg\" alt=\"\" width=\"1280\" height=\"647\" srcset=\"http:\/\/kruste.selfhost.me\/wordpress\/wp-content\/uploads\/2019\/04\/8507161_web.jpg 1280w, http:\/\/kruste.selfhost.me\/wordpress\/wp-content\/uploads\/2019\/04\/8507161_web-150x76.jpg 150w, http:\/\/kruste.selfhost.me\/wordpress\/wp-content\/uploads\/2019\/04\/8507161_web-300x152.jpg 300w, http:\/\/kruste.selfhost.me\/wordpress\/wp-content\/uploads\/2019\/04\/8507161_web-768x388.jpg 768w, http:\/\/kruste.selfhost.me\/wordpress\/wp-content\/uploads\/2019\/04\/8507161_web-1024x518.jpg 1024w, http:\/\/kruste.selfhost.me\/wordpress\/wp-content\/uploads\/2019\/04\/8507161_web-700x354.jpg 700w\" sizes=\"auto, (max-width: 1280px) 100vw, 1280px\" \/><\/p>\n<\/div><\/div><\/div><\/div><div id=\"pg-6747-2\"  class=\"panel-grid panel-no-style\" ><div id=\"pgc-6747-2-0\"  class=\"panel-grid-cell\" ><div id=\"panel-6747-2-0-0\" class=\"so-panel widget widget_black-studio-tinymce widget_black_studio_tinymce panel-first-child\" data-index=\"15\" ><h3 class=\"widget-title\">Sicherheit:<\/h3><div class=\"textwidget\"><hr \/>\n<p class=\"paragraph_style\">Wer nicht aufpasst muss eventuell sein Fahrrad suchen, da es ein andere Gast der Insel verwechselt hat. Das ist eigentlich die einzige Gefahr auf La Digue.<\/p>\n<\/div><\/div><div id=\"panel-6747-2-0-1\" class=\"so-panel widget widget_black-studio-tinymce widget_black_studio_tinymce\" data-index=\"16\" ><h3 class=\"widget-title\">Klartext:<\/h3><div class=\"textwidget\"><hr \/>\n<p>Wie bei meinem ersten Besuch im Jahr 1995 ist es leider nicht mehr auf La Digue. Es gibt ein paar Vorteile ( die Takeaways z.B. ) aber ich war schon sehr Erschrocken \u00fcber die Anzahl der Besucher und den Zustand der Natur. Die Str\u00e4nde sind jetzt sehr gut besucht, heile Korallen habe ich kaum noch gesehen und der Verkehr macht die vertr\u00e4umte Inselidylle zunichte. Die Bewohner sind gestresst und man hat kaum noch Zeit f\u00fcr einen kleinen Schnack beim Bierchen. Die Ochsenkarren sind verschwunden ( ausser Danny mit seinen Hochzeitsservice ) und die kleine Einkaufsstra\u00dfe ben\u00f6tigt schon fast eine Ampel, ja so ist es leider geworden.<\/p>\n<p>War ich fr\u00fcher jeden Tag zum Schnorchel oder habe Pressluft geatmet w\u00fcrde ich auf die n\u00e4chste Reise nicht einmal mehr die Taucherbrille im Gep\u00e4ck haben. Die Haischulen bei Marianne geh\u00f6ren nach einem Haiangriff auf Praslin der Vergangenheit an, da die Regierung alle Fischern freies Benzin f\u00fcr die Jagd zur Verf\u00fcgung gestellt hatte. Oh je, ich bin schon sehr traurig \u00fcber die Situation.<\/p>\n<p>Wer noch etwas vom \"alten\" Inselflair erleben m\u00f6chte nutz fr\u00fch am Morgen das Rad und erkundet die Insel.<\/p>\n<\/div><\/div><div id=\"panel-6747-2-0-2\" class=\"so-panel widget widget_black-studio-tinymce widget_black_studio_tinymce panel-last-child\" data-index=\"17\" ><div class=\"textwidget\"><p><img loading=\"lazy\" decoding=\"async\" class=\"size-full wp-image-6751 aligncenter\" src=\"http:\/\/kruste.selfhost.me\/wordpress\/wp-content\/uploads\/2019\/04\/SEY7332_web.jpg\" alt=\"\" width=\"1280\" height=\"424\" srcset=\"http:\/\/kruste.selfhost.me\/wordpress\/wp-content\/uploads\/2019\/04\/SEY7332_web.jpg 1280w, http:\/\/kruste.selfhost.me\/wordpress\/wp-content\/uploads\/2019\/04\/SEY7332_web-150x50.jpg 150w, http:\/\/kruste.selfhost.me\/wordpress\/wp-content\/uploads\/2019\/04\/SEY7332_web-300x99.jpg 300w, http:\/\/kruste.selfhost.me\/wordpress\/wp-content\/uploads\/2019\/04\/SEY7332_web-768x254.jpg 768w, http:\/\/kruste.selfhost.me\/wordpress\/wp-content\/uploads\/2019\/04\/SEY7332_web-1024x339.jpg 1024w, http:\/\/kruste.selfhost.me\/wordpress\/wp-content\/uploads\/2019\/04\/SEY7332_web-700x232.jpg 700w\" sizes=\"auto, (max-width: 1280px) 100vw, 1280px\" \/><\/p>\n<\/div><\/div><\/div><\/div><\/div>","protected":false},"excerpt":{"rendered":"<p>&nbsp; Das\u00a0Bois d&#8217;Amour ist f\u00fcr mich eine kleine Oase auf der Insel. Birgitt und Alvis konnten den alten Charme von La Digue noch etwas erhalten<\/p>\n","protected":false},"author":1,"featured_media":0,"parent":3657,"menu_order":0,"comment_status":"closed","ping_status":"closed","template":"","meta":{"footnotes":""},"class_list":["post-6747","page","type-page","status-publish","hentry"],"_links":{"self":[{"href":"http:\/\/kruste.selfhost.me\/wordpress\/index.php?rest_route=\/wp\/v2\/pages\/6747","targetHints":{"allow":["GET"]}}],"collection":[{"href":"http:\/\/kruste.selfhost.me\/wordpress\/index.php?rest_route=\/wp\/v2\/pages"}],"about":[{"href":"http:\/\/kruste.selfhost.me\/wordpress\/index.php?rest_route=\/wp\/v2\/types\/page"}],"author":[{"embeddable":true,"href":"http:\/\/kruste.selfhost.me\/wordpress\/index.php?rest_route=\/wp\/v2\/users\/1"}],"replies":[{"embeddable":true,"href":"http:\/\/kruste.selfhost.me\/wordpress\/index.php?rest_route=%2Fwp%2Fv2%2Fcomments&post=6747"}],"version-history":[{"count":1,"href":"http:\/\/kruste.selfhost.me\/wordpress\/index.php?rest_route=\/wp\/v2\/pages\/6747\/revisions"}],"predecessor-version":[{"id":6748,"href":"http:\/\/kruste.selfhost.me\/wordpress\/index.php?rest_route=\/wp\/v2\/pages\/6747\/revisions\/6748"}],"up":[{"embeddable":true,"href":"http:\/\/kruste.selfhost.me\/wordpress\/index.php?rest_route=\/wp\/v2\/pages\/3657"}],"wp:attachment":[{"href":"http:\/\/kruste.selfhost.me\/wordpress\/index.php?rest_route=%2Fwp%2Fv2%2Fmedia&parent=6747"}],"curies":[{"name":"wp","href":"https:\/\/api.w.org\/{rel}","templated":true}]}}