{"id":6989,"date":"2019-12-02T16:15:28","date_gmt":"2019-12-02T14:15:28","guid":{"rendered":"http:\/\/kruste.selfhost.me\/wordpress\/?page_id=6989"},"modified":"2021-03-13T20:39:29","modified_gmt":"2021-03-13T18:39:29","slug":"okambara-elephant-lodge-region-windhoek-2","status":"publish","type":"page","link":"http:\/\/kruste.selfhost.me\/wordpress\/?page_id=6989","title":{"rendered":"Little Sossus Campsite (Region Sossusvlei)"},"content":{"rendered":"<div id=\"pl-6989\"  class=\"panel-layout\" ><div id=\"pg-6989-0\"  class=\"panel-grid panel-no-style\" ><div id=\"pgc-6989-0-0\"  class=\"panel-grid-cell\" ><div id=\"panel-6989-0-0-0\" class=\"so-panel widget widget_black-studio-tinymce widget_black_studio_tinymce panel-first-child panel-last-child\" data-index=\"0\" ><div class=\"textwidget\"><div class=\"style_SkipStroke_2 shape-with-text flowDefining\">\n<div class=\"text-content style_External_485_494\">\n<div class=\"style\"><span style=\"color: #000000;\">\u00a0<\/span><\/div>\n<div class=\"style\">\n<div class=\"style\">\n<hr \/>\n<p style=\"color: #919191;\"><span style=\"color: #000000;\">Die <a href=\"https:\/\/littlesossus.com\/\" target=\"_blank\" rel=\"noopener\">Little Sossus Campsites<\/a> liegen circa 40 Kilometer von Seseriem ( dem Eingang zum Sossusvlei ) entfernt und meine Anreise erfolgte \u00fcber Maltah\u00f6he und die Hardap Region. Eine sch\u00f6ne Strecke, f\u00fcr die man sich ruhig etwas Zeit nehmen sollte.<\/span><\/p>\n<p>Die Anlage besteht aus 10 privaten Campingpl\u00e4tzen, wovon jeder ein eigenes Bad und einen Raum mit kleiner Ablagefl\u00e4che, Sp\u00fclbecken, flie\u00dfendem Wasser und Streckdosen besitzt. Am Abend wird der Ofen durch einen Angestellten mit bereitgestelltem Feuerholz angeheizt um f\u00fcr warmes Duschwasser zu sorgen.<\/p>\n<p>Der eigene Grill und das Carport runden die Sache ab.<\/p>\n<p>F\u00fcr alle G\u00e4ste steht weiter ein kleiner Pool zur Verf\u00fcgung, der mit recht kalten Temperaturen \u00fcberrascht. Wirklich sch\u00f6n, wenn man es einmal geschafft hat und aus dem k\u00fchlen Nass die in der Hitze flimmernden D\u00fcnen bewundern kann.<\/p>\n<hr \/>\n<p>&nbsp;<\/p><\/div>\n<\/div>\n<\/div>\n<\/div>\n<\/div><\/div><\/div><div id=\"pgc-6989-0-1\"  class=\"panel-grid-cell\" ><div id=\"panel-6989-0-1-0\" class=\"so-panel widget widget_black-studio-tinymce widget_black_studio_tinymce panel-first-child panel-last-child\" data-index=\"1\" ><div class=\"textwidget\"><p><img loading=\"lazy\" decoding=\"async\" class=\"size-full wp-image-6994 alignright\" src=\"http:\/\/kruste.selfhost.me\/wordpress\/wp-content\/uploads\/2019\/12\/COS_4708.jpg\" alt=\"\" width=\"800\" height=\"1144\" srcset=\"http:\/\/kruste.selfhost.me\/wordpress\/wp-content\/uploads\/2019\/12\/COS_4708.jpg 800w, http:\/\/kruste.selfhost.me\/wordpress\/wp-content\/uploads\/2019\/12\/COS_4708-105x150.jpg 105w, http:\/\/kruste.selfhost.me\/wordpress\/wp-content\/uploads\/2019\/12\/COS_4708-210x300.jpg 210w, http:\/\/kruste.selfhost.me\/wordpress\/wp-content\/uploads\/2019\/12\/COS_4708-768x1098.jpg 768w, http:\/\/kruste.selfhost.me\/wordpress\/wp-content\/uploads\/2019\/12\/COS_4708-716x1024.jpg 716w, http:\/\/kruste.selfhost.me\/wordpress\/wp-content\/uploads\/2019\/12\/COS_4708-537x768.jpg 537w, http:\/\/kruste.selfhost.me\/wordpress\/wp-content\/uploads\/2019\/12\/COS_4708-700x1001.jpg 700w\" sizes=\"auto, (max-width: 800px) 100vw, 800px\" \/><\/p>\n<\/div><\/div><\/div><\/div><div id=\"pg-6989-1\"  class=\"panel-grid panel-no-style\" ><div id=\"pgc-6989-1-0\"  class=\"panel-grid-cell\" ><div id=\"panel-6989-1-0-0\" class=\"so-panel widget widget_black-studio-tinymce widget_black_studio_tinymce panel-first-child\" data-index=\"2\" ><h3 class=\"widget-title\">Preise:<\/h3><div class=\"textwidget\"><hr \/>\n<p><span style=\"color: #000000;\"><i style=\"font-family: sans-serif; font-variant: normal; line-height: normal;\">\u00dcbernachtung 140 N$ pro Person + 160 N$ f\u00fcr den Stellplatz.<\/i><\/span><\/p>\n<\/div><\/div><div id=\"panel-6989-1-0-1\" class=\"so-panel widget widget_black-studio-tinymce widget_black_studio_tinymce\" data-index=\"3\" ><h3 class=\"widget-title\">Kommunikation:<\/h3><div class=\"textwidget\"><div id=\"id4\" class=\"style_SkipStroke_4 shape-with-text\">\n<div class=\"text-content graphic_textbox_layout_style_default_External_138_130\">\n<div class=\"graphic_textbox_layout_style_default\">\n<hr \/>\n<p class=\"Caption\"><span style=\"color: #000000;\">Per Mobilfunk ist man erreichbar. WLAN ist gegen Geb\u00fchr im Bereich des Pools verf\u00fcgbar.<\/span><\/p>\n<\/div>\n<\/div>\n<\/div>\n<\/div><\/div><div id=\"panel-6989-1-0-2\" class=\"so-panel widget widget_text\" data-index=\"4\" >\t\t\t<div class=\"textwidget\"><section class=\"parallax-section\">\n<div class=\"parallax-window\" data-z-index=\"1\" data-position-x=\"left\" data-parallax=\"scroll\" data-speed=\".3\" data-image-src=\"http:\/\/kruste.selfhost.me\/wordpress\/wp-content\/uploads\/2019\/12\/COS_4157.jpg\" style=\"align-items: flex-start;min-height: 550px;\">\n<div class=\"parallax-container parallax-content\">\n<\/div>\n<\/div>\n<\/section>\n<\/div>\n\t\t<\/div><div id=\"panel-6989-1-0-3\" class=\"so-panel widget widget_black-studio-tinymce widget_black_studio_tinymce\" data-index=\"5\" ><h3 class=\"widget-title\">Anreise:<\/h3><div class=\"textwidget\"><hr \/>\n<p style=\"color: #919191;\"><span style=\"color: #000000;\">Mit dem Auto \u00fcber Mariental und Maltah\u00f6he. Die Strecke zwischen den beiden Orten ist asphaltiert und sehr gut befahrbar. Kurz nach Maltah\u00f6he wechselt der Belag in Schotter und die ersten Kilometer fahren sich nicht sehr gut. Sp\u00e4ter folgt eine landschaftlich sch\u00f6ne Strecke.<\/span><\/p>\n<\/div><\/div><div id=\"panel-6989-1-0-4\" class=\"so-panel widget widget_black-studio-tinymce widget_black_studio_tinymce\" data-index=\"6\" ><h3 class=\"widget-title\">Meine Reisezeiten:<\/h3><div class=\"textwidget\"><hr \/>\n<ul>\n<li>Oktober 2019<\/li>\n<\/ul>\n<p class=\"paragraph_style\">\n<\/p><\/div><\/div><div id=\"panel-6989-1-0-5\" class=\"so-panel widget widget_black-studio-tinymce widget_black_studio_tinymce\" data-index=\"7\" ><h3 class=\"widget-title\">Das Wetter:<\/h3><div class=\"textwidget\"><hr \/>\n<p class=\"paragraph_style\">Oktober 2019<\/p>\n<ul>\n<li>\n<p style=\"color: #919191;\"><span style=\"color: #000000;\">30\u00b0C bis 35\u00b0C und keine Wolken.<\/span><\/p>\n<\/li>\n<\/ul>\n<\/div><\/div><div id=\"panel-6989-1-0-6\" class=\"so-panel widget widget_black-studio-tinymce widget_black_studio_tinymce\" data-index=\"8\" ><h3 class=\"widget-title\">Zimmer:<\/h3><div class=\"textwidget\"><hr \/>\n<p style=\"color: #919191;\"><span style=\"color: #000000;\">\u00dcberdachter Stellplatz mit anliegendem Badezimmer. Die Dusche ist einfach und warmes Wasser wird \u00fcber einen Ofen erzeugt. Pro Stellplatz ist eine Ablagefl\u00e4che sowie ein Waschbecken verf\u00fcgbar. Strom ist im Preis inbegriffen jedoch sind nur wenige Steckdosen vorhanden.<\/span><\/p>\n<p>Der Abstand zwischen den Campsites ist ausreichen doch der Nachbar ist gut zu h\u00f6ren.<\/p>\n<p>&nbsp;<\/p>\n<p style=\"color: #919191;\">\n<\/p><\/div><\/div><div id=\"panel-6989-1-0-7\" class=\"so-panel widget widget_black-studio-tinymce widget_black_studio_tinymce\" data-index=\"9\" ><div class=\"textwidget\"><p><img loading=\"lazy\" decoding=\"async\" class=\"size-full wp-image-6900 aligncenter\" src=\"http:\/\/kruste.selfhost.me\/wordpress\/wp-content\/uploads\/2019\/11\/COS_4847.jpg\" alt=\"\" width=\"7164\" height=\"2388\" srcset=\"http:\/\/kruste.selfhost.me\/wordpress\/wp-content\/uploads\/2019\/11\/COS_4847.jpg 7164w, http:\/\/kruste.selfhost.me\/wordpress\/wp-content\/uploads\/2019\/11\/COS_4847-150x50.jpg 150w, http:\/\/kruste.selfhost.me\/wordpress\/wp-content\/uploads\/2019\/11\/COS_4847-300x100.jpg 300w, http:\/\/kruste.selfhost.me\/wordpress\/wp-content\/uploads\/2019\/11\/COS_4847-768x256.jpg 768w, http:\/\/kruste.selfhost.me\/wordpress\/wp-content\/uploads\/2019\/11\/COS_4847-1024x341.jpg 1024w, http:\/\/kruste.selfhost.me\/wordpress\/wp-content\/uploads\/2019\/11\/COS_4847-700x233.jpg 700w\" sizes=\"auto, (max-width: 7164px) 100vw, 7164px\" \/><\/p>\n<\/div><\/div><div id=\"panel-6989-1-0-8\" class=\"so-panel widget widget_black-studio-tinymce widget_black_studio_tinymce\" data-index=\"10\" ><h3 class=\"widget-title\">K\u00fcche \/ Restaurant:<\/h3><div class=\"textwidget\"><hr \/>\n<p style=\"color: #919191;\"><span style=\"color: #000000;\">Selbstversorgung ist angesagt \u00a0und an der Rezeption k\u00f6nnen nur Getr\u00e4nke gekauft werden.<\/span><\/p>\n<\/div><\/div><div id=\"panel-6989-1-0-9\" class=\"so-panel widget widget_black-studio-tinymce widget_black_studio_tinymce\" data-index=\"11\" ><h3 class=\"widget-title\">Personal:<\/h3><div class=\"textwidget\"><hr \/>\n\n<span style=\"color: #000000;\"><span style=\"caret-color: #000000;\">Das Personal an der Rezeption ist sehr freundlich und kleine Sp\u00e4\u00dfe kommen gut an. Fragen werden gerne beantwortet. Der gute Geist der Anlage k\u00fcmmert sich t\u00e4glich um das warme Wasser der Dusche, danke.<\/span><\/span>\n\n&nbsp;<\/div><\/div><div id=\"panel-6989-1-0-10\" class=\"so-panel widget widget_black-studio-tinymce widget_black_studio_tinymce\" data-index=\"12\" ><h3 class=\"widget-title\">Aktivit\u00e4ten:<\/h3><div class=\"textwidget\"><hr \/>\n<p style=\"color: #919191;\"><span style=\"color: #000000;\">Der Hauptgrund f\u00fcr einen Aufenthalt ist sicher der Besuch des Sossusvlei. Die Anreise ist jedoch leider mit 40 Kilometern recht weit und durch die Gate Regelungen des Namib-Naukluft-Park kommt man nicht in den Genuss den Sonnenauf \/ Untergang in den D\u00fcnen zu bewundern. Wer trotzdem zu den \u00d6ffnungszeiten am Eingang sein m\u00f6chte, muss fr\u00fch morgens im Dunklen die 45 Minuten fahren. Sonst hat es mir gut im Little Sossus Camp gefallen. Der Sonnenuntergang ist auch hier wundersch\u00f6n und der Pool bei 35\u00b0C Aussentemperatur eine willkommene Abk\u00fchlung.<\/span><\/p>\n<p>F\u00fcr die Verh\u00e4ltnisse in Namibia liegt zudem der Naukluft Mountain Zebra Park um die Ecke und ein Ausflug lohnt sich vor allem f\u00fcr die Freunde von l\u00e4ngeren Wanderungen.<\/p>\n<\/div><\/div><div id=\"panel-6989-1-0-11\" class=\"so-panel widget widget_black-studio-tinymce widget_black_studio_tinymce panel-last-child\" data-index=\"13\" ><h3 class=\"widget-title\">Tipps:<\/h3><div class=\"textwidget\"><hr \/>\n<ul>\n<li><span style=\"color: #000000;\">Der Besuch des Sossusvlei<\/span><\/li>\n<li>Der unglaubliche Sternenhimmel<\/li>\n<li>Die Grillzeit zum Sonnenuntergang<\/li>\n<\/ul>\n<\/div><\/div><\/div><\/div><div id=\"pg-6989-2\"  class=\"panel-grid panel-no-style\" ><div id=\"pgc-6989-2-0\"  class=\"panel-grid-cell\" ><div id=\"panel-6989-2-0-0\" class=\"so-panel widget widget_black-studio-tinymce widget_black_studio_tinymce panel-first-child\" data-index=\"14\" ><h3 class=\"widget-title\">Sicherheit:<\/h3><div class=\"textwidget\"><hr \/>\n<p class=\"paragraph_style\">War kein Problem. In der N\u00e4he gibt es nicht viel und die Angestellten sind sehr vertrauensw\u00fcrdig. Ich machte mir keine Sorgen.<\/p>\n<\/div><\/div><div id=\"panel-6989-2-0-1\" class=\"so-panel widget widget_black-studio-tinymce widget_black_studio_tinymce\" data-index=\"15\" ><h3 class=\"widget-title\">Klartext:<\/h3><div class=\"textwidget\"><hr \/>\n<p style=\"color: #919191;\"><span style=\"color: #000000;\">Die \"weite\" Anreise zum Sossusvlei ist nicht optimal und die \u00d6ffnungszeiten verhindern die Aufnahmen der morgendlichen Licht und Schattenspiele in den D\u00fcnen. Wer auf diese jedoch verzichten kann, findet im Little Sossus Campsite eine Preisg\u00fcnstige und saubere Unterkunft.<\/span><\/p>\n<\/div><\/div><div id=\"panel-6989-2-0-2\" class=\"so-panel widget widget_black-studio-tinymce widget_black_studio_tinymce panel-last-child\" data-index=\"16\" ><div class=\"textwidget\"><p><img loading=\"lazy\" decoding=\"async\" class=\"size-full wp-image-6995 aligncenter\" src=\"http:\/\/kruste.selfhost.me\/wordpress\/wp-content\/uploads\/2019\/12\/BOT8098.jpg\" alt=\"\" width=\"1280\" height=\"799\" srcset=\"http:\/\/kruste.selfhost.me\/wordpress\/wp-content\/uploads\/2019\/12\/BOT8098.jpg 1280w, http:\/\/kruste.selfhost.me\/wordpress\/wp-content\/uploads\/2019\/12\/BOT8098-150x94.jpg 150w, http:\/\/kruste.selfhost.me\/wordpress\/wp-content\/uploads\/2019\/12\/BOT8098-300x187.jpg 300w, http:\/\/kruste.selfhost.me\/wordpress\/wp-content\/uploads\/2019\/12\/BOT8098-768x479.jpg 768w, http:\/\/kruste.selfhost.me\/wordpress\/wp-content\/uploads\/2019\/12\/BOT8098-1024x639.jpg 1024w, http:\/\/kruste.selfhost.me\/wordpress\/wp-content\/uploads\/2019\/12\/BOT8098-700x437.jpg 700w\" sizes=\"auto, (max-width: 1280px) 100vw, 1280px\" \/><\/p>\n<\/div><\/div><\/div><\/div><\/div>","protected":false},"excerpt":{"rendered":"<p>\u00a0 Die Little Sossus Campsites liegen circa 40 Kilometer von Seseriem ( dem Eingang zum Sossusvlei ) entfernt und meine Anreise erfolgte \u00fcber Maltah\u00f6he und<\/p>\n","protected":false},"author":1,"featured_media":0,"parent":6985,"menu_order":0,"comment_status":"closed","ping_status":"closed","template":"","meta":{"footnotes":""},"class_list":["post-6989","page","type-page","status-publish","hentry"],"_links":{"self":[{"href":"http:\/\/kruste.selfhost.me\/wordpress\/index.php?rest_route=\/wp\/v2\/pages\/6989","targetHints":{"allow":["GET"]}}],"collection":[{"href":"http:\/\/kruste.selfhost.me\/wordpress\/index.php?rest_route=\/wp\/v2\/pages"}],"about":[{"href":"http:\/\/kruste.selfhost.me\/wordpress\/index.php?rest_route=\/wp\/v2\/types\/page"}],"author":[{"embeddable":true,"href":"http:\/\/kruste.selfhost.me\/wordpress\/index.php?rest_route=\/wp\/v2\/users\/1"}],"replies":[{"embeddable":true,"href":"http:\/\/kruste.selfhost.me\/wordpress\/index.php?rest_route=%2Fwp%2Fv2%2Fcomments&post=6989"}],"version-history":[{"count":2,"href":"http:\/\/kruste.selfhost.me\/wordpress\/index.php?rest_route=\/wp\/v2\/pages\/6989\/revisions"}],"predecessor-version":[{"id":6993,"href":"http:\/\/kruste.selfhost.me\/wordpress\/index.php?rest_route=\/wp\/v2\/pages\/6989\/revisions\/6993"}],"up":[{"embeddable":true,"href":"http:\/\/kruste.selfhost.me\/wordpress\/index.php?rest_route=\/wp\/v2\/pages\/6985"}],"wp:attachment":[{"href":"http:\/\/kruste.selfhost.me\/wordpress\/index.php?rest_route=%2Fwp%2Fv2%2Fmedia&parent=6989"}],"curies":[{"name":"wp","href":"https:\/\/api.w.org\/{rel}","templated":true}]}}