{"id":7048,"date":"2020-01-13T18:37:12","date_gmt":"2020-01-13T16:37:12","guid":{"rendered":"http:\/\/kruste.selfhost.me\/wordpress\/?page_id=7048"},"modified":"2023-07-25T07:57:33","modified_gmt":"2023-07-25T05:57:33","slug":"blog-2017-suedafrika-nr-3-3-2-2","status":"publish","type":"page","link":"http:\/\/kruste.selfhost.me\/wordpress\/?page_id=7048","title":{"rendered":"BLOG 2020 (Auszeit in Namibia und Botswana)"},"content":{"rendered":"<div id=\"pl-7048\"  class=\"panel-layout\" ><div id=\"pg-7048-0\"  class=\"panel-grid panel-no-style\" ><div id=\"pgc-7048-0-0\"  class=\"panel-grid-cell\" ><div id=\"panel-7048-0-0-0\" class=\"so-panel widget panel-first-child\" data-index=\"0\" ><\/div><div id=\"panel-7048-0-0-1\" class=\"so-panel widget widget_black-studio-tinymce widget_black_studio_tinymce panel-last-child\" data-index=\"1\" ><div class=\"panel-widget-style panel-widget-style-for-7048-0-0-1\" ><div class=\"textwidget\"><div class=\"article-main-content\">\n<div class=\"article-content\">\n<div class=\"article-main-content\">\n<div class=\"article-content\">\n<p><span style=\"text-decoration: underline;\"><strong>Die Reisedaten<\/strong><\/span><\/p>\n<p>28.02.2020<\/p>\n<ul>\n<li>Flug:<br \/>\nHannover - Windhuk \u00a0<span style=\"color: #99cc00;\">(P)<\/span><\/li>\n<\/ul>\n<p>01.03.2020 bis 03.03.2020<\/p>\n<ul>\n<li>Sossusvlei\u00a0<span style=\"color: #99cc00;\">(D)<br \/>\n<span style=\"color: #000000;\">\u00dcbernachtung Kalahari Auob Camp <span style=\"color: #99cc00;\">(B)<\/span> und We Kebi Safari Lodge <span style=\"color: #99cc00;\">(C)<\/span><\/span><\/span><\/li>\n<\/ul>\n<p>03.03.2020 - 06.03.2020<\/p>\n<ul>\n<li>Erindi\u00a0<span style=\"color: #99cc00;\">(E)<\/span><\/li>\n<\/ul>\n<p>06.03.2020 - 10.03.2020<\/p>\n<ul>\n<li>Etosha<span style=\"color: #99cc00;\"><br \/>\nOkaukuejo (F), Dolomiti Camp (G), Olifantrus (H)<\/span><\/li>\n<\/ul>\n<p>10.03.2020 - 13.03.2020<\/p>\n<ul>\n<li>Onguma \u00a0<span style=\"color: #99cc00;\">(I)<\/span><\/li>\n<\/ul>\n<p>14.03.2020 - 2020<\/p>\n<p>&nbsp;<\/p>\n<ul>\n<li>Gogabis<span style=\"color: #99cc00;\">\u00a0(J)<\/span><\/li>\n<\/ul>\n<p>15.03.2020 - 16.03.2020<\/p>\n<ul>\n<li>KD2 District (Kaa) \u00a0<span style=\"color: #99cc00;\">(K)<\/span><\/li>\n<\/ul>\n<p>17.03.2020 - 20.03.2020<\/p>\n<ul>\n<li>KTP mit Polentswan, Mata Mata und Nossob (<span style=\"color: #99cc00;\">\u00a0L)<\/span><\/li>\n<\/ul>\n<p>21.03.2020 - 28.03.2020<\/p>\n<ul>\n<li>Mabuasehube mit Motopi, Bosobogolo, Khiding, Lesoloago und Mabula\u00a0<span style=\"color: #99cc00;\">(M)\n<p><\/p><\/span><\/li>\n<\/ul>\n<p><strong>Abbruch der Reise aufgrund Corona. Flucht \u00fcber Botswana und R\u00fcckflug ab Gaborone<\/strong><\/p>\n<p>2020 - 2020<\/p>\n<ul>\n<li>Central Kalahari Game Reserve mit Xade\u00a0<span style=\"color: #99cc00;\">(N)<\/span><\/li>\n<\/ul>\n<p>2020 - 2020<\/p>\n<ul>\n<li>Windhuk - Amsterdam - Hannover\u00a0<span style=\"color: #99cc00;\"><span style=\"color: #99cc00;\">(I)<\/span><\/span><\/li>\n<\/ul>\n<p>&nbsp;<\/p>\n<p>&nbsp;<\/p><\/div>\n<\/div>\n<\/div>\n<\/div>\n<\/div><\/div><\/div><\/div><div id=\"pgc-7048-0-1\"  class=\"panel-grid-cell\" ><div id=\"panel-7048-0-1-0\" class=\"so-panel widget widget_origin_button panel-first-child panel-last-child\" data-index=\"2\" ><div class=\"origin-widget origin-widget-button origin-widget-button-simple-black align-right\"><a href=\"https:\/\/kruste.selfhost.me\/wordpress\/?page_id=8124\" \ntarget=\"_blank\" rel=\"noopener noreferrer\">\n\tReiseroute<\/a>\n<\/div><\/div><\/div><\/div><div id=\"pg-7048-1\"  class=\"panel-grid panel-no-style\" ><div id=\"pgc-7048-1-0\"  class=\"panel-grid-cell\" ><div id=\"panel-7048-1-0-0\" class=\"so-panel widget widget_black-studio-tinymce widget_black_studio_tinymce panel-first-child\" data-index=\"3\" ><h3 class=\"widget-title\">Kurz &#038; Knapp<\/h3><div class=\"textwidget\"><div class=\"article-main-content\">\n<div class=\"article-content\">\n<p>&nbsp;<\/p>\n<p><strong>Die Auszeit 2020 in Namibia und Botswana<\/strong><\/p><\/div>\n<p>Nach dieser sehr interessante Reise durch S\u00fcdafrika, Namibia und Botswana im Jahr 2019 und den beeindruckende Erlebnissen in der absoluten Einsamkeit, habe ich mich entschlossen auch dieses Jahr ein neues Abenteuer zu beginnen.<\/p>\n<p>Die Reise f\u00fchrt mich an bekannte Pl\u00e4tze wie das Sossusvlei, Erindi oder Polentswa in der Kalahari aber auch an Orte, welche ich schon immer einmal besuchen wollte. Hierzu geh\u00f6ren das Dolomiti Camp und Olifantrus im Etosha National Park ( Namibia ) und der Mabuasehube Teil des Kgalagadi Transfrontier Park ( Botswana ). Sollte die Regenzeit nicht zu stark ausfallen, geht es weiter in die Central Kalahari und den Caprivi Streifen. Ich bin sehr gespannt und stelle fest, dass meine Reiseziel immer weiter ab von der Zivilisation liegen und st\u00e4ndig aufregender werden. Das muss das Alter sein.<\/p><\/div>\n<p>&nbsp;<\/p>\n<div class=\"article-main-content\">\n<h2 class=\"posttitle icon\"><\/h2>\n<\/div>\n<\/div><\/div><div id=\"panel-7048-1-0-1\" class=\"so-panel widget widget_black-studio-tinymce widget_black_studio_tinymce panel-last-child\" data-index=\"4\" ><h3 class=\"widget-title\">Ein schnelles aber glimpfliches Ende<\/h3><div class=\"textwidget\"><div class=\"article-main-content\">\n<div class=\"article-content\">\n<p>&nbsp;<\/p>\n<p><strong>Das wurde leider ein ganz anderes\u00a0<\/strong><b>Abenteuer als gedacht aber zum Gl\u00fcck bin ich heile und gesund wieder nach Hause gekommen.<\/b><\/p>\n<p>Die Reise verlief in den ersten beiden Wochen noch fast wie geplant und die Flugversp\u00e4tung von 24 Stunden sollte mein kleinstes Problem der Reise werden.<br \/>\nAm Anfang stellte der Regen mich teilweise vor interessante Aufgaben wie z.B. Flussdurchquerungen, aber dank Ford Ranger war das\u00a0alles kein Problem. Zum Gl\u00fcck regnete es auch nur den ersten Abend sehr stark und so begann der Urlaub wie erhofft.<\/p>\n<p>Das Sossusvlei begeisterte mich erneut und ich werde nicht m\u00fcde die einzigartige Landschaft dort zu bewundern. Ein Glas Wein zum Sonnenuntergang oder der frische Kaffe in den D\u00fcnen beim Sonnenaufgang sind einfach phantastisch.<\/p>\n<p>Die Tage auf Erindi haben mir diesmal nicht so gut gefallen. Obwohl die best m\u00f6gliche Unterkunft gew\u00e4hlt ( Livingstone Suite ) \u00e4rgerten mich die vielen Halsb\u00e4nder, welche L\u00f6wen und Co jetzt tragen. Fast bei jeder Sichtung gab es Tiere mit Halsb\u00e4ndern und tolle Fotos waren fast unm\u00f6glich. Selbst die Ranger sagten es kommt ein Gef\u00fchl wie im Zoo auf und so war es dann auch. Mist ! Einzig die tolle Landschaft mit tausenden von Blumen entsch\u00e4digte. So etwas habe ich noch nie gesehen !<\/p><\/div>\n<p>Der H\u00f6hepunkt der Reise war dann das Dolomite Camp im Etosha. Ein toller Bungalow mit super Aussicht.<\/p><\/div>\n<div class=\"article-main-content\">\n<h2 class=\"posttitle icon\"><\/h2>\n<\/div>\n<\/div><\/div><\/div><\/div><\/div>","protected":false},"excerpt":{"rendered":"<p>Die Reisedaten 28.02.2020 Flug: Hannover &#8211; Windhuk \u00a0(P) 01.03.2020 bis 03.03.2020 Sossusvlei\u00a0(D) \u00dcbernachtung Kalahari Auob Camp (B) und We Kebi Safari Lodge (C) 03.03.2020 &#8211;<\/p>\n","protected":false},"author":1,"featured_media":6936,"parent":6671,"menu_order":0,"comment_status":"closed","ping_status":"closed","template":"","meta":{"footnotes":""},"class_list":["post-7048","page","type-page","status-publish","has-post-thumbnail","hentry"],"_links":{"self":[{"href":"http:\/\/kruste.selfhost.me\/wordpress\/index.php?rest_route=\/wp\/v2\/pages\/7048","targetHints":{"allow":["GET"]}}],"collection":[{"href":"http:\/\/kruste.selfhost.me\/wordpress\/index.php?rest_route=\/wp\/v2\/pages"}],"about":[{"href":"http:\/\/kruste.selfhost.me\/wordpress\/index.php?rest_route=\/wp\/v2\/types\/page"}],"author":[{"embeddable":true,"href":"http:\/\/kruste.selfhost.me\/wordpress\/index.php?rest_route=\/wp\/v2\/users\/1"}],"replies":[{"embeddable":true,"href":"http:\/\/kruste.selfhost.me\/wordpress\/index.php?rest_route=%2Fwp%2Fv2%2Fcomments&post=7048"}],"version-history":[{"count":1,"href":"http:\/\/kruste.selfhost.me\/wordpress\/index.php?rest_route=\/wp\/v2\/pages\/7048\/revisions"}],"predecessor-version":[{"id":7049,"href":"http:\/\/kruste.selfhost.me\/wordpress\/index.php?rest_route=\/wp\/v2\/pages\/7048\/revisions\/7049"}],"up":[{"embeddable":true,"href":"http:\/\/kruste.selfhost.me\/wordpress\/index.php?rest_route=\/wp\/v2\/pages\/6671"}],"wp:featuredmedia":[{"embeddable":true,"href":"http:\/\/kruste.selfhost.me\/wordpress\/index.php?rest_route=\/wp\/v2\/media\/6936"}],"wp:attachment":[{"href":"http:\/\/kruste.selfhost.me\/wordpress\/index.php?rest_route=%2Fwp%2Fv2%2Fmedia&parent=7048"}],"curies":[{"name":"wp","href":"https:\/\/api.w.org\/{rel}","templated":true}]}}