{"id":705,"date":"2014-11-04T18:10:34","date_gmt":"2014-11-04T17:10:34","guid":{"rendered":"http:\/\/kruste.selfhost.me\/wordpress\/?page_id=705"},"modified":"2020-07-31T06:52:55","modified_gmt":"2020-07-31T04:52:55","slug":"idle-wild-hazyview","status":"publish","type":"page","link":"http:\/\/kruste.selfhost.me\/wordpress\/?page_id=705","title":{"rendered":"Idle &#038; Wild (Hazyview)"},"content":{"rendered":"<div id=\"pl-705\"  class=\"panel-layout\" ><div id=\"pg-705-0\"  class=\"panel-grid panel-no-style\" ><div id=\"pgc-705-0-0\"  class=\"panel-grid-cell\" ><div id=\"panel-705-0-0-0\" class=\"so-panel widget widget_black-studio-tinymce widget_black_studio_tinymce panel-first-child panel-last-child\" data-index=\"0\" ><div class=\"textwidget\"><div class=\"style_SkipStroke_2 shape-with-text flowDefining\">\n<div class=\"text-content style_External_485_494\">\n<div class=\"style\">\n<hr \/>\n<p style=\"color: #919191;\"><span style=\"color: #000000;\">Die <span class=\"st\">Bed &amp; Breakfast<\/span>\u00a0Anlage <a href=\"http:\/\/www.idleandwild.com\/\" target=\"_blank\" rel=\"noopener\">Idle&amp;Wild<\/a> liegt in einem Randgebiet von Hazyview und ist circa 30 Autominuten vom Kruger Park entfernt. Es gib 8 Rondavels, welche in einem sch\u00f6nen Garten verteilt sind. Pool und Whirlpool stehen dem Gast zur Verf\u00fcgung.<\/span><\/p>\n<p style=\"color: #919191;\"><span style=\"color: #000000;\">Die Zimmer bieten viel Platz\u00a0und es steht eine K\u00fcchenzeile ( ohne Kochfeld ), Grill, Terrasse und ein Safe zur Nutzung bereit.\u00a0<\/span><\/p>\n<p style=\"color: #919191;\"><span style=\"color: #000000;\">Der Zimmerpreis beinhaltet ein Fr\u00fchst\u00fcck, welches zwischen 07:30 und 09:00 Uhr eingenommen werden kann. F\u00fcr Fr\u00fchaufsteher gibt es die M\u00f6glichkeit einen Fr\u00fchst\u00fcckskorb zu bestellen (Die besten Tiersichtungen im Kruger Park k\u00f6nnen in den fr\u00fchen Morgenstunden gemacht werden).\u00a0<\/span><\/p>\n<hr \/>\n<p>&nbsp;<\/p><\/div>\n<\/div>\n<\/div>\n<\/div><\/div><\/div><div id=\"pgc-705-0-1\"  class=\"panel-grid-cell\" ><div id=\"panel-705-0-1-0\" class=\"so-panel widget widget_black-studio-tinymce widget_black_studio_tinymce panel-first-child panel-last-child\" data-index=\"1\" ><div class=\"textwidget\"><p><a href=\"http:\/\/kruste.selfhost.me\/wordpress\/wp-content\/uploads\/2014\/11\/SAF_7478-e1415120914772.jpg\"><img loading=\"lazy\" decoding=\"async\" class=\"alignnone size-full wp-image-707\" src=\"http:\/\/kruste.selfhost.me\/wordpress\/wp-content\/uploads\/2014\/11\/SAF_7478-e1415120914772.jpg\" alt=\"SAF_7478\" width=\"574\" height=\"800\" srcset=\"http:\/\/kruste.selfhost.me\/wordpress\/wp-content\/uploads\/2014\/11\/SAF_7478-e1415120914772.jpg 574w, http:\/\/kruste.selfhost.me\/wordpress\/wp-content\/uploads\/2014\/11\/SAF_7478-e1415120914772-107x150.jpg 107w, http:\/\/kruste.selfhost.me\/wordpress\/wp-content\/uploads\/2014\/11\/SAF_7478-e1415120914772-215x300.jpg 215w\" sizes=\"auto, (max-width: 574px) 100vw, 574px\" \/><\/a><\/p>\n<\/div><\/div><\/div><\/div><div id=\"pg-705-1\"  class=\"panel-grid panel-no-style\" ><div id=\"pgc-705-1-0\"  class=\"panel-grid-cell\" ><div id=\"panel-705-1-0-0\" class=\"so-panel widget widget_black-studio-tinymce widget_black_studio_tinymce panel-first-child\" data-index=\"2\" ><h3 class=\"widget-title\">Preise:<\/h3><div class=\"textwidget\"><hr \/>\n<p style=\"color: #929292;\"><span style=\"color: #000000;\"><i>\u00dcbernachtung inklusive Fr\u00fchst\u00fcck f\u00fcr\u00a0<\/i><i>60,00 \u20ac pro Person und Tag (Einzelbelegung).<\/i><\/span><\/p>\n<p style=\"color: #929292;\"><span style=\"color: #000000;\">Der Preis galt im Jahr 2011 bei einem Wechselkurs von 1,00 \u20ac = 9,81 Rand.<\/span><\/p>\n<p style=\"color: #929292;\">\u00a0<\/p>\n<\/div><\/div><div id=\"panel-705-1-0-1\" class=\"so-panel widget widget_black-studio-tinymce widget_black_studio_tinymce\" data-index=\"3\" ><h3 class=\"widget-title\">Kommunikation:<\/h3><div class=\"textwidget\"><div id=\"id4\" class=\"style_SkipStroke_4 shape-with-text\">\n<div class=\"text-content graphic_textbox_layout_style_default_External_138_130\">\n<div class=\"graphic_textbox_layout_style_default\">\n<hr \/>\n<p class=\"Caption\">Per Mobilfunk ist man gut erreichbar. Der Internetzugang per WLAN ist m\u00f6glich und kostenfrei.<\/p>\n<\/div>\n<\/div>\n<\/div>\n<\/div><\/div><div id=\"panel-705-1-0-2\" class=\"so-panel widget widget_text\" data-index=\"4\" >\t\t\t<div class=\"textwidget\"><section class=\"parallax-section\">\n<div class=\"parallax-window\" data-z-index=\"1\" data-position-x=\"left\" data-parallax=\"scroll\" data-speed=\".3\" data-image-src=\"http:\/\/kruste.selfhost.me\/wordpress\/wp-content\/uploads\/2014\/11\/SAF_7742.jpg\" style=\"align-items: flex-start;min-height: 550px;\">\n<div class=\"parallax-container parallax-content\">\n<\/div>\n<\/div>\n<\/section>\n<\/div>\n\t\t<\/div><div id=\"panel-705-1-0-3\" class=\"so-panel widget widget_black-studio-tinymce widget_black_studio_tinymce\" data-index=\"5\" ><h3 class=\"widget-title\">Anreise:<\/h3><div class=\"textwidget\"><hr \/>\n<p>Hazyview ist gut per Mietwagen zu erreichen und den braucht man hier. Die Fahrt nach Hazyview selbst dauert nur 10 Minuten.\u00a0<\/p>\n<\/div><\/div><div id=\"panel-705-1-0-4\" class=\"so-panel widget widget_black-studio-tinymce widget_black_studio_tinymce\" data-index=\"6\" ><h3 class=\"widget-title\">Meine Reisezeiten:<\/h3><div class=\"textwidget\"><hr \/>\n<ul>\n<li>Juni 2011<\/li>\n<\/ul>\n<p class=\"paragraph_style\">\u00a0<\/p>\n<\/div><\/div><div id=\"panel-705-1-0-5\" class=\"so-panel widget widget_black-studio-tinymce widget_black_studio_tinymce\" data-index=\"7\" ><h3 class=\"widget-title\">Das Wetter:<\/h3><div class=\"textwidget\"><hr \/>\n<ul>\n<li><span style=\"font-weight: 600;\">Juni 2011<\/span><\/li>\n<\/ul>\n<p style=\"color: #929292; padding-left: 30px;\"><span style=\"color: #000000;\"><i>Strahlend blauer Himmel. In der Nacht\u00a0<\/i>gehen die Temperaturen auf 4\u00b0C zur\u00fcck. Am Tag sind es angenehme 26\u00b0 C.\u00a0Es ist nicht so kalt wie im Busch.<\/span><\/p>\n<p style=\"color: #919191; padding-left: 30px;\"><span style=\"color: #000000;\">Bei der Abreise war der Himmel bedeckt.<\/span><\/p>\n<\/div><\/div><div id=\"panel-705-1-0-6\" class=\"so-panel widget widget_black-studio-tinymce widget_black_studio_tinymce\" data-index=\"8\" ><h3 class=\"widget-title\">Zimmer:<\/h3><div class=\"textwidget\"><hr \/>\n<p style=\"color: #919191;\"><span style=\"color: #000000;\">Grosser Rondavel mit K\u00fcchenzeile und angenehm viel Platz.<\/span><\/p>\n<p><span style=\"color: #000000;\">Es gab ein gro\u00dfes\u00a0Bett, Safe, K\u00fcchenzeile und eine Minibar mit fairen Preisen ( Bier 10 ZAR, Cola 8 ZAR ).<\/span><\/p>\n<p>Ich finde die Zimmer etwas dunkel.<\/p>\n<\/div><\/div><div id=\"panel-705-1-0-7\" class=\"so-panel widget widget_black-studio-tinymce widget_black_studio_tinymce\" data-index=\"9\" ><div class=\"textwidget\"><p><a href=\"http:\/\/kruste.selfhost.me\/wordpress\/wp-content\/uploads\/2014\/11\/SAF_7104-e1415121003918.jpg\"><img loading=\"lazy\" decoding=\"async\" class=\"alignnone size-full wp-image-709\" src=\"http:\/\/kruste.selfhost.me\/wordpress\/wp-content\/uploads\/2014\/11\/SAF_7104-e1415121003918.jpg\" alt=\"SAF_7104\" width=\"1329\" height=\"509\" srcset=\"http:\/\/kruste.selfhost.me\/wordpress\/wp-content\/uploads\/2014\/11\/SAF_7104-e1415121003918.jpg 1329w, http:\/\/kruste.selfhost.me\/wordpress\/wp-content\/uploads\/2014\/11\/SAF_7104-e1415121003918-150x57.jpg 150w, http:\/\/kruste.selfhost.me\/wordpress\/wp-content\/uploads\/2014\/11\/SAF_7104-e1415121003918-300x114.jpg 300w, http:\/\/kruste.selfhost.me\/wordpress\/wp-content\/uploads\/2014\/11\/SAF_7104-e1415121003918-1024x392.jpg 1024w, http:\/\/kruste.selfhost.me\/wordpress\/wp-content\/uploads\/2014\/11\/SAF_7104-e1415121003918-700x268.jpg 700w\" sizes=\"auto, (max-width: 1329px) 100vw, 1329px\" \/><\/a><\/p>\n<\/div><\/div><div id=\"panel-705-1-0-8\" class=\"so-panel widget widget_black-studio-tinymce widget_black_studio_tinymce\" data-index=\"10\" ><h3 class=\"widget-title\">K\u00fcche \/ Restaurant:<\/h3><div class=\"textwidget\"><hr \/>\n<p>Es gibt ab 07:30 Uhr ein englisches\u00a0Fr\u00fchst\u00fcck welches ganz anst\u00e4ndig ist. Sollte man jedoch den Fr\u00fchst\u00fcckskorb w\u00e4hlen,\u00a0verpasst man nicht wirklich etwas.<\/p>\n<\/div><\/div><div id=\"panel-705-1-0-9\" class=\"so-panel widget widget_black-studio-tinymce widget_black_studio_tinymce\" data-index=\"11\" ><h3 class=\"widget-title\">Personal:<\/h3><div class=\"textwidget\"><hr \/><p style=\"color: #929292;\"><span style=\"color: #000000;\"><i>Freundlich. Der Adapter f\u00fcr die Steckdose wird auch Abends noch besorgt. Die Reservierung ist auch kurzfristig per Telefon m\u00f6glich. Der Online Check Inn f\u00fcr den R\u00fcckflug kann durchgef\u00fchrt werden. Ein guter Service f\u00fcr einen fairen Preis.<\/i><\/span><\/p><\/div><\/div><div id=\"panel-705-1-0-10\" class=\"so-panel widget widget_black-studio-tinymce widget_black_studio_tinymce\" data-index=\"12\" ><h3 class=\"widget-title\">Aktivit\u00e4ten:<\/h3><div class=\"textwidget\"><hr \/>\n<p><span style=\"color: #000000;\"><i style=\"font-family: sans-serif; font-variant: normal; line-height: normal;\">Fahrten in den Kruger Park<\/i><\/span><br \/><span style=\"color: #000000;\"><i style=\"font-family: sans-serif; font-variant: normal; line-height: normal;\">Cabel Trail<\/i><\/span><br \/><span style=\"color: #000000;\"><i style=\"font-family: sans-serif; font-variant: normal; line-height: normal;\">Elefantenreiten<\/i><\/span><br \/><span style=\"color: #000000;\"><i style=\"font-family: sans-serif; font-variant: normal; line-height: normal;\">Rafting<\/i><\/span><br \/><span style=\"color: #000000;\"><i style=\"font-family: sans-serif; font-variant: normal; line-height: normal;\">Vogelbeobachtung im Garten<\/i><\/span><\/p>\n<p><span style=\"color: #000000;\">Es gibt viele interessante Dinge in und um Hazyview. Langweilig wird's sicher nicht.<\/span><\/p>\n<\/div><\/div><div id=\"panel-705-1-0-11\" class=\"so-panel widget widget_black-studio-tinymce widget_black_studio_tinymce panel-last-child\" data-index=\"13\" ><h3 class=\"widget-title\">Tipps:<\/h3><div class=\"textwidget\"><hr \/>\n<ul>\n<li class=\"full-width\">\n<p style=\"color: #919191;\"><span style=\"color: #000000;\">Der Garten ist richtig sch\u00f6n. Wer gerne kleine V\u00f6gel (Sunbird, Kingfisher) beobachtet, ist im Idle & Wild\u00a0gut aufgehoben. Teilweise soll es hier auch Adler geben.<\/span><\/p>\n<\/li>\n<li class=\"full-width\">\n<p class=\"paragraph_style_4\"><span class=\"style_4\">Essen im Sommerfields und Pioneers\u00a0<\/span><i>( 350 Gramm Rinder-Filet f\u00fcr 11 Euro ).<\/i><\/p>\n<p class=\"paragraph_style_4\"><span class=\"style_1\">\u00a0<\/span><\/p>\n<\/li>\n<\/ul>\n<\/div><\/div><\/div><\/div><div id=\"pg-705-2\"  class=\"panel-grid panel-no-style\" ><div id=\"pgc-705-2-0\"  class=\"panel-grid-cell\" ><div id=\"panel-705-2-0-0\" class=\"so-panel widget widget_black-studio-tinymce widget_black_studio_tinymce panel-first-child\" data-index=\"14\" ><h3 class=\"widget-title\">Hinweis:<\/h3><div class=\"textwidget\"><hr \/>\n<p style=\"color: #919191;\"><span style=\"color: #000000;\">Wer einen sch\u00f6nen Garten mag , sich selbst versorgen m\u00f6chte und lieber ein paar Euro sparen will, der ist hier richtig. F\u00fcr einen kleinen Aufpreis gibt es mehr Komfort\u00a0im Dreamfields.<\/span><\/p>\n<\/div><\/div><div id=\"panel-705-2-0-1\" class=\"so-panel widget widget_black-studio-tinymce widget_black_studio_tinymce\" data-index=\"15\" ><h3 class=\"widget-title\">Klartext:<\/h3><div class=\"textwidget\"><hr \/>\n<p style=\"color: #919191;\"><span style=\"color: #000000;\">Die Anlage liegt etwas weiter vom Kruger Park entfernt als Dreamfields und die Landstrasse nach Hazyview ist nicht im besten Zustand ( 2011). Fahrten in der Dunkelheit sind, auf Grund der Schlagl\u00f6cher, konzentriert durchzuf\u00fchren.<\/span>\u00a0<\/p>\n<p style=\"color: #919191;\"><span style=\"color: #000000;\">Weiter sind in den fr\u00fchen Morgenstunden Menschen auf dem Weg zur Arbeit. Reflektoren an der Kleidung sind nicht verbreitet und so muss man wirklich aufpassen, dass man keinen Unfall baut.<\/span><\/p>\n<p style=\"color: #919191;\"><span style=\"color: #000000;\">Die Bungalows haben einen kleinen Waschbereich, der nicht auf dem neuesten Stand ist. Es ist ausreichend aber hier k\u00f6nnte nachgebessert werden.<\/span><\/p>\n<p style=\"color: #919191;\"><span style=\"color: #000000;\">Die Fr\u00fchst\u00fccksbox f\u00fcr Fr\u00fchaufsteher ist recht mager. Das Fr\u00fchst\u00fcck an sich ist ausreichend.\u00a0Es fehlt nur Wurst, K\u00e4se und ein Obstsalat. Das gewisse Etwas ist leider nicht dabei.<\/span>\u00a0<\/p>\n<\/div><\/div><div id=\"panel-705-2-0-2\" class=\"so-panel widget widget_black-studio-tinymce widget_black_studio_tinymce panel-last-child\" data-index=\"16\" ><div class=\"textwidget\"><p><a href=\"http:\/\/kruste.selfhost.me\/wordpress\/wp-content\/uploads\/2014\/11\/SAF_5218-e1420010591352.jpg\"><img loading=\"lazy\" decoding=\"async\" class=\"alignnone size-full wp-image-1029\" src=\"http:\/\/kruste.selfhost.me\/wordpress\/wp-content\/uploads\/2014\/11\/SAF_5218-e1420010591352.jpg\" alt=\"SAF_5218\" width=\"2672\" height=\"367\" srcset=\"http:\/\/kruste.selfhost.me\/wordpress\/wp-content\/uploads\/2014\/11\/SAF_5218-e1420010591352.jpg 2672w, http:\/\/kruste.selfhost.me\/wordpress\/wp-content\/uploads\/2014\/11\/SAF_5218-e1420010591352-150x20.jpg 150w, http:\/\/kruste.selfhost.me\/wordpress\/wp-content\/uploads\/2014\/11\/SAF_5218-e1420010591352-300x41.jpg 300w, http:\/\/kruste.selfhost.me\/wordpress\/wp-content\/uploads\/2014\/11\/SAF_5218-e1420010591352-1024x140.jpg 1024w, http:\/\/kruste.selfhost.me\/wordpress\/wp-content\/uploads\/2014\/11\/SAF_5218-e1420010591352-700x96.jpg 700w\" sizes=\"auto, (max-width: 2672px) 100vw, 2672px\" \/><\/a><\/p>\n<\/div><\/div><\/div><\/div><\/div>","protected":false},"excerpt":{"rendered":"<p>Die Bed &amp; Breakfast\u00a0Anlage Idle&amp;Wild liegt in einem Randgebiet von Hazyview und ist circa 30 Autominuten vom Kruger Park entfernt. Es gib 8 Rondavels, welche<\/p>\n","protected":false},"author":1,"featured_media":0,"parent":151,"menu_order":0,"comment_status":"closed","ping_status":"closed","template":"","meta":{"footnotes":""},"class_list":["post-705","page","type-page","status-publish","hentry"],"_links":{"self":[{"href":"http:\/\/kruste.selfhost.me\/wordpress\/index.php?rest_route=\/wp\/v2\/pages\/705","targetHints":{"allow":["GET"]}}],"collection":[{"href":"http:\/\/kruste.selfhost.me\/wordpress\/index.php?rest_route=\/wp\/v2\/pages"}],"about":[{"href":"http:\/\/kruste.selfhost.me\/wordpress\/index.php?rest_route=\/wp\/v2\/types\/page"}],"author":[{"embeddable":true,"href":"http:\/\/kruste.selfhost.me\/wordpress\/index.php?rest_route=\/wp\/v2\/users\/1"}],"replies":[{"embeddable":true,"href":"http:\/\/kruste.selfhost.me\/wordpress\/index.php?rest_route=%2Fwp%2Fv2%2Fcomments&post=705"}],"version-history":[{"count":1,"href":"http:\/\/kruste.selfhost.me\/wordpress\/index.php?rest_route=\/wp\/v2\/pages\/705\/revisions"}],"predecessor-version":[{"id":2155,"href":"http:\/\/kruste.selfhost.me\/wordpress\/index.php?rest_route=\/wp\/v2\/pages\/705\/revisions\/2155"}],"up":[{"embeddable":true,"href":"http:\/\/kruste.selfhost.me\/wordpress\/index.php?rest_route=\/wp\/v2\/pages\/151"}],"wp:attachment":[{"href":"http:\/\/kruste.selfhost.me\/wordpress\/index.php?rest_route=%2Fwp%2Fv2%2Fmedia&parent=705"}],"curies":[{"name":"wp","href":"https:\/\/api.w.org\/{rel}","templated":true}]}}