{"id":7066,"date":"2020-02-05T20:30:13","date_gmt":"2020-02-05T18:30:13","guid":{"rendered":"http:\/\/kruste.selfhost.me\/wordpress\/?page_id=7066"},"modified":"2020-07-31T06:33:14","modified_gmt":"2020-07-31T04:33:14","slug":"erindi-old-traders-lodge-naehe-etosha-2","status":"publish","type":"page","link":"http:\/\/kruste.selfhost.me\/wordpress\/?page_id=7066","title":{"rendered":"Red Dune Camp (Region Mata Mata)"},"content":{"rendered":"<div id=\"pl-7066\"  class=\"panel-layout\" ><div id=\"pg-7066-0\"  class=\"panel-grid panel-no-style\" ><div id=\"pgc-7066-0-0\"  class=\"panel-grid-cell\" ><div id=\"panel-7066-0-0-0\" class=\"so-panel widget widget_black-studio-tinymce widget_black_studio_tinymce panel-first-child panel-last-child\" data-index=\"0\" ><div class=\"textwidget\"><div class=\"style_SkipStroke_2 shape-with-text flowDefining\">\n<div class=\"text-content style_External_485_494\">\n<div><\/div>\n<div><\/div>\n<div class=\"style\">\n<hr \/>\n<\/div>\n<div class=\"style\">\n<div class=\"style\">\n<p>&nbsp;<\/p>\n<p style=\"color: #919191;\"><span style=\"color: #000000;\">Das Red Dune Camp liegt direkt an der Schotterstra\u00dfe C15 und mein erster Eindruck war<\/span><\/p>\n<blockquote><p><span style=\"font-family: 'comic sans ms', sans-serif;\">oh nein, was hast Du da gebucht<\/span><\/p><\/blockquote>\n<\/div>\n<p>Zum Gl\u00fcck stellte sich heraus, dass die Campingpl\u00e4tze abseits der Hauptstra\u00dfe auf einer sch\u00f6nen D\u00fcne liegen und einen tollen Blick in die Umgebung bieten. Die Anfahrt f\u00fchrt \u00fcber das eigene Farmland, auf dem Orxy &amp; Co gez\u00fcchtet werden, und endet im weichen D\u00fcnensand. Auch hier gilt es den Reifendruck auf 1.6 Bar abzusenken sonst wird es eng. Ja, die Schaufel hatte ich ja dabei.<\/p>\n<p>Am Stellplatz angekommen muss nur der Wassertank ge\u00f6ffnet und der Bullerjahn f\u00fcr heisses Duschwasser angeheizt werden. Das war es, jetzt steht einem sch\u00f6nen Abend nichts mehr im Weg.<\/p>\n<p>Der Stellplatz ist sauber und die Toilette \u00fcberraschte einwenig aber lasst Euch einfach \u00fcberraschen. Ich fand es originell. Das Red Dune Camp war ein sch\u00f6ner Stopp auf dem Weg von Mata Mata zum Sossusvlei und ich habe schon eine weiter \u00dcbernachtung f\u00fcr April 2020 gebucht ( die ich aufgrund der Grenzschliessen durch die Corona Pandemie nicht nutzen konnte ).<\/p>\n<hr \/>\n<p>&nbsp;<\/p><\/div>\n<\/div>\n<\/div>\n<\/div><\/div><\/div><div id=\"pgc-7066-0-1\"  class=\"panel-grid-cell\" ><div id=\"panel-7066-0-1-0\" class=\"so-panel widget widget_black-studio-tinymce widget_black_studio_tinymce panel-first-child panel-last-child\" data-index=\"1\" ><div class=\"textwidget\"><p><img loading=\"lazy\" decoding=\"async\" class=\"size-full wp-image-7068 alignright\" src=\"http:\/\/kruste.selfhost.me\/wordpress\/wp-content\/uploads\/2020\/02\/20190930_173240.jpg\" alt=\"\" width=\"800\" height=\"1248\" srcset=\"http:\/\/kruste.selfhost.me\/wordpress\/wp-content\/uploads\/2020\/02\/20190930_173240.jpg 800w, http:\/\/kruste.selfhost.me\/wordpress\/wp-content\/uploads\/2020\/02\/20190930_173240-96x150.jpg 96w, http:\/\/kruste.selfhost.me\/wordpress\/wp-content\/uploads\/2020\/02\/20190930_173240-192x300.jpg 192w, http:\/\/kruste.selfhost.me\/wordpress\/wp-content\/uploads\/2020\/02\/20190930_173240-768x1198.jpg 768w, http:\/\/kruste.selfhost.me\/wordpress\/wp-content\/uploads\/2020\/02\/20190930_173240-656x1024.jpg 656w, http:\/\/kruste.selfhost.me\/wordpress\/wp-content\/uploads\/2020\/02\/20190930_173240-492x768.jpg 492w, http:\/\/kruste.selfhost.me\/wordpress\/wp-content\/uploads\/2020\/02\/20190930_173240-700x1092.jpg 700w\" sizes=\"auto, (max-width: 800px) 100vw, 800px\" \/><\/p>\n<\/div><\/div><\/div><\/div><div id=\"pg-7066-1\"  class=\"panel-grid panel-no-style\" ><div id=\"pgc-7066-1-0\"  class=\"panel-grid-cell\" ><div id=\"panel-7066-1-0-0\" class=\"so-panel widget widget_black-studio-tinymce widget_black_studio_tinymce panel-first-child\" data-index=\"2\" ><h3 class=\"widget-title\">Preise:<\/h3><div class=\"textwidget\"><hr \/>\n<p>Der Stellplatz in den D\u00fcnen kostet 400 N$ f\u00fcr 4 Personen. Jede weitere Person wird mit 100 N$ berechnet.<\/p>\n<p>Wer gerne ein Zelt mit Doppelbett buchen m\u00f6chte, startet bei 500 N$<\/p>\n<\/div><\/div><div id=\"panel-7066-1-0-1\" class=\"so-panel widget widget_black-studio-tinymce widget_black_studio_tinymce\" data-index=\"3\" ><h3 class=\"widget-title\">Kommunikation:<\/h3><div class=\"textwidget\"><div id=\"id4\" class=\"style_SkipStroke_4 shape-with-text\">\n<div class=\"text-content graphic_textbox_layout_style_default_External_138_130\">\n<div class=\"graphic_textbox_layout_style_default\">\n<hr \/>\n<p class=\"Caption\">Ich konnte den Zugang zum Mobilfunknetz mangels fehlender SIM Karte nicht testen.<\/p>\n<\/div>\n<\/div>\n<\/div>\n<\/div><\/div><div id=\"panel-7066-1-0-2\" class=\"so-panel widget widget_text\" data-index=\"4\" >\t\t\t<div class=\"textwidget\"><section class=\"parallax-section\">\n<div class=\"parallax-window\" data-z-index=\"1\" data-position-x=\"left\" data-parallax=\"scroll\" data-speed=\".3\" data-image-src=\"http:\/\/kruste.selfhost.me\/wordpress\/wp-content\/uploads\/2020\/02\/20190930_152623.jpg\" style=\"align-items: flex-start;min-height: 550px;\">\n<div class=\"parallax-container parallax-content\">\n<\/div>\n<\/div>\n<\/section>\n<\/div>\n\t\t<\/div><div id=\"panel-7066-1-0-3\" class=\"so-panel widget widget_black-studio-tinymce widget_black_studio_tinymce\" data-index=\"5\" ><h3 class=\"widget-title\">Anreise:<\/h3><div class=\"textwidget\"><hr \/>\n<p><span style=\"color: #000000;\">Die Fahrt ab Mata Mata f\u00fchrt \u00fcber die Schotterstra\u00dfe C15 entlang des ausgetrockneten Flussbett der Auob River. <\/span><\/p>\n<p><span style=\"color: #000000;\">Mit Schrecken sieht man bei der Anreise die Auswirkung einer K\u00f6hlerei, die s\u00e4mtliche B\u00e4ume im Flussbett zu Holzkohle verarbeitet. Bei diesem Anblick meldetet sich mein schlechtes Gewissen sofort.<\/span><\/p>\n<\/div><\/div><div id=\"panel-7066-1-0-4\" class=\"so-panel widget widget_black-studio-tinymce widget_black_studio_tinymce\" data-index=\"6\" ><h3 class=\"widget-title\">Meine Reisezeiten:<\/h3><div class=\"textwidget\"><hr \/>\n<ul>\n<li>September 2019<\/li>\n<\/ul>\n<\/div><\/div><div id=\"panel-7066-1-0-5\" class=\"so-panel widget widget_black-studio-tinymce widget_black_studio_tinymce\" data-index=\"7\" ><h3 class=\"widget-title\">Das Wetter:<\/h3><div class=\"textwidget\"><hr \/>\n<p class=\"paragraph_style\">September 2019<\/p>\n<ul>\n<li>Gute 30\u00b0C und keine Wolken in Sichtweite. Die N\u00e4chte waren bei weitem nicht so kalt wie drei Wochen zuvor in Botswana.<\/li>\n<\/ul>\n<\/div><\/div><div id=\"panel-7066-1-0-6\" class=\"so-panel widget widget_black-studio-tinymce widget_black_studio_tinymce\" data-index=\"8\" ><h3 class=\"widget-title\">Zimmer:<\/h3><div class=\"textwidget\"><hr \/>\n<p>Der Stellplatz bietet alles notwendige f\u00fcr den Campingfreund. Ich dachte nie, dass ich das einmal schreiben werde.<\/p>\n<ul>\n<li>Toilette<\/li>\n<li>Dusche, die \u00fcber einen Ofen warmen Wasser liefert ( Feuerholz muss mitgebracht werden )<\/li>\n<li>Sp\u00fclbecken<\/li>\n<li>Schattenplatz<\/li>\n<li>Feuerplatz mit Grillroste<\/li>\n<\/ul>\n<\/div><\/div><div id=\"panel-7066-1-0-7\" class=\"so-panel widget widget_black-studio-tinymce widget_black_studio_tinymce\" data-index=\"9\" ><div class=\"textwidget\"><p><img loading=\"lazy\" decoding=\"async\" class=\"aligncenter size-full wp-image-7070\" src=\"http:\/\/kruste.selfhost.me\/wordpress\/wp-content\/uploads\/2020\/02\/20191001_062955.jpg\" alt=\"\" width=\"1280\" height=\"585\" srcset=\"http:\/\/kruste.selfhost.me\/wordpress\/wp-content\/uploads\/2020\/02\/20191001_062955.jpg 1280w, http:\/\/kruste.selfhost.me\/wordpress\/wp-content\/uploads\/2020\/02\/20191001_062955-150x69.jpg 150w, http:\/\/kruste.selfhost.me\/wordpress\/wp-content\/uploads\/2020\/02\/20191001_062955-300x137.jpg 300w, http:\/\/kruste.selfhost.me\/wordpress\/wp-content\/uploads\/2020\/02\/20191001_062955-768x351.jpg 768w, http:\/\/kruste.selfhost.me\/wordpress\/wp-content\/uploads\/2020\/02\/20191001_062955-1024x468.jpg 1024w, http:\/\/kruste.selfhost.me\/wordpress\/wp-content\/uploads\/2020\/02\/20191001_062955-700x320.jpg 700w\" sizes=\"auto, (max-width: 1280px) 100vw, 1280px\" \/><\/p>\n<\/div><\/div><div id=\"panel-7066-1-0-8\" class=\"so-panel widget widget_black-studio-tinymce widget_black_studio_tinymce\" data-index=\"10\" ><h3 class=\"widget-title\">K\u00fcche \/ Restaurant:<\/h3><div class=\"textwidget\"><hr \/>\n<p>Auf Wunsch kann im Haupthaus ein Fr\u00fchst\u00fcck bestellt werden ( \u00fcber die Qualit\u00e4t kann ich leider keine Auskunft geben ). Mir hat es das farmeigene Oryx Steak angetan. Sehr lecker und preislich \u00e4usserst interessant. Da wurde die K\u00fchltasche gleich f\u00fcr meine weitere Reise best\u00fcckt.<\/p>\n<\/div><\/div><div id=\"panel-7066-1-0-9\" class=\"so-panel widget widget_black-studio-tinymce widget_black_studio_tinymce\" data-index=\"11\" ><h3 class=\"widget-title\">Personal:<\/h3><div class=\"textwidget\"><hr \/>\n\n<span style=\"color: #000000;\">Super freundlich. Gleich bei meiner Anreise \"bel\u00e4stigte\" ich das Team mit meinem defekten Gasbrenner. Es wurde nicht lange gefackelt und das Werkzeug kam zu Einsatz. Popnieten entfernt, Bleche gebogen und alles wieder mit Nieten befestigt. 15 Minuten und ich konnte mir morgen wieder einen warmen Kaffe machen, DANKE.<\/span><span style=\"color: #000000;\">\u00a0<\/span><\/div><\/div><div id=\"panel-7066-1-0-10\" class=\"so-panel widget widget_black-studio-tinymce widget_black_studio_tinymce panel-last-child\" data-index=\"12\" ><h3 class=\"widget-title\">Aktivit\u00e4ten:<\/h3><div class=\"textwidget\"><hr \/>\n<p>Ich glaube in diese Gegend verschl\u00e4gt es einen nur auf der Durchreise. Der Blick von der D\u00fcne ist jedoch wirklich toll und wer einfach nur Ruhe sucht, kann es hier auch zwei N\u00e4chte aushalten. Auf Wunsch wird eine kleine Rundfahrt auf dem Gel\u00e4nde angeboten.<\/p>\n<\/div><\/div><\/div><\/div><div id=\"pg-7066-2\"  class=\"panel-grid panel-no-style\" ><div id=\"pgc-7066-2-0\"  class=\"panel-grid-cell\" ><div id=\"panel-7066-2-0-0\" class=\"so-panel widget widget_black-studio-tinymce widget_black_studio_tinymce panel-first-child\" data-index=\"13\" ><h3 class=\"widget-title\">Klartext:<\/h3><div class=\"textwidget\"><hr \/>\n<p style=\"color: #919191;\"><span style=\"color: #000000;\">Die Campingpl\u00e4tze liegen \u00a0sehr sch\u00f6n einer D\u00fcne und man st\u00f6rt sich nicht gegenseitig obwohl der Nachbar schon in Sichtweite ist.<\/span><\/p>\n<p>Die Zimmer im Haupthaus habe ich mir nicht angesehen jedoch werden diese sicher im Bereich der Schotterstrasse liegen. Hier w\u00fcrde ich nicht gerne \u00fcbernachten.<\/p>\n<\/div><\/div><div id=\"panel-7066-2-0-1\" class=\"so-panel widget widget_black-studio-tinymce widget_black_studio_tinymce panel-last-child\" data-index=\"14\" ><div class=\"textwidget\"><p><img loading=\"lazy\" decoding=\"async\" class=\"size-full wp-image-7074 aligncenter\" src=\"http:\/\/kruste.selfhost.me\/wordpress\/wp-content\/uploads\/2020\/02\/20190930_144525.jpg\" alt=\"\" width=\"1280\" height=\"566\" srcset=\"http:\/\/kruste.selfhost.me\/wordpress\/wp-content\/uploads\/2020\/02\/20190930_144525.jpg 1280w, http:\/\/kruste.selfhost.me\/wordpress\/wp-content\/uploads\/2020\/02\/20190930_144525-150x66.jpg 150w, http:\/\/kruste.selfhost.me\/wordpress\/wp-content\/uploads\/2020\/02\/20190930_144525-300x133.jpg 300w, http:\/\/kruste.selfhost.me\/wordpress\/wp-content\/uploads\/2020\/02\/20190930_144525-768x340.jpg 768w, http:\/\/kruste.selfhost.me\/wordpress\/wp-content\/uploads\/2020\/02\/20190930_144525-1024x453.jpg 1024w, http:\/\/kruste.selfhost.me\/wordpress\/wp-content\/uploads\/2020\/02\/20190930_144525-700x310.jpg 700w\" sizes=\"auto, (max-width: 1280px) 100vw, 1280px\" \/><\/p>\n<\/div><\/div><\/div><\/div><\/div>","protected":false},"excerpt":{"rendered":"<p>&nbsp; Das Red Dune Camp liegt direkt an der Schotterstra\u00dfe C15 und mein erster Eindruck war oh nein, was hast Du da gebucht Zum Gl\u00fcck<\/p>\n","protected":false},"author":1,"featured_media":0,"parent":2441,"menu_order":0,"comment_status":"closed","ping_status":"closed","template":"","meta":{"footnotes":""},"class_list":["post-7066","page","type-page","status-publish","hentry"],"_links":{"self":[{"href":"http:\/\/kruste.selfhost.me\/wordpress\/index.php?rest_route=\/wp\/v2\/pages\/7066","targetHints":{"allow":["GET"]}}],"collection":[{"href":"http:\/\/kruste.selfhost.me\/wordpress\/index.php?rest_route=\/wp\/v2\/pages"}],"about":[{"href":"http:\/\/kruste.selfhost.me\/wordpress\/index.php?rest_route=\/wp\/v2\/types\/page"}],"author":[{"embeddable":true,"href":"http:\/\/kruste.selfhost.me\/wordpress\/index.php?rest_route=\/wp\/v2\/users\/1"}],"replies":[{"embeddable":true,"href":"http:\/\/kruste.selfhost.me\/wordpress\/index.php?rest_route=%2Fwp%2Fv2%2Fcomments&post=7066"}],"version-history":[{"count":2,"href":"http:\/\/kruste.selfhost.me\/wordpress\/index.php?rest_route=\/wp\/v2\/pages\/7066\/revisions"}],"predecessor-version":[{"id":7072,"href":"http:\/\/kruste.selfhost.me\/wordpress\/index.php?rest_route=\/wp\/v2\/pages\/7066\/revisions\/7072"}],"up":[{"embeddable":true,"href":"http:\/\/kruste.selfhost.me\/wordpress\/index.php?rest_route=\/wp\/v2\/pages\/2441"}],"wp:attachment":[{"href":"http:\/\/kruste.selfhost.me\/wordpress\/index.php?rest_route=%2Fwp%2Fv2%2Fmedia&parent=7066"}],"curies":[{"name":"wp","href":"https:\/\/api.w.org\/{rel}","templated":true}]}}