{"id":717,"date":"2014-11-04T21:18:23","date_gmt":"2014-11-04T20:18:23","guid":{"rendered":"http:\/\/kruste.selfhost.me\/wordpress\/?page_id=717"},"modified":"2021-03-13T11:01:27","modified_gmt":"2021-03-13T09:01:27","slug":"springbok-lodge-ladysmith","status":"publish","type":"page","link":"http:\/\/kruste.selfhost.me\/wordpress\/?page_id=717","title":{"rendered":"Springbok Lodge (Ladysmith)"},"content":{"rendered":"<div id=\"pl-717\"  class=\"panel-layout\" ><div id=\"pg-717-0\"  class=\"panel-grid panel-no-style\" ><div id=\"pgc-717-0-0\"  class=\"panel-grid-cell\" ><div id=\"panel-717-0-0-0\" class=\"so-panel widget widget_black-studio-tinymce widget_black_studio_tinymce panel-first-child panel-last-child\" data-index=\"0\" ><div class=\"textwidget\"><div class=\"style_SkipStroke_2 shape-with-text flowDefining\">\n<div class=\"text-content style_External_485_494\">\n<div class=\"style\">\n<p style=\"color: #919191;\"><span style=\"color: #000000;\">Die <a href=\"https:\/\/thespringboklodge.co.za\/\" target=\"_blank\" rel=\"noopener\">Springbok Lodge<\/a> befindet sich im Erindi<span class=\"st\">\u00a0Game Reserve in der N\u00e4he von Ladysmith. Auf dem\u00a0Gebiet des privaten Game Reserve gibt es weitere Unterk\u00fcnfte, die alle in der Liga\u00a0<\/span>um 4 oder 5 Sterne spielen\u00a0und der Status ist gerechtfertigt.<\/span><\/p>\n<p style=\"color: #919191;\"><span style=\"color: #000000;\">Die Springbok Lodge selbst besteht aus 16 Luxus Zelten und einem Hauptgeb\u00e4ude. Das ganze Gel\u00e4nde wird durch einen kleinen unter Strom stehenden Zaun gesichert. Wilde Tiere, wie L\u00f6wen oder Elefanten werde so von den Zelten fern gehalten und der Gast kann sich frei in der Anlage bewegen.\u00a0<\/span><\/p>\n<p style=\"color: #919191;\"><span style=\"color: #000000;\">T\u00e4glich finden 2 Ausfahrten in den Park statt, welche um 06:00 Uhr und 15:30 Uhr starten. Die Abfahrtzeiten variieren je nach Jahreszeit etwas. Angestrebt wird eine Dauer von 3 Stunden je Safari, aber bei guten Sichtungen wird diese ausgedehnt. <\/span><\/p>\n<p style=\"color: #919191;\"><span style=\"color: #000000;\">Die Tierdichte auf dem Gebiet ist sehr hoch. Gnus, Elend, Orix, Impalas, Flusspferde, Warzenschweine und Giraffen sieht man t\u00e4glich. Wir konnten weiter L\u00f6wen, Elefanten, Schakale, Sekret\u00e4r, Serval und Nash\u00f6rner beobachten.<\/span><\/p>\n<p style=\"color: #919191;\"><span style=\"color: #000000;\">Gl\u00fcck hatten wir bei den Safaris auch und konnten L\u00f6wen bei einem Jagdversuch sehen\u00a0oder sie sogar bei einem Kill bestaunen.<\/span><\/p>\n<p style=\"color: #919191;\"><span style=\"color: #000000;\">Zu unserer Zeit gab es kaum V\u00f6gel wie zum Beispiel den Kingfisher oder Bienenfresser.<\/span><\/p>\n<\/div>\n<\/div>\n<\/div>\n<\/div><\/div><\/div><div id=\"pgc-717-0-1\"  class=\"panel-grid-cell\" ><div id=\"panel-717-0-1-0\" class=\"so-panel widget widget_black-studio-tinymce widget_black_studio_tinymce panel-first-child panel-last-child\" data-index=\"1\" ><div class=\"textwidget\"><p><img loading=\"lazy\" decoding=\"async\" class=\"alignnone size-full wp-image-719\" src=\"http:\/\/kruste.selfhost.me\/wordpress\/wp-content\/uploads\/2014\/11\/SAF_2892-e1465891425726.jpg\" alt=\"SAF_2892\" width=\"600\" height=\"900\" \/><\/p>\n<\/div><\/div><\/div><\/div><div id=\"pg-717-1\"  class=\"panel-grid panel-no-style\" ><div id=\"pgc-717-1-0\"  class=\"panel-grid-cell\" ><div id=\"panel-717-1-0-0\" class=\"so-panel widget widget_black-studio-tinymce widget_black_studio_tinymce panel-first-child\" data-index=\"2\" ><h3 class=\"widget-title\">Preise:<\/h3><div class=\"textwidget\"><hr \/>\n<p style=\"color: #929292;\"><span style=\"color: #000000;\"><i>Die \u00dcbernachtung kostet pro Person circa 1400 Rand. Der Preis beinhaltet die Vollpension und zwei Ausfahrten t\u00e4glich. Gerechnet wird mit einem Trinkgeld von 300 Rand am Tag f\u00fcr Guide und Personal. Mit etwas Gl\u00fcck gibt es Angebote und man erh\u00e4lt 3 N\u00e4chte zum Preis von 2.\u00a0<\/i><\/span><\/p>\n<p style=\"color: #929292;\"><span style=\"color: #000000;\">Dies ist ein unschlagbares Preis \/ Leistungsverh\u00e4ltnis.<\/span><\/p>\n<\/div><\/div><div id=\"panel-717-1-0-1\" class=\"so-panel widget widget_black-studio-tinymce widget_black_studio_tinymce\" data-index=\"3\" ><h3 class=\"widget-title\">Kommunikation:<\/h3><div class=\"textwidget\"><div id=\"id4\" class=\"style_SkipStroke_4 shape-with-text\">\n<div class=\"text-content graphic_textbox_layout_style_default_External_138_130\">\n<div class=\"graphic_textbox_layout_style_default\">\n<hr \/>\n<p class=\"Caption\">Per Mobilfunk ist man gut erreichbar. Der Internetzugang per WLAN ist m\u00f6glich und kostenfrei.<\/p>\n<\/div>\n<\/div>\n<\/div>\n<\/div><\/div><div id=\"panel-717-1-0-2\" class=\"so-panel widget widget_text\" data-index=\"4\" >\t\t\t<div class=\"textwidget\"><p><code><\/p>\n<section class=\"parallax-section\">\n<div class=\"parallax-window\" data-z-index=\"0\" data-position-x=\"left\" data-parallax=\"scroll\" data-speed=\".3\" data-image-src=\"http:\/\/kruste.selfhost.me\/wordpress\/wp-content\/uploads\/2017\/12\/SAF_2760_web.jpg\" style=\"align-items: flex-start;min-height: 650px;\">\n<div class=\"parallax-container parallax-content\">\n<\/div>\n<\/div>\n<\/section>\n<p><\/code><\/p>\n<\/div>\n\t\t<\/div><div id=\"panel-717-1-0-3\" class=\"so-panel widget widget_black-studio-tinymce widget_black_studio_tinymce\" data-index=\"5\" ><h3 class=\"widget-title\">Anreise:<\/h3><div class=\"textwidget\"><p style=\"color: #919191;\"><span style=\"color: #000000;\">Die Anfahrt aus Hazyview dauert\u00a0circa 6,5 Stunden. Teilweise sind die Stra\u00dfen recht schlecht und die Landstra\u00dfe um die Lodge ist schon lange eine Baustelle.<\/span><\/p>\n<\/div><\/div><div id=\"panel-717-1-0-4\" class=\"so-panel widget widget_black-studio-tinymce widget_black_studio_tinymce\" data-index=\"6\" ><h3 class=\"widget-title\">Meine Reisezeiten:<\/h3><div class=\"textwidget\"><hr \/>\n<ul>\n<li><span style=\"color: #000000;\">Oktober 2013<\/span><\/li>\n<li><span style=\"color: #000000;\">August 2014<\/span><\/li>\n<\/ul>\n<\/div><\/div><div id=\"panel-717-1-0-5\" class=\"so-panel widget widget_black-studio-tinymce widget_black_studio_tinymce\" data-index=\"7\" ><h3 class=\"widget-title\">Das Wetter:<\/h3><div class=\"textwidget\"><hr \/>\n<ul>\n<li><span style=\"color: #000000;\">Oktober 2013<\/span><\/li>\n<\/ul>\n<p style=\"color: #919191; padding-left: 30px;\"><span style=\"color: #000000;\">Starker Regen auf dem Weg zur Lodge. \u00a0Vor Ort war der Himmel am ersten Tag stark bew\u00f6lkt. Es klarte im laufe der Tage auf, wurde w\u00e4rmer und sp\u00e4ter sogar hei\u00df ( &gt;30\u00b0C ). Regen gab es keinen, doch es wehte ein leichter bis st\u00e4rkerer Wind. Eine Heizdecke im Safarizelt tat die ersten Tage recht gut.<\/span><\/p>\n<ul>\n<li><span style=\"color: #000000;\">August 2014<\/span><\/li>\n<\/ul>\n<p style=\"padding-left: 30px;\"><span style=\"color: #000000;\">Sch\u00f6nes Wetter am Tag und Nachts nicht zu kalt. Handschuhe und M\u00fctze <\/span><span style=\"color: #000000;\">waren morgens hilfreich.<\/span><\/p>\n<\/div><\/div><div id=\"panel-717-1-0-6\" class=\"so-panel widget widget_black-studio-tinymce widget_black_studio_tinymce\" data-index=\"8\" ><h3 class=\"widget-title\">Zimmer:<\/h3><div class=\"textwidget\"><hr \/>\n<p style=\"color: #919191;\"><span style=\"color: #000000;\">Luxus Zelt mit Klimaanlage \/ Heizung, Safe und Badewanne. Es gibt weiter eine Heizdecke f\u00fcr kalte N\u00e4chte sowie Wasserkocher mit Tee und Kaffee.<\/span><\/p>\n<p><span style=\"color: #000000;\">Bei der Dusche handelt es sich um eine\u00a0au\u00dfen\u00a0Dusche. An kalten Tagen nichts f\u00fcr schwache G\u00e4ste.<\/span><\/p>\n<p style=\"color: #919191;\"><span style=\"color: #000000;\">Ein Pool ist auch vorhanden aber bei 20\u00b0C Wassertemperatur braucht es doch \u00dcberwindung diesen zu nutzen.<\/span><\/p>\n<\/div><\/div><div id=\"panel-717-1-0-7\" class=\"so-panel widget widget_black-studio-tinymce widget_black_studio_tinymce\" data-index=\"9\" ><div class=\"textwidget\"><p><img loading=\"lazy\" decoding=\"async\" class=\"size-full wp-image-720 aligncenter\" src=\"http:\/\/kruste.selfhost.me\/wordpress\/wp-content\/uploads\/2014\/11\/SAF_3403-e1465756267253.jpg\" alt=\"SAF_3403\" width=\"700\" height=\"394\" srcset=\"http:\/\/kruste.selfhost.me\/wordpress\/wp-content\/uploads\/2014\/11\/SAF_3403-e1465756267253.jpg 700w, http:\/\/kruste.selfhost.me\/wordpress\/wp-content\/uploads\/2014\/11\/SAF_3403-e1465756267253-150x84.jpg 150w, http:\/\/kruste.selfhost.me\/wordpress\/wp-content\/uploads\/2014\/11\/SAF_3403-e1465756267253-300x169.jpg 300w\" sizes=\"auto, (max-width: 700px) 100vw, 700px\" \/><\/p>\n<\/div><\/div><div id=\"panel-717-1-0-8\" class=\"so-panel widget widget_black-studio-tinymce widget_black_studio_tinymce\" data-index=\"10\" ><h3 class=\"widget-title\">K\u00fcche \/ Restaurant:<\/h3><div class=\"textwidget\"><hr \/>\n<ul>\n<li>Fr\u00fchst\u00fcck mit Obst, Eiern und Joghurt.<\/li>\n<li>Mittagessen mit Salat und Pasta.<\/li>\n<li>Abendessen mit t\u00e4glich zwei wechselnden Gerichten zur Auswahl.<\/li>\n<\/ul>\n<p style=\"padding-left: 30px;\"><span style=\"color: #000000;\">Zu unserer Zeit gab es Kudu, Lachs, Lamm und Rind.<\/span><br \/><span style=\"color: #000000;\">Zu allen Gerichten gab es frisches selbst gebackenes Brot.<\/span><\/p>\n<p>Das Essen war reichlich und sehr gut. Zu Abwechslung gab es einmal ein Fr\u00fchst\u00fcck im Busch und ein Grillend am Lagerfeuer.<\/p>\n<\/div><\/div><div id=\"panel-717-1-0-9\" class=\"so-panel widget widget_black-studio-tinymce widget_black_studio_tinymce\" data-index=\"11\" ><h3 class=\"widget-title\">Personal:<\/h3><div class=\"textwidget\"><hr \/><p style=\"color: #929292;\"><span style=\"color: #000000;\"><i>Sehr freundlich aber nicht herzlich und etwas unpers\u00f6nlich. Das war aber nur in 2013 so. Im Jahr 2014 f\u00fchlte man sich sehr willkommen. So \u00e4ndert sich das \ud83d\ude42<\/i><\/span><\/p><\/div><\/div><div id=\"panel-717-1-0-10\" class=\"so-panel widget widget_black-studio-tinymce widget_black_studio_tinymce\" data-index=\"12\" ><h3 class=\"widget-title\">Aktivit\u00e4ten:<\/h3><div class=\"textwidget\"><hr \/>\n<p class=\"Caption\">Der Tag ist eigentlich schon verplant. Morgens eine Safari und dann gleich zum Fr\u00fchst\u00fcck. Kurze Pause und dann zum Mittagessen. Nach dem Kaffee geht es auf Safari und dann hat man nur kurz Zeit und es gibt das Abendessen. Es f\u00e4llt schon schwer Zeit f\u00fcr die Gepardenfarm zu finden und zum Angeln muss man ja auch noch.<\/p>\n<\/div><\/div><div id=\"panel-717-1-0-11\" class=\"so-panel widget widget_black-studio-tinymce widget_black_studio_tinymce panel-last-child\" data-index=\"13\" ><h3 class=\"widget-title\">Tipps:<\/h3><div class=\"textwidget\"><hr \/>\n<ul>\n<li class=\"full-width\">\n<p style=\"color: #929292;\"><span style=\"color: #000000;\"><i>Chetaah Center\u00a0<\/i><\/span><\/p>\n<p style=\"color: #929292;\"><span style=\"color: #000000;\"><i>( 2014 leider schon sehr kommerziell )<\/i><\/span><\/p>\n<\/li>\n<\/ul>\n<\/div><\/div><\/div><\/div><div id=\"pg-717-2\"  class=\"panel-grid panel-no-style\" ><div id=\"pgc-717-2-0\"  class=\"panel-grid-cell\" ><div id=\"panel-717-2-0-0\" class=\"so-panel widget widget_black-studio-tinymce widget_black_studio_tinymce panel-first-child\" data-index=\"14\" ><h3 class=\"widget-title\">Komfort:<\/h3><div class=\"textwidget\"><hr \/>\n<p style=\"color: #919191;\"><span style=\"color: #000000;\">Es handelt sich um eine 4 **** Lodge und der Status ist angemessen. Das Bett wird vorbereitet, wenn man sich beim Abendessen befindet ( Heizdecke an und leicht aufgeschlagen ), eine Flasche Sherry steht als Willkommensgru\u00df bereit und ein Guide begleitet den Gast nach der Safari zum Essen und steht auch sonst immer zur Verf\u00fcgung. Das war mir zum Teil schon zu viel des Guten.<\/span><\/p>\n<p style=\"color: #919191;\"><span style=\"color: #000000;\">F\u00fcr die Damen wird am letzten Abend sogar noch ein Wannenbad mit Blumenbl\u00e4ttern eingelassen. Wo hat man das schon.<\/span><\/p>\n<\/div><\/div><div id=\"panel-717-2-0-1\" class=\"so-panel widget widget_black-studio-tinymce widget_black_studio_tinymce panel-last-child\" data-index=\"15\" ><h3 class=\"widget-title\">Klartext:<\/h3><div class=\"textwidget\"><hr \/>\n<p style=\"color: #919191;\"><span style=\"color: #000000;\">Wo soll ich anfangen ? Die Lodge ist sch\u00f6n aber es st\u00f6ren kleine Dinge, wenn man gerne fotografiert.<\/span><\/p>\n<ul>\n<li>Die Safarifahrzeuge haben ein Dach, T\u00fcren und eine Windschutzscheibe. Gro\u00dfes Lob an unseren Guide Greg, der ein Fahrzeug ohne Scheibe besorgen konnte !!<\/li>\n<li>Es gibt viele Regeln auf den Game Drives. Mich st\u00f6rte besonders, dass man nicht n\u00e4her als 50m an einen \"Kill\" fahren durfte.<\/li>\n<li>Es gibt einige Z\u00e4une und Hochspannungsleitungen auf dem Gel\u00e4nde. Teilweise sieht man diese auf den Bildern.<\/li>\n<li>Die Anlage ist von einem Zaun umgeben. Somit gibt es wenig bis kein Wild auf dem Gel\u00e4nde der Lodge.<\/li>\n<li>Bei der Sichtung eines der Big 5 Tieren d\u00fcrfen nur 2 Fahrzeuge an dem Tier stehen. Ich fand das eigentlich gut, aber bei einem Elefanten \u00fcbertrieben.<\/li>\n<li>Es war nicht m\u00f6glich ein Spitzmaulnashorn aus der N\u00e4he zu bewundern. Teilweise wurden Strassen gesperrt, da ein Black Rhino in der N\u00e4he war. ( Das wurde neu ausgewildert und war wohl sehr aggressiv )<\/li>\n<li>Bequeme Liegen gab es auf den Terrassen leider nicht.<\/li>\n<li>Der Pool hatte eine Wassertemperatur von 19\u00b0C<\/li>\n<li>Punkte, wie zum Beispiel die Sichtung eines Kills wurden nur auf Nachfrage am folgenden Tag erneut angefahren. Warum auch immer, denn hier gab es die besten Sichtungen.<\/li>\n<li>Fahrten zur Chetaah Farm werden pro Person mit 50 Rand Aufschlag bedacht.<\/li>\n<li>Das Essen war so gut, dass man sicher 3 kg zugenommen hat \ud83d\ude09\u00a0<\/li>\n<\/ul>\n<p>In 2014 konnten einige Punkt meiner \"Liste\" abgeschw\u00e4cht werden. Es\u00a0gab wieder ein Fahrzeug ohne Windschutzscheibe ( war meine Bedingung bei der Buchung ), die Vorsicht beim Spitzmaulnashorn war vergessen und der Pool hatte sicher schon 20\u00b0C \ud83d\ude42<\/p>\n<\/div><\/div><\/div><\/div><\/div>","protected":false},"excerpt":{"rendered":"<p>Die Springbok Lodge befindet sich im Erindi\u00a0Game Reserve in der N\u00e4he von Ladysmith. Auf dem\u00a0Gebiet des privaten Game Reserve gibt es weitere Unterk\u00fcnfte, die alle<\/p>\n","protected":false},"author":1,"featured_media":0,"parent":154,"menu_order":0,"comment_status":"closed","ping_status":"closed","template":"","meta":{"footnotes":""},"class_list":["post-717","page","type-page","status-publish","hentry"],"_links":{"self":[{"href":"http:\/\/kruste.selfhost.me\/wordpress\/index.php?rest_route=\/wp\/v2\/pages\/717","targetHints":{"allow":["GET"]}}],"collection":[{"href":"http:\/\/kruste.selfhost.me\/wordpress\/index.php?rest_route=\/wp\/v2\/pages"}],"about":[{"href":"http:\/\/kruste.selfhost.me\/wordpress\/index.php?rest_route=\/wp\/v2\/types\/page"}],"author":[{"embeddable":true,"href":"http:\/\/kruste.selfhost.me\/wordpress\/index.php?rest_route=\/wp\/v2\/users\/1"}],"replies":[{"embeddable":true,"href":"http:\/\/kruste.selfhost.me\/wordpress\/index.php?rest_route=%2Fwp%2Fv2%2Fcomments&post=717"}],"version-history":[{"count":1,"href":"http:\/\/kruste.selfhost.me\/wordpress\/index.php?rest_route=\/wp\/v2\/pages\/717\/revisions"}],"predecessor-version":[{"id":2290,"href":"http:\/\/kruste.selfhost.me\/wordpress\/index.php?rest_route=\/wp\/v2\/pages\/717\/revisions\/2290"}],"up":[{"embeddable":true,"href":"http:\/\/kruste.selfhost.me\/wordpress\/index.php?rest_route=\/wp\/v2\/pages\/154"}],"wp:attachment":[{"href":"http:\/\/kruste.selfhost.me\/wordpress\/index.php?rest_route=%2Fwp%2Fv2%2Fmedia&parent=717"}],"curies":[{"name":"wp","href":"https:\/\/api.w.org\/{rel}","templated":true}]}}