{"id":734,"date":"2014-11-05T19:09:48","date_gmt":"2014-11-05T18:09:48","guid":{"rendered":"http:\/\/kruste.selfhost.me\/wordpress\/?page_id=734"},"modified":"2020-07-31T06:51:32","modified_gmt":"2020-07-31T04:51:32","slug":"bankers-phalaborwa","status":"publish","type":"page","link":"http:\/\/kruste.selfhost.me\/wordpress\/?page_id=734","title":{"rendered":"Bakkers (Phalaborwa)"},"content":{"rendered":"<div id=\"pl-734\"  class=\"panel-layout\" ><div id=\"pg-734-0\"  class=\"panel-grid panel-no-style\" ><div id=\"pgc-734-0-0\"  class=\"panel-grid-cell\" ><div id=\"panel-734-0-0-0\" class=\"so-panel widget widget_black-studio-tinymce widget_black_studio_tinymce panel-first-child panel-last-child\" data-index=\"0\" ><div class=\"textwidget\"><div class=\"style_SkipStroke_2 shape-with-text flowDefining\">\n<div class=\"text-content style_External_485_494\">\n<div class=\"style\">\n<hr \/>\n<p style=\"color: #919191;\"><span style=\"color: #000000;\">Das <a href=\"http:\/\/www.bakkersbandb.com\/\" target=\"_blank\" rel=\"noopener\">Bakkers<\/a> liegt in einer kleiner Seitenstra\u00dfe von Phalaborwa und wird von Corina und Cees gef\u00fchrt. Die Beiden k\u00fcmmern sich um Ihre\u00a0G\u00e4ste und helfen gerne wenn es um Ausfl\u00fcge oder sonstige Aktivit\u00e4ten in Phalaborwa und Umgebung geht.\u00a0<\/span><\/p>\n<p style=\"color: #919191;\"><span style=\"color: #000000;\">Das Abendessen oder auch Fr\u00fchst\u00fcck nimmt man gemeinsam ein und Fragen werden schnell beantwortet oder man redet \u00fcber Gott und die Welt. Ich habe mich gleich wohl gef\u00fchlt.<\/span><\/p>\n<p style=\"color: #919191;\"><span style=\"color: #000000;\">Der Kruger Park ist schnell erreicht und in der N\u00e4he gibt es ausreichend Einkaufsm\u00f6glichkeiten, Banken, Fleischer und Superm\u00e4rkte.<\/span><\/p>\n<p style=\"color: #323333;\"><span style=\"color: #000000;\">Ein Auto ist, wie \u00fcberall in Phalaborwa, Voraussetzung.<\/span><\/p>\n<hr \/>\n<p>&nbsp;<\/p><\/div>\n<\/div>\n<\/div>\n<\/div><\/div><\/div><div id=\"pgc-734-0-1\"  class=\"panel-grid-cell\" ><div id=\"panel-734-0-1-0\" class=\"so-panel widget widget_black-studio-tinymce widget_black_studio_tinymce panel-first-child panel-last-child\" data-index=\"1\" ><div class=\"textwidget\"><p><img loading=\"lazy\" decoding=\"async\" class=\"aligncenter size-full wp-image-6711\" src=\"http:\/\/kruste.selfhost.me\/wordpress\/wp-content\/uploads\/2019\/04\/SAF_8766_web.jpg\" alt=\"\" width=\"800\" height=\"1087\" srcset=\"http:\/\/kruste.selfhost.me\/wordpress\/wp-content\/uploads\/2019\/04\/SAF_8766_web.jpg 800w, http:\/\/kruste.selfhost.me\/wordpress\/wp-content\/uploads\/2019\/04\/SAF_8766_web-110x150.jpg 110w, http:\/\/kruste.selfhost.me\/wordpress\/wp-content\/uploads\/2019\/04\/SAF_8766_web-221x300.jpg 221w, http:\/\/kruste.selfhost.me\/wordpress\/wp-content\/uploads\/2019\/04\/SAF_8766_web-768x1044.jpg 768w, http:\/\/kruste.selfhost.me\/wordpress\/wp-content\/uploads\/2019\/04\/SAF_8766_web-754x1024.jpg 754w, http:\/\/kruste.selfhost.me\/wordpress\/wp-content\/uploads\/2019\/04\/SAF_8766_web-565x768.jpg 565w, http:\/\/kruste.selfhost.me\/wordpress\/wp-content\/uploads\/2019\/04\/SAF_8766_web-700x951.jpg 700w\" sizes=\"auto, (max-width: 800px) 100vw, 800px\" \/><\/p>\n<\/div><\/div><\/div><\/div><div id=\"pg-734-1\"  class=\"panel-grid panel-no-style\" ><div id=\"pgc-734-1-0\"  class=\"panel-grid-cell\" ><div id=\"panel-734-1-0-0\" class=\"so-panel widget widget_black-studio-tinymce widget_black_studio_tinymce panel-first-child\" data-index=\"2\" ><h3 class=\"widget-title\">Preise:<\/h3><div class=\"textwidget\"><hr \/>\n<p style=\"color: #929292;\"><span style=\"color: #000000;\"><i>F\u00fcr das Zimmer wurden 300 ZAR inklusive Fr\u00fchst\u00fcck berechnet und ein\u00a0<\/i><i>Abendessen lag bei 150 ZAR. Ein wirklich guter Preis.<\/i><\/span><\/p>\n<p style=\"color: #929292;\">\u00a0<\/p>\n<\/div><\/div><div id=\"panel-734-1-0-1\" class=\"so-panel widget widget_black-studio-tinymce widget_black_studio_tinymce\" data-index=\"3\" ><h3 class=\"widget-title\">Kommunikation:<\/h3><div class=\"textwidget\"><div id=\"id4\" class=\"style_SkipStroke_4 shape-with-text\">\n<div class=\"text-content graphic_textbox_layout_style_default_External_138_130\">\n<div class=\"graphic_textbox_layout_style_default\">\n<hr \/>\n<p class=\"Caption\">Per Mobilfunk ist man gut erreichbar.<\/p>\n<\/div>\n<\/div>\n<\/div>\n<\/div><\/div><div id=\"panel-734-1-0-2\" class=\"so-panel widget widget_text\" data-index=\"4\" >\t\t\t<div class=\"textwidget\"><section class=\"parallax-section\">\n<div class=\"parallax-window\" data-z-index=\"1\" data-position-x=\"left\" data-parallax=\"scroll\" data-speed=\".3\" data-image-src=\"http:\/\/kruste.selfhost.me\/wordpress\/wp-content\/uploads\/2020\/07\/SAF_8655.jpg\" style=\"align-items: flex-start;min-height: 550px;\">\n<div class=\"parallax-container parallax-content\">\n<\/div>\n<\/div>\n<\/section>\n<\/div>\n\t\t<\/div><div id=\"panel-734-1-0-3\" class=\"so-panel widget widget_black-studio-tinymce widget_black_studio_tinymce\" data-index=\"5\" ><h3 class=\"widget-title\">Anreise:<\/h3><div class=\"textwidget\"><hr \/>\n<p>Ich bin mit dem Mietwagen aus Johannesburg angereist. Der Flug der Air France hatte etwas Versp\u00e4tung und ich konnte Hazyview so nicht mehr im Hellen erreichen. Es hat geklappt aber die Stra\u00dfen waren nicht im besten Zustand und ich w\u00fcrde versuchen beim n\u00e4chsten Mal mein Ziel bei Tageslicht zu erreichen.\u00a0<\/p>\n<\/div><\/div><div id=\"panel-734-1-0-4\" class=\"so-panel widget widget_black-studio-tinymce widget_black_studio_tinymce\" data-index=\"6\" ><h3 class=\"widget-title\">Meine Reisezeiten:<\/h3><div class=\"textwidget\"><hr \/>\n<ul>\n<li>Oktober 2012<\/li>\n<\/ul>\n<p class=\"paragraph_style\">\u00a0<\/p>\n<\/div><\/div><div id=\"panel-734-1-0-5\" class=\"so-panel widget widget_black-studio-tinymce widget_black_studio_tinymce\" data-index=\"7\" ><h3 class=\"widget-title\">Das Wetter:<\/h3><div class=\"textwidget\"><hr \/>\n<p class=\"paragraph_style\">Oktober 2012<\/p>\n<p style=\"color: #919191;\"><span style=\"color: #000000;\">Leider nur Regen und ca. 23\u00b0C. Kein guter Start f\u00fcr meine Reise. Die ersten Tage war die Stimmung noch gut aber sie tr\u00fcbte sich sp\u00e4ter doch etwas.<\/span><\/p>\n<\/div><\/div><div id=\"panel-734-1-0-6\" class=\"so-panel widget widget_black-studio-tinymce widget_black_studio_tinymce\" data-index=\"8\" ><h3 class=\"widget-title\">Zimmer:<\/h3><div class=\"textwidget\"><hr \/>\n<p>Ich hatte den kleinen\u00a0Bungalow direkt am Pool.<\/p>\n<p style=\"color: #919191;\"><span style=\"color: #000000;\">Ausgestattet war das Zimmer mit einem\u00a0Doppelbett, Klimaanlage, Ventilator, Wasserkocher, Fernseher und Wecker. Kaffee und Tee sind gratis.<\/span><\/p>\n<p style=\"color: #919191;\"><span style=\"color: #000000;\">Der\u00a0kleine Pool sollte\u00a0f\u00fcr Abk\u00fchlung sorgen, war aber nicht notwendig. Das Wetter meinte es nicht gut mit mir.<\/span><\/p>\n<\/div><\/div><div id=\"panel-734-1-0-7\" class=\"so-panel widget widget_black-studio-tinymce widget_black_studio_tinymce\" data-index=\"9\" ><div class=\"textwidget\"><p style=\"text-align: center;\"><a href=\"http:\/\/kruste.selfhost.me\/wordpress\/wp-content\/uploads\/2014\/11\/SAF_8640.jpg\"><img loading=\"lazy\" decoding=\"async\" class=\"alignnone wp-image-735 size-full\" src=\"http:\/\/kruste.selfhost.me\/wordpress\/wp-content\/uploads\/2014\/11\/SAF_8640-e1419966192172.jpg\" alt=\"SAF_8640\" width=\"1682\" height=\"475\" srcset=\"http:\/\/kruste.selfhost.me\/wordpress\/wp-content\/uploads\/2014\/11\/SAF_8640-e1419966192172.jpg 1682w, http:\/\/kruste.selfhost.me\/wordpress\/wp-content\/uploads\/2014\/11\/SAF_8640-e1419966192172-150x42.jpg 150w, http:\/\/kruste.selfhost.me\/wordpress\/wp-content\/uploads\/2014\/11\/SAF_8640-e1419966192172-300x84.jpg 300w, http:\/\/kruste.selfhost.me\/wordpress\/wp-content\/uploads\/2014\/11\/SAF_8640-e1419966192172-1024x289.jpg 1024w, http:\/\/kruste.selfhost.me\/wordpress\/wp-content\/uploads\/2014\/11\/SAF_8640-e1419966192172-700x197.jpg 700w\" sizes=\"auto, (max-width: 1682px) 100vw, 1682px\" \/><\/a><\/p>\n<\/div><\/div><div id=\"panel-734-1-0-8\" class=\"so-panel widget widget_black-studio-tinymce widget_black_studio_tinymce\" data-index=\"10\" ><h3 class=\"widget-title\">K\u00fcche \/ Restaurant:<\/h3><div class=\"textwidget\"><hr \/>\n<p style=\"color: #919191;\"><span style=\"color: #000000;\">Das Fr\u00fchst\u00fcck ist gut und es gibt\u00a0Obst sowie\u00a0Ei.\u00a0Auf Wunsch wird ein Abendessen serviert.\u00a0<\/span><\/p>\n<p style=\"color: #919191;\"><span style=\"color: #000000;\">Ein \u201eFresspaket\u201c f\u00fcr den Kruger Park erh\u00e4lt man\u00a0auf Anfrage und die Zubereitung erfolgt\u00a0gerne und macht keine Umst\u00e4nde.<\/span><\/p>\n<\/div><\/div><div id=\"panel-734-1-0-9\" class=\"so-panel widget widget_black-studio-tinymce widget_black_studio_tinymce\" data-index=\"11\" ><h3 class=\"widget-title\">Personal:<\/h3><div class=\"textwidget\"><hr \/><p style=\"color: #919191;\"><span style=\"color: #000000;\">Corina und Cees sind die Eigent\u00fcmer. Sie k\u00fcmmern sich um alles und das machen sie gut.<\/span><\/p><\/div><\/div><div id=\"panel-734-1-0-10\" class=\"so-panel widget widget_black-studio-tinymce widget_black_studio_tinymce\" data-index=\"12\" ><h3 class=\"widget-title\">Aktivit\u00e4ten:<\/h3><div class=\"textwidget\"><hr \/>\n<p><span style=\"color: #000000;\">Fahrten in\u00a0den Kruger Park.<\/span><br \/><span style=\"color: #000000;\">Ausfl\u00fcge in die\u00a0Umgebung\u00a0<\/span><span style=\"color: #000000;\">( Hodespurit Cheeta Center oder<\/span><br \/><span style=\"color: #000000;\">View Point Foskor, The largest open cast copper mine ). Bitte vorab kl\u00e4ren, ob die Mine ge\u00f6ffnet ist. 2012 war kein Zutritt f\u00fcr Touristen m\u00f6glich.<\/span><\/p>\n<\/div><\/div><div id=\"panel-734-1-0-11\" class=\"so-panel widget widget_black-studio-tinymce widget_black_studio_tinymce\" data-index=\"13\" ><h3 class=\"widget-title\">Klartext:<\/h3><div class=\"textwidget\"><hr \/>\n<p style=\"color: #919191;\">\u00a0<span style=\"color: #000000;\">Das Bakkers ist eine gute Adresse zu einem g\u00fcnstigen Preis. Kleinigkeiten machen aber den Unterschied zu einer 4 Sterne Unterkunft aus. Das Dach ist z.B. aus Wellblech. Tiere oder auch der Regen sind im Zimmer deutlich zu h\u00f6ren. <\/span><\/p>\n<p style=\"color: #919191;\"><span style=\"color: #000000;\">Das Tor zu Einfahrt geht nicht elektrisch auf. F\u00fcr mich kein Problem aber bei starkem Regen sollte man den Schirm nicht vergessen. In der direkten Umgebung gibt es nicht viel zu sehen. Wie so oft wird alles mit dem Auto erledigt.<\/span><\/p>\n<\/div><\/div><div id=\"panel-734-1-0-12\" class=\"so-panel widget widget_black-studio-tinymce widget_black_studio_tinymce panel-last-child\" data-index=\"14\" ><div class=\"textwidget\"><p style=\"text-align: center;\"><a href=\"http:\/\/kruste.selfhost.me\/wordpress\/wp-content\/uploads\/2014\/11\/SAF_6570-e1420011167734.jpg\"><img loading=\"lazy\" decoding=\"async\" class=\"alignnone size-full wp-image-1034\" src=\"http:\/\/kruste.selfhost.me\/wordpress\/wp-content\/uploads\/2014\/11\/SAF_6570-e1420011167734.jpg\" alt=\"SAF_6570\" width=\"3019\" height=\"324\" srcset=\"http:\/\/kruste.selfhost.me\/wordpress\/wp-content\/uploads\/2014\/11\/SAF_6570-e1420011167734.jpg 3019w, http:\/\/kruste.selfhost.me\/wordpress\/wp-content\/uploads\/2014\/11\/SAF_6570-e1420011167734-150x16.jpg 150w, http:\/\/kruste.selfhost.me\/wordpress\/wp-content\/uploads\/2014\/11\/SAF_6570-e1420011167734-300x32.jpg 300w, http:\/\/kruste.selfhost.me\/wordpress\/wp-content\/uploads\/2014\/11\/SAF_6570-e1420011167734-1024x109.jpg 1024w, http:\/\/kruste.selfhost.me\/wordpress\/wp-content\/uploads\/2014\/11\/SAF_6570-e1420011167734-700x75.jpg 700w\" sizes=\"auto, (max-width: 3019px) 100vw, 3019px\" \/><\/a><\/p>\n<\/div><\/div><\/div><\/div><\/div>","protected":false},"excerpt":{"rendered":"<p>Das Bakkers liegt in einer kleiner Seitenstra\u00dfe von Phalaborwa und wird von Corina und Cees gef\u00fchrt. Die Beiden k\u00fcmmern sich um Ihre\u00a0G\u00e4ste und helfen gerne<\/p>\n","protected":false},"author":1,"featured_media":0,"parent":151,"menu_order":0,"comment_status":"closed","ping_status":"closed","template":"","meta":{"footnotes":""},"class_list":["post-734","page","type-page","status-publish","hentry"],"_links":{"self":[{"href":"http:\/\/kruste.selfhost.me\/wordpress\/index.php?rest_route=\/wp\/v2\/pages\/734","targetHints":{"allow":["GET"]}}],"collection":[{"href":"http:\/\/kruste.selfhost.me\/wordpress\/index.php?rest_route=\/wp\/v2\/pages"}],"about":[{"href":"http:\/\/kruste.selfhost.me\/wordpress\/index.php?rest_route=\/wp\/v2\/types\/page"}],"author":[{"embeddable":true,"href":"http:\/\/kruste.selfhost.me\/wordpress\/index.php?rest_route=\/wp\/v2\/users\/1"}],"replies":[{"embeddable":true,"href":"http:\/\/kruste.selfhost.me\/wordpress\/index.php?rest_route=%2Fwp%2Fv2%2Fcomments&post=734"}],"version-history":[{"count":2,"href":"http:\/\/kruste.selfhost.me\/wordpress\/index.php?rest_route=\/wp\/v2\/pages\/734\/revisions"}],"predecessor-version":[{"id":7496,"href":"http:\/\/kruste.selfhost.me\/wordpress\/index.php?rest_route=\/wp\/v2\/pages\/734\/revisions\/7496"}],"up":[{"embeddable":true,"href":"http:\/\/kruste.selfhost.me\/wordpress\/index.php?rest_route=\/wp\/v2\/pages\/151"}],"wp:attachment":[{"href":"http:\/\/kruste.selfhost.me\/wordpress\/index.php?rest_route=%2Fwp%2Fv2%2Fmedia&parent=734"}],"curies":[{"name":"wp","href":"https:\/\/api.w.org\/{rel}","templated":true}]}}