{"id":7456,"date":"2020-07-26T13:10:14","date_gmt":"2020-07-26T11:10:14","guid":{"rendered":"http:\/\/kruste.selfhost.me\/wordpress\/?page_id=7456"},"modified":"2021-08-27T10:31:53","modified_gmt":"2021-08-27T08:31:53","slug":"erindi-old-traders-lodge-naehe-etosha-2-2-2","status":"publish","type":"page","link":"http:\/\/kruste.selfhost.me\/wordpress\/?page_id=7456","title":{"rendered":"Dolomite Camp (westlich Etosha)"},"content":{"rendered":"<div id=\"pl-7456\"  class=\"panel-layout\" ><div id=\"pg-7456-0\"  class=\"panel-grid panel-no-style\" ><div id=\"pgc-7456-0-0\"  class=\"panel-grid-cell\" ><div id=\"panel-7456-0-0-0\" class=\"so-panel widget widget_black-studio-tinymce widget_black_studio_tinymce panel-first-child panel-last-child\" data-index=\"0\" ><div class=\"textwidget\"><div class=\"style_SkipStroke_2 shape-with-text flowDefining\">\n<div class=\"text-content style_External_485_494\">\n<div><\/div>\n<\/div>\n<\/div>\n<div><\/div>\n<div><\/div>\n<div>\n\n<hr \/>\n\n<\/div>\n<div class=\"style\"><\/div>\n<div><\/div>\n<div><\/div>\n<div class=\"style_SkipStroke_2 shape-with-text flowDefining\">\n<div class=\"text-content style_External_485_494\">\n<div class=\"style\">\n<div class=\"style\">\n<p style=\"color: #919191;\"><span style=\"color: #000000;\">Das <a href=\"https:\/\/www.nwr.com.na\/resorts\/dolomite-resort\" target=\"_blank\" rel=\"noopener\">Dolomite Camp<\/a> im westlichen Teil des Etosha Nation Park steht unter der staatlichen Verwaltung des NWR ( Namibia Wildlife Resorts ) und z\u00e4hlt zu meinen Highlights im Park. Das Resort liegt wundersch\u00f6n auf einem kleinen H\u00fcgel und bietet eine spektakul\u00e4re Aussicht auf die weitl\u00e4ufige Savanne des Parks. Das lokale Wasserloch wurde w\u00e4hrend meines Aufenthalts im M\u00e4rz 2020 von vielen Zebras, Springb\u00f6cken und Gnus besucht. Ein hier ans\u00e4ssiges L\u00f6wenrudel konnte ich leider nur h\u00f6ren.\n<\/span>\n\n<\/p><p style=\"color: #919191;\"><span style=\"color: #000000;\">Die an den Hang gebauten Bungalows bieten einen kleinen Balkon bzw. eine Terrassen ( Deluxe Chalet ), auf der es sich vorz\u00fcglich entspannen l\u00e4sst. Wer fr\u00fch am Morgen bei einer Tasse Kaffee den Sonnenaufgang bewundern darf, startet gleich doppelt gut in den Tag und die Runde im Pool zum Sonnenuntergang, rundet den perfekten Urlaub ab.<\/span><\/p>\n\nIm Dolomite Camp kann einfach keine Hektik aufkommen und wer es sich leisten kann, sollte mehr als eine \u00dcbernachtung buchen. Entschuldigung, es gab doch etwas Panik w\u00e4hrend meines Aufenthalts. Eines Abends ( wie immer verabschiedete sich die Sonne grandios am Horizont ) entstanden pl\u00f6tzlich gro\u00dfe Staubwolken unweit der Lodge. Am Anfang war nicht richtig ersichtlich warum sich diese bildeten, bis die Sicht auf die Szene klarer wurde. Hunderte von Zebras, Gnus und auch einige Giraffen flohen vor Panik in Richtung S\u00fcden. Atemberaubende Bilder und laufende Giraffen beeindrucken mich immer wieder.<\/div>\n<\/div>\n<\/div>\n<\/div>\n&nbsp;\n\n&nbsp;\n\n&nbsp;\n\n&nbsp;\n\n&nbsp;\n\n&nbsp;\n\n&nbsp;\n\n&nbsp;\n\n&nbsp;\n\n<hr \/>\n\n&nbsp;<\/div><\/div><\/div><div id=\"pgc-7456-0-1\"  class=\"panel-grid-cell\" ><div id=\"panel-7456-0-1-0\" class=\"so-panel widget widget_black-studio-tinymce widget_black_studio_tinymce panel-first-child panel-last-child\" data-index=\"1\" ><div class=\"textwidget\"><p><img loading=\"lazy\" decoding=\"async\" class=\"aligncenter wp-image-7465\" src=\"http:\/\/kruste.selfhost.me\/wordpress\/wp-content\/uploads\/2020\/07\/COS_5723-1-scaled.jpg\" alt=\"\" width=\"1456\" height=\"1566\" srcset=\"http:\/\/kruste.selfhost.me\/wordpress\/wp-content\/uploads\/2020\/07\/COS_5723-1-scaled.jpg 2380w, http:\/\/kruste.selfhost.me\/wordpress\/wp-content\/uploads\/2020\/07\/COS_5723-1-279x300.jpg 279w, http:\/\/kruste.selfhost.me\/wordpress\/wp-content\/uploads\/2020\/07\/COS_5723-1-952x1024.jpg 952w, http:\/\/kruste.selfhost.me\/wordpress\/wp-content\/uploads\/2020\/07\/COS_5723-1-139x150.jpg 139w, http:\/\/kruste.selfhost.me\/wordpress\/wp-content\/uploads\/2020\/07\/COS_5723-1-768x826.jpg 768w, http:\/\/kruste.selfhost.me\/wordpress\/wp-content\/uploads\/2020\/07\/COS_5723-1-714x768.jpg 714w, http:\/\/kruste.selfhost.me\/wordpress\/wp-content\/uploads\/2020\/07\/COS_5723-1-1428x1536.jpg 1428w, http:\/\/kruste.selfhost.me\/wordpress\/wp-content\/uploads\/2020\/07\/COS_5723-1-1904x2048.jpg 1904w\" sizes=\"auto, (max-width: 1456px) 100vw, 1456px\" \/><\/p>\n<\/div><\/div><\/div><\/div><div id=\"pg-7456-1\"  class=\"panel-grid panel-no-style\" ><div id=\"pgc-7456-1-0\"  class=\"panel-grid-cell\" ><div id=\"panel-7456-1-0-0\" class=\"so-panel widget widget_black-studio-tinymce widget_black_studio_tinymce panel-first-child\" data-index=\"2\" ><h3 class=\"widget-title\">Preise:<\/h3><div class=\"textwidget\"><hr \/>\n<p>Es gibt zwei unterschiedlichen Kategorien, welche gebucht werden k\u00f6nnen<\/p>\n<ul>\n<li><i style=\"font-family: sans-serif; font-variant: normal; line-height: normal;\">Bush Chalets circa 2020 N$ pro Person und Nacht ( 2250 N$ als Einzelzimmer )<\/i><\/li>\n<li><i style=\"font-family: sans-serif; font-variant: normal; line-height: normal;\">Deluxe Chalets f\u00fcr 2290 N$ ( 2500 N$ bei Belegung mit einer Person )<\/i><\/li>\n<\/ul>\n<\/div><\/div><div id=\"panel-7456-1-0-1\" class=\"so-panel widget widget_black-studio-tinymce widget_black_studio_tinymce\" data-index=\"3\" ><h3 class=\"widget-title\">Kommunikation:<\/h3><div class=\"textwidget\"><div id=\"id4\" class=\"style_SkipStroke_4 shape-with-text\">\n<div class=\"text-content graphic_textbox_layout_style_default_External_138_130\">\n<div class=\"graphic_textbox_layout_style_default\">\n<hr \/>\n<p class=\"Caption\">Internetzugang per WLAN ist nur im Bereichen der Rezeption m\u00f6glich ( kostenfrei ).<\/p>\n<\/div>\n<\/div>\n<\/div>\n<\/div><\/div><div id=\"panel-7456-1-0-2\" class=\"so-panel widget widget_text\" data-index=\"4\" >\t\t\t<div class=\"textwidget\"><section class=\"parallax-section\">\n<div class=\"parallax-window\" data-z-index=\"1\" data-position-x=\"left\" data-parallax=\"scroll\" data-speed=\".3\" data-image-src=\"http:\/\/kruste.selfhost.me\/wordpress\/wp-content\/uploads\/2020\/07\/BOT1093.jpg\" style=\"align-items: flex-start;min-height: 550px;\">\n<div class=\"parallax-container parallax-content\">\n<\/div>\n<\/div>\n<\/section>\n<\/div>\n\t\t<\/div><div id=\"panel-7456-1-0-3\" class=\"so-panel widget widget_black-studio-tinymce widget_black_studio_tinymce\" data-index=\"5\" ><h3 class=\"widget-title\">Anreise:<\/h3><div class=\"textwidget\"><hr \/>\n<p><span style=\"color: #000000;\">Vom westlich gelegene Eingangstor ( Galton Gate ) liegt das Dolomite Camp circa 50 km entfernt. Bei der Anreise sollte man etwas mehr Zeit einplanen, da sich entlang der Strecke \u00a0einige sch\u00f6ne Wasserl\u00f6cher befinden ( Renostervlei, Rateldraf und Klippen sind meine Empfehlung ).\u00a0<\/span><\/p>\n<p>Bitte bei der Anreise beachten, dass die Schotterpiste \u00fcber Aasvoelbad und Luiperdskop gesperrt ist. Dies war im Februar 2018 und auch im M\u00e4rz 2020 so ( Von einem Freund habe geh\u00f6rt, dass die Strecke befahrbar ist \ud83d\ude09 )<\/p>\n<\/div><\/div><div id=\"panel-7456-1-0-4\" class=\"so-panel widget widget_black-studio-tinymce widget_black_studio_tinymce\" data-index=\"6\" ><h3 class=\"widget-title\">Meine Reisezeiten:<\/h3><div class=\"textwidget\"><hr \/>\n<ul>\n<li>M\u00e4rz 2020<\/li>\n<li>November 2020<\/li>\n<li>Mai 2021<\/li>\n<\/ul>\n<\/div><\/div><div id=\"panel-7456-1-0-5\" class=\"so-panel widget widget_black-studio-tinymce widget_black_studio_tinymce\" data-index=\"7\" ><h3 class=\"widget-title\">Das Wetter:<\/h3><div class=\"textwidget\"><hr \/>\n<p class=\"paragraph_style\">M\u00e4rz 2020<\/p>\n<ul>\n<li>Die Landschaft war sehr bewachsen, dass Gras teilweise einen Meter hoch und die Blumen bl\u00fchten in einem kr\u00e4ftigen Gelb. Eine leichte Wolkendecke spendete etwas Schatten und die Temperaturen lagen bei &gt; 30\u00b0C. Es gab gro\u00dfe Pf\u00fctzen neben den Wasserl\u00f6chern was auf kr\u00e4ftigen Regen vor meinem Besuch schlie\u00dfen l\u00e4sst.<\/li>\n<\/ul>\n<p>November 2020<\/p>\n<ul>\n<li>\u00a0Der Busch war trocken und die Tierbeobachtung gut M\u00f6glich. Regen gab es keinen jedoch zogen zum Abend hin immer wieder Wolken auf und es wurde teilweise sehr windig. Tags\u00fcber war es sehr warm.<\/li>\n<\/ul>\n<p>Mai 2021<\/p>\n<ul>\n<li>Strahlend blauer Himmel und keine Wolken. Morgens war es etwas frisch aber nicht kalt. Tags\u00fcber recht warm.<\/li>\n<\/ul>\n<\/div><\/div><div id=\"panel-7456-1-0-6\" class=\"so-panel widget widget_black-studio-tinymce widget_black_studio_tinymce\" data-index=\"8\" ><h3 class=\"widget-title\">Zimmer:<\/h3><div class=\"textwidget\"><hr \/>\n<ul>\n<li><span style=\"font-family: sans-serif;\"><i>Tolle Bungalows mit wundersch\u00f6nem Blick. Ein gro\u00dfes Doppelbett, der kleine Balkon, ein Wasserkocher, K\u00fchlschrank und Dusche runden die Sache ab. Ein eigenes Sonnendeck mit kleinem Pool stehen bei\u00a0Buchung des Deluxe Chalets exklusive zur Verf\u00fcgung und setzten dem Ganzen die Krone auf.<\/i><\/span><\/li>\n<\/ul>\n<\/div><\/div><div id=\"panel-7456-1-0-7\" class=\"so-panel widget widget_black-studio-tinymce widget_black_studio_tinymce\" data-index=\"9\" ><div class=\"textwidget\"><p><img loading=\"lazy\" decoding=\"async\" class=\"aligncenter size-full wp-image-7459\" src=\"http:\/\/kruste.selfhost.me\/wordpress\/wp-content\/uploads\/2020\/07\/BOT1130-scaled.jpg\" alt=\"\" width=\"2560\" height=\"1163\" srcset=\"http:\/\/kruste.selfhost.me\/wordpress\/wp-content\/uploads\/2020\/07\/BOT1130-scaled.jpg 2560w, http:\/\/kruste.selfhost.me\/wordpress\/wp-content\/uploads\/2020\/07\/BOT1130-300x136.jpg 300w, http:\/\/kruste.selfhost.me\/wordpress\/wp-content\/uploads\/2020\/07\/BOT1130-1024x465.jpg 1024w, http:\/\/kruste.selfhost.me\/wordpress\/wp-content\/uploads\/2020\/07\/BOT1130-150x68.jpg 150w, http:\/\/kruste.selfhost.me\/wordpress\/wp-content\/uploads\/2020\/07\/BOT1130-768x349.jpg 768w, http:\/\/kruste.selfhost.me\/wordpress\/wp-content\/uploads\/2020\/07\/BOT1130-1536x698.jpg 1536w, http:\/\/kruste.selfhost.me\/wordpress\/wp-content\/uploads\/2020\/07\/BOT1130-2048x930.jpg 2048w\" sizes=\"auto, (max-width: 2560px) 100vw, 2560px\" \/><\/p>\n<\/div><\/div><div id=\"panel-7456-1-0-8\" class=\"so-panel widget widget_black-studio-tinymce widget_black_studio_tinymce\" data-index=\"10\" ><h3 class=\"widget-title\">K\u00fcche \/ Restaurant:<\/h3><div class=\"textwidget\"><hr \/>\n<p>Das Fr\u00fchst\u00fcck ist inklusive und recht einfach, es entspricht dem Standard der NWR Camps.<\/p>\n<p>Ein Dinner kann gegen Aufpreis gebucht werden und hat mit guter Qualit\u00e4t \u00fcberrascht. Das \"Game\" Fleisch ( Kudu, Zebra ...) war sehr lecker und beim Nachtisch isst sogar das Auge mit. Eine Empfehlung meinerseits.<\/p>\n<\/div><\/div><div id=\"panel-7456-1-0-9\" class=\"so-panel widget widget_black-studio-tinymce widget_black_studio_tinymce\" data-index=\"11\" ><h3 class=\"widget-title\">Personal:<\/h3><div class=\"textwidget\"><hr \/>\n\n<span style=\"color: #000000;\">Ausgesprochen freundlich. Keine m\u00fcrrischen Angestellten, wie man es sonst aus staatlichen Anlagen kennt.<\/span><\/div><\/div><div id=\"panel-7456-1-0-10\" class=\"so-panel widget widget_black-studio-tinymce widget_black_studio_tinymce panel-last-child\" data-index=\"12\" ><h3 class=\"widget-title\">Aktivit\u00e4ten:<\/h3><div class=\"textwidget\"><hr \/>\n<ul>\n<li><span style=\"color: #000000;\">Der Blick vom\u00a0Zimmer bzw. vom Pool aus ist entspannend und nimmt viel zeit in Anspruch. Wer Lust hat, kann diesen durch Fahrten im Park unterbrechen. Die Wasserl\u00f6cher in der Umgebung sind interessant und mit Gl\u00fcck gibt es L\u00f6wen, Elefanten und Nash\u00f6rner zu bewundern. Mir gef\u00e4llt der westliche Teil des Parks sehr und die wenigen Besucher sind einer der Gr\u00fcnde.<\/span><\/li>\n<\/ul>\n<\/div><\/div><\/div><\/div><div id=\"pg-7456-2\"  class=\"panel-grid panel-no-style\" ><div id=\"pgc-7456-2-0\"  class=\"panel-grid-cell\" ><div id=\"panel-7456-2-0-0\" class=\"so-panel widget widget_black-studio-tinymce widget_black_studio_tinymce panel-first-child\" data-index=\"13\" ><h3 class=\"widget-title\">Klartext:<\/h3><div class=\"textwidget\"><hr \/>\n<p style=\"color: #919191;\"><span style=\"color: #000000;\">Es ist nicht alles Sonnenschein im Dolomite Camp.<\/span><\/p>\n<p style=\"color: #919191;\"><span style=\"color: #000000;\"> WLAN gibt es nur im Bereich der Rezeption, was aber gut zu verkraften ist. Ung\u00fcnstig fand ich den Zeitpunkt , an dem das Abendessen serviert wurde. Dieser lag zur besten Sonnenuntergangszeit und so kam immer etwas Stre\u00df auf. Drink und Stimmung genie\u00dfen oder doch zum Abendbrot gehen ? Auf Nachfrage wurde das Essen etwas sp\u00e4ter serviert.<\/span><\/p>\n<p>Suboptimal empfand ich auch die Lage des Restaurant selbst. Von der kompletten Anlage aus hat man einen wundersch\u00f6nen Blick auf die Landschaft. Warum \u00a0man beim Fr\u00fchst\u00fcck bzw. Abendessen in einem dunklen Zelt ohne Ausblick sitzen muss, ist unverst\u00e4ndlich und wirklich sehr schade. Da geht viel, viel mehr.<\/p>\n<p>Die Anlage ist sehr weitl\u00e4ufig und nicht f\u00fcr Personen mit Handicap geeignet. Unser Bungalow 14 lag am \u00e4ussersten Ende der Lodge und der Weg zum Restaurant oder Pool dauerte schon 15 - 20 Minuten.<\/p>\n<p>Auch die Strecke vom Parkplatz zur Lodge betr\u00e4gt ein gutes St\u00fcck und wird per Golfcar bew\u00e4ltigt. Bei Ankunft erfolgt die Abholung vom Parkplatz automatisch und wenn nicht, weisst ein Zettel auf die Benutzung der Hupe hin. Bei uns hat es gut funktioniert. ( Es gibt keine Stromanschl\u00fcssen im Bereich der Parkpl\u00e4tze. Wichtig f\u00fcr Fahrzeuge mit K\u00fchlschrank )<\/p>\n<p>Das Golfcar ist praktisch und ohne bekommt man sein Gep\u00e4ck nicht aufs Zimmer, daf\u00fcr ist der Weg einfach zu weit. Leider ist das Auto recht laut und f\u00e4hrt bei jedem Transfers an den Bungalows vorbei. Das Auto ist somit Fluch und Segen zu gleich.<\/p>\n<p>Ein Wort noch zu den Zimmer. Die Einrichtung ist gut es wurde auch fleissig renoviert, jedoch zeigen die extremen Wetterbedingungen wie starke Sonneneinstrahlung und heftige Windb\u00f6en das kein Material diesen gewachsen ist. Mich hat es nicht gest\u00f6rt jedoch gibt es einige negative Bewertungen im Internet.<\/p>\n<p>Leider sind die Matratzen sehr weich und mein R\u00fccken vertr\u00e4gt es nicht. Das Personal wechselte die Matratzen und es wurde etwas besser aber gut schlafen konnte ich leider nicht.<\/p>\n<p>&nbsp;<\/p>\n<p>&nbsp;<\/p>\n<\/div><\/div><div id=\"panel-7456-2-0-1\" class=\"so-panel widget widget_black-studio-tinymce widget_black_studio_tinymce panel-last-child\" data-index=\"14\" ><div class=\"textwidget\"><p><img loading=\"lazy\" decoding=\"async\" class=\"aligncenter size-full wp-image-7458\" src=\"http:\/\/kruste.selfhost.me\/wordpress\/wp-content\/uploads\/2020\/07\/COS_5733-scaled.jpg\" alt=\"\" width=\"2560\" height=\"1448\" srcset=\"http:\/\/kruste.selfhost.me\/wordpress\/wp-content\/uploads\/2020\/07\/COS_5733-scaled.jpg 2560w, http:\/\/kruste.selfhost.me\/wordpress\/wp-content\/uploads\/2020\/07\/COS_5733-300x170.jpg 300w, http:\/\/kruste.selfhost.me\/wordpress\/wp-content\/uploads\/2020\/07\/COS_5733-1024x579.jpg 1024w, http:\/\/kruste.selfhost.me\/wordpress\/wp-content\/uploads\/2020\/07\/COS_5733-150x85.jpg 150w, http:\/\/kruste.selfhost.me\/wordpress\/wp-content\/uploads\/2020\/07\/COS_5733-768x434.jpg 768w, http:\/\/kruste.selfhost.me\/wordpress\/wp-content\/uploads\/2020\/07\/COS_5733-1536x869.jpg 1536w, http:\/\/kruste.selfhost.me\/wordpress\/wp-content\/uploads\/2020\/07\/COS_5733-2048x1158.jpg 2048w\" sizes=\"auto, (max-width: 2560px) 100vw, 2560px\" \/><\/p>\n<\/div><\/div><\/div><\/div><\/div>","protected":false},"excerpt":{"rendered":"<p>Das Dolomite Camp im westlichen Teil des Etosha Nation Park steht unter der staatlichen Verwaltung des NWR ( Namibia Wildlife Resorts ) und z\u00e4hlt zu<\/p>\n","protected":false},"author":1,"featured_media":0,"parent":834,"menu_order":0,"comment_status":"closed","ping_status":"closed","template":"","meta":{"footnotes":""},"class_list":["post-7456","page","type-page","status-publish","hentry"],"_links":{"self":[{"href":"http:\/\/kruste.selfhost.me\/wordpress\/index.php?rest_route=\/wp\/v2\/pages\/7456","targetHints":{"allow":["GET"]}}],"collection":[{"href":"http:\/\/kruste.selfhost.me\/wordpress\/index.php?rest_route=\/wp\/v2\/pages"}],"about":[{"href":"http:\/\/kruste.selfhost.me\/wordpress\/index.php?rest_route=\/wp\/v2\/types\/page"}],"author":[{"embeddable":true,"href":"http:\/\/kruste.selfhost.me\/wordpress\/index.php?rest_route=\/wp\/v2\/users\/1"}],"replies":[{"embeddable":true,"href":"http:\/\/kruste.selfhost.me\/wordpress\/index.php?rest_route=%2Fwp%2Fv2%2Fcomments&post=7456"}],"version-history":[{"count":1,"href":"http:\/\/kruste.selfhost.me\/wordpress\/index.php?rest_route=\/wp\/v2\/pages\/7456\/revisions"}],"predecessor-version":[{"id":7461,"href":"http:\/\/kruste.selfhost.me\/wordpress\/index.php?rest_route=\/wp\/v2\/pages\/7456\/revisions\/7461"}],"up":[{"embeddable":true,"href":"http:\/\/kruste.selfhost.me\/wordpress\/index.php?rest_route=\/wp\/v2\/pages\/834"}],"wp:attachment":[{"href":"http:\/\/kruste.selfhost.me\/wordpress\/index.php?rest_route=%2Fwp%2Fv2%2Fmedia&parent=7456"}],"curies":[{"name":"wp","href":"https:\/\/api.w.org\/{rel}","templated":true}]}}