{"id":7463,"date":"2020-07-26T19:46:59","date_gmt":"2020-07-26T17:46:59","guid":{"rendered":"http:\/\/kruste.selfhost.me\/wordpress\/?page_id=7463"},"modified":"2020-07-31T06:26:35","modified_gmt":"2020-07-31T04:26:35","slug":"erindi-old-traders-lodge-naehe-etosha-2-2","status":"publish","type":"page","link":"http:\/\/kruste.selfhost.me\/wordpress\/?page_id=7463","title":{"rendered":"Onkoshi Resort (nord \u00f6stlich Etosha)"},"content":{"rendered":"<div id=\"pl-7463\"  class=\"panel-layout\" ><div id=\"pg-7463-0\"  class=\"panel-grid panel-no-style\" ><div id=\"pgc-7463-0-0\"  class=\"panel-grid-cell\" ><div id=\"panel-7463-0-0-0\" class=\"so-panel widget widget_black-studio-tinymce widget_black_studio_tinymce panel-first-child panel-last-child\" data-index=\"0\" ><div class=\"textwidget\"><div class=\"style_SkipStroke_2 shape-with-text flowDefining\">\n<div class=\"text-content style_External_485_494\">\n<div><\/div>\n<\/div>\n<\/div>\n<div><\/div>\n<div><\/div>\n<div>\n\n<hr \/>\n\n<\/div>\n<div class=\"style\"><\/div>\n<div><\/div>\n<div><\/div>\n<div class=\"style_SkipStroke_2 shape-with-text flowDefining\">\n<div class=\"text-content style_External_485_494\">\n<div class=\"style\">\n<div class=\"style\">\n\n<span style=\"color: #000000;\">Das <a href=\"https:\/\/www.nwr.com.na\/resorts\/onkoshi-resort\" target=\"_blank\" rel=\"noopener\">Onkoshi Camp<\/a> ist eher eine unbekannte Lodge im Etosha National Park. Okoshi liegt etwas abseits der normalen Strecken\u00a0direkt an der gro\u00dfen Etosha Pan und tags\u00fcber ist es wirklich hei\u00df hier. Das k\u00f6nnte eventuell einer der Gr\u00fcnde sein, der die \u00fcberschaubare Anzahl an G\u00e4ste erkl\u00e4rt. Der andere Punkt ist sicher der hohe Preis f\u00fcr eine \u00dcbernachtung an diesem sch\u00f6nen\u00a0Fleckchen\u00a0Erde.<\/span>\n<h5><\/h5>\nDer Blick auf die gro\u00dfe Salzpfanne ist das Erlebnis beim Besuch der Lodge und bei meinem kurzen Stopp im Jahr 2018 hatte ich mir ertr\u00e4umt einmal hier zu \u00dcbernachten, wenn Wasser in der Pfanne steht und sich die Sonne beim Sundowner in dem riesigen See spiegelt. Die ausgiebigen Regenf\u00e4lle im Februar 2020 sollten meinen Wunsch erf\u00fcllen und die Buchung des Resorts erfolgte zuf\u00e4llig und sehr spontan auf meiner Reise im M\u00e4rz 2020.\n<h6><\/h6>\nEigentlich hatte ich den Campingplatz des Onguma Resorts f\u00fcr 3 N\u00e4chte reserviert und besuchten Okoshi nur auf einer Pirschfahrt durch den Etosha National Park. Bei der Bestellung eines k\u00fchlen Getr\u00e4nks fragte ich die\u00a0freundlichen Angestellten rein zuf\u00e4llig, ob ein Zimmer frei sei und dies wurde auch gerne best\u00e4tigt ( Im Hinterkopf hatte ich schon den Sonnenuntergang \u00fcber dem spiegelglattem See \ud83d\ude09 )\u00a0. Das es ein M\u00e4rz Special f\u00fcr die \u00dcbernachtung gab, wurde beil\u00e4ufig erw\u00e4hnt. M\u00e4rz Special ? Ich traute meinen Ohren kaum, als ich den Preis f\u00fcr die \u00dcbernachtung erfuhr. Es sollten sage und schreibe 80 \u20ac statt der sonst \u00fcblichen 320 \u20ac sein, gebucht !\n\nIch freute mich auf die bevorstehende Nacht an diesem tolle Ort.\n\n<hr \/>\n\n&nbsp;<\/div>\n<\/div>\n<\/div>\n<\/div><\/div><\/div><\/div><div id=\"pgc-7463-0-1\"  class=\"panel-grid-cell\" ><div id=\"panel-7463-0-1-0\" class=\"so-panel widget widget_black-studio-tinymce widget_black_studio_tinymce panel-first-child panel-last-child\" data-index=\"1\" ><div class=\"textwidget\"><p><img loading=\"lazy\" decoding=\"async\" class=\"aligncenter size-full wp-image-7467\" src=\"http:\/\/kruste.selfhost.me\/wordpress\/wp-content\/uploads\/2020\/07\/COS_5940-scaled.jpg\" alt=\"\" width=\"1764\" height=\"2560\" srcset=\"http:\/\/kruste.selfhost.me\/wordpress\/wp-content\/uploads\/2020\/07\/COS_5940-scaled.jpg 1764w, http:\/\/kruste.selfhost.me\/wordpress\/wp-content\/uploads\/2020\/07\/COS_5940-207x300.jpg 207w, http:\/\/kruste.selfhost.me\/wordpress\/wp-content\/uploads\/2020\/07\/COS_5940-705x1024.jpg 705w, http:\/\/kruste.selfhost.me\/wordpress\/wp-content\/uploads\/2020\/07\/COS_5940-103x150.jpg 103w, http:\/\/kruste.selfhost.me\/wordpress\/wp-content\/uploads\/2020\/07\/COS_5940-768x1115.jpg 768w, http:\/\/kruste.selfhost.me\/wordpress\/wp-content\/uploads\/2020\/07\/COS_5940-529x768.jpg 529w, http:\/\/kruste.selfhost.me\/wordpress\/wp-content\/uploads\/2020\/07\/COS_5940-1058x1536.jpg 1058w, http:\/\/kruste.selfhost.me\/wordpress\/wp-content\/uploads\/2020\/07\/COS_5940-1411x2048.jpg 1411w\" sizes=\"auto, (max-width: 1764px) 100vw, 1764px\" \/><\/p>\n<\/div><\/div><\/div><\/div><div id=\"pg-7463-1\"  class=\"panel-grid panel-no-style\" ><div id=\"pgc-7463-1-0\"  class=\"panel-grid-cell\" ><div id=\"panel-7463-1-0-0\" class=\"so-panel widget widget_black-studio-tinymce widget_black_studio_tinymce panel-first-child\" data-index=\"2\" ><h3 class=\"widget-title\">Preise:<\/h3><div class=\"textwidget\"><hr \/>\n<p>Der Bungalow schl\u00e4gt, bei einer regul\u00e4ren Buchung, mit circa 320 \u20ac ins Portemonnaie. Inbegriffen ist hier nur das Fr\u00fchst\u00fcck.<\/p>\n<p>&nbsp;<\/p>\n<\/div><\/div><div id=\"panel-7463-1-0-1\" class=\"so-panel widget widget_black-studio-tinymce widget_black_studio_tinymce\" data-index=\"3\" ><h3 class=\"widget-title\">Kommunikation:<\/h3><div class=\"textwidget\"><div id=\"id4\" class=\"style_SkipStroke_4 shape-with-text\">\n<div class=\"text-content graphic_textbox_layout_style_default_External_138_130\">\n<div class=\"graphic_textbox_layout_style_default\">\n<hr \/>\n<p class=\"Caption\">Einen Internetzugang habe ich w\u00e4hrend meiner kurzen Anwesenheit nicht genutzt.<\/p>\n<\/div>\n<\/div>\n<\/div>\n<\/div><\/div><div id=\"panel-7463-1-0-2\" class=\"so-panel widget widget_text\" data-index=\"4\" >\t\t\t<div class=\"textwidget\"><section class=\"parallax-section\">\n<div class=\"parallax-window\" data-z-index=\"1\" data-position-x=\"left\" data-parallax=\"scroll\" data-speed=\".3\" data-image-src=\"http:\/\/kruste.selfhost.me\/wordpress\/wp-content\/uploads\/2020\/07\/BOT1818-1.jpg\" style=\"align-items: flex-start;min-height: 550px;\">\n<div class=\"parallax-container parallax-content\">\n<\/div>\n<\/div>\n<\/section>\n<\/div>\n\t\t<\/div><div id=\"panel-7463-1-0-3\" class=\"so-panel widget widget_black-studio-tinymce widget_black_studio_tinymce\" data-index=\"5\" ><h3 class=\"widget-title\">Anreise:<\/h3><div class=\"textwidget\"><hr \/>\n<p><span style=\"color: #000000;\"><span style=\"caret-color: #000000;\">Die Lodge liegt nicht auf einer der Hauptrouten durch den Park und wird nur von wenigen G\u00e4sten angefahren.\u00a0<\/span><\/span><\/p>\n<p>Der n\u00e4chste Zugang zum Etosha Park ist das King Nehale Lya Mpingana Tor im Norden.<\/p>\n<\/div><\/div><div id=\"panel-7463-1-0-4\" class=\"so-panel widget widget_black-studio-tinymce widget_black_studio_tinymce\" data-index=\"6\" ><h3 class=\"widget-title\">Meine Reisezeiten:<\/h3><div class=\"textwidget\"><hr \/>\n<ul>\n<li>M\u00e4rz 2020<\/li>\n<\/ul>\n<\/div><\/div><div id=\"panel-7463-1-0-5\" class=\"so-panel widget widget_black-studio-tinymce widget_black_studio_tinymce\" data-index=\"7\" ><h3 class=\"widget-title\">Das Wetter:<\/h3><div class=\"textwidget\"><hr \/>\n<p class=\"paragraph_style\">M\u00e4rz 2020<\/p>\n<ul>\n<li>Sehr hei\u00df und wenig Wolken. Die vielen Regenf\u00e4lle im Februar 2020 f\u00fcllten die Etosha Pfanne mit reichlich Wasser. Bei meiner \u00dcbernachtung lag der Wasserh\u00f6chststand schon ein paar Tage zur\u00fcck aber die Sonne spiegelnde sich perfekt dadrin.<\/li>\n<\/ul>\n<\/div><\/div><div id=\"panel-7463-1-0-6\" class=\"so-panel widget widget_black-studio-tinymce widget_black_studio_tinymce\" data-index=\"8\" ><h3 class=\"widget-title\">Zimmer:<\/h3><div class=\"textwidget\"><hr \/>\n<ul>\n<li><span style=\"font-family: sans-serif;\"><i>15 gro\u00dfe Bungalows mit Ausrichtung zur Pan, einem<\/i><\/span><span style=\"font-family: sans-serif;\"><span style=\"font-family: sans-serif;\"><i>\u00a0offenen Badezimmer und Au\u00dfendusche.<\/i><\/span><\/span>&nbsp;\n<p><span style=\"font-family: sans-serif;\"><i>Die Zimmer haben schon bessere Zeiten gesehen aber das spielte bei meiner Buchung keine Rolle. Wer jedoch den vollen Preis f\u00fcr die \u00dcbernachtung leistet sollte sich im Klaren sein, dass es der Ausblick ist den man hier bezahlt.<\/i><\/span><\/p><\/li>\n<\/ul>\n<\/div><\/div><div id=\"panel-7463-1-0-7\" class=\"so-panel widget widget_black-studio-tinymce widget_black_studio_tinymce\" data-index=\"9\" ><div class=\"textwidget\"><p><img loading=\"lazy\" decoding=\"async\" class=\"aligncenter size-full wp-image-7469\" src=\"http:\/\/kruste.selfhost.me\/wordpress\/wp-content\/uploads\/2020\/07\/COS_5871-scaled.jpg\" alt=\"\" width=\"2560\" height=\"990\" srcset=\"http:\/\/kruste.selfhost.me\/wordpress\/wp-content\/uploads\/2020\/07\/COS_5871-scaled.jpg 2560w, http:\/\/kruste.selfhost.me\/wordpress\/wp-content\/uploads\/2020\/07\/COS_5871-300x116.jpg 300w, http:\/\/kruste.selfhost.me\/wordpress\/wp-content\/uploads\/2020\/07\/COS_5871-1024x396.jpg 1024w, http:\/\/kruste.selfhost.me\/wordpress\/wp-content\/uploads\/2020\/07\/COS_5871-150x58.jpg 150w, http:\/\/kruste.selfhost.me\/wordpress\/wp-content\/uploads\/2020\/07\/COS_5871-768x297.jpg 768w, http:\/\/kruste.selfhost.me\/wordpress\/wp-content\/uploads\/2020\/07\/COS_5871-1536x594.jpg 1536w, http:\/\/kruste.selfhost.me\/wordpress\/wp-content\/uploads\/2020\/07\/COS_5871-2048x792.jpg 2048w\" sizes=\"auto, (max-width: 2560px) 100vw, 2560px\" \/><\/p>\n<\/div><\/div><div id=\"panel-7463-1-0-8\" class=\"so-panel widget widget_black-studio-tinymce widget_black_studio_tinymce\" data-index=\"10\" ><h3 class=\"widget-title\">K\u00fcche \/ Restaurant:<\/h3><div class=\"textwidget\"><hr \/>\n<p>Das war eine Entt\u00e4uschung und ist keiner Rede Wert, schade.<\/p>\n<\/div><\/div><div id=\"panel-7463-1-0-9\" class=\"so-panel widget widget_black-studio-tinymce widget_black_studio_tinymce\" data-index=\"11\" ><h3 class=\"widget-title\">Personal:<\/h3><div class=\"textwidget\"><hr \/>\n\n<span style=\"color: #000000;\">Man merkt schon deutlich, dass es sich bei der Onkoshi Lodge um ein staatliches Camp handelt. <\/span>\n\n<span style=\"color: #000000;\">Zeigt man sich jedoch interessiert f\u00fcr Land und Leute bl\u00fchen die Angestellte auf.<\/span><\/div><\/div><div id=\"panel-7463-1-0-10\" class=\"so-panel widget widget_black-studio-tinymce widget_black_studio_tinymce panel-last-child\" data-index=\"12\" ><h3 class=\"widget-title\">Aktivit\u00e4ten:<\/h3><div class=\"textwidget\"><hr \/>\n<ul>\n<li><span style=\"color: #000000;\">Der H\u00f6hepunkt ist ein wundersch\u00f6ner Blick auf die Pfanne. Man kann diesen vom eigenen Bungalow, dem Restaurant oder aus dem kleinen Pool genie\u00dfen. Die Umgebung bietet sich f\u00fcr Pirschfahrten an und das Gebiet in der N\u00e4he des King Nehale Lya Mpingana Tor ist gut f\u00fcr Elefantensichtungen. Kleine Matschl\u00f6cher ziehen die Dickh\u00e4uter magisch an und ich hatte gut 50 Tiere an einem Abend vor der Kamera.\u00a0<\/span><\/li>\n<\/ul>\n<\/div><\/div><\/div><\/div><div id=\"pg-7463-2\"  class=\"panel-grid panel-no-style\" ><div id=\"pgc-7463-2-0\"  class=\"panel-grid-cell\" ><div id=\"panel-7463-2-0-0\" class=\"so-panel widget widget_black-studio-tinymce widget_black_studio_tinymce panel-first-child\" data-index=\"13\" ><h3 class=\"widget-title\">Klartext:<\/h3><div class=\"textwidget\"><hr \/>\n<p><span style=\"color: #000000;\"><span style=\"caret-color: #000000;\">Das Preis\/Leistung Verh\u00e4ltnis ist sicher grenzwertig und wer nur einen Stopp an der Lodge macht, kann auch so den Blick bei einem k\u00fchlen Getr\u00e4nk genie\u00dfen. Gut, den Sonnenuntergang sieht man dann nicht an diesem Ort aber es gibt es auch viele andere Pl\u00e4tze in der N\u00e4he mit toller Aussicht und besserer\u00a0K\u00fcche.<\/span><\/span><\/p>\n<p>&nbsp;<\/p>\n<p>&nbsp;<\/p>\n<p>&nbsp;<\/p>\n<\/div><\/div><div id=\"panel-7463-2-0-1\" class=\"so-panel widget widget_black-studio-tinymce widget_black_studio_tinymce panel-last-child\" data-index=\"14\" ><div class=\"textwidget\"><p><img loading=\"lazy\" decoding=\"async\" class=\"aligncenter size-full wp-image-7472\" src=\"http:\/\/kruste.selfhost.me\/wordpress\/wp-content\/uploads\/2020\/07\/BOT1863-scaled.jpg\" alt=\"\" width=\"2560\" height=\"1022\" srcset=\"http:\/\/kruste.selfhost.me\/wordpress\/wp-content\/uploads\/2020\/07\/BOT1863-scaled.jpg 2560w, http:\/\/kruste.selfhost.me\/wordpress\/wp-content\/uploads\/2020\/07\/BOT1863-300x120.jpg 300w, http:\/\/kruste.selfhost.me\/wordpress\/wp-content\/uploads\/2020\/07\/BOT1863-1024x409.jpg 1024w, http:\/\/kruste.selfhost.me\/wordpress\/wp-content\/uploads\/2020\/07\/BOT1863-150x60.jpg 150w, http:\/\/kruste.selfhost.me\/wordpress\/wp-content\/uploads\/2020\/07\/BOT1863-768x307.jpg 768w, http:\/\/kruste.selfhost.me\/wordpress\/wp-content\/uploads\/2020\/07\/BOT1863-1536x613.jpg 1536w, http:\/\/kruste.selfhost.me\/wordpress\/wp-content\/uploads\/2020\/07\/BOT1863-2048x818.jpg 2048w\" sizes=\"auto, (max-width: 2560px) 100vw, 2560px\" \/><\/p>\n<\/div><\/div><\/div><\/div><\/div>","protected":false},"excerpt":{"rendered":"<p>Das Onkoshi Camp ist eher eine unbekannte Lodge im Etosha National Park. Okoshi liegt etwas abseits der normalen Strecken\u00a0direkt an der gro\u00dfen Etosha Pan und<\/p>\n","protected":false},"author":1,"featured_media":0,"parent":834,"menu_order":0,"comment_status":"closed","ping_status":"closed","template":"","meta":{"footnotes":""},"class_list":["post-7463","page","type-page","status-publish","hentry"],"_links":{"self":[{"href":"http:\/\/kruste.selfhost.me\/wordpress\/index.php?rest_route=\/wp\/v2\/pages\/7463","targetHints":{"allow":["GET"]}}],"collection":[{"href":"http:\/\/kruste.selfhost.me\/wordpress\/index.php?rest_route=\/wp\/v2\/pages"}],"about":[{"href":"http:\/\/kruste.selfhost.me\/wordpress\/index.php?rest_route=\/wp\/v2\/types\/page"}],"author":[{"embeddable":true,"href":"http:\/\/kruste.selfhost.me\/wordpress\/index.php?rest_route=\/wp\/v2\/users\/1"}],"replies":[{"embeddable":true,"href":"http:\/\/kruste.selfhost.me\/wordpress\/index.php?rest_route=%2Fwp%2Fv2%2Fcomments&post=7463"}],"version-history":[{"count":1,"href":"http:\/\/kruste.selfhost.me\/wordpress\/index.php?rest_route=\/wp\/v2\/pages\/7463\/revisions"}],"predecessor-version":[{"id":7466,"href":"http:\/\/kruste.selfhost.me\/wordpress\/index.php?rest_route=\/wp\/v2\/pages\/7463\/revisions\/7466"}],"up":[{"embeddable":true,"href":"http:\/\/kruste.selfhost.me\/wordpress\/index.php?rest_route=\/wp\/v2\/pages\/834"}],"wp:attachment":[{"href":"http:\/\/kruste.selfhost.me\/wordpress\/index.php?rest_route=%2Fwp%2Fv2%2Fmedia&parent=7463"}],"curies":[{"name":"wp","href":"https:\/\/api.w.org\/{rel}","templated":true}]}}